{"id":1751,"date":"2020-11-26T15:29:04","date_gmt":"2020-11-26T14:29:04","guid":{"rendered":"http:\/\/vehicleregistrationscostadelsol.com\/?page_id=1751"},"modified":"2026-02-10T18:47:54","modified_gmt":"2026-02-10T17:47:54","slug":"itv-tester-mijas","status":"publish","type":"page","link":"https:\/\/vehicleregistrationscostadelsol.com\/da\/itv-tests-mijas\/","title":{"rendered":"ITV tester Mijas 1# Book Cita \u2013 Super hurtig"},"content":{"rendered":"<p>Vi tilbyder praktiske ITV-tjenester i Mijas, herunder booking af aftaler, gennemf\u00f8relse af ITV-testen for dig og endda afhentning og aflevering af din bil, hvis det er lokalt og muligt. Uanset om du har brug for fuld omregistrering til spanske nummerplader eller bare en hurtig ITV-test af din spanske bil, har vi styr p\u00e5 det. De fleste af vores bookinger er p\u00e5 ITV-inspektionscentret i Mijas.<\/p><div id=\"ez-toc-container\" class=\"ez-toc-v2_0_82_2 counter-hierarchy ez-toc-counter ez-toc-grey ez-toc-container-direction\">\n<div class=\"ez-toc-title-container\">\n<p class=\"ez-toc-title\" style=\"cursor:inherit\">Indholdsfortegnelse<\/p>\n<span class=\"ez-toc-title-toggle\"><a href=\"#\" class=\"ez-toc-pull-right ez-toc-btn ez-toc-btn-xs ez-toc-btn-default ez-toc-toggle\" aria-label=\"Toggle indholdsfortegnelse\"><span class=\"ez-toc-js-icon-con\"><span class=\"\"><span class=\"eztoc-hide\" style=\"display:none;\">Toggle<\/span><span class=\"ez-toc-icon-toggle-span\"><svg style=\"fill: #999;color:#999\" xmlns=\"http:\/\/www.w3.org\/2000\/svg\" class=\"list-377408\" width=\"20px\" height=\"20px\" viewbox=\"0 0 24 24\" fill=\"none\"><path d=\"M6 6H4v2h2V6zm14 0H8v2h12V6zM4 11h2v2H4v-2zm16 0H8v2h12v-2zM4 16h2v2H4v-2zm16 0H8v2h12v-2z\" fill=\"currentColor\"><\/path><\/svg><svg style=\"fill: #999;color:#999\" class=\"arrow-unsorted-368013\" xmlns=\"http:\/\/www.w3.org\/2000\/svg\" width=\"10px\" height=\"10px\" viewbox=\"0 0 24 24\" version=\"1.2\" baseprofile=\"tiny\"><path d=\"M18.2 9.3l-6.2-6.3-6.2 6.3c-.2.2-.3.4-.3.7s.1.5.3.7c.2.2.4.3.7.3h11c.3 0 .5-.1.7-.3.2-.2.3-.5.3-.7s-.1-.5-.3-.7zM5.8 14.7l6.2 6.3 6.2-6.3c.2-.2.3-.5.3-.7s-.1-.5-.3-.7c-.2-.2-.4-.3-.7-.3h-11c-.3 0-.5.1-.7.3-.2.2-.3.5-.3.7s.1.5.3.7z\"\/><\/svg><\/span><\/span><\/span><\/a><\/span><\/div>\n<nav><ul class='ez-toc-list ez-toc-list-level-1 eztoc-toggle-hide-by-default' ><li class='ez-toc-page-1 ez-toc-heading-level-2'><a class=\"ez-toc-link ez-toc-heading-1\" href=\"https:\/\/vehicleregistrationscostadelsol.com\/da\/itv-tests-mijas\/#ITV_Appointments_Mijas\" >ITV Udn\u00e6vnelser Mijas<\/a><\/li><li class='ez-toc-page-1 ez-toc-heading-level-2'><a class=\"ez-toc-link ez-toc-heading-2\" href=\"https:\/\/vehicleregistrationscostadelsol.com\/da\/itv-tests-mijas\/#What_documents_are_needed_for_an_ITV_inspection_in_Spain\" >Hvilke dokumenter skal man bruge til en ITV-inspektion i Spanien?<\/a><ul class='ez-toc-list-level-3' ><li class='ez-toc-heading-level-3'><a class=\"ez-toc-link ez-toc-heading-3\" href=\"https:\/\/vehicleregistrationscostadelsol.com\/da\/itv-tests-mijas\/#Do_you_put_the_car_through_the_ITV_Tests_Mijas\" >S\u00e6tter du bilen igennem ITV Tests Mijas?<\/a><ul class='ez-toc-list-level-4' ><li class='ez-toc-heading-level-4'><a class=\"ez-toc-link ez-toc-heading-4\" href=\"https:\/\/vehicleregistrationscostadelsol.com\/da\/itv-tests-mijas\/#Do_you_offer_a_service_to_register_non_spanish_vehicles_in_Spain_also\" >Tilbyder I ogs\u00e5 en service til registrering af ikke-spanske k\u00f8ret\u00f8jer i Spanien?<\/a><ul class='ez-toc-list-level-5' ><li class='ez-toc-heading-level-5'><a class=\"ez-toc-link ez-toc-heading-5\" href=\"https:\/\/vehicleregistrationscostadelsol.com\/da\/itv-tests-mijas\/#Can_you_source_headlights\" >Kan du k\u00f8be forlygter?<\/a><ul class='ez-toc-list-level-6' ><li class='ez-toc-heading-level-6'><a class=\"ez-toc-link ez-toc-heading-6\" href=\"https:\/\/vehicleregistrationscostadelsol.com\/da\/itv-tests-mijas\/#What_ITV_tests_are_performed_at_the_ITV_appointment_Mijas\" >Hvilke ITV-test udf\u00f8res ved ITV-aftalen Mijas?<\/a><\/li><\/ul><\/li><li class='ez-toc-page-1 ez-toc-heading-level-5'><a class=\"ez-toc-link ez-toc-heading-7\" href=\"https:\/\/vehicleregistrationscostadelsol.com\/da\/itv-tests-mijas\/#ITV_appointment_online\" >ITV aftale online<\/a><\/li><li class='ez-toc-page-1 ez-toc-heading-level-5'><a class=\"ez-toc-link ez-toc-heading-8\" href=\"https:\/\/vehicleregistrationscostadelsol.com\/da\/itv-tests-mijas\/#What_if_the_ITV_fails\" >Hvad hvis ITV fejler?<\/a><\/li><\/ul><\/li><\/ul><\/li><\/ul><\/li><\/ul><\/nav><\/div>\n\n\n\n\n<h2 class=\"wp-block-heading\"><span class=\"ez-toc-section\" id=\"ITV_Appointments_Mijas\"><\/span>ITV Udn\u00e6vnelser Mijas <span class=\"ez-toc-section-end\"><\/span><\/h2>\n\n\n\n<p>Vi booker k\u00f8ret\u00f8jet til test, vi skal have det gr\u00f8nne registreringsdokument sendt til os, og du skal have b\u00e5de det gr\u00f8nne dokument og del B af ITV-dokumentet til testen. Oplysningerne p\u00e5 bilens dokumenter g\u00f8r det muligt for os at booke testen, og vi sender en bekr\u00e6ftelse til dig med tid og dato for aftalen. Vi m\u00f8der dig p\u00e5 ITV-stationen og udf\u00f8rer testen for dig. Hvis k\u00f8ret\u00f8jet dumper, booker og gennemf\u00f8rer vi ogs\u00e5 den anden test sammen med dig. <\/p>\n\n\n\n<h2 class=\"wp-block-heading\"><span class=\"ez-toc-section\" id=\"What_documents_are_needed_for_an_ITV_inspection_in_Spain\"><\/span>Hvilke dokumenter skal man bruge til en ITV-inspektion i Spanien?<span class=\"ez-toc-section-end\"><\/span><\/h2>\n\n\n\n<ul class=\"wp-block-list\">\n<li>Det gr\u00f8nne k\u00f8ret\u00f8jsreguleringsdokument <\/li>\n\n\n\n<li>ITV-dokumentets del B <\/li>\n\n\n\n<li>Et bankkort til betaling af ITV, kontanter accepteres ikke. <\/li>\n<\/ul>\n\n\n\n<h3 class=\"wp-block-heading\"><span class=\"ez-toc-section\" id=\"Do_you_put_the_car_through_the_ITV_Tests_Mijas\"><\/span>S\u00e6tter du bilen igennem ITV Tests Mijas? <span class=\"ez-toc-section-end\"><\/span><\/h3>\n\n\n\n<p>Vi tilbyder et grundl\u00e6ggende pr\u00e6-ITV-tjek af dit k\u00f8ret\u00f8j fra vores kontor i Fuengirola, inden du booker din ITV-test, som vi udf\u00f8rer for dig. <strong>Vi tager ogs\u00e5 bilen igennem ITV-testen for dig<\/strong>. Dette er en stor sag, da det betyder, at vi \u00f8ger chancerne for, at din bil passerer <a aria-label=\"ITV -test (\u00e5bner i en ny fane)\" class=\"rank-math-link\" href=\"https:\/\/itvcitaprevia.es\/estaciones-itv\/andalucia\/malaga\/mijas-las-lagunas\/\" target=\"_blank\" rel=\"noreferrer noopener\" data-schema-attribute=\"mentions\">ITV test<\/a> Mijas.  Vi har bogstaveligt talt sendt hundredvis af biler gennem det spanske ITV i \u00e5renes l\u00f8b, og vi kender processen ud og ind. <\/p>\n\n\n\n<p>Du har to muligheder for at m\u00f8de os: enten p\u00e5 ITV-centret, eller vi kan k\u00f8re din bil derhen, forudsat at din forsikring tillader os at k\u00f8re den. N\u00e5r ITV-testene er f\u00e6rdige, returnerer vi din bil til dig. Der er et ekstra gebyr for afhentning og aflevering, eller du kan v\u00e6lge den mere overkommelige mulighed for at m\u00f8de os p\u00e5 ITV-stationen.<\/p>\n\n\n\n<h4 class=\"wp-block-heading\"><span class=\"ez-toc-section\" id=\"Do_you_offer_a_service_to_register_non_spanish_vehicles_in_Spain_also\"><\/span>Tilbyder I ogs\u00e5 en service til registrering af ikke-spanske k\u00f8ret\u00f8jer i Spanien?<span class=\"ez-toc-section-end\"><\/span><\/h4>\n\n\n\n<p>Ja, tilbuddet, bilen, papirarbejdet, Ficha technica, bestilling og montering af nummerplader, det gratis tilbud, mekanikerne, tjekket f\u00f8r ITV-testen, afgifterne, DGT (traffico) - i bund og grund skal du bare vide, hvor vi er med dit k\u00f8ret\u00f8j. Vi f\u00f8ler, at vi er uovertrufne p\u00e5 kysten, og det er ikke bare en hj\u00e6lpende h\u00e5nd med papirarbejdet, vi g\u00f8r bogstaveligt talt hele servicen for dig. <\/p>\n\n\n\n<p>Hvis du har brug for en hurtig ITV-aftale i Mijas, kan vi hj\u00e6lpe. Vi kan booke aftalen for dig. Eller vi kan lave ITV-aftalen for dig. Hvis du \u00f8nsker, at vi skal hente bilen og k\u00f8re den for dig, tilbyder vi ogs\u00e5 denne service. Denne service er til, hvis du har brug for hele omregistreringen til spanske plader, eller hvis du bare har brug for en hurtig ITV, og du ikke har lyst til at g\u00f8re det selv. I s\u00e5 fald booker vi ITV-testene for dig. De fleste af de ITV-tests, vi booker, er p\u00e5 ITV-v\u00e6rkstedet i Mijas. <\/p>\n\n\n\n<h5 class=\"wp-block-heading\"><span class=\"ez-toc-section\" id=\"Can_you_source_headlights\"><\/span>Kan du k\u00f8be forlygter?<span class=\"ez-toc-section-end\"><\/span><\/h5>\n\n\n\n<p>Ja, vi kan hente, tilpasse og tilpasse h\u00f8jden p\u00e5 forlygterne for at best\u00e5 ITV-testen. P\u00e5 ITV-centret er de meget optaget af lysene. Det kan v\u00e6re en fejl blot p\u00e5 nogle mindre justeringer. Vi kan ogs\u00e5 k\u00f8be t\u00e5ge- og baklygter, hvis de er n\u00f8dvendige, selvom disse normalt er ok p\u00e5 EU-biler, der er venstrestyret. <\/p>\n\n\n\n<h6 class=\"wp-block-heading\"><span class=\"ez-toc-section\" id=\"What_ITV_tests_are_performed_at_the_ITV_appointment_Mijas\"><\/span>Hvilke ITV-test udf\u00f8res ved ITV-aftalen Mijas?<span class=\"ez-toc-section-end\"><\/span><\/h6>\n\n\n\n<p>Efter at have fremvist papirerne p\u00e5 ITV-centret, venter du p\u00e5, at din bil bliver kaldt til en vognbane. Derefter tjekker de f\u00f8rst forlygterne. Derefter tjekker de bilens emissioner, d\u00e6kkene inklusive d\u00e6kkenes belastning og de matcher. VIN-nummeret, indikatorerne, farerne, lysene fra forlygterne, sp\u00e6ndeskiverne. Eventuelle \u00e6ndringer, baglygterne, t\u00e5gen, bakgen og farerne igen bag p\u00e5 bilen. <\/p>\n\n\n\n<p>Din bil s\u00e6ttes derefter p\u00e5 den rullende vej, hvor du skal trykke forsigtigt p\u00e5 bremserne, indtil de er p\u00e5 et bestemt punkt. Derefter skal du trykke h\u00e5rdere p\u00e5 bremserne, hvilket m\u00e5ler bremsernes effektivitet, dette g\u00f8res for for-, bag- og h\u00e5ndbremse. Den sidste del af testen er at k\u00f8re over pitten, hvor du bev\u00e6ger rattet fra side til side, og ITV-teknikeren kontrollerer dine bremser og affjedring. <\/p>\n\n\n\n<p>Dette er nogle af processerne, f\u00f8r du finder ud af, om dit k\u00f8ret\u00f8j har best\u00e5et ITV-testene. Hvis det fejler, fort\u00e6ller de dig hvorfor, og du har 60 dage til at rette op p\u00e5 fejlene. Gentesten er gratis. <a href=\"https:\/\/vehicleregistrationscostadelsol.com\/da\/kontakt\/\" data-type=\"page\" data-id=\"649\">Kontakt os i dag<\/a><\/p>\n\n\n\n<h5 class=\"wp-block-heading\"><span class=\"ez-toc-section\" id=\"ITV_appointment_online\"><\/span>ITV aftale online<span class=\"ez-toc-section-end\"><\/span><\/h5>\n\n\n\n<p>Du har m\u00e5ske pr\u00f8vet at bestille en ITV-tid online. Valgmulighederne er m\u00e5ske meget begr\u00e6nsede. Ikke alene kan vi booke dig en ITV-aftale online, vi f\u00e5r den ekstra v\u00e6rdi ved at bruge mange andre ITV-stationer end ITV-aftalen Mijas. Det betyder, at vi har valget, og vi har gode relationer til personalet p\u00e5 centrene. De kender os, da vi tager mange biler gennem testen hver uge. Derfor kan vi nogle gange f\u00e5 tidligere godkendelser til din ITV-aftale online. <\/p>\n\n\n\n<p>Vi kan starte med at du laver en foresp\u00f8rgsel til os. Vi h\u00f8rer, at n\u00e5r vi pr\u00f8ver at booke en ITV-test i dag, kommer nogle datoer tilbage i slutningen af februar\/marts. Dette betyder, at du muligvis k\u00f8rer dit k\u00f8ret\u00f8j ulovligt i Spanien uden et gyldigt ITV-m\u00e6rkat eller certifikat. Dette kan f\u00e5 dit k\u00f8ret\u00f8j beslaglagt af det spanske politi. <\/p>\n\n\n\n<h5 class=\"wp-block-heading\"><span class=\"ez-toc-section\" id=\"What_if_the_ITV_fails\"><\/span>Hvad hvis ITV fejler?<span class=\"ez-toc-section-end\"><\/span><\/h5>\n\n\n\n<p>Vi hj\u00e6lper gerne med eventuelle reparationer, der m\u00e5tte v\u00e6re n\u00f8dvendige for at f\u00e5 ITV-testene til et positivt resultat. Vi leverer derefter en service til at ombooke en mislykket test, og vi vil (mod omkostning) bestille gentesten og gentesten for dig. Vi arbejder med mange kvalificerede og vigtigst af alt &#039;fair&#039; mekanikere p\u00e5 Costa del Sol. dette g\u00f8r det muligt for os at g\u00f8re dit k\u00f8ret\u00f8j klar til gentesten, uden at du bliver snydt. <\/p>\n\n\n\n<p>Dette er en stor sag, da der desv\u00e6rre er mange skruppell\u00f8se virksomheder, der kan drage fordel af situationen. Alle vores mekanikere (fra Fuengirola til Estepona) er grundigt unders\u00f8gt, og vi ville aldrig anbefale nogen, vi ikke kender eller har arbejdet med regelm\u00e6ssigt f\u00f8r. <\/p>","protected":false},"excerpt":{"rendered":"<p>We provide convenient ITV services in Mijas, including booking appointments, completing the ITV test for you, and even offering pick-up and drop-off for your car if local and if possible. Whether you need full matriculation onto Spanish plates or just a quick ITV test on your Spanish vehicle, we&#8217;ve got you covered. Most of our [&hellip;]<\/p>\n","protected":false},"author":1,"featured_media":0,"parent":0,"menu_order":0,"comment_status":"closed","ping_status":"closed","template":"","meta":{"site-sidebar-layout":"default","site-content-layout":"default","ast-site-content-layout":"default","site-content-style":"default","site-sidebar-style":"default","ast-global-header-display":"","ast-banner-title-visibility":"","ast-main-header-display":"","ast-hfb-above-header-display":"","ast-hfb-below-header-display":"","ast-hfb-mobile-header-display":"","site-post-title":"","ast-breadcrumbs-content":"","ast-featured-img":"","footer-sml-layout":"","ast-disable-related-posts":"","theme-transparent-header-meta":"default","adv-header-id-meta":"","stick-header-meta":"","header-above-stick-meta":"","header-main-stick-meta":"","header-below-stick-meta":"","astra-migrate-meta-layouts":"set","ast-page-background-enabled":"default","ast-page-background-meta":{"desktop":{"background-color":"","background-image":"","background-repeat":"repeat","background-position":"center center","background-size":"auto","background-attachment":"scroll","background-type":"","background-media":"","overlay-type":"","overlay-color":"","overlay-opacity":"","overlay-gradient":""},"tablet":{"background-color":"","background-image":"","background-repeat":"repeat","background-position":"center center","background-size":"auto","background-attachment":"scroll","background-type":"","background-media":"","overlay-type":"","overlay-color":"","overlay-opacity":"","overlay-gradient":""},"mobile":{"background-color":"","background-image":"","background-repeat":"repeat","background-position":"center center","background-size":"auto","background-attachment":"scroll","background-type":"","background-media":"","overlay-type":"","overlay-color":"","overlay-opacity":"","overlay-gradient":""}},"ast-content-background-meta":{"desktop":{"background-color":"var(--ast-global-color-5)","background-image":"","background-repeat":"repeat","background-position":"center center","background-size":"auto","background-attachment":"scroll","background-type":"","background-media":"","overlay-type":"","overlay-color":"","overlay-opacity":"","overlay-gradient":""},"tablet":{"background-color":"var(--ast-global-color-5)","background-image":"","background-repeat":"repeat","background-position":"center center","background-size":"auto","background-attachment":"scroll","background-type":"","background-media":"","overlay-type":"","overlay-color":"","overlay-opacity":"","overlay-gradient":""},"mobile":{"background-color":"var(--ast-global-color-5)","background-image":"","background-repeat":"repeat","background-position":"center center","background-size":"auto","background-attachment":"scroll","background-type":"","background-media":"","overlay-type":"","overlay-color":"","overlay-opacity":"","overlay-gradient":""}},"footnotes":""},"class_list":["post-1751","page","type-page","status-publish","hentry"],"_links":{"self":[{"href":"https:\/\/vehicleregistrationscostadelsol.com\/da\/wp-json\/wp\/v2\/pages\/1751","targetHints":{"allow":["GET"]}}],"collection":[{"href":"https:\/\/vehicleregistrationscostadelsol.com\/da\/wp-json\/wp\/v2\/pages"}],"about":[{"href":"https:\/\/vehicleregistrationscostadelsol.com\/da\/wp-json\/wp\/v2\/types\/page"}],"author":[{"embeddable":true,"href":"https:\/\/vehicleregistrationscostadelsol.com\/da\/wp-json\/wp\/v2\/users\/1"}],"replies":[{"embeddable":true,"href":"https:\/\/vehicleregistrationscostadelsol.com\/da\/wp-json\/wp\/v2\/comments?post=1751"}],"version-history":[{"count":1,"href":"https:\/\/vehicleregistrationscostadelsol.com\/da\/wp-json\/wp\/v2\/pages\/1751\/revisions"}],"predecessor-version":[{"id":3577,"href":"https:\/\/vehicleregistrationscostadelsol.com\/da\/wp-json\/wp\/v2\/pages\/1751\/revisions\/3577"}],"wp:attachment":[{"href":"https:\/\/vehicleregistrationscostadelsol.com\/da\/wp-json\/wp\/v2\/media?parent=1751"}],"curies":[{"name":"wp","href":"https:\/\/api.w.org\/{rel}","templated":true}]}}