{"id":1807,"date":"2020-12-01T20:42:42","date_gmt":"2020-12-01T19:42:42","guid":{"rendered":"http:\/\/vehicleregistrationscostadelsol.com\/?page_id=1807"},"modified":"2021-04-23T19:10:08","modified_gmt":"2021-04-23T17:10:08","slug":"udskiftning-af-forlygter-i-spanien-realignment","status":"publish","type":"page","link":"https:\/\/vehicleregistrationscostadelsol.com\/da\/changing-headlights-in-spain-realignment\/","title":{"rendered":"Skiftende forlygter i Spanien omstilling Great #1"},"content":{"rendered":"<div data-elementor-type=\"wp-page\" data-elementor-id=\"1807\" class=\"elementor elementor-1807\">\n\t\t\t\t\t\t<section class=\"elementor-section elementor-top-section elementor-element elementor-element-754ee66 elementor-section-boxed elementor-section-height-default elementor-section-height-default\" data-id=\"754ee66\" data-element_type=\"section\" data-e-type=\"section\">\n\t\t\t\t\t\t<div class=\"elementor-container elementor-column-gap-default\">\n\t\t\t\t\t<div class=\"elementor-column elementor-col-100 elementor-top-column elementor-element elementor-element-606d3029\" data-id=\"606d3029\" data-element_type=\"column\" data-e-type=\"column\">\n\t\t\t<div class=\"elementor-widget-wrap elementor-element-populated\">\n\t\t\t\t\t\t<div class=\"elementor-element elementor-element-66038a9e elementor-widget elementor-widget-text-editor\" data-id=\"66038a9e\" data-element_type=\"widget\" data-e-type=\"widget\" data-widget_type=\"text-editor.default\">\n\t\t\t\t\t\t\t\t\t<p><\/p><div id=\"ez-toc-container\" class=\"ez-toc-v2_0_82_2 counter-hierarchy ez-toc-counter ez-toc-grey ez-toc-container-direction\">\n<div class=\"ez-toc-title-container\">\n<p class=\"ez-toc-title\" style=\"cursor:inherit\">Indholdsfortegnelse<\/p>\n<span class=\"ez-toc-title-toggle\"><a href=\"#\" class=\"ez-toc-pull-right ez-toc-btn ez-toc-btn-xs ez-toc-btn-default ez-toc-toggle\" aria-label=\"Toggle indholdsfortegnelse\"><span class=\"ez-toc-js-icon-con\"><span class=\"\"><span class=\"eztoc-hide\" style=\"display:none;\">Toggle<\/span><span class=\"ez-toc-icon-toggle-span\"><svg style=\"fill: #999;color:#999\" xmlns=\"http:\/\/www.w3.org\/2000\/svg\" class=\"list-377408\" width=\"20px\" height=\"20px\" viewbox=\"0 0 24 24\" fill=\"none\"><path d=\"M6 6H4v2h2V6zm14 0H8v2h12V6zM4 11h2v2H4v-2zm16 0H8v2h12v-2zM4 16h2v2H4v-2zm16 0H8v2h12v-2z\" fill=\"currentColor\"><\/path><\/svg><svg style=\"fill: #999;color:#999\" class=\"arrow-unsorted-368013\" xmlns=\"http:\/\/www.w3.org\/2000\/svg\" width=\"10px\" height=\"10px\" viewbox=\"0 0 24 24\" version=\"1.2\" baseprofile=\"tiny\"><path d=\"M18.2 9.3l-6.2-6.3-6.2 6.3c-.2.2-.3.4-.3.7s.1.5.3.7c.2.2.4.3.7.3h11c.3 0 .5-.1.7-.3.2-.2.3-.5.3-.7s-.1-.5-.3-.7zM5.8 14.7l6.2 6.3 6.2-6.3c.2-.2.3-.5.3-.7s-.1-.5-.3-.7c-.2-.2-.4-.3-.7-.3h-11c-.3 0-.5.1-.7.3-.2.2-.3.5-.3.7s.1.5.3.7z\"\/><\/svg><\/span><\/span><\/span><\/a><\/span><\/div>\n<nav><ul class='ez-toc-list ez-toc-list-level-1' ><li class='ez-toc-page-1 ez-toc-heading-level-2'><a class=\"ez-toc-link ez-toc-heading-1\" href=\"https:\/\/vehicleregistrationscostadelsol.com\/da\/changing-headlights-in-spain-realignment\/#Headlight_Realignment_Spain\" >Forlygtejustering Spanien<\/a><\/li><li class='ez-toc-page-1 ez-toc-heading-level-2'><a class=\"ez-toc-link ez-toc-heading-2\" href=\"https:\/\/vehicleregistrationscostadelsol.com\/da\/changing-headlights-in-spain-realignment\/#Will_the_Headlight_stickers_that_change_the_beam_work\" >Vil forlygteklisterm\u00e6rkerne, der \u00e6ndrer lysstr\u00e5len, virke?<\/a><ul class='ez-toc-list-level-3' ><li class='ez-toc-heading-level-3'><a class=\"ez-toc-link ez-toc-heading-3\" href=\"https:\/\/vehicleregistrationscostadelsol.com\/da\/changing-headlights-in-spain-realignment\/#Can_you_provide_Changing_Headlights_In_Spain_Realignment\" >Kan du give skiftende forlygter i Spanien omjustering?<\/a><ul class='ez-toc-list-level-4' ><li class='ez-toc-heading-level-4'><a class=\"ez-toc-link ez-toc-heading-4\" href=\"https:\/\/vehicleregistrationscostadelsol.com\/da\/changing-headlights-in-spain-realignment\/#Are_the_headlights_under_warranty\" >Er forlygterne under garanti?<\/a><ul class='ez-toc-list-level-5' ><li class='ez-toc-heading-level-5'><a class=\"ez-toc-link ez-toc-heading-5\" href=\"https:\/\/vehicleregistrationscostadelsol.com\/da\/changing-headlights-in-spain-realignment\/#How_do_you_check_Changing_Headlights_In_Spain_Realignment\" >Hvordan tjekker du omstilling af forlygter i Spanien?<\/a><ul class='ez-toc-list-level-6' ><li class='ez-toc-heading-level-6'><a class=\"ez-toc-link ez-toc-heading-6\" href=\"https:\/\/vehicleregistrationscostadelsol.com\/da\/changing-headlights-in-spain-realignment\/#WhatsApp_us_for_a_free_quote_on_headlights_-_WE_DELIVER_TO_THE_WHOLE_OF_SPAIN\" >WhatsApp os for et gratis tilbud p\u00e5 forlygter - VI LEVERER TIL HELE SPANIEN<\/a><\/li><li class='ez-toc-page-1 ez-toc-heading-level-6'><a class=\"ez-toc-link ez-toc-heading-7\" href=\"https:\/\/vehicleregistrationscostadelsol.com\/da\/changing-headlights-in-spain-realignment\/#Click_below_and_we_will_find_headlights_or_headlight_realignment_for_you_cheap\" >Klik nedenfor, s\u00e5 finder vi forlygter, eller forlygtejustering til dig billigt<\/a><\/li><\/ul><\/li><\/ul><\/li><\/ul><\/li><\/ul><\/li><\/ul><\/nav><\/div>\n\n<p><strong>Skift af forlygter i Spanien<\/strong> af dine forlygter er n\u00f8dvendig, n\u00e5r du k\u00f8rer en britisk bil, og du s\u00e6tter din bil p\u00e5 spanske reg plader. Af natur peger forlygterne p\u00e5 din britiske bil i den modsatte retning fra kantstenen og dermed i retningen af modk\u00f8rende biler. Dette er naturligvis et problem, og som et resultat, n\u00e5r du registrerer din bil i Spanien og s\u00e6tter den igennem den spanske ITV, skal du have nye spanske forlygter for at g\u00f8re det muligt for bj\u00e6lkerne at vende mod kantstenen. <b>Vi leverer forlygter til hele Spanien.<\/b><\/p>\n<p><\/p>\n<h2 class=\"wp-block-heading\"><span class=\"ez-toc-section\" id=\"Headlight_Realignment_Spain\"><\/span>Forlygtejustering Spanien<span class=\"ez-toc-section-end\"><\/span><\/h2>\n<p><\/p>\n<p>Mange lys kan justeres igen. Forlygtejustering er ofte billigere end at k\u00f8be helt nye forlygter. Du kan k\u00f8re din bil til os, og vi kan tjekke dine forlygter for dig. Det kan vi g\u00f8re, mens vi laver dit GRATIS pr\u00e6 ITV-tjek. Vi vil fort\u00e6lle dig, om det er bedre at k\u00f8be nye forlygter (som vi kan hj\u00e6lpe med) eller f\u00e5 dine forlygter justeret, mens dine forlygter er blevet udskiftet eller justeret, kan vi ogs\u00e5 se p\u00e5 dine bak- og t\u00e5gelygter for at sikre, at de svigter ikke ITV. Forlygtejustering udf\u00f8res fra sag til sag.<\/p>\n<p><\/p>\n<h2 class=\"wp-block-heading\"><span class=\"ez-toc-section\" id=\"Will_the_Headlight_stickers_that_change_the_beam_work\"><\/span>Vil forlygteklisterm\u00e6rkerne, der \u00e6ndrer lysstr\u00e5len, virke?<span class=\"ez-toc-section-end\"><\/span><\/h2>\n<p><\/p>\n<p>Nej, de er midlertidigt en god m\u00e5de at hj\u00e6lpe andre chauff\u00f8rer p\u00e5, men de vil ikke best\u00e5 det spanske ITV. Simpelthen vil bilen med det samme fejle og skal stilles lige f\u00f8r en spansk ITV-gentest. Den eneste m\u00e5de at sikre best\u00e5et ITV er nye skiftende forlygter i Spanien Realignment.<\/p>\n<p><\/p>\n<h3 class=\"wp-block-heading\"><span class=\"ez-toc-section\" id=\"Can_you_provide_Changing_Headlights_In_Spain_Realignment\"><\/span>Kan du give skiftende forlygter i Spanien omjustering?<span class=\"ez-toc-section-end\"><\/span><\/h3>\n<p><\/p>\n<p>Ja, vi f\u00f8ler, at vi har kontakterne til at sl\u00e5 de fleste citater fra helt nye forlygter. Vi henter og f\u00e5r leveret til os eller direkte til dig hvor som helst i Spanien dine nye forlygter, og vi har en af vores kvalificerede mekanikere til lygterne til dig. K\u00f8ber du helt nye eller f\u00e5r dine forlygter omjusteret, kan vi f\u00e5 et tilbud p\u00e5 omjustering af forlygterne. Dette er ikke altid billigt og ikke altid muligt. <a class=\"rank-math-link\" href=\"https:\/\/vehicleregistrationscostadelsol.com\/da\/kontakt\/\" target=\"_blank\" rel=\"noreferrer noopener\" aria-label=\" (\u00e5bner i en ny fane)\" data-schema-attribute=\"about\">Kontakt os for et gratis tilbud p\u00e5 dine forlygter i dag<\/a>.<\/p>\n<p><\/p>\n<h4 class=\"wp-block-heading\"><span class=\"ez-toc-section\" id=\"Are_the_headlights_under_warranty\"><\/span>Er forlygterne under garanti?<span class=\"ez-toc-section-end\"><\/span><\/h4>\n<p><\/p>\n<p>De fleste af de forlygter, som vi leverer, har to \u00e5rs garanti. Vi sender dig ogs\u00e5 til en engelsktalende garage n\u00e6r ITV-centret i Mijas for at muligg\u00f8re monteringen af de nye spanske forlygter for at muligg\u00f8re overholdelse af <a class=\"rank-math-link\" href=\"https:\/\/www.itvcita.com\/Welcome.do\" target=\"_blank\" rel=\"noreferrer noopener\" aria-label=\"ITV-center (\u00e5bner i en ny fane)\">ITV center<\/a>. De vil v\u00e6re gran i garagen, og det er mekanikere, vi kender og stoler p\u00e5, for at udf\u00f8re arbejdet hurtigt og professionelt for at muligg\u00f8re <strong>Skift af forlygter i Spanien<\/strong>.<\/p>\n<p><\/p>\n<h5 class=\"wp-block-heading\"><span class=\"ez-toc-section\" id=\"How_do_you_check_Changing_Headlights_In_Spain_Realignment\"><\/span>Hvordan tjekker du omstilling af forlygter i Spanien?<span class=\"ez-toc-section-end\"><\/span><\/h5>\n<p><\/p>\n<p>Du bringer bilen til os, eller hvis lokale kan vi k\u00f8re for at tjekke dine forlygter. S\u00e5 tjekker vi hele Europa for at finde den bedste pris p\u00e5 nye udskiftningslygter til dit K\u00f8ret\u00f8j. Der findes flere forskellige typer forlygter,<\/p>\n<p><\/p>\n<ul class=\"wp-block-list\">\n<li>Xenon forlygter<\/li>\n<li>Halogen forlygter<\/li>\n<li>LED forlygter<\/li>\n<li>Reflektor &amp; Projektor Beam forlygter<\/li>\n<\/ul>\n<p><\/p>\n<p>Afh\u00e6ngigt af hvilke forlygter vi identificerer i dit k\u00f8ret\u00f8j, henter vi de billigste nye forlygter i Europa og f\u00e5r dem leveret til os selv. Priserne for de forlygter, der passer til den spanske ITV og udskiftning af t\u00e5ge- og baklygter er fra sag til sag. Nogle gange skal kofangeren fjernes, og nogle gange er det mere ligetil. Vores team af fuldt registrerede og kvalificerede mekanikere kan passe til dine nye spanske forlygter. Vi finder ud af, at vores priser for det meste er MEGET billigere end at g\u00e5 direkte til et v\u00e6rksted, da vi har mange kilder til at f\u00e5 fat i forlygterne til dig til udskiftning af forlygter i Spanien.<\/p>\n<p><\/p>\n<p>Vi k\u00f8ber vores forlygter i Spanien fra hele Europa, de bliver leveret til os meget hurtigt fra Spanien, Tyskland, endda Storbritannien. De fleste forlygter er under garanti i to \u00e5r. Og vi garanterer en refusion, hvis lygterne er forkerte. Vi har fremragende relationer med nogle af de bedste prissatte, nye spanske forlygteudbydere i verden. Det betyder, at du kan lave betydelige besparelser p\u00e5 at k\u00f8be forlygterne direkte fra v\u00e6rkstederne p\u00e5 Costa Del Sol. Ikke kun, at vi har et panel af engelsktalende mekanikere p\u00e5 Costa Del Sol, som vi alle har unders\u00f8gt grundigt, og som vi implicit stoler p\u00e5.<\/p>\n<p><\/p>\n<p><strong>Fremskridtene ved at bruge os til dine forlygteskift i Spanien?<\/strong><\/p>\n<p><\/p>\n<ul class=\"wp-block-list\">\n<li>Billigere forlygter uden at g\u00e5 p\u00e5 kompromis med kvaliteten<\/li>\n<li>Omfattende support<\/li>\n<li>Trusted Mechanics leveres<\/li>\n<li>Garanteret korrekte forlygter<\/li>\n<li>T\u00e5ge- og baklygter hentet<\/li>\n<li>De leveres direkte til os eller vi <b>levere til hele Spanien<\/b>.&nbsp;<\/li>\n<li>Vi henter din bil og tager den til lysmontering (ekstra omkostninger)<\/li>\n<li>Forlygtejustering hvis muligt<\/li>\n<\/ul>\n<p><\/p>\n<p>Udskiftning af forlygter i Spanien Omstilling beh\u00f8ver ikke at v\u00e6re en langvarig proces med stress involveret. Lad os g\u00f8re det h\u00e5rde arbejde for dig. <a href=\"https:\/\/vehicleregistrationscostadelsol.com\/da\/kontakt\/\" target=\"_blank\" rel=\"noopener\">Kontakt os<\/a> i dag, og vi vil give dig r\u00e5d, m\u00e5ske kan du k\u00f8re bilen til os, s\u00e5 tjekker vi den for dig.<\/p>\n<p><\/p>\t\t\t\t\t\t\t\t<\/div>\n\t\t\t\t<div class=\"elementor-element elementor-element-1cfad31 elementor-widget elementor-widget-menu-anchor\" data-id=\"1cfad31\" data-element_type=\"widget\" data-e-type=\"widget\" data-widget_type=\"menu-anchor.default\">\n\t\t\t\t\t\t\t<div class=\"elementor-menu-anchor\" id=\"freequoteheadlights\"><\/div>\n\t\t\t\t\t\t<\/div>\n\t\t\t\t\t<\/div>\n\t\t<\/div>\n\t\t\t\t\t<\/div>\n\t\t<\/section>\n\t\t\t\t<section class=\"elementor-section elementor-top-section elementor-element elementor-element-27bb09b4 elementor-section-boxed elementor-section-height-default elementor-section-height-default\" data-id=\"27bb09b4\" data-element_type=\"section\" data-e-type=\"section\" data-settings=\"{&quot;background_background&quot;:&quot;gradient&quot;}\">\n\t\t\t\t\t\t\t<div class=\"elementor-background-overlay\"><\/div>\n\t\t\t\t\t\t\t<div class=\"elementor-container elementor-column-gap-no\">\n\t\t\t\t\t<div class=\"elementor-column elementor-col-100 elementor-top-column elementor-element elementor-element-638fdecc\" data-id=\"638fdecc\" data-element_type=\"column\" data-e-type=\"column\" data-settings=\"{&quot;background_background&quot;:&quot;classic&quot;}\">\n\t\t\t<div class=\"elementor-widget-wrap elementor-element-populated\">\n\t\t\t\t\t\t<div class=\"elementor-element elementor-element-39a32909 elementor-widget elementor-widget-heading\" data-id=\"39a32909\" data-element_type=\"widget\" data-e-type=\"widget\" data-widget_type=\"heading.default\">\n\t\t\t\t\t<h6 class=\"elementor-heading-title elementor-size-default\"><span class=\"ez-toc-section\" id=\"WhatsApp_us_for_a_free_quote_on_headlights_-_WE_DELIVER_TO_THE_WHOLE_OF_SPAIN\"><\/span>WhatsApp os for et gratis tilbud p\u00e5 forlygter - <b>VI LEVERER TIL HELE SPANIEN<\/b><span class=\"ez-toc-section-end\"><\/span><\/h6>\t\t\t\t<\/div>\n\t\t\t\t<div class=\"elementor-element elementor-element-43b9784 elementor-widget-divider--view-line elementor-widget elementor-widget-divider\" data-id=\"43b9784\" data-element_type=\"widget\" data-e-type=\"widget\" data-widget_type=\"divider.default\">\n\t\t\t\t\t\t\t<div class=\"elementor-divider\">\n\t\t\t<span class=\"elementor-divider-separator\">\n\t\t\t\t\t\t<\/span>\n\t\t<\/div>\n\t\t\t\t\t\t<\/div>\n\t\t\t\t<div class=\"elementor-element elementor-element-394dde00 elementor-widget elementor-widget-heading\" data-id=\"394dde00\" data-element_type=\"widget\" data-e-type=\"widget\" data-widget_type=\"heading.default\">\n\t\t\t\t\t<h6 class=\"elementor-heading-title elementor-size-default\"><span class=\"ez-toc-section\" id=\"Click_below_and_we_will_find_headlights_or_headlight_realignment_for_you_cheap\"><\/span>Klik nedenfor, s\u00e5 finder vi forlygter, eller forlygtejustering til dig billigt<span class=\"ez-toc-section-end\"><\/span><\/h6>\t\t\t\t<\/div>\n\t\t\t\t<div class=\"elementor-element elementor-element-4a3aa860 elementor-align-center elementor-mobile-align-center elementor-widget elementor-widget-button\" data-id=\"4a3aa860\" data-element_type=\"widget\" data-e-type=\"widget\" data-widget_type=\"button.default\">\n\t\t\t\t\t\t\t\t\t\t<a class=\"elementor-button elementor-button-link elementor-size-md\" href=\"https:\/\/wa.me\/+34696337629?text=I&#039;m%20interested%20in%20your%20free%20headlight%20quote\" target=\"_blank\" rel=\"noopener\">\n\t\t\t\t\t\t<span class=\"elementor-button-content-wrapper\">\n\t\t\t\t\t\t<span class=\"elementor-button-icon\">\n\t\t\t\t<svg aria-hidden=\"true\" class=\"e-font-icon-svg e-far-calendar-check\" viewbox=\"0 0 448 512\" xmlns=\"http:\/\/www.w3.org\/2000\/svg\"><path d=\"M400 64h-48V12c0-6.627-5.373-12-12-12h-40c-6.627 0-12 5.373-12 12v52H160V12c0-6.627-5.373-12-12-12h-40c-6.627 0-12 5.373-12 12v52H48C21.49 64 0 85.49 0 112v352c0 26.51 21.49 48 48 48h352c26.51 0 48-21.49 48-48V112c0-26.51-21.49-48-48-48zm-6 400H54a6 6 0 0 1-6-6V160h352v298a6 6 0 0 1-6 6zm-52.849-200.65L198.842 404.519c-4.705 4.667-12.303 4.637-16.971-.068l-75.091-75.699c-4.667-4.705-4.637-12.303.068-16.971l22.719-22.536c4.705-4.667 12.303-4.637 16.97.069l44.104 44.461 111.072-110.181c4.705-4.667 12.303-4.637 16.971.068l22.536 22.718c4.667 4.705 4.636 12.303-.069 16.97z\"><\/path><\/svg>\t\t\t<\/span>\n\t\t\t\t\t\t\t\t\t<span class=\"elementor-button-text\">Gratis tilbud<\/span>\n\t\t\t\t\t<\/span>\n\t\t\t\t\t<\/a>\n\t\t\t\t\t\t\t\t<\/div>\n\t\t\t\t\t<\/div>\n\t\t<\/div>\n\t\t\t\t\t<\/div>\n\t\t<\/section>\n\t\t\t\t<\/div>","protected":false},"excerpt":{"rendered":"<p>Changing Headlights In Spain Realignment of your headlights is necessary when you drive a UK car and you are putting your car onto Spanish reg plates. By nature the headlights of your UK car point in the opposite direction from the curb hence into the direction of oncoming cars. This is obviously a problem and [&hellip;]<\/p>\n","protected":false},"author":1,"featured_media":2109,"parent":0,"menu_order":0,"comment_status":"closed","ping_status":"closed","template":"","meta":{"site-sidebar-layout":"default","site-content-layout":"default","ast-site-content-layout":"default","site-content-style":"default","site-sidebar-style":"default","ast-global-header-display":"","ast-banner-title-visibility":"","ast-main-header-display":"","ast-hfb-above-header-display":"","ast-hfb-below-header-display":"","ast-hfb-mobile-header-display":"","site-post-title":"","ast-breadcrumbs-content":"","ast-featured-img":"","footer-sml-layout":"","ast-disable-related-posts":"","theme-transparent-header-meta":"default","adv-header-id-meta":"","stick-header-meta":"","header-above-stick-meta":"","header-main-stick-meta":"","header-below-stick-meta":"","astra-migrate-meta-layouts":"default","ast-page-background-enabled":"default","ast-page-background-meta":{"desktop":{"background-color":"","background-image":"","background-repeat":"repeat","background-position":"center center","background-size":"auto","background-attachment":"scroll","background-type":"","background-media":"","overlay-type":"","overlay-color":"","overlay-opacity":"","overlay-gradient":""},"tablet":{"background-color":"","background-image":"","background-repeat":"repeat","background-position":"center center","background-size":"auto","background-attachment":"scroll","background-type":"","background-media":"","overlay-type":"","overlay-color":"","overlay-opacity":"","overlay-gradient":""},"mobile":{"background-color":"","background-image":"","background-repeat":"repeat","background-position":"center center","background-size":"auto","background-attachment":"scroll","background-type":"","background-media":"","overlay-type":"","overlay-color":"","overlay-opacity":"","overlay-gradient":""}},"ast-content-background-meta":{"desktop":{"background-color":"var(--ast-global-color-5)","background-image":"","background-repeat":"repeat","background-position":"center center","background-size":"auto","background-attachment":"scroll","background-type":"","background-media":"","overlay-type":"","overlay-color":"","overlay-opacity":"","overlay-gradient":""},"tablet":{"background-color":"var(--ast-global-color-5)","background-image":"","background-repeat":"repeat","background-position":"center center","background-size":"auto","background-attachment":"scroll","background-type":"","background-media":"","overlay-type":"","overlay-color":"","overlay-opacity":"","overlay-gradient":""},"mobile":{"background-color":"var(--ast-global-color-5)","background-image":"","background-repeat":"repeat","background-position":"center center","background-size":"auto","background-attachment":"scroll","background-type":"","background-media":"","overlay-type":"","overlay-color":"","overlay-opacity":"","overlay-gradient":""}},"footnotes":""},"class_list":["post-1807","page","type-page","status-publish","has-post-thumbnail","hentry"],"_links":{"self":[{"href":"https:\/\/vehicleregistrationscostadelsol.com\/da\/wp-json\/wp\/v2\/pages\/1807","targetHints":{"allow":["GET"]}}],"collection":[{"href":"https:\/\/vehicleregistrationscostadelsol.com\/da\/wp-json\/wp\/v2\/pages"}],"about":[{"href":"https:\/\/vehicleregistrationscostadelsol.com\/da\/wp-json\/wp\/v2\/types\/page"}],"author":[{"embeddable":true,"href":"https:\/\/vehicleregistrationscostadelsol.com\/da\/wp-json\/wp\/v2\/users\/1"}],"replies":[{"embeddable":true,"href":"https:\/\/vehicleregistrationscostadelsol.com\/da\/wp-json\/wp\/v2\/comments?post=1807"}],"version-history":[{"count":0,"href":"https:\/\/vehicleregistrationscostadelsol.com\/da\/wp-json\/wp\/v2\/pages\/1807\/revisions"}],"wp:featuredmedia":[{"embeddable":true,"href":"https:\/\/vehicleregistrationscostadelsol.com\/da\/wp-json\/wp\/v2\/media\/2109"}],"wp:attachment":[{"href":"https:\/\/vehicleregistrationscostadelsol.com\/da\/wp-json\/wp\/v2\/media?parent=1807"}],"curies":[{"name":"wp","href":"https:\/\/api.w.org\/{rel}","templated":true}]}}