{"id":1909,"date":"2020-12-20T15:56:00","date_gmt":"2020-12-20T14:56:00","guid":{"rendered":"https:\/\/vehicleregistrationscostadelsol.com\/?page_id=1909"},"modified":"2024-10-27T21:03:29","modified_gmt":"2024-10-27T20:03:29","slug":"gronne-nummerplader-spanien","status":"publish","type":"page","link":"https:\/\/vehicleregistrationscostadelsol.com\/da\/green-number-plates-spain\/","title":{"rendered":"Gr\u00f8nne nummerplader Spanien &#039;P&#039; plader 1# fantastisk"},"content":{"rendered":"<h2 class=\"wp-block-heading\"><span class=\"ez-toc-section\" id=\"Do_you_need_green_reg_plates_in_Spain\"><\/span>Har du brug for gr\u00f8nne tallerkener i Spanien?<span class=\"ez-toc-section-end\"><\/span><\/h2>\n\n\n\n<p>Hvis du planl\u00e6gger at k\u00f8re din bil lovligt med gr\u00f8nne nummerplader Spanien, skal du bestille dem fra det spanske DGT. De g\u00f8r det muligt for dig at k\u00f8re lovligt af \u00e5rsagerne til, at din forsikring i dit eget land kan v\u00e6re l\u00f8bet t\u00f8r, din MOT kan v\u00e6re l\u00f8bet t\u00f8r, eller dit k\u00f8ret\u00f8j kan v\u00e6re p\u00e5 SORN i Storbritannien eller EU -tilsvarende for EU -biler. Dit k\u00f8ret\u00f8j kan v\u00e6re lovligt at k\u00f8re i Spanien i en periode. Det er dog altid bedst at kontrollere, om du har brug for det <strong>Gr\u00f8nne nummerplader<\/strong>eller som de kalder det i Spanien \"placas verdes\"<\/p><div id=\"ez-toc-container\" class=\"ez-toc-v2_0_82_2 counter-hierarchy ez-toc-counter ez-toc-grey ez-toc-container-direction\">\n<div class=\"ez-toc-title-container\">\n<p class=\"ez-toc-title\" style=\"cursor:inherit\">Indholdsfortegnelse<\/p>\n<span class=\"ez-toc-title-toggle\"><a href=\"#\" class=\"ez-toc-pull-right ez-toc-btn ez-toc-btn-xs ez-toc-btn-default ez-toc-toggle\" aria-label=\"Toggle indholdsfortegnelse\"><span class=\"ez-toc-js-icon-con\"><span class=\"\"><span class=\"eztoc-hide\" style=\"display:none;\">Toggle<\/span><span class=\"ez-toc-icon-toggle-span\"><svg style=\"fill: #999;color:#999\" xmlns=\"http:\/\/www.w3.org\/2000\/svg\" class=\"list-377408\" width=\"20px\" height=\"20px\" viewbox=\"0 0 24 24\" fill=\"none\"><path d=\"M6 6H4v2h2V6zm14 0H8v2h12V6zM4 11h2v2H4v-2zm16 0H8v2h12v-2zM4 16h2v2H4v-2zm16 0H8v2h12v-2z\" fill=\"currentColor\"><\/path><\/svg><svg style=\"fill: #999;color:#999\" class=\"arrow-unsorted-368013\" xmlns=\"http:\/\/www.w3.org\/2000\/svg\" width=\"10px\" height=\"10px\" viewbox=\"0 0 24 24\" version=\"1.2\" baseprofile=\"tiny\"><path d=\"M18.2 9.3l-6.2-6.3-6.2 6.3c-.2.2-.3.4-.3.7s.1.5.3.7c.2.2.4.3.7.3h11c.3 0 .5-.1.7-.3.2-.2.3-.5.3-.7s-.1-.5-.3-.7zM5.8 14.7l6.2 6.3 6.2-6.3c.2-.2.3-.5.3-.7s-.1-.5-.3-.7c-.2-.2-.4-.3-.7-.3h-11c-.3 0-.5.1-.7.3-.2.2-.3.5-.3.7s.1.5.3.7z\"\/><\/svg><\/span><\/span><\/span><\/a><\/span><\/div>\n<nav><ul class='ez-toc-list ez-toc-list-level-1' ><li class='ez-toc-page-1 ez-toc-heading-level-2'><a class=\"ez-toc-link ez-toc-heading-1\" href=\"https:\/\/vehicleregistrationscostadelsol.com\/da\/green-number-plates-spain\/#Do_you_need_green_reg_plates_in_Spain\" >Har du brug for gr\u00f8nne tallerkener i Spanien?<\/a><\/li><li class='ez-toc-page-1 ez-toc-heading-level-2'><a class=\"ez-toc-link ez-toc-heading-2\" href=\"https:\/\/vehicleregistrationscostadelsol.com\/da\/green-number-plates-spain\/#Temporary_number_Plates_Spain\" >Midlertidig nummerplader Spanien<\/a><\/li><li class='ez-toc-page-1 ez-toc-heading-level-2'><a class=\"ez-toc-link ez-toc-heading-3\" href=\"https:\/\/vehicleregistrationscostadelsol.com\/da\/green-number-plates-spain\/#How_long_do_green_reg_plates_last\" >Hvor l\u00e6nge holder gr\u00f8nne reg plader?<\/a><ul class='ez-toc-list-level-3' ><li class='ez-toc-heading-level-3'><a class=\"ez-toc-link ez-toc-heading-4\" href=\"https:\/\/vehicleregistrationscostadelsol.com\/da\/green-number-plates-spain\/#Do_you_need_Spanish_insurance_for_Green_number_plates\" >Har du brug for spansk forsikring til gr\u00f8nne nummerplader?<\/a><ul class='ez-toc-list-level-4' ><li class='ez-toc-heading-level-4'><a class=\"ez-toc-link ez-toc-heading-5\" href=\"https:\/\/vehicleregistrationscostadelsol.com\/da\/green-number-plates-spain\/#How_long_do_green_number_plates_take\" >Hvor lang tid tager gr\u00f8nne nummerplader?<\/a><ul class='ez-toc-list-level-5' ><li class='ez-toc-heading-level-5'><a class=\"ez-toc-link ez-toc-heading-6\" href=\"https:\/\/vehicleregistrationscostadelsol.com\/da\/green-number-plates-spain\/#Do_the_police_pull_you_with_green_reg_plates\" >Tr\u00e6kker politiet dig med gr\u00f8nne tallerkener?<\/a><ul class='ez-toc-list-level-6' ><li class='ez-toc-heading-level-6'><a class=\"ez-toc-link ez-toc-heading-7\" href=\"https:\/\/vehicleregistrationscostadelsol.com\/da\/green-number-plates-spain\/#Are_the_green_number_plates_the_same_size_as_EU_and_UK_reg_plates\" >Er de gr\u00f8nne nummerplader den samme st\u00f8rrelse som EU og UK reg plader?<\/a><\/li><li class='ez-toc-page-1 ez-toc-heading-level-6'><a class=\"ez-toc-link ez-toc-heading-8\" href=\"https:\/\/vehicleregistrationscostadelsol.com\/da\/green-number-plates-spain\/#Can_you_get_an_extension_to_the_plates_if_they_expire\" >Kan man f\u00e5 forl\u00e6nget pladerne, hvis de udl\u00f8ber?<\/a><\/li><\/ul><\/li><\/ul><\/li><\/ul><\/li><\/ul><\/li><\/ul><\/nav><\/div>\n\n\n\n\n<h2 class=\"wp-block-heading\"><span class=\"ez-toc-section\" id=\"Temporary_number_Plates_Spain\"><\/span>Midlertidig nummerplader Spanien<span class=\"ez-toc-section-end\"><\/span><\/h2>\n\n\n\n<p>Hvad er forskellen p\u00e5 en midlertidig nummerplade og en gr\u00f8n nummerplade i Spanien? Ikke noget, det er pr\u00e6cis det samme. Gr\u00f8nne nummerplader, P-plader, midlertidige nummerplader eller placas verdes er alle udtryk, der ofte henvises til, n\u00e5r man taler om det samme produkt og den samme proces. De har pr\u00e6cis den samme funktion og de samme regler som hinanden.<\/p>\n\n\n\n<h2 class=\"wp-block-heading\"><span class=\"ez-toc-section\" id=\"How_long_do_green_reg_plates_last\"><\/span>Hvor l\u00e6nge holder gr\u00f8nne reg plader?<span class=\"ez-toc-section-end\"><\/span><\/h2>\n\n\n\n<p>Gr\u00f8nne reg plader giver dig mulighed for at k\u00f8re lovligt i Spanien i 60 dage. God tid til at f\u00e5 din bil matrikuleret p\u00e5 spanske plader, og tage din <a aria-label=\"ITV -test (\u00e5bner i en ny fane)\" rel=\"noreferrer noopener\" class=\"rank-math-link\" href=\"https:\/\/vehicleregistrationscostadelsol.com\/da\/itv-tests\/\" target=\"_blank\">ITV test<\/a>. 60 dage er mere end nok til at bestille en ITV og f\u00e5 din bil best\u00e5et, h\u00e5ndtere det spanske papirarbejde til dine gr\u00f8nne nummerplader og f\u00e5 leveret dine rigtige spanske reg plader og din bil nu <a aria-label=\"registreret (\u00e5bner i en ny fane)\" rel=\"noreferrer noopener\" class=\"rank-math-link\" href=\"http:\/\/www.dgt.es\/es\/\" target=\"_blank\">registreret<\/a> fuldt ud i Spanien. <\/p>\n\n\n\n<p><\/p>\n\n\n\n<h3 class=\"wp-block-heading\"><span class=\"ez-toc-section\" id=\"Do_you_need_Spanish_insurance_for_Green_number_plates\"><\/span>Har du brug for spansk forsikring til gr\u00f8nne nummerplader?<span class=\"ez-toc-section-end\"><\/span><\/h3>\n\n\n\n<p>Ja, s\u00e5 snart du har f\u00e5et de gr\u00f8nne reg.plader, skal du sikre dig nummeret, der er udstedt af DGT. Dette nummer vil v\u00e6re noget i stil med P 4321 BDP, du derefter (dig selv eller efter vores anbefaling) forsikrer dit k\u00f8ret\u00f8j p\u00e5 spanske gr\u00f8nne reg plader. Du \u00e6ndrer derefter nummeret med dit nye spanske forsikringsselskab, n\u00e5r de rigtige tallerkener ankommer med dit korrekte nye spanske reg pladenummer.<\/p>\n\n\n\n<h4 class=\"wp-block-heading\"><span class=\"ez-toc-section\" id=\"How_long_do_green_number_plates_take\"><\/span>Hvor lang tid tager gr\u00f8nne nummerplader?<span class=\"ez-toc-section-end\"><\/span><\/h4>\n\n\n\n<p>Hvis vi bestiller de gr\u00f8nne nummerplader til dig, tager det cirka en uge, f\u00f8r nummeret udstedes. DGT sender en e -mail med nummeret p\u00e5, s\u00e5 du kan bruge dette til at forsikre k\u00f8ret\u00f8jet. Derefter ankommer de fysiske plader nogle dage efter. Vi tilbyder en service til at sende kurerpladerne til dig, eller hvis du er t\u00e6t p\u00e5, l\u00e6gger vi tallerkenerne p\u00e5 din bil til dig. <\/p>\n\n\n\n<p>Montering af gr\u00f8nne plader er ikke sv\u00e6rt, mange biler er forskellige, men normalt er der 2\/4 skruer i dine nummerplader. fjern skruerne, tag den gamle nummerplade af, l\u00e6g den oven p\u00e5 den gr\u00f8nne plade og mark\u00e9r, hvor de gamle huller er skruet tilbage gennem disse huller p\u00e5 den nye gr\u00f8nne nummerplade. Dette g\u00f8r det muligt for skruerne at g\u00e5 gennem de eksisterende huller i bilen, s\u00e5 du ikke f\u00e5r nye huller, og jobbet skulle v\u00e6re lettere. Vi anbefaler at bruge selvsk\u00e6rende skruer. Vi g\u00f8r det normalt for dig, hvis du k\u00f8rer bilen til os, eller du er t\u00e6t p\u00e5, hvor vi er. <\/p>\n\n\n\n<h5 class=\"wp-block-heading\"><span class=\"ez-toc-section\" id=\"Do_the_police_pull_you_with_green_reg_plates\"><\/span>Tr\u00e6kker politiet dig med gr\u00f8nne tallerkener?<span class=\"ez-toc-section-end\"><\/span><\/h5>\n\n\n\n<p>Det er mere sandsynligt, at du bliver trukket tilbage af politiet med din landsnummerplade end gr\u00f8nne nummerplader. Politiet i Spanien er for eksempel godt klar over DVLA i Storbritannien. de kan meget let hale dig, bruge deres mobiltelefon og finde ud af p\u00e5 f\u00e5 sekunder, om din bil er forsikret, beskattet, modd eller p\u00e5 sorn i Storbritannien. Skulle noget af det ikke v\u00e6re korrekt, VIL du blive trukket tilbage, b\u00f8der, m\u00e5ske f\u00e5 bilen beslaglagt, og din forsikring vil blive anset for ugyldig. <\/p>\n\n\n\n<p>Du kan k\u00f8re k\u00f8ret\u00f8jet i Spanien p\u00e5 din britiske forsikring, hvis alt ovenst\u00e5ende er korrekt. Men at f\u00e5 gr\u00f8nne nummerplader Spanien kan m\u00e5ske hj\u00e6lpe dig med at undg\u00e5 store b\u00f8der eller u\u00f8nsket opm\u00e6rksomhed fra politiets side om lovligheden af det k\u00f8ret\u00f8j, du k\u00f8rer i Spanien. Hvis din bil har v\u00e6ret her i seks m\u00e5neder, s\u00e5 presser du virkelig p\u00e5 den.<\/p>\n\n\n\n<h6 class=\"wp-block-heading\"><span class=\"ez-toc-section\" id=\"Are_the_green_number_plates_the_same_size_as_EU_and_UK_reg_plates\"><\/span>Er de gr\u00f8nne nummerplader den samme st\u00f8rrelse som EU og UK reg plader?<span class=\"ez-toc-section-end\"><\/span><\/h6>\n\n\n\n<p>Ja, de er n\u00f8jagtig samme st\u00f8rrelse. Dette g\u00f8r det let at skifte pladerne, da du kan skrue igennem de eksisterende huller p\u00e5 dine nuv\u00e6rende nummerplader og markere et hul p\u00e5 den gr\u00f8nne nummerplade, som derefter skal betyde, at skruerne g\u00e5r ind i de eksisterende huller, s\u00e5 du ikke laver nye huller. Dette er tilf\u00e6ldet for b\u00e5de EU og UK nummerplader, n\u00e5r du monterer dine gr\u00f8nne reg plader. For mere information, download venligst vores informations -PDF om gr\u00f8nne nummerplader. <\/p>\n\n\n\n<h6 class=\"wp-block-heading\"><span class=\"ez-toc-section\" id=\"Can_you_get_an_extension_to_the_plates_if_they_expire\"><\/span>Kan man f\u00e5 forl\u00e6nget pladerne, hvis de udl\u00f8ber?<span class=\"ez-toc-section-end\"><\/span><\/h6>\n\n\n\n<p>Der findes en forl\u00e6ngelsesproces gennem DGT, men den er meget sv\u00e6r at f\u00e5 godkendt. Selv n\u00e5r inspektionerne i nogle tilf\u00e6lde har v\u00e6ret seks uger om at udstede en aftale, hvilket giver dig n\u00e6sten ingen tid til at afslutte processen inden for 60 dage, bliver de n\u00e6sten altid afvist. Vi er usikre p\u00e5, hvorfor det er tilf\u00e6ldet. <strong>Set i perspektiv har vi og vores juridiske repr\u00e6sentanter, der h\u00e5ndterer forl\u00e6ngelserne, indtil nu aldrig f\u00e5et en godkendelse. <\/strong><\/p>\n\n\n\n<figure class=\"wp-block-image size-large\"><img decoding=\"async\" width=\"430\" height=\"81\" src=\"https:\/\/vehicleregistrationscostadelsol.com\/wp-content\/uploads\/2020\/12\/Green-number-plates-1.jpg\" alt=\"Bilregistrering Costa del sol\" class=\"wp-image-1950\" title=\"Registrer din bil i Spanien\" srcset=\"https:\/\/vehicleregistrationscostadelsol.com\/wp-content\/uploads\/2020\/12\/Green-number-plates-1.jpg 430w, https:\/\/vehicleregistrationscostadelsol.com\/wp-content\/uploads\/2020\/12\/Green-number-plates-1-300x57.jpg 300w\" sizes=\"(max-width: 430px) 100vw, 430px\" \/><\/figure>\n\n\n\n<p><\/p>","protected":false},"excerpt":{"rendered":"<p>Do you need green reg plates in Spain? If you plan to drive your car legally with green number plates Spain you need to order them from the Spanish DGT. They enable you to drive drive legally for the reasons that your insurance in your own country may have run out, your MOT may have [&hellip;]<\/p>\n","protected":false},"author":1,"featured_media":2237,"parent":0,"menu_order":0,"comment_status":"closed","ping_status":"closed","template":"","meta":{"site-sidebar-layout":"default","site-content-layout":"default","ast-site-content-layout":"default","site-content-style":"default","site-sidebar-style":"default","ast-global-header-display":"","ast-banner-title-visibility":"","ast-main-header-display":"","ast-hfb-above-header-display":"","ast-hfb-below-header-display":"","ast-hfb-mobile-header-display":"","site-post-title":"","ast-breadcrumbs-content":"","ast-featured-img":"","footer-sml-layout":"","ast-disable-related-posts":"","theme-transparent-header-meta":"default","adv-header-id-meta":"","stick-header-meta":"","header-above-stick-meta":"","header-main-stick-meta":"","header-below-stick-meta":"","astra-migrate-meta-layouts":"set","ast-page-background-enabled":"default","ast-page-background-meta":{"desktop":{"background-color":"","background-image":"","background-repeat":"repeat","background-position":"center center","background-size":"auto","background-attachment":"scroll","background-type":"","background-media":"","overlay-type":"","overlay-color":"","overlay-opacity":"","overlay-gradient":""},"tablet":{"background-color":"","background-image":"","background-repeat":"repeat","background-position":"center center","background-size":"auto","background-attachment":"scroll","background-type":"","background-media":"","overlay-type":"","overlay-color":"","overlay-opacity":"","overlay-gradient":""},"mobile":{"background-color":"","background-image":"","background-repeat":"repeat","background-position":"center center","background-size":"auto","background-attachment":"scroll","background-type":"","background-media":"","overlay-type":"","overlay-color":"","overlay-opacity":"","overlay-gradient":""}},"ast-content-background-meta":{"desktop":{"background-color":"var(--ast-global-color-5)","background-image":"","background-repeat":"repeat","background-position":"center center","background-size":"auto","background-attachment":"scroll","background-type":"","background-media":"","overlay-type":"","overlay-color":"","overlay-opacity":"","overlay-gradient":""},"tablet":{"background-color":"var(--ast-global-color-5)","background-image":"","background-repeat":"repeat","background-position":"center center","background-size":"auto","background-attachment":"scroll","background-type":"","background-media":"","overlay-type":"","overlay-color":"","overlay-opacity":"","overlay-gradient":""},"mobile":{"background-color":"var(--ast-global-color-5)","background-image":"","background-repeat":"repeat","background-position":"center center","background-size":"auto","background-attachment":"scroll","background-type":"","background-media":"","overlay-type":"","overlay-color":"","overlay-opacity":"","overlay-gradient":""}},"footnotes":""},"class_list":["post-1909","page","type-page","status-publish","has-post-thumbnail","hentry"],"_links":{"self":[{"href":"https:\/\/vehicleregistrationscostadelsol.com\/da\/wp-json\/wp\/v2\/pages\/1909","targetHints":{"allow":["GET"]}}],"collection":[{"href":"https:\/\/vehicleregistrationscostadelsol.com\/da\/wp-json\/wp\/v2\/pages"}],"about":[{"href":"https:\/\/vehicleregistrationscostadelsol.com\/da\/wp-json\/wp\/v2\/types\/page"}],"author":[{"embeddable":true,"href":"https:\/\/vehicleregistrationscostadelsol.com\/da\/wp-json\/wp\/v2\/users\/1"}],"replies":[{"embeddable":true,"href":"https:\/\/vehicleregistrationscostadelsol.com\/da\/wp-json\/wp\/v2\/comments?post=1909"}],"version-history":[{"count":0,"href":"https:\/\/vehicleregistrationscostadelsol.com\/da\/wp-json\/wp\/v2\/pages\/1909\/revisions"}],"wp:featuredmedia":[{"embeddable":true,"href":"https:\/\/vehicleregistrationscostadelsol.com\/da\/wp-json\/wp\/v2\/media\/2237"}],"wp:attachment":[{"href":"https:\/\/vehicleregistrationscostadelsol.com\/da\/wp-json\/wp\/v2\/media?parent=1909"}],"curies":[{"name":"wp","href":"https:\/\/api.w.org\/{rel}","templated":true}]}}