{"id":1977,"date":"2021-01-13T15:06:57","date_gmt":"2021-01-13T14:06:57","guid":{"rendered":"https:\/\/vehicleregistrationscostadelsol.com\/?page_id=1977"},"modified":"2026-02-10T22:24:44","modified_gmt":"2026-02-10T21:24:44","slug":"indregistrering-af-en-eu-bil-i-spanien","status":"publish","type":"page","link":"https:\/\/vehicleregistrationscostadelsol.com\/da\/registering-an-eu-car-in-spain\/","title":{"rendered":"Registrering af en EU-bil i Spanien - omkostninger og info #1"},"content":{"rendered":"<img fetchpriority=\"high\" decoding=\"async\" src=\"https:\/\/vehicleregistrationscostadelsol.com\/wp-content\/uploads\/2024\/01\/Reister-an-EU-vehcile-in-Spain-1024x536.webp\" sizes=\"(max-width: 1024px) 100vw, 1024px\" srcset=\"https:\/\/vehicleregistrationscostadelsol.com\/wp-content\/uploads\/2024\/01\/Reister-an-EU-vehcile-in-Spain-1024x536.webp 1024w, https:\/\/vehicleregistrationscostadelsol.com\/wp-content\/uploads\/2024\/01\/Reister-an-EU-vehcile-in-Spain-300x157.webp 300w, https:\/\/vehicleregistrationscostadelsol.com\/wp-content\/uploads\/2024\/01\/Reister-an-EU-vehcile-in-Spain-768x402.webp 768w, https:\/\/vehicleregistrationscostadelsol.com\/wp-content\/uploads\/2024\/01\/Reister-an-EU-vehcile-in-Spain-18x9.webp 18w, https:\/\/vehicleregistrationscostadelsol.com\/wp-content\/uploads\/2024\/01\/Reister-an-EU-vehcile-in-Spain.webp 1200w\" alt=\"Registrering af EU-k\u00f8ret\u00f8jer i Spanien. Nem guide og information.\" width=\"1024\" height=\"536\" title=\"Registrer din bil i Spanien\">\n\nTrin til registrering af en EU-bil i Spanien. P\u00e5 denne side finder du mange v\u00e6rdifulde og informative oplysninger om, hvordan du indregistrerer din EU-bil i Spanien. Registrering af et EU-k\u00f8ret\u00f8j er normalt en ret ligetil proces. Generelt har EU-biler styret\u00f8jet i venstre side af bilen. Forlygterne peger i den rigtige retning til k\u00f8rsel p\u00e5 spanske veje. Og t\u00e5ge- og baglygterne sidder i den rigtige side.\n<h2><span class=\"ez-toc-section\" id=\"Top_steps_to_register_a_EU_vehicle_in_Spain\"><\/span>De vigtigste trin for at registrere et EU-k\u00f8ret\u00f8j i Spanien<span class=\"ez-toc-section-end\"><\/span><\/h2>\nFor at registrere dit udenlandske k\u00f8ret\u00f8j i Spanien skal du bruge de originale registreringsdokumenter, en Ficha Technica Reducia, en gyldig ITV-inspektion, pas, NIE-certifikat eller opholdskort og bevis for adresse i Spanien. Du skal betale de relevante myndigheder, prim\u00e6rt skattekontoret, DGT og r\u00e5dhuset.\n\n<!-- \/wp:post-content -->\n\n<!-- wp:heading -->\n<h2><span class=\"ez-toc-section\" id=\"Cost_of_registering_a_EU_car_in_Spain\"><\/span>Hvad koster det at indregistrere en EU-bil i Spanien?<span class=\"ez-toc-section-end\"><\/span><\/h2>\n<!-- \/wp:heading -->\n\n<!-- wp:paragraph -->\n\nEn udenlandsk bil med lav udledning koster ca. 900 euro at indregistrere i Spanien. Omkostningerne stiger dog afh\u00e6ngigt af k\u00f8ret\u00f8jets co2-emissioner. Det samme g\u00f8r v\u00e6gtafgiften og forsikringen, der beregnes ud fra bilens effekt og alder.\n\nMen alle biler er forskellige. Omkostningerne ved at indregistrere en udenlandsk bil i Spanien er opdelt i flere omkostninger. Emissionsafgifterne er forskellige for hver bil og bestemmes af G\/Km Co2 (gram pr. kilometer) og k\u00f8ret\u00f8jets alder.  Listen nedenfor viser de n\u00f8dvendige trin i omkostningerne.\n\n<!-- \/wp:paragraph -->\n\n<!-- wp:list -->\n<ul>\n \t<li>Trin 1 - Indhentning af et Ficha Technica - overensstemmelsescertifikat<\/li>\n \t<li>Trin 2 - En teknisk test med ITV-inspektion<\/li>\n \t<li>Trin 3 - Behandling af dokumentationen med DGT<\/li>\n \t<li>Trin 4 - Betal emissionsafgifterne til skattekontoret<\/li>\n \t<li>Trin 5 - Betal vejskat - IVTM betales p\u00e5 r\u00e5dhuset<\/li>\n \t<li>Trin 6 - Anmod om de fysiske nummerplader<\/li>\n \t<li>Trin 7 - Anmod om et ECO-m\u00e6rkat<\/li>\n<\/ul>\n<!-- \/wp:list -->\n\n<!-- wp:paragraph -->\n\nDer er forskellige emissionsafgifter fra nul til 1000 euro, afh\u00e6ngigt af om du k\u00f8rer i en lavemissionsbil eller en Ferrari.\n\n<!-- \/wp:paragraph -->\n\n<!-- wp:heading -->\n<h2><span class=\"ez-toc-section\" id=\"How_do_you_register_an_EU_car_in_Spain\"><\/span>Hvordan indregistrerer man en EU-bil i Spanien?<span class=\"ez-toc-section-end\"><\/span><\/h2>\n<!-- \/wp:heading -->\n\n<!-- wp:paragraph -->\n\nDet er en sv\u00e6r proces at indregistrere en EU-bil i Spanien, hvis du ikke har viden om, hvordan processen fungerer. Vi g\u00f8r absolut alt for dig fra start til slut, inklusive afgifter og papirarbejde, <a href=\"https:\/\/vehicleregistrationscostadelsol.com\/da\/\" target=\"_blank\" rel=\"noreferrer noopener\" aria-label=\"PRE ITV check GRATIS (\u00e5bner i en ny fane)\">PRE ITV-tjek GRATIS<\/a>, <a href=\"https:\/\/vehicleregistrationscostadelsol.com\/da\/itv-tester-mijas\/\" target=\"_blank\" rel=\"noreferrer noopener\" aria-label=\"ITV -test (\u00e5bner i en ny fane)\">ITV test<\/a> (bestil og opf\u00f8r) f\u00e5 gr\u00f8nne nummerplader, betal vejafgiften p\u00e5 dine vegne, f\u00e5 det nye k\u00f8ret\u00f8js papirer og og de spanske nummerplader, og vi monterer dem endda p\u00e5 bilen for dig, n\u00e5r vi modtager dem. Vi bestiller og monterer ogs\u00e5 gr\u00f8nne plader, s\u00e5 du kan k\u00f8re lovligt i Spanien, mens vi udf\u00f8rer hele servicen for registrering af en EU-bil i Spanien.\n\n<!-- \/wp:paragraph -->\n\n<!-- wp:image {\"id\":1970,\"sizeSlug\":\"large\"} -->\n<figure><\/figure>\n<!-- \/wp:image -->\n\n<!-- wp:heading {\"level\":4} -->\n<h4><span class=\"ez-toc-section\" id=\"Can_I_register_a_right_hand_drive_car_in_Spain\"><\/span>Kan jeg registrere en h\u00f8jrestyret bil i Spanien?<span class=\"ez-toc-section-end\"><\/span><\/h4>\n<!-- \/wp:heading -->\n\n<!-- wp:paragraph -->\n\nJa, alle h\u00f8jrestyrede h\u00f8jrestyrede k\u00f8ret\u00f8jer kan registreres i Spanien. S\u00e5 l\u00e6nge ITV testen er best\u00e5et og bilen er blevet tilpasset med <a href=\"https:\/\/vehicleregistrationscostadelsol.com\/da\/udskiftning-af-forlygter-i-spanien-realignment\/\" target=\"_blank\" rel=\"noreferrer noopener\" aria-label=\"forlygter (\u00e5bner i en ny fane)\">forlygte<\/a> omstilling, t\u00e5gelys, baklys og flere andre faktorer for at sikre dens egnethed til at k\u00f8re p\u00e5 spanske veje. EU-biler er ligetil. Britiske biler efter Brexit har brug for et nyt certifikat, men det kan stadig g\u00f8res uden problemer.\n\n<!-- \/wp:paragraph -->\n\n<!-- wp:heading {\"level\":5} -->\n<h5><span class=\"ez-toc-section\" id=\"Can_a_non_resident_register_an_EU_car_in_Spain\"><\/span>Kan en ikke-resident indregistrere en EU-bil i Spanien?<span class=\"ez-toc-section-end\"><\/span><\/h5>\n<!-- \/wp:heading -->\n\n<!-- wp:paragraph -->\n\nJa, du beh\u00f8ver ikke v\u00e6re bosiddende for at registrere din bil p\u00e5 spanske nummerplader. S\u00e5 l\u00e6nge k\u00f8ret\u00f8jet er forsikret og opdateret med dets k\u00f8ret\u00f8jssyn ITV, kan du efterlade bilen og bruge den, n\u00e5r du k\u00f8rer p\u00e5 de spanske veje. Du bliver registreret som ejer af k\u00f8ret\u00f8jet, og det vil have en spansk nummerplade. Du skal ogs\u00e5 holde dig ajour med din vejskat i Spanien.\n\n<!-- \/wp:paragraph -->\n\n<!-- wp:heading {\"level\":6} -->\n<h6><span class=\"ez-toc-section\" id=\"Do_you_offer_the_whole_service_for_Registering_An_EU_Car_In_Spain\"><\/span>Tilbyder du hele servicen til registrering af en EU-bil i Spanien<span class=\"ez-toc-section-end\"><\/span><\/h6>\n<!-- \/wp:heading -->\n\n<!-- wp:paragraph -->\n\nJa, en service, der s\u00e5 vidt vi ved, er uden sidestykke p\u00e5 kysten, inklusive et GRATIS ITV-tjek af dit k\u00f8ret\u00f8j. Mange virksomheder og gestorer h\u00e6vder at tilbyde en service til registrering af en EU-bil i Spanien, men mange ved ikke, hvordan de skal forberede bilen til indregistreringen. <a href=\"https:\/\/share.google\/N2SEjMQSj8RaJAr8b\" target=\"_blank\" rel=\"noopener\">ITV,<\/a> dele, forlygter, t\u00e5gelygter, baklys og justering af forlygter. De tilbyder bestemt ikke Ficha Technica-rapporten, booker og udf\u00f8rer ITV for dig, s\u00e6tter dine plader p\u00e5. De hj\u00e6lper i de fleste tilf\u00e6lde kun med det endelige papirarbejde.\n\n<!-- \/wp:paragraph -->\n<h6><span class=\"ez-toc-section\" id=\"Do_you_need_to_import_duty_VAT_on_an_EU_vehicle_importing_to_Spain\"><\/span>Skal du betale told og moms p\u00e5 et EU-k\u00f8ret\u00f8j, der importeres til Spanien?<span class=\"ez-toc-section-end\"><\/span><\/h6>\nNormalt er k\u00f8ret\u00f8jer fra EU til Spanien fritaget for at betale importtold. K\u00f8ret\u00f8jet skal have den korrekte EU-overensstemmelse for at v\u00e6re fritaget for importtold og moms. Det er lettere, hvis bilen st\u00e5r i dit eget navn. Men hvis du lige har k\u00f8bt bilen, er det n\u00f8dvendigt med en korrekt salgsfaktura.\n<h6><span class=\"ez-toc-section\" id=\"WhatsApp_your_Reg_Number\"><\/span>WhatsApp dit Reg -nummer<span class=\"ez-toc-section-end\"><\/span><\/h6>\n<h2><span class=\"ez-toc-section\" id=\"34_696_337_629\"><\/span><a href=\"https:\/\/wa.me\/+34696337629?text=Please%20send%20me%20a%20free%20quote\" target=\"_blank\" rel=\"noopener\">+34 696 337 629<\/a><span class=\"ez-toc-section-end\"><\/span><\/h2>\n<h6><span class=\"ez-toc-section\" id=\"BOOK_AN_APPOINTMENT_TODAY\"><\/span>BOOK EN AFTALE I DAG<span class=\"ez-toc-section-end\"><\/span><\/h6>\n<a href=\"\/da\/tlf .: +34696337629\/\">\n\nBook nu\n<\/a>","protected":false},"excerpt":{"rendered":"<p>Steps for registering an EU car in Spain. This page will give lots of valuable and informative information regards how to register your EU car in Spain. Registering an EU vehicle is usually quite a straight forward process. Generally EU cars have the steering on the left hand side of the car. the headlights point [&hellip;]<\/p>\n","protected":false},"author":1,"featured_media":1626,"parent":0,"menu_order":0,"comment_status":"closed","ping_status":"closed","template":"","meta":{"site-sidebar-layout":"default","site-content-layout":"default","ast-site-content-layout":"default","site-content-style":"default","site-sidebar-style":"default","ast-global-header-display":"","ast-banner-title-visibility":"","ast-main-header-display":"","ast-hfb-above-header-display":"","ast-hfb-below-header-display":"","ast-hfb-mobile-header-display":"","site-post-title":"","ast-breadcrumbs-content":"","ast-featured-img":"","footer-sml-layout":"","ast-disable-related-posts":"","theme-transparent-header-meta":"default","adv-header-id-meta":"","stick-header-meta":"","header-above-stick-meta":"","header-main-stick-meta":"","header-below-stick-meta":"","astra-migrate-meta-layouts":"set","ast-page-background-enabled":"default","ast-page-background-meta":{"desktop":{"background-color":"","background-image":"","background-repeat":"repeat","background-position":"center center","background-size":"auto","background-attachment":"scroll","background-type":"","background-media":"","overlay-type":"","overlay-color":"","overlay-opacity":"","overlay-gradient":""},"tablet":{"background-color":"","background-image":"","background-repeat":"repeat","background-position":"center center","background-size":"auto","background-attachment":"scroll","background-type":"","background-media":"","overlay-type":"","overlay-color":"","overlay-opacity":"","overlay-gradient":""},"mobile":{"background-color":"","background-image":"","background-repeat":"repeat","background-position":"center center","background-size":"auto","background-attachment":"scroll","background-type":"","background-media":"","overlay-type":"","overlay-color":"","overlay-opacity":"","overlay-gradient":""}},"ast-content-background-meta":{"desktop":{"background-color":"var(--ast-global-color-5)","background-image":"","background-repeat":"repeat","background-position":"center center","background-size":"auto","background-attachment":"scroll","background-type":"","background-media":"","overlay-type":"","overlay-color":"","overlay-opacity":"","overlay-gradient":""},"tablet":{"background-color":"var(--ast-global-color-5)","background-image":"","background-repeat":"repeat","background-position":"center center","background-size":"auto","background-attachment":"scroll","background-type":"","background-media":"","overlay-type":"","overlay-color":"","overlay-opacity":"","overlay-gradient":""},"mobile":{"background-color":"var(--ast-global-color-5)","background-image":"","background-repeat":"repeat","background-position":"center center","background-size":"auto","background-attachment":"scroll","background-type":"","background-media":"","overlay-type":"","overlay-color":"","overlay-opacity":"","overlay-gradient":""}},"footnotes":""},"class_list":["post-1977","page","type-page","status-publish","has-post-thumbnail","hentry"],"_links":{"self":[{"href":"https:\/\/vehicleregistrationscostadelsol.com\/da\/wp-json\/wp\/v2\/pages\/1977","targetHints":{"allow":["GET"]}}],"collection":[{"href":"https:\/\/vehicleregistrationscostadelsol.com\/da\/wp-json\/wp\/v2\/pages"}],"about":[{"href":"https:\/\/vehicleregistrationscostadelsol.com\/da\/wp-json\/wp\/v2\/types\/page"}],"author":[{"embeddable":true,"href":"https:\/\/vehicleregistrationscostadelsol.com\/da\/wp-json\/wp\/v2\/users\/1"}],"replies":[{"embeddable":true,"href":"https:\/\/vehicleregistrationscostadelsol.com\/da\/wp-json\/wp\/v2\/comments?post=1977"}],"version-history":[{"count":8,"href":"https:\/\/vehicleregistrationscostadelsol.com\/da\/wp-json\/wp\/v2\/pages\/1977\/revisions"}],"predecessor-version":[{"id":3586,"href":"https:\/\/vehicleregistrationscostadelsol.com\/da\/wp-json\/wp\/v2\/pages\/1977\/revisions\/3586"}],"wp:featuredmedia":[{"embeddable":true,"href":"https:\/\/vehicleregistrationscostadelsol.com\/da\/wp-json\/wp\/v2\/media\/1626"}],"wp:attachment":[{"href":"https:\/\/vehicleregistrationscostadelsol.com\/da\/wp-json\/wp\/v2\/media?parent=1977"}],"curies":[{"name":"wp","href":"https:\/\/api.w.org\/{rel}","templated":true}]}}