{"id":1999,"date":"2021-01-18T16:27:04","date_gmt":"2021-01-18T15:27:04","guid":{"rendered":"https:\/\/vehicleregistrationscostadelsol.com\/?page_id=1999"},"modified":"2026-02-15T15:22:36","modified_gmt":"2026-02-15T14:22:36","slug":"brexit-britiske-biler-og-opholdstilladelse","status":"publish","type":"page","link":"https:\/\/vehicleregistrationscostadelsol.com\/da\/brexit-uk-cars-and-residency\/","title":{"rendered":"Britiske biler i Spanien efter Brexit: Regler, opholdstilladelse og deadlines"},"content":{"rendered":"<p><a href=\"https:\/\/vehicleregistrationscostadelsol.com\/da\/registrer-en-britisk-bil-i-spanien\/\">Registrering af et britisk k\u00f8ret\u00f8j i Spanien<\/a> involverer flere trin, herunder fortoldning. F\u00f8rst skal berettigelsen kontrolleres - britiske biler, der kommer til Spanien efter Brexit, har tre ruter.<\/p><div id=\"ez-toc-container\" class=\"ez-toc-v2_0_82_2 counter-hierarchy ez-toc-counter ez-toc-grey ez-toc-container-direction\">\n<div class=\"ez-toc-title-container\">\n<p class=\"ez-toc-title\" style=\"cursor:inherit\">Indholdsfortegnelse<\/p>\n<span class=\"ez-toc-title-toggle\"><a href=\"#\" class=\"ez-toc-pull-right ez-toc-btn ez-toc-btn-xs ez-toc-btn-default ez-toc-toggle\" aria-label=\"Toggle indholdsfortegnelse\"><span class=\"ez-toc-js-icon-con\"><span class=\"\"><span class=\"eztoc-hide\" style=\"display:none;\">Toggle<\/span><span class=\"ez-toc-icon-toggle-span\"><svg style=\"fill: #999;color:#999\" xmlns=\"http:\/\/www.w3.org\/2000\/svg\" class=\"list-377408\" width=\"20px\" height=\"20px\" viewbox=\"0 0 24 24\" fill=\"none\"><path d=\"M6 6H4v2h2V6zm14 0H8v2h12V6zM4 11h2v2H4v-2zm16 0H8v2h12v-2zM4 16h2v2H4v-2zm16 0H8v2h12v-2z\" fill=\"currentColor\"><\/path><\/svg><svg style=\"fill: #999;color:#999\" class=\"arrow-unsorted-368013\" xmlns=\"http:\/\/www.w3.org\/2000\/svg\" width=\"10px\" height=\"10px\" viewbox=\"0 0 24 24\" version=\"1.2\" baseprofile=\"tiny\"><path d=\"M18.2 9.3l-6.2-6.3-6.2 6.3c-.2.2-.3.4-.3.7s.1.5.3.7c.2.2.4.3.7.3h11c.3 0 .5-.1.7-.3.2-.2.3-.5.3-.7s-.1-.5-.3-.7zM5.8 14.7l6.2 6.3 6.2-6.3c.2-.2.3-.5.3-.7s-.1-.5-.3-.7c-.2-.2-.4-.3-.7-.3h-11c-.3 0-.5.1-.7.3-.2.2-.3.5-.3.7s.1.5.3.7z\"\/><\/svg><\/span><\/span><\/span><\/a><\/span><\/div>\n<nav><ul class='ez-toc-list ez-toc-list-level-1' ><li class='ez-toc-page-1 ez-toc-heading-level-2'><a class=\"ez-toc-link ez-toc-heading-1\" href=\"https:\/\/vehicleregistrationscostadelsol.com\/da\/brexit-uk-cars-and-residency\/#What_are_the_steps_to_register_a_UK_car_after_Brexit\" >Hvordan indregistrerer man en britisk bil efter Brexit?<\/a><\/li><li class='ez-toc-page-1 ez-toc-heading-level-2'><a class=\"ez-toc-link ez-toc-heading-2\" href=\"https:\/\/vehicleregistrationscostadelsol.com\/da\/brexit-uk-cars-and-residency\/#What_information_is_used_to_calculate_the_cost_to_register_a_UK_car_in_Spain_after_Brexit\" >Hvilke oplysninger bruges til at beregne, hvad det koster at indregistrere en britisk bil i Spanien efter Brexit?<\/a><\/li><li class='ez-toc-page-1 ez-toc-heading-level-2'><a class=\"ez-toc-link ez-toc-heading-3\" href=\"https:\/\/vehicleregistrationscostadelsol.com\/da\/brexit-uk-cars-and-residency\/#All_UK_cars_will_need_a_DUA_import_certificate\" >Skal alle britiske biler have et DUA (import) certifikat?<\/a><ul class='ez-toc-list-level-3' ><li class='ez-toc-heading-level-3'><a class=\"ez-toc-link ez-toc-heading-4\" href=\"https:\/\/vehicleregistrationscostadelsol.com\/da\/brexit-uk-cars-and-residency\/#Good_News_Proving_your_UK_vehicle_was_in_Spain_before_Brexit\" >Gode nyheder .. Beviser, at dit britiske k\u00f8ret\u00f8j var i Spanien f\u00f8r Brexit<\/a><\/li><\/ul><\/li><li class='ez-toc-page-1 ez-toc-heading-level-2'><a class=\"ez-toc-link ez-toc-heading-5\" href=\"https:\/\/vehicleregistrationscostadelsol.com\/da\/brexit-uk-cars-and-residency\/#Importing_a_UK_car_To_Spain\" >Import af en britisk bil til Spanien<\/a><\/li><li class='ez-toc-page-1 ez-toc-heading-level-2'><a class=\"ez-toc-link ez-toc-heading-6\" href=\"https:\/\/vehicleregistrationscostadelsol.com\/da\/brexit-uk-cars-and-residency\/#Waiving_Import_Emissions_Taxes_on_UK_Cars_for_residency\" >Frafald af import- og emissionsafgifter p\u00e5 britiske biler for ophold<\/a><\/li><li class='ez-toc-page-1 ez-toc-heading-level-2'><a class=\"ez-toc-link ez-toc-heading-7\" href=\"https:\/\/vehicleregistrationscostadelsol.com\/da\/brexit-uk-cars-and-residency\/#We_will_check_your_car_free_%E2%80%93_Pre_ITV_check\" >Vi tjekker din bil gratis \u2013 Pre ITV check<\/a><ul class='ez-toc-list-level-3' ><li class='ez-toc-heading-level-3'><a class=\"ez-toc-link ez-toc-heading-8\" href=\"https:\/\/vehicleregistrationscostadelsol.com\/da\/brexit-uk-cars-and-residency\/#Other_factors_to_take_into_consideration\" >Andre faktorer at tage i betragtning<\/a><ul class='ez-toc-list-level-4' ><li class='ez-toc-heading-level-4'><a class=\"ez-toc-link ez-toc-heading-9\" href=\"https:\/\/vehicleregistrationscostadelsol.com\/da\/brexit-uk-cars-and-residency\/#Our_Solution_to_Importing_a_UK_car_to_Spain_after_Brexit\" >Vores l\u00f8sning p\u00e5 at importere en britisk bil til Spanien efter Brexit<\/a><\/li><\/ul><\/li><\/ul><\/li><\/ul><\/nav><\/div>\n\n\n\n\n<ul class=\"wp-block-list\">\n<li>Registrering af k\u00f8ret\u00f8jet som en del af en nylig eller ny bop\u00e6l i Spanien<\/li>\n\n\n\n<li>Registrering af k\u00f8ret\u00f8jet som ikke-resident i Spanien<\/li>\n\n\n\n<li>At have et britisk k\u00f8ret\u00f8j i Spanien F\u00d8R Brexit. Hver rute har forskellige omkostninger og afgifter, der skal beregnes for at importere en britisk bil til Spanien efter Brexit.<\/li>\n<\/ul>\n\n\n\n<p>En gyldig salgsfaktura er n\u00f8dvendig, hvis k\u00f8ret\u00f8jet ikke st\u00e5r i navnet p\u00e5 den person, der \u00f8nsker at indregistrere k\u00f8ret\u00f8jet i Spanien. <\/p>\n\n\n\n<h2 class=\"wp-block-heading\"><span class=\"ez-toc-section\" id=\"What_are_the_steps_to_register_a_UK_car_after_Brexit\"><\/span>Hvordan indregistrerer man en britisk bil efter Brexit?<span class=\"ez-toc-section-end\"><\/span><\/h2>\n\n\n\n<ul class=\"wp-block-list\">\n<li>F\u00e5 et overensstemmelsescertifikat (Ficha Reducia)<\/li>\n\n\n\n<li>Anmodning om en ITV (teknisk inspektion)<\/li>\n\n\n\n<li>Indhentning af ITV-fiches, n\u00e5r k\u00f8ret\u00f8jet er blevet synet<\/li>\n\n\n\n<li>Bevise et importcertifikat (Nordirland er undtaget)<\/li>\n\n\n\n<li>Endelig registrering af k\u00f8ret\u00f8jet i Spanien<\/li>\n\n\n\n<li>Betaling af vejskat - IVTM<\/li>\n\n\n\n<li>Betaling af emissionsafgifter (Modelo 576)<\/li>\n\n\n\n<li>Bestilling af de fysiske spanske nummerplader<\/li>\n\n\n\n<li>Bestilling af et ECO-m\u00e6rkat<\/li>\n\n\n\n<li>DGT for det nye spanske papirarbejde i dit navn - Permiso de Circulaci\u00f3n<\/li>\n<\/ul>\n\n\n\n<h2 class=\"wp-block-heading\"><span class=\"ez-toc-section\" id=\"What_information_is_used_to_calculate_the_cost_to_register_a_UK_car_in_Spain_after_Brexit\"><\/span>Hvilke oplysninger bruges til at beregne, hvad det koster at indregistrere en britisk bil i Spanien efter Brexit? <span class=\"ez-toc-section-end\"><\/span><\/h2>\n\n\n\n<ul class=\"wp-block-list\">\n<li>Et gyldigt V5C-dokument - Til beregning af afgifterne<\/li>\n\n\n\n<li>Gyldig forsikring, MOT og vejskat i Storbritannien<\/li>\n\n\n\n<li>Validering af k\u00f8ret\u00f8jet, ny beboer eller kommende beboer<\/li>\n\n\n\n<li>Validering af importafgifter og moms for ikke-residenter<\/li>\n\n\n\n<li>Validering af bevis for, at k\u00f8ret\u00f8jet var her f\u00f8r Brexit<\/li>\n\n\n\n<li>Kontrol af k\u00f8ret\u00f8jets EU-overensstemmelse<\/li>\n\n\n\n<li>Co2-udledningen fra udst\u00f8dningen<\/li>\n\n\n\n<li>Alder og dato for f\u00f8rste registrering<\/li>\n\n\n\n<li>Identifikation og bevis p\u00e5 adresse<\/li>\n<\/ul>\n\n\n\n<h2 class=\"wp-block-heading\"><span class=\"ez-toc-section\" id=\"All_UK_cars_will_need_a_DUA_import_certificate\"><\/span>Skal alle britiske biler have et DUA (import) certifikat?<span class=\"ez-toc-section-end\"><\/span><\/h2>\n\n\n\n<p>Der er meget forvirring om <strong>Importerer en britisk bil til Spanien efter Brexit<\/strong> i \u00f8jeblikket, vil der v\u00e6re skatter, vil der ikke v\u00e6re skatter, hvad vil skatterne v\u00e6re, hvis nogen? Vi har nu en afklaring af de \u2018nuv\u00e6rende regler\u2019, men vi kan ikke garantere, at de ikke vil \u00e6ndre sig i den n\u00e6rmeste fremtid. <strong>Hvis du medbringer en bil, der er i Storbritannien p\u00e5 nuv\u00e6rende tidspunkt, er dette meget nemmere og kontakt os<\/strong>.<\/p>\n\n\n\n<p>I januar 2021 og efter overvejelser skulle britiske biler afkr\u00e6ves mere dokumentation end tidligere f\u00f8r den 31. december 2020 (Brexit). Storbritannien betragtes nu som et fremmed \"tredjeland\" i Spanien og EU, og som f\u00f8lge heraf er den m\u00e5de, hvorp\u00e5 britiske biler immatrikuleres p\u00e5 spanske plader, blevet \u00e6ndret.<\/p>\n\n\n\n<p>Der er dog mulighed for at slippe for disse meget h\u00f8je skatter. Du b\u00f8r dog tjekke, om du er berettiget til at blive fritaget. Muligheden for at blive fritaget for skat i Spanien afh\u00e6nger af f\u00f8lgende omst\u00e6ndigheder <\/p>\n\n\n\n<ul class=\"wp-block-list\">\n<li>Du bliver bosiddende eller er blevet bosiddende inden for de seneste 12 m\u00e5neder. <\/li>\n\n\n\n<li>Du bliver ikke resident og \u00f8nsker, at din britiske bil skal blive i Spanien<\/li>\n\n\n\n<li>Du havde et k\u00f8ret\u00f8j i Spanien f\u00f8r Brexit, som ikke har forladt Spanien. <\/li>\n<\/ul>\n\n\n\n<p>I januar 2021 meddelte DGT (Traffico), at alle britiske k\u00f8ret\u00f8jer fra den 1. januar skulle fremvise et DUA-certifikat (import). Dette dokument er et bevis p\u00e5, at k\u00f8ret\u00f8jet har passeret gennem tolden. DGT kr\u00e6ver nu, at ALLE britiske k\u00f8ret\u00f8jer fremviser et importtoldcertifikat, ogs\u00e5 selvom du er fritaget for disse afgifter p\u00e5 grund af bop\u00e6l eller PRE Brexit-bevis for k\u00f8ret\u00f8jet i Spanien. Dette er dog ikke tilf\u00e6ldet, hvis k\u00f8ret\u00f8jet er indregistreret i Nordirland, som stadig nyder godt af skattefrihed og EU's handelsprotokol. <\/p>\n\n\n\n<h3 class=\"wp-block-heading\"><span class=\"ez-toc-section\" id=\"Good_News_Proving_your_UK_vehicle_was_in_Spain_before_Brexit\"><\/span>Gode nyheder .. Beviser, at dit britiske k\u00f8ret\u00f8j var i Spanien f\u00f8r Brexit<span class=\"ez-toc-section-end\"><\/span><\/h3>\n\n\n\n<p>Fremskridt og gode nyheder er, at i Andalusien, hvis vi kan bevise, at din bil var i landet f\u00f8r den 31. december <strong>vi<\/strong> <strong>kan indtil videre behandle immatrikuleringen til spanske plader uden DUA (importtolddokument)<\/strong>. Dette kan ikke v\u00e6re et billede af bilen uden for din ejendom osv, vi har brug for solide beviser. Forestil dig, at du er DGT-agenten, og han underskriver den spanske studentereksamen.<\/p>\n\n\n\n<p><strong>Beviset skal v\u00e6re i form af f\u00f8r den 31. december 2020 <\/strong><\/p>\n\n\n\n<ul class=\"wp-block-list\">\n<li>Gr\u00f8nne (midlertidige plader) plader <\/li>\n\n\n\n<li>En ITV-test<\/li>\n\n\n\n<li>Trafikb\u00f8der<\/li>\n\n\n\n<li>Rejsedokumenter inklusive f\u00e6rge eller Eurotunnel<\/li>\n\n\n\n<li>Vedligeholdelse eller mekanik regninger og facturas <\/li>\n\n\n\n<li>Alt hvad du har, der kan bevise, at k\u00f8ret\u00f8jet var her f\u00f8r den 31. december 2020<\/li>\n<\/ul>\n\n\n\n<p>Vi kan ikke garantere beslutningen om, at der er truffet bevis. Denne beslutning ligger hos DGT. <\/p>\n\n\n\n<h2 class=\"wp-block-heading\"><span class=\"ez-toc-section\" id=\"Importing_a_UK_car_To_Spain\"><\/span>Import af en britisk bil til Spanien<span class=\"ez-toc-section-end\"><\/span><\/h2>\n\n\n\n<p>S\u00f8rg for, at din importagent har det korrekte DUA-certifikat inden forsendelse. De kan ordne dette for dig. Hvis ikke, kan k\u00f8ret\u00f8jet blive beskattet ved indrejse i Spanien (31% af k\u00f8ret\u00f8jets bogpris). Dette kan og b\u00f8r undg\u00e5s af din import\u00f8r. Hvis du har brug for et tilbud p\u00e5 import af din bil til Spanien, s\u00e5 kontakt os venligst. <\/p>\n\n\n\n<p>Vi kan hj\u00e6lpe med <strong>importere en britisk bil til Spanien<\/strong> og det kan vi ogs\u00e5 sikre muligheden for at kunne <strong>give afkald p\u00e5 bilimportafgifter<\/strong> for ans\u00f8gninger om ophold. <\/p>\n\n\n\n<h2 class=\"wp-block-heading\"><span class=\"ez-toc-section\" id=\"Waiving_Import_Emissions_Taxes_on_UK_Cars_for_residency\"><\/span>Frafald af import- og emissionsafgifter p\u00e5 britiske biler for ophold<span class=\"ez-toc-section-end\"><\/span><\/h2>\n\n\n\n<p>Hvis du importerer en britisk bil i Spanien, og du er i gang med, eller blot tager ophold, s\u00e5 kan b\u00e5de importafgifter og emissionsafgifter i de fleste tilf\u00e6lde fraviges. Dette vil blive fremh\u00e6vet i en <a aria-label=\"GRATIS tilbud (\u00e5bner i en ny fane)\" class=\"rank-math-link\" href=\"https:\/\/vehicleregistrationscostadelsol.com\/da\/kontakt\/\" target=\"_blank\" rel=\"noreferrer noopener\">GRATIS tilbud<\/a> vi kan give dig. Alle andre normale skatter og faste omkostninger s\u00e5som vejskat i Spanien, ITV-testen, DGT osv. vil g\u00e6lde som normalt. Bortset fra et DUA-certifikat betyder det grundl\u00e6ggende, at alt er, som det var f\u00f8r Brexit med britiske biler og opholdstilladelse. <strong>Vi leverer opholdsans\u00f8gninger som en del af vores service, hvis du har brug for det.<\/strong> <\/p>\n\n\n\n<p>For at frafalde skat har vi brug for bevis for:<\/p>\n\n\n\n<ul class=\"wp-block-list\">\n<li>Bop\u00e6l inden for de sidste 6 m\u00e5neder \u2013 Frafalder importafgifter<\/li>\n\n\n\n<li>Bop\u00e6l inden for de seneste 60 dage \u2013 Frafalder emissionsafgifter<\/li>\n\n\n\n<li>Du skal v\u00e6re p\u00e5 forkant med opdaterede Padron og papirer til Brexit-skattefritagelser.<\/li>\n\n\n\n<li>Bevis for adresse i Storbritannien f\u00f8r ophold i Spanien. <\/li>\n<\/ul>\n\n\n\n<h2 class=\"wp-block-heading\"><span class=\"ez-toc-section\" id=\"We_will_check_your_car_free_%E2%80%93_Pre_ITV_check\"><\/span>Vi tjekker din bil gratis \u2013 Pre ITV check<span class=\"ez-toc-section-end\"><\/span><\/h2>\n\n\n\n<p>K\u00f8r din bil til os i Riviera Del Sol efter forudg\u00e5ende aftale, vi tjekker din bil for, hvad der kan v\u00e6re fejlbeh\u00e6ftet til ITV-testen. Forlygter, d\u00e6k osv. Dette er en unik service vi tilbyder og vi udf\u00f8rer omkring 15 kontroller. Et forudg\u00e5ende ITV-tjek. S\u00f8rg for at medbringe alle papirer, s\u00e5 vi kan scanne papirerne, hvis du beslutter dig for, at du skal bruge os til at f\u00e5 din bil p\u00e5 spanske plader. <\/p>\n\n\n\n<h3 class=\"wp-block-heading\"><span class=\"ez-toc-section\" id=\"Other_factors_to_take_into_consideration\"><\/span>Andre faktorer at tage i betragtning<span class=\"ez-toc-section-end\"><\/span><\/h3>\n\n\n\n<p>Der er mange andre faktorer at tage h\u00f8jde for. Er forlygterne tilpasset? Har de brug for omstilling, har bilen en Ficha Technica, er der andre ITV-fejl p\u00e5 din bil? Alt dette skal tages op. <br><\/p>\n\n\n\n<h4 class=\"wp-block-heading\"><span class=\"ez-toc-section\" id=\"Our_Solution_to_Importing_a_UK_car_to_Spain_after_Brexit\"><\/span>Vores l\u00f8sning p\u00e5 at importere en britisk bil til Spanien efter Brexit<span class=\"ez-toc-section-end\"><\/span><\/h4>\n\n\n\n<ul class=\"wp-block-list\">\n<li>Frafald af skat for at binde til ophold (der er en tidsbegr\u00e6nsning)<\/li>\n\n\n\n<li>Beviser, at bilen er i overensstemmelse med EU og bevis for, at bilen var i Spanien f\u00f8r Brexit (ikke relevant, hvis den importeres nu)<\/li>\n\n\n\n<li>Import af en britisk bil til Spanien<\/li>\n\n\n\n<li>britiske bilimportafgifter<\/li>\n\n\n\n<li>Gratis tilbud i mellemtiden inklusive DUA<\/li>\n\n\n\n<li>M\u00f8d op med dig personligt p\u00e5 DUA (ekstra omkostninger) <\/li>\n\n\n\n<li><strong>Et tjek af dit k\u00f8ret\u00f8j GRATIS for at se, hvad din bil i Storbritannien har brug for ekstra<\/strong><\/li>\n\n\n\n<li>Vi udf\u00f8rer den Ficha Technica, der kr\u00e6ves til ITV&#039;en (vi kan komme til dig, hvis det er geografisk fornuftigt)<\/li>\n\n\n\n<li>Residency-pakker til at forbinde med import af din bil til Spanien<\/li>\n\n\n\n<li>Justering af forlygter eller nye forlygter<\/li>\n\n\n\n<li>ITV testbooking og vi g\u00f8r det for dig<\/li>\n\n\n\n<li>Alle skatter behandlet<\/li>\n\n\n\n<li>Vejafgift behandlet<\/li>\n\n\n\n<li>Plader og papirer leveret til os og vi monterer pladerne p\u00e5 bilen for dig<\/li>\n\n\n\n<li>Mekanikere til at hj\u00e6lpe f\u00f8r\/efter ITV<\/li>\n\n\n\n<li>GRATIS gentest, hvis bilen fejler<\/li>\n\n\n\n<li>Meget mere\u2026\u2026. <\/li>\n<\/ul>\n\n\n\n<p>Du er velkommen til <a href=\"https:\/\/vehicleregistrationscostadelsol.com\/da\/kontakt\/\" data-type=\"URL\" data-id=\"https:\/\/vehicleregistrationscostadelsol.com\/contact\/\">kontakt os<\/a> for mere info. <\/p>\n\n\n<p><a href=\"https:\/\/wa.me\/+34696337629?text=Please%20send%20me%20a%20free%20quote\" target=\"_blank\" rel=\"noopener\">&nbsp;<\/a><\/p>\n\n\n<p><\/p>","protected":false},"excerpt":{"rendered":"<p>Registering a UK vehicle in Spain involves several steps including customs clearance. First the eligibility needs to be checked &#8211; UK cars coming to Spain after Brexit have three routes. A valid Sales invoice is necessary if the vehicle is not in the name of the person wishing to register the vehicle in Spain. What [&hellip;]<\/p>\n","protected":false},"author":1,"featured_media":2566,"parent":0,"menu_order":0,"comment_status":"closed","ping_status":"closed","template":"","meta":{"site-sidebar-layout":"default","site-content-layout":"default","ast-site-content-layout":"default","site-content-style":"default","site-sidebar-style":"default","ast-global-header-display":"","ast-banner-title-visibility":"","ast-main-header-display":"","ast-hfb-above-header-display":"","ast-hfb-below-header-display":"","ast-hfb-mobile-header-display":"","site-post-title":"","ast-breadcrumbs-content":"","ast-featured-img":"","footer-sml-layout":"","ast-disable-related-posts":"","theme-transparent-header-meta":"default","adv-header-id-meta":"","stick-header-meta":"","header-above-stick-meta":"","header-main-stick-meta":"","header-below-stick-meta":"","astra-migrate-meta-layouts":"set","ast-page-background-enabled":"default","ast-page-background-meta":{"desktop":{"background-color":"","background-image":"","background-repeat":"repeat","background-position":"center center","background-size":"auto","background-attachment":"scroll","background-type":"","background-media":"","overlay-type":"","overlay-color":"","overlay-opacity":"","overlay-gradient":""},"tablet":{"background-color":"","background-image":"","background-repeat":"repeat","background-position":"center center","background-size":"auto","background-attachment":"scroll","background-type":"","background-media":"","overlay-type":"","overlay-color":"","overlay-opacity":"","overlay-gradient":""},"mobile":{"background-color":"","background-image":"","background-repeat":"repeat","background-position":"center center","background-size":"auto","background-attachment":"scroll","background-type":"","background-media":"","overlay-type":"","overlay-color":"","overlay-opacity":"","overlay-gradient":""}},"ast-content-background-meta":{"desktop":{"background-color":"var(--ast-global-color-5)","background-image":"","background-repeat":"repeat","background-position":"center center","background-size":"auto","background-attachment":"scroll","background-type":"","background-media":"","overlay-type":"","overlay-color":"","overlay-opacity":"","overlay-gradient":""},"tablet":{"background-color":"var(--ast-global-color-5)","background-image":"","background-repeat":"repeat","background-position":"center center","background-size":"auto","background-attachment":"scroll","background-type":"","background-media":"","overlay-type":"","overlay-color":"","overlay-opacity":"","overlay-gradient":""},"mobile":{"background-color":"var(--ast-global-color-5)","background-image":"","background-repeat":"repeat","background-position":"center center","background-size":"auto","background-attachment":"scroll","background-type":"","background-media":"","overlay-type":"","overlay-color":"","overlay-opacity":"","overlay-gradient":""}},"footnotes":""},"class_list":["post-1999","page","type-page","status-publish","has-post-thumbnail","hentry"],"_links":{"self":[{"href":"https:\/\/vehicleregistrationscostadelsol.com\/da\/wp-json\/wp\/v2\/pages\/1999","targetHints":{"allow":["GET"]}}],"collection":[{"href":"https:\/\/vehicleregistrationscostadelsol.com\/da\/wp-json\/wp\/v2\/pages"}],"about":[{"href":"https:\/\/vehicleregistrationscostadelsol.com\/da\/wp-json\/wp\/v2\/types\/page"}],"author":[{"embeddable":true,"href":"https:\/\/vehicleregistrationscostadelsol.com\/da\/wp-json\/wp\/v2\/users\/1"}],"replies":[{"embeddable":true,"href":"https:\/\/vehicleregistrationscostadelsol.com\/da\/wp-json\/wp\/v2\/comments?post=1999"}],"version-history":[{"count":2,"href":"https:\/\/vehicleregistrationscostadelsol.com\/da\/wp-json\/wp\/v2\/pages\/1999\/revisions"}],"predecessor-version":[{"id":3433,"href":"https:\/\/vehicleregistrationscostadelsol.com\/da\/wp-json\/wp\/v2\/pages\/1999\/revisions\/3433"}],"wp:featuredmedia":[{"embeddable":true,"href":"https:\/\/vehicleregistrationscostadelsol.com\/da\/wp-json\/wp\/v2\/media\/2566"}],"wp:attachment":[{"href":"https:\/\/vehicleregistrationscostadelsol.com\/da\/wp-json\/wp\/v2\/media?parent=1999"}],"curies":[{"name":"wp","href":"https:\/\/api.w.org\/{rel}","templated":true}]}}