{"id":2475,"date":"2022-04-15T16:08:20","date_gmt":"2022-04-15T14:08:20","guid":{"rendered":"https:\/\/vehicleregistrationscostadelsol.com\/?page_id=2475"},"modified":"2025-02-05T00:08:36","modified_gmt":"2025-02-04T23:08:36","slug":"registrering-af-en-motorcykel-i-spanien","status":"publish","type":"page","link":"https:\/\/vehicleregistrationscostadelsol.com\/da\/registering-a-motorbike-in-spain\/","title":{"rendered":"Registrering af en motorcykel i Spanien"},"content":{"rendered":"<p>Det er ret ligetil at registrere en motorcykel i Spanien. Hvis motorcyklen er EU meget ligetil. Fra Storbritannien skal vi se p\u00e5, om vi kan give afkald p\u00e5 skatter efter Brexit. Ved k\u00f8ret\u00f8jsregistreringer Costa Del Sol laver vi ikke kun biler, men vi har ogs\u00e5 stor erfaring med motorcykler. Vi tager os af hele processen for dig. For at vi kan give dig et gratis tilbud, har vi brug for information om motorcyklen. <\/p><div id=\"ez-toc-container\" class=\"ez-toc-v2_0_82_2 counter-hierarchy ez-toc-counter ez-toc-grey ez-toc-container-direction\">\n<div class=\"ez-toc-title-container\">\n<p class=\"ez-toc-title\" style=\"cursor:inherit\">Indholdsfortegnelse<\/p>\n<span class=\"ez-toc-title-toggle\"><a href=\"#\" class=\"ez-toc-pull-right ez-toc-btn ez-toc-btn-xs ez-toc-btn-default ez-toc-toggle\" aria-label=\"Toggle indholdsfortegnelse\"><span class=\"ez-toc-js-icon-con\"><span class=\"\"><span class=\"eztoc-hide\" style=\"display:none;\">Toggle<\/span><span class=\"ez-toc-icon-toggle-span\"><svg style=\"fill: #999;color:#999\" xmlns=\"http:\/\/www.w3.org\/2000\/svg\" class=\"list-377408\" width=\"20px\" height=\"20px\" viewbox=\"0 0 24 24\" fill=\"none\"><path d=\"M6 6H4v2h2V6zm14 0H8v2h12V6zM4 11h2v2H4v-2zm16 0H8v2h12v-2zM4 16h2v2H4v-2zm16 0H8v2h12v-2z\" fill=\"currentColor\"><\/path><\/svg><svg style=\"fill: #999;color:#999\" class=\"arrow-unsorted-368013\" xmlns=\"http:\/\/www.w3.org\/2000\/svg\" width=\"10px\" height=\"10px\" viewbox=\"0 0 24 24\" version=\"1.2\" baseprofile=\"tiny\"><path d=\"M18.2 9.3l-6.2-6.3-6.2 6.3c-.2.2-.3.4-.3.7s.1.5.3.7c.2.2.4.3.7.3h11c.3 0 .5-.1.7-.3.2-.2.3-.5.3-.7s-.1-.5-.3-.7zM5.8 14.7l6.2 6.3 6.2-6.3c.2-.2.3-.5.3-.7s-.1-.5-.3-.7c-.2-.2-.4-.3-.7-.3h-11c-.3 0-.5.1-.7.3-.2.2-.3.5-.3.7s.1.5.3.7z\"\/><\/svg><\/span><\/span><\/span><\/a><\/span><\/div>\n<nav><ul class='ez-toc-list ez-toc-list-level-1' ><li class='ez-toc-page-1 ez-toc-heading-level-3'><a class=\"ez-toc-link ez-toc-heading-1\" href=\"https:\/\/vehicleregistrationscostadelsol.com\/da\/registering-a-motorbike-in-spain\/#What_is_the_process_to_registering_a_motorbike_in_Spain\" >Hvad er processen for at registrere en motorcykel i Spanien?<\/a><ul class='ez-toc-list-level-4' ><li class='ez-toc-heading-level-4'><a class=\"ez-toc-link ez-toc-heading-2\" href=\"https:\/\/vehicleregistrationscostadelsol.com\/da\/registering-a-motorbike-in-spain\/#Can_you_modify_a_motorbike_in_Spain\" >Kan du \u00e6ndre en motorcykel i Spanien?<\/a><\/li><li class='ez-toc-page-1 ez-toc-heading-level-4'><a class=\"ez-toc-link ez-toc-heading-3\" href=\"https:\/\/vehicleregistrationscostadelsol.com\/da\/registering-a-motorbike-in-spain\/#Importing_a_motorcycle_into_Spain\" >Importerer en motorcykel til Spanien<\/a><ul class='ez-toc-list-level-5' ><li class='ez-toc-heading-level-5'><a class=\"ez-toc-link ez-toc-heading-4\" href=\"https:\/\/vehicleregistrationscostadelsol.com\/da\/registering-a-motorbike-in-spain\/#Where_is_the_motorcycle_test_done_in_Spain\" >Hvor udf\u00f8res motorcykeltesten i Spanien?<\/a><\/li><\/ul><\/li><\/ul><\/li><\/ul><\/nav><\/div>\n\n\n\n\n<p>For at registrere en motorcykel i Spanien skal du bruge:<\/p>\n\n\n\n<ul class=\"wp-block-list\">\n<li>K\u00f8ret\u00f8jsregistreringsdokumenter<\/li>\n\n\n\n<li>Et overensstemmelsescertifikat (vi kan levere dette)<\/li>\n\n\n\n<li>NIE eller TIE kort<\/li>\n\n\n\n<li>Bevis for adresse<\/li>\n<\/ul>\n\n\n\n<p>Hvis din motorcykel er blevet modificeret p\u00e5 nogen m\u00e5de, har ITV brug for visse oplysninger forud for enhver inspektion. Grundl\u00e6ggende skal motorcyklen v\u00e6re fabriksstandard. Kontakt os venligst, hvis du har modificeret din motorcykel. Motorcykler under 250cc betaler ikke s\u00e6rlige registreringsafgifter eller Co2-afgifter.<\/p>\n\n\n\n<h3 class=\"wp-block-heading\"><span class=\"ez-toc-section\" id=\"What_is_the_process_to_registering_a_motorbike_in_Spain\"><\/span>Hvad er processen for at registrere en motorcykel i Spanien?<span class=\"ez-toc-section-end\"><\/span><\/h3>\n\n\n\n<p>Se venligst ovenfor, vi har brug for information om cyklen og eventuel medf\u00f8lgende info. s\u00e5 kan vi give dig et gratis tilbud. For superhurtige tilbud er du velkommen til at <a href=\"https:\/\/www.cognitoforms.com\/VehicleRegistrations\/MotorbikeQuote?v2\" data-type=\"URL\" data-id=\"https:\/\/www.cognitoforms.com\/VehicleRegistrations\/MotorbikeQuote?v2\" target=\"_blank\" rel=\"noreferrer noopener\">udfyld denne hurtige formular<\/a>. Du modtager en mail, hvor du s\u00e5 kan sende os den dokumentation, vi har brug for. Det er meget vigtigt, at vi ser dokumenterne, s\u00e5 vi kan de tekniske oplysninger om k\u00f8ret\u00f8jet og det altafg\u00f8rende afsnit K, som viser, om k\u00f8ret\u00f8jet har europ\u00e6isk overensstemmelse eller nu. <\/p>\n\n\n\n<h4 class=\"wp-block-heading\"><span class=\"ez-toc-section\" id=\"Can_you_modify_a_motorbike_in_Spain\"><\/span>Kan du \u00e6ndre en motorcykel i Spanien?<span class=\"ez-toc-section-end\"><\/span><\/h4>\n\n\n\n<p>I en n\u00f8ddeskal, nej. ITV er meget strenge med hensyn til \u00e6ndringer, der registrerer en motorcykel i Spanien. Stort set alt, der ikke er standard p\u00e5 motorcyklen, anses for ude af stand til at best\u00e5 ITV&#039;en. \u00c6ndringer er bare ikke en ting i Spanien. Hvis k\u00f8ret\u00f8jet har f\u00e5et et overensstemmelsescertifikat, tjekker de motorcyklen til dens fabriksstandard, og eventuelle \u00e6ndringer vil svigte ITV&#039;en. Der er en m\u00e5de at registrere \u00e6ndringer i Spanien, men processen er ekstremt vanskelig. Kontakt os venligst, hvis din motorcykel er anderledes end da den kom fra fabrikken. Ligesom for ens dele er \u00e5benbart ikke noget problem. At <a href=\"https:\/\/www.fuelexhausts.com\/\" data-type=\"URL\" data-id=\"https:\/\/www.fuelexhausts.com\/\" target=\"_blank\" rel=\"noreferrer noopener\">tyk udst\u00f8dning<\/a>t kan bare for\u00e5rsage et problem. <\/p>\n\n\n\n<p>Cyklen skal v\u00e6re standard i forhold til overensstemmelsesattesten. Hvis din cykel ikke har en, kan vi hj\u00e6lpe med at skaffe en til dig. P\u00e5 britiske motorcykler skal du muligvis ogs\u00e5 skifte forlygten. <\/p>\n\n\n\n<h4 class=\"wp-block-heading\"><span class=\"ez-toc-section\" id=\"Importing_a_motorcycle_into_Spain\"><\/span>Importerer en motorcykel til Spanien<span class=\"ez-toc-section-end\"><\/span><\/h4>\n\n\n\n<p>Vi kan hj\u00e6lpe dig med at importere en motorcykel til Spanien. Vi har vores egen importagent til at h\u00e5ndtere DUA-dokumentet, som er papirarbejdet for lovligt at importere din motorcykel til Spanien. Du g\u00f8r m\u00e5ske til at flytte til Spanien permanent og tager <a href=\"https:\/\/equitas-property.com\/en_gb\/non-lucrative-visa-spain\/\" data-type=\"URL\" data-id=\"https:\/\/equitas-property.com\/en_gb\/non-lucrative-visa-spain\/\" target=\"_blank\" rel=\"noreferrer noopener\">bop\u00e6l<\/a> i Spanien. Hvis det er tilf\u00e6ldet, kan du potentielt skrive om eventuelle importafgifter og IVA-afgifter (IVA er moms p\u00e5 21%). Kontakt os venligst for detaljer vedr\u00f8rende dette. Hvis din motorcykel er et EU-k\u00f8ret\u00f8j, beh\u00f8ver du ikke bekymre dig om importafgiften eller IVA. <\/p>\n\n\n\n<h5 class=\"wp-block-heading\"><span class=\"ez-toc-section\" id=\"Where_is_the_motorcycle_test_done_in_Spain\"><\/span>Hvor udf\u00f8res motorcykeltesten i Spanien?<span class=\"ez-toc-section-end\"><\/span><\/h5>\n\n\n\n<p>Motorcykeltesten udf\u00f8res p\u00e5 et ITV-center. For en fuld studentereksamen er det korrekte papirarbejde n\u00f8dvendigt for for det f\u00f8rste at booke ITV&#039;en og for det andet have alt det korrekte papirarbejde til at importere en motorcykel til Spanien. Vi leverer dette og deltager i ITV med dig, h\u00e5ndterer alt papirarbejdet f\u00f8r og efter ITV&#039;et. K\u00f8ret\u00f8jet bliver kaldt ind p\u00e5 en motorcykelbane for at tage testen. Efter ITV-papirarbejdet skal der arrangeres den endelige registrering inklusive<\/p>\n\n\n\n<ul class=\"wp-block-list\">\n<li>Betaling af emissionsafgifter (hvis nogen)<\/li>\n\n\n\n<li>Vejskat<\/li>\n\n\n\n<li>Endelig registrering hos DGT<\/li>\n\n\n\n<li>Bestilling af nummerplader<\/li>\n\n\n\n<li>Handler med skattekontoret<\/li>\n<\/ul>\n\n\n\n<p><\/p>","protected":false},"excerpt":{"rendered":"<p>Registering a motorbike in Spain is pretty straight forward. If the Motorbike is EU very straight forward. From the UK we need to take a look at if we can waive taxes after Brexit. At vehicle registrations Costa Del Sol we not only do cars but we also have much experience with motorbikes. We deal [&hellip;]<\/p>\n","protected":false},"author":1,"featured_media":2562,"parent":0,"menu_order":0,"comment_status":"closed","ping_status":"closed","template":"","meta":{"site-sidebar-layout":"default","site-content-layout":"","ast-site-content-layout":"default","site-content-style":"default","site-sidebar-style":"default","ast-global-header-display":"","ast-banner-title-visibility":"","ast-main-header-display":"","ast-hfb-above-header-display":"","ast-hfb-below-header-display":"","ast-hfb-mobile-header-display":"","site-post-title":"","ast-breadcrumbs-content":"","ast-featured-img":"","footer-sml-layout":"","ast-disable-related-posts":"","theme-transparent-header-meta":"","adv-header-id-meta":"","stick-header-meta":"","header-above-stick-meta":"","header-main-stick-meta":"","header-below-stick-meta":"","astra-migrate-meta-layouts":"set","ast-page-background-enabled":"default","ast-page-background-meta":{"desktop":{"background-color":"","background-image":"","background-repeat":"repeat","background-position":"center center","background-size":"auto","background-attachment":"scroll","background-type":"","background-media":"","overlay-type":"","overlay-color":"","overlay-gradient":""},"tablet":{"background-color":"","background-image":"","background-repeat":"repeat","background-position":"center center","background-size":"auto","background-attachment":"scroll","background-type":"","background-media":"","overlay-type":"","overlay-color":"","overlay-gradient":""},"mobile":{"background-color":"","background-image":"","background-repeat":"repeat","background-position":"center center","background-size":"auto","background-attachment":"scroll","background-type":"","background-media":"","overlay-type":"","overlay-color":"","overlay-gradient":""}},"ast-content-background-meta":{"desktop":{"background-color":"var(--ast-global-color-5)","background-image":"","background-repeat":"repeat","background-position":"center center","background-size":"auto","background-attachment":"scroll","background-type":"","background-media":"","overlay-type":"","overlay-color":"","overlay-gradient":""},"tablet":{"background-color":"var(--ast-global-color-5)","background-image":"","background-repeat":"repeat","background-position":"center center","background-size":"auto","background-attachment":"scroll","background-type":"","background-media":"","overlay-type":"","overlay-color":"","overlay-gradient":""},"mobile":{"background-color":"var(--ast-global-color-5)","background-image":"","background-repeat":"repeat","background-position":"center center","background-size":"auto","background-attachment":"scroll","background-type":"","background-media":"","overlay-type":"","overlay-color":"","overlay-gradient":""}},"footnotes":""},"class_list":["post-2475","page","type-page","status-publish","has-post-thumbnail","hentry"],"_links":{"self":[{"href":"https:\/\/vehicleregistrationscostadelsol.com\/da\/wp-json\/wp\/v2\/pages\/2475","targetHints":{"allow":["GET"]}}],"collection":[{"href":"https:\/\/vehicleregistrationscostadelsol.com\/da\/wp-json\/wp\/v2\/pages"}],"about":[{"href":"https:\/\/vehicleregistrationscostadelsol.com\/da\/wp-json\/wp\/v2\/types\/page"}],"author":[{"embeddable":true,"href":"https:\/\/vehicleregistrationscostadelsol.com\/da\/wp-json\/wp\/v2\/users\/1"}],"replies":[{"embeddable":true,"href":"https:\/\/vehicleregistrationscostadelsol.com\/da\/wp-json\/wp\/v2\/comments?post=2475"}],"version-history":[{"count":0,"href":"https:\/\/vehicleregistrationscostadelsol.com\/da\/wp-json\/wp\/v2\/pages\/2475\/revisions"}],"wp:featuredmedia":[{"embeddable":true,"href":"https:\/\/vehicleregistrationscostadelsol.com\/da\/wp-json\/wp\/v2\/media\/2562"}],"wp:attachment":[{"href":"https:\/\/vehicleregistrationscostadelsol.com\/da\/wp-json\/wp\/v2\/media?parent=2475"}],"curies":[{"name":"wp","href":"https:\/\/api.w.org\/{rel}","templated":true}]}}