{"id":2686,"date":"2022-11-14T14:31:28","date_gmt":"2022-11-14T13:31:28","guid":{"rendered":"https:\/\/vehicleregistrationscostadelsol.com\/?page_id=2686"},"modified":"2025-07-05T15:01:51","modified_gmt":"2025-07-05T13:01:51","slug":"registrer-et-koretoj-fra-eu-eller-uk-i-alicante","status":"publish","type":"page","link":"https:\/\/vehicleregistrationscostadelsol.com\/da\/register-a-eu-or-uk-vehicle-in-alicante\/","title":{"rendered":"Registrer et EU- eller UK-k\u00f8ret\u00f8j i Alicante"},"content":{"rendered":"<p><a href=\"https:\/\/vehicleregistrationscostadelsol.com\/da\/kategori\/alicante\/\">Alicante<\/a>&nbsp;\/ Ved&nbsp;<a href=\"https:\/\/vehicleregistrationscostadelsol.com\/da\/forfatter\/admin\/\">admin<\/a><\/p><div id=\"ez-toc-container\" class=\"ez-toc-v2_0_82_2 counter-hierarchy ez-toc-counter ez-toc-grey ez-toc-container-direction\">\n<div class=\"ez-toc-title-container\">\n<p class=\"ez-toc-title\" style=\"cursor:inherit\">Indholdsfortegnelse<\/p>\n<span class=\"ez-toc-title-toggle\"><a href=\"#\" class=\"ez-toc-pull-right ez-toc-btn ez-toc-btn-xs ez-toc-btn-default ez-toc-toggle\" aria-label=\"Toggle indholdsfortegnelse\"><span class=\"ez-toc-js-icon-con\"><span class=\"\"><span class=\"eztoc-hide\" style=\"display:none;\">Toggle<\/span><span class=\"ez-toc-icon-toggle-span\"><svg style=\"fill: #999;color:#999\" xmlns=\"http:\/\/www.w3.org\/2000\/svg\" class=\"list-377408\" width=\"20px\" height=\"20px\" viewbox=\"0 0 24 24\" fill=\"none\"><path d=\"M6 6H4v2h2V6zm14 0H8v2h12V6zM4 11h2v2H4v-2zm16 0H8v2h12v-2zM4 16h2v2H4v-2zm16 0H8v2h12v-2z\" fill=\"currentColor\"><\/path><\/svg><svg style=\"fill: #999;color:#999\" class=\"arrow-unsorted-368013\" xmlns=\"http:\/\/www.w3.org\/2000\/svg\" width=\"10px\" height=\"10px\" viewbox=\"0 0 24 24\" version=\"1.2\" baseprofile=\"tiny\"><path d=\"M18.2 9.3l-6.2-6.3-6.2 6.3c-.2.2-.3.4-.3.7s.1.5.3.7c.2.2.4.3.7.3h11c.3 0 .5-.1.7-.3.2-.2.3-.5.3-.7s-.1-.5-.3-.7zM5.8 14.7l6.2 6.3 6.2-6.3c.2-.2.3-.5.3-.7s-.1-.5-.3-.7c-.2-.2-.4-.3-.7-.3h-11c-.3 0-.5.1-.7.3-.2.2-.3.5-.3.7s.1.5.3.7z\"\/><\/svg><\/span><\/span><\/span><\/a><\/span><\/div>\n<nav><ul class='ez-toc-list ez-toc-list-level-1' ><li class='ez-toc-page-1 ez-toc-heading-level-2'><a class=\"ez-toc-link ez-toc-heading-1\" href=\"https:\/\/vehicleregistrationscostadelsol.com\/da\/register-a-eu-or-uk-vehicle-in-alicante\/#What_You_Will_Need_To_Register_A_Vehicle_In_Alicante\" >Hvad du skal bruge for at registrere et k\u00f8ret\u00f8j i Alicante<\/a><ul class='ez-toc-list-level-3' ><li class='ez-toc-heading-level-3'><a class=\"ez-toc-link ez-toc-heading-2\" href=\"https:\/\/vehicleregistrationscostadelsol.com\/da\/register-a-eu-or-uk-vehicle-in-alicante\/#So_How_Can_You_Help\" >S\u00e5 hvordan kan du hj\u00e6lpe?<\/a><ul class='ez-toc-list-level-4' ><li class='ez-toc-heading-level-4'><a class=\"ez-toc-link ez-toc-heading-3\" href=\"https:\/\/vehicleregistrationscostadelsol.com\/da\/register-a-eu-or-uk-vehicle-in-alicante\/#How_Easy_Is_The_ITV_In_Alicante_To_Register_Your_Car\" >Hvor nemt er ITV i Alicante at registrere din bil?<\/a><ul class='ez-toc-list-level-5' ><li class='ez-toc-heading-level-5'><a class=\"ez-toc-link ez-toc-heading-4\" href=\"https:\/\/vehicleregistrationscostadelsol.com\/da\/register-a-eu-or-uk-vehicle-in-alicante\/#What_If_It_Fails_The_Inspection_In_Alicante\" >Hvad hvis det mislykkes inspektionen i Alicante?<\/a><\/li><li class='ez-toc-page-1 ez-toc-heading-level-5'><a class=\"ez-toc-link ez-toc-heading-5\" href=\"https:\/\/vehicleregistrationscostadelsol.com\/da\/register-a-eu-or-uk-vehicle-in-alicante\/#What_Will_You_Need_If_Your_Vehicle_Fails_The_ITV\" >Hvad har du brug for, hvis dit k\u00f8ret\u00f8j fejler ITV?<\/a><\/li><\/ul><\/li><li class='ez-toc-page-1 ez-toc-heading-level-4'><a class=\"ez-toc-link ez-toc-heading-6\" href=\"https:\/\/vehicleregistrationscostadelsol.com\/da\/register-a-eu-or-uk-vehicle-in-alicante\/#Register_A_Vehicle_In_Alicante\" >Registrer et k\u00f8ret\u00f8j i Alicante<\/a><\/li><\/ul><\/li><\/ul><\/li><\/ul><\/nav><\/div>\n\n\n\n\n<p>Hvis du har bragt eller bringer dit k\u00f8ret\u00f8j til Spanien og \u00f8nsker at indregistrere et k\u00f8ret\u00f8j fra EU eller Storbritannien i\u00a0<a href=\"https:\/\/itvcitaprevia.es\/estaciones-itv\/comunidad-valenciana\/alicante\/\" target=\"_blank\" rel=\"noreferrer noopener\">Alicante<\/a>\u00a0du f\u00e5r brug for r\u00e5d om, hvad du har brug for, og hvordan du g\u00f8r processen med at f\u00e5 k\u00f8ret\u00f8jet p\u00e5 spanske nummerplader.<\/p>\n\n\n\n<h2 class=\"wp-block-heading\"><span class=\"ez-toc-section\" id=\"What_You_Will_Need_To_Register_A_Vehicle_In_Alicante\"><\/span>Hvad du skal bruge for at registrere et k\u00f8ret\u00f8j i Alicante<span class=\"ez-toc-section-end\"><\/span><\/h2>\n\n\n\n<ul class=\"wp-block-list\">\n<li>Dit k\u00f8ret\u00f8js registreringsdokument<\/li>\n\n\n\n<li>Et overensstemmelsescertifikat (Ficha Technica)<\/li>\n\n\n\n<li>ID-pas og NIE-nummer eller TIE-kort<\/li>\n\n\n\n<li>Bevis for adresse i Spanien.<\/li>\n<\/ul>\n\n\n\n<h3 class=\"wp-block-heading\"><span class=\"ez-toc-section\" id=\"So_How_Can_You_Help\"><\/span>S\u00e5 hvordan kan du hj\u00e6lpe?<span class=\"ez-toc-section-end\"><\/span><\/h3>\n\n\n\n<p>Vi kan udf\u00f8re en fjernservice og levere alt hvad du beh\u00f8ver for at tage dit k\u00f8ret\u00f8j til ITV&#039;en i Alicante. Vores service inkluderer endda en repr\u00e6sentant til at m\u00f8de dig p\u00e5 ITV-stationen f\u00f8r inspektionen i Alicante. Inkluderet i det papirarbejde, vi sender, er et Ficha Technica-signeret og lovligt (overensstemmelsescertifikat) dit ID og en fil med alt, hvad du beh\u00f8ver for at komme igennem ITV-inspektionen. Det eneste, du skal g\u00f8re, er at m\u00f8de op uden repr\u00e6sentant p\u00e5 et forud aftalt tidspunkt, og de vil g\u00f8re alt.<\/p>\n\n\n\n<p>Du sender papirerne til os, og vi tager os af papirerne, DGT, den endelige registrering, vejafgiften og beviser, at den er betalt, eventuelle emissionsafgifter. Vi sender dig derefter med kurer de nye spanske nummerplader og alt det papirarbejde, du har brug for, og dit k\u00f8ret\u00f8j er fuldt lovligt at k\u00f8re i Alicante og hele Spanien. Vi kan derefter levere tjenesten til at registrere et EU- eller UK-k\u00f8ret\u00f8j i Alicante. <\/p>\n\n\n\n<h4 class=\"wp-block-heading\"><span class=\"ez-toc-section\" id=\"How_Easy_Is_The_ITV_In_Alicante_To_Register_Your_Car\"><\/span>Hvor nemt er ITV i Alicante at registrere din bil?<span class=\"ez-toc-section-end\"><\/span><\/h4>\n\n\n\n<p>Vi har udf\u00f8rt mange vellykkede ITV-inspektioner i Alicante, og processen er faktisk ret nem. Vi kan give r\u00e5d om, hvad der kan fejle p\u00e5 ITV, og hvad du muligvis skal g\u00f8re inden bes\u00f8get. Dette kan omfatte oplysninger om d\u00e6k, lygter, anh\u00e6ngertr\u00e6k osv. Ficha Technica vil give de fleste detaljer, men vi ved, hvad inspektionsteknikerne ser efter. Kontakt os, s\u00e5 vi kan give dig et GRATIS TILBUD.<\/p>\n\n\n\n<div class=\"wp-block-buttons is-layout-flex wp-block-buttons-is-layout-flex\">\n<div class=\"wp-block-button\"><a class=\"wp-block-button__link wp-element-button\" href=\"\/\/api.whatsapp.com\/send\/?phone=34696337629&amp;text=Hi%2C+I+have+a+question+regards+ITV+in+Alicante&amp;type=phone_number&amp;app_absent=0 in Alicante\" target=\"_blank\" rel=\"noreferrer noopener\">Whatsapp os <\/a><\/div>\n\n\n\n<div class=\"wp-block-button\"><a class=\"wp-block-button__link wp-element-button\" href=\"mailto:info@vehicleregspain.wp1.sh?subject=ITV in Alicante&amp;body=Hi regarding an ITV in Alicante\">Email os<\/a><\/div>\n\n\n\n<div class=\"wp-block-button\"><a class=\"wp-block-button__link wp-element-button\" href=\"\/da\/tlf .: +34696337629\/\" target=\"_blank\" rel=\"noreferrer noopener\">Ring til os nu<\/a><\/div>\n<\/div>\n\n\n\n<hr class=\"wp-block-separator has-alpha-channel-opacity\"\/>\n\n\n\n<h5 class=\"wp-block-heading\"><span class=\"ez-toc-section\" id=\"What_If_It_Fails_The_Inspection_In_Alicante\"><\/span>Hvad hvis det mislykkes inspektionen i Alicante?<span class=\"ez-toc-section-end\"><\/span><\/h5>\n\n\n\n<p>Vi tilbyder en anden ITV gratis. Du beh\u00f8ver ikke at betale ITV&#039;en for en gentest eller mere til os for at f\u00e5 k\u00f8ret\u00f8jskortet, efter du har rettet det, de har anmodet om. Denne service bliver hjulpet af os med, hvad den m\u00e5tte have fejlet p\u00e5, og vi kan give r\u00e5d om, hvad du skal fort\u00e6lle den mekaniker, du bruger eller selv ordner.<\/p>\n\n\n\n<p>Vi er eksperter i det, vi laver. Her er lidt info om vores&nbsp;<a href=\"https:\/\/vehicleregistrationscostadelsol.com\/da\/fjernservice-til-registrering-af-koretojer-i-spanien\/\" target=\"_blank\" rel=\"noreferrer noopener\">fjernbetjening<\/a>&nbsp;og du er velkommen til at ringe, maile eller WhatsApp os. I sidste ende betyder det faktum, at du l\u00e6ser dette, at du har brug for hj\u00e6lp, vi h\u00e5ndterer alt i en s\u00e5dan grad, at din eneste bekymring normalt er at m\u00f8des p\u00e5 et bestemt tidspunkt p\u00e5 ITV-stationen.<\/p>\n\n\n\n<h5 class=\"wp-block-heading\"><span class=\"ez-toc-section\" id=\"What_Will_You_Need_If_Your_Vehicle_Fails_The_ITV\"><\/span>Hvad har du brug for, hvis dit k\u00f8ret\u00f8j fejler ITV?<span class=\"ez-toc-section-end\"><\/span><\/h5>\n\n\n\n<p>Det eneste, du skal tage, er det fejlark, du fik, da du tog testen. ITV vil normalt beholde de dokumenter, der blev udleveret f\u00f8rste gang. S\u00e5 vil ITV kontrollere, hvad du har gjort, de anmodede kun om. De vil IKKE lave hele testen igen. Eksempel. De fejler det forreste venstre d\u00e6k, det nye d\u00e6k er p\u00e5, de vil kun tjekke det ene d\u00e6k. Det er klart, at de vil tjekke alt, hvad de fejlede k\u00f8ret\u00f8jet p\u00e5 f\u00f8rste gang, men alt, der bestod f\u00f8rste gang, er ikke tjek til gentestene.<\/p>\n\n\n\n<h4 class=\"wp-block-heading\"><span class=\"ez-toc-section\" id=\"Register_A_Vehicle_In_Alicante\"><\/span>Registrer et k\u00f8ret\u00f8j i Alicante<span class=\"ez-toc-section-end\"><\/span><\/h4>\n\n\n\n<p>Hvis dit k\u00f8ret\u00f8j er fra Storbritannien, skal du muligvis&nbsp;<a href=\"https:\/\/vehicleregistrationscostadelsol.com\/da\/kontakt\/\" target=\"_blank\" rel=\"noreferrer noopener\">tale med os<\/a>&nbsp;om, hvorvidt vi kan give afkald p\u00e5 afgifter for bilen efter Brexit. EU-k\u00f8ret\u00f8jer er meget mere ligetil og kr\u00e6ver ikke importafgifter eller IVA, der skal betales p\u00e5 k\u00f8ret\u00f8jet. Registrering af bilen i Alicante er n\u00f8jagtig det samme som enhver anden kommune i Spanien, men aftalerne til ITV kan v\u00e6re meget hurtigere, s\u00e5 l\u00e6nge du har det korrekte papirarbejde og proces p\u00e5 plads f\u00f8r og efter inspektionen. Det er der, vi kan hj\u00e6lpe dig.<\/p>","protected":false},"excerpt":{"rendered":"<p>Alicante&nbsp;\/ By&nbsp;admin If you have brought or bringing your vehicle to Spain and are wishing to register a EU or UK vehicle in\u00a0Alicante\u00a0you are going to need advice on just what you need and how to do the process of getting the vehicle onto Spanish number plates. What You Will Need To Register A Vehicle [&hellip;]<\/p>\n","protected":false},"author":1,"featured_media":2673,"parent":0,"menu_order":0,"comment_status":"closed","ping_status":"closed","template":"","meta":{"site-sidebar-layout":"default","site-content-layout":"","ast-site-content-layout":"default","site-content-style":"default","site-sidebar-style":"default","ast-global-header-display":"","ast-banner-title-visibility":"","ast-main-header-display":"","ast-hfb-above-header-display":"","ast-hfb-below-header-display":"","ast-hfb-mobile-header-display":"","site-post-title":"","ast-breadcrumbs-content":"","ast-featured-img":"","footer-sml-layout":"","ast-disable-related-posts":"","theme-transparent-header-meta":"","adv-header-id-meta":"","stick-header-meta":"","header-above-stick-meta":"","header-main-stick-meta":"","header-below-stick-meta":"","astra-migrate-meta-layouts":"set","ast-page-background-enabled":"default","ast-page-background-meta":{"desktop":{"background-color":"","background-image":"","background-repeat":"repeat","background-position":"center center","background-size":"auto","background-attachment":"scroll","background-type":"","background-media":"","overlay-type":"","overlay-color":"","overlay-gradient":""},"tablet":{"background-color":"","background-image":"","background-repeat":"repeat","background-position":"center center","background-size":"auto","background-attachment":"scroll","background-type":"","background-media":"","overlay-type":"","overlay-color":"","overlay-gradient":""},"mobile":{"background-color":"","background-image":"","background-repeat":"repeat","background-position":"center center","background-size":"auto","background-attachment":"scroll","background-type":"","background-media":"","overlay-type":"","overlay-color":"","overlay-gradient":""}},"ast-content-background-meta":{"desktop":{"background-color":"var(--ast-global-color-5)","background-image":"","background-repeat":"repeat","background-position":"center center","background-size":"auto","background-attachment":"scroll","background-type":"","background-media":"","overlay-type":"","overlay-color":"","overlay-gradient":""},"tablet":{"background-color":"var(--ast-global-color-5)","background-image":"","background-repeat":"repeat","background-position":"center center","background-size":"auto","background-attachment":"scroll","background-type":"","background-media":"","overlay-type":"","overlay-color":"","overlay-gradient":""},"mobile":{"background-color":"var(--ast-global-color-5)","background-image":"","background-repeat":"repeat","background-position":"center center","background-size":"auto","background-attachment":"scroll","background-type":"","background-media":"","overlay-type":"","overlay-color":"","overlay-gradient":""}},"footnotes":""},"class_list":["post-2686","page","type-page","status-publish","has-post-thumbnail","hentry"],"_links":{"self":[{"href":"https:\/\/vehicleregistrationscostadelsol.com\/da\/wp-json\/wp\/v2\/pages\/2686","targetHints":{"allow":["GET"]}}],"collection":[{"href":"https:\/\/vehicleregistrationscostadelsol.com\/da\/wp-json\/wp\/v2\/pages"}],"about":[{"href":"https:\/\/vehicleregistrationscostadelsol.com\/da\/wp-json\/wp\/v2\/types\/page"}],"author":[{"embeddable":true,"href":"https:\/\/vehicleregistrationscostadelsol.com\/da\/wp-json\/wp\/v2\/users\/1"}],"replies":[{"embeddable":true,"href":"https:\/\/vehicleregistrationscostadelsol.com\/da\/wp-json\/wp\/v2\/comments?post=2686"}],"version-history":[{"count":0,"href":"https:\/\/vehicleregistrationscostadelsol.com\/da\/wp-json\/wp\/v2\/pages\/2686\/revisions"}],"wp:featuredmedia":[{"embeddable":true,"href":"https:\/\/vehicleregistrationscostadelsol.com\/da\/wp-json\/wp\/v2\/media\/2673"}],"wp:attachment":[{"href":"https:\/\/vehicleregistrationscostadelsol.com\/da\/wp-json\/wp\/v2\/media?parent=2686"}],"curies":[{"name":"wp","href":"https:\/\/api.w.org\/{rel}","templated":true}]}}