{"id":2713,"date":"2022-11-15T16:32:55","date_gmt":"2022-11-15T15:32:55","guid":{"rendered":"https:\/\/vehicleregistrationscostadelsol.com\/?page_id=2713"},"modified":"2026-01-10T22:46:23","modified_gmt":"2026-01-10T21:46:23","slug":"fjernserviceproces","status":"publish","type":"page","link":"https:\/\/vehicleregistrationscostadelsol.com\/da\/remote-service-process\/","title":{"rendered":"Fjernserviceproces"},"content":{"rendered":"<p>Velkommen til vores fjernservice papirarbejde og processide. Nedenfor er en gennemgang af etaperne for at f\u00e5 dit k\u00f8ret\u00f8j registreret i Spanien, hvis du ikke er t\u00e6t p\u00e5 os. For mere information om, hvordan det fungerer, er du velkommen til <a href=\"https:\/\/vehicleregistrationscostadelsol.com\/da\/fjernservice-til-registrering-af-koretojer-i-spanien\/\" data-type=\"URL\" data-id=\"https:\/\/vehicleregistrationscostadelsol.com\/remote-service-for-vehicle-registration-in-spain\/\" target=\"_blank\" rel=\"noreferrer noopener\">l\u00e6s her<\/a>.<br><\/p><div id=\"ez-toc-container\" class=\"ez-toc-v2_0_82_2 counter-hierarchy ez-toc-counter ez-toc-grey ez-toc-container-direction\">\n<div class=\"ez-toc-title-container\">\n<p class=\"ez-toc-title\" style=\"cursor:inherit\">Indholdsfortegnelse<\/p>\n<span class=\"ez-toc-title-toggle\"><a href=\"#\" class=\"ez-toc-pull-right ez-toc-btn ez-toc-btn-xs ez-toc-btn-default ez-toc-toggle\" aria-label=\"Toggle indholdsfortegnelse\"><span class=\"ez-toc-js-icon-con\"><span class=\"\"><span class=\"eztoc-hide\" style=\"display:none;\">Toggle<\/span><span class=\"ez-toc-icon-toggle-span\"><svg style=\"fill: #999;color:#999\" xmlns=\"http:\/\/www.w3.org\/2000\/svg\" class=\"list-377408\" width=\"20px\" height=\"20px\" viewbox=\"0 0 24 24\" fill=\"none\"><path d=\"M6 6H4v2h2V6zm14 0H8v2h12V6zM4 11h2v2H4v-2zm16 0H8v2h12v-2zM4 16h2v2H4v-2zm16 0H8v2h12v-2z\" fill=\"currentColor\"><\/path><\/svg><svg style=\"fill: #999;color:#999\" class=\"arrow-unsorted-368013\" xmlns=\"http:\/\/www.w3.org\/2000\/svg\" width=\"10px\" height=\"10px\" viewbox=\"0 0 24 24\" version=\"1.2\" baseprofile=\"tiny\"><path d=\"M18.2 9.3l-6.2-6.3-6.2 6.3c-.2.2-.3.4-.3.7s.1.5.3.7c.2.2.4.3.7.3h11c.3 0 .5-.1.7-.3.2-.2.3-.5.3-.7s-.1-.5-.3-.7zM5.8 14.7l6.2 6.3 6.2-6.3c.2-.2.3-.5.3-.7s-.1-.5-.3-.7c-.2-.2-.4-.3-.7-.3h-11c-.3 0-.5.1-.7.3-.2.2-.3.5-.3.7s.1.5.3.7z\"\/><\/svg><\/span><\/span><\/span><\/a><\/span><\/div>\n<nav><ul class='ez-toc-list ez-toc-list-level-1 eztoc-toggle-hide-by-default' ><li class='ez-toc-page-1 ez-toc-heading-level-2'><a class=\"ez-toc-link ez-toc-heading-1\" href=\"https:\/\/vehicleregistrationscostadelsol.com\/da\/remote-service-process\/#Stage_1_%E2%80%93_Green_Temporary_plates_if_needed_150_euros_E\" >Etape 1. \u2013 Gr\u00f8nne Midlertidige tallerkener (hvis n\u00f8dvendigt) 150 euro \u20ac<\/a><ul class='ez-toc-list-level-3' ><li class='ez-toc-heading-level-3'><a class=\"ez-toc-link ez-toc-heading-2\" href=\"https:\/\/vehicleregistrationscostadelsol.com\/da\/remote-service-process\/#Stage_2_Sending_paperwork_we_need_to_create_a_file_to_take_to_the_ITV_station\" >Trin 2. Sender papirer, vi skal oprette en fil, som vi kan tage med til ITV-stationen.<\/a><\/li><li class='ez-toc-page-1 ez-toc-heading-level-3'><a class=\"ez-toc-link ez-toc-heading-3\" href=\"https:\/\/vehicleregistrationscostadelsol.com\/da\/remote-service-process\/#Stage_3_Getting_a_Ficha_Technica_certificate_of_conformity_if_needed\" >Trin 3. F\u00e5 en Ficha Technica (overensstemmelsescertifikat, hvis n\u00f8dvendigt)<\/a><\/li><li class='ez-toc-page-1 ez-toc-heading-level-3'><a class=\"ez-toc-link ez-toc-heading-4\" href=\"https:\/\/vehicleregistrationscostadelsol.com\/da\/remote-service-process\/#Stage_4_To_get_started_Payment\" >Trin 4: S\u00e5dan kommer du i gang og betaling:<\/a><ul class='ez-toc-list-level-4' ><li class='ez-toc-heading-level-4'><a class=\"ez-toc-link ez-toc-heading-5\" href=\"https:\/\/vehicleregistrationscostadelsol.com\/da\/remote-service-process\/#The_importance_of_good_documents\" >Vigtigheden af gode dokumenter<\/a><\/li><\/ul><\/li><\/ul><\/li><\/ul><\/nav><\/div>\n\n\n\n\n<h2 class=\"wp-block-heading\"><span class=\"ez-toc-section\" id=\"Stage_1_%E2%80%93_Green_Temporary_plates_if_needed_150_euros_E\"><\/span>Etape 1. \u2013 Gr\u00f8nne Midlertidige tallerkener (hvis n\u00f8dvendigt) 150 euro \u20ac<span class=\"ez-toc-section-end\"><\/span><\/h2>\n\n\n\n<p>Hvis dit k\u00f8ret\u00f8j ikke er lovligt at k\u00f8re i Spanien, skal du bruge gr\u00f8nne nummerplader, som giver dig 60 dage til at k\u00f8re k\u00f8ret\u00f8jet lovligt i Spanien, mens vi laver immatrikuleringen for dig (k\u00f8ret\u00f8jet skal v\u00e6re forsikret p\u00e5 de midlertidige plader \u2013 vi kan hj\u00e6lpe med et gratis tilbud, hvis det er n\u00f8dvendigt). <strong>BEM\u00c6RK PLADERNE CA. 2 uger<\/strong> uden fast-track mulighed. Kopierne <strong>SKAL v\u00e6re gode scannede kopier<\/strong> da DGT vil n\u00e6gte at behandle dem med d\u00e5rlige kopier.<strong> BEM\u00c6RK OGS\u00c5, AT VI IKKE KAN F\u00c5 GR\u00d8NNE PLADER TIL K\u00d8RET\u00d8JER, VI IKKE REGISTRERER<\/strong>.<br><\/p>\n\n\n\n<ul class=\"wp-block-list\">\n<li>Vi har brug for <strong>ORIGINALE k\u00f8ret\u00f8jsregistreringsdokumenter<\/strong>: UK (V5) eller del 1 og 2 for EU-k\u00f8ret\u00f8jer kontakt os, s\u00e5 sender vi dig adressen. Send kun med kurer (vi kan levere en hvis n\u00f8dvendigt) <\/li>\n\n\n\n<li>POA \u2013 Bevis p\u00e5 adresse \u2013  <strong>KUN 1<\/strong> af f\u00f8lgende 3 n\u00f8dvendige: 1.Padron (dateret i de sidste 3 m\u00e5neder) 2. Ejendomssk\u00f8der i sin helhed (scannet), eller 3. en i dato underskrevet lejekontrakt<\/li>\n\n\n\n<li>Pasbillede og underskriftsside (med alle fire hj\u00f8rner inde)<\/li>\n\n\n\n<li>NIE eller TIE kort bagp\u00e5 og foran. <\/li>\n<\/ul>\n\n\n\n<p>Du kan sende disse ved at klikke p\u00e5 knapperne nedenfor. Vi accepterer WhatsApp og e-mail, men angiv venligst dit navn og k\u00f8ret\u00f8jet. Vi sender ogs\u00e5 betalingsinstruktion for at komme i gang. <\/p>\n\n\n\n<div class=\"wp-block-buttons is-layout-flex wp-block-buttons-is-layout-flex\">\n<div class=\"wp-block-button\"><a class=\"wp-block-button__link wp-element-button\" href=\"https:\/\/api.whatsapp.com\/send?phone=34696337629&amp;text=Hi%20regarding%20the%20green%20plates%20paperwork%20for%20the%20remote%20service.%20\" target=\"_blank\" rel=\"noreferrer noopener\">Whatsapp os <\/a><\/div>\n\n\n\n<div class=\"wp-block-button\"><a class=\"wp-block-button__link wp-element-button\" href=\"mailto:info@vehicleregspain.wp1.sh?subject=Green plates paperwork&amp;body=Hi regarding paperwork for green plates.....\" target=\"_blank\" rel=\"noreferrer noopener\">Email os<\/a><\/div>\n<\/div>\n\n\n\n<div style=\"height:27px\" aria-hidden=\"true\" class=\"wp-block-spacer\"><\/div>\n\n\n\n<h3 class=\"wp-block-heading\"><span class=\"ez-toc-section\" id=\"Stage_2_Sending_paperwork_we_need_to_create_a_file_to_take_to_the_ITV_station\"><\/span>Trin 2. Sender papirer, vi skal oprette en fil, som vi kan tage med til ITV-stationen. <span class=\"ez-toc-section-end\"><\/span><\/h3>\n\n\n\n<p>Papirerne skal vi samle i en fil med et f\u00f8lgebrev, som du kan tage med til din n\u00e6rmeste ITV-station. Vi hj\u00e6lper dig med et opkald f\u00f8r ITV om pr\u00e6cis, hvad du kan forvente p\u00e5 ITV-stationen. Hvordan man tager bilen igennem, og hvad man skal g\u00f8re med papirerne f\u00f8r og efter. Vi vil ogs\u00e5 give dig information om, hvad du skal tjekke f\u00f8r ITV&#039;en for at give k\u00f8ret\u00f8jet den bedste chance for succes. Vi vil give dig en komplet fil over, hvad du skal tage, s\u00e5 der ikke er nogen fejlkommunikation med ITV. <\/p>\n\n\n\n<ul class=\"wp-block-list\">\n<li>Gode scannede kopier af k\u00f8ret\u00f8jets registreringsdokumenter UK (V5 ) eller del 1 og 2 for EU-dokumenter. <\/li>\n\n\n\n<li>POA \u2013 Bevis p\u00e5 adresse \u2013  <strong>KUN 1<\/strong> af f\u00f8lgende 3 n\u00f8dvendige: 1.Padron (dateret i de sidste 3 m\u00e5neder) 2. Ejendomssk\u00f8der i sin helhed (scannet), eller 3. en i dato underskrevet lejekontrakt<\/li>\n\n\n\n<li>Pasbilledside (med alle fire hj\u00f8rner i)<\/li>\n\n\n\n<li>NIE eller TIE kort bagp\u00e5 og foran. <\/li>\n<\/ul>\n\n\n\n<div style=\"height:27px\" aria-hidden=\"true\" class=\"wp-block-spacer\"><\/div>\n\n\n\n<div class=\"wp-block-buttons is-layout-flex wp-block-buttons-is-layout-flex\">\n<div class=\"wp-block-button\"><a class=\"wp-block-button__link wp-element-button\" href=\"https:\/\/api.whatsapp.com\/send?phone=34696337629&amp;text=Hi%20%2C%20regarding%20the%20ITV%20info%20for%20the%20remote%20service.%20\" target=\"_blank\" rel=\"noreferrer noopener\">Whatsapp os <\/a><\/div>\n\n\n\n<div class=\"wp-block-button\"><a class=\"wp-block-button__link wp-element-button\" href=\"mailto:info@vehicleregspain.wp1.sh?subject=Regarding%20paperwork%20for%20the%20green%20plates&amp;body=We%20will%20send%20you%20the%20address%20to%20courier%20the%20paperwork%20to%20by%20return%20email%3A%20Please%20remember%20to%20state%20your%20name%20here%20please%20and%20attached%20paperwork........%0D%0A%0D%0AOriginal%20vehicle%20registration%20documents%20UK%20(V5%20)%20or%2C%20parts%201%20and%202%20for%20EU%20documents.%0D%0A%0D%0APOA%20-%20Proof%20of%20address%20-%20ONLY%201%20of%20the%20following%203%20needed%3A%201.Padron%20(dated%20in%20the%20last%203%20months)%202.Property%20deeds%20in%20full%20(scanned)%2C%20or%2C%203.%20an%20in%20date%20signed%20rental%20contract%0D%0A%0D%0APassport%20picture%20page%20(with%20all%20four%20corners%20in)%0D%0A%0D%0ANIE%20or%20TIE%20card%20back%20and%20front.\" target=\"_blank\" rel=\"noreferrer noopener\">Email os<\/a><\/div>\n<\/div>\n\n\n\n<div style=\"height:27px\" aria-hidden=\"true\" class=\"wp-block-spacer\"><\/div>\n\n\n\n<h3 class=\"wp-block-heading\"><span class=\"ez-toc-section\" id=\"Stage_3_Getting_a_Ficha_Technica_certificate_of_conformity_if_needed\"><\/span>Trin 3. F\u00e5 en Ficha Technica (overensstemmelsescertifikat, hvis n\u00f8dvendigt)<span class=\"ez-toc-section-end\"><\/span><\/h3>\n\n\n\n<p>Vi kan g\u00f8re flere ting her, for det f\u00f8rste kan du sende os billeder af k\u00f8ret\u00f8jet, og vi f\u00e5r dig et fuldt lovligt overensstemmelsescertifikat underskrevet af en autoriseret agent. Eller vi kan levere et hurtigt lagercertifikat for overensstemmelse, som, hvis der er nogen detaljer, der skal opdateres efter ITV&#039;en, kan vi h\u00e5ndtere det for dig direkte med dem. Den f\u00f8rste mulighed er meget nemmere, og DU SKAL BRUGE EN FICHA TECHICA for at f\u00e5 k\u00f8ret\u00f8jet gennem ITV&#039;en. Det kan ikke blive testet p\u00e5 ITV-stationen uden det. Dit k\u00f8ret\u00f8j har muligvis allerede et overensstemmelsescertifikat, men kun ORIGINALER accepteres. Kopier vil ikke blive accepteret af ITV-stationen. <\/p>\n\n\n\n<p><strong>Hvis du allerede har betalt et depositum, arrangerer vi dette med dig, og agenten vil tage direkte kontakt. Vi f\u00e5r brug for dette, n\u00e5r de gr\u00f8nne plader ankommer, hvis du har brug for dem for at spare tid p\u00e5 at f\u00e5 en ITV-aftale. <\/strong><\/p>\n\n\n\n<h3 class=\"wp-block-heading\"><span class=\"ez-toc-section\" id=\"Stage_4_To_get_started_Payment\"><\/span>Trin 4: S\u00e5dan kommer du i gang og betaling:<span class=\"ez-toc-section-end\"><\/span><\/h3>\n\n\n\n<p>Forh\u00e5bentlig har vi nu givet dig et gratis tilbud vedr\u00f8rende omkostningerne ved registrering af k\u00f8ret\u00f8jer i Spanien. Hvis du er klar til at g\u00e5 videre med fjerntjenesten, kr\u00e6ver vi et depositum p\u00e5 700 euro for at starte processen (plus 150e, hvis du har brug for gr\u00f8nne plader) Kontakt os venligst for at f\u00e5 bankoverf\u00f8rselsoplysningerne og send en kopi af overf\u00f8rslen, hvilket betyder, at vi kan starte processen med det samme, selv f\u00f8r indbetalingen udlignes. <\/p>\n\n\n\n<div class=\"wp-block-buttons is-layout-flex wp-block-buttons-is-layout-flex\">\n<div class=\"wp-block-button\"><a class=\"wp-block-button__link wp-element-button\" href=\"https:\/\/api.whatsapp.com\/send?phone=34696337629&amp;text=Please%20WhatsApp%20me%20the%20payment%20details%20for%20the%20remote%20service%20......\" target=\"_blank\" rel=\"noreferrer noopener\">Whatsapp mig betalingsoplysninger<\/a><\/div>\n\n\n\n<div class=\"wp-block-button\"><a class=\"wp-block-button__link wp-element-button\" href=\"mailto:info@vehicleregspain.wp1.sh?subject=Please%20send%20us%20the%20bank%20details%20to%20pay%20for%20the%20remote%20service&amp;body=Please%20state%20your%20name%20here%20.....%0D%0A%0D%0AWe%20will%20then%20send%20by%20return%20email%20to%20payment%20details%20to%20get%20started...%0D%0A%0D%0A700%20euros%20to%20start%20the%20process%2C%20or%2C%20850%20euros%20if%20green%20plates%20are%20needed.\" target=\"_blank\" rel=\"noreferrer noopener\">E-mail mig betalingsoplysningerne<\/a><\/div>\n<\/div>\n\n\n\n<div style=\"height:27px\" aria-hidden=\"true\" class=\"wp-block-spacer\"><\/div>\n\n\n\n<h4 class=\"wp-block-heading\"><span class=\"ez-toc-section\" id=\"The_importance_of_good_documents\"><\/span>Vigtigheden af gode dokumenter<span class=\"ez-toc-section-end\"><\/span><\/h4>\n\n\n\n<p>DGT, skattekontoret, r\u00e5dhuset og ITV-stationerne forventer alle gode scannede kopier af papirerne. Hvis kopierne ikke er gode, hj\u00f8rner afsk\u00e5ret, pletter over information, ude af stand til at l\u00e6se, n\u00e5r de er forst\u00f8rret, taget fra en vinkel osv., vil de normalt altid returnere dokumenterne med en afvisnings-e-mail, der siger, at de IKKE vil acceptere dokumenterne, hvilket spilder meget af tid. Denne e-mail kan nogle gange tage op til 1 uge, f\u00f8r de fort\u00e6ller os, at vi ikke har tilfredsstillet dem med det, vi har sendt. Vi SKAL sende gode eksemplarer. Hvis du k\u00e6mper og ikke har en scanner, s\u00e5 tag venligst billeder direkte fra oven med alle fire hj\u00f8rner p\u00e5 billedet og WhatsApp eller e-mail os med dokumenterne, og vi kan fors\u00f8ge at hj\u00e6lpe med at g\u00f8re dem acceptable. Et eksempel p\u00e5 et godt eksemplar er nedenfor. <\/p>\n\n\n\n<figure class=\"wp-block-image size-large\"><img fetchpriority=\"high\" decoding=\"async\" width=\"497\" height=\"1024\" src=\"https:\/\/vehicleregistrationscostadelsol.com\/wp-content\/uploads\/2022\/11\/dutch_kentekenbewijs-745x1536-1-497x1024.webp\" alt=\"Bilregistrering Costa del sol\" class=\"wp-image-2735\" title=\"Registrer din bil i Spanien\" srcset=\"https:\/\/vehicleregistrationscostadelsol.com\/wp-content\/uploads\/2022\/11\/dutch_kentekenbewijs-745x1536-1-497x1024.webp 497w, https:\/\/vehicleregistrationscostadelsol.com\/wp-content\/uploads\/2022\/11\/dutch_kentekenbewijs-745x1536-1-146x300.webp 146w, https:\/\/vehicleregistrationscostadelsol.com\/wp-content\/uploads\/2022\/11\/dutch_kentekenbewijs-745x1536-1-6x12.webp 6w, https:\/\/vehicleregistrationscostadelsol.com\/wp-content\/uploads\/2022\/11\/dutch_kentekenbewijs-745x1536-1.webp 745w\" sizes=\"(max-width: 497px) 100vw, 497px\" \/><figcaption class=\"wp-element-caption\">Et eksempel p\u00e5 godt scannet papirarbejde. Gode billeder med alle 4 hj\u00f8rner i burde v\u00e6re i orden. <\/figcaption><\/figure>","protected":false},"excerpt":{"rendered":"<p>Welcome to our remote service paperwork and process page. Below is a walk through of the stages to get your vehicle registered in Spain if you are not close to us. For more info on how that works feel free to read here. Stage 1. &#8211; Green Temporary plates (if needed) 150 euros \u20ac If [&hellip;]<\/p>\n","protected":false},"author":1,"featured_media":0,"parent":0,"menu_order":0,"comment_status":"closed","ping_status":"closed","template":"","meta":{"site-sidebar-layout":"default","site-content-layout":"","ast-site-content-layout":"default","site-content-style":"default","site-sidebar-style":"default","ast-global-header-display":"","ast-banner-title-visibility":"","ast-main-header-display":"","ast-hfb-above-header-display":"","ast-hfb-below-header-display":"","ast-hfb-mobile-header-display":"","site-post-title":"","ast-breadcrumbs-content":"","ast-featured-img":"","footer-sml-layout":"","ast-disable-related-posts":"","theme-transparent-header-meta":"","adv-header-id-meta":"","stick-header-meta":"","header-above-stick-meta":"","header-main-stick-meta":"","header-below-stick-meta":"","astra-migrate-meta-layouts":"set","ast-page-background-enabled":"default","ast-page-background-meta":{"desktop":{"background-color":"","background-image":"","background-repeat":"repeat","background-position":"center center","background-size":"auto","background-attachment":"scroll","background-type":"","background-media":"","overlay-type":"","overlay-color":"","overlay-opacity":"","overlay-gradient":""},"tablet":{"background-color":"","background-image":"","background-repeat":"repeat","background-position":"center center","background-size":"auto","background-attachment":"scroll","background-type":"","background-media":"","overlay-type":"","overlay-color":"","overlay-opacity":"","overlay-gradient":""},"mobile":{"background-color":"","background-image":"","background-repeat":"repeat","background-position":"center center","background-size":"auto","background-attachment":"scroll","background-type":"","background-media":"","overlay-type":"","overlay-color":"","overlay-opacity":"","overlay-gradient":""}},"ast-content-background-meta":{"desktop":{"background-color":"var(--ast-global-color-5)","background-image":"","background-repeat":"repeat","background-position":"center center","background-size":"auto","background-attachment":"scroll","background-type":"","background-media":"","overlay-type":"","overlay-color":"","overlay-opacity":"","overlay-gradient":""},"tablet":{"background-color":"var(--ast-global-color-5)","background-image":"","background-repeat":"repeat","background-position":"center center","background-size":"auto","background-attachment":"scroll","background-type":"","background-media":"","overlay-type":"","overlay-color":"","overlay-opacity":"","overlay-gradient":""},"mobile":{"background-color":"var(--ast-global-color-5)","background-image":"","background-repeat":"repeat","background-position":"center center","background-size":"auto","background-attachment":"scroll","background-type":"","background-media":"","overlay-type":"","overlay-color":"","overlay-opacity":"","overlay-gradient":""}},"footnotes":""},"class_list":["post-2713","page","type-page","status-publish","hentry"],"_links":{"self":[{"href":"https:\/\/vehicleregistrationscostadelsol.com\/da\/wp-json\/wp\/v2\/pages\/2713","targetHints":{"allow":["GET"]}}],"collection":[{"href":"https:\/\/vehicleregistrationscostadelsol.com\/da\/wp-json\/wp\/v2\/pages"}],"about":[{"href":"https:\/\/vehicleregistrationscostadelsol.com\/da\/wp-json\/wp\/v2\/types\/page"}],"author":[{"embeddable":true,"href":"https:\/\/vehicleregistrationscostadelsol.com\/da\/wp-json\/wp\/v2\/users\/1"}],"replies":[{"embeddable":true,"href":"https:\/\/vehicleregistrationscostadelsol.com\/da\/wp-json\/wp\/v2\/comments?post=2713"}],"version-history":[{"count":1,"href":"https:\/\/vehicleregistrationscostadelsol.com\/da\/wp-json\/wp\/v2\/pages\/2713\/revisions"}],"predecessor-version":[{"id":3386,"href":"https:\/\/vehicleregistrationscostadelsol.com\/da\/wp-json\/wp\/v2\/pages\/2713\/revisions\/3386"}],"wp:attachment":[{"href":"https:\/\/vehicleregistrationscostadelsol.com\/da\/wp-json\/wp\/v2\/media?parent=2713"}],"curies":[{"name":"wp","href":"https:\/\/api.w.org\/{rel}","templated":true}]}}