{"id":2744,"date":"2022-11-15T18:00:01","date_gmt":"2022-11-15T17:00:01","guid":{"rendered":"https:\/\/vehicleregistrationscostadelsol.com\/?page_id=2744"},"modified":"2025-07-02T22:18:15","modified_gmt":"2025-07-02T20:18:15","slug":"at-fa-en-ficha-technica-eller-et-overensstemmelsescertifikat-i-spanien","status":"publish","type":"page","link":"https:\/\/vehicleregistrationscostadelsol.com\/da\/getting-a-ficha-technica-or-a-certificate-of-conformity-in-spain\/","title":{"rendered":"F\u00e5 en Ficha Technica eller et overensstemmelsescertifikat i Spanien"},"content":{"rendered":"<p>At f\u00e5 en Ficha Technica eller et overensstemmelsescertifikat i Spanien er ret simpelt. Et overensstemmelsescertifikat bruges til at pr\u00e6sentere for ITV og indeholder oplysningerne om k\u00f8ret\u00f8jets specifikation for at kontrollere, at det er i overensstemmelse med lovene i Spanien vedr\u00f8rende, hvad der betragtes som europ\u00e6isk overensstemmelse.<\/p><div id=\"ez-toc-container\" class=\"ez-toc-v2_0_82_2 counter-hierarchy ez-toc-counter ez-toc-grey ez-toc-container-direction\">\n<div class=\"ez-toc-title-container\">\n<p class=\"ez-toc-title\" style=\"cursor:inherit\">Indholdsfortegnelse<\/p>\n<span class=\"ez-toc-title-toggle\"><a href=\"#\" class=\"ez-toc-pull-right ez-toc-btn ez-toc-btn-xs ez-toc-btn-default ez-toc-toggle\" aria-label=\"Toggle indholdsfortegnelse\"><span class=\"ez-toc-js-icon-con\"><span class=\"\"><span class=\"eztoc-hide\" style=\"display:none;\">Toggle<\/span><span class=\"ez-toc-icon-toggle-span\"><svg style=\"fill: #999;color:#999\" xmlns=\"http:\/\/www.w3.org\/2000\/svg\" class=\"list-377408\" width=\"20px\" height=\"20px\" viewbox=\"0 0 24 24\" fill=\"none\"><path d=\"M6 6H4v2h2V6zm14 0H8v2h12V6zM4 11h2v2H4v-2zm16 0H8v2h12v-2zM4 16h2v2H4v-2zm16 0H8v2h12v-2z\" fill=\"currentColor\"><\/path><\/svg><svg style=\"fill: #999;color:#999\" class=\"arrow-unsorted-368013\" xmlns=\"http:\/\/www.w3.org\/2000\/svg\" width=\"10px\" height=\"10px\" viewbox=\"0 0 24 24\" version=\"1.2\" baseprofile=\"tiny\"><path d=\"M18.2 9.3l-6.2-6.3-6.2 6.3c-.2.2-.3.4-.3.7s.1.5.3.7c.2.2.4.3.7.3h11c.3 0 .5-.1.7-.3.2-.2.3-.5.3-.7s-.1-.5-.3-.7zM5.8 14.7l6.2 6.3 6.2-6.3c.2-.2.3-.5.3-.7s-.1-.5-.3-.7c-.2-.2-.4-.3-.7-.3h-11c-.3 0-.5.1-.7.3-.2.2-.3.5-.3.7s.1.5.3.7z\"\/><\/svg><\/span><\/span><\/span><\/a><\/span><\/div>\n<nav><ul class='ez-toc-list ez-toc-list-level-1' ><li class='ez-toc-page-1 ez-toc-heading-level-2'><a class=\"ez-toc-link ez-toc-heading-1\" href=\"https:\/\/vehicleregistrationscostadelsol.com\/da\/getting-a-ficha-technica-or-a-certificate-of-conformity-in-spain\/#Order_a_Certificate_of_Conformity_online_for_Spain\" >Bestil et overensstemmelsescertifikat online til Spanien<\/a><\/li><li class='ez-toc-page-1 ez-toc-heading-level-2'><a class=\"ez-toc-link ez-toc-heading-2\" href=\"https:\/\/vehicleregistrationscostadelsol.com\/da\/getting-a-ficha-technica-or-a-certificate-of-conformity-in-spain\/#Is_a_copy_of_a_Ficha_Technica_Certificate_of_Conformity_acceptable\" >Er en kopi af et Ficha Technica-overensstemmelsescertifikat acceptabel?<\/a><ul class='ez-toc-list-level-3' ><li class='ez-toc-heading-level-3'><a class=\"ez-toc-link ez-toc-heading-3\" href=\"https:\/\/vehicleregistrationscostadelsol.com\/da\/getting-a-ficha-technica-or-a-certificate-of-conformity-in-spain\/#Can_you_help_with_the_whole_service\" >Kan du hj\u00e6lpe med hele servicen?<\/a><\/li><li class='ez-toc-page-1 ez-toc-heading-level-3'><a class=\"ez-toc-link ez-toc-heading-4\" href=\"https:\/\/vehicleregistrationscostadelsol.com\/da\/getting-a-ficha-technica-or-a-certificate-of-conformity-in-spain\/#What_Information_is_in_a_certificate_of_conformity\" >Hvilke oplysninger er der i et overensstemmelsescertifikat?<\/a><\/li><\/ul><\/li><\/ul><\/nav><\/div>\n\n\n\n\n<p>Vi leverer disse Ficha Technica overensstemmelsescertifikater til k\u00f8ret\u00f8jer i hele Spanien. Vi hj\u00e6lper naturligvis med hele processen, men hvis du har brug for et overensstemmelsescertifikat, og du selv besk\u00e6ftiger dig med processen, s\u00e5 kontakt os venligst, og vi s\u00f8rger for et til ITV. <\/p>\n\n\n\n<div class=\"inherit-container-width wp-block-group is-layout-constrained wp-block-group-is-layout-constrained\"><div class=\"wp-block-group__inner-container\">\n<div class=\"wp-block-buttons is-layout-flex wp-block-buttons-is-layout-flex\">\n<div class=\"wp-block-button\"><a class=\"wp-block-button__link wp-element-button\" href=\"https:\/\/wa.me\/34696337629?text=Hi%2C%20I%20have%20a%20question%20regards%20Ficha%20Technica%20Certificate%20of%20Conformity.\" target=\"_blank\" rel=\"noreferrer noopener\">Whatsapp os<\/a><\/div>\n\n\n\n<div class=\"wp-block-button\"><a class=\"wp-block-button__link wp-element-button\" href=\"mailto:darren@equitas-property.com?subject=Hi%20Regards%20a%20Ficha%20Technica%20Certificate%20of%20conformity%20&amp;body=Hi%20Vehicle%20registrations%2C%20%0D%0A%0D%0A\">Email os <\/a><\/div>\n\n\n\n<div class=\"wp-block-button\"><a class=\"wp-block-button__link wp-element-button\" href=\"\/da\/tlf .: +34696337629\/\" target=\"_blank\" rel=\"noreferrer noopener\">Ring til os <\/a><\/div>\n<\/div>\n<\/div><\/div>\n\n\n\n<div style=\"height:25px\" aria-hidden=\"true\" class=\"wp-block-spacer\"><\/div>\n\n\n\n<h2 class=\"wp-block-heading\"><span class=\"ez-toc-section\" id=\"Order_a_Certificate_of_Conformity_online_for_Spain\"><\/span>Bestil et overensstemmelsescertifikat online til Spanien<span class=\"ez-toc-section-end\"><\/span><\/h2>\n\n\n\n<p>Vi kan levere et overensstemmelsescertifikat online til Spanien, hvor som helst i Spanien. S\u00f8rg for, at du har den korrekte Ficha Technica SIGNERET af en certificeret fagmand. Alt vil blive leveret til at tage et ordentligt SPANSK overensstemmelsescertifikat for at tage til ITV-udn\u00e6vnelsen.<\/p>\n\n\n\n<p>Vi kan sende overensstemmelsesattesten digitalt eller sende med anbefalet post. Dette kan bruges til at tage med til din ITV-aftale. Igen hvis du har brug for hj\u00e6lp til <a href=\"https:\/\/vehicleregistrationscostadelsol.com\/da\/\" target=\"_blank\" rel=\"noreferrer noopener\">hele processen fra start til slut<\/a>, skal du bare bruge certifikatet, eller du vil have os til at h\u00e5ndtere den endelige registrering af k\u00f8ret\u00f8jet, vi kan udf\u00f8re alle disse tjenester. <\/p>\n\n\n\n<h2 class=\"wp-block-heading\"><span class=\"ez-toc-section\" id=\"Is_a_copy_of_a_Ficha_Technica_Certificate_of_Conformity_acceptable\"><\/span>Er en kopi af et Ficha Technica-overensstemmelsescertifikat acceptabel?<span class=\"ez-toc-section-end\"><\/span><\/h2>\n\n\n\n<p>Ikke p\u00e5 de fleste ITV-stationer nej. De fleste skal v\u00e6re udf\u00f8rt af en certificeret professionel og fysisk underskrevet for at ITV kan acceptere certifikatet. Kun det certifikat, der blev udstedt p\u00e5 salgsstedet for k\u00f8ret\u00f8jet, accepteres p\u00e5 de fleste ITV-stationer. <\/p>\n\n\n\n<h3 class=\"wp-block-heading\"><span class=\"ez-toc-section\" id=\"Can_you_help_with_the_whole_service\"><\/span>Kan du hj\u00e6lpe med hele servicen?<span class=\"ez-toc-section-end\"><\/span><\/h3>\n\n\n\n<p>Vi kan tilbyde en <a href=\"https:\/\/vehicleregistrationscostadelsol.com\/da\/fjernservice-til-registrering-af-koretojer-i-spanien\/\">fjernbetjening <\/a>Ja. Det er her, vi ikke har fysisk adgang til k\u00f8ret\u00f8jet eller i stand til at deltage i <a href=\"https:\/\/www.applusiteuve.com\/es-es\/estaciones-itv\/itv-comunidad-valenciana\/itv-alicante\/\" data-type=\"URL\" data-id=\"https:\/\/www.applusiteuve.com\/es-es\/estaciones-itv\/itv-comunidad-valenciana\/itv-alicante\/\" target=\"_blank\" rel=\"noreferrer noopener\">ITV<\/a> med dig. L\u00e6s dog vores artikel, hvordan vi hj\u00e6lper, og at servicen stort set er den samme. Vores service er, s\u00e5 vidt vi ved, den mest omfattende i Spanien. Vi hj\u00e6lper ogs\u00e5 med at booke ITV&#039;en for dig og s\u00f8rger for alt papirarbejdet og h\u00e5ndterer registreringer, skatter og vejafgifter.<\/p>\n\n\n\n<div class=\"wp-block-buttons is-layout-flex wp-block-buttons-is-layout-flex\">\n<div class=\"wp-block-button\"><a class=\"wp-block-button__link wp-element-button\" href=\"https:\/\/wa.me\/34696337629?text=Hi%2C%20I%20have%20a%20question%20regards%20Ficha%20Technica%20Certificate%20of%20Conformity.\" target=\"_blank\" rel=\"noreferrer noopener\">Whatsapp os<\/a><\/div>\n\n\n\n<div class=\"wp-block-button\"><a class=\"wp-block-button__link wp-element-button\" href=\"mailto:darren@equitas-property.com?subject=Hi%20Regards%20a%20Ficha%20Technica%20Certificate%20of%20conformity%20&amp;body=Hi%20Vehicle%20registrations%2C%20%0D%0A%0D%0A\" target=\"_blank\" rel=\"noreferrer noopener\">Email os <\/a><\/div>\n\n\n\n<div class=\"wp-block-button\"><a class=\"wp-block-button__link wp-element-button\" href=\"\/da\/tlf .: +34696337629\/\" target=\"_blank\" rel=\"noreferrer noopener\">Ring til os <\/a><\/div>\n<\/div>\n\n\n\n<div style=\"height:27px\" aria-hidden=\"true\" class=\"wp-block-spacer\"><\/div>\n\n\n\n<h3 class=\"wp-block-heading\"><span class=\"ez-toc-section\" id=\"What_Information_is_in_a_certificate_of_conformity\"><\/span>Hvilke oplysninger er der i et overensstemmelsescertifikat?<span class=\"ez-toc-section-end\"><\/span><\/h3>\n\n\n\n<p>Specifikationen for det originale k\u00f8ret\u00f8j, og hvordan det kom fra producentens fabriksgulv, n\u00e5r det var nyt. Alt, hvad der ikke er standard, vil du have problemer med p\u00e5 ITV-stationen. Spanien har en streng overensstemmelsesprocedure for de k\u00f8ret\u00f8jer, der \u00f8nsker at blive registreret p\u00e5 spanske plader. Det underskrevne overensstemmelsescertifikat vil blive udf\u00f8rt af en autoriseret agent og vil ikke have nogen problemer overhovedet p\u00e5 ITV-stationen. Den vil indeholde alle oplysninger, der er relevante for den originale standardoverensstemmelse. Overlad det h\u00e5rde arbejde til os og husk, at vi ogs\u00e5 kan hj\u00e6lpe dig med hele servicen overalt i landet. <\/p>\n\n\n\n<p><\/p>","protected":false},"excerpt":{"rendered":"<p>Getting a Ficha Technica or a certificate of conformity in Spain is pretty simple. A certificate of conformity is used to present to the ITV and contains the information of the specification of the vehicle to check against the laws in Spain regarding what is considered European conformity. We provide these Ficha Technica Certificate of [&hellip;]<\/p>\n","protected":false},"author":1,"featured_media":2756,"parent":0,"menu_order":0,"comment_status":"closed","ping_status":"closed","template":"","meta":{"site-sidebar-layout":"default","site-content-layout":"","ast-site-content-layout":"default","site-content-style":"default","site-sidebar-style":"default","ast-global-header-display":"","ast-banner-title-visibility":"","ast-main-header-display":"","ast-hfb-above-header-display":"","ast-hfb-below-header-display":"","ast-hfb-mobile-header-display":"","site-post-title":"","ast-breadcrumbs-content":"","ast-featured-img":"","footer-sml-layout":"","ast-disable-related-posts":"","theme-transparent-header-meta":"","adv-header-id-meta":"","stick-header-meta":"","header-above-stick-meta":"","header-main-stick-meta":"","header-below-stick-meta":"","astra-migrate-meta-layouts":"set","ast-page-background-enabled":"default","ast-page-background-meta":{"desktop":{"background-color":"","background-image":"","background-repeat":"repeat","background-position":"center center","background-size":"auto","background-attachment":"scroll","background-type":"","background-media":"","overlay-type":"","overlay-color":"","overlay-gradient":""},"tablet":{"background-color":"","background-image":"","background-repeat":"repeat","background-position":"center center","background-size":"auto","background-attachment":"scroll","background-type":"","background-media":"","overlay-type":"","overlay-color":"","overlay-gradient":""},"mobile":{"background-color":"","background-image":"","background-repeat":"repeat","background-position":"center center","background-size":"auto","background-attachment":"scroll","background-type":"","background-media":"","overlay-type":"","overlay-color":"","overlay-gradient":""}},"ast-content-background-meta":{"desktop":{"background-color":"var(--ast-global-color-5)","background-image":"","background-repeat":"repeat","background-position":"center center","background-size":"auto","background-attachment":"scroll","background-type":"","background-media":"","overlay-type":"","overlay-color":"","overlay-gradient":""},"tablet":{"background-color":"var(--ast-global-color-5)","background-image":"","background-repeat":"repeat","background-position":"center center","background-size":"auto","background-attachment":"scroll","background-type":"","background-media":"","overlay-type":"","overlay-color":"","overlay-gradient":""},"mobile":{"background-color":"var(--ast-global-color-5)","background-image":"","background-repeat":"repeat","background-position":"center center","background-size":"auto","background-attachment":"scroll","background-type":"","background-media":"","overlay-type":"","overlay-color":"","overlay-gradient":""}},"footnotes":""},"class_list":["post-2744","page","type-page","status-publish","has-post-thumbnail","hentry"],"_links":{"self":[{"href":"https:\/\/vehicleregistrationscostadelsol.com\/da\/wp-json\/wp\/v2\/pages\/2744","targetHints":{"allow":["GET"]}}],"collection":[{"href":"https:\/\/vehicleregistrationscostadelsol.com\/da\/wp-json\/wp\/v2\/pages"}],"about":[{"href":"https:\/\/vehicleregistrationscostadelsol.com\/da\/wp-json\/wp\/v2\/types\/page"}],"author":[{"embeddable":true,"href":"https:\/\/vehicleregistrationscostadelsol.com\/da\/wp-json\/wp\/v2\/users\/1"}],"replies":[{"embeddable":true,"href":"https:\/\/vehicleregistrationscostadelsol.com\/da\/wp-json\/wp\/v2\/comments?post=2744"}],"version-history":[{"count":0,"href":"https:\/\/vehicleregistrationscostadelsol.com\/da\/wp-json\/wp\/v2\/pages\/2744\/revisions"}],"wp:featuredmedia":[{"embeddable":true,"href":"https:\/\/vehicleregistrationscostadelsol.com\/da\/wp-json\/wp\/v2\/media\/2756"}],"wp:attachment":[{"href":"https:\/\/vehicleregistrationscostadelsol.com\/da\/wp-json\/wp\/v2\/media?parent=2744"}],"curies":[{"name":"wp","href":"https:\/\/api.w.org\/{rel}","templated":true}]}}