{"id":2860,"date":"2023-02-28T14:15:49","date_gmt":"2023-02-28T13:15:49","guid":{"rendered":"https:\/\/vehicleregistrationscostadelsol.com\/?page_id=2860"},"modified":"2026-01-10T22:45:20","modified_gmt":"2026-01-10T21:45:20","slug":"registrer-et-dansk-koretoj-i-spanien","status":"publish","type":"page","link":"https:\/\/vehicleregistrationscostadelsol.com\/da\/register-a-danish-vehicle-in-spain\/","title":{"rendered":"Registrer et dansk k\u00f8ret\u00f8j i Spanien"},"content":{"rendered":"<p>Det er ret nemt at registrere et dansk k\u00f8ret\u00f8j i Spanien. De fleste k\u00f8ret\u00f8jer fra Danmark er blevet passet godt p\u00e5, hvilket betyder, at de helt sikkert er v\u00e6rd at registrere, da de tilsvarende k\u00f8ret\u00f8jer i Spanien er meget dyrere. Alt er placeret p\u00e5 det rigtige sted. Forlygterne, rattet og kilometerstand er alle sammen i overensstemmelse med at best\u00e5 et ITV-eftersyn i Spanien. <\/p><div id=\"ez-toc-container\" class=\"ez-toc-v2_0_82_2 counter-hierarchy ez-toc-counter ez-toc-grey ez-toc-container-direction\">\n<div class=\"ez-toc-title-container\">\n<p class=\"ez-toc-title\" style=\"cursor:inherit\">Indholdsfortegnelse<\/p>\n<span class=\"ez-toc-title-toggle\"><a href=\"#\" class=\"ez-toc-pull-right ez-toc-btn ez-toc-btn-xs ez-toc-btn-default ez-toc-toggle\" aria-label=\"Toggle indholdsfortegnelse\"><span class=\"ez-toc-js-icon-con\"><span class=\"\"><span class=\"eztoc-hide\" style=\"display:none;\">Toggle<\/span><span class=\"ez-toc-icon-toggle-span\"><svg style=\"fill: #999;color:#999\" xmlns=\"http:\/\/www.w3.org\/2000\/svg\" class=\"list-377408\" width=\"20px\" height=\"20px\" viewbox=\"0 0 24 24\" fill=\"none\"><path d=\"M6 6H4v2h2V6zm14 0H8v2h12V6zM4 11h2v2H4v-2zm16 0H8v2h12v-2zM4 16h2v2H4v-2zm16 0H8v2h12v-2z\" fill=\"currentColor\"><\/path><\/svg><svg style=\"fill: #999;color:#999\" class=\"arrow-unsorted-368013\" xmlns=\"http:\/\/www.w3.org\/2000\/svg\" width=\"10px\" height=\"10px\" viewbox=\"0 0 24 24\" version=\"1.2\" baseprofile=\"tiny\"><path d=\"M18.2 9.3l-6.2-6.3-6.2 6.3c-.2.2-.3.4-.3.7s.1.5.3.7c.2.2.4.3.7.3h11c.3 0 .5-.1.7-.3.2-.2.3-.5.3-.7s-.1-.5-.3-.7zM5.8 14.7l6.2 6.3 6.2-6.3c.2-.2.3-.5.3-.7s-.1-.5-.3-.7c-.2-.2-.4-.3-.7-.3h-11c-.3 0-.5.1-.7.3-.2.2-.3.5-.3.7s.1.5.3.7z\"\/><\/svg><\/span><\/span><\/span><\/a><\/span><\/div>\n<nav><ul class='ez-toc-list ez-toc-list-level-1' ><li class='ez-toc-page-1 ez-toc-heading-level-3'><a class=\"ez-toc-link ez-toc-heading-1\" href=\"https:\/\/vehicleregistrationscostadelsol.com\/da\/register-a-danish-vehicle-in-spain\/#What_is_required_to_Register_a_Danish_Vehicle_in_Spain\" >Hvad kr\u00e6ves der for at indregistrere et dansk k\u00f8ret\u00f8j i Spanien?<\/a><\/li><li class='ez-toc-page-1 ez-toc-heading-level-3'><a class=\"ez-toc-link ez-toc-heading-2\" href=\"https:\/\/vehicleregistrationscostadelsol.com\/da\/register-a-danish-vehicle-in-spain\/#Paperwork_required_for_a_Danish_Vehicle\" >Papirarbejde, der kr\u00e6ves for et dansk k\u00f8ret\u00f8j<\/a><\/li><li class='ez-toc-page-1 ez-toc-heading-level-3'><a class=\"ez-toc-link ez-toc-heading-3\" href=\"https:\/\/vehicleregistrationscostadelsol.com\/da\/register-a-danish-vehicle-in-spain\/#How_do_you_get_a_free_Estimate_on_costs\" >Hvordan f\u00e5r du et gratis overslag over omkostningerne?<\/a><ul class='ez-toc-list-level-4' ><li class='ez-toc-heading-level-4'><a class=\"ez-toc-link ez-toc-heading-4\" href=\"https:\/\/vehicleregistrationscostadelsol.com\/da\/register-a-danish-vehicle-in-spain\/#Have_you_Registered_a_Vehicle_from_denmark_in_Spain_Before\" >Har du indregistreret et k\u00f8ret\u00f8j fra Danmark i Spanien f\u00f8r?<\/a><\/li><\/ul><\/li><\/ul><\/nav><\/div>\n\n\n\n\n<h3 class=\"wp-block-heading\"><span class=\"ez-toc-section\" id=\"What_is_required_to_Register_a_Danish_Vehicle_in_Spain\"><\/span>Hvad kr\u00e6ves der for at indregistrere et dansk k\u00f8ret\u00f8j i Spanien?<span class=\"ez-toc-section-end\"><\/span><\/h3>\n\n\n\n<ul class=\"wp-block-list\">\n<li>Del 1 i k\u00f8ret\u00f8jets registreringsdokument - Del 1(Bl\u00e5)<\/li>\n\n\n\n<li>Del 2 i k\u00f8ret\u00f8jets registreringsattest - Del 2 (bl\u00e5) <\/li>\n\n\n\n<li>Bevis for adresse i Spanien<\/li>\n\n\n\n<li>Bevis for ID<\/li>\n<\/ul>\n\n\n\n<h3 class=\"wp-block-heading\"><span class=\"ez-toc-section\" id=\"Paperwork_required_for_a_Danish_Vehicle\"><\/span>Papirarbejde, der kr\u00e6ves for et dansk k\u00f8ret\u00f8j<span class=\"ez-toc-section-end\"><\/span><\/h3>\n\n\n\n<p>Nedenfor er et eksempel p\u00e5 b\u00e5de del 1 og del 2 i k\u00f8ret\u00f8jsregistreringsdokumentet. <strong>Uden begge dele kan du ikke indregistrere et dansk k\u00f8ret\u00f8j i Spanien.  <\/strong><\/p>\n\n\n\n<figure class=\"wp-block-gallery has-nested-images columns-default is-cropped wp-block-gallery-1 is-layout-flex wp-block-gallery-is-layout-flex\">\n<figure class=\"wp-block-image size-full\"><a href=\"https:\/\/www.danishroadtrafficauthority.dk\/\" target=\"_blank\" rel=\" noreferrer noopener\"><img decoding=\"async\" data-id=\"2863\" src=\"https:\/\/vehicleregistrationscostadelsol.com\/wp-content\/uploads\/2023\/02\/Danish-vehicle-regsitration-in-spain.webp\" alt=\"Bilregistrering Costa del sol\" class=\"wp-image-2863\" title=\"Registrer din bil i Spanien\"><\/a><\/figure>\n<\/figure>\n\n\n\n<p><\/p>\n\n\n\n<p>Dette er n\u00f8dvendigt i sit oprindelige format for at bestille ITV's tekniske inspektion. Du skal ogs\u00e5 have os til at oprette en fil og sende den til ITV-stationen. Kontroller k\u00f8ret\u00f8jets overensstemmelse for at sikre, at det rent faktisk kan tage en k\u00f8ret\u00f8jspr\u00f8ve. K\u00f8ret\u00f8jets emissioner, registreringsdato, motor og effekt samt datoen p\u00e5 dokumentet. <br><br><\/p>\n\n\n\n<h3 class=\"wp-block-heading\"><span class=\"ez-toc-section\" id=\"How_do_you_get_a_free_Estimate_on_costs\"><\/span>Hvordan f\u00e5r du et gratis overslag over omkostningerne?<span class=\"ez-toc-section-end\"><\/span><\/h3>\n\n\n\n<p>For at f\u00e5 et hurtigt og gratis tilbud skal du blot udfylde formularen og sende os afsnit 1 og 2 af dit k\u00f8ret\u00f8js registreringsdokumenter. N\u00e5r du har udfyldt formularen, f\u00e5r du en e-mail, s\u00e5 du kan sende dokumenterne via e-mail eller WhatsApp. Derefter giver vi dig et hurtigt tilbud med oplysninger om omkostninger, procedurer og afgifter, og vi foretager en omfattende analyse af k\u00f8ret\u00f8jet.<\/p>\n\n\n\n<iframe src=\"https:\/\/www.cognitoforms.com\/f\/K4s97m8SD0mZMY-AxYnlJw\/10\" style=\"border:0;width:100%;\" height=\"1450\"><\/iframe>\n<script src=\"https:\/\/www.cognitoforms.com\/f\/iframe.js\"><\/script>\n\n\n\n<h4 class=\"wp-block-heading\"><span class=\"ez-toc-section\" id=\"Have_you_Registered_a_Vehicle_from_denmark_in_Spain_Before\"><\/span>Har du indregistreret et k\u00f8ret\u00f8j fra Danmark i Spanien f\u00f8r?<span class=\"ez-toc-section-end\"><\/span><\/h4>\n\n\n\n<p>Ja, vi har indregistreret mange danske k\u00f8ret\u00f8jer her i Spanien. Normalt er det en ret ligetil proces, fordi danske k\u00f8ret\u00f8jer er venstrestyrede. Faktisk har vi indregistreret mange <a href=\"https:\/\/vehicleregistrationscostadelsol.com\/da\/registrering-af-en-motorcykel-i-spanien\/\">Danske motorcykler<\/a> ogs\u00e5. Vi har en meget h\u00f8j godkendelsesprocent for den tekniske inspektion af k\u00f8ret\u00f8jer fra Danmark, som regel fordi de er blevet passet godt p\u00e5.<\/p>\n\n\n\n<p><\/p>\n\n\n\n<p><\/p>","protected":false},"excerpt":{"rendered":"<p>Registering a Danish vehicle in Spain is pretty straight forward. Most vehicles from Denmark have been well looked after which means they are definitely worth registering as the equivalent vehicles in Spain are much more expensive. Everything is located in the correct place. The headlights, steering wheel and kilometres are all in synch with passing [&hellip;]<\/p>\n","protected":false},"author":1,"featured_media":0,"parent":0,"menu_order":0,"comment_status":"closed","ping_status":"closed","template":"","meta":{"site-sidebar-layout":"default","site-content-layout":"","ast-site-content-layout":"default","site-content-style":"default","site-sidebar-style":"default","ast-global-header-display":"","ast-banner-title-visibility":"","ast-main-header-display":"","ast-hfb-above-header-display":"","ast-hfb-below-header-display":"","ast-hfb-mobile-header-display":"","site-post-title":"","ast-breadcrumbs-content":"","ast-featured-img":"","footer-sml-layout":"","ast-disable-related-posts":"","theme-transparent-header-meta":"","adv-header-id-meta":"","stick-header-meta":"","header-above-stick-meta":"","header-main-stick-meta":"","header-below-stick-meta":"","astra-migrate-meta-layouts":"set","ast-page-background-enabled":"default","ast-page-background-meta":{"desktop":{"background-color":"","background-image":"","background-repeat":"repeat","background-position":"center center","background-size":"auto","background-attachment":"scroll","background-type":"","background-media":"","overlay-type":"","overlay-color":"","overlay-gradient":""},"tablet":{"background-color":"","background-image":"","background-repeat":"repeat","background-position":"center center","background-size":"auto","background-attachment":"scroll","background-type":"","background-media":"","overlay-type":"","overlay-color":"","overlay-gradient":""},"mobile":{"background-color":"","background-image":"","background-repeat":"repeat","background-position":"center center","background-size":"auto","background-attachment":"scroll","background-type":"","background-media":"","overlay-type":"","overlay-color":"","overlay-gradient":""}},"ast-content-background-meta":{"desktop":{"background-color":"var(--ast-global-color-5)","background-image":"","background-repeat":"repeat","background-position":"center center","background-size":"auto","background-attachment":"scroll","background-type":"","background-media":"","overlay-type":"","overlay-color":"","overlay-gradient":""},"tablet":{"background-color":"var(--ast-global-color-5)","background-image":"","background-repeat":"repeat","background-position":"center center","background-size":"auto","background-attachment":"scroll","background-type":"","background-media":"","overlay-type":"","overlay-color":"","overlay-gradient":""},"mobile":{"background-color":"var(--ast-global-color-5)","background-image":"","background-repeat":"repeat","background-position":"center center","background-size":"auto","background-attachment":"scroll","background-type":"","background-media":"","overlay-type":"","overlay-color":"","overlay-gradient":""}},"footnotes":""},"class_list":["post-2860","page","type-page","status-publish","hentry"],"_links":{"self":[{"href":"https:\/\/vehicleregistrationscostadelsol.com\/da\/wp-json\/wp\/v2\/pages\/2860","targetHints":{"allow":["GET"]}}],"collection":[{"href":"https:\/\/vehicleregistrationscostadelsol.com\/da\/wp-json\/wp\/v2\/pages"}],"about":[{"href":"https:\/\/vehicleregistrationscostadelsol.com\/da\/wp-json\/wp\/v2\/types\/page"}],"author":[{"embeddable":true,"href":"https:\/\/vehicleregistrationscostadelsol.com\/da\/wp-json\/wp\/v2\/users\/1"}],"replies":[{"embeddable":true,"href":"https:\/\/vehicleregistrationscostadelsol.com\/da\/wp-json\/wp\/v2\/comments?post=2860"}],"version-history":[{"count":1,"href":"https:\/\/vehicleregistrationscostadelsol.com\/da\/wp-json\/wp\/v2\/pages\/2860\/revisions"}],"predecessor-version":[{"id":3383,"href":"https:\/\/vehicleregistrationscostadelsol.com\/da\/wp-json\/wp\/v2\/pages\/2860\/revisions\/3383"}],"wp:attachment":[{"href":"https:\/\/vehicleregistrationscostadelsol.com\/da\/wp-json\/wp\/v2\/media?parent=2860"}],"curies":[{"name":"wp","href":"https:\/\/api.w.org\/{rel}","templated":true}]}}