{"id":2941,"date":"2023-07-27T20:27:42","date_gmt":"2023-07-27T18:27:42","guid":{"rendered":"https:\/\/vehicleregistrationscostadelsol.com\/?page_id=2941"},"modified":"2023-08-02T14:41:54","modified_gmt":"2023-08-02T12:41:54","slug":"registrer-en-italiensk-bil-i-spanien","status":"publish","type":"page","link":"https:\/\/vehicleregistrationscostadelsol.com\/da\/register-an-italian-car-in-spain\/","title":{"rendered":"Registrer en italiensk bil i Spanien"},"content":{"rendered":"<p>At f\u00e5 dit italienske k\u00f8ret\u00f8j indregistreret i Spanien er noget, vi har en service til. Vi har indregistreret nogle fantastiske italienske biler i Spanien. Alfaer, Ferrarier og endda Lamborghinier, som vi har k\u00f8rt gennem indregistreringsprocessen, taget en teknisk test og indregistreret k\u00f8ret\u00f8jet. <\/p>\n\n\n\n<p>Vi har fundet ud af, at italienske biler ofte er velplejede og normalt best\u00e5r ITV's tekniske test uden problemer. Der er dog nogle forhindringer, man skal igennem for at f\u00e5 sin italienske bil indregistreret i Spanien. <\/p>\n\n\n\n<p>For det f\u00f8rste skal du vide, hvad emissionsafgifterne er. Grundl\u00e6ggende betaler alt over 120GPKM C02 et gebyr til regeringen for afgiften. Jo \u00e6ldre k\u00f8ret\u00f8jet er, jo mindre er afgiften, og jo lavere emission, jo lavere er afgiften. Vi kan tjekke dette tal for dig. <\/p>\n\n\n\n<p>Regsitrationsomkostningerne afh\u00e6nger ogs\u00e5 af flere andre faktorer, hvis du har en <a href=\"https:\/\/vehicleregistrationscostadelsol.com\/da\/at-fa-en-ficha-technica-eller-et-overensstemmelsescertifikat-i-spanien\/\" data-type=\"URL\" data-id=\"https:\/\/vehicleregistrationscostadelsol.com\/getting-a-ficha-technica-or-a-certificate-of-conformity-in-spain\/\" target=\"_blank\" rel=\"noreferrer noopener\">overensstemmelsescertifikat<\/a>bilens alder og motor. Og de relevante skatter og processer i Spanien. Vi tilbyder et gratis og uforpligtende tilbud, s\u00e5 kontakt os endelig. <\/p>\n\n\n\n<h3 class=\"wp-block-heading\">Hvad skal der til for at registrere en italiensk bil i Spanien?<\/h3>\n\n\n\n<p>Det skal du bruge:<\/p>\n\n\n\n<ul class=\"wp-block-list\">\n<li>Italain Vehcile registreringsdokument del 1 og 2<\/li>\n\n\n\n<li>Et overensstemmelsescertifikat<\/li>\n\n\n\n<li>Pas, NIE eller opholdskort<\/li>\n<\/ul>\n\n\n\n<h3 class=\"wp-block-heading\">Kan man indregistrere en italiensk bil som udl\u00e6nding?<\/h3>\n\n\n\n<p>Ja, det er slet ikke noget problem. Man beh\u00f8ver ikke at v\u00e6re resident for at indregistrere en italiensk bil i Spanien, og selv hvis man er det, vil prisen v\u00e6re n\u00f8jagtig den samme uanset hvad. <\/p>\n\n\n\n<h3 class=\"wp-block-heading\">Vil min nuv\u00e6rende tekniske test v\u00e6re gyldig?<\/h3>\n\n\n\n<p>For alle nyregistreringer af et italiensk k\u00f8ret\u00f8j skal du tage en ITV - inspektion i Spanien. Ogs\u00e5 selv om k\u00f8ret\u00f8jet er under 4 \u00e5r gammelt. <\/p>\n\n\n\n<p>Den tekniske kontrol er designet til at kontrollere k\u00f8ret\u00f8jet mekanisk og ogs\u00e5 kontrollere k\u00f8ret\u00f8jets og instrumenternes overensstemmelse for at sikre, at alt er k\u00f8reklart. <\/p>\n\n\n\n<p><\/p>","protected":false},"excerpt":{"rendered":"<p>Having your Italian Vehicle registered in Spain is something we have a service for. We have registered some brilliant Italian cars in Spain. Alfas, Ferraris and even Lamborghinis we have put through the Vehicle regsitration process, took a technical test and registered the vehicle. We have found that Italian cars are often well looked after [&hellip;]<\/p>\n","protected":false},"author":1,"featured_media":2946,"parent":0,"menu_order":0,"comment_status":"closed","ping_status":"closed","template":"","meta":{"site-sidebar-layout":"default","site-content-layout":"","ast-site-content-layout":"default","site-content-style":"default","site-sidebar-style":"default","ast-global-header-display":"","ast-banner-title-visibility":"","ast-main-header-display":"","ast-hfb-above-header-display":"","ast-hfb-below-header-display":"","ast-hfb-mobile-header-display":"","site-post-title":"","ast-breadcrumbs-content":"","ast-featured-img":"","footer-sml-layout":"","ast-disable-related-posts":"","theme-transparent-header-meta":"","adv-header-id-meta":"","stick-header-meta":"","header-above-stick-meta":"","header-main-stick-meta":"","header-below-stick-meta":"","astra-migrate-meta-layouts":"default","ast-page-background-enabled":"default","ast-page-background-meta":{"desktop":{"background-color":"","background-image":"","background-repeat":"repeat","background-position":"center center","background-size":"auto","background-attachment":"scroll","background-type":"","background-media":"","overlay-type":"","overlay-color":"","overlay-opacity":"","overlay-gradient":""},"tablet":{"background-color":"","background-image":"","background-repeat":"repeat","background-position":"center center","background-size":"auto","background-attachment":"scroll","background-type":"","background-media":"","overlay-type":"","overlay-color":"","overlay-opacity":"","overlay-gradient":""},"mobile":{"background-color":"","background-image":"","background-repeat":"repeat","background-position":"center center","background-size":"auto","background-attachment":"scroll","background-type":"","background-media":"","overlay-type":"","overlay-color":"","overlay-opacity":"","overlay-gradient":""}},"ast-content-background-meta":{"desktop":{"background-color":"var(--ast-global-color-5)","background-image":"","background-repeat":"repeat","background-position":"center center","background-size":"auto","background-attachment":"scroll","background-type":"","background-media":"","overlay-type":"","overlay-color":"","overlay-opacity":"","overlay-gradient":""},"tablet":{"background-color":"var(--ast-global-color-5)","background-image":"","background-repeat":"repeat","background-position":"center center","background-size":"auto","background-attachment":"scroll","background-type":"","background-media":"","overlay-type":"","overlay-color":"","overlay-opacity":"","overlay-gradient":""},"mobile":{"background-color":"var(--ast-global-color-5)","background-image":"","background-repeat":"repeat","background-position":"center center","background-size":"auto","background-attachment":"scroll","background-type":"","background-media":"","overlay-type":"","overlay-color":"","overlay-opacity":"","overlay-gradient":""}},"footnotes":""},"class_list":["post-2941","page","type-page","status-publish","has-post-thumbnail","hentry"],"_links":{"self":[{"href":"https:\/\/vehicleregistrationscostadelsol.com\/da\/wp-json\/wp\/v2\/pages\/2941","targetHints":{"allow":["GET"]}}],"collection":[{"href":"https:\/\/vehicleregistrationscostadelsol.com\/da\/wp-json\/wp\/v2\/pages"}],"about":[{"href":"https:\/\/vehicleregistrationscostadelsol.com\/da\/wp-json\/wp\/v2\/types\/page"}],"author":[{"embeddable":true,"href":"https:\/\/vehicleregistrationscostadelsol.com\/da\/wp-json\/wp\/v2\/users\/1"}],"replies":[{"embeddable":true,"href":"https:\/\/vehicleregistrationscostadelsol.com\/da\/wp-json\/wp\/v2\/comments?post=2941"}],"version-history":[{"count":0,"href":"https:\/\/vehicleregistrationscostadelsol.com\/da\/wp-json\/wp\/v2\/pages\/2941\/revisions"}],"wp:featuredmedia":[{"embeddable":true,"href":"https:\/\/vehicleregistrationscostadelsol.com\/da\/wp-json\/wp\/v2\/media\/2946"}],"wp:attachment":[{"href":"https:\/\/vehicleregistrationscostadelsol.com\/da\/wp-json\/wp\/v2\/media?parent=2941"}],"curies":[{"name":"wp","href":"https:\/\/api.w.org\/{rel}","templated":true}]}}