{"id":1751,"date":"2020-11-26T15:29:04","date_gmt":"2020-11-26T14:29:04","guid":{"rendered":"http:\/\/vehicleregistrationscostadelsol.com\/?page_id=1751"},"modified":"2026-02-10T18:47:54","modified_gmt":"2026-02-10T17:47:54","slug":"itv-tests-mijas","status":"publish","type":"page","link":"https:\/\/vehicleregistrationscostadelsol.com\/de\/itv-tests-mijas\/","title":{"rendered":"ITV testet Mijas 1# Book Cita - Super schnell"},"content":{"rendered":"<p>Wir bieten bequeme ITV-Dienstleistungen in Mijas, einschlie\u00dflich der Buchung von Terminen, der Durchf\u00fchrung der ITV-Pr\u00fcfung f\u00fcr Sie und bieten sogar die Abholung und R\u00fcckgabe Ihres Fahrzeugs an, wenn dies vor Ort m\u00f6glich ist. Egal, ob Sie eine vollst\u00e4ndige Immatrikulation auf spanische Kennzeichen oder nur eine schnelle ITV-Pr\u00fcfung f\u00fcr Ihr spanisches Fahrzeug ben\u00f6tigen, wir haben alles f\u00fcr Sie. Die meisten unserer Buchungen finden in der ITV-Pr\u00fcfstelle in Mijas statt.<\/p><div id=\"ez-toc-container\" class=\"ez-toc-v2_0_82_2 counter-hierarchy ez-toc-counter ez-toc-grey ez-toc-container-direction\">\n<div class=\"ez-toc-title-container\">\n<p class=\"ez-toc-title\" style=\"cursor:inherit\">Inhaltsverzeichnis<\/p>\n<span class=\"ez-toc-title-toggle\"><a href=\"#\" class=\"ez-toc-pull-right ez-toc-btn ez-toc-btn-xs ez-toc-btn-default ez-toc-toggle\" aria-label=\"Inhaltsverzeichnis umschalten\"><span class=\"ez-toc-js-icon-con\"><span class=\"\"><span class=\"eztoc-hide\" style=\"display:none;\">Umschalten auf<\/span><span class=\"ez-toc-icon-toggle-span\"><svg style=\"fill: #999;color:#999\" xmlns=\"http:\/\/www.w3.org\/2000\/svg\" class=\"list-377408\" width=\"20px\" height=\"20px\" viewbox=\"0 0 24 24\" fill=\"none\"><path d=\"M6 6H4v2h2V6zm14 0H8v2h12V6zM4 11h2v2H4v-2zm16 0H8v2h12v-2zM4 16h2v2H4v-2zm16 0H8v2h12v-2z\" fill=\"currentColor\"><\/path><\/svg><svg style=\"fill: #999;color:#999\" class=\"arrow-unsorted-368013\" xmlns=\"http:\/\/www.w3.org\/2000\/svg\" width=\"10px\" height=\"10px\" viewbox=\"0 0 24 24\" version=\"1.2\" baseprofile=\"tiny\"><path d=\"M18.2 9.3l-6.2-6.3-6.2 6.3c-.2.2-.3.4-.3.7s.1.5.3.7c.2.2.4.3.7.3h11c.3 0 .5-.1.7-.3.2-.2.3-.5.3-.7s-.1-.5-.3-.7zM5.8 14.7l6.2 6.3 6.2-6.3c.2-.2.3-.5.3-.7s-.1-.5-.3-.7c-.2-.2-.4-.3-.7-.3h-11c-.3 0-.5.1-.7.3-.2.2-.3.5-.3.7s.1.5.3.7z\"\/><\/svg><\/span><\/span><\/span><\/a><\/span><\/div>\n<nav><ul class='ez-toc-list ez-toc-list-level-1 eztoc-toggle-hide-by-default' ><li class='ez-toc-page-1 ez-toc-heading-level-2'><a class=\"ez-toc-link ez-toc-heading-1\" href=\"https:\/\/vehicleregistrationscostadelsol.com\/de\/itv-tests-mijas\/#ITV_Appointments_Mijas\" >ITV Ernennungen Mijas<\/a><\/li><li class='ez-toc-page-1 ez-toc-heading-level-2'><a class=\"ez-toc-link ez-toc-heading-2\" href=\"https:\/\/vehicleregistrationscostadelsol.com\/de\/itv-tests-mijas\/#What_documents_are_needed_for_an_ITV_inspection_in_Spain\" >Welche Dokumente werden f\u00fcr eine ITV-Inspektion in Spanien ben\u00f6tigt?<\/a><ul class='ez-toc-list-level-3' ><li class='ez-toc-heading-level-3'><a class=\"ez-toc-link ez-toc-heading-3\" href=\"https:\/\/vehicleregistrationscostadelsol.com\/de\/itv-tests-mijas\/#Do_you_put_the_car_through_the_ITV_Tests_Mijas\" >F\u00fchren Sie das Auto durch die ITV-Tests Mijas?<\/a><ul class='ez-toc-list-level-4' ><li class='ez-toc-heading-level-4'><a class=\"ez-toc-link ez-toc-heading-4\" href=\"https:\/\/vehicleregistrationscostadelsol.com\/de\/itv-tests-mijas\/#Do_you_offer_a_service_to_register_non_spanish_vehicles_in_Spain_also\" >Bieten Sie auch einen Service f\u00fcr die Zulassung nicht spanischer Fahrzeuge in Spanien an?<\/a><ul class='ez-toc-list-level-5' ><li class='ez-toc-heading-level-5'><a class=\"ez-toc-link ez-toc-heading-5\" href=\"https:\/\/vehicleregistrationscostadelsol.com\/de\/itv-tests-mijas\/#Can_you_source_headlights\" >K\u00f6nnen Sie Scheinwerfer beschaffen?<\/a><ul class='ez-toc-list-level-6' ><li class='ez-toc-heading-level-6'><a class=\"ez-toc-link ez-toc-heading-6\" href=\"https:\/\/vehicleregistrationscostadelsol.com\/de\/itv-tests-mijas\/#What_ITV_tests_are_performed_at_the_ITV_appointment_Mijas\" >Welche ITV-Tests werden beim ITV-Termin Mijas durchgef\u00fchrt?<\/a><\/li><\/ul><\/li><li class='ez-toc-page-1 ez-toc-heading-level-5'><a class=\"ez-toc-link ez-toc-heading-7\" href=\"https:\/\/vehicleregistrationscostadelsol.com\/de\/itv-tests-mijas\/#ITV_appointment_online\" >ITV Termin online<\/a><\/li><li class='ez-toc-page-1 ez-toc-heading-level-5'><a class=\"ez-toc-link ez-toc-heading-8\" href=\"https:\/\/vehicleregistrationscostadelsol.com\/de\/itv-tests-mijas\/#What_if_the_ITV_fails\" >Was ist, wenn das ITV ausf\u00e4llt?<\/a><\/li><\/ul><\/li><\/ul><\/li><\/ul><\/li><\/ul><\/nav><\/div>\n\n\n\n\n<h2 class=\"wp-block-heading\"><span class=\"ez-toc-section\" id=\"ITV_Appointments_Mijas\"><\/span>ITV Ernennungen Mijas <span class=\"ez-toc-section-end\"><\/span><\/h2>\n\n\n\n<p>Wir buchen das Fahrzeug f\u00fcr die Pr\u00fcfung, wir ben\u00f6tigen den gr\u00fcnen Fahrzeugschein und Sie m\u00fcssen sowohl den gr\u00fcnen Schein als auch Teil B des ITV-Dokuments f\u00fcr die Pr\u00fcfung vorlegen. Anhand der Angaben in den Fahrzeugpapieren k\u00f6nnen wir die Pr\u00fcfung buchen und senden Ihnen eine Best\u00e4tigung mit Datum und Uhrzeit zu. Wir holen Sie an der ITV-Station ab und f\u00fchren die Pr\u00fcfung f\u00fcr Sie durch. Sollte das Fahrzeug durchfallen, buchen wir auch den zweiten Termin und f\u00fchren ihn mit Ihnen durch. <\/p>\n\n\n\n<h2 class=\"wp-block-heading\"><span class=\"ez-toc-section\" id=\"What_documents_are_needed_for_an_ITV_inspection_in_Spain\"><\/span>Welche Dokumente werden f\u00fcr eine ITV-Inspektion in Spanien ben\u00f6tigt?<span class=\"ez-toc-section-end\"><\/span><\/h2>\n\n\n\n<ul class=\"wp-block-list\">\n<li>Das Dokument zur Regulierung gr\u00fcner Fahrzeuge <\/li>\n\n\n\n<li>Das Teil B ITV-Dokument <\/li>\n\n\n\n<li>Eine Bankkarte zur Bezahlung der ITV, Bargeld wird nicht akzeptiert. <\/li>\n<\/ul>\n\n\n\n<h3 class=\"wp-block-heading\"><span class=\"ez-toc-section\" id=\"Do_you_put_the_car_through_the_ITV_Tests_Mijas\"><\/span>F\u00fchren Sie das Auto durch die ITV-Tests Mijas? <span class=\"ez-toc-section-end\"><\/span><\/h3>\n\n\n\n<p>In unserem B\u00fcro in Fuengirola bieten wir Ihnen einen grundlegenden ITV-Check Ihres Fahrzeugs an, bevor Sie Ihre ITV-Pr\u00fcfung buchen, die wir f\u00fcr Sie durchf\u00fchren. <strong>Wir f\u00fchren das Auto auch f\u00fcr Sie durch den ITV-Test<\/strong>. Dies ist eine gro\u00dfe Sache, da wir dadurch die Chancen erh\u00f6hen, dass Ihr Auto vorbeif\u00e4hrt <a aria-label=\"ITV-Test (\u00f6ffnet sich in einem neuen Tab)\" class=\"rank-math-link\" href=\"https:\/\/itvcitaprevia.es\/estaciones-itv\/andalucia\/malaga\/mijas-las-lagunas\/\" target=\"_blank\" rel=\"noreferrer noopener\" data-schema-attribute=\"mentions\">ITV-Test<\/a> Mijas.  Wir haben im Laufe der Jahre buchst\u00e4blich Hunderte von Autos durch die spanische ITV gebracht und kennen den Prozess in- und auswendig. <\/p>\n\n\n\n<p>Sie haben zwei M\u00f6glichkeiten, uns zu treffen: entweder im ITV-Zentrum oder wir k\u00f6nnen Ihr Auto dorthin fahren, vorausgesetzt, Ihre Versicherung erlaubt uns das Fahren. Sobald die ITV-Tests abgeschlossen sind, bringen wir Ihr Auto zu Ihnen zur\u00fcck. F\u00fcr die Abholung und R\u00fcckgabe wird eine zus\u00e4tzliche Geb\u00fchr erhoben. Sie k\u00f6nnen sich aber auch f\u00fcr die g\u00fcnstigere Variante entscheiden, uns an der ITV-Station zu treffen.<\/p>\n\n\n\n<h4 class=\"wp-block-heading\"><span class=\"ez-toc-section\" id=\"Do_you_offer_a_service_to_register_non_spanish_vehicles_in_Spain_also\"><\/span>Bieten Sie auch einen Service f\u00fcr die Zulassung nicht spanischer Fahrzeuge in Spanien an?<span class=\"ez-toc-section-end\"><\/span><\/h4>\n\n\n\n<p>Ja, der Kostenvoranschlag, das Auto, der Papierkram, die Ficha technica, das Bestellen und Anbringen der Nummernschilder, der kostenlose Kostenvoranschlag, die Mechaniker, die Pr\u00fcfung vor der Zulassung, die Steuern, die DGT (traffico), im Grunde m\u00fcssen Sie nur wissen, wo wir mit Ihrem Fahrzeug stehen. Wir sind der Meinung, dass wir an der K\u00fcste konkurrenzlos sind, und es ist nicht nur eine Hilfe in der Hand mit dem Papierkram, wir buchst\u00e4blich tun den ganzen Service f\u00fcr Sie. <\/p>\n\n\n\n<p>Wenn Sie einen schnellen ITV-Termin in Mijas ben\u00f6tigen, k\u00f6nnen wir Ihnen helfen. Wir k\u00f6nnen den Termin f\u00fcr Sie buchen. Oder wir k\u00f6nnen den ITV-Termin f\u00fcr Sie durchf\u00fchren. Wenn Sie m\u00f6chten, dass wir das Auto abholen und es f\u00fcr Sie bringen, bieten wir auch diesen Service an. Dieser Service ist f\u00fcr Sie gedacht, wenn Sie die gesamte Umschreibung auf spanische Kennzeichen ben\u00f6tigen oder wenn Sie nur einen schnellen ITV-Termin brauchen und es nicht selbst machen wollen. In diesem Fall buchen wir die ITV-Tests f\u00fcr Sie. Die meisten ITV-Tests, die wir buchen, finden in der ITV-Stelle Mijas statt. <\/p>\n\n\n\n<h5 class=\"wp-block-heading\"><span class=\"ez-toc-section\" id=\"Can_you_source_headlights\"><\/span>K\u00f6nnen Sie Scheinwerfer beschaffen?<span class=\"ez-toc-section-end\"><\/span><\/h5>\n\n\n\n<p>Ja, wir k\u00f6nnen die H\u00f6he der Scheinwerfer ermitteln, anpassen und anpassen, um den ITV-Test zu bestehen. Im ITV-Zentrum legen sie besonderen Wert auf die Beleuchtung. Es kann ein Fehler sein, nur bei einigen geringf\u00fcgigen Anpassungen. Wir k\u00f6nnen bei Bedarf auch Nebel- und R\u00fcckfahrscheinwerfer beschaffen, obwohl diese normalerweise f\u00fcr EU-Fahrzeuge mit Linkslenkung in Ordnung sind. <\/p>\n\n\n\n<h6 class=\"wp-block-heading\"><span class=\"ez-toc-section\" id=\"What_ITV_tests_are_performed_at_the_ITV_appointment_Mijas\"><\/span>Welche ITV-Tests werden beim ITV-Termin Mijas durchgef\u00fchrt?<span class=\"ez-toc-section-end\"><\/span><\/h6>\n\n\n\n<p>Nachdem Sie die Unterlagen im ITV-Zentrum vorgelegt haben, warten Sie, bis Ihr Auto auf eine Fahrspur gerufen wird. Danach \u00fcberpr\u00fcfen sie zuerst die Scheinwerfer. Dann \u00fcberpr\u00fcfen sie die Emissionen des Autos, die Reifen einschlie\u00dflich der Reifenlast und die \u00dcbereinstimmung. Die Fahrgestellnummer, die Anzeigen, die Gefahren, die Strahlen der Scheinwerfer, die Unterlegscheiben. Alle \u00c4nderungen, die R\u00fccklichter, der Nebel, der R\u00fcckw\u00e4rtsgang und die Gefahren wieder auf der R\u00fcckseite des Autos. <\/p>\n\n\n\n<p>Ihr Auto wird dann auf die rollende Stra\u00dfe gestellt, wo Sie die Bremsen sanft bet\u00e4tigen m\u00fcssen, bis sie einen bestimmten Punkt erreicht haben. Dann m\u00fcssen Sie die Bremsen st\u00e4rker bet\u00e4tigen, um die Wirksamkeit der Bremsen zu messen; dies gilt f\u00fcr die Vorder-, Hinter- und Handbremse. Der letzte Teil des Tests besteht darin, \u00fcber die Grube zu fahren, wo Sie das Lenkrad hin und her bewegen und der ITV-Techniker Ihre Bremsen und Aufh\u00e4ngung \u00fcberpr\u00fcft. <\/p>\n\n\n\n<p>Dies sind einige der Prozesse, bevor Sie herausfinden, ob Ihr Fahrzeug die ITV-Tests bestanden hat. Wenn ein Fehler auftritt, erfahren Sie, warum und Sie haben 60 Tage Zeit, um den Fehler zu beheben. Der Retest ist kostenlos. <a href=\"https:\/\/vehicleregistrationscostadelsol.com\/de\/kontakt\/\" data-type=\"page\" data-id=\"649\">Kontaktiere uns heute<\/a><\/p>\n\n\n\n<h5 class=\"wp-block-heading\"><span class=\"ez-toc-section\" id=\"ITV_appointment_online\"><\/span>ITV Termin online<span class=\"ez-toc-section-end\"><\/span><\/h5>\n\n\n\n<p>M\u00f6glicherweise haben Sie versucht, einen ITV-Termin online zu buchen. Die Auswahlm\u00f6glichkeiten sind m\u00f6glicherweise sehr begrenzt. Wir k\u00f6nnen Ihnen nicht nur einen ITV-Termin online buchen, sondern erhalten auch den Mehrwert, viele andere ITV-Stationen als den ITV-Termin Mijas zu nutzen. Dies bedeutet, dass wir die Wahl haben und gute Beziehungen zu den Mitarbeitern in den Zentren haben. Sie kennen uns, da wir jede Woche viele Autos durch den Test f\u00fchren. Daher k\u00f6nnen wir manchmal fr\u00fchere Genehmigungen f\u00fcr Ihren ITV-Termin online erhalten. <\/p>\n\n\n\n<p>Wir k\u00f6nnen damit beginnen, dass Sie eine Anfrage an uns richten. Wir h\u00f6ren, dass beim Versuch, heute einen ITV-Test zu buchen, einige Daten Ende Februar \/ M\u00e4rz zur\u00fcckkommen. Dies bedeutet, dass Sie Ihr Fahrzeug m\u00f6glicherweise illegal in Spanien ohne einen g\u00fcltigen ITV-Aufkleber oder ein g\u00fcltiges ITV-Zertifikat fahren. Dies k\u00f6nnte dazu f\u00fchren, dass Ihr Fahrzeug von der spanischen Polizei beschlagnahmt wird. <\/p>\n\n\n\n<h5 class=\"wp-block-heading\"><span class=\"ez-toc-section\" id=\"What_if_the_ITV_fails\"><\/span>Was ist, wenn das ITV ausf\u00e4llt?<span class=\"ez-toc-section-end\"><\/span><\/h5>\n\n\n\n<p>Wir helfen Ihnen gerne bei Reparaturen, die m\u00f6glicherweise erforderlich sind, damit die ITV-Tests ein positives Ergebnis erzielen. Wir bieten dann einen Service zur Umbuchung eines fehlgeschlagenen Tests an und \u00fcbernehmen (zum Selbstkostenpreis) die Buchung des erneuten Tests und des erneuten Tests f\u00fcr Sie. Wir arbeiten mit vielen qualifizierten und vor allem fairen Mechanikern an der Costa del Sol zusammen. Auf diese Weise k\u00f6nnen wir Ihr Fahrzeug f\u00fcr den erneuten Test vorbereiten, ohne dass Sie betrogen werden. <\/p>\n\n\n\n<p>Dies ist eine gro\u00dfe Sache, da es leider viele skrupellose Unternehmen gibt, die die Situation ausnutzen k\u00f6nnten. Alle unsere Mechaniker (von Fuengirola bis Estepona) sind stark \u00fcberpr\u00fcft und wir w\u00fcrden niemals jemanden empfehlen, den wir nicht kennen oder mit dem wir noch nicht regelm\u00e4\u00dfig zusammengearbeitet haben. <\/p>","protected":false},"excerpt":{"rendered":"<p>We provide convenient ITV services in Mijas, including booking appointments, completing the ITV test for you, and even offering pick-up and drop-off for your car if local and if possible. Whether you need full matriculation onto Spanish plates or just a quick ITV test on your Spanish vehicle, we&#8217;ve got you covered. Most of our [&hellip;]<\/p>\n","protected":false},"author":1,"featured_media":0,"parent":0,"menu_order":0,"comment_status":"closed","ping_status":"closed","template":"","meta":{"site-sidebar-layout":"default","site-content-layout":"default","ast-site-content-layout":"default","site-content-style":"default","site-sidebar-style":"default","ast-global-header-display":"","ast-banner-title-visibility":"","ast-main-header-display":"","ast-hfb-above-header-display":"","ast-hfb-below-header-display":"","ast-hfb-mobile-header-display":"","site-post-title":"","ast-breadcrumbs-content":"","ast-featured-img":"","footer-sml-layout":"","ast-disable-related-posts":"","theme-transparent-header-meta":"default","adv-header-id-meta":"","stick-header-meta":"","header-above-stick-meta":"","header-main-stick-meta":"","header-below-stick-meta":"","astra-migrate-meta-layouts":"set","ast-page-background-enabled":"default","ast-page-background-meta":{"desktop":{"background-color":"","background-image":"","background-repeat":"repeat","background-position":"center center","background-size":"auto","background-attachment":"scroll","background-type":"","background-media":"","overlay-type":"","overlay-color":"","overlay-opacity":"","overlay-gradient":""},"tablet":{"background-color":"","background-image":"","background-repeat":"repeat","background-position":"center center","background-size":"auto","background-attachment":"scroll","background-type":"","background-media":"","overlay-type":"","overlay-color":"","overlay-opacity":"","overlay-gradient":""},"mobile":{"background-color":"","background-image":"","background-repeat":"repeat","background-position":"center center","background-size":"auto","background-attachment":"scroll","background-type":"","background-media":"","overlay-type":"","overlay-color":"","overlay-opacity":"","overlay-gradient":""}},"ast-content-background-meta":{"desktop":{"background-color":"var(--ast-global-color-5)","background-image":"","background-repeat":"repeat","background-position":"center center","background-size":"auto","background-attachment":"scroll","background-type":"","background-media":"","overlay-type":"","overlay-color":"","overlay-opacity":"","overlay-gradient":""},"tablet":{"background-color":"var(--ast-global-color-5)","background-image":"","background-repeat":"repeat","background-position":"center center","background-size":"auto","background-attachment":"scroll","background-type":"","background-media":"","overlay-type":"","overlay-color":"","overlay-opacity":"","overlay-gradient":""},"mobile":{"background-color":"var(--ast-global-color-5)","background-image":"","background-repeat":"repeat","background-position":"center center","background-size":"auto","background-attachment":"scroll","background-type":"","background-media":"","overlay-type":"","overlay-color":"","overlay-opacity":"","overlay-gradient":""}},"footnotes":""},"class_list":["post-1751","page","type-page","status-publish","hentry"],"_links":{"self":[{"href":"https:\/\/vehicleregistrationscostadelsol.com\/de\/wp-json\/wp\/v2\/pages\/1751","targetHints":{"allow":["GET"]}}],"collection":[{"href":"https:\/\/vehicleregistrationscostadelsol.com\/de\/wp-json\/wp\/v2\/pages"}],"about":[{"href":"https:\/\/vehicleregistrationscostadelsol.com\/de\/wp-json\/wp\/v2\/types\/page"}],"author":[{"embeddable":true,"href":"https:\/\/vehicleregistrationscostadelsol.com\/de\/wp-json\/wp\/v2\/users\/1"}],"replies":[{"embeddable":true,"href":"https:\/\/vehicleregistrationscostadelsol.com\/de\/wp-json\/wp\/v2\/comments?post=1751"}],"version-history":[{"count":1,"href":"https:\/\/vehicleregistrationscostadelsol.com\/de\/wp-json\/wp\/v2\/pages\/1751\/revisions"}],"predecessor-version":[{"id":3577,"href":"https:\/\/vehicleregistrationscostadelsol.com\/de\/wp-json\/wp\/v2\/pages\/1751\/revisions\/3577"}],"wp:attachment":[{"href":"https:\/\/vehicleregistrationscostadelsol.com\/de\/wp-json\/wp\/v2\/media?parent=1751"}],"curies":[{"name":"wp","href":"https:\/\/api.w.org\/{rel}","templated":true}]}}