{"id":1807,"date":"2020-12-01T20:42:42","date_gmt":"2020-12-01T19:42:42","guid":{"rendered":"http:\/\/vehicleregistrationscostadelsol.com\/?page_id=1807"},"modified":"2021-04-23T19:10:08","modified_gmt":"2021-04-23T17:10:08","slug":"scheinwerferwechsel-in-spanien-neu-ausrichten","status":"publish","type":"page","link":"https:\/\/vehicleregistrationscostadelsol.com\/de\/changing-headlights-in-spain-realignment\/","title":{"rendered":"\u00c4ndern Scheinwerfer in Spanien Neuausrichtung Great #1"},"content":{"rendered":"<div data-elementor-type=\"wp-page\" data-elementor-id=\"1807\" class=\"elementor elementor-1807\">\n\t\t\t\t\t\t<section class=\"elementor-section elementor-top-section elementor-element elementor-element-754ee66 elementor-section-boxed elementor-section-height-default elementor-section-height-default\" data-id=\"754ee66\" data-element_type=\"section\" data-e-type=\"section\">\n\t\t\t\t\t\t<div class=\"elementor-container elementor-column-gap-default\">\n\t\t\t\t\t<div class=\"elementor-column elementor-col-100 elementor-top-column elementor-element elementor-element-606d3029\" data-id=\"606d3029\" data-element_type=\"column\" data-e-type=\"column\">\n\t\t\t<div class=\"elementor-widget-wrap elementor-element-populated\">\n\t\t\t\t\t\t<div class=\"elementor-element elementor-element-66038a9e elementor-widget elementor-widget-text-editor\" data-id=\"66038a9e\" data-element_type=\"widget\" data-e-type=\"widget\" data-widget_type=\"text-editor.default\">\n\t\t\t\t\t\t\t\t\t<p><\/p><div id=\"ez-toc-container\" class=\"ez-toc-v2_0_82_2 counter-hierarchy ez-toc-counter ez-toc-grey ez-toc-container-direction\">\n<div class=\"ez-toc-title-container\">\n<p class=\"ez-toc-title\" style=\"cursor:inherit\">Inhaltsverzeichnis<\/p>\n<span class=\"ez-toc-title-toggle\"><a href=\"#\" class=\"ez-toc-pull-right ez-toc-btn ez-toc-btn-xs ez-toc-btn-default ez-toc-toggle\" aria-label=\"Inhaltsverzeichnis umschalten\"><span class=\"ez-toc-js-icon-con\"><span class=\"\"><span class=\"eztoc-hide\" style=\"display:none;\">Umschalten auf<\/span><span class=\"ez-toc-icon-toggle-span\"><svg style=\"fill: #999;color:#999\" xmlns=\"http:\/\/www.w3.org\/2000\/svg\" class=\"list-377408\" width=\"20px\" height=\"20px\" viewbox=\"0 0 24 24\" fill=\"none\"><path d=\"M6 6H4v2h2V6zm14 0H8v2h12V6zM4 11h2v2H4v-2zm16 0H8v2h12v-2zM4 16h2v2H4v-2zm16 0H8v2h12v-2z\" fill=\"currentColor\"><\/path><\/svg><svg style=\"fill: #999;color:#999\" class=\"arrow-unsorted-368013\" xmlns=\"http:\/\/www.w3.org\/2000\/svg\" width=\"10px\" height=\"10px\" viewbox=\"0 0 24 24\" version=\"1.2\" baseprofile=\"tiny\"><path d=\"M18.2 9.3l-6.2-6.3-6.2 6.3c-.2.2-.3.4-.3.7s.1.5.3.7c.2.2.4.3.7.3h11c.3 0 .5-.1.7-.3.2-.2.3-.5.3-.7s-.1-.5-.3-.7zM5.8 14.7l6.2 6.3 6.2-6.3c.2-.2.3-.5.3-.7s-.1-.5-.3-.7c-.2-.2-.4-.3-.7-.3h-11c-.3 0-.5.1-.7.3-.2.2-.3.5-.3.7s.1.5.3.7z\"\/><\/svg><\/span><\/span><\/span><\/a><\/span><\/div>\n<nav><ul class='ez-toc-list ez-toc-list-level-1' ><li class='ez-toc-page-1 ez-toc-heading-level-2'><a class=\"ez-toc-link ez-toc-heading-1\" href=\"https:\/\/vehicleregistrationscostadelsol.com\/de\/changing-headlights-in-spain-realignment\/#Headlight_Realignment_Spain\" >Neuausrichtung des Scheinwerfers Spanien<\/a><\/li><li class='ez-toc-page-1 ez-toc-heading-level-2'><a class=\"ez-toc-link ez-toc-heading-2\" href=\"https:\/\/vehicleregistrationscostadelsol.com\/de\/changing-headlights-in-spain-realignment\/#Will_the_Headlight_stickers_that_change_the_beam_work\" >Funktionieren die Scheinwerferaufkleber, die den Strahl ver\u00e4ndern?<\/a><ul class='ez-toc-list-level-3' ><li class='ez-toc-heading-level-3'><a class=\"ez-toc-link ez-toc-heading-3\" href=\"https:\/\/vehicleregistrationscostadelsol.com\/de\/changing-headlights-in-spain-realignment\/#Can_you_provide_Changing_Headlights_In_Spain_Realignment\" >K\u00f6nnen Sie wechselnde Scheinwerfer in Spanien Neuausrichtung bereitstellen?<\/a><ul class='ez-toc-list-level-4' ><li class='ez-toc-heading-level-4'><a class=\"ez-toc-link ez-toc-heading-4\" href=\"https:\/\/vehicleregistrationscostadelsol.com\/de\/changing-headlights-in-spain-realignment\/#Are_the_headlights_under_warranty\" >Sind die Scheinwerfer unter Garantie?<\/a><ul class='ez-toc-list-level-5' ><li class='ez-toc-heading-level-5'><a class=\"ez-toc-link ez-toc-heading-5\" href=\"https:\/\/vehicleregistrationscostadelsol.com\/de\/changing-headlights-in-spain-realignment\/#How_do_you_check_Changing_Headlights_In_Spain_Realignment\" >Wie \u00fcberpr\u00fcfen Sie die Neuausrichtung der Scheinwerfer in Spanien?<\/a><ul class='ez-toc-list-level-6' ><li class='ez-toc-heading-level-6'><a class=\"ez-toc-link ez-toc-heading-6\" href=\"https:\/\/vehicleregistrationscostadelsol.com\/de\/changing-headlights-in-spain-realignment\/#WhatsApp_us_for_a_free_quote_on_headlights_-_WE_DELIVER_TO_THE_WHOLE_OF_SPAIN\" >WhatsApp f\u00fcr ein kostenloses Angebot \u00fcber Scheinwerfer - WIR LIEFERN NACH GANZ SPANIEN<\/a><\/li><li class='ez-toc-page-1 ez-toc-heading-level-6'><a class=\"ez-toc-link ez-toc-heading-7\" href=\"https:\/\/vehicleregistrationscostadelsol.com\/de\/changing-headlights-in-spain-realignment\/#Click_below_and_we_will_find_headlights_or_headlight_realignment_for_you_cheap\" >Klicken Sie unten und wir finden Scheinwerfer oder Scheinwerfer-Neuausrichtung f\u00fcr Sie g\u00fcnstig<\/a><\/li><\/ul><\/li><\/ul><\/li><\/ul><\/li><\/ul><\/li><\/ul><\/nav><\/div>\n\n<p><strong>Wechsel der Scheinwerfer in Spanien Neuausrichtung<\/strong> von Ihren Scheinwerfern ist notwendig, wenn Sie ein britisches Auto fahren und Ihr Auto auf spanische Kennzeichen setzen. Von Natur aus zeigen die Scheinwerfer Ihres britischen Autos in die entgegengesetzte Richtung vom Bordstein und damit in die Richtung entgegenkommender Autos. Dies ist offensichtlich ein Problem. Wenn Sie Ihr Auto in Spanien registrieren und \u00fcber das spanische ITV fahren, ben\u00f6tigen Sie neue spanische Scheinwerfer, damit die Balken zum Bordstein zeigen k\u00f6nnen. <b>Wir liefern Scheinwerfer nach ganz Spanien.<\/b><\/p>\n<p><\/p>\n<h2 class=\"wp-block-heading\"><span class=\"ez-toc-section\" id=\"Headlight_Realignment_Spain\"><\/span>Neuausrichtung des Scheinwerfers Spanien<span class=\"ez-toc-section-end\"><\/span><\/h2>\n<p><\/p>\n<p>Viele Lichter k\u00f6nnen neu ausgerichtet werden. Die Neuausrichtung der Scheinwerfer ist oft billiger als der Kauf brandneuer Scheinwerfer. Sie k\u00f6nnen Ihr Auto zu uns fahren und wir k\u00f6nnen Ihre Scheinwerfer f\u00fcr Sie \u00fcberpr\u00fcfen. Wir k\u00f6nnen dies tun, w\u00e4hrend wir Ihren KOSTENLOSEN Pre-ITV-Check durchf\u00fchren. Wir werden Sie wissen lassen, ob es besser ist, neue Scheinwerfer zu kaufen (bei denen wir helfen k\u00f6nnen) oder Ihre Scheinwerfer neu auszurichten, w\u00e4hrend Ihre Scheinwerfer ausgetauscht oder neu ausgerichtet wurden. Wir k\u00f6nnen auch Ihre R\u00fcck- und Nebelscheinwerfer \u00fcberpr\u00fcfen, um sicherzustellen, dass sie vorhanden sind ITV nicht scheitern. Die Ausrichtung der Scheinwerfer erfolgt von Fall zu Fall.<\/p>\n<p><\/p>\n<h2 class=\"wp-block-heading\"><span class=\"ez-toc-section\" id=\"Will_the_Headlight_stickers_that_change_the_beam_work\"><\/span>Funktionieren die Scheinwerferaufkleber, die den Strahl ver\u00e4ndern?<span class=\"ez-toc-section-end\"><\/span><\/h2>\n<p><\/p>\n<p>Nein, sie sind vor\u00fcbergehend eine gute M\u00f6glichkeit, anderen Fahrern zu helfen, aber sie werden das spanische ITV nicht bestehen. Das Auto f\u00e4llt einfach sofort aus und muss vor einem erneuten spanischen ITV-Test repariert werden. Die einzige M\u00f6glichkeit, das Bestehen des ITV sicherzustellen, ist die Neuausrichtung der neuen Scheinwerfer in Spanien.<\/p>\n<p><\/p>\n<h3 class=\"wp-block-heading\"><span class=\"ez-toc-section\" id=\"Can_you_provide_Changing_Headlights_In_Spain_Realignment\"><\/span>K\u00f6nnen Sie wechselnde Scheinwerfer in Spanien Neuausrichtung bereitstellen?<span class=\"ez-toc-section-end\"><\/span><\/h3>\n<p><\/p>\n<p>Ja, wir haben das Gef\u00fchl, die Kontakte zu haben, um die meisten Zitate von brandneuen Scheinwerfern zu \u00fcbertreffen. Wir beschaffen und liefern Ihre neuen Scheinwerfer an uns oder direkt an Sie \u00fcberall in Spanien und wir haben einen unserer qualifizierten Mechaniker f\u00fcr die Lichter f\u00fcr Sie. Wenn Sie ein neues Produkt kaufen oder Ihre Scheinwerfer neu ausrichten, erhalten Sie ein Angebot zur Neuausrichtung der Scheinwerfer. Dies ist nicht immer billig und nicht immer m\u00f6glich. <a class=\"rank-math-link\" href=\"https:\/\/vehicleregistrationscostadelsol.com\/de\/kontakt\/\" target=\"_blank\" rel=\"noreferrer noopener\" aria-label=\" (\u00f6ffnet sich in einem neuen Tab)\" data-schema-attribute=\"about\">Kontaktieren Sie uns noch heute f\u00fcr ein kostenloses Angebot f\u00fcr Ihre Scheinwerfer<\/a>.<\/p>\n<p><\/p>\n<h4 class=\"wp-block-heading\"><span class=\"ez-toc-section\" id=\"Are_the_headlights_under_warranty\"><\/span>Sind die Scheinwerfer unter Garantie?<span class=\"ez-toc-section-end\"><\/span><\/h4>\n<p><\/p>\n<p>Die meisten von uns angebotenen Scheinwerfer haben eine Garantie von zwei Jahren. Wir senden Sie auch in eine englischsprachige Werkstatt in der N\u00e4he des ITV-Zentrums in Mijas, damit die neuen spanischen Scheinwerfer eingebaut werden k\u00f6nnen, um die Einhaltung der Vorschriften zu gew\u00e4hrleisten <a class=\"rank-math-link\" href=\"https:\/\/www.itvcita.com\/Welcome.do\" target=\"_blank\" rel=\"noreferrer noopener\" aria-label=\"ITV-Center (\u00f6ffnet sich in einem neuen Tab)\">ITV-Zentrum<\/a>. Sie werden Tannen in der Garage sein und dies sind Mechaniker, die wir kennen und denen wir vertrauen, um die Arbeit schnell und professionell zu erledigen <strong>Wechsel der Scheinwerfer in Spanien Neuausrichtung<\/strong>.<\/p>\n<p><\/p>\n<h5 class=\"wp-block-heading\"><span class=\"ez-toc-section\" id=\"How_do_you_check_Changing_Headlights_In_Spain_Realignment\"><\/span>Wie \u00fcberpr\u00fcfen Sie die Neuausrichtung der Scheinwerfer in Spanien?<span class=\"ez-toc-section-end\"><\/span><\/h5>\n<p><\/p>\n<p>Sie bringen das Auto zu uns oder wenn wir vor Ort sind, k\u00f6nnen wir fahren, um Ihre Scheinwerfer zu \u00fcberpr\u00fcfen. Wir pr\u00fcfen dann europaweit, um den besten Preis f\u00fcr neue Ersatzscheinwerfer f\u00fcr Ihr Fahrzeug zu finden. Es gibt verschiedene Arten von Scheinwerfern,<\/p>\n<p><\/p>\n<ul class=\"wp-block-list\">\n<li>Xenon-Scheinwerfer<\/li>\n<li>Halogenscheinwerfer<\/li>\n<li>LED-Scheinwerfer<\/li>\n<li>Reflektor &amp; Projektor Beam Scheinwerfer<\/li>\n<\/ul>\n<p><\/p>\n<p>Je nachdem, welche Scheinwerfer wir in Ihrem Fahrzeug identifizieren, beschaffen wir die billigsten neuen Scheinwerfer in Europa und lassen sie an uns selbst liefern. Die Preise f\u00fcr die f\u00fcr das spanische ITV passenden Scheinwerfer und den Wechsel der Nebel- und R\u00fcckfahrscheinwerfer sind von Fall zu Fall. Manchmal muss der Sto\u00dff\u00e4nger entfernt werden und manchmal ist er geradliniger. Unser Team von vollst\u00e4ndig registrierten und qualifizierten Mechanikern kann Ihre neuen spanischen Scheinwerfer montieren. Wir finden, dass unsere Preise meistens VIEL billiger sind als direkt in eine Garage zu gehen, da wir viele Quellen haben, um die Scheinwerfer f\u00fcr Sie zum Wechseln der Scheinwerfer in Spanien neu auszurichten.<\/p>\n<p><\/p>\n<p>Wir beziehen unsere Scheinwerfer in Spanien aus ganz Europa, sie werden sehr schnell aus Spanien, Deutschland und sogar Gro\u00dfbritannien an uns geliefert. Die meisten Scheinwerfer haben eine Garantie von zwei Jahren. Und wir garantieren eine R\u00fcckerstattung, falls die Lichter falsch sind. Wir haben ausgezeichnete Beziehungen zu einigen der preisg\u00fcnstigsten neuen spanischen Scheinwerferanbieter der Welt. So k\u00f6nnen Sie beim Kauf der Scheinwerfer direkt in den Garagen an der Costa Del Sol erhebliche Einsparungen erzielen. Nicht nur, dass wir an der Costa Del Sol eine Gruppe englischsprachiger Mechaniker haben, die wir alle gr\u00fcndlich \u00fcberpr\u00fcft haben und denen wir implizit vertrauen.<\/p>\n<p><\/p>\n<p><strong>Die Fortschritte bei der Verwendung von uns f\u00fcr Ihre Scheinwerferwechsel in Spanien?<\/strong><\/p>\n<p><\/p>\n<ul class=\"wp-block-list\">\n<li>Billigere Scheinwerfer ohne Kompromisse bei der Qualit\u00e4t<\/li>\n<li>Umfassende Unterst\u00fctzung<\/li>\n<li>Vertrauensw\u00fcrdige Mechanik zur Verf\u00fcgung gestellt<\/li>\n<li>Garantiert korrekte Scheinwerfer<\/li>\n<li>Nebel- und R\u00fcckfahrscheinwerfer bezogen<\/li>\n<li>Sie werden direkt an uns oder uns geliefert <b>nach ganz Spanien liefern<\/b>.&nbsp;<\/li>\n<li>Wir holen Ihr Auto ab und nehmen es f\u00fcr die Leuchte mit (Aufpreis)<\/li>\n<li>Scheinwerfer Neuausrichtung wenn m\u00f6glich<\/li>\n<\/ul>\n<p><\/p>\n<p>Scheinwerferwechsel in Spanien Die Neuausrichtung muss kein langwieriger Prozess mit Stress sein. Lassen Sie uns die harte Arbeit f\u00fcr Sie erledigen. <a href=\"https:\/\/vehicleregistrationscostadelsol.com\/de\/kontakt\/\" target=\"_blank\" rel=\"noopener\">Kontaktiere uns<\/a> Heute und wir geben Ihnen Ratschl\u00e4ge, vielleicht k\u00f6nnen Sie das Auto zu uns fahren und wir werden es f\u00fcr Sie \u00fcberpr\u00fcfen.<\/p>\n<p><\/p>\t\t\t\t\t\t\t\t<\/div>\n\t\t\t\t<div class=\"elementor-element elementor-element-1cfad31 elementor-widget elementor-widget-menu-anchor\" data-id=\"1cfad31\" data-element_type=\"widget\" data-e-type=\"widget\" data-widget_type=\"menu-anchor.default\">\n\t\t\t\t\t\t\t<div class=\"elementor-menu-anchor\" id=\"freequoteheadlights\"><\/div>\n\t\t\t\t\t\t<\/div>\n\t\t\t\t\t<\/div>\n\t\t<\/div>\n\t\t\t\t\t<\/div>\n\t\t<\/section>\n\t\t\t\t<section class=\"elementor-section elementor-top-section elementor-element elementor-element-27bb09b4 elementor-section-boxed elementor-section-height-default elementor-section-height-default\" data-id=\"27bb09b4\" data-element_type=\"section\" data-e-type=\"section\" data-settings=\"{&quot;background_background&quot;:&quot;gradient&quot;}\">\n\t\t\t\t\t\t\t<div class=\"elementor-background-overlay\"><\/div>\n\t\t\t\t\t\t\t<div class=\"elementor-container elementor-column-gap-no\">\n\t\t\t\t\t<div class=\"elementor-column elementor-col-100 elementor-top-column elementor-element elementor-element-638fdecc\" data-id=\"638fdecc\" data-element_type=\"column\" data-e-type=\"column\" data-settings=\"{&quot;background_background&quot;:&quot;classic&quot;}\">\n\t\t\t<div class=\"elementor-widget-wrap elementor-element-populated\">\n\t\t\t\t\t\t<div class=\"elementor-element elementor-element-39a32909 elementor-widget elementor-widget-heading\" data-id=\"39a32909\" data-element_type=\"widget\" data-e-type=\"widget\" data-widget_type=\"heading.default\">\n\t\t\t\t\t<h6 class=\"elementor-heading-title elementor-size-default\"><span class=\"ez-toc-section\" id=\"WhatsApp_us_for_a_free_quote_on_headlights_-_WE_DELIVER_TO_THE_WHOLE_OF_SPAIN\"><\/span>WhatsApp uns f\u00fcr ein kostenloses Angebot f\u00fcr Scheinwerfer - <b>WIR LIEFERN AN GANZ SPANIEN<\/b><span class=\"ez-toc-section-end\"><\/span><\/h6>\t\t\t\t<\/div>\n\t\t\t\t<div class=\"elementor-element elementor-element-43b9784 elementor-widget-divider--view-line elementor-widget elementor-widget-divider\" data-id=\"43b9784\" data-element_type=\"widget\" data-e-type=\"widget\" data-widget_type=\"divider.default\">\n\t\t\t\t\t\t\t<div class=\"elementor-divider\">\n\t\t\t<span class=\"elementor-divider-separator\">\n\t\t\t\t\t\t<\/span>\n\t\t<\/div>\n\t\t\t\t\t\t<\/div>\n\t\t\t\t<div class=\"elementor-element elementor-element-394dde00 elementor-widget elementor-widget-heading\" data-id=\"394dde00\" data-element_type=\"widget\" data-e-type=\"widget\" data-widget_type=\"heading.default\">\n\t\t\t\t\t<h6 class=\"elementor-heading-title elementor-size-default\"><span class=\"ez-toc-section\" id=\"Click_below_and_we_will_find_headlights_or_headlight_realignment_for_you_cheap\"><\/span>Klicken Sie unten und wir finden Scheinwerfer oder Scheinwerfer-Neuausrichtung f\u00fcr Sie g\u00fcnstig<span class=\"ez-toc-section-end\"><\/span><\/h6>\t\t\t\t<\/div>\n\t\t\t\t<div class=\"elementor-element elementor-element-4a3aa860 elementor-align-center elementor-mobile-align-center elementor-widget elementor-widget-button\" data-id=\"4a3aa860\" data-element_type=\"widget\" data-e-type=\"widget\" data-widget_type=\"button.default\">\n\t\t\t\t\t\t\t\t\t\t<a class=\"elementor-button elementor-button-link elementor-size-md\" href=\"https:\/\/wa.me\/+34696337629?text=I&#039;m%20interested%20in%20your%20free%20headlight%20quote\" target=\"_blank\" rel=\"noopener\">\n\t\t\t\t\t\t<span class=\"elementor-button-content-wrapper\">\n\t\t\t\t\t\t<span class=\"elementor-button-icon\">\n\t\t\t\t<svg aria-hidden=\"true\" class=\"e-font-icon-svg e-far-calendar-check\" viewbox=\"0 0 448 512\" xmlns=\"http:\/\/www.w3.org\/2000\/svg\"><path d=\"M400 64h-48V12c0-6.627-5.373-12-12-12h-40c-6.627 0-12 5.373-12 12v52H160V12c0-6.627-5.373-12-12-12h-40c-6.627 0-12 5.373-12 12v52H48C21.49 64 0 85.49 0 112v352c0 26.51 21.49 48 48 48h352c26.51 0 48-21.49 48-48V112c0-26.51-21.49-48-48-48zm-6 400H54a6 6 0 0 1-6-6V160h352v298a6 6 0 0 1-6 6zm-52.849-200.65L198.842 404.519c-4.705 4.667-12.303 4.637-16.971-.068l-75.091-75.699c-4.667-4.705-4.637-12.303.068-16.971l22.719-22.536c4.705-4.667 12.303-4.637 16.97.069l44.104 44.461 111.072-110.181c4.705-4.667 12.303-4.637 16.971.068l22.536 22.718c4.667 4.705 4.636 12.303-.069 16.97z\"><\/path><\/svg>\t\t\t<\/span>\n\t\t\t\t\t\t\t\t\t<span class=\"elementor-button-text\">Kostenloses Angebot<\/span>\n\t\t\t\t\t<\/span>\n\t\t\t\t\t<\/a>\n\t\t\t\t\t\t\t\t<\/div>\n\t\t\t\t\t<\/div>\n\t\t<\/div>\n\t\t\t\t\t<\/div>\n\t\t<\/section>\n\t\t\t\t<\/div>","protected":false},"excerpt":{"rendered":"<p>Changing Headlights In Spain Realignment of your headlights is necessary when you drive a UK car and you are putting your car onto Spanish reg plates. By nature the headlights of your UK car point in the opposite direction from the curb hence into the direction of oncoming cars. This is obviously a problem and [&hellip;]<\/p>\n","protected":false},"author":1,"featured_media":2109,"parent":0,"menu_order":0,"comment_status":"closed","ping_status":"closed","template":"","meta":{"site-sidebar-layout":"default","site-content-layout":"default","ast-site-content-layout":"default","site-content-style":"default","site-sidebar-style":"default","ast-global-header-display":"","ast-banner-title-visibility":"","ast-main-header-display":"","ast-hfb-above-header-display":"","ast-hfb-below-header-display":"","ast-hfb-mobile-header-display":"","site-post-title":"","ast-breadcrumbs-content":"","ast-featured-img":"","footer-sml-layout":"","ast-disable-related-posts":"","theme-transparent-header-meta":"default","adv-header-id-meta":"","stick-header-meta":"","header-above-stick-meta":"","header-main-stick-meta":"","header-below-stick-meta":"","astra-migrate-meta-layouts":"default","ast-page-background-enabled":"default","ast-page-background-meta":{"desktop":{"background-color":"","background-image":"","background-repeat":"repeat","background-position":"center center","background-size":"auto","background-attachment":"scroll","background-type":"","background-media":"","overlay-type":"","overlay-color":"","overlay-opacity":"","overlay-gradient":""},"tablet":{"background-color":"","background-image":"","background-repeat":"repeat","background-position":"center center","background-size":"auto","background-attachment":"scroll","background-type":"","background-media":"","overlay-type":"","overlay-color":"","overlay-opacity":"","overlay-gradient":""},"mobile":{"background-color":"","background-image":"","background-repeat":"repeat","background-position":"center center","background-size":"auto","background-attachment":"scroll","background-type":"","background-media":"","overlay-type":"","overlay-color":"","overlay-opacity":"","overlay-gradient":""}},"ast-content-background-meta":{"desktop":{"background-color":"var(--ast-global-color-5)","background-image":"","background-repeat":"repeat","background-position":"center center","background-size":"auto","background-attachment":"scroll","background-type":"","background-media":"","overlay-type":"","overlay-color":"","overlay-opacity":"","overlay-gradient":""},"tablet":{"background-color":"var(--ast-global-color-5)","background-image":"","background-repeat":"repeat","background-position":"center center","background-size":"auto","background-attachment":"scroll","background-type":"","background-media":"","overlay-type":"","overlay-color":"","overlay-opacity":"","overlay-gradient":""},"mobile":{"background-color":"var(--ast-global-color-5)","background-image":"","background-repeat":"repeat","background-position":"center center","background-size":"auto","background-attachment":"scroll","background-type":"","background-media":"","overlay-type":"","overlay-color":"","overlay-opacity":"","overlay-gradient":""}},"footnotes":""},"class_list":["post-1807","page","type-page","status-publish","has-post-thumbnail","hentry"],"_links":{"self":[{"href":"https:\/\/vehicleregistrationscostadelsol.com\/de\/wp-json\/wp\/v2\/pages\/1807","targetHints":{"allow":["GET"]}}],"collection":[{"href":"https:\/\/vehicleregistrationscostadelsol.com\/de\/wp-json\/wp\/v2\/pages"}],"about":[{"href":"https:\/\/vehicleregistrationscostadelsol.com\/de\/wp-json\/wp\/v2\/types\/page"}],"author":[{"embeddable":true,"href":"https:\/\/vehicleregistrationscostadelsol.com\/de\/wp-json\/wp\/v2\/users\/1"}],"replies":[{"embeddable":true,"href":"https:\/\/vehicleregistrationscostadelsol.com\/de\/wp-json\/wp\/v2\/comments?post=1807"}],"version-history":[{"count":0,"href":"https:\/\/vehicleregistrationscostadelsol.com\/de\/wp-json\/wp\/v2\/pages\/1807\/revisions"}],"wp:featuredmedia":[{"embeddable":true,"href":"https:\/\/vehicleregistrationscostadelsol.com\/de\/wp-json\/wp\/v2\/media\/2109"}],"wp:attachment":[{"href":"https:\/\/vehicleregistrationscostadelsol.com\/de\/wp-json\/wp\/v2\/media?parent=1807"}],"curies":[{"name":"wp","href":"https:\/\/api.w.org\/{rel}","templated":true}]}}