{"id":1909,"date":"2020-12-20T15:56:00","date_gmt":"2020-12-20T14:56:00","guid":{"rendered":"https:\/\/vehicleregistrationscostadelsol.com\/?page_id=1909"},"modified":"2024-10-27T21:03:29","modified_gmt":"2024-10-27T20:03:29","slug":"grune-nummernschilder-spanien","status":"publish","type":"page","link":"https:\/\/vehicleregistrationscostadelsol.com\/de\/green-number-plates-spain\/","title":{"rendered":"Gr\u00fcne Nummernschilder Spanien &#039;P&#039; Platten 1# erstaunlich"},"content":{"rendered":"<h2 class=\"wp-block-heading\"><span class=\"ez-toc-section\" id=\"Do_you_need_green_reg_plates_in_Spain\"><\/span>Ben\u00f6tigen Sie in Spanien gr\u00fcne Kennzeichen?<span class=\"ez-toc-section-end\"><\/span><\/h2>\n\n\n\n<p>Wenn Sie vorhaben, Ihr Auto legal mit gr\u00fcnen Nummernschildern in Spanien zu fahren, m\u00fcssen Sie diese bei der spanischen DGT bestellen. Sie erm\u00f6glichen es Ihnen, legal zu fahren, weil Ihre Versicherung in Ihrem eigenen Land m\u00f6glicherweise abgelaufen ist, Ihr T\u00dcV m\u00f6glicherweise abgelaufen ist oder Ihr Fahrzeug in Gro\u00dfbritannien auf SORN steht oder das EU-\u00c4quivalent f\u00fcr EU-Autos. Es ist m\u00f6glicherweise legal, dass Ihr Fahrzeug f\u00fcr einen bestimmten Zeitraum in Spanien f\u00e4hrt. Es ist jedoch immer am besten zu \u00fcberpr\u00fcfen, ob Sie gr\u00fcne Nummernschilder ben\u00f6tigen <strong>Gr\u00fcne Nummernschilder<\/strong>oder wie sie in Spanien genannt werden \"placas verdes\"<\/p><div id=\"ez-toc-container\" class=\"ez-toc-v2_0_82_2 counter-hierarchy ez-toc-counter ez-toc-grey ez-toc-container-direction\">\n<div class=\"ez-toc-title-container\">\n<p class=\"ez-toc-title\" style=\"cursor:inherit\">Inhaltsverzeichnis<\/p>\n<span class=\"ez-toc-title-toggle\"><a href=\"#\" class=\"ez-toc-pull-right ez-toc-btn ez-toc-btn-xs ez-toc-btn-default ez-toc-toggle\" aria-label=\"Inhaltsverzeichnis umschalten\"><span class=\"ez-toc-js-icon-con\"><span class=\"\"><span class=\"eztoc-hide\" style=\"display:none;\">Umschalten auf<\/span><span class=\"ez-toc-icon-toggle-span\"><svg style=\"fill: #999;color:#999\" xmlns=\"http:\/\/www.w3.org\/2000\/svg\" class=\"list-377408\" width=\"20px\" height=\"20px\" viewbox=\"0 0 24 24\" fill=\"none\"><path d=\"M6 6H4v2h2V6zm14 0H8v2h12V6zM4 11h2v2H4v-2zm16 0H8v2h12v-2zM4 16h2v2H4v-2zm16 0H8v2h12v-2z\" fill=\"currentColor\"><\/path><\/svg><svg style=\"fill: #999;color:#999\" class=\"arrow-unsorted-368013\" xmlns=\"http:\/\/www.w3.org\/2000\/svg\" width=\"10px\" height=\"10px\" viewbox=\"0 0 24 24\" version=\"1.2\" baseprofile=\"tiny\"><path d=\"M18.2 9.3l-6.2-6.3-6.2 6.3c-.2.2-.3.4-.3.7s.1.5.3.7c.2.2.4.3.7.3h11c.3 0 .5-.1.7-.3.2-.2.3-.5.3-.7s-.1-.5-.3-.7zM5.8 14.7l6.2 6.3 6.2-6.3c.2-.2.3-.5.3-.7s-.1-.5-.3-.7c-.2-.2-.4-.3-.7-.3h-11c-.3 0-.5.1-.7.3-.2.2-.3.5-.3.7s.1.5.3.7z\"\/><\/svg><\/span><\/span><\/span><\/a><\/span><\/div>\n<nav><ul class='ez-toc-list ez-toc-list-level-1' ><li class='ez-toc-page-1 ez-toc-heading-level-2'><a class=\"ez-toc-link ez-toc-heading-1\" href=\"https:\/\/vehicleregistrationscostadelsol.com\/de\/green-number-plates-spain\/#Do_you_need_green_reg_plates_in_Spain\" >Ben\u00f6tigen Sie in Spanien gr\u00fcne Kennzeichen?<\/a><\/li><li class='ez-toc-page-1 ez-toc-heading-level-2'><a class=\"ez-toc-link ez-toc-heading-2\" href=\"https:\/\/vehicleregistrationscostadelsol.com\/de\/green-number-plates-spain\/#Temporary_number_Plates_Spain\" >Tempor\u00e4re Nummernschilder Spanien<\/a><\/li><li class='ez-toc-page-1 ez-toc-heading-level-2'><a class=\"ez-toc-link ez-toc-heading-3\" href=\"https:\/\/vehicleregistrationscostadelsol.com\/de\/green-number-plates-spain\/#How_long_do_green_reg_plates_last\" >Wie lange halten gr\u00fcne Reg-Platten?<\/a><ul class='ez-toc-list-level-3' ><li class='ez-toc-heading-level-3'><a class=\"ez-toc-link ez-toc-heading-4\" href=\"https:\/\/vehicleregistrationscostadelsol.com\/de\/green-number-plates-spain\/#Do_you_need_Spanish_insurance_for_Green_number_plates\" >Ben\u00f6tigen Sie eine spanische Versicherung f\u00fcr gr\u00fcne Nummernschilder?<\/a><ul class='ez-toc-list-level-4' ><li class='ez-toc-heading-level-4'><a class=\"ez-toc-link ez-toc-heading-5\" href=\"https:\/\/vehicleregistrationscostadelsol.com\/de\/green-number-plates-spain\/#How_long_do_green_number_plates_take\" >Wie lange dauern gr\u00fcne Nummernschilder?<\/a><ul class='ez-toc-list-level-5' ><li class='ez-toc-heading-level-5'><a class=\"ez-toc-link ez-toc-heading-6\" href=\"https:\/\/vehicleregistrationscostadelsol.com\/de\/green-number-plates-spain\/#Do_the_police_pull_you_with_green_reg_plates\" >Zieht dich die Polizei mit gr\u00fcnen Kennzeichen?<\/a><ul class='ez-toc-list-level-6' ><li class='ez-toc-heading-level-6'><a class=\"ez-toc-link ez-toc-heading-7\" href=\"https:\/\/vehicleregistrationscostadelsol.com\/de\/green-number-plates-spain\/#Are_the_green_number_plates_the_same_size_as_EU_and_UK_reg_plates\" >Haben die gr\u00fcnen Nummernschilder die gleiche Gr\u00f6\u00dfe wie die EU- und UK-Kennzeichen?<\/a><\/li><li class='ez-toc-page-1 ez-toc-heading-level-6'><a class=\"ez-toc-link ez-toc-heading-8\" href=\"https:\/\/vehicleregistrationscostadelsol.com\/de\/green-number-plates-spain\/#Can_you_get_an_extension_to_the_plates_if_they_expire\" >Kann man die Schilder verl\u00e4ngern lassen, wenn sie ablaufen?<\/a><\/li><\/ul><\/li><\/ul><\/li><\/ul><\/li><\/ul><\/li><\/ul><\/nav><\/div>\n\n\n\n\n<h2 class=\"wp-block-heading\"><span class=\"ez-toc-section\" id=\"Temporary_number_Plates_Spain\"><\/span>Tempor\u00e4re Nummernschilder Spanien<span class=\"ez-toc-section-end\"><\/span><\/h2>\n\n\n\n<p>Was ist der Unterschied zwischen einem vorl\u00e4ufigen Nummernschild und einem gr\u00fcnen Nummernschild in Spanien? Nichts, sie sind genau das Gleiche. Gr\u00fcne Nummernschilder, P-Kennzeichen, Kurzzeitkennzeichen oder placas verdes sind alles Begriffe, die h\u00e4ufig verwendet werden, wenn es um dasselbe Produkt und Verfahren geht. Sie haben genau die gleiche Funktion und die gleichen Regeln wie jeder andere.<\/p>\n\n\n\n<h2 class=\"wp-block-heading\"><span class=\"ez-toc-section\" id=\"How_long_do_green_reg_plates_last\"><\/span>Wie lange halten gr\u00fcne Reg-Platten?<span class=\"ez-toc-section-end\"><\/span><\/h2>\n\n\n\n<p>Mit den gr\u00fcnen Kennzeichen k\u00f6nnen Sie 60 Tage lang legal in Spanien fahren. Ausreichend Zeit, um Ihr Auto auf spanische Kennzeichen zu immatrikulieren und Ihr Auto mitzunehmen <a aria-label=\"ITV-Test (\u00f6ffnet sich in einem neuen Tab)\" rel=\"noreferrer noopener\" class=\"rank-math-link\" href=\"https:\/\/vehicleregistrationscostadelsol.com\/de\/itv-tests\/\" target=\"_blank\">ITV-Test<\/a>. 60 Tage sind mehr als genug, um ein ITV zu buchen und Ihr Auto zu \u00fcbergeben, die spanischen Papiere f\u00fcr Ihre gr\u00fcnen Nummernschilder zu erledigen und Ihre echten spanischen Kennzeichen und Ihr Auto jetzt zu liefern <a aria-label=\"registriert (\u00f6ffnet sich in einem neuen Tab)\" rel=\"noreferrer noopener\" class=\"rank-math-link\" href=\"http:\/\/www.dgt.es\/es\/\" target=\"_blank\">Eingetragen<\/a> voll in Spanien. <\/p>\n\n\n\n<p><\/p>\n\n\n\n<h3 class=\"wp-block-heading\"><span class=\"ez-toc-section\" id=\"Do_you_need_Spanish_insurance_for_Green_number_plates\"><\/span>Ben\u00f6tigen Sie eine spanische Versicherung f\u00fcr gr\u00fcne Nummernschilder?<span class=\"ez-toc-section-end\"><\/span><\/h3>\n\n\n\n<p>Ja, sobald Sie die gr\u00fcnen Kennzeichen erhalten haben, m\u00fcssen Sie die von der DGT ausgestellte Nummer versichern. Diese Nummer entspricht in etwa P 4321 BDP. Sie versichern dann (selbst oder auf unsere Empfehlung hin) Ihr Fahrzeug auf spanischen Green-Kennzeichen. Sie \u00e4ndern dann die Nummer bei Ihrer neuen spanischen Versicherungsgesellschaft, wenn die echten Kennzeichen mit Ihrer richtigen neuen spanischen Kennzeichen-Nummer eintreffen.<\/p>\n\n\n\n<h4 class=\"wp-block-heading\"><span class=\"ez-toc-section\" id=\"How_long_do_green_number_plates_take\"><\/span>Wie lange dauern gr\u00fcne Nummernschilder?<span class=\"ez-toc-section-end\"><\/span><\/h4>\n\n\n\n<p>Wenn wir die gr\u00fcnen Nummernschilder Spanien f\u00fcr Sie bestellen, dauert es ungef\u00e4hr eine Woche, bis die Nummer ausgestellt wird. Die DGT sendet eine E-Mail mit der Nummer, damit Sie das Fahrzeug damit versichern k\u00f6nnen. Dann kommen die physischen Platten einige Tage sp\u00e4ter an. Wir bieten einen Service an, um die Kennzeichen an Sie zu senden. Wenn Sie in der N\u00e4he sind, bringen wir die Kennzeichen f\u00fcr Sie an Ihrem Auto an. <\/p>\n\n\n\n<p>Das Anbringen von gr\u00fcnen Schildern ist nicht schwierig, viele Autos sind unterschiedlich, aber normalerweise sind 2\/4 Schrauben in Ihren Nummernschildern. Entfernen Sie die Schrauben, nehmen Sie das alte Nummernschild ab, setzen Sie es auf das gr\u00fcne Schild und markieren Sie, wo die alten L\u00f6cher sind. Schrauben Sie dann durch diese L\u00f6cher auf dem neuen gr\u00fcnen Nummernschild zur\u00fcck. Auf diese Weise k\u00f6nnen die Schrauben durch die vorhandenen L\u00f6cher im Auto gef\u00fchrt werden, um sicherzustellen, dass Sie keine neuen L\u00f6cher bekommen und die Arbeit einfacher sein sollte. Wir empfehlen die Verwendung von selbstschneidenden Schrauben. Wir erledigen dies normalerweise f\u00fcr Sie, wenn Sie mit dem Auto zu uns fahren oder sich in der N\u00e4he unseres Standortes befinden. <\/p>\n\n\n\n<h5 class=\"wp-block-heading\"><span class=\"ez-toc-section\" id=\"Do_the_police_pull_you_with_green_reg_plates\"><\/span>Zieht dich die Polizei mit gr\u00fcnen Kennzeichen?<span class=\"ez-toc-section-end\"><\/span><\/h5>\n\n\n\n<p>Es ist wahrscheinlicher, dass Sie mit Ihrem L\u00e4nderkennzeichen von der Polizei angehalten werden als mit gr\u00fcnen Kennzeichen. Zum Beispiel ist die spanische Polizei mit der DVLA in Gro\u00dfbritannien vertraut. Sie k\u00f6nnen Sie sehr einfach verfolgen, ihr Mobiltelefon verwenden und in Sekundenschnelle herausfinden, ob Ihr Auto in Ihrem Heimatland versichert, besteuert und auf dem neuesten Stand ist. Wenn etwas davon falsch ist, werden Sie mit einer Geldstrafe belegt, m\u00f6glicherweise wird das Auto beschlagnahmt und Ihre Versicherung wird als ung\u00fcltig angesehen. <\/p>\n\n\n\n<p>Sie k\u00f6nnen das Fahrzeug in Spanien mit Ihrer britischen Versicherung fahren, wenn alle oben genannten Punkte korrekt sind. Wenn Sie jedoch gr\u00fcne Nummernschilder in Spanien erhalten, k\u00f6nnen Sie m\u00f6glicherweise hohe Geldstrafen oder unerw\u00fcnschte Aufmerksamkeit der Polizei in Bezug auf die Rechtm\u00e4\u00dfigkeit des Fahrzeugs, das Sie in Spanien fahren, vermeiden. Wenn Ihr Fahrzeug seit mehr als sechs Monaten hier ist, schieben Sie es wirklich.<\/p>\n\n\n\n<h6 class=\"wp-block-heading\"><span class=\"ez-toc-section\" id=\"Are_the_green_number_plates_the_same_size_as_EU_and_UK_reg_plates\"><\/span>Haben die gr\u00fcnen Nummernschilder die gleiche Gr\u00f6\u00dfe wie die EU- und UK-Kennzeichen?<span class=\"ez-toc-section-end\"><\/span><\/h6>\n\n\n\n<p>Ja, die sind genau gleich gro\u00df. Dies macht es einfach, die Platten auszutauschen, da Sie die vorhandenen L\u00f6cher Ihrer aktuellen Nummernschilder durchschrauben und ein Loch auf dem gr\u00fcnen Nummernschild markieren k\u00f6nnen. Dies sollte bedeuten, dass die Schrauben in die vorhandenen L\u00f6cher eingesetzt werden, um sicherzustellen, dass keine neuen L\u00f6cher entstehen. Dies gilt sowohl f\u00fcr EU- als auch f\u00fcr UK-Nummernschilder, wenn Sie Ihre gr\u00fcnen Kennzeichen anbringen. F\u00fcr weitere Informationen laden Sie bitte unser Informations-PDF auf gr\u00fcnen Nummernschildern herunter. <\/p>\n\n\n\n<h6 class=\"wp-block-heading\"><span class=\"ez-toc-section\" id=\"Can_you_get_an_extension_to_the_plates_if_they_expire\"><\/span>Kann man die Schilder verl\u00e4ngern lassen, wenn sie ablaufen?<span class=\"ez-toc-section-end\"><\/span><\/h6>\n\n\n\n<p>Es gibt \u00fcber die DGT ein Verl\u00e4ngerungsverfahren, das jedoch sehr schwer zu genehmigen ist. Selbst wenn die Inspektionen in einigen F\u00e4llen sechs Wochen f\u00fcr die Erteilung eines Termins gebraucht haben, was Ihnen praktisch keine Zeit l\u00e4sst, das Verfahren innerhalb von 60 Tagen abzuschlie\u00dfen, werden sie fast immer abgelehnt. Wir sind uns nicht sicher, warum dies der Fall ist. <strong>Perspektivisch gesehen haben wir und unsere Rechtsvertreter, die die Verl\u00e4ngerungen abwickeln, bisher noch nie eine Genehmigung erhalten. <\/strong><\/p>\n\n\n\n<figure class=\"wp-block-image size-large\"><img decoding=\"async\" width=\"430\" height=\"81\" src=\"https:\/\/vehicleregistrationscostadelsol.com\/wp-content\/uploads\/2020\/12\/Green-number-plates-1.jpg\" alt=\"Autokennzeichen Costa del Sol\" class=\"wp-image-1950\" title=\"Registrieren Sie Ihr Auto in Spanien\" srcset=\"https:\/\/vehicleregistrationscostadelsol.com\/wp-content\/uploads\/2020\/12\/Green-number-plates-1.jpg 430w, https:\/\/vehicleregistrationscostadelsol.com\/wp-content\/uploads\/2020\/12\/Green-number-plates-1-300x57.jpg 300w\" sizes=\"(max-width: 430px) 100vw, 430px\" \/><\/figure>\n\n\n\n<p><\/p>","protected":false},"excerpt":{"rendered":"<p>Do you need green reg plates in Spain? If you plan to drive your car legally with green number plates Spain you need to order them from the Spanish DGT. They enable you to drive drive legally for the reasons that your insurance in your own country may have run out, your MOT may have [&hellip;]<\/p>\n","protected":false},"author":1,"featured_media":2237,"parent":0,"menu_order":0,"comment_status":"closed","ping_status":"closed","template":"","meta":{"site-sidebar-layout":"default","site-content-layout":"default","ast-site-content-layout":"default","site-content-style":"default","site-sidebar-style":"default","ast-global-header-display":"","ast-banner-title-visibility":"","ast-main-header-display":"","ast-hfb-above-header-display":"","ast-hfb-below-header-display":"","ast-hfb-mobile-header-display":"","site-post-title":"","ast-breadcrumbs-content":"","ast-featured-img":"","footer-sml-layout":"","ast-disable-related-posts":"","theme-transparent-header-meta":"default","adv-header-id-meta":"","stick-header-meta":"","header-above-stick-meta":"","header-main-stick-meta":"","header-below-stick-meta":"","astra-migrate-meta-layouts":"set","ast-page-background-enabled":"default","ast-page-background-meta":{"desktop":{"background-color":"","background-image":"","background-repeat":"repeat","background-position":"center center","background-size":"auto","background-attachment":"scroll","background-type":"","background-media":"","overlay-type":"","overlay-color":"","overlay-opacity":"","overlay-gradient":""},"tablet":{"background-color":"","background-image":"","background-repeat":"repeat","background-position":"center center","background-size":"auto","background-attachment":"scroll","background-type":"","background-media":"","overlay-type":"","overlay-color":"","overlay-opacity":"","overlay-gradient":""},"mobile":{"background-color":"","background-image":"","background-repeat":"repeat","background-position":"center center","background-size":"auto","background-attachment":"scroll","background-type":"","background-media":"","overlay-type":"","overlay-color":"","overlay-opacity":"","overlay-gradient":""}},"ast-content-background-meta":{"desktop":{"background-color":"var(--ast-global-color-5)","background-image":"","background-repeat":"repeat","background-position":"center center","background-size":"auto","background-attachment":"scroll","background-type":"","background-media":"","overlay-type":"","overlay-color":"","overlay-opacity":"","overlay-gradient":""},"tablet":{"background-color":"var(--ast-global-color-5)","background-image":"","background-repeat":"repeat","background-position":"center center","background-size":"auto","background-attachment":"scroll","background-type":"","background-media":"","overlay-type":"","overlay-color":"","overlay-opacity":"","overlay-gradient":""},"mobile":{"background-color":"var(--ast-global-color-5)","background-image":"","background-repeat":"repeat","background-position":"center center","background-size":"auto","background-attachment":"scroll","background-type":"","background-media":"","overlay-type":"","overlay-color":"","overlay-opacity":"","overlay-gradient":""}},"footnotes":""},"class_list":["post-1909","page","type-page","status-publish","has-post-thumbnail","hentry"],"_links":{"self":[{"href":"https:\/\/vehicleregistrationscostadelsol.com\/de\/wp-json\/wp\/v2\/pages\/1909","targetHints":{"allow":["GET"]}}],"collection":[{"href":"https:\/\/vehicleregistrationscostadelsol.com\/de\/wp-json\/wp\/v2\/pages"}],"about":[{"href":"https:\/\/vehicleregistrationscostadelsol.com\/de\/wp-json\/wp\/v2\/types\/page"}],"author":[{"embeddable":true,"href":"https:\/\/vehicleregistrationscostadelsol.com\/de\/wp-json\/wp\/v2\/users\/1"}],"replies":[{"embeddable":true,"href":"https:\/\/vehicleregistrationscostadelsol.com\/de\/wp-json\/wp\/v2\/comments?post=1909"}],"version-history":[{"count":0,"href":"https:\/\/vehicleregistrationscostadelsol.com\/de\/wp-json\/wp\/v2\/pages\/1909\/revisions"}],"wp:featuredmedia":[{"embeddable":true,"href":"https:\/\/vehicleregistrationscostadelsol.com\/de\/wp-json\/wp\/v2\/media\/2237"}],"wp:attachment":[{"href":"https:\/\/vehicleregistrationscostadelsol.com\/de\/wp-json\/wp\/v2\/media?parent=1909"}],"curies":[{"name":"wp","href":"https:\/\/api.w.org\/{rel}","templated":true}]}}