{"id":1977,"date":"2021-01-13T15:06:57","date_gmt":"2021-01-13T14:06:57","guid":{"rendered":"https:\/\/vehicleregistrationscostadelsol.com\/?page_id=1977"},"modified":"2026-02-10T22:24:44","modified_gmt":"2026-02-10T21:24:44","slug":"zulassung-eines-eu-pkw-in-spanien","status":"publish","type":"page","link":"https:\/\/vehicleregistrationscostadelsol.com\/de\/registering-an-eu-car-in-spain\/","title":{"rendered":"Zulassung eines EU-Fahrzeugs in Spanien - Kosten und Informationen #1"},"content":{"rendered":"<img fetchpriority=\"high\" decoding=\"async\" src=\"https:\/\/vehicleregistrationscostadelsol.com\/wp-content\/uploads\/2024\/01\/Reister-an-EU-vehcile-in-Spain-1024x536.webp\" sizes=\"(max-width: 1024px) 100vw, 1024px\" srcset=\"https:\/\/vehicleregistrationscostadelsol.com\/wp-content\/uploads\/2024\/01\/Reister-an-EU-vehcile-in-Spain-1024x536.webp 1024w, https:\/\/vehicleregistrationscostadelsol.com\/wp-content\/uploads\/2024\/01\/Reister-an-EU-vehcile-in-Spain-300x157.webp 300w, https:\/\/vehicleregistrationscostadelsol.com\/wp-content\/uploads\/2024\/01\/Reister-an-EU-vehcile-in-Spain-768x402.webp 768w, https:\/\/vehicleregistrationscostadelsol.com\/wp-content\/uploads\/2024\/01\/Reister-an-EU-vehcile-in-Spain-18x9.webp 18w, https:\/\/vehicleregistrationscostadelsol.com\/wp-content\/uploads\/2024\/01\/Reister-an-EU-vehcile-in-Spain.webp 1200w\" alt=\"Zulassung von EU-Fahrzeugen in Spanien. Einfache Anleitung und Informationen.\" width=\"1024\" height=\"536\" title=\"Registrieren Sie Ihr Auto in Spanien\">\n\nSchritte zur Zulassung eines EU-Fahrzeugs in Spanien. Auf dieser Seite finden Sie viele wertvolle und informative Informationen dar\u00fcber, wie Sie Ihr EU-Fahrzeug in Spanien anmelden k\u00f6nnen. Die Zulassung eines EU-Fahrzeugs ist in der Regel ein recht einfacher Vorgang. In der Regel befindet sich bei EU-Fahrzeugen die Lenkung auf der linken Seite des Fahrzeugs, und die Scheinwerfer zeigen in die richtige Richtung f\u00fcr das Fahren auf spanischen Stra\u00dfen. Und die Nebelscheinwerfer und R\u00fcckfahrscheinwerfer befinden sich auf der richtigen Seite.\n<h2><span class=\"ez-toc-section\" id=\"Top_steps_to_register_a_EU_vehicle_in_Spain\"><\/span>Die wichtigsten Schritte zur Zulassung eines EU-Fahrzeugs in Spanien<span class=\"ez-toc-section-end\"><\/span><\/h2>\nF\u00fcr die Zulassung Ihres ausl\u00e4ndischen Fahrzeugs in Spanien ben\u00f6tigen Sie die Original-Fahrzeugpapiere, eine Ficha Technica Reducia, eine g\u00fcltige ITV-Inspektion, einen Reisepass, eine NIE-Bescheinigung oder einen Wohnsitznachweis und einen Nachweis der Adresse in Spanien. Sie m\u00fcssen an die zust\u00e4ndigen Stellen zahlen, vor allem an das Finanzamt, die DGT und das Rathaus.\n\n<!-- \/wp:post-content -->\n\n<!-- wp:heading -->\n<h2><span class=\"ez-toc-section\" id=\"Cost_of_registering_a_EU_car_in_Spain\"><\/span>Kosten f\u00fcr die Zulassung eines EU-Fahrzeugs in Spanien?<span class=\"ez-toc-section-end\"><\/span><\/h2>\n<!-- \/wp:heading -->\n\n<!-- wp:paragraph -->\n\nDie Zulassung eines ausl\u00e4ndischen Fahrzeugs mit geringen Emissionen kostet in Spanien etwa 900 \u20ac. Die Kosten steigen jedoch in Abh\u00e4ngigkeit von den CO2-Emissionen des Fahrzeugs. Ebenso wie die Kfz-Steuer und die Versicherung, die nach Leistung und Alter des Fahrzeugs berechnet werden.\n\nAllerdings ist jedes Auto anders. Die Kosten f\u00fcr die Zulassung eines ausl\u00e4ndischen Fahrzeugs in Spanien setzen sich aus mehreren Kosten zusammen. Die Emissionssteuern sind f\u00fcr jedes Auto unterschiedlich und werden nach dem CO2-Aussto\u00df (Gramm pro Kilometer) und dem Alter des Fahrzeugs berechnet.  Die nachstehende Liste enth\u00e4lt die notwendigen Schritte der Kosten.\n\n<!-- \/wp:paragraph -->\n\n<!-- wp:list -->\n<ul>\n \t<li>Schritt 1 - Erlangung einer Ficha Technica - Konformit\u00e4tsbescheinigung<\/li>\n \t<li>Schritt 2 - Eine ITV-Inspektion Technische Pr\u00fcfung -<\/li>\n \t<li>Schritt 3 - Bearbeitung der Dokumentation mit der DGT<\/li>\n \t<li>Schritt 4 - Zahlung der Emissionsgeb\u00fchren an das Finanzamt<\/li>\n \t<li>Schritt 5 - Bezahlen der Stra\u00dfenbenutzungsgeb\u00fchr - IVTM bezahlt im Rathaus<\/li>\n \t<li>Schritt 6 - Beantragung der physischen Nummernschilder<\/li>\n \t<li>Schritt 7 - Beantragung einer ECO-Vignette<\/li>\n<\/ul>\n<!-- \/wp:list -->\n\n<!-- wp:paragraph -->\n\nEs gibt unterschiedliche Emissionssteuern, die von Null bis zu 1000 Euro reichen, je nachdem, ob Sie ein emissionsarmes Auto oder einen Ferrari fahren.\n\n<!-- \/wp:paragraph -->\n\n<!-- wp:heading -->\n<h2><span class=\"ez-toc-section\" id=\"How_do_you_register_an_EU_car_in_Spain\"><\/span>Wie meldet man ein EU-Fahrzeug in Spanien an?<span class=\"ez-toc-section-end\"><\/span><\/h2>\n<!-- \/wp:heading -->\n\n<!-- wp:paragraph -->\n\nDie Zulassung eines EU-Fahrzeugs in Spanien ist ein schwieriger Prozess, wenn Sie nicht wissen, wie das Verfahren funktioniert. Wir erledigen absolut alles f\u00fcr Sie, von Anfang bis Ende, einschlie\u00dflich der Steuern und des Papierkrams, <a href=\"https:\/\/vehicleregistrationscostadelsol.com\/de\/\" target=\"_blank\" rel=\"noreferrer noopener\" aria-label=\"PRE ITV check FREE (\u00f6ffnet sich in einem neuen Tab)\">PRE ITV Scheck KOSTENLOS<\/a>, <a href=\"https:\/\/vehicleregistrationscostadelsol.com\/de\/itv-tests-mijas\/\" target=\"_blank\" rel=\"noreferrer noopener\" aria-label=\"ITV-Test (\u00f6ffnet sich in einem neuen Tab)\">ITV-Test<\/a> (buchen und durchf\u00fchren) Erhalten Sie gr\u00fcne Nummernschilder, zahlen Sie die Kfz-Steuer in Ihrem Namen, besorgen Sie sich die neuen Fahrzeugpapiere und die spanischen Nummernschilder, und wir bringen sie sogar f\u00fcr Sie am Auto an, wenn wir sie erhalten. Wir bestellen und montieren auch gr\u00fcne Schilder, damit Sie legal in Spanien fahren k\u00f6nnen, w\u00e4hrend wir den gesamten Service f\u00fcr die Registrierung eines EU-Autos in Spanien ausf\u00fchren.\n\n<!-- \/wp:paragraph -->\n\n<!-- wp:image {\"id\":1970,\"sizeSlug\":\"large\"} -->\n<figure><\/figure>\n<!-- \/wp:image -->\n\n<!-- wp:heading {\"level\":4} -->\n<h4><span class=\"ez-toc-section\" id=\"Can_I_register_a_right_hand_drive_car_in_Spain\"><\/span>Kann ich ein Auto mit Rechtslenkung in Spanien registrieren?<span class=\"ez-toc-section-end\"><\/span><\/h4>\n<!-- \/wp:heading -->\n\n<!-- wp:paragraph -->\n\nJa, alle RHD-Fahrzeuge mit Rechtslenkung k\u00f6nnen in Spanien registriert werden. Solange der ITV-Test bestanden wurde und das Auto mit den richtigen Scheinwerfern, R\u00fcckfahrscheinwerfern und dem Auto ausgestattet wurde, wurde es gr\u00fcndlich \u00fcberpr\u00fcft. <a href=\"https:\/\/vehicleregistrationscostadelsol.com\/de\/scheinwerferwechsel-in-spanien-neu-ausrichten\/\" target=\"_blank\" rel=\"noreferrer noopener\" aria-label=\"Scheinwerfer (\u00f6ffnet sich in einem neuen Tab)\">Scheinwerfer<\/a> Neuausrichtung, Nebelscheinwerfer, R\u00fcckfahrscheinwerfer und verschiedene andere Faktoren, um die Eignung f\u00fcr das Fahren auf spanischen Stra\u00dfen sicherzustellen. EU-Autos sind unkompliziert. Britische Autos nach dem Brexit ben\u00f6tigen ein neues Zertifikat, k\u00f6nnen aber trotzdem problemlos durchgef\u00fchrt werden.\n\n<!-- \/wp:paragraph -->\n\n<!-- wp:heading {\"level\":5} -->\n<h5><span class=\"ez-toc-section\" id=\"Can_a_non_resident_register_an_EU_car_in_Spain\"><\/span>Kann ein Gebietsfremder ein EU-Fahrzeug in Spanien anmelden?<span class=\"ez-toc-section-end\"><\/span><\/h5>\n<!-- \/wp:heading -->\n\n<!-- wp:paragraph -->\n\nJa, Sie m\u00fcssen nicht wohnhaft sein, um Ihr Auto auf spanischen Nummernschildern zu registrieren. Solange das Fahrzeug versichert und mit seiner Fahrzeuginspektion ITV auf dem neuesten Stand ist, k\u00f6nnen Sie das Auto verlassen und es benutzen, wenn Sie auf spanischen Stra\u00dfen fahren. Sie werden als Fahrzeughalter registriert und es wird ein spanisches Nummernschild haben. Sie m\u00fcssen sich auch \u00fcber Ihre Kfz-Steuer in Spanien auf dem Laufenden halten.\n\n<!-- \/wp:paragraph -->\n\n<!-- wp:heading {\"level\":6} -->\n<h6><span class=\"ez-toc-section\" id=\"Do_you_offer_the_whole_service_for_Registering_An_EU_Car_In_Spain\"><\/span>Bieten Sie den gesamten Service f\u00fcr die Registrierung eines EU-Autos in Spanien an?<span class=\"ez-toc-section-end\"><\/span><\/h6>\n<!-- \/wp:heading -->\n\n<!-- wp:paragraph -->\n\nJa, ein Service, der unseres Wissens nach an der K\u00fcste konkurrenzlos ist, einschlie\u00dflich einer KOSTENLOSEN ITV-Vorpr\u00fcfung Ihres Fahrzeugs. Viele Unternehmen und Gestoren behaupten, einen Service f\u00fcr die Registrierung eines EU-Autos in Spanien anzubieten, aber viele wissen nicht, wie sie das Auto f\u00fcr die Zulassung vorbereiten sollen. <a href=\"https:\/\/share.google\/N2SEjMQSj8RaJAr8b\" target=\"_blank\" rel=\"noopener\">ITV,<\/a> Quelle Teile, Scheinwerfer, Nebelscheinwerfer, R\u00fcckfahrscheinwerfer, und Scheinwerfer Neuausrichtung. Sie bieten sicherlich nicht den Ficha Technica-Bericht an, buchen und f\u00fchren die ITV f\u00fcr Sie durch, bringen Ihre Kennzeichen an. In den meisten F\u00e4llen helfen sie nur bei den abschlie\u00dfenden Formalit\u00e4ten.\n\n<!-- \/wp:paragraph -->\n<h6><span class=\"ez-toc-section\" id=\"Do_you_need_to_import_duty_VAT_on_an_EU_vehicle_importing_to_Spain\"><\/span>M\u00fcssen Sie f\u00fcr ein EU-Fahrzeug, das Sie nach Spanien einf\u00fchren, Einfuhrz\u00f6lle und Mehrwertsteuer entrichten?<span class=\"ez-toc-section-end\"><\/span><\/h6>\nNormalerweise sind Fahrzeuge, die aus der EU nach Spanien eingef\u00fchrt werden, von der Zahlung von Einfuhrz\u00f6llen befreit. Das Fahrzeug muss die korrekte EU-Konformit\u00e4t aufweisen, damit Einfuhrzoll und Mehrwertsteuer befreit sind. Dies ist einfacher, wenn das Fahrzeug auf Ihren eigenen Namen zugelassen ist. Wenn Sie das Fahrzeug jedoch gerade erst gekauft haben, ist eine korrekte Verkaufsrechnung erforderlich.\n<h6><span class=\"ez-toc-section\" id=\"WhatsApp_your_Reg_Number\"><\/span>WhatsApp Ihre Reg-Nummer<span class=\"ez-toc-section-end\"><\/span><\/h6>\n<h2><span class=\"ez-toc-section\" id=\"34_696_337_629\"><\/span><a href=\"https:\/\/wa.me\/+34696337629?text=Please%20send%20me%20a%20free%20quote\" target=\"_blank\" rel=\"noopener\">+34 696 337 629<\/a><span class=\"ez-toc-section-end\"><\/span><\/h2>\n<h6><span class=\"ez-toc-section\" id=\"BOOK_AN_APPOINTMENT_TODAY\"><\/span>BUCHEN SIE HEUTE EINEN TERMIN<span class=\"ez-toc-section-end\"><\/span><\/h6>\n<a href=\"Tel.: +34696337629\">\n\nbuchen Sie jetzt\n<\/a>","protected":false},"excerpt":{"rendered":"<p>Steps for registering an EU car in Spain. This page will give lots of valuable and informative information regards how to register your EU car in Spain. Registering an EU vehicle is usually quite a straight forward process. Generally EU cars have the steering on the left hand side of the car. the headlights point [&hellip;]<\/p>\n","protected":false},"author":1,"featured_media":1626,"parent":0,"menu_order":0,"comment_status":"closed","ping_status":"closed","template":"","meta":{"site-sidebar-layout":"default","site-content-layout":"default","ast-site-content-layout":"default","site-content-style":"default","site-sidebar-style":"default","ast-global-header-display":"","ast-banner-title-visibility":"","ast-main-header-display":"","ast-hfb-above-header-display":"","ast-hfb-below-header-display":"","ast-hfb-mobile-header-display":"","site-post-title":"","ast-breadcrumbs-content":"","ast-featured-img":"","footer-sml-layout":"","ast-disable-related-posts":"","theme-transparent-header-meta":"default","adv-header-id-meta":"","stick-header-meta":"","header-above-stick-meta":"","header-main-stick-meta":"","header-below-stick-meta":"","astra-migrate-meta-layouts":"set","ast-page-background-enabled":"default","ast-page-background-meta":{"desktop":{"background-color":"","background-image":"","background-repeat":"repeat","background-position":"center center","background-size":"auto","background-attachment":"scroll","background-type":"","background-media":"","overlay-type":"","overlay-color":"","overlay-opacity":"","overlay-gradient":""},"tablet":{"background-color":"","background-image":"","background-repeat":"repeat","background-position":"center center","background-size":"auto","background-attachment":"scroll","background-type":"","background-media":"","overlay-type":"","overlay-color":"","overlay-opacity":"","overlay-gradient":""},"mobile":{"background-color":"","background-image":"","background-repeat":"repeat","background-position":"center center","background-size":"auto","background-attachment":"scroll","background-type":"","background-media":"","overlay-type":"","overlay-color":"","overlay-opacity":"","overlay-gradient":""}},"ast-content-background-meta":{"desktop":{"background-color":"var(--ast-global-color-5)","background-image":"","background-repeat":"repeat","background-position":"center center","background-size":"auto","background-attachment":"scroll","background-type":"","background-media":"","overlay-type":"","overlay-color":"","overlay-opacity":"","overlay-gradient":""},"tablet":{"background-color":"var(--ast-global-color-5)","background-image":"","background-repeat":"repeat","background-position":"center center","background-size":"auto","background-attachment":"scroll","background-type":"","background-media":"","overlay-type":"","overlay-color":"","overlay-opacity":"","overlay-gradient":""},"mobile":{"background-color":"var(--ast-global-color-5)","background-image":"","background-repeat":"repeat","background-position":"center center","background-size":"auto","background-attachment":"scroll","background-type":"","background-media":"","overlay-type":"","overlay-color":"","overlay-opacity":"","overlay-gradient":""}},"footnotes":""},"class_list":["post-1977","page","type-page","status-publish","has-post-thumbnail","hentry"],"_links":{"self":[{"href":"https:\/\/vehicleregistrationscostadelsol.com\/de\/wp-json\/wp\/v2\/pages\/1977","targetHints":{"allow":["GET"]}}],"collection":[{"href":"https:\/\/vehicleregistrationscostadelsol.com\/de\/wp-json\/wp\/v2\/pages"}],"about":[{"href":"https:\/\/vehicleregistrationscostadelsol.com\/de\/wp-json\/wp\/v2\/types\/page"}],"author":[{"embeddable":true,"href":"https:\/\/vehicleregistrationscostadelsol.com\/de\/wp-json\/wp\/v2\/users\/1"}],"replies":[{"embeddable":true,"href":"https:\/\/vehicleregistrationscostadelsol.com\/de\/wp-json\/wp\/v2\/comments?post=1977"}],"version-history":[{"count":8,"href":"https:\/\/vehicleregistrationscostadelsol.com\/de\/wp-json\/wp\/v2\/pages\/1977\/revisions"}],"predecessor-version":[{"id":3586,"href":"https:\/\/vehicleregistrationscostadelsol.com\/de\/wp-json\/wp\/v2\/pages\/1977\/revisions\/3586"}],"wp:featuredmedia":[{"embeddable":true,"href":"https:\/\/vehicleregistrationscostadelsol.com\/de\/wp-json\/wp\/v2\/media\/1626"}],"wp:attachment":[{"href":"https:\/\/vehicleregistrationscostadelsol.com\/de\/wp-json\/wp\/v2\/media?parent=1977"}],"curies":[{"name":"wp","href":"https:\/\/api.w.org\/{rel}","templated":true}]}}