{"id":1999,"date":"2021-01-18T16:27:04","date_gmt":"2021-01-18T15:27:04","guid":{"rendered":"https:\/\/vehicleregistrationscostadelsol.com\/?page_id=1999"},"modified":"2026-02-15T15:22:36","modified_gmt":"2026-02-15T14:22:36","slug":"brexit-britische-autos-und-aufenthalt","status":"publish","type":"page","link":"https:\/\/vehicleregistrationscostadelsol.com\/de\/brexit-uk-cars-and-residency\/","title":{"rendered":"Britische Autos in Spanien nach dem Brexit: Regeln, Wohnsitz und Fristen"},"content":{"rendered":"<p><a href=\"https:\/\/vehicleregistrationscostadelsol.com\/de\/ein-britisches-auto-in-spanien-anmelden\/\">Zulassung eines britischen Fahrzeugs in Spanien<\/a> umfasst mehrere Schritte, einschlie\u00dflich der Zollabfertigung. Zun\u00e4chst muss die Zul\u00e4ssigkeit gepr\u00fcft werden - f\u00fcr britische Autos, die nach dem Brexit nach Spanien kommen, gibt es drei Wege.<\/p><div id=\"ez-toc-container\" class=\"ez-toc-v2_0_82_2 counter-hierarchy ez-toc-counter ez-toc-grey ez-toc-container-direction\">\n<div class=\"ez-toc-title-container\">\n<p class=\"ez-toc-title\" style=\"cursor:inherit\">Inhaltsverzeichnis<\/p>\n<span class=\"ez-toc-title-toggle\"><a href=\"#\" class=\"ez-toc-pull-right ez-toc-btn ez-toc-btn-xs ez-toc-btn-default ez-toc-toggle\" aria-label=\"Inhaltsverzeichnis umschalten\"><span class=\"ez-toc-js-icon-con\"><span class=\"\"><span class=\"eztoc-hide\" style=\"display:none;\">Umschalten auf<\/span><span class=\"ez-toc-icon-toggle-span\"><svg style=\"fill: #999;color:#999\" xmlns=\"http:\/\/www.w3.org\/2000\/svg\" class=\"list-377408\" width=\"20px\" height=\"20px\" viewbox=\"0 0 24 24\" fill=\"none\"><path d=\"M6 6H4v2h2V6zm14 0H8v2h12V6zM4 11h2v2H4v-2zm16 0H8v2h12v-2zM4 16h2v2H4v-2zm16 0H8v2h12v-2z\" fill=\"currentColor\"><\/path><\/svg><svg style=\"fill: #999;color:#999\" class=\"arrow-unsorted-368013\" xmlns=\"http:\/\/www.w3.org\/2000\/svg\" width=\"10px\" height=\"10px\" viewbox=\"0 0 24 24\" version=\"1.2\" baseprofile=\"tiny\"><path d=\"M18.2 9.3l-6.2-6.3-6.2 6.3c-.2.2-.3.4-.3.7s.1.5.3.7c.2.2.4.3.7.3h11c.3 0 .5-.1.7-.3.2-.2.3-.5.3-.7s-.1-.5-.3-.7zM5.8 14.7l6.2 6.3 6.2-6.3c.2-.2.3-.5.3-.7s-.1-.5-.3-.7c-.2-.2-.4-.3-.7-.3h-11c-.3 0-.5.1-.7.3-.2.2-.3.5-.3.7s.1.5.3.7z\"\/><\/svg><\/span><\/span><\/span><\/a><\/span><\/div>\n<nav><ul class='ez-toc-list ez-toc-list-level-1' ><li class='ez-toc-page-1 ez-toc-heading-level-2'><a class=\"ez-toc-link ez-toc-heading-1\" href=\"https:\/\/vehicleregistrationscostadelsol.com\/de\/brexit-uk-cars-and-residency\/#What_are_the_steps_to_register_a_UK_car_after_Brexit\" >Welche Schritte sind erforderlich, um ein Auto im Vereinigten K\u00f6nigreich nach dem Brexit zuzulassen?<\/a><\/li><li class='ez-toc-page-1 ez-toc-heading-level-2'><a class=\"ez-toc-link ez-toc-heading-2\" href=\"https:\/\/vehicleregistrationscostadelsol.com\/de\/brexit-uk-cars-and-residency\/#What_information_is_used_to_calculate_the_cost_to_register_a_UK_car_in_Spain_after_Brexit\" >Welche Informationen werden zur Berechnung der Kosten f\u00fcr die Zulassung eines britischen Autos in Spanien nach dem Brexit verwendet?<\/a><\/li><li class='ez-toc-page-1 ez-toc-heading-level-2'><a class=\"ez-toc-link ez-toc-heading-3\" href=\"https:\/\/vehicleregistrationscostadelsol.com\/de\/brexit-uk-cars-and-residency\/#All_UK_cars_will_need_a_DUA_import_certificate\" >Alle britischen Autos ben\u00f6tigen ein DUA (Import) -Zertifikat?<\/a><ul class='ez-toc-list-level-3' ><li class='ez-toc-heading-level-3'><a class=\"ez-toc-link ez-toc-heading-4\" href=\"https:\/\/vehicleregistrationscostadelsol.com\/de\/brexit-uk-cars-and-residency\/#Good_News_Proving_your_UK_vehicle_was_in_Spain_before_Brexit\" >Gute Nachrichten. Der Beweis, dass Ihr britisches Fahrzeug vor dem Brexit in Spanien war<\/a><\/li><\/ul><\/li><li class='ez-toc-page-1 ez-toc-heading-level-2'><a class=\"ez-toc-link ez-toc-heading-5\" href=\"https:\/\/vehicleregistrationscostadelsol.com\/de\/brexit-uk-cars-and-residency\/#Importing_a_UK_car_To_Spain\" >Import eines britischen Autos nach Spanien<\/a><\/li><li class='ez-toc-page-1 ez-toc-heading-level-2'><a class=\"ez-toc-link ez-toc-heading-6\" href=\"https:\/\/vehicleregistrationscostadelsol.com\/de\/brexit-uk-cars-and-residency\/#Waiving_Import_Emissions_Taxes_on_UK_Cars_for_residency\" >Verzicht auf Einfuhr- und Emissionssteuern auf britische Autos f\u00fcr den Wohnsitz<\/a><\/li><li class='ez-toc-page-1 ez-toc-heading-level-2'><a class=\"ez-toc-link ez-toc-heading-7\" href=\"https:\/\/vehicleregistrationscostadelsol.com\/de\/brexit-uk-cars-and-residency\/#We_will_check_your_car_free_%E2%80%93_Pre_ITV_check\" >Wir werden Ihr Auto kostenlos \u00fcberpr\u00fcfen - Pre ITV Check<\/a><ul class='ez-toc-list-level-3' ><li class='ez-toc-heading-level-3'><a class=\"ez-toc-link ez-toc-heading-8\" href=\"https:\/\/vehicleregistrationscostadelsol.com\/de\/brexit-uk-cars-and-residency\/#Other_factors_to_take_into_consideration\" >Andere zu ber\u00fccksichtigende Faktoren<\/a><ul class='ez-toc-list-level-4' ><li class='ez-toc-heading-level-4'><a class=\"ez-toc-link ez-toc-heading-9\" href=\"https:\/\/vehicleregistrationscostadelsol.com\/de\/brexit-uk-cars-and-residency\/#Our_Solution_to_Importing_a_UK_car_to_Spain_after_Brexit\" >Unsere L\u00f6sung f\u00fcr den Import eines britischen Autos nach Spanien nach dem Brexit<\/a><\/li><\/ul><\/li><\/ul><\/li><\/ul><\/nav><\/div>\n\n\n\n\n<ul class=\"wp-block-list\">\n<li>Zulassung des Fahrzeugs im Rahmen eines k\u00fcrzlichen oder neuen Wohnsitzes in Spanien<\/li>\n\n\n\n<li>Anmeldung des Fahrzeugs als Nichtans\u00e4ssiger in Spanien<\/li>\n\n\n\n<li>Ein Fahrzeug aus dem Vereinigten K\u00f6nigreich in Spanien VOR dem Brexit zu haben. Jeder Weg hat eine andere Kosten und Steuern f\u00fcr die Einfuhr eines britischen Auto nach Spanien nach dem Brexit zu berechnen.<\/li>\n<\/ul>\n\n\n\n<p>Eine g\u00fcltige Verkaufsrechnung ist erforderlich, wenn das Fahrzeug nicht auf den Namen der Person lautet, die das Fahrzeug in Spanien zulassen m\u00f6chte. <\/p>\n\n\n\n<h2 class=\"wp-block-heading\"><span class=\"ez-toc-section\" id=\"What_are_the_steps_to_register_a_UK_car_after_Brexit\"><\/span>Welche Schritte sind erforderlich, um ein Auto im Vereinigten K\u00f6nigreich nach dem Brexit zuzulassen?<span class=\"ez-toc-section-end\"><\/span><\/h2>\n\n\n\n<ul class=\"wp-block-list\">\n<li>Erhalt einer Konformit\u00e4tsbescheinigung (Ficha Reducia)<\/li>\n\n\n\n<li>Beantragung einer ITV (Technische Inspektion)<\/li>\n\n\n\n<li>Erhalt der ITV-Fiches, wenn das Fahrzeug die Inspektion bestanden hat<\/li>\n\n\n\n<li>Nachweis einer Einfuhrbescheinigung (Nordirland ist davon ausgenommen)<\/li>\n\n\n\n<li>Endg\u00fcltige Zulassung des Fahrzeugs in Spanien<\/li>\n\n\n\n<li>Die Zahlung der Kfz-Steuer - IVTM<\/li>\n\n\n\n<li>Entrichtung der Emissionsgeb\u00fchren (Modelo 576)<\/li>\n\n\n\n<li>Bestellung der physischen spanischen Nummernschilder<\/li>\n\n\n\n<li>Bestellung einer ECO-Vignette<\/li>\n\n\n\n<li>Die DGT f\u00fcr die neuen spanischen Papiere auf Ihren Namen - Permiso de Circulaci\u00f3n<\/li>\n<\/ul>\n\n\n\n<h2 class=\"wp-block-heading\"><span class=\"ez-toc-section\" id=\"What_information_is_used_to_calculate_the_cost_to_register_a_UK_car_in_Spain_after_Brexit\"><\/span>Welche Informationen werden zur Berechnung der Kosten f\u00fcr die Zulassung eines britischen Autos in Spanien nach dem Brexit verwendet? <span class=\"ez-toc-section-end\"><\/span><\/h2>\n\n\n\n<ul class=\"wp-block-list\">\n<li>Ein g\u00fcltiges V5C-Dokument - Zur Berechnung der Steuern<\/li>\n\n\n\n<li>G\u00fcltige Versicherung, MOT und Kfz-Steuer im Vereinigten K\u00f6nigreich<\/li>\n\n\n\n<li>Validierung des Fahrzeugs, neuer Wohnsitz oder k\u00fcnftiger Wohnsitz<\/li>\n\n\n\n<li>Validierung der Einfuhrabgaben und der Mehrwertsteuer f\u00fcr Nichtans\u00e4ssige<\/li>\n\n\n\n<li>Validierung des Nachweises, dass das Fahrzeug vor dem Brexit hier war<\/li>\n\n\n\n<li>\u00dcberpr\u00fcfung der EU-Konformit\u00e4t des Fahrzeugs<\/li>\n\n\n\n<li>Die Co2-Emissionen aus dem Auspuff<\/li>\n\n\n\n<li>Das Alter und das Datum der ersten Registrierung<\/li>\n\n\n\n<li>Ausweis und Nachweis der Adresse<\/li>\n<\/ul>\n\n\n\n<h2 class=\"wp-block-heading\"><span class=\"ez-toc-section\" id=\"All_UK_cars_will_need_a_DUA_import_certificate\"><\/span>Alle britischen Autos ben\u00f6tigen ein DUA (Import) -Zertifikat?<span class=\"ez-toc-section-end\"><\/span><\/h2>\n\n\n\n<p>Es herrscht viel Verwirrung \u00fcber <strong>Import eines britischen Autos nach Spanien nach dem Brexit<\/strong> Wird es derzeit Steuern geben, wird es keine Steuern geben, wie hoch werden die Steuern sein, wenn \u00fcberhaupt? Wir haben jetzt eine Klarstellung der \u2018gegenw\u00e4rtigen Regeln\u2019, k\u00f6nnen aber nicht garantieren, dass sich diese in naher Zukunft nicht \u00e4ndern werden. <strong>Wenn Sie ein Auto mitbringen, das sich derzeit in Gro\u00dfbritannien befindet, ist dies viel einfacher und kontaktieren Sie uns<\/strong>.<\/p>\n\n\n\n<p>Im Januar 2021 und nach Beratungen sollten f\u00fcr britische Autos mehr Unterlagen als bisher vor dem 31. Dezember 2020 (Brexit) verlangt werden. Das Vereinigte K\u00f6nigreich wird nun in Spanien und der EU als ausl\u00e4ndisches \"Drittland\" betrachtet, und infolgedessen hat sich die Art und Weise ge\u00e4ndert, wie britische Autos auf spanische Nummernschilder immatrikuliert werden.<\/p>\n\n\n\n<p>Es besteht jedoch die M\u00f6glichkeit, auf diese sehr hohen Steuern zu verzichten. Allerdings sollten Sie pr\u00fcfen, ob Sie f\u00fcr eine solche Befreiung in Frage kommen. Ob Sie in Spanien von den Steuern befreit werden k\u00f6nnen, h\u00e4ngt von den folgenden Umst\u00e4nden ab <\/p>\n\n\n\n<ul class=\"wp-block-list\">\n<li>Sie werden Einwohner oder sind in den letzten 12 Monaten Einwohner geworden <\/li>\n\n\n\n<li>Sie werden nicht ans\u00e4ssig und m\u00f6chten, dass Ihr britisches Auto in Spanien bleibt<\/li>\n\n\n\n<li>Sie hatten vor dem Brexit ein Fahrzeug in Spanien, das Spanien nicht verlassen hat. <\/li>\n<\/ul>\n\n\n\n<p>Im Januar 2021 teilte die DGT (Traffico) mit, dass ab dem 1. Januar alle Fahrzeuge aus dem Vereinigten K\u00f6nigreich eine DUA-Bescheinigung (Einfuhrbescheinigung) vorlegen m\u00fcssen. Dieses Dokument ist der Nachweis, dass das Fahrzeug durch den Zoll gegangen ist. Die DGT verlangt nun von ALLEN Fahrzeugen aus dem Vereinigten K\u00f6nigreich eine Einfuhrzollbescheinigung, auch wenn Sie aufgrund Ihres Wohnsitzes auf diese Steuern verzichten oder einen PRE-Brexit-Nachweis f\u00fcr das Fahrzeug in Spanien erbringen. Dies ist jedoch nicht der Fall, wenn das Fahrzeug in Nordirland registriert ist, die immer noch die steuerfreie und EU-Handel Protokoll genie\u00dfen. <\/p>\n\n\n\n<h3 class=\"wp-block-heading\"><span class=\"ez-toc-section\" id=\"Good_News_Proving_your_UK_vehicle_was_in_Spain_before_Brexit\"><\/span>Gute Nachrichten. Der Beweis, dass Ihr britisches Fahrzeug vor dem Brexit in Spanien war<span class=\"ez-toc-section-end\"><\/span><\/h3>\n\n\n\n<p>Der Fortschritt und die gute Nachricht ist, dass in Andalusien, wenn wir beweisen k\u00f6nnen, dass Ihr Auto im Land vor dem 31. Dezember war <strong>wir<\/strong> <strong>kann vorerst die Immatrikulation auf spanische Kennzeichen ohne DUA (Einfuhrzolldokument) weiterverarbeiten<\/strong>. Dies kann kein Bild des Autos au\u00dferhalb Ihres Eigentums usw. sein. Wir ben\u00f6tigen einen soliden Beweis. Stellen Sie sich vor, Sie sind der DGT-Agent und er unterschreibt die spanische Immatrikulation.<\/p>\n\n\n\n<p><strong>Der Nachweis m\u00fcsste in Form vor dem 31. Dezember 2020 erbracht werden <\/strong><\/p>\n\n\n\n<ul class=\"wp-block-list\">\n<li>Gr\u00fcne (tempor\u00e4re Platten) Platten <\/li>\n\n\n\n<li>Ein ITV-Test<\/li>\n\n\n\n<li>Verkehrsstrafen<\/li>\n\n\n\n<li>Reisedokumente einschlie\u00dflich F\u00e4hre oder Eurotunnel<\/li>\n\n\n\n<li>Wartungs- oder Mechanikrechnungen und Facturas <\/li>\n\n\n\n<li>Alles, was Sie haben, um zu beweisen, dass das Fahrzeug vor dem 31. Dezember 2020 hier war<\/li>\n<\/ul>\n\n\n\n<p>Wir k\u00f6nnen die Entscheidung, dass ein Beweis erbracht wurde, nicht garantieren. Diese Entscheidung liegt bei der DGT. <\/p>\n\n\n\n<h2 class=\"wp-block-heading\"><span class=\"ez-toc-section\" id=\"Importing_a_UK_car_To_Spain\"><\/span>Import eines britischen Autos nach Spanien<span class=\"ez-toc-section-end\"><\/span><\/h2>\n\n\n\n<p>Stellen Sie vor dem Versand sicher, dass Ihr Importagent \u00fcber das richtige DUA-Zertifikat verf\u00fcgt. Sie k\u00f6nnen das f\u00fcr Sie sortieren. Wenn nicht, wird das Fahrzeug m\u00f6glicherweise bei der Einreise nach Spanien besteuert (31% des Buchpreises des Fahrzeugs). Dies kann und sollte von Ihrem Importeur vermieden werden. Sollten Sie ein Angebot f\u00fcr den Import Ihres Autos nach Spanien ben\u00f6tigen, kontaktieren Sie uns bitte. <\/p>\n\n\n\n<p>Wir k\u00f6nnen helfen <strong>Import eines britischen Autos nach Spanien<\/strong> und wir k\u00f6nnen auch die M\u00f6glichkeit sicherstellen, in der Lage zu sein <strong>verzichten auf Autoimportsteuern<\/strong> f\u00fcr Aufenthaltsantr\u00e4ge. <\/p>\n\n\n\n<h2 class=\"wp-block-heading\"><span class=\"ez-toc-section\" id=\"Waiving_Import_Emissions_Taxes_on_UK_Cars_for_residency\"><\/span>Verzicht auf Einfuhr- und Emissionssteuern auf britische Autos f\u00fcr den Wohnsitz<span class=\"ez-toc-section-end\"><\/span><\/h2>\n\n\n\n<p>Wenn Sie ein britisches Auto in Spanien importieren und gerade dabei sind oder nur Ihren Wohnsitz nehmen, k\u00f6nnen in den meisten F\u00e4llen sowohl Einfuhrsteuern als auch Emissionssteuern erlassen werden. Dies wird in a hervorgehoben <a aria-label=\"KOSTENLOSES Angebot (\u00f6ffnet in einem neuen Tab)\" class=\"rank-math-link\" href=\"https:\/\/vehicleregistrationscostadelsol.com\/de\/kontakt\/\" target=\"_blank\" rel=\"noreferrer noopener\">KOSTENLOSES Angebot<\/a> die wir Ihnen geben k\u00f6nnen. Alle anderen normalen Steuern und Fixkosten wie die Kfz-Steuer in Spanien, der ITV-Test, DGT usw. gelten wie gewohnt. Im Grunde bedeutet dies, dass abgesehen von einer DUA-Bescheinigung alles wie vor dem Brexit f\u00fcr britische Autos und Wohnsitz ist. <strong>Wir stellen im Rahmen unseres Service Aufenthaltsantr\u00e4ge, falls Sie diese ben\u00f6tigen.<\/strong> <\/p>\n\n\n\n<p>Damit Steuern erlassen werden k\u00f6nnen, ben\u00f6tigen wir den Nachweis von:<\/p>\n\n\n\n<ul class=\"wp-block-list\">\n<li>Wohnsitz in den letzten 6 Monaten - Verzicht auf Einfuhrsteuern<\/li>\n\n\n\n<li>Wohnsitz innerhalb der letzten 60 Tage - Verzicht auf Emissionssteuern<\/li>\n\n\n\n<li>Sie m\u00fcssen auf dem Laufenden bleiben und Padron und die Papiere f\u00fcr die Steuerbefreiung beim Brexit auf dem Laufenden halten.<\/li>\n\n\n\n<li>Nachweis einer Adresse im Vereinigten K\u00f6nigreich vor dem Aufenthalt in Spanien. <\/li>\n<\/ul>\n\n\n\n<h2 class=\"wp-block-heading\"><span class=\"ez-toc-section\" id=\"We_will_check_your_car_free_%E2%80%93_Pre_ITV_check\"><\/span>Wir werden Ihr Auto kostenlos \u00fcberpr\u00fcfen - Pre ITV Check<span class=\"ez-toc-section-end\"><\/span><\/h2>\n\n\n\n<p>Fahren Sie Ihr Auto nach vorheriger Absprache zu uns nach Riviera Del Sol. Wir \u00fcberpr\u00fcfen Ihr Auto auf m\u00f6gliche Fehler beim ITV-Test. Scheinwerfer, Reifen usw. Dies ist ein einzigartiger Service, den wir anbieten und der ungef\u00e4hr 15 \u00dcberpr\u00fcfungen durchf\u00fchrt. Eine Pre-ITV-Pr\u00fcfung. Bringen Sie unbedingt alle Unterlagen mit, damit wir die Unterlagen scannen k\u00f6nnen, wenn Sie entscheiden, dass wir Ihr Auto auf spanische Schilder bringen m\u00fcssen. <\/p>\n\n\n\n<h3 class=\"wp-block-heading\"><span class=\"ez-toc-section\" id=\"Other_factors_to_take_into_consideration\"><\/span>Andere zu ber\u00fccksichtigende Faktoren<span class=\"ez-toc-section-end\"><\/span><\/h3>\n\n\n\n<p>Es gibt viele andere Faktoren, die ber\u00fccksichtigt werden m\u00fcssen. Sind die Scheinwerfer angepasst? M\u00fcssen sie neu ausgerichtet werden, hat das Auto eine Ficha Technica, gibt es andere ITV-Fehler an Ihrem Auto? All dies muss angesprochen werden. <br><\/p>\n\n\n\n<h4 class=\"wp-block-heading\"><span class=\"ez-toc-section\" id=\"Our_Solution_to_Importing_a_UK_car_to_Spain_after_Brexit\"><\/span>Unsere L\u00f6sung f\u00fcr den Import eines britischen Autos nach Spanien nach dem Brexit<span class=\"ez-toc-section-end\"><\/span><\/h4>\n\n\n\n<ul class=\"wp-block-list\">\n<li>Verzicht auf Steuern, um an den Wohnsitz gebunden zu sein (es gibt eine zeitliche Begrenzung)<\/li>\n\n\n\n<li>Der Nachweis, dass das Auto EU-konform ist, und der Nachweis, dass sich das Auto vor dem Brexit in Spanien befand (gilt nicht, wenn es jetzt importiert wird).<\/li>\n\n\n\n<li>Import eines britischen Autos nach Spanien<\/li>\n\n\n\n<li>Britische Autoimportsteuern<\/li>\n\n\n\n<li>Kostenlose Angebote in der Zwischenzeit einschlie\u00dflich der DUA<\/li>\n\n\n\n<li>Nehmen Sie pers\u00f6nlich an der DUA teil (Aufpreis) <\/li>\n\n\n\n<li><strong>Eine KOSTENLOSE \u00dcberpr\u00fcfung Ihres Fahrzeugs, um festzustellen, welche zus\u00e4tzlichen Kosten Ihr britisches Auto m\u00f6glicherweise ben\u00f6tigt<\/strong><\/li>\n\n\n\n<li>Wir machen die f\u00fcr das ITV erforderliche Ficha Technica (wir k\u00f6nnen zu Ihnen kommen, wenn dies geografisch sinnvoll ist).<\/li>\n\n\n\n<li>Residenzpakete f\u00fcr den Import Ihres Autos nach Spanien<\/li>\n\n\n\n<li>Neuausrichtung der Scheinwerfer oder neue Scheinwerfer<\/li>\n\n\n\n<li>ITV Testbuchung und wir erledigen das f\u00fcr Sie<\/li>\n\n\n\n<li>Alle Steuern behandelt<\/li>\n\n\n\n<li>Kfz-Steuer behandelt<\/li>\n\n\n\n<li>Teller und Papiere werden an uns geliefert und wir bringen die Teller f\u00fcr Sie am Auto an<\/li>\n\n\n\n<li>Mechanik zur Unterst\u00fctzung vor \/ nach ITV<\/li>\n\n\n\n<li>KOSTENLOSER Wiederholungstest, wenn das Auto ausf\u00e4llt<\/li>\n\n\n\n<li>Viel mehr\u2026\u2026. <\/li>\n<\/ul>\n\n\n\n<p>F\u00fchlen sich frei <a href=\"https:\/\/vehicleregistrationscostadelsol.com\/de\/kontakt\/\" data-type=\"URL\" data-id=\"https:\/\/vehicleregistrationscostadelsol.com\/contact\/\">kontaktiere uns<\/a> F\u00fcr mehr Information. <\/p>\n\n\n<p><a href=\"https:\/\/wa.me\/+34696337629?text=Please%20send%20me%20a%20free%20quote\" target=\"_blank\" rel=\"noopener\">&nbsp;<\/a><\/p>\n\n\n<p><\/p>","protected":false},"excerpt":{"rendered":"<p>Registering a UK vehicle in Spain involves several steps including customs clearance. First the eligibility needs to be checked &#8211; UK cars coming to Spain after Brexit have three routes. A valid Sales invoice is necessary if the vehicle is not in the name of the person wishing to register the vehicle in Spain. What [&hellip;]<\/p>\n","protected":false},"author":1,"featured_media":2566,"parent":0,"menu_order":0,"comment_status":"closed","ping_status":"closed","template":"","meta":{"site-sidebar-layout":"default","site-content-layout":"default","ast-site-content-layout":"default","site-content-style":"default","site-sidebar-style":"default","ast-global-header-display":"","ast-banner-title-visibility":"","ast-main-header-display":"","ast-hfb-above-header-display":"","ast-hfb-below-header-display":"","ast-hfb-mobile-header-display":"","site-post-title":"","ast-breadcrumbs-content":"","ast-featured-img":"","footer-sml-layout":"","ast-disable-related-posts":"","theme-transparent-header-meta":"default","adv-header-id-meta":"","stick-header-meta":"","header-above-stick-meta":"","header-main-stick-meta":"","header-below-stick-meta":"","astra-migrate-meta-layouts":"set","ast-page-background-enabled":"default","ast-page-background-meta":{"desktop":{"background-color":"","background-image":"","background-repeat":"repeat","background-position":"center center","background-size":"auto","background-attachment":"scroll","background-type":"","background-media":"","overlay-type":"","overlay-color":"","overlay-opacity":"","overlay-gradient":""},"tablet":{"background-color":"","background-image":"","background-repeat":"repeat","background-position":"center center","background-size":"auto","background-attachment":"scroll","background-type":"","background-media":"","overlay-type":"","overlay-color":"","overlay-opacity":"","overlay-gradient":""},"mobile":{"background-color":"","background-image":"","background-repeat":"repeat","background-position":"center center","background-size":"auto","background-attachment":"scroll","background-type":"","background-media":"","overlay-type":"","overlay-color":"","overlay-opacity":"","overlay-gradient":""}},"ast-content-background-meta":{"desktop":{"background-color":"var(--ast-global-color-5)","background-image":"","background-repeat":"repeat","background-position":"center center","background-size":"auto","background-attachment":"scroll","background-type":"","background-media":"","overlay-type":"","overlay-color":"","overlay-opacity":"","overlay-gradient":""},"tablet":{"background-color":"var(--ast-global-color-5)","background-image":"","background-repeat":"repeat","background-position":"center center","background-size":"auto","background-attachment":"scroll","background-type":"","background-media":"","overlay-type":"","overlay-color":"","overlay-opacity":"","overlay-gradient":""},"mobile":{"background-color":"var(--ast-global-color-5)","background-image":"","background-repeat":"repeat","background-position":"center center","background-size":"auto","background-attachment":"scroll","background-type":"","background-media":"","overlay-type":"","overlay-color":"","overlay-opacity":"","overlay-gradient":""}},"footnotes":""},"class_list":["post-1999","page","type-page","status-publish","has-post-thumbnail","hentry"],"_links":{"self":[{"href":"https:\/\/vehicleregistrationscostadelsol.com\/de\/wp-json\/wp\/v2\/pages\/1999","targetHints":{"allow":["GET"]}}],"collection":[{"href":"https:\/\/vehicleregistrationscostadelsol.com\/de\/wp-json\/wp\/v2\/pages"}],"about":[{"href":"https:\/\/vehicleregistrationscostadelsol.com\/de\/wp-json\/wp\/v2\/types\/page"}],"author":[{"embeddable":true,"href":"https:\/\/vehicleregistrationscostadelsol.com\/de\/wp-json\/wp\/v2\/users\/1"}],"replies":[{"embeddable":true,"href":"https:\/\/vehicleregistrationscostadelsol.com\/de\/wp-json\/wp\/v2\/comments?post=1999"}],"version-history":[{"count":2,"href":"https:\/\/vehicleregistrationscostadelsol.com\/de\/wp-json\/wp\/v2\/pages\/1999\/revisions"}],"predecessor-version":[{"id":3433,"href":"https:\/\/vehicleregistrationscostadelsol.com\/de\/wp-json\/wp\/v2\/pages\/1999\/revisions\/3433"}],"wp:featuredmedia":[{"embeddable":true,"href":"https:\/\/vehicleregistrationscostadelsol.com\/de\/wp-json\/wp\/v2\/media\/2566"}],"wp:attachment":[{"href":"https:\/\/vehicleregistrationscostadelsol.com\/de\/wp-json\/wp\/v2\/media?parent=1999"}],"curies":[{"name":"wp","href":"https:\/\/api.w.org\/{rel}","templated":true}]}}