{"id":2475,"date":"2022-04-15T16:08:20","date_gmt":"2022-04-15T14:08:20","guid":{"rendered":"https:\/\/vehicleregistrationscostadelsol.com\/?page_id=2475"},"modified":"2025-02-05T00:08:36","modified_gmt":"2025-02-04T23:08:36","slug":"zulassung-eines-motorrads-in-spanien","status":"publish","type":"page","link":"https:\/\/vehicleregistrationscostadelsol.com\/de\/registering-a-motorbike-in-spain\/","title":{"rendered":"Motorrad in spanien anmelden"},"content":{"rendered":"<p>Die Registrierung eines Motorrads in Spanien ist ziemlich einfach. Wenn das Motorrad EU sehr einfach ist. Von Gro\u00dfbritannien aus m\u00fcssen wir pr\u00fcfen, ob wir nach dem Brexit auf Steuern verzichten k\u00f6nnen. Bei Fahrzeugregistrierungen Costa Del Sol machen wir nicht nur Autos, sondern haben auch viel Erfahrung mit Motorr\u00e4dern. Wir \u00fcbernehmen den gesamten Prozess f\u00fcr Sie. F\u00fcr ein kostenloses Angebot ben\u00f6tigen wir Informationen zum Motorrad. <\/p><div id=\"ez-toc-container\" class=\"ez-toc-v2_0_82_2 counter-hierarchy ez-toc-counter ez-toc-grey ez-toc-container-direction\">\n<div class=\"ez-toc-title-container\">\n<p class=\"ez-toc-title\" style=\"cursor:inherit\">Inhaltsverzeichnis<\/p>\n<span class=\"ez-toc-title-toggle\"><a href=\"#\" class=\"ez-toc-pull-right ez-toc-btn ez-toc-btn-xs ez-toc-btn-default ez-toc-toggle\" aria-label=\"Inhaltsverzeichnis umschalten\"><span class=\"ez-toc-js-icon-con\"><span class=\"\"><span class=\"eztoc-hide\" style=\"display:none;\">Umschalten auf<\/span><span class=\"ez-toc-icon-toggle-span\"><svg style=\"fill: #999;color:#999\" xmlns=\"http:\/\/www.w3.org\/2000\/svg\" class=\"list-377408\" width=\"20px\" height=\"20px\" viewbox=\"0 0 24 24\" fill=\"none\"><path d=\"M6 6H4v2h2V6zm14 0H8v2h12V6zM4 11h2v2H4v-2zm16 0H8v2h12v-2zM4 16h2v2H4v-2zm16 0H8v2h12v-2z\" fill=\"currentColor\"><\/path><\/svg><svg style=\"fill: #999;color:#999\" class=\"arrow-unsorted-368013\" xmlns=\"http:\/\/www.w3.org\/2000\/svg\" width=\"10px\" height=\"10px\" viewbox=\"0 0 24 24\" version=\"1.2\" baseprofile=\"tiny\"><path d=\"M18.2 9.3l-6.2-6.3-6.2 6.3c-.2.2-.3.4-.3.7s.1.5.3.7c.2.2.4.3.7.3h11c.3 0 .5-.1.7-.3.2-.2.3-.5.3-.7s-.1-.5-.3-.7zM5.8 14.7l6.2 6.3 6.2-6.3c.2-.2.3-.5.3-.7s-.1-.5-.3-.7c-.2-.2-.4-.3-.7-.3h-11c-.3 0-.5.1-.7.3-.2.2-.3.5-.3.7s.1.5.3.7z\"\/><\/svg><\/span><\/span><\/span><\/a><\/span><\/div>\n<nav><ul class='ez-toc-list ez-toc-list-level-1' ><li class='ez-toc-page-1 ez-toc-heading-level-3'><a class=\"ez-toc-link ez-toc-heading-1\" href=\"https:\/\/vehicleregistrationscostadelsol.com\/de\/registering-a-motorbike-in-spain\/#What_is_the_process_to_registering_a_motorbike_in_Spain\" >Wie l\u00e4uft die Registrierung eines Motorrads in Spanien ab?<\/a><ul class='ez-toc-list-level-4' ><li class='ez-toc-heading-level-4'><a class=\"ez-toc-link ez-toc-heading-2\" href=\"https:\/\/vehicleregistrationscostadelsol.com\/de\/registering-a-motorbike-in-spain\/#Can_you_modify_a_motorbike_in_Spain\" >Darf man in Spanien ein Motorrad modifizieren?<\/a><\/li><li class='ez-toc-page-1 ez-toc-heading-level-4'><a class=\"ez-toc-link ez-toc-heading-3\" href=\"https:\/\/vehicleregistrationscostadelsol.com\/de\/registering-a-motorbike-in-spain\/#Importing_a_motorcycle_into_Spain\" >Ein Motorrad nach Spanien importieren<\/a><ul class='ez-toc-list-level-5' ><li class='ez-toc-heading-level-5'><a class=\"ez-toc-link ez-toc-heading-4\" href=\"https:\/\/vehicleregistrationscostadelsol.com\/de\/registering-a-motorbike-in-spain\/#Where_is_the_motorcycle_test_done_in_Spain\" >Wo wird die Motorradpr\u00fcfung in Spanien durchgef\u00fchrt?<\/a><\/li><\/ul><\/li><\/ul><\/li><\/ul><\/nav><\/div>\n\n\n\n\n<p>Um ein Motorrad in Spanien anzumelden, ben\u00f6tigen Sie:<\/p>\n\n\n\n<ul class=\"wp-block-list\">\n<li>Fahrzeugscheine<\/li>\n\n\n\n<li>Eine Konformit\u00e4tsbescheinigung (diese k\u00f6nnen wir zur Verf\u00fcgung stellen)<\/li>\n\n\n\n<li>NIE- oder TIE-Karte<\/li>\n\n\n\n<li>Nachweis der Adresse<\/li>\n<\/ul>\n\n\n\n<p>Wenn Ihr Motorrad in irgendeiner Weise ver\u00e4ndert wurde, ben\u00f6tigt die ITV vor der Inspektion bestimmte Informationen. Grunds\u00e4tzlich muss das Motorrad dem Werkszustand entsprechen. Bitte kontaktieren Sie uns, wenn Sie Ihr Motorrad modifiziert haben. Motorr\u00e4der unter 250 ccm zahlen keine speziellen Zulassungssteuern, Co2-Steuern.<\/p>\n\n\n\n<h3 class=\"wp-block-heading\"><span class=\"ez-toc-section\" id=\"What_is_the_process_to_registering_a_motorbike_in_Spain\"><\/span>Wie l\u00e4uft die Registrierung eines Motorrads in Spanien ab?<span class=\"ez-toc-section-end\"><\/span><\/h3>\n\n\n\n<p>Bitte siehe oben, wir ben\u00f6tigen Informationen zum Fahrrad und eventuelle Begleitinformationen. wir k\u00f6nnen Ihnen dann ein kostenloses Angebot erstellen. F\u00fcr superschnelle Angebote wenden Sie sich bitte an <a href=\"https:\/\/www.cognitoforms.com\/VehicleRegistrations\/MotorbikeQuote?v2\" data-type=\"URL\" data-id=\"https:\/\/www.cognitoforms.com\/VehicleRegistrations\/MotorbikeQuote?v2\" target=\"_blank\" rel=\"noreferrer noopener\">f\u00fcllen Sie dieses schnelle Formular aus<\/a>. Sie erhalten eine E-Mail, wo Sie uns dann die ben\u00f6tigten Unterlagen zusenden k\u00f6nnen. Es ist sehr wichtig, dass wir die Dokumente sehen, damit wir die technischen Informationen zum Fahrzeug und den wichtigen Abschnitt K sehen k\u00f6nnen, aus dem hervorgeht, ob das Fahrzeug die europ\u00e4ische Konformit\u00e4t hat oder jetzt. <\/p>\n\n\n\n<h4 class=\"wp-block-heading\"><span class=\"ez-toc-section\" id=\"Can_you_modify_a_motorbike_in_Spain\"><\/span>Darf man in Spanien ein Motorrad modifizieren?<span class=\"ez-toc-section-end\"><\/span><\/h4>\n\n\n\n<p>Kurz gesagt, nein. Der ITV ist sehr streng bei \u00c4nderungen, die ein Motorrad in Spanien registrieren. So ziemlich alles, was auf dem Motorrad nicht Standard ist, gilt als nicht in der Lage, die ITV zu bestehen. Modifikationen sind in Spanien einfach keine Sache. Wenn das Fahrzeug eine Konformit\u00e4tsbescheinigung hat, \u00fcberpr\u00fcfen sie das Motorrad auf seinen Werksstandard und alle \u00c4nderungen werden das ITV nicht bestehen. Es gibt eine M\u00f6glichkeit, \u00c4nderungen in Spanien zu registrieren, das Verfahren ist jedoch \u00e4u\u00dferst schwierig. Bitte kontaktieren Sie uns, wenn Ihr Motorrad in irgendeiner Weise anders ist als bei Auslieferung ab Werk. Gleiches gegen Gleiches ist nat\u00fcrlich kein Problem. Dass <a href=\"https:\/\/www.fuelexhausts.com\/\" data-type=\"URL\" data-id=\"https:\/\/www.fuelexhausts.com\/\" target=\"_blank\" rel=\"noreferrer noopener\">klobiger Auspuff<\/a>Es kann nur ein Problem verursachen. <\/p>\n\n\n\n<p>Das Fahrrad muss der Konformit\u00e4tsbescheinigung entsprechen. Wenn Ihr Fahrrad keinen hat, k\u00f6nnen wir Ihnen helfen, einen f\u00fcr Sie zu beschaffen. Bei britischen Motorr\u00e4dern m\u00fcssen Sie m\u00f6glicherweise auch den Scheinwerfer wechseln. <\/p>\n\n\n\n<h4 class=\"wp-block-heading\"><span class=\"ez-toc-section\" id=\"Importing_a_motorcycle_into_Spain\"><\/span>Ein Motorrad nach Spanien importieren<span class=\"ez-toc-section-end\"><\/span><\/h4>\n\n\n\n<p>Wir k\u00f6nnen Ihnen beim Import eines Motorrads nach Spanien behilflich sein. Wir haben unseren eigenen Importagenten, der sich um das DUA-Dokument k\u00fcmmert, das den Papierkram f\u00fcr den legalen Import Ihres Motorrads nach Spanien darstellt. Vielleicht machen Sie den Umzug nach Spanien dauerhaft und nehmen <a href=\"https:\/\/equitas-property.com\/en_gb\/non-lucrative-visa-spain\/\" data-type=\"URL\" data-id=\"https:\/\/equitas-property.com\/en_gb\/non-lucrative-visa-spain\/\" target=\"_blank\" rel=\"noreferrer noopener\">Wohnsitz<\/a> in Spanien. Wenn dies der Fall ist, k\u00f6nnen Sie eventuell Einfuhrz\u00f6lle und IVA-Geb\u00fchren angeben (IVA ist Mehrwertsteuer bei 21%). Bitte kontaktieren Sie uns f\u00fcr Einzelheiten diesbez\u00fcglich. Wenn Ihr Motorrad ein EU-Fahrzeug ist, m\u00fcssen Sie sich keine Gedanken \u00fcber die Einfuhrz\u00f6lle oder IVA machen. <\/p>\n\n\n\n<h5 class=\"wp-block-heading\"><span class=\"ez-toc-section\" id=\"Where_is_the_motorcycle_test_done_in_Spain\"><\/span>Wo wird die Motorradpr\u00fcfung in Spanien durchgef\u00fchrt?<span class=\"ez-toc-section-end\"><\/span><\/h5>\n\n\n\n<p>Der Motorradtest wird in einem ITV-Zentrum durchgef\u00fchrt. F\u00fcr eine vollst\u00e4ndige Immatrikulation sind die richtigen Unterlagen erforderlich, um erstens die ITV zu buchen und zweitens alle korrekten Unterlagen f\u00fcr den Import eines Motorrads nach Spanien zu haben. Wir stellen dies zur Verf\u00fcgung und nehmen mit Ihnen an der ITV teil, erledigen den gesamten Papierkram vor und nach der ITV. Das Fahrzeug wird zur Pr\u00fcfung auf eine Motorradspur gerufen. Nach dem ITV-Papierkram muss die endg\u00fcltige Registrierung einschlie\u00dflich arrangiert werden<\/p>\n\n\n\n<ul class=\"wp-block-list\">\n<li>Zahlung der Emissionssteuern (falls vorhanden)<\/li>\n\n\n\n<li>Kfz-Steuer<\/li>\n\n\n\n<li>Endg\u00fcltige Anmeldung bei der DGT<\/li>\n\n\n\n<li>Nummernschilder bestellen<\/li>\n\n\n\n<li>Umgang mit dem Finanzamt<\/li>\n<\/ul>\n\n\n\n<p><\/p>","protected":false},"excerpt":{"rendered":"<p>Registering a motorbike in Spain is pretty straight forward. If the Motorbike is EU very straight forward. From the UK we need to take a look at if we can waive taxes after Brexit. At vehicle registrations Costa Del Sol we not only do cars but we also have much experience with motorbikes. We deal [&hellip;]<\/p>\n","protected":false},"author":1,"featured_media":2562,"parent":0,"menu_order":0,"comment_status":"closed","ping_status":"closed","template":"","meta":{"site-sidebar-layout":"default","site-content-layout":"","ast-site-content-layout":"default","site-content-style":"default","site-sidebar-style":"default","ast-global-header-display":"","ast-banner-title-visibility":"","ast-main-header-display":"","ast-hfb-above-header-display":"","ast-hfb-below-header-display":"","ast-hfb-mobile-header-display":"","site-post-title":"","ast-breadcrumbs-content":"","ast-featured-img":"","footer-sml-layout":"","ast-disable-related-posts":"","theme-transparent-header-meta":"","adv-header-id-meta":"","stick-header-meta":"","header-above-stick-meta":"","header-main-stick-meta":"","header-below-stick-meta":"","astra-migrate-meta-layouts":"set","ast-page-background-enabled":"default","ast-page-background-meta":{"desktop":{"background-color":"","background-image":"","background-repeat":"repeat","background-position":"center center","background-size":"auto","background-attachment":"scroll","background-type":"","background-media":"","overlay-type":"","overlay-color":"","overlay-gradient":""},"tablet":{"background-color":"","background-image":"","background-repeat":"repeat","background-position":"center center","background-size":"auto","background-attachment":"scroll","background-type":"","background-media":"","overlay-type":"","overlay-color":"","overlay-gradient":""},"mobile":{"background-color":"","background-image":"","background-repeat":"repeat","background-position":"center center","background-size":"auto","background-attachment":"scroll","background-type":"","background-media":"","overlay-type":"","overlay-color":"","overlay-gradient":""}},"ast-content-background-meta":{"desktop":{"background-color":"var(--ast-global-color-5)","background-image":"","background-repeat":"repeat","background-position":"center center","background-size":"auto","background-attachment":"scroll","background-type":"","background-media":"","overlay-type":"","overlay-color":"","overlay-gradient":""},"tablet":{"background-color":"var(--ast-global-color-5)","background-image":"","background-repeat":"repeat","background-position":"center center","background-size":"auto","background-attachment":"scroll","background-type":"","background-media":"","overlay-type":"","overlay-color":"","overlay-gradient":""},"mobile":{"background-color":"var(--ast-global-color-5)","background-image":"","background-repeat":"repeat","background-position":"center center","background-size":"auto","background-attachment":"scroll","background-type":"","background-media":"","overlay-type":"","overlay-color":"","overlay-gradient":""}},"footnotes":""},"class_list":["post-2475","page","type-page","status-publish","has-post-thumbnail","hentry"],"_links":{"self":[{"href":"https:\/\/vehicleregistrationscostadelsol.com\/de\/wp-json\/wp\/v2\/pages\/2475","targetHints":{"allow":["GET"]}}],"collection":[{"href":"https:\/\/vehicleregistrationscostadelsol.com\/de\/wp-json\/wp\/v2\/pages"}],"about":[{"href":"https:\/\/vehicleregistrationscostadelsol.com\/de\/wp-json\/wp\/v2\/types\/page"}],"author":[{"embeddable":true,"href":"https:\/\/vehicleregistrationscostadelsol.com\/de\/wp-json\/wp\/v2\/users\/1"}],"replies":[{"embeddable":true,"href":"https:\/\/vehicleregistrationscostadelsol.com\/de\/wp-json\/wp\/v2\/comments?post=2475"}],"version-history":[{"count":0,"href":"https:\/\/vehicleregistrationscostadelsol.com\/de\/wp-json\/wp\/v2\/pages\/2475\/revisions"}],"wp:featuredmedia":[{"embeddable":true,"href":"https:\/\/vehicleregistrationscostadelsol.com\/de\/wp-json\/wp\/v2\/media\/2562"}],"wp:attachment":[{"href":"https:\/\/vehicleregistrationscostadelsol.com\/de\/wp-json\/wp\/v2\/media?parent=2475"}],"curies":[{"name":"wp","href":"https:\/\/api.w.org\/{rel}","templated":true}]}}