{"id":2686,"date":"2022-11-14T14:31:28","date_gmt":"2022-11-14T13:31:28","guid":{"rendered":"https:\/\/vehicleregistrationscostadelsol.com\/?page_id=2686"},"modified":"2025-07-05T15:01:51","modified_gmt":"2025-07-05T13:01:51","slug":"zulassung-eines-eu-oder-britischen-fahrzeugs-in-alicante","status":"publish","type":"page","link":"https:\/\/vehicleregistrationscostadelsol.com\/de\/register-a-eu-or-uk-vehicle-in-alicante\/","title":{"rendered":"Registrieren Sie ein EU- oder UK-Fahrzeug in Alicante"},"content":{"rendered":"<p><a href=\"https:\/\/vehicleregistrationscostadelsol.com\/de\/kategorie\/alicante\/\">Alicante<\/a>&nbsp;\/ Durch&nbsp;<a href=\"https:\/\/vehicleregistrationscostadelsol.com\/de\/autor\/administrator\/\">Administrator<\/a><\/p><div id=\"ez-toc-container\" class=\"ez-toc-v2_0_82_2 counter-hierarchy ez-toc-counter ez-toc-grey ez-toc-container-direction\">\n<div class=\"ez-toc-title-container\">\n<p class=\"ez-toc-title\" style=\"cursor:inherit\">Inhaltsverzeichnis<\/p>\n<span class=\"ez-toc-title-toggle\"><a href=\"#\" class=\"ez-toc-pull-right ez-toc-btn ez-toc-btn-xs ez-toc-btn-default ez-toc-toggle\" aria-label=\"Inhaltsverzeichnis umschalten\"><span class=\"ez-toc-js-icon-con\"><span class=\"\"><span class=\"eztoc-hide\" style=\"display:none;\">Umschalten auf<\/span><span class=\"ez-toc-icon-toggle-span\"><svg style=\"fill: #999;color:#999\" xmlns=\"http:\/\/www.w3.org\/2000\/svg\" class=\"list-377408\" width=\"20px\" height=\"20px\" viewbox=\"0 0 24 24\" fill=\"none\"><path d=\"M6 6H4v2h2V6zm14 0H8v2h12V6zM4 11h2v2H4v-2zm16 0H8v2h12v-2zM4 16h2v2H4v-2zm16 0H8v2h12v-2z\" fill=\"currentColor\"><\/path><\/svg><svg style=\"fill: #999;color:#999\" class=\"arrow-unsorted-368013\" xmlns=\"http:\/\/www.w3.org\/2000\/svg\" width=\"10px\" height=\"10px\" viewbox=\"0 0 24 24\" version=\"1.2\" baseprofile=\"tiny\"><path d=\"M18.2 9.3l-6.2-6.3-6.2 6.3c-.2.2-.3.4-.3.7s.1.5.3.7c.2.2.4.3.7.3h11c.3 0 .5-.1.7-.3.2-.2.3-.5.3-.7s-.1-.5-.3-.7zM5.8 14.7l6.2 6.3 6.2-6.3c.2-.2.3-.5.3-.7s-.1-.5-.3-.7c-.2-.2-.4-.3-.7-.3h-11c-.3 0-.5.1-.7.3-.2.2-.3.5-.3.7s.1.5.3.7z\"\/><\/svg><\/span><\/span><\/span><\/a><\/span><\/div>\n<nav><ul class='ez-toc-list ez-toc-list-level-1' ><li class='ez-toc-page-1 ez-toc-heading-level-2'><a class=\"ez-toc-link ez-toc-heading-1\" href=\"https:\/\/vehicleregistrationscostadelsol.com\/de\/register-a-eu-or-uk-vehicle-in-alicante\/#What_You_Will_Need_To_Register_A_Vehicle_In_Alicante\" >Was Sie brauchen, um ein Fahrzeug in Alicante anzumelden<\/a><ul class='ez-toc-list-level-3' ><li class='ez-toc-heading-level-3'><a class=\"ez-toc-link ez-toc-heading-2\" href=\"https:\/\/vehicleregistrationscostadelsol.com\/de\/register-a-eu-or-uk-vehicle-in-alicante\/#So_How_Can_You_Help\" >Wie k\u00f6nnen Sie also helfen?<\/a><ul class='ez-toc-list-level-4' ><li class='ez-toc-heading-level-4'><a class=\"ez-toc-link ez-toc-heading-3\" href=\"https:\/\/vehicleregistrationscostadelsol.com\/de\/register-a-eu-or-uk-vehicle-in-alicante\/#How_Easy_Is_The_ITV_In_Alicante_To_Register_Your_Car\" >Wie einfach ist das ITV in Alicante, um Ihr Auto zu registrieren?<\/a><ul class='ez-toc-list-level-5' ><li class='ez-toc-heading-level-5'><a class=\"ez-toc-link ez-toc-heading-4\" href=\"https:\/\/vehicleregistrationscostadelsol.com\/de\/register-a-eu-or-uk-vehicle-in-alicante\/#What_If_It_Fails_The_Inspection_In_Alicante\" >Was ist, wenn es die Inspektion in Alicante nicht besteht?<\/a><\/li><li class='ez-toc-page-1 ez-toc-heading-level-5'><a class=\"ez-toc-link ez-toc-heading-5\" href=\"https:\/\/vehicleregistrationscostadelsol.com\/de\/register-a-eu-or-uk-vehicle-in-alicante\/#What_Will_You_Need_If_Your_Vehicle_Fails_The_ITV\" >Was brauchen Sie, wenn Ihr Fahrzeug die ITV nicht besteht?<\/a><\/li><\/ul><\/li><li class='ez-toc-page-1 ez-toc-heading-level-4'><a class=\"ez-toc-link ez-toc-heading-6\" href=\"https:\/\/vehicleregistrationscostadelsol.com\/de\/register-a-eu-or-uk-vehicle-in-alicante\/#Register_A_Vehicle_In_Alicante\" >Registrieren Sie ein Fahrzeug in Alicante<\/a><\/li><\/ul><\/li><\/ul><\/li><\/ul><\/nav><\/div>\n\n\n\n\n<p>Wenn Sie Ihr Fahrzeug nach Spanien gebracht haben oder bringen und ein EU- oder UK-Fahrzeug in Spanien zulassen m\u00f6chten\u00a0<a href=\"https:\/\/itvcitaprevia.es\/estaciones-itv\/comunidad-valenciana\/alicante\/\" target=\"_blank\" rel=\"noreferrer noopener\">Alicante<\/a>\u00a0Sie ben\u00f6tigen Beratung dazu, was Sie brauchen und wie Sie das Fahrzeug auf spanische Nummernschilder bringen.<\/p>\n\n\n\n<h2 class=\"wp-block-heading\"><span class=\"ez-toc-section\" id=\"What_You_Will_Need_To_Register_A_Vehicle_In_Alicante\"><\/span>Was Sie brauchen, um ein Fahrzeug in Alicante anzumelden<span class=\"ez-toc-section-end\"><\/span><\/h2>\n\n\n\n<ul class=\"wp-block-list\">\n<li>Ihr Fahrzeugschein<\/li>\n\n\n\n<li>Eine Konformit\u00e4tsbescheinigung (Ficha Technica)<\/li>\n\n\n\n<li>Personalausweis und NIE-Nummer oder TIE-Karte<\/li>\n\n\n\n<li>Nachweis einer Adresse in Spanien.<\/li>\n<\/ul>\n\n\n\n<h3 class=\"wp-block-heading\"><span class=\"ez-toc-section\" id=\"So_How_Can_You_Help\"><\/span>Wie k\u00f6nnen Sie also helfen?<span class=\"ez-toc-section-end\"><\/span><\/h3>\n\n\n\n<p>Wir k\u00f6nnen einen Fernservice durchf\u00fchren und alles bereitstellen, was Sie ben\u00f6tigen, um Ihr Fahrzeug zum ITV in Alicante zu bringen. Unser Service umfasst sogar einen Vertreter, der Sie vor der Inspektion in Alicante an der ITV-Station abholt. In den Unterlagen, die wir Ihnen zusenden, sind eine von Ficha Technica unterzeichnete und g\u00fcltige (Konformit\u00e4tsbescheinigung), Ihr Ausweis und eine Akte mit allem, was Sie ben\u00f6tigen, um die ITV-Inspektion zu bestehen, enthalten. Im Grunde m\u00fcssen Sie nur zu einem vorher vereinbarten Zeitpunkt ohne Vertreter erscheinen, und sie werden alles tun.<\/p>\n\n\n\n<p>Sie schicken uns den Papierkram und wir k\u00fcmmern uns um den Papierkram, die DGT, die endg\u00fcltige Zulassung, die Kfz-Steuer und den Nachweis, dass sie bezahlt wurde, die Emissionssteuern, falls vorhanden. Wir schicken Ihnen dann per Kurier die neuen spanischen Nummernschilder und alle Unterlagen, die Sie ben\u00f6tigen, und Ihr Fahrzeug ist in Alicante und ganz Spanien voll legal zu fahren. Wir k\u00f6nnen dann den Service anbieten, ein EU- oder UK-Fahrzeug in Alicante zu registrieren. <\/p>\n\n\n\n<h4 class=\"wp-block-heading\"><span class=\"ez-toc-section\" id=\"How_Easy_Is_The_ITV_In_Alicante_To_Register_Your_Car\"><\/span>Wie einfach ist das ITV in Alicante, um Ihr Auto zu registrieren?<span class=\"ez-toc-section-end\"><\/span><\/h4>\n\n\n\n<p>Wir haben viele erfolgreiche ITV-Inspektionen in Alicante durchgef\u00fchrt und der Prozess ist eigentlich ziemlich einfach. Wir k\u00f6nnen Ratschl\u00e4ge geben, was beim ITV fehlschlagen k\u00f6nnte und was Sie vor dem Besuch tun m\u00fcssen. Dies kann Informationen zu Reifen, Lichtern, Anh\u00e4ngerkupplungen usw. beinhalten. Die Ficha Technica liefert die meisten Details, aber wir wissen, worauf die Inspektionstechniker achten. Setzen Sie sich mit uns in Verbindung, damit wir Ihnen ein KOSTENLOSES ANGEBOT zukommen lassen k\u00f6nnen.<\/p>\n\n\n\n<div class=\"wp-block-buttons is-layout-flex wp-block-buttons-is-layout-flex\">\n<div class=\"wp-block-button\"><a class=\"wp-block-button__link wp-element-button\" href=\"\/\/api.whatsapp.com\/send\/?phone=34696337629&amp;text=Hi%2C+I+have+a+question+regards+ITV+in+Alicante&amp;type=phone_number&amp;app_absent=0 in Alicante\" target=\"_blank\" rel=\"noreferrer noopener\">Whatsapp uns <\/a><\/div>\n\n\n\n<div class=\"wp-block-button\"><a class=\"wp-block-button__link wp-element-button\" href=\"mailto:info@vehicleregspain.wp1.sh?subject=ITV in Alicante&amp;body=Hi regarding an ITV in Alicante\">Schreiben Sie uns eine E-Mail<\/a><\/div>\n\n\n\n<div class=\"wp-block-button\"><a class=\"wp-block-button__link wp-element-button\" href=\"Tel.: +34696337629\" target=\"_blank\" rel=\"noreferrer noopener\">Ruf uns jetzt an<\/a><\/div>\n<\/div>\n\n\n\n<hr class=\"wp-block-separator has-alpha-channel-opacity\"\/>\n\n\n\n<h5 class=\"wp-block-heading\"><span class=\"ez-toc-section\" id=\"What_If_It_Fails_The_Inspection_In_Alicante\"><\/span>Was ist, wenn es die Inspektion in Alicante nicht besteht?<span class=\"ez-toc-section-end\"><\/span><\/h5>\n\n\n\n<p>Ein zweites ITV stellen wir kostenlos zur Verf\u00fcgung. Sie m\u00fcssen den ITV nicht f\u00fcr einen erneuten Test oder mehr an uns bezahlen, um die Fahrzeugp\u00e4sse zu erhalten, nachdem Sie das, was sie angefordert haben, in Ordnung gebracht haben. Diesem Service wird von uns geholfen, woran er m\u00f6glicherweise gescheitert ist, und wir k\u00f6nnen Ratschl\u00e4ge geben, was Sie dem von Ihnen verwendeten Mechaniker mitteilen oder selbst beheben m\u00fcssen.<\/p>\n\n\n\n<p>Wir sind Experten in dem, was wir tun. Hier einige Informationen zu unserem&nbsp;<a href=\"https:\/\/vehicleregistrationscostadelsol.com\/de\/fernservice-fur-die-fahrzeugzulassung-in-spanien\/\" target=\"_blank\" rel=\"noreferrer noopener\">Fernwartung<\/a>&nbsp;und z\u00f6gern Sie nicht, uns anzurufen, eine E-Mail oder WhatsApp zu senden. Letztendlich bedeutet die Tatsache, dass Sie dies lesen, dass Sie Hilfe ben\u00f6tigen. Wir erledigen alles so weit, dass Ihre einzige Sorge normalerweise darin besteht, sich zu einer bestimmten Zeit beim ITV-Sender zu treffen.<\/p>\n\n\n\n<h5 class=\"wp-block-heading\"><span class=\"ez-toc-section\" id=\"What_Will_You_Need_If_Your_Vehicle_Fails_The_ITV\"><\/span>Was brauchen Sie, wenn Ihr Fahrzeug die ITV nicht besteht?<span class=\"ez-toc-section-end\"><\/span><\/h5>\n\n\n\n<p>Alles, was Sie brauchen, ist das Fail Sheet, das Sie bei der Pr\u00fcfung erhalten haben. Die erstmalig \u00fcbergebenen Unterlagen werden in der Regel beim ITV aufbewahrt. Dann pr\u00fcft das ITV nur, was Sie getan haben. Sie werden NICHT den ganzen Test wiederholen. Beispiel. Sie versagen am linken Vorderreifen, der neue Reifen ist drauf, sie werden nur diesen einen Reifen \u00fcberpr\u00fcfen. Nat\u00fcrlich werden sie alles \u00fcberpr\u00fcfen, was sie beim ersten Mal nicht bestanden haben, aber alles, was beim ersten Mal bestanden wurde, wird nicht f\u00fcr die Wiederholungstests \u00fcberpr\u00fcft.<\/p>\n\n\n\n<h4 class=\"wp-block-heading\"><span class=\"ez-toc-section\" id=\"Register_A_Vehicle_In_Alicante\"><\/span>Registrieren Sie ein Fahrzeug in Alicante<span class=\"ez-toc-section-end\"><\/span><\/h4>\n\n\n\n<p>Wenn Ihr Fahrzeug aus dem Vereinigten K\u00f6nigreich stammt, m\u00fcssen Sie dies m\u00f6glicherweise tun&nbsp;<a href=\"https:\/\/vehicleregistrationscostadelsol.com\/de\/kontakt\/\" target=\"_blank\" rel=\"noreferrer noopener\">sprechen Sie mit uns<\/a>&nbsp;ob wir nach dem Brexit auf die Steuern f\u00fcr das Auto verzichten k\u00f6nnen. EU-Fahrzeuge sind viel einfacher und erfordern keine Einfuhrz\u00f6lle oder IVA, die f\u00fcr das Fahrzeug bezahlt werden m\u00fcssen. Die Registrierung des Autos in Alicante ist genau die gleiche wie in jeder anderen Gemeinde in Spanien, aber die Termine f\u00fcr die ITV k\u00f6nnen viel schneller sein, solange Sie die richtigen Unterlagen und Verfahren f\u00fcr vor und nach der Inspektion haben. Da k\u00f6nnen wir Ihnen helfen.<\/p>","protected":false},"excerpt":{"rendered":"<p>Alicante&nbsp;\/ By&nbsp;admin If you have brought or bringing your vehicle to Spain and are wishing to register a EU or UK vehicle in\u00a0Alicante\u00a0you are going to need advice on just what you need and how to do the process of getting the vehicle onto Spanish number plates. What You Will Need To Register A Vehicle [&hellip;]<\/p>\n","protected":false},"author":1,"featured_media":2673,"parent":0,"menu_order":0,"comment_status":"closed","ping_status":"closed","template":"","meta":{"site-sidebar-layout":"default","site-content-layout":"","ast-site-content-layout":"default","site-content-style":"default","site-sidebar-style":"default","ast-global-header-display":"","ast-banner-title-visibility":"","ast-main-header-display":"","ast-hfb-above-header-display":"","ast-hfb-below-header-display":"","ast-hfb-mobile-header-display":"","site-post-title":"","ast-breadcrumbs-content":"","ast-featured-img":"","footer-sml-layout":"","ast-disable-related-posts":"","theme-transparent-header-meta":"","adv-header-id-meta":"","stick-header-meta":"","header-above-stick-meta":"","header-main-stick-meta":"","header-below-stick-meta":"","astra-migrate-meta-layouts":"set","ast-page-background-enabled":"default","ast-page-background-meta":{"desktop":{"background-color":"","background-image":"","background-repeat":"repeat","background-position":"center center","background-size":"auto","background-attachment":"scroll","background-type":"","background-media":"","overlay-type":"","overlay-color":"","overlay-gradient":""},"tablet":{"background-color":"","background-image":"","background-repeat":"repeat","background-position":"center center","background-size":"auto","background-attachment":"scroll","background-type":"","background-media":"","overlay-type":"","overlay-color":"","overlay-gradient":""},"mobile":{"background-color":"","background-image":"","background-repeat":"repeat","background-position":"center center","background-size":"auto","background-attachment":"scroll","background-type":"","background-media":"","overlay-type":"","overlay-color":"","overlay-gradient":""}},"ast-content-background-meta":{"desktop":{"background-color":"var(--ast-global-color-5)","background-image":"","background-repeat":"repeat","background-position":"center center","background-size":"auto","background-attachment":"scroll","background-type":"","background-media":"","overlay-type":"","overlay-color":"","overlay-gradient":""},"tablet":{"background-color":"var(--ast-global-color-5)","background-image":"","background-repeat":"repeat","background-position":"center center","background-size":"auto","background-attachment":"scroll","background-type":"","background-media":"","overlay-type":"","overlay-color":"","overlay-gradient":""},"mobile":{"background-color":"var(--ast-global-color-5)","background-image":"","background-repeat":"repeat","background-position":"center center","background-size":"auto","background-attachment":"scroll","background-type":"","background-media":"","overlay-type":"","overlay-color":"","overlay-gradient":""}},"footnotes":""},"class_list":["post-2686","page","type-page","status-publish","has-post-thumbnail","hentry"],"_links":{"self":[{"href":"https:\/\/vehicleregistrationscostadelsol.com\/de\/wp-json\/wp\/v2\/pages\/2686","targetHints":{"allow":["GET"]}}],"collection":[{"href":"https:\/\/vehicleregistrationscostadelsol.com\/de\/wp-json\/wp\/v2\/pages"}],"about":[{"href":"https:\/\/vehicleregistrationscostadelsol.com\/de\/wp-json\/wp\/v2\/types\/page"}],"author":[{"embeddable":true,"href":"https:\/\/vehicleregistrationscostadelsol.com\/de\/wp-json\/wp\/v2\/users\/1"}],"replies":[{"embeddable":true,"href":"https:\/\/vehicleregistrationscostadelsol.com\/de\/wp-json\/wp\/v2\/comments?post=2686"}],"version-history":[{"count":0,"href":"https:\/\/vehicleregistrationscostadelsol.com\/de\/wp-json\/wp\/v2\/pages\/2686\/revisions"}],"wp:featuredmedia":[{"embeddable":true,"href":"https:\/\/vehicleregistrationscostadelsol.com\/de\/wp-json\/wp\/v2\/media\/2673"}],"wp:attachment":[{"href":"https:\/\/vehicleregistrationscostadelsol.com\/de\/wp-json\/wp\/v2\/media?parent=2686"}],"curies":[{"name":"wp","href":"https:\/\/api.w.org\/{rel}","templated":true}]}}