{"id":2713,"date":"2022-11-15T16:32:55","date_gmt":"2022-11-15T15:32:55","guid":{"rendered":"https:\/\/vehicleregistrationscostadelsol.com\/?page_id=2713"},"modified":"2026-01-10T22:46:23","modified_gmt":"2026-01-10T21:46:23","slug":"fernwartungsprozess","status":"publish","type":"page","link":"https:\/\/vehicleregistrationscostadelsol.com\/de\/remote-service-process\/","title":{"rendered":"Remote-Service-Prozess"},"content":{"rendered":"<p>Willkommen auf unserer Remote-Service-Dokumentations- und Prozessseite. Im Folgenden finden Sie einen \u00dcberblick \u00fcber die Schritte zur Registrierung Ihres Fahrzeugs in Spanien, wenn Sie nicht in unserer N\u00e4he sind. F\u00fcr weitere Informationen dar\u00fcber, wie das funktioniert, wenden Sie sich bitte an <a href=\"https:\/\/vehicleregistrationscostadelsol.com\/de\/fernservice-fur-die-fahrzeugzulassung-in-spanien\/\" data-type=\"URL\" data-id=\"https:\/\/vehicleregistrationscostadelsol.com\/remote-service-for-vehicle-registration-in-spain\/\" target=\"_blank\" rel=\"noreferrer noopener\">Lies hier<\/a>.<br><\/p><div id=\"ez-toc-container\" class=\"ez-toc-v2_0_82_2 counter-hierarchy ez-toc-counter ez-toc-grey ez-toc-container-direction\">\n<div class=\"ez-toc-title-container\">\n<p class=\"ez-toc-title\" style=\"cursor:inherit\">Inhaltsverzeichnis<\/p>\n<span class=\"ez-toc-title-toggle\"><a href=\"#\" class=\"ez-toc-pull-right ez-toc-btn ez-toc-btn-xs ez-toc-btn-default ez-toc-toggle\" aria-label=\"Inhaltsverzeichnis umschalten\"><span class=\"ez-toc-js-icon-con\"><span class=\"\"><span class=\"eztoc-hide\" style=\"display:none;\">Umschalten auf<\/span><span class=\"ez-toc-icon-toggle-span\"><svg style=\"fill: #999;color:#999\" xmlns=\"http:\/\/www.w3.org\/2000\/svg\" class=\"list-377408\" width=\"20px\" height=\"20px\" viewbox=\"0 0 24 24\" fill=\"none\"><path d=\"M6 6H4v2h2V6zm14 0H8v2h12V6zM4 11h2v2H4v-2zm16 0H8v2h12v-2zM4 16h2v2H4v-2zm16 0H8v2h12v-2z\" fill=\"currentColor\"><\/path><\/svg><svg style=\"fill: #999;color:#999\" class=\"arrow-unsorted-368013\" xmlns=\"http:\/\/www.w3.org\/2000\/svg\" width=\"10px\" height=\"10px\" viewbox=\"0 0 24 24\" version=\"1.2\" baseprofile=\"tiny\"><path d=\"M18.2 9.3l-6.2-6.3-6.2 6.3c-.2.2-.3.4-.3.7s.1.5.3.7c.2.2.4.3.7.3h11c.3 0 .5-.1.7-.3.2-.2.3-.5.3-.7s-.1-.5-.3-.7zM5.8 14.7l6.2 6.3 6.2-6.3c.2-.2.3-.5.3-.7s-.1-.5-.3-.7c-.2-.2-.4-.3-.7-.3h-11c-.3 0-.5.1-.7.3-.2.2-.3.5-.3.7s.1.5.3.7z\"\/><\/svg><\/span><\/span><\/span><\/a><\/span><\/div>\n<nav><ul class='ez-toc-list ez-toc-list-level-1 eztoc-toggle-hide-by-default' ><li class='ez-toc-page-1 ez-toc-heading-level-2'><a class=\"ez-toc-link ez-toc-heading-1\" href=\"https:\/\/vehicleregistrationscostadelsol.com\/de\/remote-service-process\/#Stage_1_%E2%80%93_Green_Temporary_plates_if_needed_150_euros_E\" >Stufe 1. \u2013 Gr\u00fcne tempor\u00e4re Schilder (falls erforderlich) 150 Euro \u20ac<\/a><ul class='ez-toc-list-level-3' ><li class='ez-toc-heading-level-3'><a class=\"ez-toc-link ez-toc-heading-2\" href=\"https:\/\/vehicleregistrationscostadelsol.com\/de\/remote-service-process\/#Stage_2_Sending_paperwork_we_need_to_create_a_file_to_take_to_the_ITV_station\" >Phase 2. Senden von Unterlagen, die wir erstellen m\u00fcssen, um eine Datei zur ITV-Station zu bringen.<\/a><\/li><li class='ez-toc-page-1 ez-toc-heading-level-3'><a class=\"ez-toc-link ez-toc-heading-3\" href=\"https:\/\/vehicleregistrationscostadelsol.com\/de\/remote-service-process\/#Stage_3_Getting_a_Ficha_Technica_certificate_of_conformity_if_needed\" >Stufe 3. Erhalt einer Ficha Technica (Konformit\u00e4tsbescheinigung, falls erforderlich)<\/a><\/li><li class='ez-toc-page-1 ez-toc-heading-level-3'><a class=\"ez-toc-link ez-toc-heading-4\" href=\"https:\/\/vehicleregistrationscostadelsol.com\/de\/remote-service-process\/#Stage_4_To_get_started_Payment\" >Stufe 4: Einstieg &amp; Zahlung:<\/a><ul class='ez-toc-list-level-4' ><li class='ez-toc-heading-level-4'><a class=\"ez-toc-link ez-toc-heading-5\" href=\"https:\/\/vehicleregistrationscostadelsol.com\/de\/remote-service-process\/#The_importance_of_good_documents\" >Die Bedeutung guter Dokumente<\/a><\/li><\/ul><\/li><\/ul><\/li><\/ul><\/nav><\/div>\n\n\n\n\n<h2 class=\"wp-block-heading\"><span class=\"ez-toc-section\" id=\"Stage_1_%E2%80%93_Green_Temporary_plates_if_needed_150_euros_E\"><\/span>Stufe 1. \u2013 Gr\u00fcne tempor\u00e4re Schilder (falls erforderlich) 150 Euro \u20ac<span class=\"ez-toc-section-end\"><\/span><\/h2>\n\n\n\n<p>Wenn Ihr Fahrzeug nicht legal in Spanien fahren darf, ben\u00f6tigen Sie gr\u00fcne Nummernschilder, die Ihnen 60 Tage Zeit geben, das Fahrzeug legal in Spanien zu fahren, w\u00e4hrend wir die Immatrikulation f\u00fcr Sie vornehmen (das Fahrzeug muss auf den tempor\u00e4ren Nummernschildern versichert sein \u2013 wir k\u00f6nnen bei Bedarf mit einem kostenlosen Angebot helfen). <strong>BITTE BEACHTEN SIE DIE PLATTEN CA. 2 Wochen<\/strong> ohne Fast-Track-Option. Die Kopien <strong>M\u00dcSSEN gute gescannte Kopien sein<\/strong> da die DGT sich weigern wird, sie mit schlechten Kopien zu bearbeiten.<strong> BITTE BEACHTEN SIE AUCH, DASS WIR KEINE GR\u00dcNEN KENNZEICHEN F\u00dcR FAHRZEUGE BEKOMMEN K\u00d6NNEN, F\u00dcR DIE WIR DIE REGISTRIERUNG NICHT DURCHF\u00dcHREN<\/strong>.<br><\/p>\n\n\n\n<ul class=\"wp-block-list\">\n<li>Wir brauchen die <strong>ORIGINALE Fahrzeugscheine<\/strong>: UK (V5) oder Teil 1 und 2 f\u00fcr EU-Fahrzeuge kontaktieren Sie uns und wir senden Ihnen die Adresse. Nur per Kurier versenden (wir k\u00f6nnen bei Bedarf einen zur Verf\u00fcgung stellen) <\/li>\n\n\n\n<li>POA \u2013 Adressnachweis \u2013  <strong>NUR 1<\/strong> der folgenden 3 erforderlich: 1.Padron (datiert in den letzten 3 Monaten) 2.Vollst\u00e4ndige Eigentumsurkunde (eingescannt) oder 3. ein unterschriebener Mietvertrag mit Datum<\/li>\n\n\n\n<li>Passbild und Unterschriftenseite (mit allen vier Ecken nach innen)<\/li>\n\n\n\n<li>NIE- oder TIE-Kartenr\u00fcckseite und -vorderseite. <\/li>\n<\/ul>\n\n\n\n<p>Sie k\u00f6nnen diese senden, indem Sie auf die Schaltfl\u00e4chen unten klicken. Wir akzeptieren WhatsApp und E-Mail, aber bitte geben Sie Ihren Namen und das Fahrzeug an. Wir senden auch Zahlungsanweisungen, um loszulegen. <\/p>\n\n\n\n<div class=\"wp-block-buttons is-layout-flex wp-block-buttons-is-layout-flex\">\n<div class=\"wp-block-button\"><a class=\"wp-block-button__link wp-element-button\" href=\"https:\/\/api.whatsapp.com\/send?phone=34696337629&amp;text=Hi%20regarding%20the%20green%20plates%20paperwork%20for%20the%20remote%20service.%20\" target=\"_blank\" rel=\"noreferrer noopener\">Whatsapp uns <\/a><\/div>\n\n\n\n<div class=\"wp-block-button\"><a class=\"wp-block-button__link wp-element-button\" href=\"mailto:info@vehicleregspain.wp1.sh?subject=Green plates paperwork&amp;body=Hi regarding paperwork for green plates.....\" target=\"_blank\" rel=\"noreferrer noopener\">Schreiben Sie uns eine E-Mail<\/a><\/div>\n<\/div>\n\n\n\n<div style=\"height:27px\" aria-hidden=\"true\" class=\"wp-block-spacer\"><\/div>\n\n\n\n<h3 class=\"wp-block-heading\"><span class=\"ez-toc-section\" id=\"Stage_2_Sending_paperwork_we_need_to_create_a_file_to_take_to_the_ITV_station\"><\/span>Phase 2. Senden von Unterlagen, die wir erstellen m\u00fcssen, um eine Datei zur ITV-Station zu bringen. <span class=\"ez-toc-section-end\"><\/span><\/h3>\n\n\n\n<p>Die Unterlagen, die wir ben\u00f6tigen, stellen wir in einer Akte mit einem Anschreiben zusammen, damit Sie sie zur n\u00e4chsten ITV-Station bringen k\u00f6nnen. Wir helfen Ihnen mit einem Anruf vor dem ITV genau, was Sie beim ITV-Sender erwartet. Wie man das Auto durchf\u00fchrt und was mit dem Papierkram vorher und nachher zu tun ist. Wir geben Ihnen auch Informationen dar\u00fcber, was Sie vor der ITV \u00fcberpr\u00fcfen m\u00fcssen, um dem Fahrzeug die besten Erfolgschancen zu geben. Wir stellen Ihnen eine vollst\u00e4ndige Akte dar\u00fcber zur Verf\u00fcgung, was Sie mitnehmen m\u00fcssen, damit es zu keinen Missverst\u00e4ndnissen mit dem ITV kommt. <\/p>\n\n\n\n<ul class=\"wp-block-list\">\n<li>Gute gescannte Kopien der Fahrzeugzulassungsdokumente UK (V5) oder Teil 1 und 2 f\u00fcr EU-Dokumente. <\/li>\n\n\n\n<li>POA \u2013 Adressnachweis \u2013  <strong>NUR 1<\/strong> der folgenden 3 erforderlich: 1.Padron (datiert in den letzten 3 Monaten) 2.Vollst\u00e4ndige Eigentumsurkunde (eingescannt) oder 3. ein unterschriebener Mietvertrag mit Datum<\/li>\n\n\n\n<li>Passbildseite (mit allen vier Ecken innen)<\/li>\n\n\n\n<li>NIE- oder TIE-Kartenr\u00fcckseite und -vorderseite. <\/li>\n<\/ul>\n\n\n\n<div style=\"height:27px\" aria-hidden=\"true\" class=\"wp-block-spacer\"><\/div>\n\n\n\n<div class=\"wp-block-buttons is-layout-flex wp-block-buttons-is-layout-flex\">\n<div class=\"wp-block-button\"><a class=\"wp-block-button__link wp-element-button\" href=\"https:\/\/api.whatsapp.com\/send?phone=34696337629&amp;text=Hi%20%2C%20regarding%20the%20ITV%20info%20for%20the%20remote%20service.%20\" target=\"_blank\" rel=\"noreferrer noopener\">Whatsapp uns <\/a><\/div>\n\n\n\n<div class=\"wp-block-button\"><a class=\"wp-block-button__link wp-element-button\" href=\"mailto:info@vehicleregspain.wp1.sh?subject=Regarding%20paperwork%20for%20the%20green%20plates&amp;body=We%20will%20send%20you%20the%20address%20to%20courier%20the%20paperwork%20to%20by%20return%20email%3A%20Please%20remember%20to%20state%20your%20name%20here%20please%20and%20attached%20paperwork........%0D%0A%0D%0AOriginal%20vehicle%20registration%20documents%20UK%20(V5%20)%20or%2C%20parts%201%20and%202%20for%20EU%20documents.%0D%0A%0D%0APOA%20-%20Proof%20of%20address%20-%20ONLY%201%20of%20the%20following%203%20needed%3A%201.Padron%20(dated%20in%20the%20last%203%20months)%202.Property%20deeds%20in%20full%20(scanned)%2C%20or%2C%203.%20an%20in%20date%20signed%20rental%20contract%0D%0A%0D%0APassport%20picture%20page%20(with%20all%20four%20corners%20in)%0D%0A%0D%0ANIE%20or%20TIE%20card%20back%20and%20front.\" target=\"_blank\" rel=\"noreferrer noopener\">Schreiben Sie uns eine E-Mail<\/a><\/div>\n<\/div>\n\n\n\n<div style=\"height:27px\" aria-hidden=\"true\" class=\"wp-block-spacer\"><\/div>\n\n\n\n<h3 class=\"wp-block-heading\"><span class=\"ez-toc-section\" id=\"Stage_3_Getting_a_Ficha_Technica_certificate_of_conformity_if_needed\"><\/span>Stufe 3. Erhalt einer Ficha Technica (Konformit\u00e4tsbescheinigung, falls erforderlich)<span class=\"ez-toc-section-end\"><\/span><\/h3>\n\n\n\n<p>Hier k\u00f6nnen wir mehrere Dinge tun, erstens k\u00f6nnen Sie uns Bilder des Fahrzeugs schicken und wir besorgen Ihnen eine von einem autorisierten Vertreter unterschriebene v\u00f6llig legale \u00dcbereinstimmungsbescheinigung. Oder wir k\u00f6nnen eine schnelle Konformit\u00e4tsbescheinigung ausstellen, die wir f\u00fcr Sie direkt mit ihnen erledigen k\u00f6nnen, wenn nach der ITV Details aktualisiert werden m\u00fcssen. Die erste Option ist viel einfacher und SIE BRAUCHEN EINE FIHA TECHICA, um das Fahrzeug durch die ITV zu bekommen. Ohne sie kann es nicht beim ITV-Sender getestet werden. Ihr Fahrzeug kann bereits \u00fcber eine \u00dcbereinstimmungsbescheinigung verf\u00fcgen, es werden jedoch nur ORIGINALE akzeptiert. Kopien werden vom Sender ITV nicht akzeptiert. <\/p>\n\n\n\n<p><strong>Wenn Sie bereits eine Anzahlung geleistet haben, werden wir dies mit Ihnen arrangieren und der Agent wird sich direkt mit Ihnen in Verbindung setzen. Wir ben\u00f6tigen dies, wenn die gr\u00fcnen Schilder eintreffen, wenn Sie sie ben\u00f6tigen, um Zeit zu sparen, einen ITV-Termin zu bekommen. <\/strong><\/p>\n\n\n\n<h3 class=\"wp-block-heading\"><span class=\"ez-toc-section\" id=\"Stage_4_To_get_started_Payment\"><\/span>Stufe 4: Einstieg &amp; Zahlung:<span class=\"ez-toc-section-end\"><\/span><\/h3>\n\n\n\n<p>Hoffentlich haben wir Ihnen jetzt ein kostenloses Angebot \u00fcber die Kosten f\u00fcr die Fahrzeugzulassung in Spanien gemacht. Wenn Sie bereit sind, mit dem Fernservice fortzufahren, ben\u00f6tigen wir eine Anzahlung von 700 Euro, um den Vorgang zu starten (plus 150 Euro, wenn Sie gr\u00fcne Kennzeichen ben\u00f6tigen). Bitte kontaktieren Sie uns, um die Bank\u00fcberweisungsdaten zu erhalten, und senden Sie eine Kopie der \u00dcberweisung, dh wir kann den Vorgang sofort starten, noch bevor die Einzahlung freigegeben wird. <\/p>\n\n\n\n<div class=\"wp-block-buttons is-layout-flex wp-block-buttons-is-layout-flex\">\n<div class=\"wp-block-button\"><a class=\"wp-block-button__link wp-element-button\" href=\"https:\/\/api.whatsapp.com\/send?phone=34696337629&amp;text=Please%20WhatsApp%20me%20the%20payment%20details%20for%20the%20remote%20service%20......\" target=\"_blank\" rel=\"noreferrer noopener\">Whatsapp me Zahlungsdetails<\/a><\/div>\n\n\n\n<div class=\"wp-block-button\"><a class=\"wp-block-button__link wp-element-button\" href=\"mailto:info@vehicleregspain.wp1.sh?subject=Please%20send%20us%20the%20bank%20details%20to%20pay%20for%20the%20remote%20service&amp;body=Please%20state%20your%20name%20here%20.....%0D%0A%0D%0AWe%20will%20then%20send%20by%20return%20email%20to%20payment%20details%20to%20get%20started...%0D%0A%0D%0A700%20euros%20to%20start%20the%20process%2C%20or%2C%20850%20euros%20if%20green%20plates%20are%20needed.\" target=\"_blank\" rel=\"noreferrer noopener\">Senden Sie mir die Zahlungsdetails per E-Mail<\/a><\/div>\n<\/div>\n\n\n\n<div style=\"height:27px\" aria-hidden=\"true\" class=\"wp-block-spacer\"><\/div>\n\n\n\n<h4 class=\"wp-block-heading\"><span class=\"ez-toc-section\" id=\"The_importance_of_good_documents\"><\/span>Die Bedeutung guter Dokumente<span class=\"ez-toc-section-end\"><\/span><\/h4>\n\n\n\n<p>DGT, Finanzamt, Rathaus und ITV-Sender erwarten alle gute gescannte Kopien der Unterlagen. Wenn die Kopien nicht gut sind, Ecken abgeschnitten sind, Informationen fleckig sind, bei Vergr\u00f6\u00dferung nicht lesbar sind, aus einem Winkel aufgenommen wurden usw., senden sie die Dokumente normalerweise immer mit einer Ablehnungs-E-Mail zur\u00fcck, in der sie sagen, dass sie die Dokumente NICHT akzeptieren werden, was viel verschwendet von Zeit. Diese E-Mail kann manchmal bis zu 1 Woche dauern, bevor sie uns mitteilt, dass wir sie mit dem, was wir gesendet haben, nicht zufrieden gestellt haben. Wir M\u00dcSSEN gute Exemplare senden. Wenn Sie Probleme haben und keinen Scanner haben, machen Sie bitte Bilder direkt von oben mit allen vier Ecken im Bild und WhatsApp oder senden Sie uns eine E-Mail mit den Dokumenten, und wir k\u00f6nnen versuchen, sie akzeptabel zu machen. Ein Beispiel f\u00fcr eine gute Kopie ist unten. <\/p>\n\n\n\n<figure class=\"wp-block-image size-large\"><img fetchpriority=\"high\" decoding=\"async\" width=\"497\" height=\"1024\" src=\"https:\/\/vehicleregistrationscostadelsol.com\/wp-content\/uploads\/2022\/11\/dutch_kentekenbewijs-745x1536-1-497x1024.webp\" alt=\"Autokennzeichen Costa del Sol\" class=\"wp-image-2735\" title=\"Registrieren Sie Ihr Auto in Spanien\" srcset=\"https:\/\/vehicleregistrationscostadelsol.com\/wp-content\/uploads\/2022\/11\/dutch_kentekenbewijs-745x1536-1-497x1024.webp 497w, https:\/\/vehicleregistrationscostadelsol.com\/wp-content\/uploads\/2022\/11\/dutch_kentekenbewijs-745x1536-1-146x300.webp 146w, https:\/\/vehicleregistrationscostadelsol.com\/wp-content\/uploads\/2022\/11\/dutch_kentekenbewijs-745x1536-1-6x12.webp 6w, https:\/\/vehicleregistrationscostadelsol.com\/wp-content\/uploads\/2022\/11\/dutch_kentekenbewijs-745x1536-1.webp 745w\" sizes=\"(max-width: 497px) 100vw, 497px\" \/><figcaption class=\"wp-element-caption\">Ein Beispiel f\u00fcr gute gescannte Unterlagen. Gute Fotos mit allen 4 Ecken sollten in Ordnung sein. <\/figcaption><\/figure>","protected":false},"excerpt":{"rendered":"<p>Welcome to our remote service paperwork and process page. Below is a walk through of the stages to get your vehicle registered in Spain if you are not close to us. For more info on how that works feel free to read here. Stage 1. &#8211; Green Temporary plates (if needed) 150 euros \u20ac If [&hellip;]<\/p>\n","protected":false},"author":1,"featured_media":0,"parent":0,"menu_order":0,"comment_status":"closed","ping_status":"closed","template":"","meta":{"site-sidebar-layout":"default","site-content-layout":"","ast-site-content-layout":"default","site-content-style":"default","site-sidebar-style":"default","ast-global-header-display":"","ast-banner-title-visibility":"","ast-main-header-display":"","ast-hfb-above-header-display":"","ast-hfb-below-header-display":"","ast-hfb-mobile-header-display":"","site-post-title":"","ast-breadcrumbs-content":"","ast-featured-img":"","footer-sml-layout":"","ast-disable-related-posts":"","theme-transparent-header-meta":"","adv-header-id-meta":"","stick-header-meta":"","header-above-stick-meta":"","header-main-stick-meta":"","header-below-stick-meta":"","astra-migrate-meta-layouts":"set","ast-page-background-enabled":"default","ast-page-background-meta":{"desktop":{"background-color":"","background-image":"","background-repeat":"repeat","background-position":"center center","background-size":"auto","background-attachment":"scroll","background-type":"","background-media":"","overlay-type":"","overlay-color":"","overlay-opacity":"","overlay-gradient":""},"tablet":{"background-color":"","background-image":"","background-repeat":"repeat","background-position":"center center","background-size":"auto","background-attachment":"scroll","background-type":"","background-media":"","overlay-type":"","overlay-color":"","overlay-opacity":"","overlay-gradient":""},"mobile":{"background-color":"","background-image":"","background-repeat":"repeat","background-position":"center center","background-size":"auto","background-attachment":"scroll","background-type":"","background-media":"","overlay-type":"","overlay-color":"","overlay-opacity":"","overlay-gradient":""}},"ast-content-background-meta":{"desktop":{"background-color":"var(--ast-global-color-5)","background-image":"","background-repeat":"repeat","background-position":"center center","background-size":"auto","background-attachment":"scroll","background-type":"","background-media":"","overlay-type":"","overlay-color":"","overlay-opacity":"","overlay-gradient":""},"tablet":{"background-color":"var(--ast-global-color-5)","background-image":"","background-repeat":"repeat","background-position":"center center","background-size":"auto","background-attachment":"scroll","background-type":"","background-media":"","overlay-type":"","overlay-color":"","overlay-opacity":"","overlay-gradient":""},"mobile":{"background-color":"var(--ast-global-color-5)","background-image":"","background-repeat":"repeat","background-position":"center center","background-size":"auto","background-attachment":"scroll","background-type":"","background-media":"","overlay-type":"","overlay-color":"","overlay-opacity":"","overlay-gradient":""}},"footnotes":""},"class_list":["post-2713","page","type-page","status-publish","hentry"],"_links":{"self":[{"href":"https:\/\/vehicleregistrationscostadelsol.com\/de\/wp-json\/wp\/v2\/pages\/2713","targetHints":{"allow":["GET"]}}],"collection":[{"href":"https:\/\/vehicleregistrationscostadelsol.com\/de\/wp-json\/wp\/v2\/pages"}],"about":[{"href":"https:\/\/vehicleregistrationscostadelsol.com\/de\/wp-json\/wp\/v2\/types\/page"}],"author":[{"embeddable":true,"href":"https:\/\/vehicleregistrationscostadelsol.com\/de\/wp-json\/wp\/v2\/users\/1"}],"replies":[{"embeddable":true,"href":"https:\/\/vehicleregistrationscostadelsol.com\/de\/wp-json\/wp\/v2\/comments?post=2713"}],"version-history":[{"count":1,"href":"https:\/\/vehicleregistrationscostadelsol.com\/de\/wp-json\/wp\/v2\/pages\/2713\/revisions"}],"predecessor-version":[{"id":3386,"href":"https:\/\/vehicleregistrationscostadelsol.com\/de\/wp-json\/wp\/v2\/pages\/2713\/revisions\/3386"}],"wp:attachment":[{"href":"https:\/\/vehicleregistrationscostadelsol.com\/de\/wp-json\/wp\/v2\/media?parent=2713"}],"curies":[{"name":"wp","href":"https:\/\/api.w.org\/{rel}","templated":true}]}}