{"id":2744,"date":"2022-11-15T18:00:01","date_gmt":"2022-11-15T17:00:01","guid":{"rendered":"https:\/\/vehicleregistrationscostadelsol.com\/?page_id=2744"},"modified":"2025-07-02T22:18:15","modified_gmt":"2025-07-02T20:18:15","slug":"erhalt-einer-ficha-technica-oder-einer-konformitatsbescheinigung-in-spanien","status":"publish","type":"page","link":"https:\/\/vehicleregistrationscostadelsol.com\/de\/getting-a-ficha-technica-or-a-certificate-of-conformity-in-spain\/","title":{"rendered":"Erhalt einer Ficha Technica oder einer Konformit\u00e4tsbescheinigung in Spanien"},"content":{"rendered":"<p>Eine Ficha Technica oder eine Konformit\u00e4tsbescheinigung in Spanien zu erhalten ist ziemlich einfach. Eine Konformit\u00e4tsbescheinigung wird verwendet, um dem ITV vorgelegt zu werden und enth\u00e4lt die Informationen der Spezifikation des Fahrzeugs, um es anhand der Gesetze in Spanien hinsichtlich dessen zu \u00fcberpr\u00fcfen, was als europ\u00e4ische Konformit\u00e4t gilt.<\/p><div id=\"ez-toc-container\" class=\"ez-toc-v2_0_82_2 counter-hierarchy ez-toc-counter ez-toc-grey ez-toc-container-direction\">\n<div class=\"ez-toc-title-container\">\n<p class=\"ez-toc-title\" style=\"cursor:inherit\">Inhaltsverzeichnis<\/p>\n<span class=\"ez-toc-title-toggle\"><a href=\"#\" class=\"ez-toc-pull-right ez-toc-btn ez-toc-btn-xs ez-toc-btn-default ez-toc-toggle\" aria-label=\"Inhaltsverzeichnis umschalten\"><span class=\"ez-toc-js-icon-con\"><span class=\"\"><span class=\"eztoc-hide\" style=\"display:none;\">Umschalten auf<\/span><span class=\"ez-toc-icon-toggle-span\"><svg style=\"fill: #999;color:#999\" xmlns=\"http:\/\/www.w3.org\/2000\/svg\" class=\"list-377408\" width=\"20px\" height=\"20px\" viewbox=\"0 0 24 24\" fill=\"none\"><path d=\"M6 6H4v2h2V6zm14 0H8v2h12V6zM4 11h2v2H4v-2zm16 0H8v2h12v-2zM4 16h2v2H4v-2zm16 0H8v2h12v-2z\" fill=\"currentColor\"><\/path><\/svg><svg style=\"fill: #999;color:#999\" class=\"arrow-unsorted-368013\" xmlns=\"http:\/\/www.w3.org\/2000\/svg\" width=\"10px\" height=\"10px\" viewbox=\"0 0 24 24\" version=\"1.2\" baseprofile=\"tiny\"><path d=\"M18.2 9.3l-6.2-6.3-6.2 6.3c-.2.2-.3.4-.3.7s.1.5.3.7c.2.2.4.3.7.3h11c.3 0 .5-.1.7-.3.2-.2.3-.5.3-.7s-.1-.5-.3-.7zM5.8 14.7l6.2 6.3 6.2-6.3c.2-.2.3-.5.3-.7s-.1-.5-.3-.7c-.2-.2-.4-.3-.7-.3h-11c-.3 0-.5.1-.7.3-.2.2-.3.5-.3.7s.1.5.3.7z\"\/><\/svg><\/span><\/span><\/span><\/a><\/span><\/div>\n<nav><ul class='ez-toc-list ez-toc-list-level-1' ><li class='ez-toc-page-1 ez-toc-heading-level-2'><a class=\"ez-toc-link ez-toc-heading-1\" href=\"https:\/\/vehicleregistrationscostadelsol.com\/de\/getting-a-ficha-technica-or-a-certificate-of-conformity-in-spain\/#Order_a_Certificate_of_Conformity_online_for_Spain\" >Bestellen Sie online eine Konformit\u00e4tsbescheinigung f\u00fcr Spanien<\/a><\/li><li class='ez-toc-page-1 ez-toc-heading-level-2'><a class=\"ez-toc-link ez-toc-heading-2\" href=\"https:\/\/vehicleregistrationscostadelsol.com\/de\/getting-a-ficha-technica-or-a-certificate-of-conformity-in-spain\/#Is_a_copy_of_a_Ficha_Technica_Certificate_of_Conformity_acceptable\" >Ist eine Kopie eines Ficha Technica-Konformit\u00e4tszertifikats akzeptabel?<\/a><ul class='ez-toc-list-level-3' ><li class='ez-toc-heading-level-3'><a class=\"ez-toc-link ez-toc-heading-3\" href=\"https:\/\/vehicleregistrationscostadelsol.com\/de\/getting-a-ficha-technica-or-a-certificate-of-conformity-in-spain\/#Can_you_help_with_the_whole_service\" >K\u00f6nnen Sie beim gesamten Service helfen?<\/a><\/li><li class='ez-toc-page-1 ez-toc-heading-level-3'><a class=\"ez-toc-link ez-toc-heading-4\" href=\"https:\/\/vehicleregistrationscostadelsol.com\/de\/getting-a-ficha-technica-or-a-certificate-of-conformity-in-spain\/#What_Information_is_in_a_certificate_of_conformity\" >Welche Informationen enth\u00e4lt eine Konformit\u00e4tsbescheinigung?<\/a><\/li><\/ul><\/li><\/ul><\/nav><\/div>\n\n\n\n\n<p>Wir stellen diese Ficha Technica-Konformit\u00e4tsbescheinigung f\u00fcr Fahrzeuge in ganz Spanien aus. Wir helfen nat\u00fcrlich beim gesamten Prozess, aber wenn Sie eine Konformit\u00e4tsbescheinigung ben\u00f6tigen und sich selbst um den Prozess k\u00fcmmern, wenden Sie sich bitte an uns, und wir stellen Ihnen eine f\u00fcr das ITV zur Verf\u00fcgung. <\/p>\n\n\n\n<div class=\"inherit-container-width wp-block-group is-layout-constrained wp-block-group-is-layout-constrained\"><div class=\"wp-block-group__inner-container\">\n<div class=\"wp-block-buttons is-layout-flex wp-block-buttons-is-layout-flex\">\n<div class=\"wp-block-button\"><a class=\"wp-block-button__link wp-element-button\" href=\"https:\/\/wa.me\/34696337629?text=Hi%2C%20I%20have%20a%20question%20regards%20Ficha%20Technica%20Certificate%20of%20Conformity.\" target=\"_blank\" rel=\"noreferrer noopener\">Whatsapp uns<\/a><\/div>\n\n\n\n<div class=\"wp-block-button\"><a class=\"wp-block-button__link wp-element-button\" href=\"mailto:darren@equitas-property.com?subject=Hi%20Regards%20a%20Ficha%20Technica%20Certificate%20of%20conformity%20&amp;body=Hi%20Vehicle%20registrations%2C%20%0D%0A%0D%0A\">Schreiben Sie uns eine E-Mail <\/a><\/div>\n\n\n\n<div class=\"wp-block-button\"><a class=\"wp-block-button__link wp-element-button\" href=\"Tel.: +34696337629\" target=\"_blank\" rel=\"noreferrer noopener\">Rufen Sie uns an <\/a><\/div>\n<\/div>\n<\/div><\/div>\n\n\n\n<div style=\"height:25px\" aria-hidden=\"true\" class=\"wp-block-spacer\"><\/div>\n\n\n\n<h2 class=\"wp-block-heading\"><span class=\"ez-toc-section\" id=\"Order_a_Certificate_of_Conformity_online_for_Spain\"><\/span>Bestellen Sie online eine Konformit\u00e4tsbescheinigung f\u00fcr Spanien<span class=\"ez-toc-section-end\"><\/span><\/h2>\n\n\n\n<p>Wir k\u00f6nnen von \u00fcberall in Spanien online eine Konformit\u00e4tsbescheinigung f\u00fcr Spanien ausstellen. Stellen Sie sicher, dass Sie die richtige Ficha Technica haben, die von einem zertifizierten Fachmann UNTERZEICHNET wurde. Es wird alles bereitgestellt, um eine ordnungsgem\u00e4\u00dfe spanische Konformit\u00e4tsbescheinigung zum ITV-Termin mitzunehmen.<\/p>\n\n\n\n<p>Die Konformit\u00e4tsbescheinigung k\u00f6nnen wir digital oder per Einschreiben versenden. Dies kann verwendet werden, um zu Ihrem ITV-Termin zu gehen. Nochmals, wenn Sie Hilfe bei der ben\u00f6tigen <a href=\"https:\/\/vehicleregistrationscostadelsol.com\/de\/\" target=\"_blank\" rel=\"noreferrer noopener\">gesamten Prozess von Anfang bis Ende<\/a>, brauchen Sie nur das Zertifikat, oder Sie m\u00f6chten, dass wir uns um die endg\u00fcltige Zulassung des Fahrzeugs k\u00fcmmern, wir k\u00f6nnen all diese Dienstleistungen erledigen. <\/p>\n\n\n\n<h2 class=\"wp-block-heading\"><span class=\"ez-toc-section\" id=\"Is_a_copy_of_a_Ficha_Technica_Certificate_of_Conformity_acceptable\"><\/span>Ist eine Kopie eines Ficha Technica-Konformit\u00e4tszertifikats akzeptabel?<span class=\"ez-toc-section-end\"><\/span><\/h2>\n\n\n\n<p>Nicht bei den meisten ITV-Stationen Nr. Die meisten m\u00fcssen von einem zertifizierten Fachmann durchgef\u00fchrt und physisch unterschrieben werden, damit das ITV das Zertifikat akzeptiert. An den meisten ITV-Stationen wird nur die Bescheinigung akzeptiert, die an der Verkaufsstelle des Fahrzeugs ausgestellt wurde. <\/p>\n\n\n\n<h3 class=\"wp-block-heading\"><span class=\"ez-toc-section\" id=\"Can_you_help_with_the_whole_service\"><\/span>K\u00f6nnen Sie beim gesamten Service helfen?<span class=\"ez-toc-section-end\"><\/span><\/h3>\n\n\n\n<p>Wir k\u00f6nnen eine anbieten <a href=\"https:\/\/vehicleregistrationscostadelsol.com\/de\/fernservice-fur-die-fahrzeugzulassung-in-spanien\/\">Fernwartung <\/a>Jawohl. Hier haben wir keinen physischen Zugang zum Fahrzeug oder k\u00f6nnen an dem teilnehmen <a href=\"https:\/\/www.applusiteuve.com\/es-es\/estaciones-itv\/itv-comunidad-valenciana\/itv-alicante\/\" data-type=\"URL\" data-id=\"https:\/\/www.applusiteuve.com\/es-es\/estaciones-itv\/itv-comunidad-valenciana\/itv-alicante\/\" target=\"_blank\" rel=\"noreferrer noopener\">ITV<\/a> mit dir. Lesen Sie jedoch unseren Artikel, wie wir helfen und dass der Service ziemlich gleich ist. Unser Service ist unseres Wissens nach der umfassendste in ganz Spanien. Wir helfen auch bei der Buchung des ITV f\u00fcr Sie und stellen den gesamten Papierkram bereit und k\u00fcmmern uns um die Registrierungen, Steuern und Kfz-Steuern.<\/p>\n\n\n\n<div class=\"wp-block-buttons is-layout-flex wp-block-buttons-is-layout-flex\">\n<div class=\"wp-block-button\"><a class=\"wp-block-button__link wp-element-button\" href=\"https:\/\/wa.me\/34696337629?text=Hi%2C%20I%20have%20a%20question%20regards%20Ficha%20Technica%20Certificate%20of%20Conformity.\" target=\"_blank\" rel=\"noreferrer noopener\">Whatsapp uns<\/a><\/div>\n\n\n\n<div class=\"wp-block-button\"><a class=\"wp-block-button__link wp-element-button\" href=\"mailto:darren@equitas-property.com?subject=Hi%20Regards%20a%20Ficha%20Technica%20Certificate%20of%20conformity%20&amp;body=Hi%20Vehicle%20registrations%2C%20%0D%0A%0D%0A\" target=\"_blank\" rel=\"noreferrer noopener\">Schreiben Sie uns eine E-Mail <\/a><\/div>\n\n\n\n<div class=\"wp-block-button\"><a class=\"wp-block-button__link wp-element-button\" href=\"Tel.: +34696337629\" target=\"_blank\" rel=\"noreferrer noopener\">Rufen Sie uns an <\/a><\/div>\n<\/div>\n\n\n\n<div style=\"height:27px\" aria-hidden=\"true\" class=\"wp-block-spacer\"><\/div>\n\n\n\n<h3 class=\"wp-block-heading\"><span class=\"ez-toc-section\" id=\"What_Information_is_in_a_certificate_of_conformity\"><\/span>Welche Informationen enth\u00e4lt eine Konformit\u00e4tsbescheinigung?<span class=\"ez-toc-section-end\"><\/span><\/h3>\n\n\n\n<p>Die Spezifikation des Originalfahrzeugs und wie es im Neuzustand aus der Werkshalle des Herstellers kam. Alles, was nicht Standard ist, wird bei der ITV-Station Probleme bereiten. Spanien hat einen strengen Konformit\u00e4tsprozess f\u00fcr die Fahrzeuge, die auf spanischen Kennzeichen zugelassen werden m\u00f6chten. Die unterschriebene Konformit\u00e4tsbescheinigung wird von einem autorisierten Vertreter durchgef\u00fchrt und wird bei der ITV-Station \u00fcberhaupt keine Probleme haben. Es enth\u00e4lt alle Informationen, die f\u00fcr die Standard-Originalkonformit\u00e4t relevant sind. \u00dcberlassen Sie uns die harte Arbeit und denken Sie daran, dass wir Ihnen auch mit dem gesamten Service \u00fcberall im Land helfen k\u00f6nnen. <\/p>\n\n\n\n<p><\/p>","protected":false},"excerpt":{"rendered":"<p>Getting a Ficha Technica or a certificate of conformity in Spain is pretty simple. A certificate of conformity is used to present to the ITV and contains the information of the specification of the vehicle to check against the laws in Spain regarding what is considered European conformity. We provide these Ficha Technica Certificate of [&hellip;]<\/p>\n","protected":false},"author":1,"featured_media":2756,"parent":0,"menu_order":0,"comment_status":"closed","ping_status":"closed","template":"","meta":{"site-sidebar-layout":"default","site-content-layout":"","ast-site-content-layout":"default","site-content-style":"default","site-sidebar-style":"default","ast-global-header-display":"","ast-banner-title-visibility":"","ast-main-header-display":"","ast-hfb-above-header-display":"","ast-hfb-below-header-display":"","ast-hfb-mobile-header-display":"","site-post-title":"","ast-breadcrumbs-content":"","ast-featured-img":"","footer-sml-layout":"","ast-disable-related-posts":"","theme-transparent-header-meta":"","adv-header-id-meta":"","stick-header-meta":"","header-above-stick-meta":"","header-main-stick-meta":"","header-below-stick-meta":"","astra-migrate-meta-layouts":"set","ast-page-background-enabled":"default","ast-page-background-meta":{"desktop":{"background-color":"","background-image":"","background-repeat":"repeat","background-position":"center center","background-size":"auto","background-attachment":"scroll","background-type":"","background-media":"","overlay-type":"","overlay-color":"","overlay-gradient":""},"tablet":{"background-color":"","background-image":"","background-repeat":"repeat","background-position":"center center","background-size":"auto","background-attachment":"scroll","background-type":"","background-media":"","overlay-type":"","overlay-color":"","overlay-gradient":""},"mobile":{"background-color":"","background-image":"","background-repeat":"repeat","background-position":"center center","background-size":"auto","background-attachment":"scroll","background-type":"","background-media":"","overlay-type":"","overlay-color":"","overlay-gradient":""}},"ast-content-background-meta":{"desktop":{"background-color":"var(--ast-global-color-5)","background-image":"","background-repeat":"repeat","background-position":"center center","background-size":"auto","background-attachment":"scroll","background-type":"","background-media":"","overlay-type":"","overlay-color":"","overlay-gradient":""},"tablet":{"background-color":"var(--ast-global-color-5)","background-image":"","background-repeat":"repeat","background-position":"center center","background-size":"auto","background-attachment":"scroll","background-type":"","background-media":"","overlay-type":"","overlay-color":"","overlay-gradient":""},"mobile":{"background-color":"var(--ast-global-color-5)","background-image":"","background-repeat":"repeat","background-position":"center center","background-size":"auto","background-attachment":"scroll","background-type":"","background-media":"","overlay-type":"","overlay-color":"","overlay-gradient":""}},"footnotes":""},"class_list":["post-2744","page","type-page","status-publish","has-post-thumbnail","hentry"],"_links":{"self":[{"href":"https:\/\/vehicleregistrationscostadelsol.com\/de\/wp-json\/wp\/v2\/pages\/2744","targetHints":{"allow":["GET"]}}],"collection":[{"href":"https:\/\/vehicleregistrationscostadelsol.com\/de\/wp-json\/wp\/v2\/pages"}],"about":[{"href":"https:\/\/vehicleregistrationscostadelsol.com\/de\/wp-json\/wp\/v2\/types\/page"}],"author":[{"embeddable":true,"href":"https:\/\/vehicleregistrationscostadelsol.com\/de\/wp-json\/wp\/v2\/users\/1"}],"replies":[{"embeddable":true,"href":"https:\/\/vehicleregistrationscostadelsol.com\/de\/wp-json\/wp\/v2\/comments?post=2744"}],"version-history":[{"count":0,"href":"https:\/\/vehicleregistrationscostadelsol.com\/de\/wp-json\/wp\/v2\/pages\/2744\/revisions"}],"wp:featuredmedia":[{"embeddable":true,"href":"https:\/\/vehicleregistrationscostadelsol.com\/de\/wp-json\/wp\/v2\/media\/2756"}],"wp:attachment":[{"href":"https:\/\/vehicleregistrationscostadelsol.com\/de\/wp-json\/wp\/v2\/media?parent=2744"}],"curies":[{"name":"wp","href":"https:\/\/api.w.org\/{rel}","templated":true}]}}