{"id":2860,"date":"2023-02-28T14:15:49","date_gmt":"2023-02-28T13:15:49","guid":{"rendered":"https:\/\/vehicleregistrationscostadelsol.com\/?page_id=2860"},"modified":"2026-01-10T22:45:20","modified_gmt":"2026-01-10T21:45:20","slug":"zulassung-eines-danischen-fahrzeugs-in-spanien","status":"publish","type":"page","link":"https:\/\/vehicleregistrationscostadelsol.com\/de\/register-a-danish-vehicle-in-spain\/","title":{"rendered":"Anmeldung eines d\u00e4nischen Fahrzeugs in Spanien"},"content":{"rendered":"<p>Die Zulassung eines d\u00e4nischen Fahrzeugs in Spanien ist ziemlich einfach. Die meisten Fahrzeuge aus D\u00e4nemark sind gut gepflegt, was bedeutet, dass es sich auf jeden Fall lohnt, sie anzumelden, da die entsprechenden Fahrzeuge in Spanien viel teurer sind. Alles befindet sich an der richtigen Stelle. Die Scheinwerfer, das Lenkrad und der Kilometerstand stimmen mit der ITV-Inspektion in Spanien \u00fcberein. <\/p><div id=\"ez-toc-container\" class=\"ez-toc-v2_0_82_2 counter-hierarchy ez-toc-counter ez-toc-grey ez-toc-container-direction\">\n<div class=\"ez-toc-title-container\">\n<p class=\"ez-toc-title\" style=\"cursor:inherit\">Inhaltsverzeichnis<\/p>\n<span class=\"ez-toc-title-toggle\"><a href=\"#\" class=\"ez-toc-pull-right ez-toc-btn ez-toc-btn-xs ez-toc-btn-default ez-toc-toggle\" aria-label=\"Inhaltsverzeichnis umschalten\"><span class=\"ez-toc-js-icon-con\"><span class=\"\"><span class=\"eztoc-hide\" style=\"display:none;\">Umschalten auf<\/span><span class=\"ez-toc-icon-toggle-span\"><svg style=\"fill: #999;color:#999\" xmlns=\"http:\/\/www.w3.org\/2000\/svg\" class=\"list-377408\" width=\"20px\" height=\"20px\" viewbox=\"0 0 24 24\" fill=\"none\"><path d=\"M6 6H4v2h2V6zm14 0H8v2h12V6zM4 11h2v2H4v-2zm16 0H8v2h12v-2zM4 16h2v2H4v-2zm16 0H8v2h12v-2z\" fill=\"currentColor\"><\/path><\/svg><svg style=\"fill: #999;color:#999\" class=\"arrow-unsorted-368013\" xmlns=\"http:\/\/www.w3.org\/2000\/svg\" width=\"10px\" height=\"10px\" viewbox=\"0 0 24 24\" version=\"1.2\" baseprofile=\"tiny\"><path d=\"M18.2 9.3l-6.2-6.3-6.2 6.3c-.2.2-.3.4-.3.7s.1.5.3.7c.2.2.4.3.7.3h11c.3 0 .5-.1.7-.3.2-.2.3-.5.3-.7s-.1-.5-.3-.7zM5.8 14.7l6.2 6.3 6.2-6.3c.2-.2.3-.5.3-.7s-.1-.5-.3-.7c-.2-.2-.4-.3-.7-.3h-11c-.3 0-.5.1-.7.3-.2.2-.3.5-.3.7s.1.5.3.7z\"\/><\/svg><\/span><\/span><\/span><\/a><\/span><\/div>\n<nav><ul class='ez-toc-list ez-toc-list-level-1' ><li class='ez-toc-page-1 ez-toc-heading-level-3'><a class=\"ez-toc-link ez-toc-heading-1\" href=\"https:\/\/vehicleregistrationscostadelsol.com\/de\/register-a-danish-vehicle-in-spain\/#What_is_required_to_Register_a_Danish_Vehicle_in_Spain\" >Was ist f\u00fcr die Zulassung eines d\u00e4nischen Fahrzeugs in Spanien erforderlich?<\/a><\/li><li class='ez-toc-page-1 ez-toc-heading-level-3'><a class=\"ez-toc-link ez-toc-heading-2\" href=\"https:\/\/vehicleregistrationscostadelsol.com\/de\/register-a-danish-vehicle-in-spain\/#Paperwork_required_for_a_Danish_Vehicle\" >Erforderlicher Papierkram f\u00fcr ein d\u00e4nisches Fahrzeug<\/a><\/li><li class='ez-toc-page-1 ez-toc-heading-level-3'><a class=\"ez-toc-link ez-toc-heading-3\" href=\"https:\/\/vehicleregistrationscostadelsol.com\/de\/register-a-danish-vehicle-in-spain\/#How_do_you_get_a_free_Estimate_on_costs\" >Wie erhalten Sie einen kostenlosen Kostenvoranschlag?<\/a><ul class='ez-toc-list-level-4' ><li class='ez-toc-heading-level-4'><a class=\"ez-toc-link ez-toc-heading-4\" href=\"https:\/\/vehicleregistrationscostadelsol.com\/de\/register-a-danish-vehicle-in-spain\/#Have_you_Registered_a_Vehicle_from_denmark_in_Spain_Before\" >Haben Sie schon einmal ein Fahrzeug aus D\u00e4nemark in Spanien zugelassen?<\/a><\/li><\/ul><\/li><\/ul><\/nav><\/div>\n\n\n\n\n<h3 class=\"wp-block-heading\"><span class=\"ez-toc-section\" id=\"What_is_required_to_Register_a_Danish_Vehicle_in_Spain\"><\/span>Was ist f\u00fcr die Zulassung eines d\u00e4nischen Fahrzeugs in Spanien erforderlich?<span class=\"ez-toc-section-end\"><\/span><\/h3>\n\n\n\n<ul class=\"wp-block-list\">\n<li>Teil 1 des Fahrzeugscheins - Del 1(Blau)<\/li>\n\n\n\n<li>Teil 2 des Fahrzeugscheins - Del 2 (Blau) <\/li>\n\n\n\n<li>Nachweis einer Adresse in Spanien<\/li>\n\n\n\n<li>Identit\u00e4tsnachweis<\/li>\n<\/ul>\n\n\n\n<h3 class=\"wp-block-heading\"><span class=\"ez-toc-section\" id=\"Paperwork_required_for_a_Danish_Vehicle\"><\/span>Erforderlicher Papierkram f\u00fcr ein d\u00e4nisches Fahrzeug<span class=\"ez-toc-section-end\"><\/span><\/h3>\n\n\n\n<p>Nachstehend finden Sie ein Beispiel f\u00fcr die beiden Teile Del 1 und Del 2 des Fahrzeugscheins. <strong>Ohne beide Teile k\u00f6nnen Sie ein d\u00e4nisches Fahrzeug in Spanien nicht zulassen.  <\/strong><\/p>\n\n\n\n<figure class=\"wp-block-gallery has-nested-images columns-default is-cropped wp-block-gallery-1 is-layout-flex wp-block-gallery-is-layout-flex\">\n<figure class=\"wp-block-image size-full\"><a href=\"https:\/\/www.danishroadtrafficauthority.dk\/\" target=\"_blank\" rel=\" noreferrer noopener\"><img decoding=\"async\" data-id=\"2863\" src=\"https:\/\/vehicleregistrationscostadelsol.com\/wp-content\/uploads\/2023\/02\/Danish-vehicle-regsitration-in-spain.webp\" alt=\"Autokennzeichen Costa del Sol\" class=\"wp-image-2863\" title=\"Registrieren Sie Ihr Auto in Spanien\"><\/a><\/figure>\n<\/figure>\n\n\n\n<p><\/p>\n\n\n\n<p>Diese wird im Originalformat ben\u00f6tigt, um die technische Inspektion bei ITV zu buchen. Sie ben\u00f6tigen uns auch, um eine Datei zu erstellen und sie an die ITV-Station zu senden. \u00dcberpr\u00fcfen Sie die Konformit\u00e4t des Fahrzeugs, um sicherzustellen, dass es tats\u00e4chlich eine Fahrzeugpr\u00fcfung ablegen kann. Die Emissionen des Fahrzeugs, das Zulassungsdatum, der Motor und die Leistung sowie das Datum auf dem Dokument. <br><br><\/p>\n\n\n\n<h3 class=\"wp-block-heading\"><span class=\"ez-toc-section\" id=\"How_do_you_get_a_free_Estimate_on_costs\"><\/span>Wie erhalten Sie einen kostenlosen Kostenvoranschlag?<span class=\"ez-toc-section-end\"><\/span><\/h3>\n\n\n\n<p>Um ein schnelles und kostenloses Angebot zu erhalten, f\u00fcllen Sie einfach das Formular aus und senden Sie uns die Abschnitte 1 und 2 der Zulassungspapiere Ihres Fahrzeugs. Nach dem Ausf\u00fcllen des Formulars wird eine E-Mail generiert, an die Sie die Dokumente per E-Mail oder WhatsApp \u00fcbermitteln k\u00f6nnen. Anschlie\u00dfend erstellen wir Ihnen ein schnelles Angebot, in dem die Kosten, Verfahren und Steuern aufgef\u00fchrt sind, und f\u00fchren eine umfassende Analyse des Fahrzeugs durch.<\/p>\n\n\n\n<iframe src=\"https:\/\/www.cognitoforms.com\/f\/K4s97m8SD0mZMY-AxYnlJw\/10\" style=\"border:0;width:100%;\" height=\"1450\"><\/iframe>\n<script src=\"https:\/\/www.cognitoforms.com\/f\/iframe.js\"><\/script>\n\n\n\n<h4 class=\"wp-block-heading\"><span class=\"ez-toc-section\" id=\"Have_you_Registered_a_Vehicle_from_denmark_in_Spain_Before\"><\/span>Haben Sie schon einmal ein Fahrzeug aus D\u00e4nemark in Spanien zugelassen?<span class=\"ez-toc-section-end\"><\/span><\/h4>\n\n\n\n<p>Ja, wir haben viele d\u00e4nische Fahrzeuge hier in Spanien zugelassen. Normalerweise ist das ein ziemlich unkomplizierter Prozess, da d\u00e4nische Fahrzeuge linksgesteuert sind. In der Tat haben wir viele registriert <a href=\"https:\/\/vehicleregistrationscostadelsol.com\/de\/zulassung-eines-motorrads-in-spanien\/\">D\u00e4nische Motorr\u00e4der<\/a> auch. Wir haben eine sehr hohe Bestehensquote bei der technischen Inspektion von Fahrzeugen aus D\u00e4nemark, in der Regel mit der Tatsache, dass sie gut gepflegt worden sind.<\/p>\n\n\n\n<p><\/p>\n\n\n\n<p><\/p>","protected":false},"excerpt":{"rendered":"<p>Registering a Danish vehicle in Spain is pretty straight forward. Most vehicles from Denmark have been well looked after which means they are definitely worth registering as the equivalent vehicles in Spain are much more expensive. Everything is located in the correct place. The headlights, steering wheel and kilometres are all in synch with passing [&hellip;]<\/p>\n","protected":false},"author":1,"featured_media":0,"parent":0,"menu_order":0,"comment_status":"closed","ping_status":"closed","template":"","meta":{"site-sidebar-layout":"default","site-content-layout":"","ast-site-content-layout":"default","site-content-style":"default","site-sidebar-style":"default","ast-global-header-display":"","ast-banner-title-visibility":"","ast-main-header-display":"","ast-hfb-above-header-display":"","ast-hfb-below-header-display":"","ast-hfb-mobile-header-display":"","site-post-title":"","ast-breadcrumbs-content":"","ast-featured-img":"","footer-sml-layout":"","ast-disable-related-posts":"","theme-transparent-header-meta":"","adv-header-id-meta":"","stick-header-meta":"","header-above-stick-meta":"","header-main-stick-meta":"","header-below-stick-meta":"","astra-migrate-meta-layouts":"set","ast-page-background-enabled":"default","ast-page-background-meta":{"desktop":{"background-color":"","background-image":"","background-repeat":"repeat","background-position":"center center","background-size":"auto","background-attachment":"scroll","background-type":"","background-media":"","overlay-type":"","overlay-color":"","overlay-gradient":""},"tablet":{"background-color":"","background-image":"","background-repeat":"repeat","background-position":"center center","background-size":"auto","background-attachment":"scroll","background-type":"","background-media":"","overlay-type":"","overlay-color":"","overlay-gradient":""},"mobile":{"background-color":"","background-image":"","background-repeat":"repeat","background-position":"center center","background-size":"auto","background-attachment":"scroll","background-type":"","background-media":"","overlay-type":"","overlay-color":"","overlay-gradient":""}},"ast-content-background-meta":{"desktop":{"background-color":"var(--ast-global-color-5)","background-image":"","background-repeat":"repeat","background-position":"center center","background-size":"auto","background-attachment":"scroll","background-type":"","background-media":"","overlay-type":"","overlay-color":"","overlay-gradient":""},"tablet":{"background-color":"var(--ast-global-color-5)","background-image":"","background-repeat":"repeat","background-position":"center center","background-size":"auto","background-attachment":"scroll","background-type":"","background-media":"","overlay-type":"","overlay-color":"","overlay-gradient":""},"mobile":{"background-color":"var(--ast-global-color-5)","background-image":"","background-repeat":"repeat","background-position":"center center","background-size":"auto","background-attachment":"scroll","background-type":"","background-media":"","overlay-type":"","overlay-color":"","overlay-gradient":""}},"footnotes":""},"class_list":["post-2860","page","type-page","status-publish","hentry"],"_links":{"self":[{"href":"https:\/\/vehicleregistrationscostadelsol.com\/de\/wp-json\/wp\/v2\/pages\/2860","targetHints":{"allow":["GET"]}}],"collection":[{"href":"https:\/\/vehicleregistrationscostadelsol.com\/de\/wp-json\/wp\/v2\/pages"}],"about":[{"href":"https:\/\/vehicleregistrationscostadelsol.com\/de\/wp-json\/wp\/v2\/types\/page"}],"author":[{"embeddable":true,"href":"https:\/\/vehicleregistrationscostadelsol.com\/de\/wp-json\/wp\/v2\/users\/1"}],"replies":[{"embeddable":true,"href":"https:\/\/vehicleregistrationscostadelsol.com\/de\/wp-json\/wp\/v2\/comments?post=2860"}],"version-history":[{"count":1,"href":"https:\/\/vehicleregistrationscostadelsol.com\/de\/wp-json\/wp\/v2\/pages\/2860\/revisions"}],"predecessor-version":[{"id":3383,"href":"https:\/\/vehicleregistrationscostadelsol.com\/de\/wp-json\/wp\/v2\/pages\/2860\/revisions\/3383"}],"wp:attachment":[{"href":"https:\/\/vehicleregistrationscostadelsol.com\/de\/wp-json\/wp\/v2\/media?parent=2860"}],"curies":[{"name":"wp","href":"https:\/\/api.w.org\/{rel}","templated":true}]}}