{"id":2941,"date":"2023-07-27T20:27:42","date_gmt":"2023-07-27T18:27:42","guid":{"rendered":"https:\/\/vehicleregistrationscostadelsol.com\/?page_id=2941"},"modified":"2023-08-02T14:41:54","modified_gmt":"2023-08-02T12:41:54","slug":"ein-italienisches-auto-in-spanien-anmelden","status":"publish","type":"page","link":"https:\/\/vehicleregistrationscostadelsol.com\/de\/register-an-italian-car-in-spain\/","title":{"rendered":"Ein italienisches Auto in Spanien anmelden"},"content":{"rendered":"<p>Wir haben einen Service f\u00fcr die Zulassung Ihres italienischen Fahrzeugs in Spanien. Wir haben einige hervorragende italienische Autos in Spanien zugelassen. Alfas, Ferraris und sogar Lamborghinis haben wir durch das Fahrzeug regsitration Prozess gesetzt, nahm eine technische Pr\u00fcfung und registriert das Fahrzeug. <\/p>\n\n\n\n<p>Wir haben die Erfahrung gemacht, dass italienische Autos oft gut gepflegt werden und die technische ITV-Pr\u00fcfung in der Regel ohne Probleme bestehen. Es gibt jedoch einige H\u00fcrden zu \u00fcberwinden, um Ihr italienisches Fahrzeug in Spanien zuzulassen. <\/p>\n\n\n\n<p>Zun\u00e4chst einmal m\u00fcssen Sie wissen, was die Emissionssteuern sind. Im Grunde alles \u00fcber 120GPKM von C02 zahlen eine Geb\u00fchr an die Regierung f\u00fcr die Steuer. Je \u00e4lter das Fahrzeug ist, desto geringer ist die Steuer, und je niedriger die Emissionen sind, desto geringer ist die Steuer. Wir k\u00f6nnen diese Zahl f\u00fcr Sie \u00fcberpr\u00fcfen. <\/p>\n\n\n\n<p>Die Kosten f\u00fcr die Registrierung h\u00e4ngen auch von mehreren anderen Faktoren ab, wenn Sie eine <a href=\"https:\/\/vehicleregistrationscostadelsol.com\/de\/erhalt-einer-ficha-technica-oder-einer-konformitatsbescheinigung-in-spanien\/\" data-type=\"URL\" data-id=\"https:\/\/vehicleregistrationscostadelsol.com\/getting-a-ficha-technica-or-a-certificate-of-conformity-in-spain\/\" target=\"_blank\" rel=\"noreferrer noopener\">Konformit\u00e4tsbescheinigung<\/a>das Alter und den Motor des Fahrzeugs. Und die relevanten Steuern und Prozesse in Spanien. Wir bieten ein kostenloses und unverbindliches Angebot, also bitte kontaktieren Sie uns. <\/p>\n\n\n\n<h3 class=\"wp-block-heading\">Was ist erforderlich, um ein italienisches Auto in Spanien anzumelden?<\/h3>\n\n\n\n<p>Sie ben\u00f6tigen:<\/p>\n\n\n\n<ul class=\"wp-block-list\">\n<li>Das Italain Vehcile Zulassungsdokument Teil 1 und 2<\/li>\n\n\n\n<li>Eine Konformit\u00e4tsbescheinigung<\/li>\n\n\n\n<li>Reisepass, NIE oder Aufenthaltsgenehmigung<\/li>\n<\/ul>\n\n\n\n<h3 class=\"wp-block-heading\">Kann man ein italienisches Auto als Nicht-Einwohner anmelden?<\/h3>\n\n\n\n<p>Ja, das ist \u00fcberhaupt kein Problem. Sie m\u00fcssen keinen Wohnsitz haben, um ein italienisches Auto in Spanien anzumelden, und selbst wenn Sie einen haben, sind die Kosten in beiden F\u00e4llen genau die gleichen. <\/p>\n\n\n\n<h3 class=\"wp-block-heading\">Wird meine derzeitige technische Pr\u00fcfung g\u00fcltig sein?<\/h3>\n\n\n\n<p>F\u00fcr alle Neuzulassungen eines italienischen Fahrzeugs m\u00fcssen Sie eine ITV - Inspektion in Spanien absolvieren. Auch wenn das Fahrzeug weniger als 4 Jahre alt ist. <\/p>\n\n\n\n<p>Die technische Pr\u00fcfung dient dazu, das Fahrzeug mechanisch zu kontrollieren und auch die Konformit\u00e4t des Fahrzeugs und der Instrumente zu \u00fcberpr\u00fcfen, um sicherzustellen, dass alles verkehrstauglich ist. <\/p>\n\n\n\n<p><\/p>","protected":false},"excerpt":{"rendered":"<p>Having your Italian Vehicle registered in Spain is something we have a service for. We have registered some brilliant Italian cars in Spain. Alfas, Ferraris and even Lamborghinis we have put through the Vehicle regsitration process, took a technical test and registered the vehicle. We have found that Italian cars are often well looked after [&hellip;]<\/p>\n","protected":false},"author":1,"featured_media":2946,"parent":0,"menu_order":0,"comment_status":"closed","ping_status":"closed","template":"","meta":{"site-sidebar-layout":"default","site-content-layout":"","ast-site-content-layout":"default","site-content-style":"default","site-sidebar-style":"default","ast-global-header-display":"","ast-banner-title-visibility":"","ast-main-header-display":"","ast-hfb-above-header-display":"","ast-hfb-below-header-display":"","ast-hfb-mobile-header-display":"","site-post-title":"","ast-breadcrumbs-content":"","ast-featured-img":"","footer-sml-layout":"","ast-disable-related-posts":"","theme-transparent-header-meta":"","adv-header-id-meta":"","stick-header-meta":"","header-above-stick-meta":"","header-main-stick-meta":"","header-below-stick-meta":"","astra-migrate-meta-layouts":"default","ast-page-background-enabled":"default","ast-page-background-meta":{"desktop":{"background-color":"","background-image":"","background-repeat":"repeat","background-position":"center center","background-size":"auto","background-attachment":"scroll","background-type":"","background-media":"","overlay-type":"","overlay-color":"","overlay-opacity":"","overlay-gradient":""},"tablet":{"background-color":"","background-image":"","background-repeat":"repeat","background-position":"center center","background-size":"auto","background-attachment":"scroll","background-type":"","background-media":"","overlay-type":"","overlay-color":"","overlay-opacity":"","overlay-gradient":""},"mobile":{"background-color":"","background-image":"","background-repeat":"repeat","background-position":"center center","background-size":"auto","background-attachment":"scroll","background-type":"","background-media":"","overlay-type":"","overlay-color":"","overlay-opacity":"","overlay-gradient":""}},"ast-content-background-meta":{"desktop":{"background-color":"var(--ast-global-color-5)","background-image":"","background-repeat":"repeat","background-position":"center center","background-size":"auto","background-attachment":"scroll","background-type":"","background-media":"","overlay-type":"","overlay-color":"","overlay-opacity":"","overlay-gradient":""},"tablet":{"background-color":"var(--ast-global-color-5)","background-image":"","background-repeat":"repeat","background-position":"center center","background-size":"auto","background-attachment":"scroll","background-type":"","background-media":"","overlay-type":"","overlay-color":"","overlay-opacity":"","overlay-gradient":""},"mobile":{"background-color":"var(--ast-global-color-5)","background-image":"","background-repeat":"repeat","background-position":"center center","background-size":"auto","background-attachment":"scroll","background-type":"","background-media":"","overlay-type":"","overlay-color":"","overlay-opacity":"","overlay-gradient":""}},"footnotes":""},"class_list":["post-2941","page","type-page","status-publish","has-post-thumbnail","hentry"],"_links":{"self":[{"href":"https:\/\/vehicleregistrationscostadelsol.com\/de\/wp-json\/wp\/v2\/pages\/2941","targetHints":{"allow":["GET"]}}],"collection":[{"href":"https:\/\/vehicleregistrationscostadelsol.com\/de\/wp-json\/wp\/v2\/pages"}],"about":[{"href":"https:\/\/vehicleregistrationscostadelsol.com\/de\/wp-json\/wp\/v2\/types\/page"}],"author":[{"embeddable":true,"href":"https:\/\/vehicleregistrationscostadelsol.com\/de\/wp-json\/wp\/v2\/users\/1"}],"replies":[{"embeddable":true,"href":"https:\/\/vehicleregistrationscostadelsol.com\/de\/wp-json\/wp\/v2\/comments?post=2941"}],"version-history":[{"count":0,"href":"https:\/\/vehicleregistrationscostadelsol.com\/de\/wp-json\/wp\/v2\/pages\/2941\/revisions"}],"wp:featuredmedia":[{"embeddable":true,"href":"https:\/\/vehicleregistrationscostadelsol.com\/de\/wp-json\/wp\/v2\/media\/2946"}],"wp:attachment":[{"href":"https:\/\/vehicleregistrationscostadelsol.com\/de\/wp-json\/wp\/v2\/media?parent=2941"}],"curies":[{"name":"wp","href":"https:\/\/api.w.org\/{rel}","templated":true}]}}