{"id":1751,"date":"2020-11-26T15:29:04","date_gmt":"2020-11-26T14:29:04","guid":{"rendered":"http:\/\/vehicleregistrationscostadelsol.com\/?page_id=1751"},"modified":"2026-02-10T18:47:54","modified_gmt":"2026-02-10T17:47:54","slug":"itv-prueba-mijas","status":"publish","type":"page","link":"https:\/\/vehicleregistrationscostadelsol.com\/es\/itv-tests-mijas\/","title":{"rendered":"ITV Pruebas Mijas 1# Reserva Cita - Super quick"},"content":{"rendered":"<p>Ofrecemos servicios de ITV convenientes en Mijas, incluyendo la reserva de citas, completar la prueba de ITV para usted, e incluso ofrecer recogida y entrega de su coche si es local y si es posible. Ya sea que necesite la matriculaci\u00f3n completa en placas espa\u00f1olas o simplemente una prueba r\u00e1pida de ITV en su veh\u00edculo espa\u00f1ol, lo tenemos cubierto. La mayor\u00eda de nuestras reservas son en el centro de inspecci\u00f3n ITV de Mijas.<\/p><div id=\"ez-toc-container\" class=\"ez-toc-v2_0_82_2 counter-hierarchy ez-toc-counter ez-toc-grey ez-toc-container-direction\">\n<div class=\"ez-toc-title-container\">\n<p class=\"ez-toc-title\" style=\"cursor:inherit\">\u00cdndice<\/p>\n<span class=\"ez-toc-title-toggle\"><a href=\"#\" class=\"ez-toc-pull-right ez-toc-btn ez-toc-btn-xs ez-toc-btn-default ez-toc-toggle\" aria-label=\"Alternar tabla de contenidos\"><span class=\"ez-toc-js-icon-con\"><span class=\"\"><span class=\"eztoc-hide\" style=\"display:none;\">Toggle<\/span><span class=\"ez-toc-icon-toggle-span\"><svg style=\"fill: #999;color:#999\" xmlns=\"http:\/\/www.w3.org\/2000\/svg\" class=\"list-377408\" width=\"20px\" height=\"20px\" viewbox=\"0 0 24 24\" fill=\"none\"><path d=\"M6 6H4v2h2V6zm14 0H8v2h12V6zM4 11h2v2H4v-2zm16 0H8v2h12v-2zM4 16h2v2H4v-2zm16 0H8v2h12v-2z\" fill=\"currentColor\"><\/path><\/svg><svg style=\"fill: #999;color:#999\" class=\"arrow-unsorted-368013\" xmlns=\"http:\/\/www.w3.org\/2000\/svg\" width=\"10px\" height=\"10px\" viewbox=\"0 0 24 24\" version=\"1.2\" baseprofile=\"tiny\"><path d=\"M18.2 9.3l-6.2-6.3-6.2 6.3c-.2.2-.3.4-.3.7s.1.5.3.7c.2.2.4.3.7.3h11c.3 0 .5-.1.7-.3.2-.2.3-.5.3-.7s-.1-.5-.3-.7zM5.8 14.7l6.2 6.3 6.2-6.3c.2-.2.3-.5.3-.7s-.1-.5-.3-.7c-.2-.2-.4-.3-.7-.3h-11c-.3 0-.5.1-.7.3-.2.2-.3.5-.3.7s.1.5.3.7z\"\/><\/svg><\/span><\/span><\/span><\/a><\/span><\/div>\n<nav><ul class='ez-toc-list ez-toc-list-level-1 eztoc-toggle-hide-by-default' ><li class='ez-toc-page-1 ez-toc-heading-level-2'><a class=\"ez-toc-link ez-toc-heading-1\" href=\"https:\/\/vehicleregistrationscostadelsol.com\/es\/itv-tests-mijas\/#ITV_Appointments_Mijas\" >ITV Appointments Mijas<\/a><\/li><li class='ez-toc-page-1 ez-toc-heading-level-2'><a class=\"ez-toc-link ez-toc-heading-2\" href=\"https:\/\/vehicleregistrationscostadelsol.com\/es\/itv-tests-mijas\/#What_documents_are_needed_for_an_ITV_inspection_in_Spain\" >\u00bfQu\u00e9 documentos se necesitan para una inspecci\u00f3n ITV en Espa\u00f1a?<\/a><ul class='ez-toc-list-level-3' ><li class='ez-toc-heading-level-3'><a class=\"ez-toc-link ez-toc-heading-3\" href=\"https:\/\/vehicleregistrationscostadelsol.com\/es\/itv-tests-mijas\/#Do_you_put_the_car_through_the_ITV_Tests_Mijas\" >\u00bfPasas el coche por las Pruebas ITV Mijas?<\/a><ul class='ez-toc-list-level-4' ><li class='ez-toc-heading-level-4'><a class=\"ez-toc-link ez-toc-heading-4\" href=\"https:\/\/vehicleregistrationscostadelsol.com\/es\/itv-tests-mijas\/#Do_you_offer_a_service_to_register_non_spanish_vehicles_in_Spain_also\" >\u00bfOfrecen tambi\u00e9n un servicio para matricular veh\u00edculos no espa\u00f1oles en Espa\u00f1a?<\/a><ul class='ez-toc-list-level-5' ><li class='ez-toc-heading-level-5'><a class=\"ez-toc-link ez-toc-heading-5\" href=\"https:\/\/vehicleregistrationscostadelsol.com\/es\/itv-tests-mijas\/#Can_you_source_headlights\" >\u00bfPuedes conseguir faros?<\/a><ul class='ez-toc-list-level-6' ><li class='ez-toc-heading-level-6'><a class=\"ez-toc-link ez-toc-heading-6\" href=\"https:\/\/vehicleregistrationscostadelsol.com\/es\/itv-tests-mijas\/#What_ITV_tests_are_performed_at_the_ITV_appointment_Mijas\" >\u00bfQu\u00e9 pruebas ITV se realizan en Cita Previa ITV Mijas?<\/a><\/li><\/ul><\/li><li class='ez-toc-page-1 ez-toc-heading-level-5'><a class=\"ez-toc-link ez-toc-heading-7\" href=\"https:\/\/vehicleregistrationscostadelsol.com\/es\/itv-tests-mijas\/#ITV_appointment_online\" >Cita en l\u00ednea de ITV<\/a><\/li><li class='ez-toc-page-1 ez-toc-heading-level-5'><a class=\"ez-toc-link ez-toc-heading-8\" href=\"https:\/\/vehicleregistrationscostadelsol.com\/es\/itv-tests-mijas\/#What_if_the_ITV_fails\" >\u00bfY si fracasa la ITV?<\/a><\/li><\/ul><\/li><\/ul><\/li><\/ul><\/li><\/ul><\/nav><\/div>\n\n\n\n\n<h2 class=\"wp-block-heading\"><span class=\"ez-toc-section\" id=\"ITV_Appointments_Mijas\"><\/span>ITV Appointments Mijas <span class=\"ez-toc-section-end\"><\/span><\/h2>\n\n\n\n<p>Reservaremos el veh\u00edculo para su prueba, necesitamos que nos env\u00ede el documento verde de matriculaci\u00f3n del veh\u00edculo y debe tener tanto el documento verde como la parte B del documento de la ITV para la prueba. Los datos de la documentaci\u00f3n del veh\u00edculo nos permiten reservar la prueba y le enviamos una confirmaci\u00f3n con la fecha y hora de la cita. Nos reuniremos con usted en la estaci\u00f3n ITV y le haremos la prueba. En caso de que el veh\u00edculo suspenda, tambi\u00e9n reservamos y realizamos la segunda con usted. <\/p>\n\n\n\n<h2 class=\"wp-block-heading\"><span class=\"ez-toc-section\" id=\"What_documents_are_needed_for_an_ITV_inspection_in_Spain\"><\/span>\u00bfQu\u00e9 documentos se necesitan para una inspecci\u00f3n ITV en Espa\u00f1a?<span class=\"ez-toc-section-end\"><\/span><\/h2>\n\n\n\n<ul class=\"wp-block-list\">\n<li>El documento de reglamentaci\u00f3n de los veh\u00edculos ecol\u00f3gicos <\/li>\n\n\n\n<li>El documento de la parte B de la ITV <\/li>\n\n\n\n<li>Una tarjeta bancaria para pagar la ITV, no se acepta efectivo. <\/li>\n<\/ul>\n\n\n\n<h3 class=\"wp-block-heading\"><span class=\"ez-toc-section\" id=\"Do_you_put_the_car_through_the_ITV_Tests_Mijas\"><\/span>\u00bfPasas el coche por las Pruebas ITV Mijas? <span class=\"ez-toc-section-end\"><\/span><\/h3>\n\n\n\n<p>Ofrecemos una revisi\u00f3n b\u00e1sica pre ITV de su veh\u00edculo desde nuestra oficina en Fuengirola antes de que su prueba ITV se reserva que hacemos por usted. <strong>Tambi\u00e9n llevamos el coche a trav\u00e9s de la prueba de ITV para usted tambi\u00e9n<\/strong>. Esto es muy importante, ya que significa que aumentamos las posibilidades de que su coche pase la inspecci\u00f3n. <a aria-label=\"Prueba ITV (se abre en una nueva pesta\u00f1a)\" class=\"rank-math-link\" href=\"https:\/\/itvcitaprevia.es\/estaciones-itv\/andalucia\/malaga\/mijas-las-lagunas\/\" target=\"_blank\" rel=\"noreferrer noopener\" data-schema-attribute=\"mentions\">Prueba ITV<\/a> Mijas.  Hemos pasado literalmente cientos de coches a lo largo de los a\u00f1os por la ITV espa\u00f1ola y conocemos el proceso al dedillo. <\/p>\n\n\n\n<p>Tienes dos opciones para encontrarnos: o bien en el centro ITV o bien podemos llevar tu coche hasta all\u00ed, siempre que tu seguro nos lo permita. Una vez realizadas las pruebas ITV, te devolveremos tu coche. La recogida y la devoluci\u00f3n tienen un coste adicional, o puedes elegir la opci\u00f3n m\u00e1s econ\u00f3mica de quedar con nosotros en la estaci\u00f3n ITV.<\/p>\n\n\n\n<h4 class=\"wp-block-heading\"><span class=\"ez-toc-section\" id=\"Do_you_offer_a_service_to_register_non_spanish_vehicles_in_Spain_also\"><\/span>\u00bfOfrecen tambi\u00e9n un servicio para matricular veh\u00edculos no espa\u00f1oles en Espa\u00f1a?<span class=\"ez-toc-section-end\"><\/span><\/h4>\n\n\n\n<p>S\u00ed, el presupuesto, el coche, el papeleo, la Ficha t\u00e9cnica, las placas de pedido y montaje, el presupuesto gratuito, la mec\u00e1nica, el pre-ITV pruebas de verificaci\u00f3n, los impuestos, la DGT (tr\u00e1fico), b\u00e1sicamente, s\u00f3lo tiene que saber d\u00f3nde estamos hasta yo con su veh\u00edculo. Creemos que no tenemos rival en la costa y no es s\u00f3lo una ayuda en la mano con el papeleo que, literalmente, hacer todo el servicio para usted. <\/p>\n\n\n\n<p>Si necesita una cita r\u00e1pida para la ITV en Mijas podemos ayudarle. Podemos reservar la cita por usted. O podemos hacer la cita para la ITV por usted. Si desea que recojamos el coche y lo llevemos por usted tambi\u00e9n ofrecemos este servicio. Este servicio es para si usted necesita toda la matriculaci\u00f3n en placas espa\u00f1olas o simplemente necesita una ITV r\u00e1pida hecha y no quiere hacerlo usted mismo. En este caso nosotros le reservamos la ITV. La mayor\u00eda de las ITVs que reservamos son en la ITV de Mijas. <\/p>\n\n\n\n<h5 class=\"wp-block-heading\"><span class=\"ez-toc-section\" id=\"Can_you_source_headlights\"><\/span>\u00bfPuedes conseguir faros?<span class=\"ez-toc-section-end\"><\/span><\/h5>\n\n\n\n<p>S\u00ed, podemos conseguir, montar y adaptar la altura de los faros para pasar la ITV.  En el centro ITV son muy exigentes con las luces. Puede ser un fracaso s\u00f3lo en algunos ajustes menores. Tambi\u00e9n podemos fuente de niebla y luces de marcha atr\u00e1s si son necesarios, aunque estos son por lo general bien en los coches de la UE que son volante a la izquierda. <\/p>\n\n\n\n<h6 class=\"wp-block-heading\"><span class=\"ez-toc-section\" id=\"What_ITV_tests_are_performed_at_the_ITV_appointment_Mijas\"><\/span>\u00bfQu\u00e9 pruebas ITV se realizan en Cita Previa ITV Mijas?<span class=\"ez-toc-section-end\"><\/span><\/h6>\n\n\n\n<p>Tras presentar la documentaci\u00f3n en el centro de ITV, esperas a que llamen a tu coche a una fila. A continuaci\u00f3n, comprueban primero los faros. A continuaci\u00f3n, comprueban las emisiones del coche, los neum\u00e1ticos, incluida la carga de los mismos, y su coincidencia. El n\u00famero de bastidor, los intermitentes, las luces de emergencia, las luces de los faros, los lavafaros. Cualquier modificaci\u00f3n, las luces traseras, la niebla, la marcha atr\u00e1s y los peligros de nuevo en la parte trasera del coche. <\/p>\n\n\n\n<p>A continuaci\u00f3n, el coche se pone en la carretera rodante, donde hay que pisar los frenos suavemente hasta que est\u00e9n en un punto determinado. A continuaci\u00f3n, hay que pisar el freno con m\u00e1s fuerza para medir la eficacia de los frenos: delantero, trasero y freno de mano. La parte final de la prueba consiste en pasar por el foso, donde se mueve el volante de un lado a otro y el t\u00e9cnico de la ITV comprueba los frenos y la suspensi\u00f3n. <\/p>\n\n\n\n<p>Estos son algunos de los procesos antes de saber si tu veh\u00edculo ha pasado las pruebas de la ITV. Si suspende le dicen por qu\u00e9 y tiene 60 d\u00edas para subsanar los fallos. La repetici\u00f3n de la prueba es gratuita. <a href=\"https:\/\/vehicleregistrationscostadelsol.com\/es\/pongase-en-contacto-con\/\" data-type=\"page\" data-id=\"649\">P\u00f3ngase en contacto con nosotros<\/a><\/p>\n\n\n\n<h5 class=\"wp-block-heading\"><span class=\"ez-toc-section\" id=\"ITV_appointment_online\"><\/span>Cita en l\u00ednea de ITV<span class=\"ez-toc-section-end\"><\/span><\/h5>\n\n\n\n<p>Es posible que haya intentado reservar una cita de ITV en l\u00ednea. Las opciones pueden ser muy limitadas. No solo podemos reservarle una cita ITV online sino que tenemos el valor a\u00f1adido de utilizar muchas otras estaciones ITV aparte de la cita ITV Mijas. Esto significa que tenemos la opci\u00f3n y tenemos buenas relaciones con el personal de los centros. Ellos nos conocen ya que llevamos muchos coches a trav\u00e9s de la prueba cada semana. por lo tanto, a veces podemos conseguir aprobaciones m\u00e1s tempranas para su cita ITV en l\u00ednea. <\/p>\n\n\n\n<p>Podemos empezar por que nos haga una consulta. Estamos escuchando que tratando de reservar una ITV pruebas hoy algunas fechas est\u00e1n regresando como finales de febrero \/ marzo. Esto significa que usted puede estar conduciendo su veh\u00edculo ilegalmente en Espa\u00f1a sin una pegatina ITV v\u00e1lida o certificado. Esto podr\u00eda conseguir su veh\u00edculo incautado por la polic\u00eda espa\u00f1ola. <\/p>\n\n\n\n<h5 class=\"wp-block-heading\"><span class=\"ez-toc-section\" id=\"What_if_the_ITV_fails\"><\/span>\u00bfY si fracasa la ITV?<span class=\"ez-toc-section-end\"><\/span><\/h5>\n\n\n\n<p>Estamos encantados de ayudarle con cualquier reparaci\u00f3n que pueda ser necesaria para obtener un resultado positivo en las pruebas ITV. A continuaci\u00f3n, ofrecemos un servicio para volver a reservar una prueba fallida y vamos a hacer (con costo) la reserva de la prueba de nuevo y la prueba de nuevo para usted. Trabajamos con muchos mec\u00e1nicos cualificados y lo m\u00e1s importante \"justo\" en la Costa del Sol. esto nos permite tener su veh\u00edculo listo para la prueba de nuevo sin que te estafen. <\/p>\n\n\n\n<p>Esto es muy importante ya que desgraciadamente hay muchas empresas sin escr\u00fapulos que podr\u00edan aprovecharse de la situaci\u00f3n. Todos nuestros mec\u00e1nicos (desde Fuengirola a Estepona) est\u00e1n fuertemente investigados y nunca recomendar\u00edamos a nadie que no conozcamos o con quien no hayamos trabajado regularmente antes. <\/p>","protected":false},"excerpt":{"rendered":"<p>We provide convenient ITV services in Mijas, including booking appointments, completing the ITV test for you, and even offering pick-up and drop-off for your car if local and if possible. Whether you need full matriculation onto Spanish plates or just a quick ITV test on your Spanish vehicle, we&#8217;ve got you covered. Most of our [&hellip;]<\/p>\n","protected":false},"author":1,"featured_media":0,"parent":0,"menu_order":0,"comment_status":"closed","ping_status":"closed","template":"","meta":{"site-sidebar-layout":"default","site-content-layout":"default","ast-site-content-layout":"default","site-content-style":"default","site-sidebar-style":"default","ast-global-header-display":"","ast-banner-title-visibility":"","ast-main-header-display":"","ast-hfb-above-header-display":"","ast-hfb-below-header-display":"","ast-hfb-mobile-header-display":"","site-post-title":"","ast-breadcrumbs-content":"","ast-featured-img":"","footer-sml-layout":"","ast-disable-related-posts":"","theme-transparent-header-meta":"default","adv-header-id-meta":"","stick-header-meta":"","header-above-stick-meta":"","header-main-stick-meta":"","header-below-stick-meta":"","astra-migrate-meta-layouts":"set","ast-page-background-enabled":"default","ast-page-background-meta":{"desktop":{"background-color":"","background-image":"","background-repeat":"repeat","background-position":"center center","background-size":"auto","background-attachment":"scroll","background-type":"","background-media":"","overlay-type":"","overlay-color":"","overlay-opacity":"","overlay-gradient":""},"tablet":{"background-color":"","background-image":"","background-repeat":"repeat","background-position":"center center","background-size":"auto","background-attachment":"scroll","background-type":"","background-media":"","overlay-type":"","overlay-color":"","overlay-opacity":"","overlay-gradient":""},"mobile":{"background-color":"","background-image":"","background-repeat":"repeat","background-position":"center center","background-size":"auto","background-attachment":"scroll","background-type":"","background-media":"","overlay-type":"","overlay-color":"","overlay-opacity":"","overlay-gradient":""}},"ast-content-background-meta":{"desktop":{"background-color":"var(--ast-global-color-5)","background-image":"","background-repeat":"repeat","background-position":"center center","background-size":"auto","background-attachment":"scroll","background-type":"","background-media":"","overlay-type":"","overlay-color":"","overlay-opacity":"","overlay-gradient":""},"tablet":{"background-color":"var(--ast-global-color-5)","background-image":"","background-repeat":"repeat","background-position":"center center","background-size":"auto","background-attachment":"scroll","background-type":"","background-media":"","overlay-type":"","overlay-color":"","overlay-opacity":"","overlay-gradient":""},"mobile":{"background-color":"var(--ast-global-color-5)","background-image":"","background-repeat":"repeat","background-position":"center center","background-size":"auto","background-attachment":"scroll","background-type":"","background-media":"","overlay-type":"","overlay-color":"","overlay-opacity":"","overlay-gradient":""}},"footnotes":""},"class_list":["post-1751","page","type-page","status-publish","hentry"],"_links":{"self":[{"href":"https:\/\/vehicleregistrationscostadelsol.com\/es\/wp-json\/wp\/v2\/pages\/1751","targetHints":{"allow":["GET"]}}],"collection":[{"href":"https:\/\/vehicleregistrationscostadelsol.com\/es\/wp-json\/wp\/v2\/pages"}],"about":[{"href":"https:\/\/vehicleregistrationscostadelsol.com\/es\/wp-json\/wp\/v2\/types\/page"}],"author":[{"embeddable":true,"href":"https:\/\/vehicleregistrationscostadelsol.com\/es\/wp-json\/wp\/v2\/users\/1"}],"replies":[{"embeddable":true,"href":"https:\/\/vehicleregistrationscostadelsol.com\/es\/wp-json\/wp\/v2\/comments?post=1751"}],"version-history":[{"count":1,"href":"https:\/\/vehicleregistrationscostadelsol.com\/es\/wp-json\/wp\/v2\/pages\/1751\/revisions"}],"predecessor-version":[{"id":3577,"href":"https:\/\/vehicleregistrationscostadelsol.com\/es\/wp-json\/wp\/v2\/pages\/1751\/revisions\/3577"}],"wp:attachment":[{"href":"https:\/\/vehicleregistrationscostadelsol.com\/es\/wp-json\/wp\/v2\/media?parent=1751"}],"curies":[{"name":"wp","href":"https:\/\/api.w.org\/{rel}","templated":true}]}}