{"id":1807,"date":"2020-12-01T20:42:42","date_gmt":"2020-12-01T19:42:42","guid":{"rendered":"http:\/\/vehicleregistrationscostadelsol.com\/?page_id=1807"},"modified":"2021-04-23T19:10:08","modified_gmt":"2021-04-23T17:10:08","slug":"cambio-de-faros-en-espana-realineacion","status":"publish","type":"page","link":"https:\/\/vehicleregistrationscostadelsol.com\/es\/changing-headlights-in-spain-realignment\/","title":{"rendered":"Cambio de faros en Espa\u00f1a realineaci\u00f3n Gran #1"},"content":{"rendered":"<div data-elementor-type=\"wp-page\" data-elementor-id=\"1807\" class=\"elementor elementor-1807\">\n\t\t\t\t\t\t<section class=\"elementor-section elementor-top-section elementor-element elementor-element-754ee66 elementor-section-boxed elementor-section-height-default elementor-section-height-default\" data-id=\"754ee66\" data-element_type=\"section\" data-e-type=\"section\">\n\t\t\t\t\t\t<div class=\"elementor-container elementor-column-gap-default\">\n\t\t\t\t\t<div class=\"elementor-column elementor-col-100 elementor-top-column elementor-element elementor-element-606d3029\" data-id=\"606d3029\" data-element_type=\"column\" data-e-type=\"column\">\n\t\t\t<div class=\"elementor-widget-wrap elementor-element-populated\">\n\t\t\t\t\t\t<div class=\"elementor-element elementor-element-66038a9e elementor-widget elementor-widget-text-editor\" data-id=\"66038a9e\" data-element_type=\"widget\" data-e-type=\"widget\" data-widget_type=\"text-editor.default\">\n\t\t\t\t\t\t\t\t\t<p><\/p><div id=\"ez-toc-container\" class=\"ez-toc-v2_0_82_2 counter-hierarchy ez-toc-counter ez-toc-grey ez-toc-container-direction\">\n<div class=\"ez-toc-title-container\">\n<p class=\"ez-toc-title\" style=\"cursor:inherit\">\u00cdndice<\/p>\n<span class=\"ez-toc-title-toggle\"><a href=\"#\" class=\"ez-toc-pull-right ez-toc-btn ez-toc-btn-xs ez-toc-btn-default ez-toc-toggle\" aria-label=\"Alternar tabla de contenidos\"><span class=\"ez-toc-js-icon-con\"><span class=\"\"><span class=\"eztoc-hide\" style=\"display:none;\">Toggle<\/span><span class=\"ez-toc-icon-toggle-span\"><svg style=\"fill: #999;color:#999\" xmlns=\"http:\/\/www.w3.org\/2000\/svg\" class=\"list-377408\" width=\"20px\" height=\"20px\" viewbox=\"0 0 24 24\" fill=\"none\"><path d=\"M6 6H4v2h2V6zm14 0H8v2h12V6zM4 11h2v2H4v-2zm16 0H8v2h12v-2zM4 16h2v2H4v-2zm16 0H8v2h12v-2z\" fill=\"currentColor\"><\/path><\/svg><svg style=\"fill: #999;color:#999\" class=\"arrow-unsorted-368013\" xmlns=\"http:\/\/www.w3.org\/2000\/svg\" width=\"10px\" height=\"10px\" viewbox=\"0 0 24 24\" version=\"1.2\" baseprofile=\"tiny\"><path d=\"M18.2 9.3l-6.2-6.3-6.2 6.3c-.2.2-.3.4-.3.7s.1.5.3.7c.2.2.4.3.7.3h11c.3 0 .5-.1.7-.3.2-.2.3-.5.3-.7s-.1-.5-.3-.7zM5.8 14.7l6.2 6.3 6.2-6.3c.2-.2.3-.5.3-.7s-.1-.5-.3-.7c-.2-.2-.4-.3-.7-.3h-11c-.3 0-.5.1-.7.3-.2.2-.3.5-.3.7s.1.5.3.7z\"\/><\/svg><\/span><\/span><\/span><\/a><\/span><\/div>\n<nav><ul class='ez-toc-list ez-toc-list-level-1' ><li class='ez-toc-page-1 ez-toc-heading-level-2'><a class=\"ez-toc-link ez-toc-heading-1\" href=\"https:\/\/vehicleregistrationscostadelsol.com\/es\/changing-headlights-in-spain-realignment\/#Headlight_Realignment_Spain\" >Reajuste de faros Espa\u00f1a<\/a><\/li><li class='ez-toc-page-1 ez-toc-heading-level-2'><a class=\"ez-toc-link ez-toc-heading-2\" href=\"https:\/\/vehicleregistrationscostadelsol.com\/es\/changing-headlights-in-spain-realignment\/#Will_the_Headlight_stickers_that_change_the_beam_work\" >\u00bfFuncionar\u00e1n los adhesivos para faros que cambian el haz de luz?<\/a><ul class='ez-toc-list-level-3' ><li class='ez-toc-heading-level-3'><a class=\"ez-toc-link ez-toc-heading-3\" href=\"https:\/\/vehicleregistrationscostadelsol.com\/es\/changing-headlights-in-spain-realignment\/#Can_you_provide_Changing_Headlights_In_Spain_Realignment\" >\u00bfPuede proporcionar Cambiar faros en Espa\u00f1a Realineaci\u00f3n?<\/a><ul class='ez-toc-list-level-4' ><li class='ez-toc-heading-level-4'><a class=\"ez-toc-link ez-toc-heading-4\" href=\"https:\/\/vehicleregistrationscostadelsol.com\/es\/changing-headlights-in-spain-realignment\/#Are_the_headlights_under_warranty\" >\u00bfLos faros est\u00e1n en garant\u00eda?<\/a><ul class='ez-toc-list-level-5' ><li class='ez-toc-heading-level-5'><a class=\"ez-toc-link ez-toc-heading-5\" href=\"https:\/\/vehicleregistrationscostadelsol.com\/es\/changing-headlights-in-spain-realignment\/#How_do_you_check_Changing_Headlights_In_Spain_Realignment\" >\u00bfC\u00f3mo se comprueba el cambio de faros en Espa\u00f1a Realineaci\u00f3n?<\/a><ul class='ez-toc-list-level-6' ><li class='ez-toc-heading-level-6'><a class=\"ez-toc-link ez-toc-heading-6\" href=\"https:\/\/vehicleregistrationscostadelsol.com\/es\/changing-headlights-in-spain-realignment\/#WhatsApp_us_for_a_free_quote_on_headlights_-_WE_DELIVER_TO_THE_WHOLE_OF_SPAIN\" >WhatsApp para un presupuesto gratuito de faros - ENTREGAMOS EN TODA ESPA\u00d1A<\/a><\/li><li class='ez-toc-page-1 ez-toc-heading-level-6'><a class=\"ez-toc-link ez-toc-heading-7\" href=\"https:\/\/vehicleregistrationscostadelsol.com\/es\/changing-headlights-in-spain-realignment\/#Click_below_and_we_will_find_headlights_or_headlight_realignment_for_you_cheap\" >Haga clic a continuaci\u00f3n y vamos a encontrar los faros, o la realineaci\u00f3n de faros para usted barato<\/a><\/li><\/ul><\/li><\/ul><\/li><\/ul><\/li><\/ul><\/li><\/ul><\/nav><\/div>\n\n<p><strong>Cambio de faros en Espa\u00f1a Realineaci\u00f3n<\/strong> de sus faros es necesario cuando usted conduce un coche del Reino Unido y usted est\u00e1 poniendo su coche en placas de matr\u00edcula espa\u00f1ola. Por naturaleza, los faros de su coche en el Reino Unido apuntan en la direcci\u00f3n opuesta a la acera, por lo tanto, en la direcci\u00f3n de los coches que vienen en direcci\u00f3n contraria. Esto es obviamente un problema y como resultado, cuando usted registra su coche en Espa\u00f1a y lo pone a trav\u00e9s de la ITV espa\u00f1ola usted necesita tener nuevos faros espa\u00f1oles para permitir que las vigas para hacer frente a la acera. <b>Entregamos faros a toda Espa\u00f1a.<\/b><\/p>\n<p><\/p>\n<h2 class=\"wp-block-heading\"><span class=\"ez-toc-section\" id=\"Headlight_Realignment_Spain\"><\/span>Reajuste de faros Espa\u00f1a<span class=\"ez-toc-section-end\"><\/span><\/h2>\n<p><\/p>\n<p>Muchos faros pueden realinearse. La realineaci\u00f3n de faros es a menudo m\u00e1s barata que comprar faros nuevos. Usted puede conducir su coche a nosotros y podemos comprobar los faros para usted. Podemos hacerlo mientras realizamos su revisi\u00f3n pre ITV GRATUITA. Nosotros le diremos si es mejor comprar nuevos faros, (que podemos ayudar con) o, tener sus faros realineados, mientras que sus faros y ha sido sustituido o realineado tambi\u00e9n podemos mirar a su marcha atr\u00e1s y luces antiniebla para asegurarse de que no fallan la ITV. La alineaci\u00f3n de los faros se realiza caso por caso.<\/p>\n<p><\/p>\n<h2 class=\"wp-block-heading\"><span class=\"ez-toc-section\" id=\"Will_the_Headlight_stickers_that_change_the_beam_work\"><\/span>\u00bfFuncionar\u00e1n los adhesivos para faros que cambian el haz de luz?<span class=\"ez-toc-section-end\"><\/span><\/h2>\n<p><\/p>\n<p>No, temporalmente son una buena forma de ayudar a otros conductores pero no pasar\u00e1n la ITV espa\u00f1ola. Simplemente el coche fallar\u00e1 inmediatamente y tendr\u00e1 que ser arreglado antes de una nueva ITV espa\u00f1ola. La \u00fanica manera de asegurar pasar la ITV es nuevo Cambio De Faros En Espa\u00f1a Realineaci\u00f3n.<\/p>\n<p><\/p>\n<h3 class=\"wp-block-heading\"><span class=\"ez-toc-section\" id=\"Can_you_provide_Changing_Headlights_In_Spain_Realignment\"><\/span>\u00bfPuede proporcionar Cambiar faros en Espa\u00f1a Realineaci\u00f3n?<span class=\"ez-toc-section-end\"><\/span><\/h3>\n<p><\/p>\n<p>S\u00ed, creemos que tenemos los contactos para vencer a la mayor\u00eda de las cotizaciones de los faros nuevos. Conseguimos y nos entregan a nosotros o directamente a usted en cualquier lugar de Espa\u00f1a sus nuevos faros y tenemos uno de nuestros mec\u00e1nicos cualificados para las luces para usted. Comprar nuevo o tener sus faros realineados, podemos obtener una cotizaci\u00f3n para realinear los faros. Esto no siempre es barato y no siempre es posible. <a class=\"rank-math-link\" href=\"https:\/\/vehicleregistrationscostadelsol.com\/es\/pongase-en-contacto-con\/\" target=\"_blank\" rel=\"noreferrer noopener\" aria-label=\" (se abre en una nueva pesta\u00f1a)\" data-schema-attribute=\"about\">P\u00f3ngase en contacto con nosotros para obtener un presupuesto gratuito para sus faros hoy mismo<\/a>.<\/p>\n<p><\/p>\n<h4 class=\"wp-block-heading\"><span class=\"ez-toc-section\" id=\"Are_the_headlights_under_warranty\"><\/span>\u00bfLos faros est\u00e1n en garant\u00eda?<span class=\"ez-toc-section-end\"><\/span><\/h4>\n<p><\/p>\n<p>La mayor\u00eda de los faros que proporcionamos tienen una garant\u00eda de dos a\u00f1os. Tambi\u00e9n le enviamos a un taller de habla Ingl\u00e9s cerca del centro de la ITV en Mijas para permitir el montaje de los nuevos faros espa\u00f1oles para permitir el cumplimiento en el <a class=\"rank-math-link\" href=\"https:\/\/www.itvcita.com\/Welcome.do\" target=\"_blank\" rel=\"noreferrer noopener\" aria-label=\"Centro ITV (se abre en una nueva pesta\u00f1a)\">Centro ITV<\/a>. Ser\u00e1n de abeto en el taller y se trata de mec\u00e1nicos que conocemos y en los que confiamos para que realicen el trabajo con rapidez y profesionalidad para poder <strong>Cambio de faros en Espa\u00f1a Realineaci\u00f3n<\/strong>.<\/p>\n<p><\/p>\n<h5 class=\"wp-block-heading\"><span class=\"ez-toc-section\" id=\"How_do_you_check_Changing_Headlights_In_Spain_Realignment\"><\/span>\u00bfC\u00f3mo se comprueba el cambio de faros en Espa\u00f1a Realineaci\u00f3n?<span class=\"ez-toc-section-end\"><\/span><\/h5>\n<p><\/p>\n<p>Usted trae el coche a nosotros o si local podemos conducir para comprobar sus faros. A continuaci\u00f3n, comprobar toda Europa para encontrar el mejor precio para los nuevos faros de repuesto para su veh\u00edculo. Hay varios tipos diferentes de faros,<\/p>\n<p><\/p>\n<ul class=\"wp-block-list\">\n<li>Faros de xen\u00f3n<\/li>\n<li>Faros hal\u00f3genos<\/li>\n<li>Faros LED<\/li>\n<li>Faros reflectores y proyectores<\/li>\n<\/ul>\n<p><\/p>\n<p>Dependiendo de los faros que identifiquemos en su veh\u00edculo, buscaremos los faros nuevos m\u00e1s baratos en Europa y nos los enviaremos. Los precios para el montaje de los faros para la ITV espa\u00f1ola y el cambio de las luces antiniebla y de marcha atr\u00e1s son caso por caso. A veces el parachoques tiene que ser eliminado y, a veces es m\u00e1s sencillo. Nuestro equipo de mec\u00e1nicos registrados y cualificados puede instalar sus nuevos faros espa\u00f1oles. Encontramos que nuestros precios son en su mayor\u00eda mucho m\u00e1s barato que ir a un garaje directamente, ya que tenemos muchas fuentes para obtener los faros para usted para el cambio de faros en Espa\u00f1a Realignment.<\/p>\n<p><\/p>\n<p>Nuestros faros en Espa\u00f1a provienen de toda Europa, se nos entregan muy r\u00e1pidamente desde Espa\u00f1a, Alemania, incluso el Reino Unido. La mayor\u00eda de los faros tienen una garant\u00eda de dos a\u00f1os. Y garantizamos un reembolso si las luces son incorrectas. Tenemos excelentes relaciones con algunos de los mejores precios, nuevos proveedores de faros espa\u00f1oles en el mundo. Esto significa que usted puede hacer ahorros significativos en la compra de los faros directamente de los garajes en la Costa del Sol. No s\u00f3lo eso, tenemos un panel de habla Ingl\u00e9s mec\u00e1nicos en la Costa del Sol todos los cuales hemos investigado en gran medida y confiamos impl\u00edcitamente.<\/p>\n<p><\/p>\n<p><strong>\u00bfLos avances de utilizarnos para sus cambios de faros en Espa\u00f1a?<\/strong><\/p>\n<p><\/p>\n<ul class=\"wp-block-list\">\n<li>Faros m\u00e1s baratos sin renunciar a la calidad<\/li>\n<li>Apoyo integral<\/li>\n<li>Mec\u00e1nicos de confianza<\/li>\n<li>Faros correctos garantizados<\/li>\n<li>Luces antiniebla y de marcha atr\u00e1s de origen<\/li>\n<li>Se nos entregan directamente o nosotros <b>entregar a toda Espa\u00f1a<\/b>.&nbsp;<\/li>\n<li>Recogeremos su coche y lo llevaremos para la instalaci\u00f3n de las luces (coste adicional)<\/li>\n<li>Realineaci\u00f3n de faros si es posible<\/li>\n<\/ul>\n<p><\/p>\n<p>Cambio de faros en Espa\u00f1a La realineaci\u00f3n no tiene por qu\u00e9 ser un proceso largo y estresante. D\u00e9jenos hacer el trabajo duro por usted. <a href=\"https:\/\/vehicleregistrationscostadelsol.com\/es\/pongase-en-contacto-con\/\" target=\"_blank\" rel=\"noopener\">P\u00f3ngase en contacto con nosotros<\/a> hoy y te aconsejaremos, tal vez puedas llevarnos el coche y lo revisaremos por ti.<\/p>\n<p><\/p>\t\t\t\t\t\t\t\t<\/div>\n\t\t\t\t<div class=\"elementor-element elementor-element-1cfad31 elementor-widget elementor-widget-menu-anchor\" data-id=\"1cfad31\" data-element_type=\"widget\" data-e-type=\"widget\" data-widget_type=\"menu-anchor.default\">\n\t\t\t\t\t\t\t<div class=\"elementor-menu-anchor\" id=\"freequoteheadlights\"><\/div>\n\t\t\t\t\t\t<\/div>\n\t\t\t\t\t<\/div>\n\t\t<\/div>\n\t\t\t\t\t<\/div>\n\t\t<\/section>\n\t\t\t\t<section class=\"elementor-section elementor-top-section elementor-element elementor-element-27bb09b4 elementor-section-boxed elementor-section-height-default elementor-section-height-default\" data-id=\"27bb09b4\" data-element_type=\"section\" data-e-type=\"section\" data-settings=\"{&quot;background_background&quot;:&quot;gradient&quot;}\">\n\t\t\t\t\t\t\t<div class=\"elementor-background-overlay\"><\/div>\n\t\t\t\t\t\t\t<div class=\"elementor-container elementor-column-gap-no\">\n\t\t\t\t\t<div class=\"elementor-column elementor-col-100 elementor-top-column elementor-element elementor-element-638fdecc\" data-id=\"638fdecc\" data-element_type=\"column\" data-e-type=\"column\" data-settings=\"{&quot;background_background&quot;:&quot;classic&quot;}\">\n\t\t\t<div class=\"elementor-widget-wrap elementor-element-populated\">\n\t\t\t\t\t\t<div class=\"elementor-element elementor-element-39a32909 elementor-widget elementor-widget-heading\" data-id=\"39a32909\" data-element_type=\"widget\" data-e-type=\"widget\" data-widget_type=\"heading.default\">\n\t\t\t\t\t<h6 class=\"elementor-heading-title elementor-size-default\"><span class=\"ez-toc-section\" id=\"WhatsApp_us_for_a_free_quote_on_headlights_-_WE_DELIVER_TO_THE_WHOLE_OF_SPAIN\"><\/span>WhatsApp para un presupuesto gratuito de faros - <b>ENVIAMOS A TODA ESPA\u00d1A<\/b><span class=\"ez-toc-section-end\"><\/span><\/h6>\t\t\t\t<\/div>\n\t\t\t\t<div class=\"elementor-element elementor-element-43b9784 elementor-widget-divider--view-line elementor-widget elementor-widget-divider\" data-id=\"43b9784\" data-element_type=\"widget\" data-e-type=\"widget\" data-widget_type=\"divider.default\">\n\t\t\t\t\t\t\t<div class=\"elementor-divider\">\n\t\t\t<span class=\"elementor-divider-separator\">\n\t\t\t\t\t\t<\/span>\n\t\t<\/div>\n\t\t\t\t\t\t<\/div>\n\t\t\t\t<div class=\"elementor-element elementor-element-394dde00 elementor-widget elementor-widget-heading\" data-id=\"394dde00\" data-element_type=\"widget\" data-e-type=\"widget\" data-widget_type=\"heading.default\">\n\t\t\t\t\t<h6 class=\"elementor-heading-title elementor-size-default\"><span class=\"ez-toc-section\" id=\"Click_below_and_we_will_find_headlights_or_headlight_realignment_for_you_cheap\"><\/span>Haga clic a continuaci\u00f3n y vamos a encontrar los faros, o la realineaci\u00f3n de faros para usted barato<span class=\"ez-toc-section-end\"><\/span><\/h6>\t\t\t\t<\/div>\n\t\t\t\t<div class=\"elementor-element elementor-element-4a3aa860 elementor-align-center elementor-mobile-align-center elementor-widget elementor-widget-button\" data-id=\"4a3aa860\" data-element_type=\"widget\" data-e-type=\"widget\" data-widget_type=\"button.default\">\n\t\t\t\t\t\t\t\t\t\t<a class=\"elementor-button elementor-button-link elementor-size-md\" href=\"https:\/\/wa.me\/+34696337629?text=I&#039;m%20interested%20in%20your%20free%20headlight%20quote\" target=\"_blank\" rel=\"noopener\">\n\t\t\t\t\t\t<span class=\"elementor-button-content-wrapper\">\n\t\t\t\t\t\t<span class=\"elementor-button-icon\">\n\t\t\t\t<svg aria-hidden=\"true\" class=\"e-font-icon-svg e-far-calendar-check\" viewbox=\"0 0 448 512\" xmlns=\"http:\/\/www.w3.org\/2000\/svg\"><path d=\"M400 64h-48V12c0-6.627-5.373-12-12-12h-40c-6.627 0-12 5.373-12 12v52H160V12c0-6.627-5.373-12-12-12h-40c-6.627 0-12 5.373-12 12v52H48C21.49 64 0 85.49 0 112v352c0 26.51 21.49 48 48 48h352c26.51 0 48-21.49 48-48V112c0-26.51-21.49-48-48-48zm-6 400H54a6 6 0 0 1-6-6V160h352v298a6 6 0 0 1-6 6zm-52.849-200.65L198.842 404.519c-4.705 4.667-12.303 4.637-16.971-.068l-75.091-75.699c-4.667-4.705-4.637-12.303.068-16.971l22.719-22.536c4.705-4.667 12.303-4.637 16.97.069l44.104 44.461 111.072-110.181c4.705-4.667 12.303-4.637 16.971.068l22.536 22.718c4.667 4.705 4.636 12.303-.069 16.97z\"><\/path><\/svg>\t\t\t<\/span>\n\t\t\t\t\t\t\t\t\t<span class=\"elementor-button-text\">Presupuesto gratuito<\/span>\n\t\t\t\t\t<\/span>\n\t\t\t\t\t<\/a>\n\t\t\t\t\t\t\t\t<\/div>\n\t\t\t\t\t<\/div>\n\t\t<\/div>\n\t\t\t\t\t<\/div>\n\t\t<\/section>\n\t\t\t\t<\/div>","protected":false},"excerpt":{"rendered":"<p>Changing Headlights In Spain Realignment of your headlights is necessary when you drive a UK car and you are putting your car onto Spanish reg plates. By nature the headlights of your UK car point in the opposite direction from the curb hence into the direction of oncoming cars. This is obviously a problem and [&hellip;]<\/p>\n","protected":false},"author":1,"featured_media":2109,"parent":0,"menu_order":0,"comment_status":"closed","ping_status":"closed","template":"","meta":{"site-sidebar-layout":"default","site-content-layout":"default","ast-site-content-layout":"default","site-content-style":"default","site-sidebar-style":"default","ast-global-header-display":"","ast-banner-title-visibility":"","ast-main-header-display":"","ast-hfb-above-header-display":"","ast-hfb-below-header-display":"","ast-hfb-mobile-header-display":"","site-post-title":"","ast-breadcrumbs-content":"","ast-featured-img":"","footer-sml-layout":"","ast-disable-related-posts":"","theme-transparent-header-meta":"default","adv-header-id-meta":"","stick-header-meta":"","header-above-stick-meta":"","header-main-stick-meta":"","header-below-stick-meta":"","astra-migrate-meta-layouts":"default","ast-page-background-enabled":"default","ast-page-background-meta":{"desktop":{"background-color":"","background-image":"","background-repeat":"repeat","background-position":"center center","background-size":"auto","background-attachment":"scroll","background-type":"","background-media":"","overlay-type":"","overlay-color":"","overlay-opacity":"","overlay-gradient":""},"tablet":{"background-color":"","background-image":"","background-repeat":"repeat","background-position":"center center","background-size":"auto","background-attachment":"scroll","background-type":"","background-media":"","overlay-type":"","overlay-color":"","overlay-opacity":"","overlay-gradient":""},"mobile":{"background-color":"","background-image":"","background-repeat":"repeat","background-position":"center center","background-size":"auto","background-attachment":"scroll","background-type":"","background-media":"","overlay-type":"","overlay-color":"","overlay-opacity":"","overlay-gradient":""}},"ast-content-background-meta":{"desktop":{"background-color":"var(--ast-global-color-5)","background-image":"","background-repeat":"repeat","background-position":"center center","background-size":"auto","background-attachment":"scroll","background-type":"","background-media":"","overlay-type":"","overlay-color":"","overlay-opacity":"","overlay-gradient":""},"tablet":{"background-color":"var(--ast-global-color-5)","background-image":"","background-repeat":"repeat","background-position":"center center","background-size":"auto","background-attachment":"scroll","background-type":"","background-media":"","overlay-type":"","overlay-color":"","overlay-opacity":"","overlay-gradient":""},"mobile":{"background-color":"var(--ast-global-color-5)","background-image":"","background-repeat":"repeat","background-position":"center center","background-size":"auto","background-attachment":"scroll","background-type":"","background-media":"","overlay-type":"","overlay-color":"","overlay-opacity":"","overlay-gradient":""}},"footnotes":""},"class_list":["post-1807","page","type-page","status-publish","has-post-thumbnail","hentry"],"_links":{"self":[{"href":"https:\/\/vehicleregistrationscostadelsol.com\/es\/wp-json\/wp\/v2\/pages\/1807","targetHints":{"allow":["GET"]}}],"collection":[{"href":"https:\/\/vehicleregistrationscostadelsol.com\/es\/wp-json\/wp\/v2\/pages"}],"about":[{"href":"https:\/\/vehicleregistrationscostadelsol.com\/es\/wp-json\/wp\/v2\/types\/page"}],"author":[{"embeddable":true,"href":"https:\/\/vehicleregistrationscostadelsol.com\/es\/wp-json\/wp\/v2\/users\/1"}],"replies":[{"embeddable":true,"href":"https:\/\/vehicleregistrationscostadelsol.com\/es\/wp-json\/wp\/v2\/comments?post=1807"}],"version-history":[{"count":0,"href":"https:\/\/vehicleregistrationscostadelsol.com\/es\/wp-json\/wp\/v2\/pages\/1807\/revisions"}],"wp:featuredmedia":[{"embeddable":true,"href":"https:\/\/vehicleregistrationscostadelsol.com\/es\/wp-json\/wp\/v2\/media\/2109"}],"wp:attachment":[{"href":"https:\/\/vehicleregistrationscostadelsol.com\/es\/wp-json\/wp\/v2\/media?parent=1807"}],"curies":[{"name":"wp","href":"https:\/\/api.w.org\/{rel}","templated":true}]}}