{"id":1909,"date":"2020-12-20T15:56:00","date_gmt":"2020-12-20T14:56:00","guid":{"rendered":"https:\/\/vehicleregistrationscostadelsol.com\/?page_id=1909"},"modified":"2024-10-27T21:03:29","modified_gmt":"2024-10-27T20:03:29","slug":"matriculas-verdes-espana","status":"publish","type":"page","link":"https:\/\/vehicleregistrationscostadelsol.com\/es\/green-number-plates-spain\/","title":{"rendered":"Placas de matr\u00edcula verdes Espa\u00f1a Placas 'P' 1# amazing"},"content":{"rendered":"<h2 class=\"wp-block-heading\"><span class=\"ez-toc-section\" id=\"Do_you_need_green_reg_plates_in_Spain\"><\/span>\u00bfNecesita matr\u00edcula verde en Espa\u00f1a?<span class=\"ez-toc-section-end\"><\/span><\/h2>\n\n\n\n<p>Si usted planea conducir su coche legalmente con placas de matr\u00edcula verde Espa\u00f1a necesita pedirlos a la DGT espa\u00f1ola. Le permiten conducir legalmente por las razones de que su seguro en su propio pa\u00eds puede haber terminado, su ITV puede haber terminado o su veh\u00edculo puede estar en SORN en el Reino Unido o el equivalente de la UE para los coches de la UE. Su veh\u00edculo puede ser legal para conducir en Espa\u00f1a durante un periodo de tiempo. Sin embargo, siempre es mejor comprobar si necesita <strong>Matr\u00edculas verdes<\/strong>o como lo llaman en Espa\u00f1a \"placas verdes\".<\/p><div id=\"ez-toc-container\" class=\"ez-toc-v2_0_82_2 counter-hierarchy ez-toc-counter ez-toc-grey ez-toc-container-direction\">\n<div class=\"ez-toc-title-container\">\n<p class=\"ez-toc-title\" style=\"cursor:inherit\">\u00cdndice<\/p>\n<span class=\"ez-toc-title-toggle\"><a href=\"#\" class=\"ez-toc-pull-right ez-toc-btn ez-toc-btn-xs ez-toc-btn-default ez-toc-toggle\" aria-label=\"Alternar tabla de contenidos\"><span class=\"ez-toc-js-icon-con\"><span class=\"\"><span class=\"eztoc-hide\" style=\"display:none;\">Toggle<\/span><span class=\"ez-toc-icon-toggle-span\"><svg style=\"fill: #999;color:#999\" xmlns=\"http:\/\/www.w3.org\/2000\/svg\" class=\"list-377408\" width=\"20px\" height=\"20px\" viewbox=\"0 0 24 24\" fill=\"none\"><path d=\"M6 6H4v2h2V6zm14 0H8v2h12V6zM4 11h2v2H4v-2zm16 0H8v2h12v-2zM4 16h2v2H4v-2zm16 0H8v2h12v-2z\" fill=\"currentColor\"><\/path><\/svg><svg style=\"fill: #999;color:#999\" class=\"arrow-unsorted-368013\" xmlns=\"http:\/\/www.w3.org\/2000\/svg\" width=\"10px\" height=\"10px\" viewbox=\"0 0 24 24\" version=\"1.2\" baseprofile=\"tiny\"><path d=\"M18.2 9.3l-6.2-6.3-6.2 6.3c-.2.2-.3.4-.3.7s.1.5.3.7c.2.2.4.3.7.3h11c.3 0 .5-.1.7-.3.2-.2.3-.5.3-.7s-.1-.5-.3-.7zM5.8 14.7l6.2 6.3 6.2-6.3c.2-.2.3-.5.3-.7s-.1-.5-.3-.7c-.2-.2-.4-.3-.7-.3h-11c-.3 0-.5.1-.7.3-.2.2-.3.5-.3.7s.1.5.3.7z\"\/><\/svg><\/span><\/span><\/span><\/a><\/span><\/div>\n<nav><ul class='ez-toc-list ez-toc-list-level-1' ><li class='ez-toc-page-1 ez-toc-heading-level-2'><a class=\"ez-toc-link ez-toc-heading-1\" href=\"https:\/\/vehicleregistrationscostadelsol.com\/es\/green-number-plates-spain\/#Do_you_need_green_reg_plates_in_Spain\" >\u00bfNecesita matr\u00edcula verde en Espa\u00f1a?<\/a><\/li><li class='ez-toc-page-1 ez-toc-heading-level-2'><a class=\"ez-toc-link ez-toc-heading-2\" href=\"https:\/\/vehicleregistrationscostadelsol.com\/es\/green-number-plates-spain\/#Temporary_number_Plates_Spain\" >Matr\u00edculas temporales Espa\u00f1a<\/a><\/li><li class='ez-toc-page-1 ez-toc-heading-level-2'><a class=\"ez-toc-link ez-toc-heading-3\" href=\"https:\/\/vehicleregistrationscostadelsol.com\/es\/green-number-plates-spain\/#How_long_do_green_reg_plates_last\" >\u00bfCu\u00e1nto duran las placas de matr\u00edcula verdes?<\/a><ul class='ez-toc-list-level-3' ><li class='ez-toc-heading-level-3'><a class=\"ez-toc-link ez-toc-heading-4\" href=\"https:\/\/vehicleregistrationscostadelsol.com\/es\/green-number-plates-spain\/#Do_you_need_Spanish_insurance_for_Green_number_plates\" >\u00bfNecesita un seguro espa\u00f1ol para las matr\u00edculas verdes?<\/a><ul class='ez-toc-list-level-4' ><li class='ez-toc-heading-level-4'><a class=\"ez-toc-link ez-toc-heading-5\" href=\"https:\/\/vehicleregistrationscostadelsol.com\/es\/green-number-plates-spain\/#How_long_do_green_number_plates_take\" >\u00bfCu\u00e1nto tardan las matr\u00edculas verdes?<\/a><ul class='ez-toc-list-level-5' ><li class='ez-toc-heading-level-5'><a class=\"ez-toc-link ez-toc-heading-6\" href=\"https:\/\/vehicleregistrationscostadelsol.com\/es\/green-number-plates-spain\/#Do_the_police_pull_you_with_green_reg_plates\" >\u00bfTe detiene la polic\u00eda con matr\u00edcula verde?<\/a><ul class='ez-toc-list-level-6' ><li class='ez-toc-heading-level-6'><a class=\"ez-toc-link ez-toc-heading-7\" href=\"https:\/\/vehicleregistrationscostadelsol.com\/es\/green-number-plates-spain\/#Are_the_green_number_plates_the_same_size_as_EU_and_UK_reg_plates\" >\u00bfSon las placas de matr\u00edcula verdes del mismo tama\u00f1o que las de la UE y el Reino Unido?<\/a><\/li><li class='ez-toc-page-1 ez-toc-heading-level-6'><a class=\"ez-toc-link ez-toc-heading-8\" href=\"https:\/\/vehicleregistrationscostadelsol.com\/es\/green-number-plates-spain\/#Can_you_get_an_extension_to_the_plates_if_they_expire\" >\u00bfSe puede obtener una pr\u00f3rroga de las placas si caducan?<\/a><\/li><\/ul><\/li><\/ul><\/li><\/ul><\/li><\/ul><\/li><\/ul><\/nav><\/div>\n\n\n\n\n<h2 class=\"wp-block-heading\"><span class=\"ez-toc-section\" id=\"Temporary_number_Plates_Spain\"><\/span>Matr\u00edculas temporales Espa\u00f1a<span class=\"ez-toc-section-end\"><\/span><\/h2>\n\n\n\n<p>\u00bfCu\u00e1l es la diferencia entre una matr\u00edcula temporal y una matr\u00edcula verde en Espa\u00f1a? Nada, son exactamente lo mismo. Placas de matr\u00edcula verdes, placas P, placas de matr\u00edcula temporales o placas verdes son t\u00e9rminos a los que se suele hacer referencia cuando se habla del mismo producto y proceso. Tienen exactamente la misma funci\u00f3n y las mismas normas unas que otras.<\/p>\n\n\n\n<h2 class=\"wp-block-heading\"><span class=\"ez-toc-section\" id=\"How_long_do_green_reg_plates_last\"><\/span>\u00bfCu\u00e1nto duran las placas de matr\u00edcula verdes?<span class=\"ez-toc-section-end\"><\/span><\/h2>\n\n\n\n<p>La matr\u00edcula verde le permite conducir legalmente en Espa\u00f1a durante 60 d\u00edas. Tiempo de sobra para matricular su coche con matr\u00edcula espa\u00f1ola, y llevar su <a aria-label=\"Prueba ITV (se abre en una nueva pesta\u00f1a)\" rel=\"noreferrer noopener\" class=\"rank-math-link\" href=\"https:\/\/vehicleregistrationscostadelsol.com\/es\/itv-tests\/\" target=\"_blank\">Prueba ITV<\/a>. 60 d\u00edas es m\u00e1s que suficiente para reservar una ITV y obtener su coche pasado, tratar con el papeleo espa\u00f1ol para sus placas de matr\u00edcula verde y obtener su verdadera matr\u00edcula espa\u00f1ola entregado y su coche ahora. <a aria-label=\"registrado (se abre en una nueva pesta\u00f1a)\" rel=\"noreferrer noopener\" class=\"rank-math-link\" href=\"http:\/\/www.dgt.es\/es\/\" target=\"_blank\">registrado<\/a> plenamente en Espa\u00f1a. <\/p>\n\n\n\n<p><\/p>\n\n\n\n<h3 class=\"wp-block-heading\"><span class=\"ez-toc-section\" id=\"Do_you_need_Spanish_insurance_for_Green_number_plates\"><\/span>\u00bfNecesita un seguro espa\u00f1ol para las matr\u00edculas verdes?<span class=\"ez-toc-section-end\"><\/span><\/h3>\n\n\n\n<p>S\u00ed, tan pronto como se le emiten las placas de matr\u00edcula verde que necesita para asegurar el n\u00famero emitido por la DGT. Este n\u00famero ser\u00e1 algo as\u00ed como P 4321 BDP a continuaci\u00f3n, (usted mismo o por nuestra recomendaci\u00f3n) asegurar su veh\u00edculo en placas de matr\u00edcula verde espa\u00f1ol. A continuaci\u00f3n, cambie el n\u00famero con su nueva compa\u00f1\u00eda de seguros espa\u00f1ola cuando las placas reales lleguen con su nuevo n\u00famero de matr\u00edcula espa\u00f1ola.<\/p>\n\n\n\n<h4 class=\"wp-block-heading\"><span class=\"ez-toc-section\" id=\"How_long_do_green_number_plates_take\"><\/span>\u00bfCu\u00e1nto tardan las matr\u00edculas verdes?<span class=\"ez-toc-section-end\"><\/span><\/h4>\n\n\n\n<p>Si pedimos las placas de matr\u00edcula verdes Espa\u00f1a para usted que tomar\u00e1 alrededor de una semana para que el n\u00famero sea emitido. La DGT env\u00eda un correo electr\u00f3nico con el n\u00famero para que pueda utilizarlo para asegurar el veh\u00edculo. Entonces las placas f\u00edsicas llegan algunos d\u00edas despu\u00e9s. Ofrecemos un servicio de mensajer\u00eda de las placas de matr\u00edcula para usted o si usted est\u00e1 cerca vamos a poner las placas en su coche para usted. <\/p>\n\n\n\n<p>El montaje de las placas verdes no es dif\u00edcil, muchos coches son diferentes, pero por lo general hay 2\/4 tornillos en sus placas de matr\u00edcula. quitar los tornillos, tomar la placa de matr\u00edcula de edad fuera, lo puso en la parte superior de la placa verde y marcar donde los viejos agujeros son luego tornillo de nuevo a trav\u00e9s de esos agujeros en la nueva placa de matr\u00edcula verde. Esto permitir\u00e1 que los tornillos pasen a trav\u00e9s de los agujeros existentes en el coche asegur\u00e1ndose de que usted no consigue nuevos agujeros y el trabajo debe ser m\u00e1s f\u00e1cil. aconsejamos el uso de tornillos autorroscantes. Normalmente hacemos esto por usted si usted conduce el coche a nosotros o usted est\u00e1 cerca de donde estamos. <\/p>\n\n\n\n<h5 class=\"wp-block-heading\"><span class=\"ez-toc-section\" id=\"Do_the_police_pull_you_with_green_reg_plates\"><\/span>\u00bfTe detiene la polic\u00eda con matr\u00edcula verde?<span class=\"ez-toc-section-end\"><\/span><\/h5>\n\n\n\n<p>Es m\u00e1s probable que la polic\u00eda te detenga con la matr\u00edcula de tu pa\u00eds que con la matr\u00edcula verde. La polic\u00eda en Espa\u00f1a son muy conscientes de la DVLA en el Reino Unido, por ejemplo. que puede muy f\u00e1cilmente cola, utilizar su tel\u00e9fono m\u00f3vil y averiguar en cuesti\u00f3n de segundos si su coche est\u00e1 asegurado, taxed, mot'd o en sorn en el Reino Unido. En caso de que cualquiera de los que no es correcta se le detuvo, multas, tal vez conseguir el coche incautado y su seguro se considerar\u00e1 nula. <\/p>\n\n\n\n<p>Usted puede conducir el veh\u00edculo en Espa\u00f1a con su seguro del Reino Unido si todo lo anterior es correcto. Sin embargo, la obtenci\u00f3n de placas de matr\u00edcula verde Espa\u00f1a podr\u00eda ayudarle a evitar cualquier fuertes multas o atenci\u00f3n no deseada de la polic\u00eda con respecto a la legalidad del veh\u00edculo que est\u00e1 conduciendo en Espa\u00f1a. Si su veh\u00edculo ha estado aqu\u00ed m\u00e1s de seis meses, entonces usted realmente est\u00e1 empujando.<\/p>\n\n\n\n<h6 class=\"wp-block-heading\"><span class=\"ez-toc-section\" id=\"Are_the_green_number_plates_the_same_size_as_EU_and_UK_reg_plates\"><\/span>\u00bfSon las placas de matr\u00edcula verdes del mismo tama\u00f1o que las de la UE y el Reino Unido?<span class=\"ez-toc-section-end\"><\/span><\/h6>\n\n\n\n<p>S\u00ed, son exactamente del mismo tama\u00f1o. Esto hace que sea f\u00e1cil de intercambiar las placas como se puede atornillar a trav\u00e9s de los agujeros existentes de sus placas de matr\u00edcula actuales y marcar un agujero en la placa de matr\u00edcula verde que entonces deber\u00eda significar los tornillos van en los agujeros existentes asegurando no hacer nuevos agujeros. Este es el caso tanto para la UE y el Reino Unido las placas de matr\u00edcula cuando la instalaci\u00f3n de sus placas de matr\u00edcula verde.  Para obtener m\u00e1s informaci\u00f3n, descargue nuestro PDF de informaci\u00f3n sobre las placas de matr\u00edcula verde. <\/p>\n\n\n\n<h6 class=\"wp-block-heading\"><span class=\"ez-toc-section\" id=\"Can_you_get_an_extension_to_the_plates_if_they_expire\"><\/span>\u00bfSe puede obtener una pr\u00f3rroga de las placas si caducan?<span class=\"ez-toc-section-end\"><\/span><\/h6>\n\n\n\n<p>Existe a trav\u00e9s de la DGT un proceso de pr\u00f3rroga, sin embargo, este es muy dif\u00edcil que sea aprobado. Incluso cuando las inspecciones han tardado en algunos casos seis semanas en emitir una cita, lo que pr\u00e1cticamente no da tiempo a completar el proceso en 60 d\u00edas, casi siempre son rechazadas. No estamos seguros de por qu\u00e9 esto es as\u00ed. <strong>En perspectiva, hasta ahora, nosotros y nuestros representantes legales para gestionar las pr\u00f3rrogas nunca hemos tenido una aprobaci\u00f3n. <\/strong><\/p>\n\n\n\n<figure class=\"wp-block-image size-large\"><img decoding=\"async\" width=\"430\" height=\"81\" src=\"https:\/\/vehicleregistrationscostadelsol.com\/wp-content\/uploads\/2020\/12\/Green-number-plates-1.jpg\" alt=\"Matriculaci\u00f3n Costa del sol\" class=\"wp-image-1950\" title=\"Matricular su coche en Espa\u00f1a\" srcset=\"https:\/\/vehicleregistrationscostadelsol.com\/wp-content\/uploads\/2020\/12\/Green-number-plates-1.jpg 430w, https:\/\/vehicleregistrationscostadelsol.com\/wp-content\/uploads\/2020\/12\/Green-number-plates-1-300x57.jpg 300w\" sizes=\"(max-width: 430px) 100vw, 430px\" \/><\/figure>\n\n\n\n<p><\/p>","protected":false},"excerpt":{"rendered":"<p>Do you need green reg plates in Spain? If you plan to drive your car legally with green number plates Spain you need to order them from the Spanish DGT. They enable you to drive drive legally for the reasons that your insurance in your own country may have run out, your MOT may have [&hellip;]<\/p>\n","protected":false},"author":1,"featured_media":2237,"parent":0,"menu_order":0,"comment_status":"closed","ping_status":"closed","template":"","meta":{"site-sidebar-layout":"default","site-content-layout":"default","ast-site-content-layout":"default","site-content-style":"default","site-sidebar-style":"default","ast-global-header-display":"","ast-banner-title-visibility":"","ast-main-header-display":"","ast-hfb-above-header-display":"","ast-hfb-below-header-display":"","ast-hfb-mobile-header-display":"","site-post-title":"","ast-breadcrumbs-content":"","ast-featured-img":"","footer-sml-layout":"","ast-disable-related-posts":"","theme-transparent-header-meta":"default","adv-header-id-meta":"","stick-header-meta":"","header-above-stick-meta":"","header-main-stick-meta":"","header-below-stick-meta":"","astra-migrate-meta-layouts":"set","ast-page-background-enabled":"default","ast-page-background-meta":{"desktop":{"background-color":"","background-image":"","background-repeat":"repeat","background-position":"center center","background-size":"auto","background-attachment":"scroll","background-type":"","background-media":"","overlay-type":"","overlay-color":"","overlay-opacity":"","overlay-gradient":""},"tablet":{"background-color":"","background-image":"","background-repeat":"repeat","background-position":"center center","background-size":"auto","background-attachment":"scroll","background-type":"","background-media":"","overlay-type":"","overlay-color":"","overlay-opacity":"","overlay-gradient":""},"mobile":{"background-color":"","background-image":"","background-repeat":"repeat","background-position":"center center","background-size":"auto","background-attachment":"scroll","background-type":"","background-media":"","overlay-type":"","overlay-color":"","overlay-opacity":"","overlay-gradient":""}},"ast-content-background-meta":{"desktop":{"background-color":"var(--ast-global-color-5)","background-image":"","background-repeat":"repeat","background-position":"center center","background-size":"auto","background-attachment":"scroll","background-type":"","background-media":"","overlay-type":"","overlay-color":"","overlay-opacity":"","overlay-gradient":""},"tablet":{"background-color":"var(--ast-global-color-5)","background-image":"","background-repeat":"repeat","background-position":"center center","background-size":"auto","background-attachment":"scroll","background-type":"","background-media":"","overlay-type":"","overlay-color":"","overlay-opacity":"","overlay-gradient":""},"mobile":{"background-color":"var(--ast-global-color-5)","background-image":"","background-repeat":"repeat","background-position":"center center","background-size":"auto","background-attachment":"scroll","background-type":"","background-media":"","overlay-type":"","overlay-color":"","overlay-opacity":"","overlay-gradient":""}},"footnotes":""},"class_list":["post-1909","page","type-page","status-publish","has-post-thumbnail","hentry"],"_links":{"self":[{"href":"https:\/\/vehicleregistrationscostadelsol.com\/es\/wp-json\/wp\/v2\/pages\/1909","targetHints":{"allow":["GET"]}}],"collection":[{"href":"https:\/\/vehicleregistrationscostadelsol.com\/es\/wp-json\/wp\/v2\/pages"}],"about":[{"href":"https:\/\/vehicleregistrationscostadelsol.com\/es\/wp-json\/wp\/v2\/types\/page"}],"author":[{"embeddable":true,"href":"https:\/\/vehicleregistrationscostadelsol.com\/es\/wp-json\/wp\/v2\/users\/1"}],"replies":[{"embeddable":true,"href":"https:\/\/vehicleregistrationscostadelsol.com\/es\/wp-json\/wp\/v2\/comments?post=1909"}],"version-history":[{"count":0,"href":"https:\/\/vehicleregistrationscostadelsol.com\/es\/wp-json\/wp\/v2\/pages\/1909\/revisions"}],"wp:featuredmedia":[{"embeddable":true,"href":"https:\/\/vehicleregistrationscostadelsol.com\/es\/wp-json\/wp\/v2\/media\/2237"}],"wp:attachment":[{"href":"https:\/\/vehicleregistrationscostadelsol.com\/es\/wp-json\/wp\/v2\/media?parent=1909"}],"curies":[{"name":"wp","href":"https:\/\/api.w.org\/{rel}","templated":true}]}}