{"id":1977,"date":"2021-01-13T15:06:57","date_gmt":"2021-01-13T14:06:57","guid":{"rendered":"https:\/\/vehicleregistrationscostadelsol.com\/?page_id=1977"},"modified":"2026-02-10T22:24:44","modified_gmt":"2026-02-10T21:24:44","slug":"matricular-un-vehiculo-de-la-ue-en-espana","status":"publish","type":"page","link":"https:\/\/vehicleregistrationscostadelsol.com\/es\/registering-an-eu-car-in-spain\/","title":{"rendered":"Matricular un coche de la UE en Espa\u00f1a - Coste e informaci\u00f3n #1"},"content":{"rendered":"<img fetchpriority=\"high\" decoding=\"async\" src=\"https:\/\/vehicleregistrationscostadelsol.com\/wp-content\/uploads\/2024\/01\/Reister-an-EU-vehcile-in-Spain-1024x536.webp\" sizes=\"(max-width: 1024px) 100vw, 1024px\" srcset=\"https:\/\/vehicleregistrationscostadelsol.com\/wp-content\/uploads\/2024\/01\/Reister-an-EU-vehcile-in-Spain-1024x536.webp 1024w, https:\/\/vehicleregistrationscostadelsol.com\/wp-content\/uploads\/2024\/01\/Reister-an-EU-vehcile-in-Spain-300x157.webp 300w, https:\/\/vehicleregistrationscostadelsol.com\/wp-content\/uploads\/2024\/01\/Reister-an-EU-vehcile-in-Spain-768x402.webp 768w, https:\/\/vehicleregistrationscostadelsol.com\/wp-content\/uploads\/2024\/01\/Reister-an-EU-vehcile-in-Spain-18x9.webp 18w, https:\/\/vehicleregistrationscostadelsol.com\/wp-content\/uploads\/2024\/01\/Reister-an-EU-vehcile-in-Spain.webp 1200w\" alt=\"Matricular veh\u00edculos de la UE en Espa\u00f1a. Gu\u00eda f\u00e1cil e informaci\u00f3n.\" width=\"1024\" height=\"536\" title=\"Matricular su coche en Espa\u00f1a\">\n\nPasos para matricular un coche comunitario en Espa\u00f1a. En esta p\u00e1gina encontrar\u00e1 mucha informaci\u00f3n valiosa sobre c\u00f3mo matricular un veh\u00edculo comunitario en Espa\u00f1a. Matricular un veh\u00edculo comunitario suele ser un proceso bastante sencillo. Por lo general, los coches de la UE tienen la direcci\u00f3n en el lado izquierdo del coche. Los faros apuntan en la direcci\u00f3n correcta para conducir por las carreteras espa\u00f1olas. Y las luces antiniebla y de marcha atr\u00e1s est\u00e1n en el lado correcto.\n<h2><span class=\"ez-toc-section\" id=\"Top_steps_to_register_a_EU_vehicle_in_Spain\"><\/span>Pasos principales para matricular un veh\u00edculo comunitario en Espa\u00f1a<span class=\"ez-toc-section-end\"><\/span><\/h2>\nPara matricular su veh\u00edculo extranjero en Espa\u00f1a necesita los documentos originales de matriculaci\u00f3n del veh\u00edculo, una Ficha T\u00e9cnica Reducida, una inspecci\u00f3n ITV v\u00e1lida, pasaporte, certificado NIE o tarjeta de residencia y prueba de domicilio en Espa\u00f1a. Es necesario pagar a los organismos pertinentes, principalmente la Agencia Tributaria, la DGT y el Ayuntamiento.\n\n<!-- \/wp:post-content -->\n\n<!-- wp:heading -->\n<h2><span class=\"ez-toc-section\" id=\"Cost_of_registering_a_EU_car_in_Spain\"><\/span>\u00bfCostes de matriculaci\u00f3n de un veh\u00edculo comunitario en Espa\u00f1a?<span class=\"ez-toc-section-end\"><\/span><\/h2>\n<!-- \/wp:heading -->\n\n<!-- wp:paragraph -->\n\nMatricular un coche extranjero en Espa\u00f1a con bajas emisiones cuesta aproximadamente 900 euros. Sin embargo, el coste aumenta en funci\u00f3n de las emisiones de co2 del veh\u00edculo. Al igual que el impuesto de circulaci\u00f3n y el seguro, que se calculan en funci\u00f3n de la potencia y la antig\u00fcedad del veh\u00edculo.\n\nAunque cada coche es diferente. El coste de matricular un coche extranjero en Espa\u00f1a se divide en varios costes. Los impuestos de emisiones, difieren para cada coche esto se determina por el G\/Km de Co2 (Gramos por kil\u00f3metro) y la edad del veh\u00edculo.  La siguiente lista da los pasos necesarios de los costes.\n\n<!-- \/wp:paragraph -->\n\n<!-- wp:list -->\n<ul>\n \t<li>Paso 1 - Obtener una Ficha T\u00e9cnica - Certificado de conformidad<\/li>\n \t<li>Paso 2 - Una inspecci\u00f3n ITV Prueba t\u00e9cnica -<\/li>\n \t<li>Paso 3 - Tramitar la documentaci\u00f3n con la DGT<\/li>\n \t<li>Paso 4 - Pagar las tasas de emisi\u00f3n a la Agencia Tributaria<\/li>\n \t<li>Paso 5 - Pagar el impuesto de circulaci\u00f3n - IVTM pagado en el ayuntamiento<\/li>\n \t<li>Paso 6 - Solicitar las placas de matr\u00edcula f\u00edsicas<\/li>\n \t<li>Paso 7 - Solicitar una etiqueta ECO<\/li>\n<\/ul>\n<!-- \/wp:list -->\n\n<!-- wp:paragraph -->\n\nLos impuestos sobre las emisiones var\u00edan de cero a miles de euros, dependiendo de si se conduce un coche de bajas emisiones o un Ferrari.\n\n<!-- \/wp:paragraph -->\n\n<!-- wp:heading -->\n<h2><span class=\"ez-toc-section\" id=\"How_do_you_register_an_EU_car_in_Spain\"><\/span>\u00bfC\u00f3mo se matricula un coche comunitario en Espa\u00f1a?<span class=\"ez-toc-section-end\"><\/span><\/h2>\n<!-- \/wp:heading -->\n\n<!-- wp:paragraph -->\n\nEs un proceso duro matricular un coche de la UE en Espa\u00f1a si no se tiene el conocimiento de c\u00f3mo funciona el proceso. Hacemos absolutamente todo para usted de principio a fin, incluyendo los impuestos, el papeleo, <a href=\"https:\/\/vehicleregistrationscostadelsol.com\/es\/\" target=\"_blank\" rel=\"noreferrer noopener\" aria-label=\"PRE ITV check GRATIS (se abre en una nueva pesta\u00f1a)\">PRE ITV check GRATIS<\/a>, <a href=\"https:\/\/vehicleregistrationscostadelsol.com\/es\/itv-prueba-mijas\/\" target=\"_blank\" rel=\"noreferrer noopener\" aria-label=\"Prueba ITV (se abre en una nueva pesta\u00f1a)\">Prueba ITV<\/a> (reservar y realizar) obtener placas de matr\u00edcula verdes, pagar el impuesto de circulaci\u00f3n en su nombre, obtener la documentaci\u00f3n del veh\u00edculo nuevo y las placas de matr\u00edcula espa\u00f1olas e incluso las colocamos en el coche por usted cuando las recibimos. Tambi\u00e9n pedimos y colocamos matr\u00edculas verdes para que pueda conducir legalmente en Espa\u00f1a mientras realizamos todo el servicio para Matricular un Coche de la UE en Espa\u00f1a.\n\n<!-- \/wp:paragraph -->\n\n<!-- wp:image {\"id\":1970,\"sizeSlug\":\"large\"} -->\n<figure><\/figure>\n<!-- \/wp:image -->\n\n<!-- wp:heading {\"level\":4} -->\n<h4><span class=\"ez-toc-section\" id=\"Can_I_register_a_right_hand_drive_car_in_Spain\"><\/span>\u00bfPuedo matricular un coche con volante a la derecha en Espa\u00f1a?<span class=\"ez-toc-section-end\"><\/span><\/h4>\n<!-- \/wp:heading -->\n\n<!-- wp:paragraph -->\n\nS\u00ed, todos los veh\u00edculos RHD con volante a la derecha pueden matricularse en Espa\u00f1a. Siempre y cuando se supere la ITV y el coche haya sido adaptado con la <a href=\"https:\/\/vehicleregistrationscostadelsol.com\/es\/cambio-de-faros-en-espana-realineacion\/\" target=\"_blank\" rel=\"noreferrer noopener\" aria-label=\"faros (se abre en una nueva pesta\u00f1a)\">faro<\/a> realineaci\u00f3n, luz antiniebla, luz de marcha atr\u00e1s y varios factores m\u00e1s para garantizar su idoneidad para circular por las carreteras espa\u00f1olas. Los coches de la UE son sencillos. Coches del Reino Unido despu\u00e9s de Brexit necesitar\u00e1n un nuevo certificado, pero todav\u00eda se puede hacer sin problemas.\n\n<!-- \/wp:paragraph -->\n\n<!-- wp:heading {\"level\":5} -->\n<h5><span class=\"ez-toc-section\" id=\"Can_a_non_resident_register_an_EU_car_in_Spain\"><\/span>\u00bfPuede un no residente matricular un coche de la UE en Espa\u00f1a?<span class=\"ez-toc-section-end\"><\/span><\/h5>\n<!-- \/wp:heading -->\n\n<!-- wp:paragraph -->\n\nS\u00ed, no es necesario ser residente para matricular su coche con matr\u00edcula espa\u00f1ola. Siempre y cuando el veh\u00edculo est\u00e9 asegurado y tenga al d\u00eda la ITV puedes dejar el coche y utilizarlo cuando circules por las carreteras espa\u00f1olas. Usted ser\u00e1 el titular del veh\u00edculo y tendr\u00e1 una matr\u00edcula espa\u00f1ola. Tambi\u00e9n tendr\u00e1s que estar al d\u00eda con el impuesto de circulaci\u00f3n en Espa\u00f1a.\n\n<!-- \/wp:paragraph -->\n\n<!-- wp:heading {\"level\":6} -->\n<h6><span class=\"ez-toc-section\" id=\"Do_you_offer_the_whole_service_for_Registering_An_EU_Car_In_Spain\"><\/span>\u00bfOfrecen ustedes el servicio completo de matriculaci\u00f3n de veh\u00edculos comunitarios en Espa\u00f1a?<span class=\"ez-toc-section-end\"><\/span><\/h6>\n<!-- \/wp:heading -->\n\n<!-- wp:paragraph -->\n\nS\u00ed, un servicio que por lo que sabemos no tiene rival en la costa, incluyendo una pre-comprobaci\u00f3n ITV GRATUITA de su veh\u00edculo. Muchas empresas y Gestores dicen ofrecer un servicio para la matriculaci\u00f3n de un coche de la UE en Espa\u00f1a, sin embargo muchos no saben c\u00f3mo preparar el coche listo para la ITV. <a href=\"https:\/\/share.google\/N2SEjMQSj8RaJAr8b\" target=\"_blank\" rel=\"noopener\">ITV,<\/a> piezas de origen, faros, faros antiniebla, luces de marcha atr\u00e1s y realineaci\u00f3n de faros. Desde luego no ofrecen el informe de Ficha T\u00e9cnica, te reservan y realizan la ITV, te ponen las matr\u00edculas. S\u00f3lo ayudan con el papeleo final en la mayor\u00eda de los casos.\n\n<!-- \/wp:paragraph -->\n<h6><span class=\"ez-toc-section\" id=\"Do_you_need_to_import_duty_VAT_on_an_EU_vehicle_importing_to_Spain\"><\/span>\u00bfEs necesario pagar derechos de importaci\u00f3n e IVA para importar un veh\u00edculo de la UE a Espa\u00f1a?<span class=\"ez-toc-section-end\"><\/span><\/h6>\nNormalmente no, los veh\u00edculos procedentes de la UE con destino a Espa\u00f1a est\u00e1n exentos del pago de derechos de importaci\u00f3n. El veh\u00edculo tiene que tener la conformidad correcta de la UE para que los derechos de importaci\u00f3n y el IVA est\u00e9n exentos. Esto es m\u00e1s f\u00e1cil si el veh\u00edculo est\u00e1 a su nombre. Sin embargo, si usted acaba de comprar el veh\u00edculo se necesita una factura de venta correcta.\n<h6><span class=\"ez-toc-section\" id=\"WhatsApp_your_Reg_Number\"><\/span>WhatsApp tu n\u00famero de registro<span class=\"ez-toc-section-end\"><\/span><\/h6>\n<h2><span class=\"ez-toc-section\" id=\"34_696_337_629\"><\/span><a href=\"https:\/\/wa.me\/+34696337629?text=Please%20send%20me%20a%20free%20quote\" target=\"_blank\" rel=\"noopener\">+34 696 337 629<\/a><span class=\"ez-toc-section-end\"><\/span><\/h2>\n<h6><span class=\"ez-toc-section\" id=\"BOOK_AN_APPOINTMENT_TODAY\"><\/span>RESERVE HOY MISMO UNA CITA<span class=\"ez-toc-section-end\"><\/span><\/h6>\n<a href=\"tel:+34696337629\">\n\nReserve ahora\n<\/a>","protected":false},"excerpt":{"rendered":"<p>Steps for registering an EU car in Spain. This page will give lots of valuable and informative information regards how to register your EU car in Spain. Registering an EU vehicle is usually quite a straight forward process. Generally EU cars have the steering on the left hand side of the car. the headlights point [&hellip;]<\/p>\n","protected":false},"author":1,"featured_media":1626,"parent":0,"menu_order":0,"comment_status":"closed","ping_status":"closed","template":"","meta":{"site-sidebar-layout":"default","site-content-layout":"default","ast-site-content-layout":"default","site-content-style":"default","site-sidebar-style":"default","ast-global-header-display":"","ast-banner-title-visibility":"","ast-main-header-display":"","ast-hfb-above-header-display":"","ast-hfb-below-header-display":"","ast-hfb-mobile-header-display":"","site-post-title":"","ast-breadcrumbs-content":"","ast-featured-img":"","footer-sml-layout":"","ast-disable-related-posts":"","theme-transparent-header-meta":"default","adv-header-id-meta":"","stick-header-meta":"","header-above-stick-meta":"","header-main-stick-meta":"","header-below-stick-meta":"","astra-migrate-meta-layouts":"set","ast-page-background-enabled":"default","ast-page-background-meta":{"desktop":{"background-color":"","background-image":"","background-repeat":"repeat","background-position":"center center","background-size":"auto","background-attachment":"scroll","background-type":"","background-media":"","overlay-type":"","overlay-color":"","overlay-opacity":"","overlay-gradient":""},"tablet":{"background-color":"","background-image":"","background-repeat":"repeat","background-position":"center center","background-size":"auto","background-attachment":"scroll","background-type":"","background-media":"","overlay-type":"","overlay-color":"","overlay-opacity":"","overlay-gradient":""},"mobile":{"background-color":"","background-image":"","background-repeat":"repeat","background-position":"center center","background-size":"auto","background-attachment":"scroll","background-type":"","background-media":"","overlay-type":"","overlay-color":"","overlay-opacity":"","overlay-gradient":""}},"ast-content-background-meta":{"desktop":{"background-color":"var(--ast-global-color-5)","background-image":"","background-repeat":"repeat","background-position":"center center","background-size":"auto","background-attachment":"scroll","background-type":"","background-media":"","overlay-type":"","overlay-color":"","overlay-opacity":"","overlay-gradient":""},"tablet":{"background-color":"var(--ast-global-color-5)","background-image":"","background-repeat":"repeat","background-position":"center center","background-size":"auto","background-attachment":"scroll","background-type":"","background-media":"","overlay-type":"","overlay-color":"","overlay-opacity":"","overlay-gradient":""},"mobile":{"background-color":"var(--ast-global-color-5)","background-image":"","background-repeat":"repeat","background-position":"center center","background-size":"auto","background-attachment":"scroll","background-type":"","background-media":"","overlay-type":"","overlay-color":"","overlay-opacity":"","overlay-gradient":""}},"footnotes":""},"class_list":["post-1977","page","type-page","status-publish","has-post-thumbnail","hentry"],"_links":{"self":[{"href":"https:\/\/vehicleregistrationscostadelsol.com\/es\/wp-json\/wp\/v2\/pages\/1977","targetHints":{"allow":["GET"]}}],"collection":[{"href":"https:\/\/vehicleregistrationscostadelsol.com\/es\/wp-json\/wp\/v2\/pages"}],"about":[{"href":"https:\/\/vehicleregistrationscostadelsol.com\/es\/wp-json\/wp\/v2\/types\/page"}],"author":[{"embeddable":true,"href":"https:\/\/vehicleregistrationscostadelsol.com\/es\/wp-json\/wp\/v2\/users\/1"}],"replies":[{"embeddable":true,"href":"https:\/\/vehicleregistrationscostadelsol.com\/es\/wp-json\/wp\/v2\/comments?post=1977"}],"version-history":[{"count":8,"href":"https:\/\/vehicleregistrationscostadelsol.com\/es\/wp-json\/wp\/v2\/pages\/1977\/revisions"}],"predecessor-version":[{"id":3586,"href":"https:\/\/vehicleregistrationscostadelsol.com\/es\/wp-json\/wp\/v2\/pages\/1977\/revisions\/3586"}],"wp:featuredmedia":[{"embeddable":true,"href":"https:\/\/vehicleregistrationscostadelsol.com\/es\/wp-json\/wp\/v2\/media\/1626"}],"wp:attachment":[{"href":"https:\/\/vehicleregistrationscostadelsol.com\/es\/wp-json\/wp\/v2\/media?parent=1977"}],"curies":[{"name":"wp","href":"https:\/\/api.w.org\/{rel}","templated":true}]}}