{"id":1999,"date":"2021-01-18T16:27:04","date_gmt":"2021-01-18T15:27:04","guid":{"rendered":"https:\/\/vehicleregistrationscostadelsol.com\/?page_id=1999"},"modified":"2026-02-15T15:22:36","modified_gmt":"2026-02-15T14:22:36","slug":"brexit-coches-y-residencia-en-el-reino-unido","status":"publish","type":"page","link":"https:\/\/vehicleregistrationscostadelsol.com\/es\/brexit-uk-cars-and-residency\/","title":{"rendered":"Coches de Reino Unido en Espa\u00f1a tras el Brexit: Normas, residencia y plazos"},"content":{"rendered":"<p><a href=\"https:\/\/vehicleregistrationscostadelsol.com\/es\/matricular-un-coche-britanico-en-espana\/\">Matricular un veh\u00edculo brit\u00e1nico en Espa\u00f1a<\/a> implica varios pasos, incluido el despacho de aduanas. En primer lugar, hay que comprobar si los veh\u00edculos brit\u00e1nicos que llegan a Espa\u00f1a tras el Brexit cumplen los requisitos.<\/p><div id=\"ez-toc-container\" class=\"ez-toc-v2_0_82_2 counter-hierarchy ez-toc-counter ez-toc-grey ez-toc-container-direction\">\n<div class=\"ez-toc-title-container\">\n<p class=\"ez-toc-title\" style=\"cursor:inherit\">\u00cdndice<\/p>\n<span class=\"ez-toc-title-toggle\"><a href=\"#\" class=\"ez-toc-pull-right ez-toc-btn ez-toc-btn-xs ez-toc-btn-default ez-toc-toggle\" aria-label=\"Alternar tabla de contenidos\"><span class=\"ez-toc-js-icon-con\"><span class=\"\"><span class=\"eztoc-hide\" style=\"display:none;\">Toggle<\/span><span class=\"ez-toc-icon-toggle-span\"><svg style=\"fill: #999;color:#999\" xmlns=\"http:\/\/www.w3.org\/2000\/svg\" class=\"list-377408\" width=\"20px\" height=\"20px\" viewbox=\"0 0 24 24\" fill=\"none\"><path d=\"M6 6H4v2h2V6zm14 0H8v2h12V6zM4 11h2v2H4v-2zm16 0H8v2h12v-2zM4 16h2v2H4v-2zm16 0H8v2h12v-2z\" fill=\"currentColor\"><\/path><\/svg><svg style=\"fill: #999;color:#999\" class=\"arrow-unsorted-368013\" xmlns=\"http:\/\/www.w3.org\/2000\/svg\" width=\"10px\" height=\"10px\" viewbox=\"0 0 24 24\" version=\"1.2\" baseprofile=\"tiny\"><path d=\"M18.2 9.3l-6.2-6.3-6.2 6.3c-.2.2-.3.4-.3.7s.1.5.3.7c.2.2.4.3.7.3h11c.3 0 .5-.1.7-.3.2-.2.3-.5.3-.7s-.1-.5-.3-.7zM5.8 14.7l6.2 6.3 6.2-6.3c.2-.2.3-.5.3-.7s-.1-.5-.3-.7c-.2-.2-.4-.3-.7-.3h-11c-.3 0-.5.1-.7.3-.2.2-.3.5-.3.7s.1.5.3.7z\"\/><\/svg><\/span><\/span><\/span><\/a><\/span><\/div>\n<nav><ul class='ez-toc-list ez-toc-list-level-1' ><li class='ez-toc-page-1 ez-toc-heading-level-2'><a class=\"ez-toc-link ez-toc-heading-1\" href=\"https:\/\/vehicleregistrationscostadelsol.com\/es\/brexit-uk-cars-and-residency\/#What_are_the_steps_to_register_a_UK_car_after_Brexit\" >Cu\u00e1les son los pasos para matricular un coche en Reino Unido tras el Brexit?<\/a><\/li><li class='ez-toc-page-1 ez-toc-heading-level-2'><a class=\"ez-toc-link ez-toc-heading-2\" href=\"https:\/\/vehicleregistrationscostadelsol.com\/es\/brexit-uk-cars-and-residency\/#What_information_is_used_to_calculate_the_cost_to_register_a_UK_car_in_Spain_after_Brexit\" >Qu\u00e9 informaci\u00f3n se utiliza para calcular el coste de matricular un coche brit\u00e1nico en Espa\u00f1a tras el Brexit?<\/a><\/li><li class='ez-toc-page-1 ez-toc-heading-level-2'><a class=\"ez-toc-link ez-toc-heading-3\" href=\"https:\/\/vehicleregistrationscostadelsol.com\/es\/brexit-uk-cars-and-residency\/#All_UK_cars_will_need_a_DUA_import_certificate\" >\u00bfTodos los coches del Reino Unido necesitar\u00e1n un certificado DUA (de importaci\u00f3n)?<\/a><ul class='ez-toc-list-level-3' ><li class='ez-toc-heading-level-3'><a class=\"ez-toc-link ez-toc-heading-4\" href=\"https:\/\/vehicleregistrationscostadelsol.com\/es\/brexit-uk-cars-and-residency\/#Good_News_Proving_your_UK_vehicle_was_in_Spain_before_Brexit\" >Buenas noticias... Demostrar que tu veh\u00edculo brit\u00e1nico estuvo en Espa\u00f1a antes del Brexit<\/a><\/li><\/ul><\/li><li class='ez-toc-page-1 ez-toc-heading-level-2'><a class=\"ez-toc-link ez-toc-heading-5\" href=\"https:\/\/vehicleregistrationscostadelsol.com\/es\/brexit-uk-cars-and-residency\/#Importing_a_UK_car_To_Spain\" >Importar un coche del Reino Unido a Espa\u00f1a<\/a><\/li><li class='ez-toc-page-1 ez-toc-heading-level-2'><a class=\"ez-toc-link ez-toc-heading-6\" href=\"https:\/\/vehicleregistrationscostadelsol.com\/es\/brexit-uk-cars-and-residency\/#Waiving_Import_Emissions_Taxes_on_UK_Cars_for_residency\" >Exenci\u00f3n de los impuestos de importaci\u00f3n y emisiones de los coches brit\u00e1nicos para residentes<\/a><\/li><li class='ez-toc-page-1 ez-toc-heading-level-2'><a class=\"ez-toc-link ez-toc-heading-7\" href=\"https:\/\/vehicleregistrationscostadelsol.com\/es\/brexit-uk-cars-and-residency\/#We_will_check_your_car_free_%E2%80%93_Pre_ITV_check\" >Revisamos su coche gratis - Pre ITV<\/a><ul class='ez-toc-list-level-3' ><li class='ez-toc-heading-level-3'><a class=\"ez-toc-link ez-toc-heading-8\" href=\"https:\/\/vehicleregistrationscostadelsol.com\/es\/brexit-uk-cars-and-residency\/#Other_factors_to_take_into_consideration\" >Otros factores a tener en cuenta<\/a><ul class='ez-toc-list-level-4' ><li class='ez-toc-heading-level-4'><a class=\"ez-toc-link ez-toc-heading-9\" href=\"https:\/\/vehicleregistrationscostadelsol.com\/es\/brexit-uk-cars-and-residency\/#Our_Solution_to_Importing_a_UK_car_to_Spain_after_Brexit\" >Nuestra soluci\u00f3n para importar un coche de Reino Unido a Espa\u00f1a tras el Brexit<\/a><\/li><\/ul><\/li><\/ul><\/li><\/ul><\/nav><\/div>\n\n\n\n\n<ul class=\"wp-block-list\">\n<li>Matricular el veh\u00edculo en el marco de una residencia reciente o nueva en Espa\u00f1a<\/li>\n\n\n\n<li>Matricular el veh\u00edculo como no residente en Espa\u00f1a<\/li>\n\n\n\n<li>Tener un veh\u00edculo del Reino Unido en Espa\u00f1a ANTES del Brexit. Cada ruta tiene un coste y unos impuestos diferentes a calcular para importar un coche del Reino Unido a Espa\u00f1a despu\u00e9s del Brexit.<\/li>\n<\/ul>\n\n\n\n<p>Es necesaria una factura de venta v\u00e1lida si el veh\u00edculo no est\u00e1 a nombre de la persona que desea matricularlo en Espa\u00f1a. <\/p>\n\n\n\n<h2 class=\"wp-block-heading\"><span class=\"ez-toc-section\" id=\"What_are_the_steps_to_register_a_UK_car_after_Brexit\"><\/span>Cu\u00e1les son los pasos para matricular un coche en Reino Unido tras el Brexit?<span class=\"ez-toc-section-end\"><\/span><\/h2>\n\n\n\n<ul class=\"wp-block-list\">\n<li>Obtener un certificado de conformidad (Ficha Reducia)<\/li>\n\n\n\n<li>Solicitar una ITV (Inspecci\u00f3n T\u00e9cnica)<\/li>\n\n\n\n<li>Obtenci\u00f3n de las fichas de la ITV cuando el veh\u00edculo ha pasado la inspecci\u00f3n<\/li>\n\n\n\n<li>Acreditar un certificado de importaci\u00f3n (Irlanda del Norte est\u00e1 exenta)<\/li>\n\n\n\n<li>Matriculaci\u00f3n definitiva del veh\u00edculo en Espa\u00f1a<\/li>\n\n\n\n<li>Pagar el impuesto de circulaci\u00f3n - IVTM<\/li>\n\n\n\n<li>Pago de las tasas de emisi\u00f3n (Modelo 576)<\/li>\n\n\n\n<li>Pedir las placas de matr\u00edcula f\u00edsicas espa\u00f1olas<\/li>\n\n\n\n<li>Solicitar un adhesivo ECO<\/li>\n\n\n\n<li>La DGT para los nuevos papeles espa\u00f1oles a su nombre - Permiso de Circulaci\u00f3n<\/li>\n<\/ul>\n\n\n\n<h2 class=\"wp-block-heading\"><span class=\"ez-toc-section\" id=\"What_information_is_used_to_calculate_the_cost_to_register_a_UK_car_in_Spain_after_Brexit\"><\/span>Qu\u00e9 informaci\u00f3n se utiliza para calcular el coste de matricular un coche brit\u00e1nico en Espa\u00f1a tras el Brexit? <span class=\"ez-toc-section-end\"><\/span><\/h2>\n\n\n\n<ul class=\"wp-block-list\">\n<li>Un documento V5C v\u00e1lido - Para calcular los impuestos<\/li>\n\n\n\n<li>Seguro, ITV e impuesto de circulaci\u00f3n v\u00e1lidos en el Reino Unido<\/li>\n\n\n\n<li>Validaci\u00f3n del veh\u00edculo, residente reciente o que se convierte en residente<\/li>\n\n\n\n<li>Convalidaci\u00f3n de derechos de importaci\u00f3n e IVA para no residentes<\/li>\n\n\n\n<li>Validaci\u00f3n de la prueba de que el veh\u00edculo estuvo aqu\u00ed antes del Brexit<\/li>\n\n\n\n<li>Comprobaci\u00f3n de la conformidad UE del veh\u00edculo<\/li>\n\n\n\n<li>Las emisiones de Co2 del tubo de escape<\/li>\n\n\n\n<li>La edad y la fecha de la primera matriculaci\u00f3n<\/li>\n\n\n\n<li>Identificaci\u00f3n y justificante de domicilio<\/li>\n<\/ul>\n\n\n\n<h2 class=\"wp-block-heading\"><span class=\"ez-toc-section\" id=\"All_UK_cars_will_need_a_DUA_import_certificate\"><\/span>\u00bfTodos los coches del Reino Unido necesitar\u00e1n un certificado DUA (de importaci\u00f3n)?<span class=\"ez-toc-section-end\"><\/span><\/h2>\n\n\n\n<p>Hay muchas confusiones sobre <strong>Importar un coche del Reino Unido a Espa\u00f1a tras el Brexit<\/strong> por el momento, \u00bfhabr\u00e1 impuestos, no habr\u00e1 impuestos, cu\u00e1les ser\u00e1n los impuestos si los hay? Ahora tenemos una aclaraci\u00f3n de las \u2018normas actuales\u2019, pero no podemos garantizar que no cambien en un futuro pr\u00f3ximo. <strong>Si usted est\u00e1 trayendo un coche que se encuentra en el Reino Unido en la actualidad esto es mucho m\u00e1s f\u00e1cil y en contacto con nosotros<\/strong>.<\/p>\n\n\n\n<p>En enero de 2021 y despu\u00e9s de deliberar, a los coches del Reino Unido se les iba a pedir m\u00e1s documentaci\u00f3n que antes del 31 de diciembre de 2020 (Brexit) El Reino Unido es ahora considerado un \"tercer pa\u00eds\" extranjero en Espa\u00f1a y la UE y, como resultado, la forma en que los coches del Reino Unido se matriculan en las matr\u00edculas espa\u00f1olas ha cambiado.<\/p>\n\n\n\n<p>Sin embargo, existe la posibilidad de renunciar a estos elevad\u00edsimos impuestos. No obstante, debe comprobar si cumple los requisitos para acogerse a la exenci\u00f3n. La posibilidad de renunciar a los impuestos en Espa\u00f1a depende de las siguientes circunstancias <\/p>\n\n\n\n<ul class=\"wp-block-list\">\n<li>Va a ser residente o lo ha sido en los \u00faltimos 12 meses <\/li>\n\n\n\n<li>No se va a convertir en residente y desea que su coche del Reino Unido permanezca en Espa\u00f1a<\/li>\n\n\n\n<li>Ten\u00edas un veh\u00edculo en Espa\u00f1a antes del Brexit que no ha salido de Espa\u00f1a. <\/li>\n<\/ul>\n\n\n\n<p>En enero de 2021 la DGT (Tr\u00e1fico) dio la noticia de que a partir del 1 de enero todos los veh\u00edculos del Reino Unido deb\u00edan presentar un certificado DUA (de importaci\u00f3n). Este documento acredita que el veh\u00edculo ha pasado por la aduana. La DGT ahora requieren que todos los veh\u00edculos del Reino Unido proporcionar un certificado de aduanas de importaci\u00f3n, incluso si usted est\u00e1 renunciando a estos impuestos debido a la residencia, o PRE Brexit prueba del veh\u00edculo en Espa\u00f1a. Sin embargo, este no es el caso si el veh\u00edculo est\u00e1 registrado en Irlanda del Norte, que todav\u00eda disfrutan de la exenci\u00f3n de impuestos y el protocolo de comercio de la UE. <\/p>\n\n\n\n<h3 class=\"wp-block-heading\"><span class=\"ez-toc-section\" id=\"Good_News_Proving_your_UK_vehicle_was_in_Spain_before_Brexit\"><\/span>Buenas noticias... Demostrar que tu veh\u00edculo brit\u00e1nico estuvo en Espa\u00f1a antes del Brexit<span class=\"ez-toc-section-end\"><\/span><\/h3>\n\n\n\n<p>Avanza y una gran noticia es que en Andaluc\u00eda si podemos demostrar que tu coche estuvo en el pa\u00eds antes del 31 de diciembre <strong>nosotros<\/strong> <strong>puede por el momento tramitar la matriculaci\u00f3n en matr\u00edculas espa\u00f1olas sin el DUA (documento aduanero de importaci\u00f3n)<\/strong>. Esto no puede ser una foto del coche fuera de su propiedad, etc, necesitamos pruebas s\u00f3lidas. Imagina que eres el agente de la DGT y \u00e9l est\u00e1 firmando la matr\u00edcula espa\u00f1ola.<\/p>\n\n\n\n<p><strong>La prueba tendr\u00eda que ser en forma de pre 31 de diciembre 2020 <\/strong><\/p>\n\n\n\n<ul class=\"wp-block-list\">\n<li>Placas verdes (placas temporales) <\/li>\n\n\n\n<li>Una prueba de ITV<\/li>\n\n\n\n<li>Multas de tr\u00e1fico<\/li>\n\n\n\n<li>Documentos de viaje incluidos Ferry o Eurot\u00fanel<\/li>\n\n\n\n<li>Facturas de mantenimiento o mec\u00e1nica <\/li>\n\n\n\n<li>Cualquier cosa que pueda probar que el veh\u00edculo estuvo aqu\u00ed antes del 31 de diciembre de 2020.<\/li>\n<\/ul>\n\n\n\n<p>No podemos garantizar la decisi\u00f3n de que se ha presentado la prueba. Esta decisi\u00f3n corresponde a la DGT. <\/p>\n\n\n\n<h2 class=\"wp-block-heading\"><span class=\"ez-toc-section\" id=\"Importing_a_UK_car_To_Spain\"><\/span>Importar un coche del Reino Unido a Espa\u00f1a<span class=\"ez-toc-section-end\"><\/span><\/h2>\n\n\n\n<p>Aseg\u00farese de que su agente de importaci\u00f3n dispone del certificado DUA correcto antes del env\u00edo. Si no, el veh\u00edculo puede ser gravado en el punto de entrada en Espa\u00f1a (31% del precio contable del veh\u00edculo). Si no, el veh\u00edculo puede ser gravado en el punto de entrada en Espa\u00f1a (31% del precio contable del veh\u00edculo) Esto puede y debe ser evitado por su importador. Si necesita un presupuesto para importar su coche a Espa\u00f1a, p\u00f3ngase en contacto con nosotros. <\/p>\n\n\n\n<p>Podemos ayudarle con <strong>importar un coche del Reino Unido a Espa\u00f1a<\/strong> y tambi\u00e9n podemos garantizar la posibilidad de poder <strong>exenci\u00f3n de impuestos a la importaci\u00f3n de autom\u00f3viles<\/strong> para las solicitudes de residencia. <\/p>\n\n\n\n<h2 class=\"wp-block-heading\"><span class=\"ez-toc-section\" id=\"Waiving_Import_Emissions_Taxes_on_UK_Cars_for_residency\"><\/span>Exenci\u00f3n de los impuestos de importaci\u00f3n y emisiones de los coches brit\u00e1nicos para residentes<span class=\"ez-toc-section-end\"><\/span><\/h2>\n\n\n\n<p>Si usted est\u00e1 importando un coche del Reino Unido en Espa\u00f1a y usted est\u00e1 en el proceso de, o acaba de tomar la residencia a continuaci\u00f3n, en la mayor\u00eda de las circunstancias, tanto los impuestos de importaci\u00f3n y los impuestos de emisi\u00f3n puede ser renunciado. Esto se destacar\u00e1 en un <a aria-label=\"Presupuesto GRATUITO (se abre en una nueva pesta\u00f1a)\" class=\"rank-math-link\" href=\"https:\/\/vehicleregistrationscostadelsol.com\/es\/pongase-en-contacto-con\/\" target=\"_blank\" rel=\"noreferrer noopener\">Presupuesto GRATUITO<\/a> que podemos darle. Todos los dem\u00e1s impuestos normales y los costes fijos, tales como el impuesto de circulaci\u00f3n en Espa\u00f1a, la prueba de la ITV, DGT, etc se aplicar\u00e1n con normalidad. B\u00e1sicamente lo que significa que aparte de un certificado DUA que es negocio como de costumbre como lo fue antes de Brexit coches del Reino Unido y la residencia. <strong>Proporcionamos solicitudes de residencia como parte de nuestro servicio en caso de que lo necesite.<\/strong> <\/p>\n\n\n\n<p>Para la exenci\u00f3n de impuestos necesitamos pruebas de:<\/p>\n\n\n\n<ul class=\"wp-block-list\">\n<li>Residencia en los \u00faltimos 6 meses - Exenci\u00f3n de impuestos de importaci\u00f3n<\/li>\n\n\n\n<li>Residencia en los \u00faltimos 60 d\u00edas - Exenci\u00f3n de impuestos de emisi\u00f3n<\/li>\n\n\n\n<li>Hay que estar al d\u00eda con Padron y los tr\u00e1mites para las exenciones fiscales del Brexit.<\/li>\n\n\n\n<li>Justificante de domicilio en el Reino Unido antes de residir en Espa\u00f1a. <\/li>\n<\/ul>\n\n\n\n<h2 class=\"wp-block-heading\"><span class=\"ez-toc-section\" id=\"We_will_check_your_car_free_%E2%80%93_Pre_ITV_check\"><\/span>Revisamos su coche gratis - Pre ITV<span class=\"ez-toc-section-end\"><\/span><\/h2>\n\n\n\n<p>Conduzca su coche hasta nosotros en Riviera Del Sol con cita previa, comprobaremos su coche por lo que podr\u00eda fallar para la prueba de la ITV. Faros, neum\u00e1ticos, etc. Este es un servicio \u00fanico que ofrecemos y realizamos aproximadamente 15 comprobaciones. Una revisi\u00f3n previa a la ITV. Aseg\u00farese de traer toda la documentaci\u00f3n con usted para que podamos escanear el papeleo si usted decide que nos necesita para obtener su coche en placas espa\u00f1olas. <\/p>\n\n\n\n<h3 class=\"wp-block-heading\"><span class=\"ez-toc-section\" id=\"Other_factors_to_take_into_consideration\"><\/span>Otros factores a tener en cuenta<span class=\"ez-toc-section-end\"><\/span><\/h3>\n\n\n\n<p>Hay muchos otros factores a tener en cuenta. \u00bfEst\u00e1n adaptados los faros? \u00bfNecesitan realineaci\u00f3n, el coche tiene Ficha T\u00e9cnica, hay alg\u00fan otro fallo de ITV en su coche? Todo esto hay que tenerlo en cuenta. <br><\/p>\n\n\n\n<h4 class=\"wp-block-heading\"><span class=\"ez-toc-section\" id=\"Our_Solution_to_Importing_a_UK_car_to_Spain_after_Brexit\"><\/span>Nuestra soluci\u00f3n para importar un coche de Reino Unido a Espa\u00f1a tras el Brexit<span class=\"ez-toc-section-end\"><\/span><\/h4>\n\n\n\n<ul class=\"wp-block-list\">\n<li>Exenci\u00f3n de impuestos para vincular a la residencia (hay un l\u00edmite de tiempo)<\/li>\n\n\n\n<li>Demostrar que el coche tiene conformidad UE y demostrar que el coche estaba en Espa\u00f1a antes del Brexit (no aplicable si se importa ahora).<\/li>\n\n\n\n<li>Importar un coche del Reino Unido a Espa\u00f1a<\/li>\n\n\n\n<li>Impuestos de importaci\u00f3n de coches en el Reino Unido<\/li>\n\n\n\n<li>Presupuestos gratuitos mientras tanto, incluido el DUA<\/li>\n\n\n\n<li>Asistir con usted en persona al DUA (coste adicional) <\/li>\n\n\n\n<li><strong>Una comprobaci\u00f3n GRATUITA de su veh\u00edculo para ver qu\u00e9 gastos adicionales puede necesitar su coche en el Reino Unido<\/strong><\/li>\n\n\n\n<li>Realizamos la Ficha T\u00e9cnica requerida para la ITV (podemos desplazarnos si es geogr\u00e1ficamente razonable)<\/li>\n\n\n\n<li>Paquetes de residencia vinculados a la importaci\u00f3n de veh\u00edculos a Espa\u00f1a<\/li>\n\n\n\n<li>Reajuste de faros o faros nuevos<\/li>\n\n\n\n<li>Reserva de pruebas ITV y lo hacemos por ti<\/li>\n\n\n\n<li>Todos los impuestos tramitados<\/li>\n\n\n\n<li>Impuesto de circulaci\u00f3n tramitado<\/li>\n\n\n\n<li>Nos entregan las placas y la documentaci\u00f3n y nosotros colocamos las placas en el coche por ti<\/li>\n\n\n\n<li>Mec\u00e1nica de ayuda pre\/post ITV<\/li>\n\n\n\n<li>Repetici\u00f3n de la prueba GRATUITA si el coche suspende<\/li>\n\n\n\n<li>Mucho m\u00e1s....... <\/li>\n<\/ul>\n\n\n\n<p>No dude en <a href=\"https:\/\/vehicleregistrationscostadelsol.com\/es\/pongase-en-contacto-con\/\" data-type=\"URL\" data-id=\"https:\/\/vehicleregistrationscostadelsol.com\/contact\/\">Contacto<\/a> para m\u00e1s informaci\u00f3n. <\/p>\n\n\n<p><a href=\"https:\/\/wa.me\/+34696337629?text=Please%20send%20me%20a%20free%20quote\" target=\"_blank\" rel=\"noopener\">&nbsp;<\/a><\/p>\n\n\n<p><\/p>","protected":false},"excerpt":{"rendered":"<p>Registering a UK vehicle in Spain involves several steps including customs clearance. First the eligibility needs to be checked &#8211; UK cars coming to Spain after Brexit have three routes. A valid Sales invoice is necessary if the vehicle is not in the name of the person wishing to register the vehicle in Spain. What [&hellip;]<\/p>\n","protected":false},"author":1,"featured_media":2566,"parent":0,"menu_order":0,"comment_status":"closed","ping_status":"closed","template":"","meta":{"site-sidebar-layout":"default","site-content-layout":"default","ast-site-content-layout":"default","site-content-style":"default","site-sidebar-style":"default","ast-global-header-display":"","ast-banner-title-visibility":"","ast-main-header-display":"","ast-hfb-above-header-display":"","ast-hfb-below-header-display":"","ast-hfb-mobile-header-display":"","site-post-title":"","ast-breadcrumbs-content":"","ast-featured-img":"","footer-sml-layout":"","ast-disable-related-posts":"","theme-transparent-header-meta":"default","adv-header-id-meta":"","stick-header-meta":"","header-above-stick-meta":"","header-main-stick-meta":"","header-below-stick-meta":"","astra-migrate-meta-layouts":"set","ast-page-background-enabled":"default","ast-page-background-meta":{"desktop":{"background-color":"","background-image":"","background-repeat":"repeat","background-position":"center center","background-size":"auto","background-attachment":"scroll","background-type":"","background-media":"","overlay-type":"","overlay-color":"","overlay-opacity":"","overlay-gradient":""},"tablet":{"background-color":"","background-image":"","background-repeat":"repeat","background-position":"center center","background-size":"auto","background-attachment":"scroll","background-type":"","background-media":"","overlay-type":"","overlay-color":"","overlay-opacity":"","overlay-gradient":""},"mobile":{"background-color":"","background-image":"","background-repeat":"repeat","background-position":"center center","background-size":"auto","background-attachment":"scroll","background-type":"","background-media":"","overlay-type":"","overlay-color":"","overlay-opacity":"","overlay-gradient":""}},"ast-content-background-meta":{"desktop":{"background-color":"var(--ast-global-color-5)","background-image":"","background-repeat":"repeat","background-position":"center center","background-size":"auto","background-attachment":"scroll","background-type":"","background-media":"","overlay-type":"","overlay-color":"","overlay-opacity":"","overlay-gradient":""},"tablet":{"background-color":"var(--ast-global-color-5)","background-image":"","background-repeat":"repeat","background-position":"center center","background-size":"auto","background-attachment":"scroll","background-type":"","background-media":"","overlay-type":"","overlay-color":"","overlay-opacity":"","overlay-gradient":""},"mobile":{"background-color":"var(--ast-global-color-5)","background-image":"","background-repeat":"repeat","background-position":"center center","background-size":"auto","background-attachment":"scroll","background-type":"","background-media":"","overlay-type":"","overlay-color":"","overlay-opacity":"","overlay-gradient":""}},"footnotes":""},"class_list":["post-1999","page","type-page","status-publish","has-post-thumbnail","hentry"],"_links":{"self":[{"href":"https:\/\/vehicleregistrationscostadelsol.com\/es\/wp-json\/wp\/v2\/pages\/1999","targetHints":{"allow":["GET"]}}],"collection":[{"href":"https:\/\/vehicleregistrationscostadelsol.com\/es\/wp-json\/wp\/v2\/pages"}],"about":[{"href":"https:\/\/vehicleregistrationscostadelsol.com\/es\/wp-json\/wp\/v2\/types\/page"}],"author":[{"embeddable":true,"href":"https:\/\/vehicleregistrationscostadelsol.com\/es\/wp-json\/wp\/v2\/users\/1"}],"replies":[{"embeddable":true,"href":"https:\/\/vehicleregistrationscostadelsol.com\/es\/wp-json\/wp\/v2\/comments?post=1999"}],"version-history":[{"count":2,"href":"https:\/\/vehicleregistrationscostadelsol.com\/es\/wp-json\/wp\/v2\/pages\/1999\/revisions"}],"predecessor-version":[{"id":3433,"href":"https:\/\/vehicleregistrationscostadelsol.com\/es\/wp-json\/wp\/v2\/pages\/1999\/revisions\/3433"}],"wp:featuredmedia":[{"embeddable":true,"href":"https:\/\/vehicleregistrationscostadelsol.com\/es\/wp-json\/wp\/v2\/media\/2566"}],"wp:attachment":[{"href":"https:\/\/vehicleregistrationscostadelsol.com\/es\/wp-json\/wp\/v2\/media?parent=1999"}],"curies":[{"name":"wp","href":"https:\/\/api.w.org\/{rel}","templated":true}]}}