{"id":2475,"date":"2022-04-15T16:08:20","date_gmt":"2022-04-15T14:08:20","guid":{"rendered":"https:\/\/vehicleregistrationscostadelsol.com\/?page_id=2475"},"modified":"2025-02-05T00:08:36","modified_gmt":"2025-02-04T23:08:36","slug":"matricular-una-moto-en-espana","status":"publish","type":"page","link":"https:\/\/vehicleregistrationscostadelsol.com\/es\/registering-a-motorbike-in-spain\/","title":{"rendered":"Matricular una moto en Espa\u00f1a"},"content":{"rendered":"<p>Matricular una moto en Espa\u00f1a es bastante sencillo. Si la moto es de la UE muy sencillo. Desde el Reino Unido tenemos que echar un vistazo a si podemos renunciar a los impuestos despu\u00e9s de Brexit.  En matriculaciones de veh\u00edculos Costa Del Sol no s\u00f3lo hacemos coches, pero tambi\u00e9n tenemos mucha experiencia con las motocicletas. Nos ocupamos de todo el proceso para usted. Para que podamos darle un presupuesto gratuito necesitamos informaci\u00f3n sobre la motocicleta. <\/p><div id=\"ez-toc-container\" class=\"ez-toc-v2_0_82_2 counter-hierarchy ez-toc-counter ez-toc-grey ez-toc-container-direction\">\n<div class=\"ez-toc-title-container\">\n<p class=\"ez-toc-title\" style=\"cursor:inherit\">\u00cdndice<\/p>\n<span class=\"ez-toc-title-toggle\"><a href=\"#\" class=\"ez-toc-pull-right ez-toc-btn ez-toc-btn-xs ez-toc-btn-default ez-toc-toggle\" aria-label=\"Alternar tabla de contenidos\"><span class=\"ez-toc-js-icon-con\"><span class=\"\"><span class=\"eztoc-hide\" style=\"display:none;\">Toggle<\/span><span class=\"ez-toc-icon-toggle-span\"><svg style=\"fill: #999;color:#999\" xmlns=\"http:\/\/www.w3.org\/2000\/svg\" class=\"list-377408\" width=\"20px\" height=\"20px\" viewbox=\"0 0 24 24\" fill=\"none\"><path d=\"M6 6H4v2h2V6zm14 0H8v2h12V6zM4 11h2v2H4v-2zm16 0H8v2h12v-2zM4 16h2v2H4v-2zm16 0H8v2h12v-2z\" fill=\"currentColor\"><\/path><\/svg><svg style=\"fill: #999;color:#999\" class=\"arrow-unsorted-368013\" xmlns=\"http:\/\/www.w3.org\/2000\/svg\" width=\"10px\" height=\"10px\" viewbox=\"0 0 24 24\" version=\"1.2\" baseprofile=\"tiny\"><path d=\"M18.2 9.3l-6.2-6.3-6.2 6.3c-.2.2-.3.4-.3.7s.1.5.3.7c.2.2.4.3.7.3h11c.3 0 .5-.1.7-.3.2-.2.3-.5.3-.7s-.1-.5-.3-.7zM5.8 14.7l6.2 6.3 6.2-6.3c.2-.2.3-.5.3-.7s-.1-.5-.3-.7c-.2-.2-.4-.3-.7-.3h-11c-.3 0-.5.1-.7.3-.2.2-.3.5-.3.7s.1.5.3.7z\"\/><\/svg><\/span><\/span><\/span><\/a><\/span><\/div>\n<nav><ul class='ez-toc-list ez-toc-list-level-1' ><li class='ez-toc-page-1 ez-toc-heading-level-3'><a class=\"ez-toc-link ez-toc-heading-1\" href=\"https:\/\/vehicleregistrationscostadelsol.com\/es\/registering-a-motorbike-in-spain\/#What_is_the_process_to_registering_a_motorbike_in_Spain\" >\u00bfCu\u00e1l es el proceso para matricular una moto en Espa\u00f1a?<\/a><ul class='ez-toc-list-level-4' ><li class='ez-toc-heading-level-4'><a class=\"ez-toc-link ez-toc-heading-2\" href=\"https:\/\/vehicleregistrationscostadelsol.com\/es\/registering-a-motorbike-in-spain\/#Can_you_modify_a_motorbike_in_Spain\" >\u00bfSe puede modificar una moto en Espa\u00f1a?<\/a><\/li><li class='ez-toc-page-1 ez-toc-heading-level-4'><a class=\"ez-toc-link ez-toc-heading-3\" href=\"https:\/\/vehicleregistrationscostadelsol.com\/es\/registering-a-motorbike-in-spain\/#Importing_a_motorcycle_into_Spain\" >Importar una moto a Espa\u00f1a<\/a><ul class='ez-toc-list-level-5' ><li class='ez-toc-heading-level-5'><a class=\"ez-toc-link ez-toc-heading-4\" href=\"https:\/\/vehicleregistrationscostadelsol.com\/es\/registering-a-motorbike-in-spain\/#Where_is_the_motorcycle_test_done_in_Spain\" >\u00bfD\u00f3nde se hace el examen de moto en Espa\u00f1a?<\/a><\/li><\/ul><\/li><\/ul><\/li><\/ul><\/nav><\/div>\n\n\n\n\n<p>Para matricular una moto en Espa\u00f1a necesitas:<\/p>\n\n\n\n<ul class=\"wp-block-list\">\n<li>Documentos de matriculaci\u00f3n de veh\u00edculos<\/li>\n\n\n\n<li>Un certificado de conformidad (podemos proporcion\u00e1rselo)<\/li>\n\n\n\n<li>Tarjeta NIE o TIE<\/li>\n\n\n\n<li>Justificante de domicilio<\/li>\n<\/ul>\n\n\n\n<p>Si su moto ha sido modificada de alguna manera, la ITV necesita cierta informaci\u00f3n antes de cualquier inspecci\u00f3n. B\u00e1sicamente, la moto tiene que ser est\u00e1ndar de f\u00e1brica. Por favor, p\u00f3ngase en contacto con nosotros si ha modificado su moto. Las motocicletas de menos de 250cc no pagan ning\u00fan impuesto especial de matriculaci\u00f3n, impuestos de Co2.<\/p>\n\n\n\n<h3 class=\"wp-block-heading\"><span class=\"ez-toc-section\" id=\"What_is_the_process_to_registering_a_motorbike_in_Spain\"><\/span>\u00bfCu\u00e1l es el proceso para matricular una moto en Espa\u00f1a?<span class=\"ez-toc-section-end\"><\/span><\/h3>\n\n\n\n<p>Por favor, vea m\u00e1s arriba, necesitamos informaci\u00f3n sobre la moto y cualquier informaci\u00f3n adjunta. entonces podemos conseguirle un presupuesto gratuito. Para cotizaciones super r\u00e1pido por favor no dude en <a href=\"https:\/\/www.cognitoforms.com\/VehicleRegistrations\/MotorbikeQuote?v2\" data-type=\"URL\" data-id=\"https:\/\/www.cognitoforms.com\/VehicleRegistrations\/MotorbikeQuote?v2\" target=\"_blank\" rel=\"noreferrer noopener\">rellene este formulario r\u00e1pido<\/a>. Recibir\u00e1 un correo electr\u00f3nico donde podr\u00e1 enviarnos la documentaci\u00f3n que necesitamos. Es muy importante que veamos los documentos para que podamos la informaci\u00f3n t\u00e9cnica sobre el veh\u00edculo y la secci\u00f3n K todos los importantes que muestra si el veh\u00edculo tiene la conformidad europea o ahora. <\/p>\n\n\n\n<h4 class=\"wp-block-heading\"><span class=\"ez-toc-section\" id=\"Can_you_modify_a_motorbike_in_Spain\"><\/span>\u00bfSe puede modificar una moto en Espa\u00f1a?<span class=\"ez-toc-section-end\"><\/span><\/h4>\n\n\n\n<p>En pocas palabras, no. La ITV es muy estricta con las modificaciones que se realizan al matricular una moto en Espa\u00f1a. Pr\u00e1cticamente cualquier cosa que no sea de serie en la moto se considera que no puede pasar la ITV. Las modificaciones no existen en Espa\u00f1a. Si el veh\u00edculo tiene un certificado de conformidad, comprueban que la moto cumple con el est\u00e1ndar de f\u00e1brica y cualquier modificaci\u00f3n no pasar\u00e1 la ITV. Hay una manera de registrar las modificaciones en Espa\u00f1a, sin embargo, el proceso es extremadamente dif\u00edcil. Por favor, p\u00f3ngase en contacto con nosotros si su motocicleta es de alguna manera diferente de cuando sali\u00f3 de la f\u00e1brica. Piezas iguales obviamente no hay problema. Que <a href=\"https:\/\/www.fuelexhausts.com\/\" data-type=\"URL\" data-id=\"https:\/\/www.fuelexhausts.com\/\" target=\"_blank\" rel=\"noreferrer noopener\">grueso exhaustivo<\/a>Puede causar un problema. <\/p>\n\n\n\n<p>La moto debe estar homologada con el certificado de conformidad. Si su moto no tiene uno que podemos ayudar a proporcionar uno para usted. En el Reino Unido motocicletas puede que tenga que cambiar el faro tambi\u00e9n. <\/p>\n\n\n\n<h4 class=\"wp-block-heading\"><span class=\"ez-toc-section\" id=\"Importing_a_motorcycle_into_Spain\"><\/span>Importar una moto a Espa\u00f1a<span class=\"ez-toc-section-end\"><\/span><\/h4>\n\n\n\n<p>Podemos ayudarle con la importaci\u00f3n de una motocicleta a Espa\u00f1a. Tenemos nuestro propio agente de importaci\u00f3n para tratar con el documento DUA que es el papeleo para importar legalmente su motocicleta a Espa\u00f1a. Tal vez usted est\u00e1 pensando en mudarse a Espa\u00f1a de forma permanente. <a href=\"https:\/\/equitas-property.com\/en_gb\/non-lucrative-visa-spain\/\" data-type=\"URL\" data-id=\"https:\/\/equitas-property.com\/en_gb\/non-lucrative-visa-spain\/\" target=\"_blank\" rel=\"noreferrer noopener\">residencia<\/a> en Espa\u00f1a. Si es as\u00ed, usted puede potencialmente escribir de cualquier derecho de importaci\u00f3n y los cargos de IVA (IVA es el IVA en 21%) Por favor, p\u00f3ngase en contacto con nosotros para obtener m\u00e1s detalles acerca de esto. Si su motocicleta es un veh\u00edculo de la UE, entonces no hay necesidad de preocuparse por los derechos de importaci\u00f3n o IVA. <\/p>\n\n\n\n<h5 class=\"wp-block-heading\"><span class=\"ez-toc-section\" id=\"Where_is_the_motorcycle_test_done_in_Spain\"><\/span>\u00bfD\u00f3nde se hace el examen de moto en Espa\u00f1a?<span class=\"ez-toc-section-end\"><\/span><\/h5>\n\n\n\n<p>El examen de motocicleta se realiza en un centro ITV. Para una matriculaci\u00f3n completa se necesita la documentaci\u00f3n correcta para, en primer lugar, reservar la ITV y, en segundo lugar, tener toda la documentaci\u00f3n correcta para importar una motocicleta a Espa\u00f1a. Nosotros se lo proporcionamos y asistimos a la ITV con usted, nos ocupamos de todo el papeleo antes y despu\u00e9s de la ITV. El veh\u00edculo es llamado a un carril de motocicletas para realizar la prueba. Despu\u00e9s de la ITV el papeleo necesita ser arreglado para el registro final incluyendo<\/p>\n\n\n\n<ul class=\"wp-block-list\">\n<li>Pago de los impuestos de emisi\u00f3n (en su caso)<\/li>\n\n\n\n<li>Impuesto de circulaci\u00f3n<\/li>\n\n\n\n<li>Inscripci\u00f3n definitiva en la DGT<\/li>\n\n\n\n<li>Pedir las placas de matr\u00edcula<\/li>\n\n\n\n<li>Tr\u00e1mites con la Agencia Tributaria<\/li>\n<\/ul>\n\n\n\n<p><\/p>","protected":false},"excerpt":{"rendered":"<p>Registering a motorbike in Spain is pretty straight forward. If the Motorbike is EU very straight forward. From the UK we need to take a look at if we can waive taxes after Brexit. At vehicle registrations Costa Del Sol we not only do cars but we also have much experience with motorbikes. We deal [&hellip;]<\/p>\n","protected":false},"author":1,"featured_media":2562,"parent":0,"menu_order":0,"comment_status":"closed","ping_status":"closed","template":"","meta":{"site-sidebar-layout":"default","site-content-layout":"","ast-site-content-layout":"default","site-content-style":"default","site-sidebar-style":"default","ast-global-header-display":"","ast-banner-title-visibility":"","ast-main-header-display":"","ast-hfb-above-header-display":"","ast-hfb-below-header-display":"","ast-hfb-mobile-header-display":"","site-post-title":"","ast-breadcrumbs-content":"","ast-featured-img":"","footer-sml-layout":"","ast-disable-related-posts":"","theme-transparent-header-meta":"","adv-header-id-meta":"","stick-header-meta":"","header-above-stick-meta":"","header-main-stick-meta":"","header-below-stick-meta":"","astra-migrate-meta-layouts":"set","ast-page-background-enabled":"default","ast-page-background-meta":{"desktop":{"background-color":"","background-image":"","background-repeat":"repeat","background-position":"center center","background-size":"auto","background-attachment":"scroll","background-type":"","background-media":"","overlay-type":"","overlay-color":"","overlay-gradient":""},"tablet":{"background-color":"","background-image":"","background-repeat":"repeat","background-position":"center center","background-size":"auto","background-attachment":"scroll","background-type":"","background-media":"","overlay-type":"","overlay-color":"","overlay-gradient":""},"mobile":{"background-color":"","background-image":"","background-repeat":"repeat","background-position":"center center","background-size":"auto","background-attachment":"scroll","background-type":"","background-media":"","overlay-type":"","overlay-color":"","overlay-gradient":""}},"ast-content-background-meta":{"desktop":{"background-color":"var(--ast-global-color-5)","background-image":"","background-repeat":"repeat","background-position":"center center","background-size":"auto","background-attachment":"scroll","background-type":"","background-media":"","overlay-type":"","overlay-color":"","overlay-gradient":""},"tablet":{"background-color":"var(--ast-global-color-5)","background-image":"","background-repeat":"repeat","background-position":"center center","background-size":"auto","background-attachment":"scroll","background-type":"","background-media":"","overlay-type":"","overlay-color":"","overlay-gradient":""},"mobile":{"background-color":"var(--ast-global-color-5)","background-image":"","background-repeat":"repeat","background-position":"center center","background-size":"auto","background-attachment":"scroll","background-type":"","background-media":"","overlay-type":"","overlay-color":"","overlay-gradient":""}},"footnotes":""},"class_list":["post-2475","page","type-page","status-publish","has-post-thumbnail","hentry"],"_links":{"self":[{"href":"https:\/\/vehicleregistrationscostadelsol.com\/es\/wp-json\/wp\/v2\/pages\/2475","targetHints":{"allow":["GET"]}}],"collection":[{"href":"https:\/\/vehicleregistrationscostadelsol.com\/es\/wp-json\/wp\/v2\/pages"}],"about":[{"href":"https:\/\/vehicleregistrationscostadelsol.com\/es\/wp-json\/wp\/v2\/types\/page"}],"author":[{"embeddable":true,"href":"https:\/\/vehicleregistrationscostadelsol.com\/es\/wp-json\/wp\/v2\/users\/1"}],"replies":[{"embeddable":true,"href":"https:\/\/vehicleregistrationscostadelsol.com\/es\/wp-json\/wp\/v2\/comments?post=2475"}],"version-history":[{"count":0,"href":"https:\/\/vehicleregistrationscostadelsol.com\/es\/wp-json\/wp\/v2\/pages\/2475\/revisions"}],"wp:featuredmedia":[{"embeddable":true,"href":"https:\/\/vehicleregistrationscostadelsol.com\/es\/wp-json\/wp\/v2\/media\/2562"}],"wp:attachment":[{"href":"https:\/\/vehicleregistrationscostadelsol.com\/es\/wp-json\/wp\/v2\/media?parent=2475"}],"curies":[{"name":"wp","href":"https:\/\/api.w.org\/{rel}","templated":true}]}}