{"id":2686,"date":"2022-11-14T14:31:28","date_gmt":"2022-11-14T13:31:28","guid":{"rendered":"https:\/\/vehicleregistrationscostadelsol.com\/?page_id=2686"},"modified":"2025-07-05T15:01:51","modified_gmt":"2025-07-05T13:01:51","slug":"matricular-un-vehiculo-de-la-ue-o-del-reino-unido-en-alicante","status":"publish","type":"page","link":"https:\/\/vehicleregistrationscostadelsol.com\/es\/register-a-eu-or-uk-vehicle-in-alicante\/","title":{"rendered":"Matricular un veh\u00edculo de la UE o del Reino Unido en Alicante"},"content":{"rendered":"<p><a href=\"https:\/\/vehicleregistrationscostadelsol.com\/es\/categoria\/alicante\/\">Alicante<\/a>&nbsp;\/ Por&nbsp;<a href=\"https:\/\/vehicleregistrationscostadelsol.com\/es\/autor\/admin\/\">admin<\/a><\/p><div id=\"ez-toc-container\" class=\"ez-toc-v2_0_82_2 counter-hierarchy ez-toc-counter ez-toc-grey ez-toc-container-direction\">\n<div class=\"ez-toc-title-container\">\n<p class=\"ez-toc-title\" style=\"cursor:inherit\">\u00cdndice<\/p>\n<span class=\"ez-toc-title-toggle\"><a href=\"#\" class=\"ez-toc-pull-right ez-toc-btn ez-toc-btn-xs ez-toc-btn-default ez-toc-toggle\" aria-label=\"Alternar tabla de contenidos\"><span class=\"ez-toc-js-icon-con\"><span class=\"\"><span class=\"eztoc-hide\" style=\"display:none;\">Toggle<\/span><span class=\"ez-toc-icon-toggle-span\"><svg style=\"fill: #999;color:#999\" xmlns=\"http:\/\/www.w3.org\/2000\/svg\" class=\"list-377408\" width=\"20px\" height=\"20px\" viewbox=\"0 0 24 24\" fill=\"none\"><path d=\"M6 6H4v2h2V6zm14 0H8v2h12V6zM4 11h2v2H4v-2zm16 0H8v2h12v-2zM4 16h2v2H4v-2zm16 0H8v2h12v-2z\" fill=\"currentColor\"><\/path><\/svg><svg style=\"fill: #999;color:#999\" class=\"arrow-unsorted-368013\" xmlns=\"http:\/\/www.w3.org\/2000\/svg\" width=\"10px\" height=\"10px\" viewbox=\"0 0 24 24\" version=\"1.2\" baseprofile=\"tiny\"><path d=\"M18.2 9.3l-6.2-6.3-6.2 6.3c-.2.2-.3.4-.3.7s.1.5.3.7c.2.2.4.3.7.3h11c.3 0 .5-.1.7-.3.2-.2.3-.5.3-.7s-.1-.5-.3-.7zM5.8 14.7l6.2 6.3 6.2-6.3c.2-.2.3-.5.3-.7s-.1-.5-.3-.7c-.2-.2-.4-.3-.7-.3h-11c-.3 0-.5.1-.7.3-.2.2-.3.5-.3.7s.1.5.3.7z\"\/><\/svg><\/span><\/span><\/span><\/a><\/span><\/div>\n<nav><ul class='ez-toc-list ez-toc-list-level-1' ><li class='ez-toc-page-1 ez-toc-heading-level-2'><a class=\"ez-toc-link ez-toc-heading-1\" href=\"https:\/\/vehicleregistrationscostadelsol.com\/es\/register-a-eu-or-uk-vehicle-in-alicante\/#What_You_Will_Need_To_Register_A_Vehicle_In_Alicante\" >Qu\u00e9 necesitar\u00e1 para matricular un veh\u00edculo en Alicante<\/a><ul class='ez-toc-list-level-3' ><li class='ez-toc-heading-level-3'><a class=\"ez-toc-link ez-toc-heading-2\" href=\"https:\/\/vehicleregistrationscostadelsol.com\/es\/register-a-eu-or-uk-vehicle-in-alicante\/#So_How_Can_You_Help\" >\u00bfC\u00f3mo puede ayudar?<\/a><ul class='ez-toc-list-level-4' ><li class='ez-toc-heading-level-4'><a class=\"ez-toc-link ez-toc-heading-3\" href=\"https:\/\/vehicleregistrationscostadelsol.com\/es\/register-a-eu-or-uk-vehicle-in-alicante\/#How_Easy_Is_The_ITV_In_Alicante_To_Register_Your_Car\" >\u00bfC\u00f3mo de f\u00e1cil es la ITV en Alicante para matricular tu coche?<\/a><ul class='ez-toc-list-level-5' ><li class='ez-toc-heading-level-5'><a class=\"ez-toc-link ez-toc-heading-4\" href=\"https:\/\/vehicleregistrationscostadelsol.com\/es\/register-a-eu-or-uk-vehicle-in-alicante\/#What_If_It_Fails_The_Inspection_In_Alicante\" >\u00bfQu\u00e9 pasa si no pasa la inspecci\u00f3n en Alicante?<\/a><\/li><li class='ez-toc-page-1 ez-toc-heading-level-5'><a class=\"ez-toc-link ez-toc-heading-5\" href=\"https:\/\/vehicleregistrationscostadelsol.com\/es\/register-a-eu-or-uk-vehicle-in-alicante\/#What_Will_You_Need_If_Your_Vehicle_Fails_The_ITV\" >\u00bfQu\u00e9 necesitar\u00e1 si su veh\u00edculo no pasa la ITV?<\/a><\/li><\/ul><\/li><li class='ez-toc-page-1 ez-toc-heading-level-4'><a class=\"ez-toc-link ez-toc-heading-6\" href=\"https:\/\/vehicleregistrationscostadelsol.com\/es\/register-a-eu-or-uk-vehicle-in-alicante\/#Register_A_Vehicle_In_Alicante\" >Matricular Un Veh\u00edculo En Alicante<\/a><\/li><\/ul><\/li><\/ul><\/li><\/ul><\/nav><\/div>\n\n\n\n\n<p>Si ha tra\u00eddo o trae su veh\u00edculo a Espa\u00f1a y desea matricular un veh\u00edculo de la UE o del Reino Unido en\u00a0<a href=\"https:\/\/itvcitaprevia.es\/estaciones-itv\/comunidad-valenciana\/alicante\/\" target=\"_blank\" rel=\"noreferrer noopener\">Alicante<\/a>\u00a0va a necesitar asesoramiento sobre lo que necesita y c\u00f3mo realizar el proceso de matriculaci\u00f3n del veh\u00edculo en Espa\u00f1a.<\/p>\n\n\n\n<h2 class=\"wp-block-heading\"><span class=\"ez-toc-section\" id=\"What_You_Will_Need_To_Register_A_Vehicle_In_Alicante\"><\/span>Qu\u00e9 necesitar\u00e1 para matricular un veh\u00edculo en Alicante<span class=\"ez-toc-section-end\"><\/span><\/h2>\n\n\n\n<ul class=\"wp-block-list\">\n<li>Su permiso de circulaci\u00f3n<\/li>\n\n\n\n<li>Un certificado de conformidad (Ficha T\u00e9cnica)<\/li>\n\n\n\n<li>DNI, pasaporte y n\u00famero de NIE o tarjeta TIE<\/li>\n\n\n\n<li>Justificante de domicilio en Espa\u00f1a.<\/li>\n<\/ul>\n\n\n\n<h3 class=\"wp-block-heading\"><span class=\"ez-toc-section\" id=\"So_How_Can_You_Help\"><\/span>\u00bfC\u00f3mo puede ayudar?<span class=\"ez-toc-section-end\"><\/span><\/h3>\n\n\n\n<p>Podemos hacer un servicio a distancia y proporcionarle todo lo necesario para llevar su veh\u00edculo a la ITV en Alicante. Nuestro servicio, incluso incluye un representante que se reunir\u00e1 con usted en la estaci\u00f3n de ITV antes de la inspecci\u00f3n en Alicante. Incluido en el papeleo que le enviaremos est\u00e1 una Ficha T\u00e9cnica firmada y legal (certificado de conformidad) su DNI y un dossier con todo lo que necesita para pasar la inspecci\u00f3n ITV. B\u00e1sicamente todo lo que tiene que hacer es presentarse sin representante a la hora acordada y ellos lo har\u00e1n todo.<\/p>\n\n\n\n<p>Usted nos env\u00eda el papeleo y nosotros nos encargamos del papeleo, la DGT, la matriculaci\u00f3n definitiva, el impuesto de circulaci\u00f3n y le proporcionamos la prueba de que ha sido pagado, los impuestos de emisi\u00f3n si los hubiera. A continuaci\u00f3n, le enviamos por mensajer\u00eda las nuevas placas de matr\u00edcula espa\u00f1olas y toda la documentaci\u00f3n que necesita y su veh\u00edculo es totalmente legal para conducir en Alicante y toda Espa\u00f1a. Podemos proporcionar el servicio para registrar un veh\u00edculo de la UE o del Reino Unido en Alicante. <\/p>\n\n\n\n<h4 class=\"wp-block-heading\"><span class=\"ez-toc-section\" id=\"How_Easy_Is_The_ITV_In_Alicante_To_Register_Your_Car\"><\/span>\u00bfC\u00f3mo de f\u00e1cil es la ITV en Alicante para matricular tu coche?<span class=\"ez-toc-section-end\"><\/span><\/h4>\n\n\n\n<p>Hemos realizado muchas inspecciones ITV con \u00e9xito en Alicante y el proceso es en realidad bastante f\u00e1cil. Podemos dar consejos sobre lo que podr\u00eda fallar en la ITV y lo que puede que tenga que hacer antes de la visita. Esto podr\u00eda incluir informaci\u00f3n sobre neum\u00e1ticos, luces, barras de remolque, etc. La Ficha T\u00e9cnica le proporcionar\u00e1 la mayor\u00eda de los detalles, pero sabemos en qu\u00e9 se fijan los t\u00e9cnicos de la inspecci\u00f3n. P\u00f3ngase en contacto con nosotros para que podamos hacerle un PRESUPUESTO GRATUITO.<\/p>\n\n\n\n<div class=\"wp-block-buttons is-layout-flex wp-block-buttons-is-layout-flex\">\n<div class=\"wp-block-button\"><a class=\"wp-block-button__link wp-element-button\" href=\"\/\/api.whatsapp.com\/send\/?phone=34696337629&amp;text=Hi%2C+I+have+a+question+regards+ITV+in+Alicante&amp;type=phone_number&amp;app_absent=0 in Alicante\" target=\"_blank\" rel=\"noreferrer noopener\">Whatsapp <\/a><\/div>\n\n\n\n<div class=\"wp-block-button\"><a class=\"wp-block-button__link wp-element-button\" href=\"mailto:info@vehicleregspain.wp1.sh?subject=ITV in Alicante&amp;body=Hi regarding an ITV in Alicante\">Env\u00edenos un correo electr\u00f3nico<\/a><\/div>\n\n\n\n<div class=\"wp-block-button\"><a class=\"wp-block-button__link wp-element-button\" href=\"tel:+34696337629\" target=\"_blank\" rel=\"noreferrer noopener\">Ll\u00e1menos ahora<\/a><\/div>\n<\/div>\n\n\n\n<hr class=\"wp-block-separator has-alpha-channel-opacity\"\/>\n\n\n\n<h5 class=\"wp-block-heading\"><span class=\"ez-toc-section\" id=\"What_If_It_Fails_The_Inspection_In_Alicante\"><\/span>\u00bfQu\u00e9 pasa si no pasa la inspecci\u00f3n en Alicante?<span class=\"ez-toc-section-end\"><\/span><\/h5>\n\n\n\n<p>Realizamos una segunda ITV de forma gratuita. Usted no tiene que pagar la ITV para una nueva prueba o m\u00e1s a nosotros para obtener el veh\u00edculo pasa despu\u00e9s de haber puesto a la derecha lo que han solicitado. En este servicio te ayudamos con lo que pueda haber fallado y te podemos aconsejar sobre lo que tienes que decirle al mec\u00e1nico que utilices o subsanar t\u00fa mismo.<\/p>\n\n\n\n<p>Somos expertos en lo que hacemos. Aqu\u00ed encontrar\u00e1 informaci\u00f3n sobre&nbsp;<a href=\"https:\/\/vehicleregistrationscostadelsol.com\/es\/servicio-a-distancia-para-la-matriculacion-de-vehiculos-en-espana\/\" target=\"_blank\" rel=\"noreferrer noopener\">servicio remoto<\/a>&nbsp;y no dude en llamarnos, enviarnos un correo electr\u00f3nico o un WhatsApp. Al fin y al cabo el hecho de que est\u00e9s leyendo esto significa que necesitas ayuda, nos ocupamos de todo hasta tal punto que tu \u00fanica preocupaci\u00f3n suele ser quedar a una hora concreta en la estaci\u00f3n ITV.<\/p>\n\n\n\n<h5 class=\"wp-block-heading\"><span class=\"ez-toc-section\" id=\"What_Will_You_Need_If_Your_Vehicle_Fails_The_ITV\"><\/span>\u00bfQu\u00e9 necesitar\u00e1 si su veh\u00edculo no pasa la ITV?<span class=\"ez-toc-section-end\"><\/span><\/h5>\n\n\n\n<p>Lo \u00fanico que necesita es la hoja de suspensos que le entregaron cuando hizo el examen. La ITV suele conservar los documentos entregados la primera vez. A continuaci\u00f3n, la ITV comprobar\u00e1 lo que has hecho s\u00f3lo solicitaron. NO volver\u00e1n a hacer todo el examen. Ejemplo. Fallan el neum\u00e1tico delantero izquierdo, el neum\u00e1tico nuevo est\u00e1 puesto y s\u00f3lo comprobar\u00e1n ese neum\u00e1tico. Obviamente, van a comprobar todo lo que no el veh\u00edculo en la primera vez, pero todo lo que pas\u00f3 la primera vez no es el control de las pruebas de nuevo.<\/p>\n\n\n\n<h4 class=\"wp-block-heading\"><span class=\"ez-toc-section\" id=\"Register_A_Vehicle_In_Alicante\"><\/span>Matricular Un Veh\u00edculo En Alicante<span class=\"ez-toc-section-end\"><\/span><\/h4>\n\n\n\n<p>Si su veh\u00edculo procede del Reino Unido, es posible que tenga que&nbsp;<a href=\"https:\/\/vehicleregistrationscostadelsol.com\/es\/pongase-en-contacto-con\/\" target=\"_blank\" rel=\"noreferrer noopener\">hable con nosotros<\/a>&nbsp;con respecto a si podemos renunciar a los impuestos para el coche despu\u00e9s de Brexit. Los veh\u00edculos de la UE son mucho m\u00e1s sencillos y no requieren derechos de importaci\u00f3n o IVA a pagar por el veh\u00edculo. Registrar el coche en Alicante es exactamente lo mismo que en cualquier otro municipio de Espa\u00f1a, sin embargo, las citas para la ITV pueden ser mucho m\u00e1s r\u00e1pidas, siempre y cuando tenga el papeleo correcto y el proceso para antes y despu\u00e9s de la inspecci\u00f3n. Ah\u00ed es donde podemos ayudarle.<\/p>","protected":false},"excerpt":{"rendered":"<p>Alicante&nbsp;\/ By&nbsp;admin If you have brought or bringing your vehicle to Spain and are wishing to register a EU or UK vehicle in\u00a0Alicante\u00a0you are going to need advice on just what you need and how to do the process of getting the vehicle onto Spanish number plates. What You Will Need To Register A Vehicle [&hellip;]<\/p>\n","protected":false},"author":1,"featured_media":2673,"parent":0,"menu_order":0,"comment_status":"closed","ping_status":"closed","template":"","meta":{"site-sidebar-layout":"default","site-content-layout":"","ast-site-content-layout":"default","site-content-style":"default","site-sidebar-style":"default","ast-global-header-display":"","ast-banner-title-visibility":"","ast-main-header-display":"","ast-hfb-above-header-display":"","ast-hfb-below-header-display":"","ast-hfb-mobile-header-display":"","site-post-title":"","ast-breadcrumbs-content":"","ast-featured-img":"","footer-sml-layout":"","ast-disable-related-posts":"","theme-transparent-header-meta":"","adv-header-id-meta":"","stick-header-meta":"","header-above-stick-meta":"","header-main-stick-meta":"","header-below-stick-meta":"","astra-migrate-meta-layouts":"set","ast-page-background-enabled":"default","ast-page-background-meta":{"desktop":{"background-color":"","background-image":"","background-repeat":"repeat","background-position":"center center","background-size":"auto","background-attachment":"scroll","background-type":"","background-media":"","overlay-type":"","overlay-color":"","overlay-gradient":""},"tablet":{"background-color":"","background-image":"","background-repeat":"repeat","background-position":"center center","background-size":"auto","background-attachment":"scroll","background-type":"","background-media":"","overlay-type":"","overlay-color":"","overlay-gradient":""},"mobile":{"background-color":"","background-image":"","background-repeat":"repeat","background-position":"center center","background-size":"auto","background-attachment":"scroll","background-type":"","background-media":"","overlay-type":"","overlay-color":"","overlay-gradient":""}},"ast-content-background-meta":{"desktop":{"background-color":"var(--ast-global-color-5)","background-image":"","background-repeat":"repeat","background-position":"center center","background-size":"auto","background-attachment":"scroll","background-type":"","background-media":"","overlay-type":"","overlay-color":"","overlay-gradient":""},"tablet":{"background-color":"var(--ast-global-color-5)","background-image":"","background-repeat":"repeat","background-position":"center center","background-size":"auto","background-attachment":"scroll","background-type":"","background-media":"","overlay-type":"","overlay-color":"","overlay-gradient":""},"mobile":{"background-color":"var(--ast-global-color-5)","background-image":"","background-repeat":"repeat","background-position":"center center","background-size":"auto","background-attachment":"scroll","background-type":"","background-media":"","overlay-type":"","overlay-color":"","overlay-gradient":""}},"footnotes":""},"class_list":["post-2686","page","type-page","status-publish","has-post-thumbnail","hentry"],"_links":{"self":[{"href":"https:\/\/vehicleregistrationscostadelsol.com\/es\/wp-json\/wp\/v2\/pages\/2686","targetHints":{"allow":["GET"]}}],"collection":[{"href":"https:\/\/vehicleregistrationscostadelsol.com\/es\/wp-json\/wp\/v2\/pages"}],"about":[{"href":"https:\/\/vehicleregistrationscostadelsol.com\/es\/wp-json\/wp\/v2\/types\/page"}],"author":[{"embeddable":true,"href":"https:\/\/vehicleregistrationscostadelsol.com\/es\/wp-json\/wp\/v2\/users\/1"}],"replies":[{"embeddable":true,"href":"https:\/\/vehicleregistrationscostadelsol.com\/es\/wp-json\/wp\/v2\/comments?post=2686"}],"version-history":[{"count":0,"href":"https:\/\/vehicleregistrationscostadelsol.com\/es\/wp-json\/wp\/v2\/pages\/2686\/revisions"}],"wp:featuredmedia":[{"embeddable":true,"href":"https:\/\/vehicleregistrationscostadelsol.com\/es\/wp-json\/wp\/v2\/media\/2673"}],"wp:attachment":[{"href":"https:\/\/vehicleregistrationscostadelsol.com\/es\/wp-json\/wp\/v2\/media?parent=2686"}],"curies":[{"name":"wp","href":"https:\/\/api.w.org\/{rel}","templated":true}]}}