{"id":2713,"date":"2022-11-15T16:32:55","date_gmt":"2022-11-15T15:32:55","guid":{"rendered":"https:\/\/vehicleregistrationscostadelsol.com\/?page_id=2713"},"modified":"2026-01-10T22:46:23","modified_gmt":"2026-01-10T21:46:23","slug":"proceso-de-servicio-remoto","status":"publish","type":"page","link":"https:\/\/vehicleregistrationscostadelsol.com\/es\/remote-service-process\/","title":{"rendered":"Proceso de servicio remoto"},"content":{"rendered":"<p>Bienvenido a nuestra p\u00e1gina de tr\u00e1mites y procesos de servicio a distancia. A continuaci\u00f3n se muestra un paseo a trav\u00e9s de las etapas para obtener su veh\u00edculo registrado en Espa\u00f1a si usted no est\u00e1 cerca de nosotros. Para obtener m\u00e1s informaci\u00f3n sobre c\u00f3mo funciona no dude en <a href=\"https:\/\/vehicleregistrationscostadelsol.com\/es\/servicio-a-distancia-para-la-matriculacion-de-vehiculos-en-espana\/\" data-type=\"URL\" data-id=\"https:\/\/vehicleregistrationscostadelsol.com\/remote-service-for-vehicle-registration-in-spain\/\" target=\"_blank\" rel=\"noreferrer noopener\">leer aqu\u00ed<\/a>.<br><\/p><div id=\"ez-toc-container\" class=\"ez-toc-v2_0_82_2 counter-hierarchy ez-toc-counter ez-toc-grey ez-toc-container-direction\">\n<div class=\"ez-toc-title-container\">\n<p class=\"ez-toc-title\" style=\"cursor:inherit\">\u00cdndice<\/p>\n<span class=\"ez-toc-title-toggle\"><a href=\"#\" class=\"ez-toc-pull-right ez-toc-btn ez-toc-btn-xs ez-toc-btn-default ez-toc-toggle\" aria-label=\"Alternar tabla de contenidos\"><span class=\"ez-toc-js-icon-con\"><span class=\"\"><span class=\"eztoc-hide\" style=\"display:none;\">Toggle<\/span><span class=\"ez-toc-icon-toggle-span\"><svg style=\"fill: #999;color:#999\" xmlns=\"http:\/\/www.w3.org\/2000\/svg\" class=\"list-377408\" width=\"20px\" height=\"20px\" viewbox=\"0 0 24 24\" fill=\"none\"><path d=\"M6 6H4v2h2V6zm14 0H8v2h12V6zM4 11h2v2H4v-2zm16 0H8v2h12v-2zM4 16h2v2H4v-2zm16 0H8v2h12v-2z\" fill=\"currentColor\"><\/path><\/svg><svg style=\"fill: #999;color:#999\" class=\"arrow-unsorted-368013\" xmlns=\"http:\/\/www.w3.org\/2000\/svg\" width=\"10px\" height=\"10px\" viewbox=\"0 0 24 24\" version=\"1.2\" baseprofile=\"tiny\"><path d=\"M18.2 9.3l-6.2-6.3-6.2 6.3c-.2.2-.3.4-.3.7s.1.5.3.7c.2.2.4.3.7.3h11c.3 0 .5-.1.7-.3.2-.2.3-.5.3-.7s-.1-.5-.3-.7zM5.8 14.7l6.2 6.3 6.2-6.3c.2-.2.3-.5.3-.7s-.1-.5-.3-.7c-.2-.2-.4-.3-.7-.3h-11c-.3 0-.5.1-.7.3-.2.2-.3.5-.3.7s.1.5.3.7z\"\/><\/svg><\/span><\/span><\/span><\/a><\/span><\/div>\n<nav><ul class='ez-toc-list ez-toc-list-level-1 eztoc-toggle-hide-by-default' ><li class='ez-toc-page-1 ez-toc-heading-level-2'><a class=\"ez-toc-link ez-toc-heading-1\" href=\"https:\/\/vehicleregistrationscostadelsol.com\/es\/remote-service-process\/#Stage_1_%E2%80%93_Green_Temporary_plates_if_needed_150_euros_E\" >Etapa 1. - Placas provisionales verdes (si son necesarias) 150 euros<\/a><ul class='ez-toc-list-level-3' ><li class='ez-toc-heading-level-3'><a class=\"ez-toc-link ez-toc-heading-2\" href=\"https:\/\/vehicleregistrationscostadelsol.com\/es\/remote-service-process\/#Stage_2_Sending_paperwork_we_need_to_create_a_file_to_take_to_the_ITV_station\" >Fase 2. Env\u00edo de la documentaci\u00f3n necesaria para crear un expediente que llevaremos a la estaci\u00f3n ITV.<\/a><\/li><li class='ez-toc-page-1 ez-toc-heading-level-3'><a class=\"ez-toc-link ez-toc-heading-3\" href=\"https:\/\/vehicleregistrationscostadelsol.com\/es\/remote-service-process\/#Stage_3_Getting_a_Ficha_Technica_certificate_of_conformity_if_needed\" >Fase 3. Obtener una Ficha T\u00e9cnica (certificado de conformidad si es necesario)<\/a><\/li><li class='ez-toc-page-1 ez-toc-heading-level-3'><a class=\"ez-toc-link ez-toc-heading-4\" href=\"https:\/\/vehicleregistrationscostadelsol.com\/es\/remote-service-process\/#Stage_4_To_get_started_Payment\" >Etapa 4: Para empezar &amp; Pago:<\/a><ul class='ez-toc-list-level-4' ><li class='ez-toc-heading-level-4'><a class=\"ez-toc-link ez-toc-heading-5\" href=\"https:\/\/vehicleregistrationscostadelsol.com\/es\/remote-service-process\/#The_importance_of_good_documents\" >La importancia de los buenos documentos<\/a><\/li><\/ul><\/li><\/ul><\/li><\/ul><\/nav><\/div>\n\n\n\n\n<h2 class=\"wp-block-heading\"><span class=\"ez-toc-section\" id=\"Stage_1_%E2%80%93_Green_Temporary_plates_if_needed_150_euros_E\"><\/span>Etapa 1. - Placas provisionales verdes (si son necesarias) 150 euros<span class=\"ez-toc-section-end\"><\/span><\/h2>\n\n\n\n<p>Si su veh\u00edculo no es legal para conducir en Espa\u00f1a, necesitar\u00e1 placas de matr\u00edcula verdes que le dar\u00e1n 60 d\u00edas para conducir el veh\u00edculo legalmente en Espa\u00f1a mientras hacemos la matriculaci\u00f3n por usted (el veh\u00edculo necesita estar asegurado con las placas temporales - podemos ayudarle con un presupuesto gratuito si es necesario). <strong>POR FAVOR TENGA EN CUENTA LOS PLATOS APROX 2 semanas<\/strong> sin opci\u00f3n de v\u00eda r\u00e1pida. Las copias <strong>DEBEN ser buenas copias escaneadas<\/strong> ya que la DGT se negar\u00e1 a tramitarlos con copias en mal estado.<strong> TENGA EN CUENTA TAMBI\u00c9N QUE NO PODEMOS OBTENER PLACAS VERDES PARA LOS VEH\u00cdCULOS QUE NO ESTAMOS HACIENDO EL REGISTRO DE<\/strong>.<br><\/p>\n\n\n\n<ul class=\"wp-block-list\">\n<li>Necesitamos la <strong>Documentos ORIGINALES de matriculaci\u00f3n del veh\u00edculo<\/strong>: Reino Unido (V5) o parte 1 y 2 para veh\u00edculos de la UE p\u00f3ngase en contacto con nosotros y le enviaremos la direcci\u00f3n. S\u00f3lo enviar por mensajer\u00eda (podemos proporcionar uno si es necesario) <\/li>\n\n\n\n<li>POA - Justificante de domicilio -  <strong>SOLO 1<\/strong> de los 3 siguientes necesarios: 1.Padr\u00f3n (fechado en los \u00faltimos 3 meses) 2.Escrituras de propiedad en su totalidad (escaneadas), o, 3. un contrato de alquiler firmado en fecha.<\/li>\n\n\n\n<li>Fotograf\u00eda del pasaporte y p\u00e1gina de la firma (con las cuatro esquinas hacia dentro)<\/li>\n\n\n\n<li>Reverso y anverso de la tarjeta NIE o TIE. <\/li>\n<\/ul>\n\n\n\n<p>Puede enviarlos haciendo clic en los botones de abajo. Aceptamos WhatsApp y correo electr\u00f3nico, pero por favor indique su nombre y el veh\u00edculo. Tambi\u00e9n enviaremos instrucciones de pago para empezar. <\/p>\n\n\n\n<div class=\"wp-block-buttons is-layout-flex wp-block-buttons-is-layout-flex\">\n<div class=\"wp-block-button\"><a class=\"wp-block-button__link wp-element-button\" href=\"https:\/\/api.whatsapp.com\/send?phone=34696337629&amp;text=Hi%20regarding%20the%20green%20plates%20paperwork%20for%20the%20remote%20service.%20\" target=\"_blank\" rel=\"noreferrer noopener\">Whatsapp <\/a><\/div>\n\n\n\n<div class=\"wp-block-button\"><a class=\"wp-block-button__link wp-element-button\" href=\"mailto:info@vehicleregspain.wp1.sh?subject=Green plates paperwork&amp;body=Hi regarding paperwork for green plates.....\" target=\"_blank\" rel=\"noreferrer noopener\">Env\u00edenos un correo electr\u00f3nico<\/a><\/div>\n<\/div>\n\n\n\n<div style=\"height:27px\" aria-hidden=\"true\" class=\"wp-block-spacer\"><\/div>\n\n\n\n<h3 class=\"wp-block-heading\"><span class=\"ez-toc-section\" id=\"Stage_2_Sending_paperwork_we_need_to_create_a_file_to_take_to_the_ITV_station\"><\/span>Fase 2. Env\u00edo de la documentaci\u00f3n necesaria para crear un expediente que llevaremos a la estaci\u00f3n ITV. <span class=\"ez-toc-section-end\"><\/span><\/h3>\n\n\n\n<p>El papeleo que necesitamos para reunir en un archivo con una carta de presentaci\u00f3n para que usted tome a su estaci\u00f3n ITV m\u00e1s cercana. Le ayudaremos con una llamada antes de la ITV de exactamente qu\u00e9 esperar en la estaci\u00f3n de ITV. C\u00f3mo llevar el coche y qu\u00e9 hacer con el papeleo antes y despu\u00e9s. Tambi\u00e9n le daremos informaci\u00f3n sobre lo que debe comprobar antes de la ITV para dar al veh\u00edculo la mejor oportunidad de \u00e9xito. Te facilitaremos un dossier completo de lo que debes llevar para que no haya ning\u00fan error de comunicaci\u00f3n con la ITV. <\/p>\n\n\n\n<ul class=\"wp-block-list\">\n<li>Buenas copias escaneadas de los documentos de matriculaci\u00f3n del veh\u00edculo Reino Unido (V5 ) o, partes 1 y 2 para los documentos de la UE. <\/li>\n\n\n\n<li>POA - Justificante de domicilio -  <strong>SOLO 1<\/strong> de los 3 siguientes necesarios: 1.Padr\u00f3n (fechado en los \u00faltimos 3 meses) 2.Escrituras de propiedad en su totalidad (escaneadas), o, 3. un contrato de alquiler firmado en fecha.<\/li>\n\n\n\n<li>P\u00e1gina de la foto del pasaporte (con las cuatro esquinas hacia dentro)<\/li>\n\n\n\n<li>Reverso y anverso de la tarjeta NIE o TIE. <\/li>\n<\/ul>\n\n\n\n<div style=\"height:27px\" aria-hidden=\"true\" class=\"wp-block-spacer\"><\/div>\n\n\n\n<div class=\"wp-block-buttons is-layout-flex wp-block-buttons-is-layout-flex\">\n<div class=\"wp-block-button\"><a class=\"wp-block-button__link wp-element-button\" href=\"https:\/\/api.whatsapp.com\/send?phone=34696337629&amp;text=Hi%20%2C%20regarding%20the%20ITV%20info%20for%20the%20remote%20service.%20\" target=\"_blank\" rel=\"noreferrer noopener\">Whatsapp <\/a><\/div>\n\n\n\n<div class=\"wp-block-button\"><a class=\"wp-block-button__link wp-element-button\" href=\"mailto:info@vehicleregspain.wp1.sh?subject=Regarding%20paperwork%20for%20the%20green%20plates&amp;body=We%20will%20send%20you%20the%20address%20to%20courier%20the%20paperwork%20to%20by%20return%20email%3A%20Please%20remember%20to%20state%20your%20name%20here%20please%20and%20attached%20paperwork........%0D%0A%0D%0AOriginal%20vehicle%20registration%20documents%20UK%20(V5%20)%20or%2C%20parts%201%20and%202%20for%20EU%20documents.%0D%0A%0D%0APOA%20-%20Proof%20of%20address%20-%20ONLY%201%20of%20the%20following%203%20needed%3A%201.Padron%20(dated%20in%20the%20last%203%20months)%202.Property%20deeds%20in%20full%20(scanned)%2C%20or%2C%203.%20an%20in%20date%20signed%20rental%20contract%0D%0A%0D%0APassport%20picture%20page%20(with%20all%20four%20corners%20in)%0D%0A%0D%0ANIE%20or%20TIE%20card%20back%20and%20front.\" target=\"_blank\" rel=\"noreferrer noopener\">Env\u00edenos un correo electr\u00f3nico<\/a><\/div>\n<\/div>\n\n\n\n<div style=\"height:27px\" aria-hidden=\"true\" class=\"wp-block-spacer\"><\/div>\n\n\n\n<h3 class=\"wp-block-heading\"><span class=\"ez-toc-section\" id=\"Stage_3_Getting_a_Ficha_Technica_certificate_of_conformity_if_needed\"><\/span>Fase 3. Obtener una Ficha T\u00e9cnica (certificado de conformidad si es necesario)<span class=\"ez-toc-section-end\"><\/span><\/h3>\n\n\n\n<p>Aqu\u00ed podemos hacer varias cosas, en primer lugar puede enviarnos fotos del veh\u00edculo y le conseguimos un certificado de conformidad totalmente legal firmado por un agente autorizado. O bien, podemos facilitarle un certificado de conformidad de stock r\u00e1pido que si hay que actualizar alg\u00fan dato despu\u00e9s de la ITV podemos tramitarlo por usted directamente con ellos. La primera opci\u00f3n es mucho m\u00e1s sencilla y NECESITAR\u00c1 UNA FICHA T\u00c9CNICA para pasar el veh\u00edculo por la ITV. Sin ella no podr\u00e1 pasar la ITV. Es posible que su veh\u00edculo ya disponga de un certificado de conformidad, pero s\u00f3lo se aceptan ORIGINALES. Las copias no ser\u00e1n aceptadas por la estaci\u00f3n ITV. <\/p>\n\n\n\n<p><strong>Si ya ha pagado un dep\u00f3sito lo arreglaremos con usted y el agente se pondr\u00e1 en contacto directamente. Vamos a necesitar esto como las placas verdes llegan si los necesita para ahorrar tiempo para conseguir una cita ITV. <\/strong><\/p>\n\n\n\n<h3 class=\"wp-block-heading\"><span class=\"ez-toc-section\" id=\"Stage_4_To_get_started_Payment\"><\/span>Etapa 4: Para empezar &amp; Pago:<span class=\"ez-toc-section-end\"><\/span><\/h3>\n\n\n\n<p>Esperamos haberle dado un presupuesto gratuito sobre el coste de la matriculaci\u00f3n de veh\u00edculos en Espa\u00f1a. Si usted est\u00e1 listo para seguir adelante con el servicio a distancia a continuaci\u00f3n, se requiere un dep\u00f3sito de 700 euros para iniciar el proceso (m\u00e1s 150e si necesita placas verdes) Por favor, p\u00f3ngase en contacto con nosotros para obtener los datos de transferencia bancaria y enviar una copia de la transferencia que significa que podemos iniciar el proceso de inmediato, incluso antes de que el dep\u00f3sito se borre. <\/p>\n\n\n\n<div class=\"wp-block-buttons is-layout-flex wp-block-buttons-is-layout-flex\">\n<div class=\"wp-block-button\"><a class=\"wp-block-button__link wp-element-button\" href=\"https:\/\/api.whatsapp.com\/send?phone=34696337629&amp;text=Please%20WhatsApp%20me%20the%20payment%20details%20for%20the%20remote%20service%20......\" target=\"_blank\" rel=\"noreferrer noopener\">Env\u00edame por Whatsapp los detalles del pago<\/a><\/div>\n\n\n\n<div class=\"wp-block-button\"><a class=\"wp-block-button__link wp-element-button\" href=\"mailto:info@vehicleregspain.wp1.sh?subject=Please%20send%20us%20the%20bank%20details%20to%20pay%20for%20the%20remote%20service&amp;body=Please%20state%20your%20name%20here%20.....%0D%0A%0D%0AWe%20will%20then%20send%20by%20return%20email%20to%20payment%20details%20to%20get%20started...%0D%0A%0D%0A700%20euros%20to%20start%20the%20process%2C%20or%2C%20850%20euros%20if%20green%20plates%20are%20needed.\" target=\"_blank\" rel=\"noreferrer noopener\">Env\u00edeme por correo electr\u00f3nico los detalles del pago<\/a><\/div>\n<\/div>\n\n\n\n<div style=\"height:27px\" aria-hidden=\"true\" class=\"wp-block-spacer\"><\/div>\n\n\n\n<h4 class=\"wp-block-heading\"><span class=\"ez-toc-section\" id=\"The_importance_of_good_documents\"><\/span>La importancia de los buenos documentos<span class=\"ez-toc-section-end\"><\/span><\/h4>\n\n\n\n<p>La DGT, hacienda, el ayuntamiento y las estaciones de ITV esperan buenas copias escaneadas de la documentaci\u00f3n. Si las copias no son buenas, esquinas cortadas, borrones sobre la informaci\u00f3n, no se pueden leer al ampliarlas, est\u00e1n tomadas desde un \u00e1ngulo, etc, normalmente siempre nos devuelven los documentos con un email de rechazo diciendo que NO aceptan los documentos, lo que nos hace perder mucho tiempo. A veces, este correo electr\u00f3nico puede tardar hasta una semana antes de que nos comuniquen que no les hemos satisfecho con lo que hemos enviado. DEBEMOS enviar buenas copias. Si usted est\u00e1 luchando y no tiene un esc\u00e1ner a continuaci\u00f3n, por favor tome fotos de directamente por encima con las cuatro esquinas en la imagen y WhatsApp o env\u00edenos un correo electr\u00f3nico con los documentos y podemos tratar de ayudar a que sean aceptables. A continuaci\u00f3n se muestra un ejemplo de una buena copia. <\/p>\n\n\n\n<figure class=\"wp-block-image size-large\"><img fetchpriority=\"high\" decoding=\"async\" width=\"497\" height=\"1024\" src=\"https:\/\/vehicleregistrationscostadelsol.com\/wp-content\/uploads\/2022\/11\/dutch_kentekenbewijs-745x1536-1-497x1024.webp\" alt=\"Matriculaci\u00f3n Costa del sol\" class=\"wp-image-2735\" title=\"Matricular su coche en Espa\u00f1a\" srcset=\"https:\/\/vehicleregistrationscostadelsol.com\/wp-content\/uploads\/2022\/11\/dutch_kentekenbewijs-745x1536-1-497x1024.webp 497w, https:\/\/vehicleregistrationscostadelsol.com\/wp-content\/uploads\/2022\/11\/dutch_kentekenbewijs-745x1536-1-146x300.webp 146w, https:\/\/vehicleregistrationscostadelsol.com\/wp-content\/uploads\/2022\/11\/dutch_kentekenbewijs-745x1536-1-6x12.webp 6w, https:\/\/vehicleregistrationscostadelsol.com\/wp-content\/uploads\/2022\/11\/dutch_kentekenbewijs-745x1536-1.webp 745w\" sizes=\"(max-width: 497px) 100vw, 497px\" \/><figcaption class=\"wp-element-caption\">Un ejemplo de buena documentaci\u00f3n escaneada. Buenas fotos con las 4 esquinas en debe estar bien. <\/figcaption><\/figure>","protected":false},"excerpt":{"rendered":"<p>Welcome to our remote service paperwork and process page. Below is a walk through of the stages to get your vehicle registered in Spain if you are not close to us. For more info on how that works feel free to read here. Stage 1. &#8211; Green Temporary plates (if needed) 150 euros \u20ac If [&hellip;]<\/p>\n","protected":false},"author":1,"featured_media":0,"parent":0,"menu_order":0,"comment_status":"closed","ping_status":"closed","template":"","meta":{"site-sidebar-layout":"default","site-content-layout":"","ast-site-content-layout":"default","site-content-style":"default","site-sidebar-style":"default","ast-global-header-display":"","ast-banner-title-visibility":"","ast-main-header-display":"","ast-hfb-above-header-display":"","ast-hfb-below-header-display":"","ast-hfb-mobile-header-display":"","site-post-title":"","ast-breadcrumbs-content":"","ast-featured-img":"","footer-sml-layout":"","ast-disable-related-posts":"","theme-transparent-header-meta":"","adv-header-id-meta":"","stick-header-meta":"","header-above-stick-meta":"","header-main-stick-meta":"","header-below-stick-meta":"","astra-migrate-meta-layouts":"set","ast-page-background-enabled":"default","ast-page-background-meta":{"desktop":{"background-color":"","background-image":"","background-repeat":"repeat","background-position":"center center","background-size":"auto","background-attachment":"scroll","background-type":"","background-media":"","overlay-type":"","overlay-color":"","overlay-opacity":"","overlay-gradient":""},"tablet":{"background-color":"","background-image":"","background-repeat":"repeat","background-position":"center center","background-size":"auto","background-attachment":"scroll","background-type":"","background-media":"","overlay-type":"","overlay-color":"","overlay-opacity":"","overlay-gradient":""},"mobile":{"background-color":"","background-image":"","background-repeat":"repeat","background-position":"center center","background-size":"auto","background-attachment":"scroll","background-type":"","background-media":"","overlay-type":"","overlay-color":"","overlay-opacity":"","overlay-gradient":""}},"ast-content-background-meta":{"desktop":{"background-color":"var(--ast-global-color-5)","background-image":"","background-repeat":"repeat","background-position":"center center","background-size":"auto","background-attachment":"scroll","background-type":"","background-media":"","overlay-type":"","overlay-color":"","overlay-opacity":"","overlay-gradient":""},"tablet":{"background-color":"var(--ast-global-color-5)","background-image":"","background-repeat":"repeat","background-position":"center center","background-size":"auto","background-attachment":"scroll","background-type":"","background-media":"","overlay-type":"","overlay-color":"","overlay-opacity":"","overlay-gradient":""},"mobile":{"background-color":"var(--ast-global-color-5)","background-image":"","background-repeat":"repeat","background-position":"center center","background-size":"auto","background-attachment":"scroll","background-type":"","background-media":"","overlay-type":"","overlay-color":"","overlay-opacity":"","overlay-gradient":""}},"footnotes":""},"class_list":["post-2713","page","type-page","status-publish","hentry"],"_links":{"self":[{"href":"https:\/\/vehicleregistrationscostadelsol.com\/es\/wp-json\/wp\/v2\/pages\/2713","targetHints":{"allow":["GET"]}}],"collection":[{"href":"https:\/\/vehicleregistrationscostadelsol.com\/es\/wp-json\/wp\/v2\/pages"}],"about":[{"href":"https:\/\/vehicleregistrationscostadelsol.com\/es\/wp-json\/wp\/v2\/types\/page"}],"author":[{"embeddable":true,"href":"https:\/\/vehicleregistrationscostadelsol.com\/es\/wp-json\/wp\/v2\/users\/1"}],"replies":[{"embeddable":true,"href":"https:\/\/vehicleregistrationscostadelsol.com\/es\/wp-json\/wp\/v2\/comments?post=2713"}],"version-history":[{"count":1,"href":"https:\/\/vehicleregistrationscostadelsol.com\/es\/wp-json\/wp\/v2\/pages\/2713\/revisions"}],"predecessor-version":[{"id":3386,"href":"https:\/\/vehicleregistrationscostadelsol.com\/es\/wp-json\/wp\/v2\/pages\/2713\/revisions\/3386"}],"wp:attachment":[{"href":"https:\/\/vehicleregistrationscostadelsol.com\/es\/wp-json\/wp\/v2\/media?parent=2713"}],"curies":[{"name":"wp","href":"https:\/\/api.w.org\/{rel}","templated":true}]}}