{"id":2744,"date":"2022-11-15T18:00:01","date_gmt":"2022-11-15T17:00:01","guid":{"rendered":"https:\/\/vehicleregistrationscostadelsol.com\/?page_id=2744"},"modified":"2025-07-02T22:18:15","modified_gmt":"2025-07-02T20:18:15","slug":"obtener-una-ficha-tecnica-o-un-certificado-de-conformidad-en-espana","status":"publish","type":"page","link":"https:\/\/vehicleregistrationscostadelsol.com\/es\/getting-a-ficha-technica-or-a-certificate-of-conformity-in-spain\/","title":{"rendered":"Obtener una Ficha T\u00e9cnica o un certificado de conformidad en Espa\u00f1a"},"content":{"rendered":"<p>Obtener una Ficha T\u00e9cnica o un certificado de conformidad en Espa\u00f1a es bastante sencillo. Un certificado de conformidad se utiliza para presentar a la ITV y contiene la informaci\u00f3n de la especificaci\u00f3n del veh\u00edculo para comprobar contra las leyes en Espa\u00f1a con respecto a lo que se considera la conformidad europea.<\/p><div id=\"ez-toc-container\" class=\"ez-toc-v2_0_82_2 counter-hierarchy ez-toc-counter ez-toc-grey ez-toc-container-direction\">\n<div class=\"ez-toc-title-container\">\n<p class=\"ez-toc-title\" style=\"cursor:inherit\">\u00cdndice<\/p>\n<span class=\"ez-toc-title-toggle\"><a href=\"#\" class=\"ez-toc-pull-right ez-toc-btn ez-toc-btn-xs ez-toc-btn-default ez-toc-toggle\" aria-label=\"Alternar tabla de contenidos\"><span class=\"ez-toc-js-icon-con\"><span class=\"\"><span class=\"eztoc-hide\" style=\"display:none;\">Toggle<\/span><span class=\"ez-toc-icon-toggle-span\"><svg style=\"fill: #999;color:#999\" xmlns=\"http:\/\/www.w3.org\/2000\/svg\" class=\"list-377408\" width=\"20px\" height=\"20px\" viewbox=\"0 0 24 24\" fill=\"none\"><path d=\"M6 6H4v2h2V6zm14 0H8v2h12V6zM4 11h2v2H4v-2zm16 0H8v2h12v-2zM4 16h2v2H4v-2zm16 0H8v2h12v-2z\" fill=\"currentColor\"><\/path><\/svg><svg style=\"fill: #999;color:#999\" class=\"arrow-unsorted-368013\" xmlns=\"http:\/\/www.w3.org\/2000\/svg\" width=\"10px\" height=\"10px\" viewbox=\"0 0 24 24\" version=\"1.2\" baseprofile=\"tiny\"><path d=\"M18.2 9.3l-6.2-6.3-6.2 6.3c-.2.2-.3.4-.3.7s.1.5.3.7c.2.2.4.3.7.3h11c.3 0 .5-.1.7-.3.2-.2.3-.5.3-.7s-.1-.5-.3-.7zM5.8 14.7l6.2 6.3 6.2-6.3c.2-.2.3-.5.3-.7s-.1-.5-.3-.7c-.2-.2-.4-.3-.7-.3h-11c-.3 0-.5.1-.7.3-.2.2-.3.5-.3.7s.1.5.3.7z\"\/><\/svg><\/span><\/span><\/span><\/a><\/span><\/div>\n<nav><ul class='ez-toc-list ez-toc-list-level-1' ><li class='ez-toc-page-1 ez-toc-heading-level-2'><a class=\"ez-toc-link ez-toc-heading-1\" href=\"https:\/\/vehicleregistrationscostadelsol.com\/es\/getting-a-ficha-technica-or-a-certificate-of-conformity-in-spain\/#Order_a_Certificate_of_Conformity_online_for_Spain\" >Pida en l\u00ednea un certificado de conformidad para Espa\u00f1a<\/a><\/li><li class='ez-toc-page-1 ez-toc-heading-level-2'><a class=\"ez-toc-link ez-toc-heading-2\" href=\"https:\/\/vehicleregistrationscostadelsol.com\/es\/getting-a-ficha-technica-or-a-certificate-of-conformity-in-spain\/#Is_a_copy_of_a_Ficha_Technica_Certificate_of_Conformity_acceptable\" >\u00bfEs aceptable una copia del Certificado de Conformidad de Ficha T\u00e9cnica?<\/a><ul class='ez-toc-list-level-3' ><li class='ez-toc-heading-level-3'><a class=\"ez-toc-link ez-toc-heading-3\" href=\"https:\/\/vehicleregistrationscostadelsol.com\/es\/getting-a-ficha-technica-or-a-certificate-of-conformity-in-spain\/#Can_you_help_with_the_whole_service\" >\u00bfPuede ayudar con todo el servicio?<\/a><\/li><li class='ez-toc-page-1 ez-toc-heading-level-3'><a class=\"ez-toc-link ez-toc-heading-4\" href=\"https:\/\/vehicleregistrationscostadelsol.com\/es\/getting-a-ficha-technica-or-a-certificate-of-conformity-in-spain\/#What_Information_is_in_a_certificate_of_conformity\" >\u00bfQu\u00e9 informaci\u00f3n contiene un certificado de conformidad?<\/a><\/li><\/ul><\/li><\/ul><\/nav><\/div>\n\n\n\n\n<p>Proporcionamos estos Certificados de Conformidad de Ficha T\u00e9cnica para veh\u00edculos en toda Espa\u00f1a. Obviamente le ayudamos con todo el proceso, pero si necesita un certificado de conformidad y usted mismo se encarga del proceso, p\u00f3ngase en contacto con nosotros y le proporcionaremos uno para la ITV. <\/p>\n\n\n\n<div class=\"inherit-container-width wp-block-group is-layout-constrained wp-block-group-is-layout-constrained\"><div class=\"wp-block-group__inner-container\">\n<div class=\"wp-block-buttons is-layout-flex wp-block-buttons-is-layout-flex\">\n<div class=\"wp-block-button\"><a class=\"wp-block-button__link wp-element-button\" href=\"https:\/\/wa.me\/34696337629?text=Hi%2C%20I%20have%20a%20question%20regards%20Ficha%20Technica%20Certificate%20of%20Conformity.\" target=\"_blank\" rel=\"noreferrer noopener\">Whatsapp<\/a><\/div>\n\n\n\n<div class=\"wp-block-button\"><a class=\"wp-block-button__link wp-element-button\" href=\"mailto:darren@equitas-property.com?subject=Hi%20Regards%20a%20Ficha%20Technica%20Certificate%20of%20conformity%20&amp;body=Hi%20Vehicle%20registrations%2C%20%0D%0A%0D%0A\">Env\u00edenos un correo electr\u00f3nico <\/a><\/div>\n\n\n\n<div class=\"wp-block-button\"><a class=\"wp-block-button__link wp-element-button\" href=\"tel:+34696337629\" target=\"_blank\" rel=\"noreferrer noopener\">Ll\u00e1manos <\/a><\/div>\n<\/div>\n<\/div><\/div>\n\n\n\n<div style=\"height:25px\" aria-hidden=\"true\" class=\"wp-block-spacer\"><\/div>\n\n\n\n<h2 class=\"wp-block-heading\"><span class=\"ez-toc-section\" id=\"Order_a_Certificate_of_Conformity_online_for_Spain\"><\/span>Pida en l\u00ednea un certificado de conformidad para Espa\u00f1a<span class=\"ez-toc-section-end\"><\/span><\/h2>\n\n\n\n<p>Podemos proporcionar un Certificado de Conformidad online para Espa\u00f1a, desde cualquier lugar de Espa\u00f1a. Aseg\u00farese de tener la Ficha T\u00e9cnica correcta FIRMADA por un profesional certificado. Se le proporcionar\u00e1 todo lo necesario para obtener un certificado de conformidad ESPA\u00d1OL adecuado para llevar a la cita de la ITV.<\/p>\n\n\n\n<p>Podemos enviarle el certificado de conformidad por v\u00eda digital o por correo certificado. Puede utilizarlo para llevarlo a su cita con la ITV. De nuevo si necesita ayuda con el <a href=\"https:\/\/vehicleregistrationscostadelsol.com\/es\/\" target=\"_blank\" rel=\"noreferrer noopener\">todo el proceso, de principio a fin<\/a>S\u00f3lo necesita el certificado, o quiere que nos ocupemos de la matriculaci\u00f3n definitiva del veh\u00edculo, podemos realizar todos esos servicios. <\/p>\n\n\n\n<h2 class=\"wp-block-heading\"><span class=\"ez-toc-section\" id=\"Is_a_copy_of_a_Ficha_Technica_Certificate_of_Conformity_acceptable\"><\/span>\u00bfEs aceptable una copia del Certificado de Conformidad de Ficha T\u00e9cnica?<span class=\"ez-toc-section-end\"><\/span><\/h2>\n\n\n\n<p>En la mayor\u00eda de las estaciones ITV no. La mayor\u00eda necesitan haber sido realizadas por un profesional certificado, y firmadas f\u00edsicamente para que la ITV acepte el certificado. En la mayor\u00eda de las estaciones ITV s\u00f3lo se acepta el certificado expedido en el punto de venta del veh\u00edculo. <\/p>\n\n\n\n<h3 class=\"wp-block-heading\"><span class=\"ez-toc-section\" id=\"Can_you_help_with_the_whole_service\"><\/span>\u00bfPuede ayudar con todo el servicio?<span class=\"ez-toc-section-end\"><\/span><\/h3>\n\n\n\n<p>Podemos ofrecer un <a href=\"https:\/\/vehicleregistrationscostadelsol.com\/es\/servicio-a-distancia-para-la-matriculacion-de-vehiculos-en-espana\/\">servicio remoto <\/a>s\u00ed. Aqu\u00ed es donde no tenemos acceso f\u00edsico al veh\u00edculo o capaz de asistir a la <a href=\"https:\/\/www.applusiteuve.com\/es-es\/estaciones-itv\/itv-comunidad-valenciana\/itv-alicante\/\" data-type=\"URL\" data-id=\"https:\/\/www.applusiteuve.com\/es-es\/estaciones-itv\/itv-comunidad-valenciana\/itv-alicante\/\" target=\"_blank\" rel=\"noreferrer noopener\">ITV<\/a> con usted.  Sin embargo, lea nuestro art\u00edculo c\u00f3mo ayudamos y que el servicio es m\u00e1s o menos el mismo. Por lo que sabemos, nuestro servicio es el m\u00e1s completo de Espa\u00f1a. Tambi\u00e9n le ayudaremos a reservar la ITV para usted y proporcionar todo el papeleo y hacer frente a los registros, impuestos y el impuesto de circulaci\u00f3n.<\/p>\n\n\n\n<div class=\"wp-block-buttons is-layout-flex wp-block-buttons-is-layout-flex\">\n<div class=\"wp-block-button\"><a class=\"wp-block-button__link wp-element-button\" href=\"https:\/\/wa.me\/34696337629?text=Hi%2C%20I%20have%20a%20question%20regards%20Ficha%20Technica%20Certificate%20of%20Conformity.\" target=\"_blank\" rel=\"noreferrer noopener\">Whatsapp<\/a><\/div>\n\n\n\n<div class=\"wp-block-button\"><a class=\"wp-block-button__link wp-element-button\" href=\"mailto:darren@equitas-property.com?subject=Hi%20Regards%20a%20Ficha%20Technica%20Certificate%20of%20conformity%20&amp;body=Hi%20Vehicle%20registrations%2C%20%0D%0A%0D%0A\" target=\"_blank\" rel=\"noreferrer noopener\">Env\u00edenos un correo electr\u00f3nico <\/a><\/div>\n\n\n\n<div class=\"wp-block-button\"><a class=\"wp-block-button__link wp-element-button\" href=\"tel:+34696337629\" target=\"_blank\" rel=\"noreferrer noopener\">Ll\u00e1manos <\/a><\/div>\n<\/div>\n\n\n\n<div style=\"height:27px\" aria-hidden=\"true\" class=\"wp-block-spacer\"><\/div>\n\n\n\n<h3 class=\"wp-block-heading\"><span class=\"ez-toc-section\" id=\"What_Information_is_in_a_certificate_of_conformity\"><\/span>\u00bfQu\u00e9 informaci\u00f3n contiene un certificado de conformidad?<span class=\"ez-toc-section-end\"><\/span><\/h3>\n\n\n\n<p>Las especificaciones del veh\u00edculo original y c\u00f3mo sali\u00f3 de la f\u00e1brica del fabricante cuando era nuevo.  Cualquier cosa que no sea est\u00e1ndar tendr\u00e1 problemas con la estaci\u00f3n de ITV. Espa\u00f1a tiene un estricto proceso de conformidad para los veh\u00edculos que deseen ser registrados en placas espa\u00f1olas. El certificado de conformidad firmado se har\u00e1 por un agente autorizado y no tendr\u00e1 ning\u00fan problema en absoluto en la estaci\u00f3n de ITV. Contendr\u00e1 toda la informaci\u00f3n pertinente a la norma de conformidad original. D\u00e9jenos el trabajo duro a nosotros y recuerde que tambi\u00e9n podemos ayudarle con todo el servicio en cualquier parte del pa\u00eds. <\/p>\n\n\n\n<p><\/p>","protected":false},"excerpt":{"rendered":"<p>Getting a Ficha Technica or a certificate of conformity in Spain is pretty simple. A certificate of conformity is used to present to the ITV and contains the information of the specification of the vehicle to check against the laws in Spain regarding what is considered European conformity. We provide these Ficha Technica Certificate of [&hellip;]<\/p>\n","protected":false},"author":1,"featured_media":2756,"parent":0,"menu_order":0,"comment_status":"closed","ping_status":"closed","template":"","meta":{"site-sidebar-layout":"default","site-content-layout":"","ast-site-content-layout":"default","site-content-style":"default","site-sidebar-style":"default","ast-global-header-display":"","ast-banner-title-visibility":"","ast-main-header-display":"","ast-hfb-above-header-display":"","ast-hfb-below-header-display":"","ast-hfb-mobile-header-display":"","site-post-title":"","ast-breadcrumbs-content":"","ast-featured-img":"","footer-sml-layout":"","ast-disable-related-posts":"","theme-transparent-header-meta":"","adv-header-id-meta":"","stick-header-meta":"","header-above-stick-meta":"","header-main-stick-meta":"","header-below-stick-meta":"","astra-migrate-meta-layouts":"set","ast-page-background-enabled":"default","ast-page-background-meta":{"desktop":{"background-color":"","background-image":"","background-repeat":"repeat","background-position":"center center","background-size":"auto","background-attachment":"scroll","background-type":"","background-media":"","overlay-type":"","overlay-color":"","overlay-gradient":""},"tablet":{"background-color":"","background-image":"","background-repeat":"repeat","background-position":"center center","background-size":"auto","background-attachment":"scroll","background-type":"","background-media":"","overlay-type":"","overlay-color":"","overlay-gradient":""},"mobile":{"background-color":"","background-image":"","background-repeat":"repeat","background-position":"center center","background-size":"auto","background-attachment":"scroll","background-type":"","background-media":"","overlay-type":"","overlay-color":"","overlay-gradient":""}},"ast-content-background-meta":{"desktop":{"background-color":"var(--ast-global-color-5)","background-image":"","background-repeat":"repeat","background-position":"center center","background-size":"auto","background-attachment":"scroll","background-type":"","background-media":"","overlay-type":"","overlay-color":"","overlay-gradient":""},"tablet":{"background-color":"var(--ast-global-color-5)","background-image":"","background-repeat":"repeat","background-position":"center center","background-size":"auto","background-attachment":"scroll","background-type":"","background-media":"","overlay-type":"","overlay-color":"","overlay-gradient":""},"mobile":{"background-color":"var(--ast-global-color-5)","background-image":"","background-repeat":"repeat","background-position":"center center","background-size":"auto","background-attachment":"scroll","background-type":"","background-media":"","overlay-type":"","overlay-color":"","overlay-gradient":""}},"footnotes":""},"class_list":["post-2744","page","type-page","status-publish","has-post-thumbnail","hentry"],"_links":{"self":[{"href":"https:\/\/vehicleregistrationscostadelsol.com\/es\/wp-json\/wp\/v2\/pages\/2744","targetHints":{"allow":["GET"]}}],"collection":[{"href":"https:\/\/vehicleregistrationscostadelsol.com\/es\/wp-json\/wp\/v2\/pages"}],"about":[{"href":"https:\/\/vehicleregistrationscostadelsol.com\/es\/wp-json\/wp\/v2\/types\/page"}],"author":[{"embeddable":true,"href":"https:\/\/vehicleregistrationscostadelsol.com\/es\/wp-json\/wp\/v2\/users\/1"}],"replies":[{"embeddable":true,"href":"https:\/\/vehicleregistrationscostadelsol.com\/es\/wp-json\/wp\/v2\/comments?post=2744"}],"version-history":[{"count":0,"href":"https:\/\/vehicleregistrationscostadelsol.com\/es\/wp-json\/wp\/v2\/pages\/2744\/revisions"}],"wp:featuredmedia":[{"embeddable":true,"href":"https:\/\/vehicleregistrationscostadelsol.com\/es\/wp-json\/wp\/v2\/media\/2756"}],"wp:attachment":[{"href":"https:\/\/vehicleregistrationscostadelsol.com\/es\/wp-json\/wp\/v2\/media?parent=2744"}],"curies":[{"name":"wp","href":"https:\/\/api.w.org\/{rel}","templated":true}]}}