{"id":2860,"date":"2023-02-28T14:15:49","date_gmt":"2023-02-28T13:15:49","guid":{"rendered":"https:\/\/vehicleregistrationscostadelsol.com\/?page_id=2860"},"modified":"2026-01-10T22:45:20","modified_gmt":"2026-01-10T21:45:20","slug":"matricular-un-vehiculo-danes-en-espana","status":"publish","type":"page","link":"https:\/\/vehicleregistrationscostadelsol.com\/es\/register-a-danish-vehicle-in-spain\/","title":{"rendered":"Matricular un veh\u00edculo dan\u00e9s en Espa\u00f1a"},"content":{"rendered":"<p>Matricular un veh\u00edculo dan\u00e9s en Espa\u00f1a es bastante sencillo. La mayor\u00eda de los veh\u00edculos daneses han sido bien cuidados, por lo que merece la pena matricularlos, ya que los veh\u00edculos equivalentes en Espa\u00f1a son mucho m\u00e1s caros. Todo est\u00e1 en el lugar correcto. Los faros, el volante y los kil\u00f3metros est\u00e1n sincronizados para pasar una inspecci\u00f3n ITV en Espa\u00f1a. <\/p><div id=\"ez-toc-container\" class=\"ez-toc-v2_0_82_2 counter-hierarchy ez-toc-counter ez-toc-grey ez-toc-container-direction\">\n<div class=\"ez-toc-title-container\">\n<p class=\"ez-toc-title\" style=\"cursor:inherit\">\u00cdndice<\/p>\n<span class=\"ez-toc-title-toggle\"><a href=\"#\" class=\"ez-toc-pull-right ez-toc-btn ez-toc-btn-xs ez-toc-btn-default ez-toc-toggle\" aria-label=\"Alternar tabla de contenidos\"><span class=\"ez-toc-js-icon-con\"><span class=\"\"><span class=\"eztoc-hide\" style=\"display:none;\">Toggle<\/span><span class=\"ez-toc-icon-toggle-span\"><svg style=\"fill: #999;color:#999\" xmlns=\"http:\/\/www.w3.org\/2000\/svg\" class=\"list-377408\" width=\"20px\" height=\"20px\" viewbox=\"0 0 24 24\" fill=\"none\"><path d=\"M6 6H4v2h2V6zm14 0H8v2h12V6zM4 11h2v2H4v-2zm16 0H8v2h12v-2zM4 16h2v2H4v-2zm16 0H8v2h12v-2z\" fill=\"currentColor\"><\/path><\/svg><svg style=\"fill: #999;color:#999\" class=\"arrow-unsorted-368013\" xmlns=\"http:\/\/www.w3.org\/2000\/svg\" width=\"10px\" height=\"10px\" viewbox=\"0 0 24 24\" version=\"1.2\" baseprofile=\"tiny\"><path d=\"M18.2 9.3l-6.2-6.3-6.2 6.3c-.2.2-.3.4-.3.7s.1.5.3.7c.2.2.4.3.7.3h11c.3 0 .5-.1.7-.3.2-.2.3-.5.3-.7s-.1-.5-.3-.7zM5.8 14.7l6.2 6.3 6.2-6.3c.2-.2.3-.5.3-.7s-.1-.5-.3-.7c-.2-.2-.4-.3-.7-.3h-11c-.3 0-.5.1-.7.3-.2.2-.3.5-.3.7s.1.5.3.7z\"\/><\/svg><\/span><\/span><\/span><\/a><\/span><\/div>\n<nav><ul class='ez-toc-list ez-toc-list-level-1' ><li class='ez-toc-page-1 ez-toc-heading-level-3'><a class=\"ez-toc-link ez-toc-heading-1\" href=\"https:\/\/vehicleregistrationscostadelsol.com\/es\/register-a-danish-vehicle-in-spain\/#What_is_required_to_Register_a_Danish_Vehicle_in_Spain\" >\u00bfQu\u00e9 se necesita para matricular un veh\u00edculo dan\u00e9s en Espa\u00f1a?<\/a><\/li><li class='ez-toc-page-1 ez-toc-heading-level-3'><a class=\"ez-toc-link ez-toc-heading-2\" href=\"https:\/\/vehicleregistrationscostadelsol.com\/es\/register-a-danish-vehicle-in-spain\/#Paperwork_required_for_a_Danish_Vehicle\" >Tr\u00e1mites necesarios para un veh\u00edculo dan\u00e9s<\/a><\/li><li class='ez-toc-page-1 ez-toc-heading-level-3'><a class=\"ez-toc-link ez-toc-heading-3\" href=\"https:\/\/vehicleregistrationscostadelsol.com\/es\/register-a-danish-vehicle-in-spain\/#How_do_you_get_a_free_Estimate_on_costs\" >\u00bfC\u00f3mo obtener un presupuesto gratuito?<\/a><ul class='ez-toc-list-level-4' ><li class='ez-toc-heading-level-4'><a class=\"ez-toc-link ez-toc-heading-4\" href=\"https:\/\/vehicleregistrationscostadelsol.com\/es\/register-a-danish-vehicle-in-spain\/#Have_you_Registered_a_Vehicle_from_denmark_in_Spain_Before\" >\u00bfHa matriculado antes un veh\u00edculo de Dinamarca en Espa\u00f1a?<\/a><\/li><\/ul><\/li><\/ul><\/nav><\/div>\n\n\n\n\n<h3 class=\"wp-block-heading\"><span class=\"ez-toc-section\" id=\"What_is_required_to_Register_a_Danish_Vehicle_in_Spain\"><\/span>\u00bfQu\u00e9 se necesita para matricular un veh\u00edculo dan\u00e9s en Espa\u00f1a?<span class=\"ez-toc-section-end\"><\/span><\/h3>\n\n\n\n<ul class=\"wp-block-list\">\n<li>Parte 1 del permiso de circulaci\u00f3n - Del 1(Azul)<\/li>\n\n\n\n<li>Parte 2 del permiso de circulaci\u00f3n - Del 2 (Azul) <\/li>\n\n\n\n<li>Justificante de domicilio en Espa\u00f1a<\/li>\n\n\n\n<li>Documento de identidad<\/li>\n<\/ul>\n\n\n\n<h3 class=\"wp-block-heading\"><span class=\"ez-toc-section\" id=\"Paperwork_required_for_a_Danish_Vehicle\"><\/span>Tr\u00e1mites necesarios para un veh\u00edculo dan\u00e9s<span class=\"ez-toc-section-end\"><\/span><\/h3>\n\n\n\n<p>A continuaci\u00f3n se muestra un ejemplo de las partes Del 1 y Del 2 de los documentos de matriculaci\u00f3n de veh\u00edculos. <strong>Sin ambas partes no se puede matricular un veh\u00edculo dan\u00e9s en Espa\u00f1a.  <\/strong><\/p>\n\n\n\n<figure class=\"wp-block-gallery has-nested-images columns-default is-cropped wp-block-gallery-1 is-layout-flex wp-block-gallery-is-layout-flex\">\n<figure class=\"wp-block-image size-full\"><a href=\"https:\/\/www.danishroadtrafficauthority.dk\/\" target=\"_blank\" rel=\" noreferrer noopener\"><img decoding=\"async\" data-id=\"2863\" src=\"https:\/\/vehicleregistrationscostadelsol.com\/wp-content\/uploads\/2023\/02\/Danish-vehicle-regsitration-in-spain.webp\" alt=\"Matriculaci\u00f3n Costa del sol\" class=\"wp-image-2863\" title=\"Matricular su coche en Espa\u00f1a\"><\/a><\/figure>\n<\/figure>\n\n\n\n<p><\/p>\n\n\n\n<p>Se necesita en su formato original para reservar la inspecci\u00f3n t\u00e9cnica de la ITV. Tambi\u00e9n necesitar\u00e1 que creemos un archivo y lo enviemos a la estaci\u00f3n ITV. Comprobar la conformidad del veh\u00edculo para asegurarnos de que realmente puede pasar la ITV. Las emisiones del veh\u00edculo, la fecha de matriculaci\u00f3n, el motor y la potencia, y la fecha del documento. <br><br><\/p>\n\n\n\n<h3 class=\"wp-block-heading\"><span class=\"ez-toc-section\" id=\"How_do_you_get_a_free_Estimate_on_costs\"><\/span>\u00bfC\u00f3mo obtener un presupuesto gratuito?<span class=\"ez-toc-section-end\"><\/span><\/h3>\n\n\n\n<p>Para recibir un presupuesto r\u00e1pido y gratuito, solo tienes que rellenar el formulario y enviarnos las secciones 1 y 2 de los documentos de matriculaci\u00f3n de tu veh\u00edculo. Tras rellenar el formulario, se generar\u00e1 un correo electr\u00f3nico para que nos env\u00ede los documentos por correo electr\u00f3nico o WhatsApp. A continuaci\u00f3n, le proporcionaremos un presupuesto r\u00e1pido en el que se detallar\u00e1n los costes, los tr\u00e1mites, los impuestos y realizaremos un an\u00e1lisis exhaustivo del veh\u00edculo.<\/p>\n\n\n\n<iframe src=\"https:\/\/www.cognitoforms.com\/f\/K4s97m8SD0mZMY-AxYnlJw\/10\" style=\"border:0;width:100%;\" height=\"1450\"><\/iframe>\n<script src=\"https:\/\/www.cognitoforms.com\/f\/iframe.js\"><\/script>\n\n\n\n<h4 class=\"wp-block-heading\"><span class=\"ez-toc-section\" id=\"Have_you_Registered_a_Vehicle_from_denmark_in_Spain_Before\"><\/span>\u00bfHa matriculado antes un veh\u00edculo de Dinamarca en Espa\u00f1a?<span class=\"ez-toc-section-end\"><\/span><\/h4>\n\n\n\n<p>S\u00ed, hemos matriculado muchos veh\u00edculos daneses aqu\u00ed en Espa\u00f1a. Suele ser un proceso bastante sencillo debido a que los veh\u00edculos daneses tienen el volante a la izquierda. De hecho hemos matriculado muchos <a href=\"https:\/\/vehicleregistrationscostadelsol.com\/es\/matricular-una-moto-en-espana\/\">Motocicletas danesas<\/a> tambi\u00e9n. Tenemos un alto porcentaje de aprobaci\u00f3n para la inspecci\u00f3n t\u00e9cnica de veh\u00edculos de Dinamarca , por lo general con el hecho de que han sido bien cuidados.<\/p>\n\n\n\n<p><\/p>\n\n\n\n<p><\/p>","protected":false},"excerpt":{"rendered":"<p>Registering a Danish vehicle in Spain is pretty straight forward. Most vehicles from Denmark have been well looked after which means they are definitely worth registering as the equivalent vehicles in Spain are much more expensive. Everything is located in the correct place. The headlights, steering wheel and kilometres are all in synch with passing [&hellip;]<\/p>\n","protected":false},"author":1,"featured_media":0,"parent":0,"menu_order":0,"comment_status":"closed","ping_status":"closed","template":"","meta":{"site-sidebar-layout":"default","site-content-layout":"","ast-site-content-layout":"default","site-content-style":"default","site-sidebar-style":"default","ast-global-header-display":"","ast-banner-title-visibility":"","ast-main-header-display":"","ast-hfb-above-header-display":"","ast-hfb-below-header-display":"","ast-hfb-mobile-header-display":"","site-post-title":"","ast-breadcrumbs-content":"","ast-featured-img":"","footer-sml-layout":"","ast-disable-related-posts":"","theme-transparent-header-meta":"","adv-header-id-meta":"","stick-header-meta":"","header-above-stick-meta":"","header-main-stick-meta":"","header-below-stick-meta":"","astra-migrate-meta-layouts":"set","ast-page-background-enabled":"default","ast-page-background-meta":{"desktop":{"background-color":"","background-image":"","background-repeat":"repeat","background-position":"center center","background-size":"auto","background-attachment":"scroll","background-type":"","background-media":"","overlay-type":"","overlay-color":"","overlay-gradient":""},"tablet":{"background-color":"","background-image":"","background-repeat":"repeat","background-position":"center center","background-size":"auto","background-attachment":"scroll","background-type":"","background-media":"","overlay-type":"","overlay-color":"","overlay-gradient":""},"mobile":{"background-color":"","background-image":"","background-repeat":"repeat","background-position":"center center","background-size":"auto","background-attachment":"scroll","background-type":"","background-media":"","overlay-type":"","overlay-color":"","overlay-gradient":""}},"ast-content-background-meta":{"desktop":{"background-color":"var(--ast-global-color-5)","background-image":"","background-repeat":"repeat","background-position":"center center","background-size":"auto","background-attachment":"scroll","background-type":"","background-media":"","overlay-type":"","overlay-color":"","overlay-gradient":""},"tablet":{"background-color":"var(--ast-global-color-5)","background-image":"","background-repeat":"repeat","background-position":"center center","background-size":"auto","background-attachment":"scroll","background-type":"","background-media":"","overlay-type":"","overlay-color":"","overlay-gradient":""},"mobile":{"background-color":"var(--ast-global-color-5)","background-image":"","background-repeat":"repeat","background-position":"center center","background-size":"auto","background-attachment":"scroll","background-type":"","background-media":"","overlay-type":"","overlay-color":"","overlay-gradient":""}},"footnotes":""},"class_list":["post-2860","page","type-page","status-publish","hentry"],"_links":{"self":[{"href":"https:\/\/vehicleregistrationscostadelsol.com\/es\/wp-json\/wp\/v2\/pages\/2860","targetHints":{"allow":["GET"]}}],"collection":[{"href":"https:\/\/vehicleregistrationscostadelsol.com\/es\/wp-json\/wp\/v2\/pages"}],"about":[{"href":"https:\/\/vehicleregistrationscostadelsol.com\/es\/wp-json\/wp\/v2\/types\/page"}],"author":[{"embeddable":true,"href":"https:\/\/vehicleregistrationscostadelsol.com\/es\/wp-json\/wp\/v2\/users\/1"}],"replies":[{"embeddable":true,"href":"https:\/\/vehicleregistrationscostadelsol.com\/es\/wp-json\/wp\/v2\/comments?post=2860"}],"version-history":[{"count":1,"href":"https:\/\/vehicleregistrationscostadelsol.com\/es\/wp-json\/wp\/v2\/pages\/2860\/revisions"}],"predecessor-version":[{"id":3383,"href":"https:\/\/vehicleregistrationscostadelsol.com\/es\/wp-json\/wp\/v2\/pages\/2860\/revisions\/3383"}],"wp:attachment":[{"href":"https:\/\/vehicleregistrationscostadelsol.com\/es\/wp-json\/wp\/v2\/media?parent=2860"}],"curies":[{"name":"wp","href":"https:\/\/api.w.org\/{rel}","templated":true}]}}