{"id":2941,"date":"2023-07-27T20:27:42","date_gmt":"2023-07-27T18:27:42","guid":{"rendered":"https:\/\/vehicleregistrationscostadelsol.com\/?page_id=2941"},"modified":"2023-08-02T14:41:54","modified_gmt":"2023-08-02T12:41:54","slug":"matricular-un-coche-italiano-en-espana","status":"publish","type":"page","link":"https:\/\/vehicleregistrationscostadelsol.com\/es\/register-an-italian-car-in-spain\/","title":{"rendered":"Matricular un coche italiano en Espa\u00f1a"},"content":{"rendered":"<p>Tenemos un servicio para matricular su veh\u00edculo italiano en Espa\u00f1a. Hemos registrado algunos coches italianos brillantes en Espa\u00f1a. Alfas, Ferraris e incluso Lamborghinis que hemos puesto a trav\u00e9s del proceso de matriculaci\u00f3n de veh\u00edculos, tom\u00f3 una prueba t\u00e9cnica y registr\u00f3 el veh\u00edculo. <\/p>\n\n\n\n<p>Hemos comprobado que los coches italianos suelen estar bien cuidados y suelen pasar la ITV sin problemas. Sin embargo, para matricular un veh\u00edculo italiano en Espa\u00f1a hay que pasar por muchos obst\u00e1culos. <\/p>\n\n\n\n<p>En primer lugar, hay que saber en qu\u00e9 consisten los impuestos sobre las emisiones. B\u00e1sicamente todo lo que supere los 120GPKM de C02 paga una tasa al gobierno en concepto de impuesto. Cuanto m\u00e1s antiguo sea el veh\u00edculo, menor ser\u00e1 el impuesto, y cuanto menor sea la emisi\u00f3n, menor ser\u00e1 el impuesto. Podemos comprobar esta cifra para usted. <\/p>\n\n\n\n<p>El coste del registro tambi\u00e9n depende de otros factores. <a href=\"https:\/\/vehicleregistrationscostadelsol.com\/es\/obtener-una-ficha-tecnica-o-un-certificado-de-conformidad-en-espana\/\" data-type=\"URL\" data-id=\"https:\/\/vehicleregistrationscostadelsol.com\/getting-a-ficha-technica-or-a-certificate-of-conformity-in-spain\/\" target=\"_blank\" rel=\"noreferrer noopener\">certificado de conformidad<\/a>La edad y el motor del veh\u00edculo. Y los impuestos y procesos pertinentes en Espa\u00f1a. ofrecemos un presupuesto gratuito y sin compromiso as\u00ed que por favor p\u00f3ngase en contacto. <\/p>\n\n\n\n<h3 class=\"wp-block-heading\">\u00bfQu\u00e9 se necesita para matricular un coche italiano en Espa\u00f1a?<\/h3>\n\n\n\n<p>Necesitar\u00e1s:<\/p>\n\n\n\n<ul class=\"wp-block-list\">\n<li>El documento de matriculaci\u00f3n de Italain Vehcile parte 1 y 2<\/li>\n\n\n\n<li>Un certificado de conformidad<\/li>\n\n\n\n<li>Pasaporte, NIE o tarjeta de residencia<\/li>\n<\/ul>\n\n\n\n<h3 class=\"wp-block-heading\">\u00bfSe puede matricular un coche italiano como no residente?<\/h3>\n\n\n\n<p>S\u00ed, no hay ning\u00fan problema. No es necesario ser residente para matricular un coche italiano en Espa\u00f1a e incluso si lo es, el coste ser\u00e1 exactamente el mismo en ambos casos. <\/p>\n\n\n\n<h3 class=\"wp-block-heading\">\u00bfSer\u00e1 v\u00e1lida mi prueba t\u00e9cnica actual?<\/h3>\n\n\n\n<p>Para todas las nuevas matriculaciones de un veh\u00edculo italiano tendr\u00e1 que tomar una ITV - Inspecci\u00f3n en Espa\u00f1a. Incluso si el veh\u00edculo tiene menos de 4 a\u00f1os. <\/p>\n\n\n\n<p>La revisi\u00f3n t\u00e9cnica tiene por objeto comprobar la mec\u00e1nica del veh\u00edculo y tambi\u00e9n la conformidad del veh\u00edculo y de los instrumentos para asegurarse de que todo es apto para circular. <\/p>\n\n\n\n<p><\/p>","protected":false},"excerpt":{"rendered":"<p>Having your Italian Vehicle registered in Spain is something we have a service for. We have registered some brilliant Italian cars in Spain. Alfas, Ferraris and even Lamborghinis we have put through the Vehicle regsitration process, took a technical test and registered the vehicle. We have found that Italian cars are often well looked after [&hellip;]<\/p>\n","protected":false},"author":1,"featured_media":2946,"parent":0,"menu_order":0,"comment_status":"closed","ping_status":"closed","template":"","meta":{"site-sidebar-layout":"default","site-content-layout":"","ast-site-content-layout":"default","site-content-style":"default","site-sidebar-style":"default","ast-global-header-display":"","ast-banner-title-visibility":"","ast-main-header-display":"","ast-hfb-above-header-display":"","ast-hfb-below-header-display":"","ast-hfb-mobile-header-display":"","site-post-title":"","ast-breadcrumbs-content":"","ast-featured-img":"","footer-sml-layout":"","ast-disable-related-posts":"","theme-transparent-header-meta":"","adv-header-id-meta":"","stick-header-meta":"","header-above-stick-meta":"","header-main-stick-meta":"","header-below-stick-meta":"","astra-migrate-meta-layouts":"default","ast-page-background-enabled":"default","ast-page-background-meta":{"desktop":{"background-color":"","background-image":"","background-repeat":"repeat","background-position":"center center","background-size":"auto","background-attachment":"scroll","background-type":"","background-media":"","overlay-type":"","overlay-color":"","overlay-opacity":"","overlay-gradient":""},"tablet":{"background-color":"","background-image":"","background-repeat":"repeat","background-position":"center center","background-size":"auto","background-attachment":"scroll","background-type":"","background-media":"","overlay-type":"","overlay-color":"","overlay-opacity":"","overlay-gradient":""},"mobile":{"background-color":"","background-image":"","background-repeat":"repeat","background-position":"center center","background-size":"auto","background-attachment":"scroll","background-type":"","background-media":"","overlay-type":"","overlay-color":"","overlay-opacity":"","overlay-gradient":""}},"ast-content-background-meta":{"desktop":{"background-color":"var(--ast-global-color-5)","background-image":"","background-repeat":"repeat","background-position":"center center","background-size":"auto","background-attachment":"scroll","background-type":"","background-media":"","overlay-type":"","overlay-color":"","overlay-opacity":"","overlay-gradient":""},"tablet":{"background-color":"var(--ast-global-color-5)","background-image":"","background-repeat":"repeat","background-position":"center center","background-size":"auto","background-attachment":"scroll","background-type":"","background-media":"","overlay-type":"","overlay-color":"","overlay-opacity":"","overlay-gradient":""},"mobile":{"background-color":"var(--ast-global-color-5)","background-image":"","background-repeat":"repeat","background-position":"center center","background-size":"auto","background-attachment":"scroll","background-type":"","background-media":"","overlay-type":"","overlay-color":"","overlay-opacity":"","overlay-gradient":""}},"footnotes":""},"class_list":["post-2941","page","type-page","status-publish","has-post-thumbnail","hentry"],"_links":{"self":[{"href":"https:\/\/vehicleregistrationscostadelsol.com\/es\/wp-json\/wp\/v2\/pages\/2941","targetHints":{"allow":["GET"]}}],"collection":[{"href":"https:\/\/vehicleregistrationscostadelsol.com\/es\/wp-json\/wp\/v2\/pages"}],"about":[{"href":"https:\/\/vehicleregistrationscostadelsol.com\/es\/wp-json\/wp\/v2\/types\/page"}],"author":[{"embeddable":true,"href":"https:\/\/vehicleregistrationscostadelsol.com\/es\/wp-json\/wp\/v2\/users\/1"}],"replies":[{"embeddable":true,"href":"https:\/\/vehicleregistrationscostadelsol.com\/es\/wp-json\/wp\/v2\/comments?post=2941"}],"version-history":[{"count":0,"href":"https:\/\/vehicleregistrationscostadelsol.com\/es\/wp-json\/wp\/v2\/pages\/2941\/revisions"}],"wp:featuredmedia":[{"embeddable":true,"href":"https:\/\/vehicleregistrationscostadelsol.com\/es\/wp-json\/wp\/v2\/media\/2946"}],"wp:attachment":[{"href":"https:\/\/vehicleregistrationscostadelsol.com\/es\/wp-json\/wp\/v2\/media?parent=2941"}],"curies":[{"name":"wp","href":"https:\/\/api.w.org\/{rel}","templated":true}]}}