{"id":1751,"date":"2020-11-26T15:29:04","date_gmt":"2020-11-26T14:29:04","guid":{"rendered":"http:\/\/vehicleregistrationscostadelsol.com\/?page_id=1751"},"modified":"2026-02-10T18:47:54","modified_gmt":"2026-02-10T17:47:54","slug":"itv-testit-mijas","status":"publish","type":"page","link":"https:\/\/vehicleregistrationscostadelsol.com\/fi\/itv-tests-mijas\/","title":{"rendered":"ITV Testaa Mijas 1# Book Cita - Eritt\u00e4in nopea"},"content":{"rendered":"<p>Tarjoamme k\u00e4tevi\u00e4 ITV-palveluja Mijasissa, kuten ajanvarauksen, ITV-testin suorittamisen puolestasi ja jopa autosi noutamisen ja j\u00e4tt\u00e4misen, jos se on mahdollista ja paikallista. Tarvitsitpa sitten t\u00e4ydellisen rekister\u00f6innin espanjalaisiin kilviin tai vain nopean ITV-testin espanjalaiselle ajoneuvollesi, me hoidamme asian. Suurin osa varauksistamme tehd\u00e4\u00e4n Mijasin ITV-katsastuskeskuksessa.<\/p><div id=\"ez-toc-container\" class=\"ez-toc-v2_0_82_2 counter-hierarchy ez-toc-counter ez-toc-grey ez-toc-container-direction\">\n<div class=\"ez-toc-title-container\">\n<p class=\"ez-toc-title\" style=\"cursor:inherit\">Sis\u00e4llysluettelo<\/p>\n<span class=\"ez-toc-title-toggle\"><a href=\"#\" class=\"ez-toc-pull-right ez-toc-btn ez-toc-btn-xs ez-toc-btn-default ez-toc-toggle\" aria-label=\"Sis\u00e4llysluettelon vaihtaminen\"><span class=\"ez-toc-js-icon-con\"><span class=\"\"><span class=\"eztoc-hide\" style=\"display:none;\">Toggle<\/span><span class=\"ez-toc-icon-toggle-span\"><svg style=\"fill: #999;color:#999\" xmlns=\"http:\/\/www.w3.org\/2000\/svg\" class=\"list-377408\" width=\"20px\" height=\"20px\" viewbox=\"0 0 24 24\" fill=\"none\"><path d=\"M6 6H4v2h2V6zm14 0H8v2h12V6zM4 11h2v2H4v-2zm16 0H8v2h12v-2zM4 16h2v2H4v-2zm16 0H8v2h12v-2z\" fill=\"currentColor\"><\/path><\/svg><svg style=\"fill: #999;color:#999\" class=\"arrow-unsorted-368013\" xmlns=\"http:\/\/www.w3.org\/2000\/svg\" width=\"10px\" height=\"10px\" viewbox=\"0 0 24 24\" version=\"1.2\" baseprofile=\"tiny\"><path d=\"M18.2 9.3l-6.2-6.3-6.2 6.3c-.2.2-.3.4-.3.7s.1.5.3.7c.2.2.4.3.7.3h11c.3 0 .5-.1.7-.3.2-.2.3-.5.3-.7s-.1-.5-.3-.7zM5.8 14.7l6.2 6.3 6.2-6.3c.2-.2.3-.5.3-.7s-.1-.5-.3-.7c-.2-.2-.4-.3-.7-.3h-11c-.3 0-.5.1-.7.3-.2.2-.3.5-.3.7s.1.5.3.7z\"\/><\/svg><\/span><\/span><\/span><\/a><\/span><\/div>\n<nav><ul class='ez-toc-list ez-toc-list-level-1 eztoc-toggle-hide-by-default' ><li class='ez-toc-page-1 ez-toc-heading-level-2'><a class=\"ez-toc-link ez-toc-heading-1\" href=\"https:\/\/vehicleregistrationscostadelsol.com\/fi\/itv-tests-mijas\/#ITV_Appointments_Mijas\" >ITV Nimitykset Mijas<\/a><\/li><li class='ez-toc-page-1 ez-toc-heading-level-2'><a class=\"ez-toc-link ez-toc-heading-2\" href=\"https:\/\/vehicleregistrationscostadelsol.com\/fi\/itv-tests-mijas\/#What_documents_are_needed_for_an_ITV_inspection_in_Spain\" >Mit\u00e4 asiakirjoja tarvitaan ITV-tarkastukseen Espanjassa?<\/a><ul class='ez-toc-list-level-3' ><li class='ez-toc-heading-level-3'><a class=\"ez-toc-link ez-toc-heading-3\" href=\"https:\/\/vehicleregistrationscostadelsol.com\/fi\/itv-tests-mijas\/#Do_you_put_the_car_through_the_ITV_Tests_Mijas\" >Laitatko auton ITV Tests Mijasin l\u00e4pi?<\/a><ul class='ez-toc-list-level-4' ><li class='ez-toc-heading-level-4'><a class=\"ez-toc-link ez-toc-heading-4\" href=\"https:\/\/vehicleregistrationscostadelsol.com\/fi\/itv-tests-mijas\/#Do_you_offer_a_service_to_register_non_spanish_vehicles_in_Spain_also\" >Tarjoatteko palvelua my\u00f6s muiden kuin espanjalaisten ajoneuvojen rekister\u00f6intiin Espanjassa?<\/a><ul class='ez-toc-list-level-5' ><li class='ez-toc-heading-level-5'><a class=\"ez-toc-link ez-toc-heading-5\" href=\"https:\/\/vehicleregistrationscostadelsol.com\/fi\/itv-tests-mijas\/#Can_you_source_headlights\" >Voitko hankkia ajovalot?<\/a><ul class='ez-toc-list-level-6' ><li class='ez-toc-heading-level-6'><a class=\"ez-toc-link ez-toc-heading-6\" href=\"https:\/\/vehicleregistrationscostadelsol.com\/fi\/itv-tests-mijas\/#What_ITV_tests_are_performed_at_the_ITV_appointment_Mijas\" >Mit\u00e4 ITV-testej\u00e4 tehd\u00e4\u00e4n ITV:n vastaanotolla Mijas?<\/a><\/li><\/ul><\/li><li class='ez-toc-page-1 ez-toc-heading-level-5'><a class=\"ez-toc-link ez-toc-heading-7\" href=\"https:\/\/vehicleregistrationscostadelsol.com\/fi\/itv-tests-mijas\/#ITV_appointment_online\" >ITV ajanvaraus verkossa<\/a><\/li><li class='ez-toc-page-1 ez-toc-heading-level-5'><a class=\"ez-toc-link ez-toc-heading-8\" href=\"https:\/\/vehicleregistrationscostadelsol.com\/fi\/itv-tests-mijas\/#What_if_the_ITV_fails\" >Ent\u00e4 jos ITV ep\u00e4onnistuu?<\/a><\/li><\/ul><\/li><\/ul><\/li><\/ul><\/li><\/ul><\/nav><\/div>\n\n\n\n\n<h2 class=\"wp-block-heading\"><span class=\"ez-toc-section\" id=\"ITV_Appointments_Mijas\"><\/span>ITV Nimitykset Mijas <span class=\"ez-toc-section-end\"><\/span><\/h2>\n\n\n\n<p>Me varaamme ajoneuvon katsastusta varten, tarvitsemme meille l\u00e4hetetyn vihre\u00e4n ajoneuvon rekister\u00f6intiasiakirjan, ja sinulla on oltava sek\u00e4 vihre\u00e4 asiakirja ett\u00e4 ITV-asiakirjan osa B katsastusta varten. Ajoneuvon asiakirjoissa olevien tietojen perusteella voimme varata testin, ja l\u00e4het\u00e4mme sinulle vahvistuksen, jossa ilmoitetaan aika ja p\u00e4iv\u00e4m\u00e4\u00e4r\u00e4. Tapaamme sinut ITV-asemalla ja suoritamme testin puolestasi. Jos ajoneuvo ei l\u00e4p\u00e4ise testi\u00e4, varaamme my\u00f6s toisen testin ja teemme sen kanssasi. <\/p>\n\n\n\n<h2 class=\"wp-block-heading\"><span class=\"ez-toc-section\" id=\"What_documents_are_needed_for_an_ITV_inspection_in_Spain\"><\/span>Mit\u00e4 asiakirjoja tarvitaan ITV-tarkastukseen Espanjassa?<span class=\"ez-toc-section-end\"><\/span><\/h2>\n\n\n\n<ul class=\"wp-block-list\">\n<li>Vihreit\u00e4 ajoneuvoja koskeva asiakirja <\/li>\n\n\n\n<li>ITV:n osa B -asiakirja <\/li>\n\n\n\n<li>Pankkikortti ITV:n maksamiseen, k\u00e4teist\u00e4 ei hyv\u00e4ksyt\u00e4. <\/li>\n<\/ul>\n\n\n\n<h3 class=\"wp-block-heading\"><span class=\"ez-toc-section\" id=\"Do_you_put_the_car_through_the_ITV_Tests_Mijas\"><\/span>Laitatko auton ITV Tests Mijasin l\u00e4pi? <span class=\"ez-toc-section-end\"><\/span><\/h3>\n\n\n\n<p>Tarjoamme ajoneuvollesi perustason ITV-tarkastuksen Fuengirolassa sijaitsevasta toimistostamme ennen ITV-testin varaamista, jonka me teemme puolestasi. <strong>Viemme auton my\u00f6s ITV-testin l\u00e4pi my\u00f6s sinulle<\/strong>. T\u00e4m\u00e4 on iso juttu, koska se tarkoittaa, ett\u00e4 parannamme autosi mahdollisuuksia l\u00e4p\u00e4ist\u00e4 <a aria-label=\"ITV-testi (avautuu uuteen v\u00e4lilehteen)\" class=\"rank-math-link\" href=\"https:\/\/itvcitaprevia.es\/estaciones-itv\/andalucia\/malaga\/mijas-las-lagunas\/\" target=\"_blank\" rel=\"noreferrer noopener\" data-schema-attribute=\"mentions\">ITV testi<\/a> Mijas.  Olemme vuosien varrella toimittaneet kirjaimellisesti satoja autoja Espanjan ITV:n kautta, ja tunnemme prosessin l\u00e4pikotaisin. <\/p>\n\n\n\n<p>Sinulla on kaksi vaihtoehtoa tavata meid\u00e4t: joko ITV-keskuksessa tai voimme ajaa autosi sinne, jos vakuutuksesi sallii sen. Kun ITV-testit on suoritettu, palautamme autosi sinulle. Nouto ja palautus on lis\u00e4maksullinen, tai voit valita edullisemman vaihtoehdon, jossa tapaat meid\u00e4t ITV-asemalla.<\/p>\n\n\n\n<h4 class=\"wp-block-heading\"><span class=\"ez-toc-section\" id=\"Do_you_offer_a_service_to_register_non_spanish_vehicles_in_Spain_also\"><\/span>Tarjoatteko palvelua my\u00f6s muiden kuin espanjalaisten ajoneuvojen rekister\u00f6intiin Espanjassa?<span class=\"ez-toc-section-end\"><\/span><\/h4>\n\n\n\n<p>Kyll\u00e4, tarjous, auto, paperity\u00f6t, Ficha technica, kilpien tilaaminen ja asentaminen, ilmainen tarjous, mekaanikot, ennen T\u00dcV-testej\u00e4 teht\u00e4v\u00e4 tarkistus, verot, DGT (traffico) periaatteessa sinun on vain tiedett\u00e4v\u00e4, miss\u00e4 me olemme ajoneuvosi kanssa. Meist\u00e4 tuntuu, ett\u00e4 olemme vertaansa vailla rannikolla, ja se ei ole vain apua k\u00e4dess\u00e4 paperity\u00f6n kanssa, me kirjaimellisesti teemme koko palvelun puolestasi. <\/p>\n\n\n\n<p>Jos tarvitset nopean ITV-ajanvarauksen Mijasissa, voimme auttaa. Voimme varata tapaamisen puolestasi. Tai voimme tehd\u00e4 ITV-ajanvarauksen puolestasi. Jos haluat, ett\u00e4 noudamme auton ja viemme sen puolestasi, tarjoamme my\u00f6s t\u00e4t\u00e4 palvelua. T\u00e4m\u00e4 palvelu on tarkoitettu, jos tarvitset koko rekister\u00f6innin espanjalaisiin kilviin tai jos tarvitset vain nopean ITV-ajon etk\u00e4 halua tehd\u00e4 sit\u00e4 itse. T\u00e4ll\u00f6in me varaamme ja teemme ITV-kokeet puolestasi. Useimmat varaamamme ITV-kokeet tehd\u00e4\u00e4n ITV-varausasemalla Mijasissa. <\/p>\n\n\n\n<h5 class=\"wp-block-heading\"><span class=\"ez-toc-section\" id=\"Can_you_source_headlights\"><\/span>Voitko hankkia ajovalot?<span class=\"ez-toc-section-end\"><\/span><\/h5>\n\n\n\n<p>Kyll\u00e4, voimme hankkia, sovittaa ja sovittaa ajovalojen korkeuden l\u00e4p\u00e4isem\u00e4\u00e4n ITV-testin. ITV-keskuksessa he ovat hyvin erityisi\u00e4 valojen suhteen. Se voi ep\u00e4onnistua vain pieniss\u00e4 s\u00e4\u00e4d\u00f6iss\u00e4. Voimme hankkia my\u00f6s sumu- ja peruutusvalot, jos niit\u00e4 tarvitaan, vaikka ne ovat yleens\u00e4 ok EU-autoissa, joissa on vasen ohjaus. <\/p>\n\n\n\n<h6 class=\"wp-block-heading\"><span class=\"ez-toc-section\" id=\"What_ITV_tests_are_performed_at_the_ITV_appointment_Mijas\"><\/span>Mit\u00e4 ITV-testej\u00e4 tehd\u00e4\u00e4n ITV:n vastaanotolla Mijas?<span class=\"ez-toc-section-end\"><\/span><\/h6>\n\n\n\n<p>Esitetty\u00e4si paperit ITV-keskuksessa odotat, ett\u00e4 autosi kutsutaan kaistalle. Sen j\u00e4lkeen he tarkistavat ensin ajovalot. Sitten he tarkastavat auton p\u00e4\u00e4st\u00f6t, renkaat mukaan lukien renkaiden kuormituksen ja niiden yhteensopivuuden. VIN-numero, merkkivalot, vaarat, ajovalojen s\u00e4teet, aluslevyt. Kaikki muutokset, takavalot, sumu, peruutus ja vaarat j\u00e4lleen auton takana. <\/p>\n\n\n\n<p>Sitten auto asetetaan rullaavalle tielle, jossa sinun on painettava jarruja varovasti, kunnes ne ovat tietyss\u00e4 pisteess\u00e4. Sitten painetaan jarruja kovempaa, jolloin mitataan jarrujen tehokkuus, t\u00e4m\u00e4 tehd\u00e4\u00e4n etu-, taka- ja k\u00e4sijarrulle. Testin viimeinen osa on ajaminen varikolla, jossa ohjauspy\u00f6r\u00e4\u00e4 siirret\u00e4\u00e4n puolelta toiselle ja ITV:n teknikko tarkistaa jarrut ja jousituksen. <\/p>\n\n\n\n<p>T\u00e4m\u00e4 on joitakin prosesseja ennen kuin saat selville, onko ajoneuvosi l\u00e4p\u00e4issyt ITV-testit. Jos ep\u00e4onnistut, he kertovat sinulle syyn ja sinulla on 60 p\u00e4iv\u00e4\u00e4 aikaa korjata ep\u00e4onnistumiset. Uusintatesti on ilmainen. <a href=\"https:\/\/vehicleregistrationscostadelsol.com\/fi\/ottaa-yhteytta\/\" data-type=\"page\" data-id=\"649\">Ota meihin yhteytt\u00e4 jo t\u00e4n\u00e4\u00e4n<\/a><\/p>\n\n\n\n<h5 class=\"wp-block-heading\"><span class=\"ez-toc-section\" id=\"ITV_appointment_online\"><\/span>ITV ajanvaraus verkossa<span class=\"ez-toc-section-end\"><\/span><\/h5>\n\n\n\n<p>Olet ehk\u00e4 yritt\u00e4nyt varata ITV-ajan verkossa. Valinnat saattavat olla hyvin rajalliset. Sen lis\u00e4ksi, ett\u00e4 voimme varata sinulle ITV-ajan verkossa, saamme lis\u00e4arvoa k\u00e4ytt\u00e4m\u00e4ll\u00e4 monia muita ITV-asemia kuin ITV-aikataulu Mijas. T\u00e4m\u00e4 tarkoittaa, ett\u00e4 meill\u00e4 on valinnanvaraa ja meill\u00e4 on hyv\u00e4t suhteet keskusten henkil\u00f6st\u00f6\u00f6n. He tuntevat meid\u00e4t, koska viemme monta autoa testiin joka viikko. T\u00e4st\u00e4 syyst\u00e4 voimme joskus saada aikaisempia hyv\u00e4ksynt\u00f6j\u00e4 ITV-tapaamisellesi verkossa. <\/p>\n\n\n\n<p>Voimme aloittaa tekem\u00e4ll\u00e4 meille kyselyn. Kuulemme, ett\u00e4 yritet\u00e4\u00e4n varata ITV-testej\u00e4 t\u00e4n\u00e4\u00e4n, ja jotkut p\u00e4iv\u00e4m\u00e4\u00e4r\u00e4t ovat tulossa takaisin helmi-maaliskuussa. T\u00e4m\u00e4 tarkoittaa, ett\u00e4 saatat ajaa ajoneuvoasi laittomasti Espanjassa ilman voimassa olevaa ITV-tarraa tai -todistusta. T\u00e4m\u00e4 voi saada ajoneuvosi takavarikoitua Espanjan poliisin toimesta. <\/p>\n\n\n\n<h5 class=\"wp-block-heading\"><span class=\"ez-toc-section\" id=\"What_if_the_ITV_fails\"><\/span>Ent\u00e4 jos ITV ep\u00e4onnistuu?<span class=\"ez-toc-section-end\"><\/span><\/h5>\n\n\n\n<p>Autamme mielell\u00e4mme kaikissa mahdollisissa korjauksissa, jotta ITV-testit olisivat positiivisia. T\u00e4m\u00e4n j\u00e4lkeen tarjoamme ep\u00e4onnistuneen testin uudelleenvarauspalvelun ja varaamme (kustannushintaan) uudelleentestin ja -testin puolestasi. Ty\u00f6skentelemme monien p\u00e4tevien ja mik\u00e4 t\u00e4rkeint\u00e4 &quot;reilun&quot; mekaanikkojen kanssa Costa del Solilla. N\u00e4in voimme valmistaa ajoneuvosi uusintatesti\u00e4 varten ilman, ett\u00e4 sinua repeytet\u00e4\u00e4n. <\/p>\n\n\n\n<p>T\u00e4m\u00e4 on iso juttu, koska valitettavasti monet h\u00e4ik\u00e4ilem\u00e4tt\u00f6m\u00e4t yritykset voivat hy\u00f6dynt\u00e4\u00e4 tilannetta. Kaikki mekaniikkamme (Fuengirolasta Esteponaan) on tarkastettu tarkasti, emmek\u00e4 koskaan suosittelisi ket\u00e4\u00e4n, jota emme tunne tai joiden kanssa olemme ty\u00f6skennelleet s\u00e4\u00e4nn\u00f6llisesti aiemmin. <\/p>","protected":false},"excerpt":{"rendered":"<p>We provide convenient ITV services in Mijas, including booking appointments, completing the ITV test for you, and even offering pick-up and drop-off for your car if local and if possible. Whether you need full matriculation onto Spanish plates or just a quick ITV test on your Spanish vehicle, we&#8217;ve got you covered. Most of our [&hellip;]<\/p>\n","protected":false},"author":1,"featured_media":0,"parent":0,"menu_order":0,"comment_status":"closed","ping_status":"closed","template":"","meta":{"site-sidebar-layout":"default","site-content-layout":"default","ast-site-content-layout":"default","site-content-style":"default","site-sidebar-style":"default","ast-global-header-display":"","ast-banner-title-visibility":"","ast-main-header-display":"","ast-hfb-above-header-display":"","ast-hfb-below-header-display":"","ast-hfb-mobile-header-display":"","site-post-title":"","ast-breadcrumbs-content":"","ast-featured-img":"","footer-sml-layout":"","ast-disable-related-posts":"","theme-transparent-header-meta":"default","adv-header-id-meta":"","stick-header-meta":"","header-above-stick-meta":"","header-main-stick-meta":"","header-below-stick-meta":"","astra-migrate-meta-layouts":"set","ast-page-background-enabled":"default","ast-page-background-meta":{"desktop":{"background-color":"","background-image":"","background-repeat":"repeat","background-position":"center center","background-size":"auto","background-attachment":"scroll","background-type":"","background-media":"","overlay-type":"","overlay-color":"","overlay-opacity":"","overlay-gradient":""},"tablet":{"background-color":"","background-image":"","background-repeat":"repeat","background-position":"center center","background-size":"auto","background-attachment":"scroll","background-type":"","background-media":"","overlay-type":"","overlay-color":"","overlay-opacity":"","overlay-gradient":""},"mobile":{"background-color":"","background-image":"","background-repeat":"repeat","background-position":"center center","background-size":"auto","background-attachment":"scroll","background-type":"","background-media":"","overlay-type":"","overlay-color":"","overlay-opacity":"","overlay-gradient":""}},"ast-content-background-meta":{"desktop":{"background-color":"var(--ast-global-color-5)","background-image":"","background-repeat":"repeat","background-position":"center center","background-size":"auto","background-attachment":"scroll","background-type":"","background-media":"","overlay-type":"","overlay-color":"","overlay-opacity":"","overlay-gradient":""},"tablet":{"background-color":"var(--ast-global-color-5)","background-image":"","background-repeat":"repeat","background-position":"center center","background-size":"auto","background-attachment":"scroll","background-type":"","background-media":"","overlay-type":"","overlay-color":"","overlay-opacity":"","overlay-gradient":""},"mobile":{"background-color":"var(--ast-global-color-5)","background-image":"","background-repeat":"repeat","background-position":"center center","background-size":"auto","background-attachment":"scroll","background-type":"","background-media":"","overlay-type":"","overlay-color":"","overlay-opacity":"","overlay-gradient":""}},"footnotes":""},"class_list":["post-1751","page","type-page","status-publish","hentry"],"_links":{"self":[{"href":"https:\/\/vehicleregistrationscostadelsol.com\/fi\/wp-json\/wp\/v2\/pages\/1751","targetHints":{"allow":["GET"]}}],"collection":[{"href":"https:\/\/vehicleregistrationscostadelsol.com\/fi\/wp-json\/wp\/v2\/pages"}],"about":[{"href":"https:\/\/vehicleregistrationscostadelsol.com\/fi\/wp-json\/wp\/v2\/types\/page"}],"author":[{"embeddable":true,"href":"https:\/\/vehicleregistrationscostadelsol.com\/fi\/wp-json\/wp\/v2\/users\/1"}],"replies":[{"embeddable":true,"href":"https:\/\/vehicleregistrationscostadelsol.com\/fi\/wp-json\/wp\/v2\/comments?post=1751"}],"version-history":[{"count":1,"href":"https:\/\/vehicleregistrationscostadelsol.com\/fi\/wp-json\/wp\/v2\/pages\/1751\/revisions"}],"predecessor-version":[{"id":3577,"href":"https:\/\/vehicleregistrationscostadelsol.com\/fi\/wp-json\/wp\/v2\/pages\/1751\/revisions\/3577"}],"wp:attachment":[{"href":"https:\/\/vehicleregistrationscostadelsol.com\/fi\/wp-json\/wp\/v2\/media?parent=1751"}],"curies":[{"name":"wp","href":"https:\/\/api.w.org\/{rel}","templated":true}]}}