{"id":1807,"date":"2020-12-01T20:42:42","date_gmt":"2020-12-01T19:42:42","guid":{"rendered":"http:\/\/vehicleregistrationscostadelsol.com\/?page_id=1807"},"modified":"2021-04-23T19:10:08","modified_gmt":"2021-04-23T17:10:08","slug":"ajovalojen-vaihtaminen-espanjassa-suuntaaminen","status":"publish","type":"page","link":"https:\/\/vehicleregistrationscostadelsol.com\/fi\/changing-headlights-in-spain-realignment\/","title":{"rendered":"Ajovalojen vaihto Espanjassa Upea #1"},"content":{"rendered":"<div data-elementor-type=\"wp-page\" data-elementor-id=\"1807\" class=\"elementor elementor-1807\">\n\t\t\t\t\t\t<section class=\"elementor-section elementor-top-section elementor-element elementor-element-754ee66 elementor-section-boxed elementor-section-height-default elementor-section-height-default\" data-id=\"754ee66\" data-element_type=\"section\" data-e-type=\"section\">\n\t\t\t\t\t\t<div class=\"elementor-container elementor-column-gap-default\">\n\t\t\t\t\t<div class=\"elementor-column elementor-col-100 elementor-top-column elementor-element elementor-element-606d3029\" data-id=\"606d3029\" data-element_type=\"column\" data-e-type=\"column\">\n\t\t\t<div class=\"elementor-widget-wrap elementor-element-populated\">\n\t\t\t\t\t\t<div class=\"elementor-element elementor-element-66038a9e elementor-widget elementor-widget-text-editor\" data-id=\"66038a9e\" data-element_type=\"widget\" data-e-type=\"widget\" data-widget_type=\"text-editor.default\">\n\t\t\t\t\t\t\t\t\t<p><\/p><div id=\"ez-toc-container\" class=\"ez-toc-v2_0_82_2 counter-hierarchy ez-toc-counter ez-toc-grey ez-toc-container-direction\">\n<div class=\"ez-toc-title-container\">\n<p class=\"ez-toc-title\" style=\"cursor:inherit\">Sis\u00e4llysluettelo<\/p>\n<span class=\"ez-toc-title-toggle\"><a href=\"#\" class=\"ez-toc-pull-right ez-toc-btn ez-toc-btn-xs ez-toc-btn-default ez-toc-toggle\" aria-label=\"Sis\u00e4llysluettelon vaihtaminen\"><span class=\"ez-toc-js-icon-con\"><span class=\"\"><span class=\"eztoc-hide\" style=\"display:none;\">Toggle<\/span><span class=\"ez-toc-icon-toggle-span\"><svg style=\"fill: #999;color:#999\" xmlns=\"http:\/\/www.w3.org\/2000\/svg\" class=\"list-377408\" width=\"20px\" height=\"20px\" viewbox=\"0 0 24 24\" fill=\"none\"><path d=\"M6 6H4v2h2V6zm14 0H8v2h12V6zM4 11h2v2H4v-2zm16 0H8v2h12v-2zM4 16h2v2H4v-2zm16 0H8v2h12v-2z\" fill=\"currentColor\"><\/path><\/svg><svg style=\"fill: #999;color:#999\" class=\"arrow-unsorted-368013\" xmlns=\"http:\/\/www.w3.org\/2000\/svg\" width=\"10px\" height=\"10px\" viewbox=\"0 0 24 24\" version=\"1.2\" baseprofile=\"tiny\"><path d=\"M18.2 9.3l-6.2-6.3-6.2 6.3c-.2.2-.3.4-.3.7s.1.5.3.7c.2.2.4.3.7.3h11c.3 0 .5-.1.7-.3.2-.2.3-.5.3-.7s-.1-.5-.3-.7zM5.8 14.7l6.2 6.3 6.2-6.3c.2-.2.3-.5.3-.7s-.1-.5-.3-.7c-.2-.2-.4-.3-.7-.3h-11c-.3 0-.5.1-.7.3-.2.2-.3.5-.3.7s.1.5.3.7z\"\/><\/svg><\/span><\/span><\/span><\/a><\/span><\/div>\n<nav><ul class='ez-toc-list ez-toc-list-level-1' ><li class='ez-toc-page-1 ez-toc-heading-level-2'><a class=\"ez-toc-link ez-toc-heading-1\" href=\"https:\/\/vehicleregistrationscostadelsol.com\/fi\/changing-headlights-in-spain-realignment\/#Headlight_Realignment_Spain\" >Ajovalojen s\u00e4\u00e4t\u00f6 Espanja<\/a><\/li><li class='ez-toc-page-1 ez-toc-heading-level-2'><a class=\"ez-toc-link ez-toc-heading-2\" href=\"https:\/\/vehicleregistrationscostadelsol.com\/fi\/changing-headlights-in-spain-realignment\/#Will_the_Headlight_stickers_that_change_the_beam_work\" >Toimivatko valoa muuttavat ajovalotarrat?<\/a><ul class='ez-toc-list-level-3' ><li class='ez-toc-heading-level-3'><a class=\"ez-toc-link ez-toc-heading-3\" href=\"https:\/\/vehicleregistrationscostadelsol.com\/fi\/changing-headlights-in-spain-realignment\/#Can_you_provide_Changing_Headlights_In_Spain_Realignment\" >Voitko tarjota ajovalojen vaihtoa Espanjassa?<\/a><ul class='ez-toc-list-level-4' ><li class='ez-toc-heading-level-4'><a class=\"ez-toc-link ez-toc-heading-4\" href=\"https:\/\/vehicleregistrationscostadelsol.com\/fi\/changing-headlights-in-spain-realignment\/#Are_the_headlights_under_warranty\" >Onko ajovaloissa takuu?<\/a><ul class='ez-toc-list-level-5' ><li class='ez-toc-heading-level-5'><a class=\"ez-toc-link ez-toc-heading-5\" href=\"https:\/\/vehicleregistrationscostadelsol.com\/fi\/changing-headlights-in-spain-realignment\/#How_do_you_check_Changing_Headlights_In_Spain_Realignment\" >Kuinka tarkistat ajovalojen vaihtamisen Espanjassa?<\/a><ul class='ez-toc-list-level-6' ><li class='ez-toc-heading-level-6'><a class=\"ez-toc-link ez-toc-heading-6\" href=\"https:\/\/vehicleregistrationscostadelsol.com\/fi\/changing-headlights-in-spain-realignment\/#WhatsApp_us_for_a_free_quote_on_headlights_-_WE_DELIVER_TO_THE_WHOLE_OF_SPAIN\" >WhatsApp pyyd\u00e4 meilt\u00e4 ilmainen tarjous ajovaloista - TOIMITTAMME KOKO ESPANJASSA<\/a><\/li><li class='ez-toc-page-1 ez-toc-heading-level-6'><a class=\"ez-toc-link ez-toc-heading-7\" href=\"https:\/\/vehicleregistrationscostadelsol.com\/fi\/changing-headlights-in-spain-realignment\/#Click_below_and_we_will_find_headlights_or_headlight_realignment_for_you_cheap\" >Klikkaa alta, niin l\u00f6yd\u00e4mme ajovalot tai ajovalojen s\u00e4\u00e4t\u00f6 sinulle edullisesti<\/a><\/li><\/ul><\/li><\/ul><\/li><\/ul><\/li><\/ul><\/li><\/ul><\/nav><\/div>\n\n<p><strong>Ajovalojen vaihto Espanjassa<\/strong> ajovalot ovat v\u00e4ltt\u00e4m\u00e4tt\u00f6mi\u00e4, kun ajat brittiautolla ja asetat autosi espanjalaisiin rekisterikilpiin. UK-autosi ajovalot osoittavat luonnostaan vastakkaiseen suuntaan reunakivest\u00e4 ja siten vastaantulevien autojen suuntaan. T\u00e4m\u00e4 on ilmeisesti ongelma, ja sen seurauksena, kun rekister\u00f6it autosi Espanjassa ja laitat sen Espanjan ITV:n l\u00e4pi, sinulla on oltava uudet espanjalaiset ajovalot, jotta valot voivat suunnata reunakiveen. <b>Toimitamme ajovalot koko Espanjaan.<\/b><\/p>\n<p><\/p>\n<h2 class=\"wp-block-heading\"><span class=\"ez-toc-section\" id=\"Headlight_Realignment_Spain\"><\/span>Ajovalojen s\u00e4\u00e4t\u00f6 Espanja<span class=\"ez-toc-section-end\"><\/span><\/h2>\n<p><\/p>\n<p>Monet valot voidaan kohdistaa uudelleen. Ajovalojen s\u00e4\u00e4t\u00f6 on usein halvempaa kuin uusien ajovalojen ostaminen. Voit ajaa autosi meille ja voimme tarkistaa ajovalot puolestasi. Voimme tehd\u00e4 niin, kun teemme ITV:t\u00e4 edelt\u00e4v\u00e4n ITV-tarkastuksesi. Ilmoitamme, onko parempi ostaa uudet ajovalot (miss\u00e4 voimme auttaa) vai suunnata ajovalot uudelleen, kun taas ajovalot vaihdetaan tai suunnataan uudelleen, voimme my\u00f6s tarkastella peruutus- ja sumuvalojasi varmistaaksemme, ett\u00e4 ne ovat \u00e4l\u00e4 pet\u00e4 ITV:t\u00e4. Ajovalojen suuntaus tehd\u00e4\u00e4n tapauskohtaisesti.<\/p>\n<p><\/p>\n<h2 class=\"wp-block-heading\"><span class=\"ez-toc-section\" id=\"Will_the_Headlight_stickers_that_change_the_beam_work\"><\/span>Toimivatko valoa muuttavat ajovalotarrat?<span class=\"ez-toc-section-end\"><\/span><\/h2>\n<p><\/p>\n<p>Ei, ne ovat tilap\u00e4isesti hyv\u00e4 tapa auttaa muita kuljettajia, mutta he eiv\u00e4t l\u00e4p\u00e4ise Espanjan ITV:t\u00e4. Yksinkertaisesti auto ep\u00e4onnistuu v\u00e4litt\u00f6m\u00e4sti ja se on saatettava oikein ennen espanjalaista ITV-testi\u00e4. Ainoa tapa varmistaa ITV:n l\u00e4p\u00e4iseminen on uudet ajovalojen vaihtaminen Espanjassa.<\/p>\n<p><\/p>\n<h3 class=\"wp-block-heading\"><span class=\"ez-toc-section\" id=\"Can_you_provide_Changing_Headlights_In_Spain_Realignment\"><\/span>Voitko tarjota ajovalojen vaihtoa Espanjassa?<span class=\"ez-toc-section-end\"><\/span><\/h3>\n<p><\/p>\n<p>Kyll\u00e4, meist\u00e4 tuntuu, ett\u00e4 meill\u00e4 on yhteystiedot voittaa useimmat upouusista ajovaloista saadut lainaukset. Hankimme ja toimitamme meille tai suoraan sinulle minne tahansa Espanjassa uudet ajovalot, ja meill\u00e4 on yksi p\u00e4tevist\u00e4 valomekaanikoistamme sinulle. Kun ostat upouusia tai kohdistat ajovalot uudelleen, voimme saada tarjouksen ajovalojen kohdistamisesta. T\u00e4m\u00e4 ei ole aina halpaa eik\u00e4 aina mahdollista. <a class=\"rank-math-link\" href=\"https:\/\/vehicleregistrationscostadelsol.com\/fi\/ottaa-yhteytta\/\" target=\"_blank\" rel=\"noreferrer noopener\" aria-label=\" (avautuu uuteen v\u00e4lilehteen)\" data-schema-attribute=\"about\">Ota yhteytt\u00e4 ja pyyd\u00e4 ilmainen tarjous ajovaloistasi jo t\u00e4n\u00e4\u00e4n<\/a>.<\/p>\n<p><\/p>\n<h4 class=\"wp-block-heading\"><span class=\"ez-toc-section\" id=\"Are_the_headlights_under_warranty\"><\/span>Onko ajovaloissa takuu?<span class=\"ez-toc-section-end\"><\/span><\/h4>\n<p><\/p>\n<p>Suurimmalla osalla toimittamistamme ajovaloista on kahden vuoden takuu. L\u00e4het\u00e4mme sinut my\u00f6s englanninkieliseen autotalliin l\u00e4hell\u00e4 ITV-keskusta Mijasissa, jotta uudet espanjalaiset ajovalot voidaan asentaa, jotta vaatimukset t\u00e4yttyv\u00e4t. <a class=\"rank-math-link\" href=\"https:\/\/www.itvcita.com\/Welcome.do\" target=\"_blank\" rel=\"noreferrer noopener\" aria-label=\"ITV-keskus (avautuu uuteen v\u00e4lilehteen)\">ITV-keskus<\/a>. He ovat oivallisia autotallissa, ja n\u00e4m\u00e4 ovat mekaanikkoja, jotka tunnemme ja luotamme tekem\u00e4\u00e4n ty\u00f6n nopeasti ja ammattimaisesti mahdollistaaksemme <strong>Ajovalojen vaihto Espanjassa<\/strong>.<\/p>\n<p><\/p>\n<h5 class=\"wp-block-heading\"><span class=\"ez-toc-section\" id=\"How_do_you_check_Changing_Headlights_In_Spain_Realignment\"><\/span>Kuinka tarkistat ajovalojen vaihtamisen Espanjassa?<span class=\"ez-toc-section-end\"><\/span><\/h5>\n<p><\/p>\n<p>Tuot auton meille tai jos paikallinen, voimme ajaa katsomaan ajovalot. Tarkistamme sitten kaikkialta Euroopasta l\u00f6yt\u00e4\u00e4ksemme parhaan hinnan uusille vaihtoajovaloille ajoneuvollesi. Ajovaloja on useita erilaisia,<\/p>\n<p><\/p>\n<ul class=\"wp-block-list\">\n<li>Xenon ajovalot<\/li>\n<li>Halogeeni ajovalot<\/li>\n<li>LED ajovalot<\/li>\n<li>Heijastin- ja projektorivalot<\/li>\n<\/ul>\n<p><\/p>\n<p>Riippuen siit\u00e4, mitk\u00e4 ajovalot tunnistamme autoosi, hankimme halvimmat uudet ajovalot Euroopasta ja toimitamme ne itsellemme. Espanjalaisen ITV:n ajovalojen sek\u00e4 sumu- ja peruutusvalojen vaihdon hinnat ovat tapauskohtaisia. Joskus puskuri on irrotettava ja joskus se on suoraviivaisempi. T\u00e4ysin rekister\u00f6itynyt ja p\u00e4tev\u00e4 mekaanikkomme voi asentaa uudet espanjalaiset ajovalot. Mielest\u00e4mme hintamme ovat enimm\u00e4kseen PALJON halvempia kuin suoraan korjaamoon k\u00e4ynti, koska meill\u00e4 on monia l\u00e4hteit\u00e4 hankkia sinulle ajovalot ajovalojen vaihtamiseen Espanjassa.<\/p>\n<p><\/p>\n<p>Hankimme ajovalot Espanjasta kaikkialta Euroopasta, ne toimitetaan meille eritt\u00e4in nopeasti Espanjasta, Saksasta, jopa Isosta-Britanniasta. Useimmilla ajovaloilla on kahden vuoden takuu. Ja takaamme hyvityksen, jos valot ovat virheellisi\u00e4. Meill\u00e4 on erinomaiset suhteet joidenkin maailman edullisimpien uusien espanjalaisten ajovalojen valmistajien kanssa. T\u00e4m\u00e4 tarkoittaa, ett\u00e4 voit s\u00e4\u00e4st\u00e4\u00e4 merkitt\u00e4vi\u00e4 s\u00e4\u00e4st\u00f6j\u00e4 ostamalla ajovalot suoraan Costa Del Solin autotalleista. Meill\u00e4 on Costa Del Solilla englanninkielisten mekaniikkojen paneeli, jonka kaikki olemme tarkastaneet voimakkaasti ja joihin luotamme ep\u00e4suorasti.<\/p>\n<p><\/p>\n<p><strong>Miten meit\u00e4 k\u00e4yt\u00e4t ajovalomuutoksissasi Espanjassa?<\/strong><\/p>\n<p><\/p>\n<ul class=\"wp-block-list\">\n<li>Halvemmat ajovalot laadusta tinkim\u00e4tt\u00e4<\/li>\n<li>Kattava tuki<\/li>\n<li>Luotettu mekaniikka tarjotaan<\/li>\n<li>Taatusti oikeat ajovalot<\/li>\n<li>Sumu- ja peruutusvalot l\u00e4hteen\u00e4<\/li>\n<li>Ne toimitetaan suoraan meille tai meille <b>toimittaa koko Espanjaan<\/b>.&nbsp;<\/li>\n<li>Noudamme autosi ja viemme sen valoasennukseen (lis\u00e4maksu)<\/li>\n<li>Ajovalojen s\u00e4\u00e4t\u00f6, jos mahdollista<\/li>\n<\/ul>\n<p><\/p>\n<p>Ajovalojen vaihtaminen Espanjassa Uudelleensuuntauksen ei tarvitse olla pitk\u00e4kestoinen prosessi, johon liittyy stressi\u00e4. Anna meid\u00e4n tehd\u00e4 kova ty\u00f6 puolestasi. <a href=\"https:\/\/vehicleregistrationscostadelsol.com\/fi\/ottaa-yhteytta\/\" target=\"_blank\" rel=\"noopener\">Ota meihin yhteytt\u00e4<\/a> t\u00e4n\u00e4\u00e4n ja annamme neuvoja, ehk\u00e4 voit ajaa auton meille ja tarkistamme sen puolestasi.<\/p>\n<p><\/p>\t\t\t\t\t\t\t\t<\/div>\n\t\t\t\t<div class=\"elementor-element elementor-element-1cfad31 elementor-widget elementor-widget-menu-anchor\" data-id=\"1cfad31\" data-element_type=\"widget\" data-e-type=\"widget\" data-widget_type=\"menu-anchor.default\">\n\t\t\t\t\t\t\t<div class=\"elementor-menu-anchor\" id=\"freequoteheadlights\"><\/div>\n\t\t\t\t\t\t<\/div>\n\t\t\t\t\t<\/div>\n\t\t<\/div>\n\t\t\t\t\t<\/div>\n\t\t<\/section>\n\t\t\t\t<section class=\"elementor-section elementor-top-section elementor-element elementor-element-27bb09b4 elementor-section-boxed elementor-section-height-default elementor-section-height-default\" data-id=\"27bb09b4\" data-element_type=\"section\" data-e-type=\"section\" data-settings=\"{&quot;background_background&quot;:&quot;gradient&quot;}\">\n\t\t\t\t\t\t\t<div class=\"elementor-background-overlay\"><\/div>\n\t\t\t\t\t\t\t<div class=\"elementor-container elementor-column-gap-no\">\n\t\t\t\t\t<div class=\"elementor-column elementor-col-100 elementor-top-column elementor-element elementor-element-638fdecc\" data-id=\"638fdecc\" data-element_type=\"column\" data-e-type=\"column\" data-settings=\"{&quot;background_background&quot;:&quot;classic&quot;}\">\n\t\t\t<div class=\"elementor-widget-wrap elementor-element-populated\">\n\t\t\t\t\t\t<div class=\"elementor-element elementor-element-39a32909 elementor-widget elementor-widget-heading\" data-id=\"39a32909\" data-element_type=\"widget\" data-e-type=\"widget\" data-widget_type=\"heading.default\">\n\t\t\t\t\t<h6 class=\"elementor-heading-title elementor-size-default\"><span class=\"ez-toc-section\" id=\"WhatsApp_us_for_a_free_quote_on_headlights_-_WE_DELIVER_TO_THE_WHOLE_OF_SPAIN\"><\/span>WhatsApp meilt\u00e4 saadaksesi ilmaisen tarjouksen ajovaloista - <b>TOIMITETAMME KOKO ESPANJAAN<\/b><span class=\"ez-toc-section-end\"><\/span><\/h6>\t\t\t\t<\/div>\n\t\t\t\t<div class=\"elementor-element elementor-element-43b9784 elementor-widget-divider--view-line elementor-widget elementor-widget-divider\" data-id=\"43b9784\" data-element_type=\"widget\" data-e-type=\"widget\" data-widget_type=\"divider.default\">\n\t\t\t\t\t\t\t<div class=\"elementor-divider\">\n\t\t\t<span class=\"elementor-divider-separator\">\n\t\t\t\t\t\t<\/span>\n\t\t<\/div>\n\t\t\t\t\t\t<\/div>\n\t\t\t\t<div class=\"elementor-element elementor-element-394dde00 elementor-widget elementor-widget-heading\" data-id=\"394dde00\" data-element_type=\"widget\" data-e-type=\"widget\" data-widget_type=\"heading.default\">\n\t\t\t\t\t<h6 class=\"elementor-heading-title elementor-size-default\"><span class=\"ez-toc-section\" id=\"Click_below_and_we_will_find_headlights_or_headlight_realignment_for_you_cheap\"><\/span>Klikkaa alta, niin l\u00f6yd\u00e4mme ajovalot tai ajovalojen s\u00e4\u00e4t\u00f6 sinulle edullisesti<span class=\"ez-toc-section-end\"><\/span><\/h6>\t\t\t\t<\/div>\n\t\t\t\t<div class=\"elementor-element elementor-element-4a3aa860 elementor-align-center elementor-mobile-align-center elementor-widget elementor-widget-button\" data-id=\"4a3aa860\" data-element_type=\"widget\" data-e-type=\"widget\" data-widget_type=\"button.default\">\n\t\t\t\t\t\t\t\t\t\t<a class=\"elementor-button elementor-button-link elementor-size-md\" href=\"https:\/\/wa.me\/+34696337629?text=I&#039;m%20interested%20in%20your%20free%20headlight%20quote\" target=\"_blank\" rel=\"noopener\">\n\t\t\t\t\t\t<span class=\"elementor-button-content-wrapper\">\n\t\t\t\t\t\t<span class=\"elementor-button-icon\">\n\t\t\t\t<svg aria-hidden=\"true\" class=\"e-font-icon-svg e-far-calendar-check\" viewbox=\"0 0 448 512\" xmlns=\"http:\/\/www.w3.org\/2000\/svg\"><path d=\"M400 64h-48V12c0-6.627-5.373-12-12-12h-40c-6.627 0-12 5.373-12 12v52H160V12c0-6.627-5.373-12-12-12h-40c-6.627 0-12 5.373-12 12v52H48C21.49 64 0 85.49 0 112v352c0 26.51 21.49 48 48 48h352c26.51 0 48-21.49 48-48V112c0-26.51-21.49-48-48-48zm-6 400H54a6 6 0 0 1-6-6V160h352v298a6 6 0 0 1-6 6zm-52.849-200.65L198.842 404.519c-4.705 4.667-12.303 4.637-16.971-.068l-75.091-75.699c-4.667-4.705-4.637-12.303.068-16.971l22.719-22.536c4.705-4.667 12.303-4.637 16.97.069l44.104 44.461 111.072-110.181c4.705-4.667 12.303-4.637 16.971.068l22.536 22.718c4.667 4.705 4.636 12.303-.069 16.97z\"><\/path><\/svg>\t\t\t<\/span>\n\t\t\t\t\t\t\t\t\t<span class=\"elementor-button-text\">Ilmainen lainaus<\/span>\n\t\t\t\t\t<\/span>\n\t\t\t\t\t<\/a>\n\t\t\t\t\t\t\t\t<\/div>\n\t\t\t\t\t<\/div>\n\t\t<\/div>\n\t\t\t\t\t<\/div>\n\t\t<\/section>\n\t\t\t\t<\/div>","protected":false},"excerpt":{"rendered":"<p>Changing Headlights In Spain Realignment of your headlights is necessary when you drive a UK car and you are putting your car onto Spanish reg plates. By nature the headlights of your UK car point in the opposite direction from the curb hence into the direction of oncoming cars. This is obviously a problem and [&hellip;]<\/p>\n","protected":false},"author":1,"featured_media":2109,"parent":0,"menu_order":0,"comment_status":"closed","ping_status":"closed","template":"","meta":{"site-sidebar-layout":"default","site-content-layout":"default","ast-site-content-layout":"default","site-content-style":"default","site-sidebar-style":"default","ast-global-header-display":"","ast-banner-title-visibility":"","ast-main-header-display":"","ast-hfb-above-header-display":"","ast-hfb-below-header-display":"","ast-hfb-mobile-header-display":"","site-post-title":"","ast-breadcrumbs-content":"","ast-featured-img":"","footer-sml-layout":"","ast-disable-related-posts":"","theme-transparent-header-meta":"default","adv-header-id-meta":"","stick-header-meta":"","header-above-stick-meta":"","header-main-stick-meta":"","header-below-stick-meta":"","astra-migrate-meta-layouts":"default","ast-page-background-enabled":"default","ast-page-background-meta":{"desktop":{"background-color":"","background-image":"","background-repeat":"repeat","background-position":"center center","background-size":"auto","background-attachment":"scroll","background-type":"","background-media":"","overlay-type":"","overlay-color":"","overlay-opacity":"","overlay-gradient":""},"tablet":{"background-color":"","background-image":"","background-repeat":"repeat","background-position":"center center","background-size":"auto","background-attachment":"scroll","background-type":"","background-media":"","overlay-type":"","overlay-color":"","overlay-opacity":"","overlay-gradient":""},"mobile":{"background-color":"","background-image":"","background-repeat":"repeat","background-position":"center center","background-size":"auto","background-attachment":"scroll","background-type":"","background-media":"","overlay-type":"","overlay-color":"","overlay-opacity":"","overlay-gradient":""}},"ast-content-background-meta":{"desktop":{"background-color":"var(--ast-global-color-5)","background-image":"","background-repeat":"repeat","background-position":"center center","background-size":"auto","background-attachment":"scroll","background-type":"","background-media":"","overlay-type":"","overlay-color":"","overlay-opacity":"","overlay-gradient":""},"tablet":{"background-color":"var(--ast-global-color-5)","background-image":"","background-repeat":"repeat","background-position":"center center","background-size":"auto","background-attachment":"scroll","background-type":"","background-media":"","overlay-type":"","overlay-color":"","overlay-opacity":"","overlay-gradient":""},"mobile":{"background-color":"var(--ast-global-color-5)","background-image":"","background-repeat":"repeat","background-position":"center center","background-size":"auto","background-attachment":"scroll","background-type":"","background-media":"","overlay-type":"","overlay-color":"","overlay-opacity":"","overlay-gradient":""}},"footnotes":""},"class_list":["post-1807","page","type-page","status-publish","has-post-thumbnail","hentry"],"_links":{"self":[{"href":"https:\/\/vehicleregistrationscostadelsol.com\/fi\/wp-json\/wp\/v2\/pages\/1807","targetHints":{"allow":["GET"]}}],"collection":[{"href":"https:\/\/vehicleregistrationscostadelsol.com\/fi\/wp-json\/wp\/v2\/pages"}],"about":[{"href":"https:\/\/vehicleregistrationscostadelsol.com\/fi\/wp-json\/wp\/v2\/types\/page"}],"author":[{"embeddable":true,"href":"https:\/\/vehicleregistrationscostadelsol.com\/fi\/wp-json\/wp\/v2\/users\/1"}],"replies":[{"embeddable":true,"href":"https:\/\/vehicleregistrationscostadelsol.com\/fi\/wp-json\/wp\/v2\/comments?post=1807"}],"version-history":[{"count":0,"href":"https:\/\/vehicleregistrationscostadelsol.com\/fi\/wp-json\/wp\/v2\/pages\/1807\/revisions"}],"wp:featuredmedia":[{"embeddable":true,"href":"https:\/\/vehicleregistrationscostadelsol.com\/fi\/wp-json\/wp\/v2\/media\/2109"}],"wp:attachment":[{"href":"https:\/\/vehicleregistrationscostadelsol.com\/fi\/wp-json\/wp\/v2\/media?parent=1807"}],"curies":[{"name":"wp","href":"https:\/\/api.w.org\/{rel}","templated":true}]}}