{"id":1909,"date":"2020-12-20T15:56:00","date_gmt":"2020-12-20T14:56:00","guid":{"rendered":"https:\/\/vehicleregistrationscostadelsol.com\/?page_id=1909"},"modified":"2024-10-27T21:03:29","modified_gmt":"2024-10-27T20:03:29","slug":"vihreat-rekisterikilvet-espanja","status":"publish","type":"page","link":"https:\/\/vehicleregistrationscostadelsol.com\/fi\/green-number-plates-spain\/","title":{"rendered":"Vihre\u00e4t rekisterikilvet Espanja &#039;P&#039; Kilvet 1# h\u00e4mm\u00e4stytt\u00e4v\u00e4"},"content":{"rendered":"<h2 class=\"wp-block-heading\"><span class=\"ez-toc-section\" id=\"Do_you_need_green_reg_plates_in_Spain\"><\/span>Tarvitsetko vihreit\u00e4 rekisterikilpi\u00e4 Espanjassa?<span class=\"ez-toc-section-end\"><\/span><\/h2>\n\n\n\n<p>Jos aiot ajaa autollasi laillisesti vihreill\u00e4 rekisterikilpeill\u00e4 Espanjassa, sinun on tilattava ne Espanjan DGT:lt\u00e4. Niiden avulla voit ajaa laillisesti siit\u00e4 syyst\u00e4, ett\u00e4 omassa maassasi oleva vakuutus on ehk\u00e4 loppunut, MOT on saattanut olla lopussa tai ajoneuvosi saattaa olla SORNissa Isossa-Britanniassa tai EU-autojen EU-autojen vastaavassa EU:ssa. Autosi voi olla laillinen ajaa Espanjassa jonkin aikaa. Aina on kuitenkin parasta tarkistaa, jos tarvitset <strong>Vihre\u00e4t rekisterikilvet<\/strong>, tai kuten Espanjassa sanotaan \"placas verdes\".<\/p><div id=\"ez-toc-container\" class=\"ez-toc-v2_0_82_2 counter-hierarchy ez-toc-counter ez-toc-grey ez-toc-container-direction\">\n<div class=\"ez-toc-title-container\">\n<p class=\"ez-toc-title\" style=\"cursor:inherit\">Sis\u00e4llysluettelo<\/p>\n<span class=\"ez-toc-title-toggle\"><a href=\"#\" class=\"ez-toc-pull-right ez-toc-btn ez-toc-btn-xs ez-toc-btn-default ez-toc-toggle\" aria-label=\"Sis\u00e4llysluettelon vaihtaminen\"><span class=\"ez-toc-js-icon-con\"><span class=\"\"><span class=\"eztoc-hide\" style=\"display:none;\">Toggle<\/span><span class=\"ez-toc-icon-toggle-span\"><svg style=\"fill: #999;color:#999\" xmlns=\"http:\/\/www.w3.org\/2000\/svg\" class=\"list-377408\" width=\"20px\" height=\"20px\" viewbox=\"0 0 24 24\" fill=\"none\"><path d=\"M6 6H4v2h2V6zm14 0H8v2h12V6zM4 11h2v2H4v-2zm16 0H8v2h12v-2zM4 16h2v2H4v-2zm16 0H8v2h12v-2z\" fill=\"currentColor\"><\/path><\/svg><svg style=\"fill: #999;color:#999\" class=\"arrow-unsorted-368013\" xmlns=\"http:\/\/www.w3.org\/2000\/svg\" width=\"10px\" height=\"10px\" viewbox=\"0 0 24 24\" version=\"1.2\" baseprofile=\"tiny\"><path d=\"M18.2 9.3l-6.2-6.3-6.2 6.3c-.2.2-.3.4-.3.7s.1.5.3.7c.2.2.4.3.7.3h11c.3 0 .5-.1.7-.3.2-.2.3-.5.3-.7s-.1-.5-.3-.7zM5.8 14.7l6.2 6.3 6.2-6.3c.2-.2.3-.5.3-.7s-.1-.5-.3-.7c-.2-.2-.4-.3-.7-.3h-11c-.3 0-.5.1-.7.3-.2.2-.3.5-.3.7s.1.5.3.7z\"\/><\/svg><\/span><\/span><\/span><\/a><\/span><\/div>\n<nav><ul class='ez-toc-list ez-toc-list-level-1' ><li class='ez-toc-page-1 ez-toc-heading-level-2'><a class=\"ez-toc-link ez-toc-heading-1\" href=\"https:\/\/vehicleregistrationscostadelsol.com\/fi\/green-number-plates-spain\/#Do_you_need_green_reg_plates_in_Spain\" >Tarvitsetko vihreit\u00e4 rekisterikilpi\u00e4 Espanjassa?<\/a><\/li><li class='ez-toc-page-1 ez-toc-heading-level-2'><a class=\"ez-toc-link ez-toc-heading-2\" href=\"https:\/\/vehicleregistrationscostadelsol.com\/fi\/green-number-plates-spain\/#Temporary_number_Plates_Spain\" >V\u00e4liaikaiset rekisterikilvet Espanja<\/a><\/li><li class='ez-toc-page-1 ez-toc-heading-level-2'><a class=\"ez-toc-link ez-toc-heading-3\" href=\"https:\/\/vehicleregistrationscostadelsol.com\/fi\/green-number-plates-spain\/#How_long_do_green_reg_plates_last\" >Kuinka kauan vihre\u00e4t rekisterikilvet kest\u00e4v\u00e4t?<\/a><ul class='ez-toc-list-level-3' ><li class='ez-toc-heading-level-3'><a class=\"ez-toc-link ez-toc-heading-4\" href=\"https:\/\/vehicleregistrationscostadelsol.com\/fi\/green-number-plates-spain\/#Do_you_need_Spanish_insurance_for_Green_number_plates\" >Tarvitsetko espanjalaisen vakuutuksen vihreille rekisterikilpeille?<\/a><ul class='ez-toc-list-level-4' ><li class='ez-toc-heading-level-4'><a class=\"ez-toc-link ez-toc-heading-5\" href=\"https:\/\/vehicleregistrationscostadelsol.com\/fi\/green-number-plates-spain\/#How_long_do_green_number_plates_take\" >Kuinka kauan vihre\u00e4t rekisterikilvet kest\u00e4v\u00e4t?<\/a><ul class='ez-toc-list-level-5' ><li class='ez-toc-heading-level-5'><a class=\"ez-toc-link ez-toc-heading-6\" href=\"https:\/\/vehicleregistrationscostadelsol.com\/fi\/green-number-plates-spain\/#Do_the_police_pull_you_with_green_reg_plates\" >Vet\u00e4\u00e4k\u00f6 poliisi sinua vihreill\u00e4 rekisterikilpeill\u00e4?<\/a><ul class='ez-toc-list-level-6' ><li class='ez-toc-heading-level-6'><a class=\"ez-toc-link ez-toc-heading-7\" href=\"https:\/\/vehicleregistrationscostadelsol.com\/fi\/green-number-plates-spain\/#Are_the_green_number_plates_the_same_size_as_EU_and_UK_reg_plates\" >Ovatko vihre\u00e4t rekisterikilvet samankokoisia kuin EU:n ja Yhdistyneen kuningaskunnan rekisterikilvet?<\/a><\/li><li class='ez-toc-page-1 ez-toc-heading-level-6'><a class=\"ez-toc-link ez-toc-heading-8\" href=\"https:\/\/vehicleregistrationscostadelsol.com\/fi\/green-number-plates-spain\/#Can_you_get_an_extension_to_the_plates_if_they_expire\" >Voiko kilvi\u00e4 pident\u00e4\u00e4, jos niiden voimassaolo p\u00e4\u00e4ttyy?<\/a><\/li><\/ul><\/li><\/ul><\/li><\/ul><\/li><\/ul><\/li><\/ul><\/nav><\/div>\n\n\n\n\n<h2 class=\"wp-block-heading\"><span class=\"ez-toc-section\" id=\"Temporary_number_Plates_Spain\"><\/span>V\u00e4liaikaiset rekisterikilvet Espanja<span class=\"ez-toc-section-end\"><\/span><\/h2>\n\n\n\n<p>Mit\u00e4 eroa on v\u00e4liaikaisella ja vihre\u00e4ll\u00e4 rekisterikilvell\u00e4 Espanjassa? Ei mit\u00e4\u00e4n, ne ovat t\u00e4sm\u00e4lleen sama asia. Vihre\u00e4t rekisterikilvet, P-kilvet, v\u00e4liaikaiset rekisterikilvet tai placas verdes ovat kaikki termej\u00e4, joihin viitataan usein puhuttaessa samasta tuotteesta ja prosessista. Niill\u00e4 on t\u00e4sm\u00e4lleen sama teht\u00e4v\u00e4 ja samat s\u00e4\u00e4nn\u00f6t kuin toisillakin.<\/p>\n\n\n\n<h2 class=\"wp-block-heading\"><span class=\"ez-toc-section\" id=\"How_long_do_green_reg_plates_last\"><\/span>Kuinka kauan vihre\u00e4t rekisterikilvet kest\u00e4v\u00e4t?<span class=\"ez-toc-section-end\"><\/span><\/h2>\n\n\n\n<p>Vihre\u00e4t rekisterikilvet antavat sinulle mahdollisuuden ajaa laillisesti Espanjassa 60 p\u00e4iv\u00e4\u00e4. Runsaasti aikaa saada autosi ylioppilaaksi espanjalaiseen rekisteriin ja ota omasi <a aria-label=\"ITV-testi (avautuu uuteen v\u00e4lilehteen)\" rel=\"noreferrer noopener\" class=\"rank-math-link\" href=\"https:\/\/vehicleregistrationscostadelsol.com\/fi\/itv-tests\/\" target=\"_blank\">ITV testi<\/a>. 60 p\u00e4iv\u00e4\u00e4 on enemm\u00e4n kuin tarpeeksi ITV:n varaamiseen ja autosi hyv\u00e4ksymiseen, vihreiden rekisterikilpien espanjalaisten papereiden hoitamiseen ja todellisten espanjalaisten rekisterikilpien toimittamiseen ja autoon nyt. <a aria-label=\"rekister\u00f6ity (avautuu uuteen v\u00e4lilehteen)\" rel=\"noreferrer noopener\" class=\"rank-math-link\" href=\"http:\/\/www.dgt.es\/es\/\" target=\"_blank\">rekister\u00f6ity<\/a> kokonaan Espanjassa. <\/p>\n\n\n\n<p><\/p>\n\n\n\n<h3 class=\"wp-block-heading\"><span class=\"ez-toc-section\" id=\"Do_you_need_Spanish_insurance_for_Green_number_plates\"><\/span>Tarvitsetko espanjalaisen vakuutuksen vihreille rekisterikilpeille?<span class=\"ez-toc-section-end\"><\/span><\/h3>\n\n\n\n<p>Kyll\u00e4, heti kun sinulle on my\u00f6nnetty vihre\u00e4t rekisterikilvet, sinun on vakuutettava DGT:n my\u00f6nt\u00e4m\u00e4 numero. T\u00e4m\u00e4 numero on jotain P 4321 BDP:t\u00e4, ja vakuutat sitten (itse tai suosituksestamme) ajoneuvosi espanjalaisiin vihreisiin rekisterikilpiin. Vaihdat sitten numeroa uudessa espanjalaisessa vakuutusyhti\u00f6ss\u00e4si, kun oikeat kilvet saapuvat oikealla uudella espanjalaisella rekisterinumerollasi.<\/p>\n\n\n\n<h4 class=\"wp-block-heading\"><span class=\"ez-toc-section\" id=\"How_long_do_green_number_plates_take\"><\/span>Kuinka kauan vihre\u00e4t rekisterikilvet kest\u00e4v\u00e4t?<span class=\"ez-toc-section-end\"><\/span><\/h4>\n\n\n\n<p>Jos tilaamme sinulle Espanjan vihre\u00e4t rekisterikilvet, numeron my\u00f6nt\u00e4minen kest\u00e4\u00e4 noin viikon. DGT l\u00e4hett\u00e4\u00e4 s\u00e4hk\u00f6postin numerolla, jotta voit k\u00e4ytt\u00e4\u00e4 sit\u00e4 ajoneuvon vakuuttamiseen. Sitten fyysiset levyt saapuvat muutaman p\u00e4iv\u00e4n kuluttua. Tarjoamme rekisterikilpien kuriiripalvelun sinulle tai jos olet l\u00e4hell\u00e4, laitamme kilvet autoosi puolestasi. <\/p>\n\n\n\n<p>Vihreiden kilpien asentaminen ei ole vaikeaa, monet autot ovat erilaisia, mutta yleens\u00e4 rekisterikilvess\u00e4 on 2\/4 ruuvia. irrota ruuvit, irrota vanha rekisterikilpi, aseta se vihre\u00e4n kilven p\u00e4\u00e4lle ja merkitse vanhat rei\u00e4t ja ruuvaa sitten takaisin uuteen vihre\u00e4\u00e4n rekisterikilven reikien l\u00e4pi. N\u00e4in ruuvit p\u00e4\u00e4sev\u00e4t auton olemassa olevien reikien l\u00e4pi, joten et saa uusia reiki\u00e4 ja ty\u00f6n pit\u00e4isi olla helpompaa. suosittelemme k\u00e4ytt\u00e4m\u00e4\u00e4n itsekierteitt\u00e4vi\u00e4 ruuveja. Teemme t\u00e4m\u00e4n yleens\u00e4 puolestasi, jos ajat autolla meille tai olet l\u00e4hell\u00e4 sijaintiamme. <\/p>\n\n\n\n<h5 class=\"wp-block-heading\"><span class=\"ez-toc-section\" id=\"Do_the_police_pull_you_with_green_reg_plates\"><\/span>Vet\u00e4\u00e4k\u00f6 poliisi sinua vihreill\u00e4 rekisterikilpeill\u00e4?<span class=\"ez-toc-section-end\"><\/span><\/h5>\n\n\n\n<p>Todenn\u00e4k\u00f6isemmin joudut poliisin k\u00e4siin maasi rekisterikilvell\u00e4 kuin vihre\u00e4ll\u00e4 rekisterikilvell\u00e4. Espanjan poliisi on hyvin tietoinen esimerkiksi Yhdistyneen kuningaskunnan DVLA:sta. he voivat helposti saada sinut per\u00e4ss\u00e4, k\u00e4ytt\u00e4\u00e4 matkapuhelintaan ja selvitt\u00e4\u00e4 sekunneissa, onko autosi vakuutettu, verotettu, motdoitu tai jonossa Isossa-Britanniassa. Jos jokin n\u00e4ist\u00e4 ei pid\u00e4 paikkaansa, sinut lakkautetaan, sakot, ehk\u00e4 saat auton takavarikointiin ja vakuutuksesi katsotaan mit\u00e4tt\u00f6m\u00e4ksi. <\/p>\n\n\n\n<p>Voit ajaa ajoneuvoa Espanjassa Yhdistyneen kuningaskunnan vakuutuksellasi, jos kaikki edell\u00e4 mainitut asiat ovat oikein. Vihreiden rekisterikilpien hankkiminen Espanjassa voi kuitenkin auttaa sinua v\u00e4ltt\u00e4m\u00e4\u00e4n kovia sakkoja tai ei-toivotun poliisin huomion Espanjassa ajamasi ajoneuvon laillisuudesta. Jos ajoneuvosi on ollut t\u00e4\u00e4ll\u00e4 yli kuusi kuukautta, olet todella ty\u00f6nt\u00e4m\u00e4ss\u00e4 sit\u00e4.<\/p>\n\n\n\n<h6 class=\"wp-block-heading\"><span class=\"ez-toc-section\" id=\"Are_the_green_number_plates_the_same_size_as_EU_and_UK_reg_plates\"><\/span>Ovatko vihre\u00e4t rekisterikilvet samankokoisia kuin EU:n ja Yhdistyneen kuningaskunnan rekisterikilvet?<span class=\"ez-toc-section-end\"><\/span><\/h6>\n\n\n\n<p>Kyll\u00e4 ne ovat t\u00e4sm\u00e4lleen saman kokoisia. T\u00e4m\u00e4n ansiosta kilpien vaihtaminen on helppoa, sill\u00e4 voit ruuvata l\u00e4pi nykyisten rekisterikilpien olemassa olevat rei\u00e4t ja merkit\u00e4 rei\u00e4n vihre\u00e4\u00e4n rekisterikilpeen, mik\u00e4 tarkoittaa, ett\u00e4 ruuvit menev\u00e4t olemassa oleviin reikiin, jotta uusia reiki\u00e4 ei tehd\u00e4. T\u00e4m\u00e4 koskee sek\u00e4 EU- ett\u00e4 UK-rekisterikilpi\u00e4 vihreiden rekisterikilpien asentamisen yhteydess\u00e4. Saat lis\u00e4tietoja lataamalla vihreiden rekisterikilpien tiedot PDF-muodossa. <\/p>\n\n\n\n<h6 class=\"wp-block-heading\"><span class=\"ez-toc-section\" id=\"Can_you_get_an_extension_to_the_plates_if_they_expire\"><\/span>Voiko kilvi\u00e4 pident\u00e4\u00e4, jos niiden voimassaolo p\u00e4\u00e4ttyy?<span class=\"ez-toc-section-end\"><\/span><\/h6>\n\n\n\n<p>DGT:n kautta on olemassa pidennysprosessi, jota on kuitenkin hyvin vaikea saada hyv\u00e4ksytty\u00e4. Vaikka tarkastukset ovat joissakin tapauksissa kest\u00e4neet kuusi viikkoa ennen kuin tapaaminen on my\u00f6nnetty, jolloin sinulla ei ole k\u00e4yt\u00e4nn\u00f6ss\u00e4 aikaa saattaa prosessia p\u00e4\u00e4t\u00f6kseen 60 p\u00e4iv\u00e4ss\u00e4, ne hyl\u00e4t\u00e4\u00e4n l\u00e4hes aina. Emme ole varmoja, miksi n\u00e4in on. <strong>T\u00e4h\u00e4n menness\u00e4 meill\u00e4 ja laillisilla edustajillamme, jotka k\u00e4sittelev\u00e4t laajennuksia, ei ole koskaan ollut hyv\u00e4ksynt\u00e4\u00e4. <\/strong><\/p>\n\n\n\n<figure class=\"wp-block-image size-large\"><img decoding=\"async\" width=\"430\" height=\"81\" src=\"https:\/\/vehicleregistrationscostadelsol.com\/wp-content\/uploads\/2020\/12\/Green-number-plates-1.jpg\" alt=\"Auton rekister\u00f6inti Costa del sol\" class=\"wp-image-1950\" title=\"Rekister\u00f6i autosi Espanjassa\" srcset=\"https:\/\/vehicleregistrationscostadelsol.com\/wp-content\/uploads\/2020\/12\/Green-number-plates-1.jpg 430w, https:\/\/vehicleregistrationscostadelsol.com\/wp-content\/uploads\/2020\/12\/Green-number-plates-1-300x57.jpg 300w\" sizes=\"(max-width: 430px) 100vw, 430px\" \/><\/figure>\n\n\n\n<p><\/p>","protected":false},"excerpt":{"rendered":"<p>Do you need green reg plates in Spain? If you plan to drive your car legally with green number plates Spain you need to order them from the Spanish DGT. They enable you to drive drive legally for the reasons that your insurance in your own country may have run out, your MOT may have [&hellip;]<\/p>\n","protected":false},"author":1,"featured_media":2237,"parent":0,"menu_order":0,"comment_status":"closed","ping_status":"closed","template":"","meta":{"site-sidebar-layout":"default","site-content-layout":"default","ast-site-content-layout":"default","site-content-style":"default","site-sidebar-style":"default","ast-global-header-display":"","ast-banner-title-visibility":"","ast-main-header-display":"","ast-hfb-above-header-display":"","ast-hfb-below-header-display":"","ast-hfb-mobile-header-display":"","site-post-title":"","ast-breadcrumbs-content":"","ast-featured-img":"","footer-sml-layout":"","ast-disable-related-posts":"","theme-transparent-header-meta":"default","adv-header-id-meta":"","stick-header-meta":"","header-above-stick-meta":"","header-main-stick-meta":"","header-below-stick-meta":"","astra-migrate-meta-layouts":"set","ast-page-background-enabled":"default","ast-page-background-meta":{"desktop":{"background-color":"","background-image":"","background-repeat":"repeat","background-position":"center center","background-size":"auto","background-attachment":"scroll","background-type":"","background-media":"","overlay-type":"","overlay-color":"","overlay-opacity":"","overlay-gradient":""},"tablet":{"background-color":"","background-image":"","background-repeat":"repeat","background-position":"center center","background-size":"auto","background-attachment":"scroll","background-type":"","background-media":"","overlay-type":"","overlay-color":"","overlay-opacity":"","overlay-gradient":""},"mobile":{"background-color":"","background-image":"","background-repeat":"repeat","background-position":"center center","background-size":"auto","background-attachment":"scroll","background-type":"","background-media":"","overlay-type":"","overlay-color":"","overlay-opacity":"","overlay-gradient":""}},"ast-content-background-meta":{"desktop":{"background-color":"var(--ast-global-color-5)","background-image":"","background-repeat":"repeat","background-position":"center center","background-size":"auto","background-attachment":"scroll","background-type":"","background-media":"","overlay-type":"","overlay-color":"","overlay-opacity":"","overlay-gradient":""},"tablet":{"background-color":"var(--ast-global-color-5)","background-image":"","background-repeat":"repeat","background-position":"center center","background-size":"auto","background-attachment":"scroll","background-type":"","background-media":"","overlay-type":"","overlay-color":"","overlay-opacity":"","overlay-gradient":""},"mobile":{"background-color":"var(--ast-global-color-5)","background-image":"","background-repeat":"repeat","background-position":"center center","background-size":"auto","background-attachment":"scroll","background-type":"","background-media":"","overlay-type":"","overlay-color":"","overlay-opacity":"","overlay-gradient":""}},"footnotes":""},"class_list":["post-1909","page","type-page","status-publish","has-post-thumbnail","hentry"],"_links":{"self":[{"href":"https:\/\/vehicleregistrationscostadelsol.com\/fi\/wp-json\/wp\/v2\/pages\/1909","targetHints":{"allow":["GET"]}}],"collection":[{"href":"https:\/\/vehicleregistrationscostadelsol.com\/fi\/wp-json\/wp\/v2\/pages"}],"about":[{"href":"https:\/\/vehicleregistrationscostadelsol.com\/fi\/wp-json\/wp\/v2\/types\/page"}],"author":[{"embeddable":true,"href":"https:\/\/vehicleregistrationscostadelsol.com\/fi\/wp-json\/wp\/v2\/users\/1"}],"replies":[{"embeddable":true,"href":"https:\/\/vehicleregistrationscostadelsol.com\/fi\/wp-json\/wp\/v2\/comments?post=1909"}],"version-history":[{"count":0,"href":"https:\/\/vehicleregistrationscostadelsol.com\/fi\/wp-json\/wp\/v2\/pages\/1909\/revisions"}],"wp:featuredmedia":[{"embeddable":true,"href":"https:\/\/vehicleregistrationscostadelsol.com\/fi\/wp-json\/wp\/v2\/media\/2237"}],"wp:attachment":[{"href":"https:\/\/vehicleregistrationscostadelsol.com\/fi\/wp-json\/wp\/v2\/media?parent=1909"}],"curies":[{"name":"wp","href":"https:\/\/api.w.org\/{rel}","templated":true}]}}