{"id":1977,"date":"2021-01-13T15:06:57","date_gmt":"2021-01-13T14:06:57","guid":{"rendered":"https:\/\/vehicleregistrationscostadelsol.com\/?page_id=1977"},"modified":"2026-02-10T22:24:44","modified_gmt":"2026-02-10T21:24:44","slug":"eu-auton-rekisterointi-espanjassa","status":"publish","type":"page","link":"https:\/\/vehicleregistrationscostadelsol.com\/fi\/registering-an-eu-car-in-spain\/","title":{"rendered":"EU-auton rekister\u00f6inti Espanjassa - Kustannukset ja tiedot #1"},"content":{"rendered":"<img fetchpriority=\"high\" decoding=\"async\" src=\"https:\/\/vehicleregistrationscostadelsol.com\/wp-content\/uploads\/2024\/01\/Reister-an-EU-vehcile-in-Spain-1024x536.webp\" sizes=\"(max-width: 1024px) 100vw, 1024px\" srcset=\"https:\/\/vehicleregistrationscostadelsol.com\/wp-content\/uploads\/2024\/01\/Reister-an-EU-vehcile-in-Spain-1024x536.webp 1024w, https:\/\/vehicleregistrationscostadelsol.com\/wp-content\/uploads\/2024\/01\/Reister-an-EU-vehcile-in-Spain-300x157.webp 300w, https:\/\/vehicleregistrationscostadelsol.com\/wp-content\/uploads\/2024\/01\/Reister-an-EU-vehcile-in-Spain-768x402.webp 768w, https:\/\/vehicleregistrationscostadelsol.com\/wp-content\/uploads\/2024\/01\/Reister-an-EU-vehcile-in-Spain-18x9.webp 18w, https:\/\/vehicleregistrationscostadelsol.com\/wp-content\/uploads\/2024\/01\/Reister-an-EU-vehcile-in-Spain.webp 1200w\" alt=\"EU:n ajoneuvojen rekister\u00f6inti Espanjassa. Helppo opas ja tietoa.\" width=\"1024\" height=\"536\" title=\"Rekister\u00f6i autosi Espanjassa\">\n\nEU-auton rekister\u00f6inti Espanjassa. T\u00e4ll\u00e4 sivulla on paljon arvokasta ja informatiivista tietoa siit\u00e4, miten EU-auto rekister\u00f6id\u00e4\u00e4n Espanjassa. EU-ajoneuvon rekister\u00f6inti on yleens\u00e4 melko yksinkertainen prosessi. Yleens\u00e4 EU-autojen ohjaus on auton vasemmalla puolella. ajovalot osoittavat oikeaan suuntaan Espanjan teill\u00e4 ajamista varten. Sumu- ja peruutusvalot ovat oikealla puolella.\n<h2><span class=\"ez-toc-section\" id=\"Top_steps_to_register_a_EU_vehicle_in_Spain\"><\/span>T\u00e4rkeimm\u00e4t vaiheet EU:n ajoneuvon rekister\u00f6imiseksi Espanjassa<span class=\"ez-toc-section-end\"><\/span><\/h2>\nJotta voit rekister\u00f6id\u00e4 ulkomaisen ajoneuvosi Espanjassa, tarvitset alkuper\u00e4iset ajoneuvon rekister\u00f6intiasiakirjat, Ficha Technica Reducia -asiakirjan, voimassa olevan ITV-tarkastuksen, passin, NIE-todistuksen tai oleskelukortin ja osoitteen Espanjassa. Sinun on maksettava asiaankuuluville elimille, l\u00e4hinn\u00e4 verovirastolle, DGT:lle ja kaupungintalolle.\n\n<!-- \/wp:post-content -->\n\n<!-- wp:heading -->\n<h2><span class=\"ez-toc-section\" id=\"Cost_of_registering_a_EU_car_in_Spain\"><\/span>EU-auton rekister\u00f6intikustannukset Espanjassa?<span class=\"ez-toc-section-end\"><\/span><\/h2>\n<!-- \/wp:heading -->\n\n<!-- wp:paragraph -->\n\nV\u00e4h\u00e4p\u00e4\u00e4st\u00f6isen ulkomaisen auton rekister\u00f6inti Espanjassa maksaa noin 900 euroa. Kustannukset nousevat kuitenkin ajoneuvon hiilidioksidip\u00e4\u00e4st\u00f6jen mukaan. Samoin ajoneuvon tehon ja i\u00e4n mukaan lasketut liikennevero ja vakuutus.\n\nJokainen auto on kuitenkin erilainen. Ulkomaisen auton rekister\u00f6intikustannukset Espanjassa jakautuvat useisiin eri kustannuksiin. P\u00e4\u00e4st\u00f6verot ovat erilaiset jokaisessa autossa, ja ne m\u00e4\u00e4r\u00e4ytyv\u00e4t hiilidioksidip\u00e4\u00e4st\u00f6jen G\/Km (grammaa kilometri\u00e4 kohti) ja ajoneuvon i\u00e4n mukaan.  Alla olevassa luettelossa esitet\u00e4\u00e4n kustannusten tarvittavat vaiheet.\n\n<!-- \/wp:paragraph -->\n\n<!-- wp:list -->\n<ul>\n \t<li>Vaihe 1 - Ficha Technica - vaatimustenmukaisuustodistuksen hankkiminen<\/li>\n \t<li>Vaihe 2 - ITV-tarkastus Tekninen testi -<\/li>\n \t<li>Vaihe 3 - Asiakirjojen k\u00e4sittely DGT:n kanssa<\/li>\n \t<li>Vaihe 4 - Maksa p\u00e4\u00e4st\u00f6maksut verotoimistolle.<\/li>\n \t<li>Vaihe 5 - Maksa tievero - IVTM maksetaan kaupungintalolla.<\/li>\n \t<li>Vaihe 6 - Pyyd\u00e4 fyysisi\u00e4 numerokilpi\u00e4<\/li>\n \t<li>Vaihe 7 - Pyyd\u00e4 ECO-tarraa<\/li>\n<\/ul>\n<!-- \/wp:list -->\n\n<!-- wp:paragraph -->\n\nP\u00e4\u00e4st\u00f6verot vaihtelevat nollasta 1000 euroon riippuen siit\u00e4, ajatko v\u00e4h\u00e4p\u00e4\u00e4st\u00f6isell\u00e4 autolla vai Ferrarilla.\n\n<!-- \/wp:paragraph -->\n\n<!-- wp:heading -->\n<h2><span class=\"ez-toc-section\" id=\"How_do_you_register_an_EU_car_in_Spain\"><\/span>Miten EU-auto rekister\u00f6id\u00e4\u00e4n Espanjassa?<span class=\"ez-toc-section-end\"><\/span><\/h2>\n<!-- \/wp:heading -->\n\n<!-- wp:paragraph -->\n\nEU-auton rekister\u00f6inti Espanjassa on vaikea prosessi, jos et tied\u00e4, miten prosessi toimii. Teemme puolestasi aivan kaiken alusta loppuun, mukaan lukien verot ja paperity\u00f6t, <a href=\"https:\/\/vehicleregistrationscostadelsol.com\/fi\/\" target=\"_blank\" rel=\"noreferrer noopener\" aria-label=\"PRE ITV -tarkistus ILMAINEN (avautuu uuteen v\u00e4lilehteen)\">PRE ITV -tarkistus ILMAISEKSI<\/a>, <a href=\"https:\/\/vehicleregistrationscostadelsol.com\/fi\/itv-testit-mijas\/\" target=\"_blank\" rel=\"noreferrer noopener\" aria-label=\"ITV-testi (avautuu uuteen v\u00e4lilehteen)\">ITV testi<\/a> (varaa ja suorita) hanki Vihre\u00e4t rekisterikilvet, maksa tievero puolestasi, hanki uusien ajoneuvojen paperit ja ja espanjalaiset rekisterikilvet ja asennamme ne jopa autoon, kun saamme ne. Tilaamme ja asennamme my\u00f6s vihre\u00e4t kilvet, jotta voit ajaa laillisesti Espanjassa, kun suoritamme koko EU-auton rekister\u00f6intipalvelun Espanjassa.\n\n<!-- \/wp:paragraph -->\n\n<!-- wp:image {\"id\":1970,\"sizeSlug\":\"large\"} -->\n<figure><\/figure>\n<!-- \/wp:image -->\n\n<!-- wp:heading {\"level\":4} -->\n<h4><span class=\"ez-toc-section\" id=\"Can_I_register_a_right_hand_drive_car_in_Spain\"><\/span>Voinko rekister\u00f6id\u00e4 oikealta ohjatun auton Espanjassa?<span class=\"ez-toc-section-end\"><\/span><\/h4>\n<!-- \/wp:heading -->\n\n<!-- wp:paragraph -->\n\nKyll\u00e4, kaikki oikealta ohjattavat RHD-ajoneuvot voidaan rekister\u00f6id\u00e4 Espanjassa. Niin kauan kuin ITV-testi on l\u00e4p\u00e4issyt ja auto on mukautettu <a href=\"https:\/\/vehicleregistrationscostadelsol.com\/fi\/ajovalojen-vaihtaminen-espanjassa-suuntaaminen\/\" target=\"_blank\" rel=\"noreferrer noopener\" aria-label=\"ajovalot (avautuu uuteen v\u00e4lilehteen)\">ajovalo<\/a> uudelleensuuntaus, sumuvalo, peruutusvalo ja monet muut tekij\u00e4t sen soveltuvuuden varmistamiseksi Espanjan teill\u00e4. EU-autot ovat suoraviivaisia. Brittiautot Brexitin j\u00e4lkeen tarvitsevat uuden todistuksen, mutta ne voidaan silti tehd\u00e4 ilman ongelmia.\n\n<!-- \/wp:paragraph -->\n\n<!-- wp:heading {\"level\":5} -->\n<h5><span class=\"ez-toc-section\" id=\"Can_a_non_resident_register_an_EU_car_in_Spain\"><\/span>Voiko Espanjassa asumaton henkil\u00f6 rekister\u00f6id\u00e4 EU:n auton Espanjassa?<span class=\"ez-toc-section-end\"><\/span><\/h5>\n<!-- \/wp:heading -->\n\n<!-- wp:paragraph -->\n\nKyll\u00e4, sinun ei tarvitse olla asukas rekister\u00f6id\u00e4ksesi autosi espanjalaisiin rekisterikilpiin. Niin kauan kuin ajoneuvo on vakuutettu ja sen ajoneuvokatsastuksen ITV ajan tasalla, voit j\u00e4tt\u00e4\u00e4 auton ja k\u00e4ytt\u00e4\u00e4 sit\u00e4 ajaessasi Espanjan teill\u00e4. Sinut rekister\u00f6id\u00e4\u00e4n ajoneuvon haltijaksi ja sill\u00e4 on espanjalainen rekisterikilpi. Sinun tulee my\u00f6s pysy\u00e4 ajan tasalla tieverostasi Espanjassa.\n\n<!-- \/wp:paragraph -->\n\n<!-- wp:heading {\"level\":6} -->\n<h6><span class=\"ez-toc-section\" id=\"Do_you_offer_the_whole_service_for_Registering_An_EU_Car_In_Spain\"><\/span>Tarjoatko koko palvelun EU-auton rekister\u00f6innist\u00e4 Espanjassa?<span class=\"ez-toc-section-end\"><\/span><\/h6>\n<!-- \/wp:heading -->\n\n<!-- wp:paragraph -->\n\nKyll\u00e4, palvelu on tietojemme mukaan vertaansa vailla rannikolla, mukaan lukien ajoneuvosi ILMAINEN ITV-ennakkotarkastus. Monet yritykset ja Gestors v\u00e4itt\u00e4v\u00e4t tarjoavansa palvelua EU:n auton rekister\u00f6intiin Espanjassa, mutta monet eiv\u00e4t osaa valmistella autoa valmiiksi. <a href=\"https:\/\/share.google\/N2SEjMQSj8RaJAr8b\" target=\"_blank\" rel=\"noopener\">ITV,<\/a> l\u00e4hde osat, ajovalot, sumuvalot, peruutusvalot ja ajovalojen uudelleensuuntaus. He eiv\u00e4t todellakaan tarjoa Ficha Technica -raporttia, varaa ja suorita ITV:t\u00e4 puolestasi, laita kilvet p\u00e4\u00e4lle. He auttavat useimmissa tapauksissa vain lopullisessa paperity\u00f6ss\u00e4.\n\n<!-- \/wp:paragraph -->\n<h6><span class=\"ez-toc-section\" id=\"Do_you_need_to_import_duty_VAT_on_an_EU_vehicle_importing_to_Spain\"><\/span>Onko Espanjaan tuotavasta EU:n ajoneuvosta kannettava tuontitulli ja arvonlis\u00e4vero?<span class=\"ez-toc-section-end\"><\/span><\/h6>\nEi yleens\u00e4, sill\u00e4 EU:sta Espanjaan tuotavat ajoneuvot on yleens\u00e4 vapautettu tuontitulleista. Ajoneuvolla on oltava asianmukainen EU-vaatimustenmukaisuus, jotta se voidaan vapauttaa tuontitulleista ja arvonlis\u00e4verosta. T\u00e4m\u00e4 on helpompaa, jos ajoneuvo on omalla nimell\u00e4si. Jos olet kuitenkin juuri ostanut ajoneuvon, tarvitaan asianmukainen myyntilasku.\n<h6><span class=\"ez-toc-section\" id=\"WhatsApp_your_Reg_Number\"><\/span>WhatsApp rekisterinumerosi<span class=\"ez-toc-section-end\"><\/span><\/h6>\n<h2><span class=\"ez-toc-section\" id=\"34_696_337_629\"><\/span><a href=\"https:\/\/wa.me\/+34696337629?text=Please%20send%20me%20a%20free%20quote\" target=\"_blank\" rel=\"noopener\">+34 696 337 629<\/a><span class=\"ez-toc-section-end\"><\/span><\/h2>\n<h6><span class=\"ez-toc-section\" id=\"BOOK_AN_APPOINTMENT_TODAY\"><\/span>VARAA AIKA T\u00c4N\u00c4\u00c4N<span class=\"ez-toc-section-end\"><\/span><\/h6>\n<a href=\"puh: +34696337629\">\n\nVaraa nyt\n<\/a>","protected":false},"excerpt":{"rendered":"<p>Steps for registering an EU car in Spain. This page will give lots of valuable and informative information regards how to register your EU car in Spain. Registering an EU vehicle is usually quite a straight forward process. Generally EU cars have the steering on the left hand side of the car. the headlights point [&hellip;]<\/p>\n","protected":false},"author":1,"featured_media":1626,"parent":0,"menu_order":0,"comment_status":"closed","ping_status":"closed","template":"","meta":{"site-sidebar-layout":"default","site-content-layout":"default","ast-site-content-layout":"default","site-content-style":"default","site-sidebar-style":"default","ast-global-header-display":"","ast-banner-title-visibility":"","ast-main-header-display":"","ast-hfb-above-header-display":"","ast-hfb-below-header-display":"","ast-hfb-mobile-header-display":"","site-post-title":"","ast-breadcrumbs-content":"","ast-featured-img":"","footer-sml-layout":"","ast-disable-related-posts":"","theme-transparent-header-meta":"default","adv-header-id-meta":"","stick-header-meta":"","header-above-stick-meta":"","header-main-stick-meta":"","header-below-stick-meta":"","astra-migrate-meta-layouts":"set","ast-page-background-enabled":"default","ast-page-background-meta":{"desktop":{"background-color":"","background-image":"","background-repeat":"repeat","background-position":"center center","background-size":"auto","background-attachment":"scroll","background-type":"","background-media":"","overlay-type":"","overlay-color":"","overlay-opacity":"","overlay-gradient":""},"tablet":{"background-color":"","background-image":"","background-repeat":"repeat","background-position":"center center","background-size":"auto","background-attachment":"scroll","background-type":"","background-media":"","overlay-type":"","overlay-color":"","overlay-opacity":"","overlay-gradient":""},"mobile":{"background-color":"","background-image":"","background-repeat":"repeat","background-position":"center center","background-size":"auto","background-attachment":"scroll","background-type":"","background-media":"","overlay-type":"","overlay-color":"","overlay-opacity":"","overlay-gradient":""}},"ast-content-background-meta":{"desktop":{"background-color":"var(--ast-global-color-5)","background-image":"","background-repeat":"repeat","background-position":"center center","background-size":"auto","background-attachment":"scroll","background-type":"","background-media":"","overlay-type":"","overlay-color":"","overlay-opacity":"","overlay-gradient":""},"tablet":{"background-color":"var(--ast-global-color-5)","background-image":"","background-repeat":"repeat","background-position":"center center","background-size":"auto","background-attachment":"scroll","background-type":"","background-media":"","overlay-type":"","overlay-color":"","overlay-opacity":"","overlay-gradient":""},"mobile":{"background-color":"var(--ast-global-color-5)","background-image":"","background-repeat":"repeat","background-position":"center center","background-size":"auto","background-attachment":"scroll","background-type":"","background-media":"","overlay-type":"","overlay-color":"","overlay-opacity":"","overlay-gradient":""}},"footnotes":""},"class_list":["post-1977","page","type-page","status-publish","has-post-thumbnail","hentry"],"_links":{"self":[{"href":"https:\/\/vehicleregistrationscostadelsol.com\/fi\/wp-json\/wp\/v2\/pages\/1977","targetHints":{"allow":["GET"]}}],"collection":[{"href":"https:\/\/vehicleregistrationscostadelsol.com\/fi\/wp-json\/wp\/v2\/pages"}],"about":[{"href":"https:\/\/vehicleregistrationscostadelsol.com\/fi\/wp-json\/wp\/v2\/types\/page"}],"author":[{"embeddable":true,"href":"https:\/\/vehicleregistrationscostadelsol.com\/fi\/wp-json\/wp\/v2\/users\/1"}],"replies":[{"embeddable":true,"href":"https:\/\/vehicleregistrationscostadelsol.com\/fi\/wp-json\/wp\/v2\/comments?post=1977"}],"version-history":[{"count":8,"href":"https:\/\/vehicleregistrationscostadelsol.com\/fi\/wp-json\/wp\/v2\/pages\/1977\/revisions"}],"predecessor-version":[{"id":3586,"href":"https:\/\/vehicleregistrationscostadelsol.com\/fi\/wp-json\/wp\/v2\/pages\/1977\/revisions\/3586"}],"wp:featuredmedia":[{"embeddable":true,"href":"https:\/\/vehicleregistrationscostadelsol.com\/fi\/wp-json\/wp\/v2\/media\/1626"}],"wp:attachment":[{"href":"https:\/\/vehicleregistrationscostadelsol.com\/fi\/wp-json\/wp\/v2\/media?parent=1977"}],"curies":[{"name":"wp","href":"https:\/\/api.w.org\/{rel}","templated":true}]}}