{"id":1999,"date":"2021-01-18T16:27:04","date_gmt":"2021-01-18T15:27:04","guid":{"rendered":"https:\/\/vehicleregistrationscostadelsol.com\/?page_id=1999"},"modified":"2026-02-15T15:22:36","modified_gmt":"2026-02-15T14:22:36","slug":"brexit-uk-autot-ja-asuinpaikka","status":"publish","type":"page","link":"https:\/\/vehicleregistrationscostadelsol.com\/fi\/brexit-uk-cars-and-residency\/","title":{"rendered":"Yhdistyneen kuningaskunnan autot Espanjassa Brexitin j\u00e4lkeen: S\u00e4\u00e4nn\u00f6t, asuinpaikka ja m\u00e4\u00e4r\u00e4ajat"},"content":{"rendered":"<p><a href=\"https:\/\/vehicleregistrationscostadelsol.com\/fi\/rekisteroida-brittilainen-auto-espanjassa\/\">Yhdistyneen kuningaskunnan ajoneuvon rekister\u00f6inti Espanjassa<\/a> sis\u00e4lt\u00e4\u00e4 useita vaiheita, mukaan lukien tulliselvitys. Ensin on tarkistettava kelpoisuus - Brexitin j\u00e4lkeen Espanjaan tulevilla brittil\u00e4isill\u00e4 autoilla on kolme reitti\u00e4.<\/p><div id=\"ez-toc-container\" class=\"ez-toc-v2_0_82_2 counter-hierarchy ez-toc-counter ez-toc-grey ez-toc-container-direction\">\n<div class=\"ez-toc-title-container\">\n<p class=\"ez-toc-title\" style=\"cursor:inherit\">Sis\u00e4llysluettelo<\/p>\n<span class=\"ez-toc-title-toggle\"><a href=\"#\" class=\"ez-toc-pull-right ez-toc-btn ez-toc-btn-xs ez-toc-btn-default ez-toc-toggle\" aria-label=\"Sis\u00e4llysluettelon vaihtaminen\"><span class=\"ez-toc-js-icon-con\"><span class=\"\"><span class=\"eztoc-hide\" style=\"display:none;\">Toggle<\/span><span class=\"ez-toc-icon-toggle-span\"><svg style=\"fill: #999;color:#999\" xmlns=\"http:\/\/www.w3.org\/2000\/svg\" class=\"list-377408\" width=\"20px\" height=\"20px\" viewbox=\"0 0 24 24\" fill=\"none\"><path d=\"M6 6H4v2h2V6zm14 0H8v2h12V6zM4 11h2v2H4v-2zm16 0H8v2h12v-2zM4 16h2v2H4v-2zm16 0H8v2h12v-2z\" fill=\"currentColor\"><\/path><\/svg><svg style=\"fill: #999;color:#999\" class=\"arrow-unsorted-368013\" xmlns=\"http:\/\/www.w3.org\/2000\/svg\" width=\"10px\" height=\"10px\" viewbox=\"0 0 24 24\" version=\"1.2\" baseprofile=\"tiny\"><path d=\"M18.2 9.3l-6.2-6.3-6.2 6.3c-.2.2-.3.4-.3.7s.1.5.3.7c.2.2.4.3.7.3h11c.3 0 .5-.1.7-.3.2-.2.3-.5.3-.7s-.1-.5-.3-.7zM5.8 14.7l6.2 6.3 6.2-6.3c.2-.2.3-.5.3-.7s-.1-.5-.3-.7c-.2-.2-.4-.3-.7-.3h-11c-.3 0-.5.1-.7.3-.2.2-.3.5-.3.7s.1.5.3.7z\"\/><\/svg><\/span><\/span><\/span><\/a><\/span><\/div>\n<nav><ul class='ez-toc-list ez-toc-list-level-1' ><li class='ez-toc-page-1 ez-toc-heading-level-2'><a class=\"ez-toc-link ez-toc-heading-1\" href=\"https:\/\/vehicleregistrationscostadelsol.com\/fi\/brexit-uk-cars-and-residency\/#What_are_the_steps_to_register_a_UK_car_after_Brexit\" >Miten brittil\u00e4inen auto rekister\u00f6id\u00e4\u00e4n Brexitin j\u00e4lkeen?<\/a><\/li><li class='ez-toc-page-1 ez-toc-heading-level-2'><a class=\"ez-toc-link ez-toc-heading-2\" href=\"https:\/\/vehicleregistrationscostadelsol.com\/fi\/brexit-uk-cars-and-residency\/#What_information_is_used_to_calculate_the_cost_to_register_a_UK_car_in_Spain_after_Brexit\" >Mit\u00e4 tietoja k\u00e4ytet\u00e4\u00e4n laskettaessa kustannuksia, jotka aiheutuvat brittil\u00e4isen auton rekister\u00f6innist\u00e4 Espanjassa Brexitin j\u00e4lkeen?<\/a><\/li><li class='ez-toc-page-1 ez-toc-heading-level-2'><a class=\"ez-toc-link ez-toc-heading-3\" href=\"https:\/\/vehicleregistrationscostadelsol.com\/fi\/brexit-uk-cars-and-residency\/#All_UK_cars_will_need_a_DUA_import_certificate\" >Tarvitsevatko kaikki Yhdistyneen kuningaskunnan autot DUA (tuonti) -todistuksen?<\/a><ul class='ez-toc-list-level-3' ><li class='ez-toc-heading-level-3'><a class=\"ez-toc-link ez-toc-heading-4\" href=\"https:\/\/vehicleregistrationscostadelsol.com\/fi\/brexit-uk-cars-and-residency\/#Good_News_Proving_your_UK_vehicle_was_in_Spain_before_Brexit\" >Hyvi\u00e4 uutisia .. Todista, ett\u00e4 brittiautosi oli Espanjassa ennen Brexiti\u00e4<\/a><\/li><\/ul><\/li><li class='ez-toc-page-1 ez-toc-heading-level-2'><a class=\"ez-toc-link ez-toc-heading-5\" href=\"https:\/\/vehicleregistrationscostadelsol.com\/fi\/brexit-uk-cars-and-residency\/#Importing_a_UK_car_To_Spain\" >Yhdistyneen kuningaskunnan auton tuonti Espanjaan<\/a><\/li><li class='ez-toc-page-1 ez-toc-heading-level-2'><a class=\"ez-toc-link ez-toc-heading-6\" href=\"https:\/\/vehicleregistrationscostadelsol.com\/fi\/brexit-uk-cars-and-residency\/#Waiving_Import_Emissions_Taxes_on_UK_Cars_for_residency\" >Luopuminen tuonti- ja p\u00e4\u00e4st\u00f6veroista Yhdistyneen kuningaskunnan autoille oleskelulupaa varten<\/a><\/li><li class='ez-toc-page-1 ez-toc-heading-level-2'><a class=\"ez-toc-link ez-toc-heading-7\" href=\"https:\/\/vehicleregistrationscostadelsol.com\/fi\/brexit-uk-cars-and-residency\/#We_will_check_your_car_free_%E2%80%93_Pre_ITV_check\" >Tarkistamme autosi ilmaiseksi \u2013 Pre-ITV-tarkastus<\/a><ul class='ez-toc-list-level-3' ><li class='ez-toc-heading-level-3'><a class=\"ez-toc-link ez-toc-heading-8\" href=\"https:\/\/vehicleregistrationscostadelsol.com\/fi\/brexit-uk-cars-and-residency\/#Other_factors_to_take_into_consideration\" >Muita huomioitavia tekij\u00f6it\u00e4<\/a><ul class='ez-toc-list-level-4' ><li class='ez-toc-heading-level-4'><a class=\"ez-toc-link ez-toc-heading-9\" href=\"https:\/\/vehicleregistrationscostadelsol.com\/fi\/brexit-uk-cars-and-residency\/#Our_Solution_to_Importing_a_UK_car_to_Spain_after_Brexit\" >Ratkaisumme Yhdistyneen kuningaskunnan auton tuontiin Espanjaan Brexitin j\u00e4lkeen<\/a><\/li><\/ul><\/li><\/ul><\/li><\/ul><\/nav><\/div>\n\n\n\n\n<ul class=\"wp-block-list\">\n<li>Ajoneuvon rekister\u00f6inti osana uutta tai \u00e4skett\u00e4ist\u00e4 asuinpaikkaa Espanjassa.<\/li>\n\n\n\n<li>Ajoneuvon rekister\u00f6inti muualla kuin Espanjassa asuvaksi henkil\u00f6ksi<\/li>\n\n\n\n<li>Yhdistyneen kuningaskunnan ajoneuvon omistaminen Espanjassa ENNEN Brexiti\u00e4. Kullakin reitill\u00e4 on erilaiset kustannukset ja verot, jotka on laskettava Yhdistyneen kuningaskunnan auton tuonnissa Espanjaan Brexitin j\u00e4lkeen.<\/li>\n<\/ul>\n\n\n\n<p>Jos ajoneuvo ei ole sen henkil\u00f6n nimiss\u00e4, joka haluaa rekister\u00f6id\u00e4 ajoneuvon Espanjassa, tarvitaan voimassa oleva myyntilasku. <\/p>\n\n\n\n<h2 class=\"wp-block-heading\"><span class=\"ez-toc-section\" id=\"What_are_the_steps_to_register_a_UK_car_after_Brexit\"><\/span>Miten brittil\u00e4inen auto rekister\u00f6id\u00e4\u00e4n Brexitin j\u00e4lkeen?<span class=\"ez-toc-section-end\"><\/span><\/h2>\n\n\n\n<ul class=\"wp-block-list\">\n<li>Vaatimustenmukaisuustodistuksen saaminen (Ficha Reducia)<\/li>\n\n\n\n<li>ITV:n (teknisen tarkastuksen) pyyt\u00e4minen<\/li>\n\n\n\n<li>ITV-todistuksen saaminen, kun ajoneuvo on l\u00e4p\u00e4issyt katsastuksen.<\/li>\n\n\n\n<li>Tuontitodistuksen esitt\u00e4minen (Pohjois-Irlanti on vapautettu t\u00e4st\u00e4 velvoitteesta).<\/li>\n\n\n\n<li>Ajoneuvon lopullinen rekister\u00f6inti Espanjassa<\/li>\n\n\n\n<li>Tieliikenneveron maksaminen - IVTM<\/li>\n\n\n\n<li>P\u00e4\u00e4st\u00f6maksujen maksaminen (Modelo 576)<\/li>\n\n\n\n<li>Fyysisten espanjalaisten rekisterikilpien tilaaminen<\/li>\n\n\n\n<li>ECO-tarran tilaaminen<\/li>\n\n\n\n<li>DGT:n uusi espanjalainen paperi nimell\u00e4si - Permiso de Circulaci\u00f3n (kiertolupa)<\/li>\n<\/ul>\n\n\n\n<h2 class=\"wp-block-heading\"><span class=\"ez-toc-section\" id=\"What_information_is_used_to_calculate_the_cost_to_register_a_UK_car_in_Spain_after_Brexit\"><\/span>Mit\u00e4 tietoja k\u00e4ytet\u00e4\u00e4n laskettaessa kustannuksia, jotka aiheutuvat brittil\u00e4isen auton rekister\u00f6innist\u00e4 Espanjassa Brexitin j\u00e4lkeen? <span class=\"ez-toc-section-end\"><\/span><\/h2>\n\n\n\n<ul class=\"wp-block-list\">\n<li>Voimassa oleva V5C-asiakirja - Verojen laskemiseksi.<\/li>\n\n\n\n<li>Voimassa oleva vakuutus, katsastustarkastus ja tievero Yhdistyneess\u00e4 kuningaskunnassa.<\/li>\n\n\n\n<li>Ajoneuvon validointi, hiljattain asunut tai tulossa oleva asukas.<\/li>\n\n\n\n<li>Tuontitullien ja arvonlis\u00e4veron vahvistaminen ulkomailla asuvien osalta<\/li>\n\n\n\n<li>Todisteen vahvistaminen siit\u00e4, ett\u00e4 ajoneuvo oli t\u00e4\u00e4ll\u00e4 ennen Brexiti\u00e4.<\/li>\n\n\n\n<li>Ajoneuvon EU-vaatimustenmukaisuuden tarkistaminen<\/li>\n\n\n\n<li>Pakokaasun Co2-p\u00e4\u00e4st\u00f6t<\/li>\n\n\n\n<li>Ik\u00e4 ja ensimm\u00e4isen rekister\u00f6innin p\u00e4iv\u00e4m\u00e4\u00e4r\u00e4<\/li>\n\n\n\n<li>Henkil\u00f6llisyystodistus ja osoitetodistus<\/li>\n<\/ul>\n\n\n\n<h2 class=\"wp-block-heading\"><span class=\"ez-toc-section\" id=\"All_UK_cars_will_need_a_DUA_import_certificate\"><\/span>Tarvitsevatko kaikki Yhdistyneen kuningaskunnan autot DUA (tuonti) -todistuksen?<span class=\"ez-toc-section-end\"><\/span><\/h2>\n\n\n\n<p>On paljon sekaannuksia <strong>Iso-Britannian auton tuonti Espanjaan Brexitin j\u00e4lkeen<\/strong> t\u00e4ll\u00e4 hetkell\u00e4, tuleeko veroja, eik\u00f6 tule, ei tule, mit\u00e4 veroja tulee olemaan, jos tulee? Meill\u00e4 on nyt selvitys \u2018nykyisist\u00e4 s\u00e4\u00e4nn\u00f6ist\u00e4\u2019, mutta emme voi taata, etteiv\u00e4t ne muutu l\u00e4hitulevaisuudessa. <strong>Jos tuot t\u00e4ll\u00e4 hetkell\u00e4 Isossa-Britanniassa olevan auton, t\u00e4m\u00e4 on paljon helpompaa ja ota meihin yhteytt\u00e4<\/strong>.<\/p>\n\n\n\n<p>Tammikuussa 2021 ja harkinnan j\u00e4lkeen brittil\u00e4isist\u00e4 autoista pyydettiin enemm\u00e4n asiakirjoja kuin aiemmin ennen 31. joulukuuta 2020 (Brexit) Britanniaa pidet\u00e4\u00e4n nyt ulkomaisena \"kolmantena maana\" Espanjassa ja EU:ssa, ja sen seurauksena tapa, jolla brittil\u00e4iset autot rekister\u00f6id\u00e4\u00e4n espanjalaisiin kilviin, on muuttunut.<\/p>\n\n\n\n<p>On kuitenkin mahdollista luopua n\u00e4ist\u00e4 eritt\u00e4in korkeista veroista. Sinun on kuitenkin tarkistettava, oletko oikeutettu vapautukseen. Mahdollinen verovapautus Espanjassa riippuu seuraavista olosuhteista. <\/p>\n\n\n\n<ul class=\"wp-block-list\">\n<li>Olet muuttamassa tai muuttanut asuinpaikaksesi viimeisten 12 kuukauden aikana. <\/li>\n\n\n\n<li>Et ole muuttamassa asuinpaikaksesi ja haluat, ett\u00e4 brittil\u00e4inen autosi pysyy Espanjassa.<\/li>\n\n\n\n<li>Sinulla oli Espanjassa ennen brexiti\u00e4 ajoneuvo, joka ei ole poistunut Espanjasta. <\/li>\n<\/ul>\n\n\n\n<p>Tammikuussa 2021 DGT (Traffico) ilmoitti, ett\u00e4 tammikuun 1. p\u00e4iv\u00e4st\u00e4 alkaen kaikkien brittil\u00e4isten ajoneuvojen on toimitettava DUA-todistus (tuonti). T\u00e4m\u00e4 asiakirja on todiste siit\u00e4, ett\u00e4 ajoneuvo on kulkenut tullin l\u00e4pi. DGT vaatii nyt KAIKILTA brittil\u00e4isilt\u00e4 ajoneuvoilta tuontitullitodistusta, vaikka olisitkin luopunut n\u00e4ist\u00e4 veroista asuinpaikan vuoksi tai PRE Brexit -todisteen ajoneuvosta Espanjassa. N\u00e4in ei kuitenkaan ole, jos ajoneuvo on rekister\u00f6ity Pohjois-Irlannissa, joka nauttii edelleen verovapaudesta ja EU:n kauppap\u00f6yt\u00e4kirjasta. <\/p>\n\n\n\n<h3 class=\"wp-block-heading\"><span class=\"ez-toc-section\" id=\"Good_News_Proving_your_UK_vehicle_was_in_Spain_before_Brexit\"><\/span>Hyvi\u00e4 uutisia .. Todista, ett\u00e4 brittiautosi oli Espanjassa ennen Brexiti\u00e4<span class=\"ez-toc-section-end\"><\/span><\/h3>\n\n\n\n<p>Edistyst\u00e4 ja hyv\u00e4 uutinen on, ett\u00e4 Andalusiassa, jos voimme todistaa, ett\u00e4 auto oli maassa ennen 31. joulukuuta <strong>me<\/strong> <strong>voi toistaiseksi k\u00e4sitell\u00e4 ylioppilastutkinnon espanjalaisille levyille ilman DUA:ta (tuontitulliasiakirja)<\/strong>. T\u00e4m\u00e4 ei voi olla kuva autosta kiinteist\u00f6si ulkopuolella jne, tarvitsemme vankan todisteen. Kuvittele, ett\u00e4 olet DGT:n agentti ja h\u00e4n allekirjoittaa espanjalaisen ylioppilastutkinnon.<\/p>\n\n\n\n<p><strong>Todisteen tulee olla 31.12.2020 edelt\u00e4v\u00e4ss\u00e4 muodossa <\/strong><\/p>\n\n\n\n<ul class=\"wp-block-list\">\n<li>Vihre\u00e4t (v\u00e4liaikaiset lautaset) levyt <\/li>\n\n\n\n<li>ITV-testi<\/li>\n\n\n\n<li>Liikennemaksut<\/li>\n\n\n\n<li>Matkustusasiakirjat, mukaan lukien lautta tai Eurotunnel<\/li>\n\n\n\n<li>Huolto- tai mekaniikkalaskut ja faktat <\/li>\n\n\n\n<li>Kaikki mit\u00e4 sinulla on, mik\u00e4 todistaa, ett\u00e4 ajoneuvo oli t\u00e4\u00e4ll\u00e4 ennen 31.12.2020<\/li>\n<\/ul>\n\n\n\n<p>Emme voi taata p\u00e4\u00e4t\u00f6st\u00e4, ett\u00e4 todisteet on tehty. P\u00e4\u00e4t\u00f6s kuuluu DGT:lle. <\/p>\n\n\n\n<h2 class=\"wp-block-heading\"><span class=\"ez-toc-section\" id=\"Importing_a_UK_car_To_Spain\"><\/span>Yhdistyneen kuningaskunnan auton tuonti Espanjaan<span class=\"ez-toc-section-end\"><\/span><\/h2>\n\n\n\n<p>Varmista ennen toimitusta, ett\u00e4 maahantuojallasi on oikea DUA-todistus. He voivat j\u00e4rjest\u00e4\u00e4 t\u00e4m\u00e4n puolestasi. Jos ei, ajoneuvoa voidaan verottaa saapumispaikassa Espanjaan (311 TP2T ajoneuvon kirjahinnasta). Maahantuoja voi ja sen tulisi v\u00e4ltt\u00e4\u00e4 t\u00e4t\u00e4. Jos tarvitset tarjouksen autosi tuomisesta Espanjaan, ota meihin yhteytt\u00e4. <\/p>\n\n\n\n<p>Voimme auttaa <strong>Iso-Britannian auton tuonti Espanjaan<\/strong> ja voimme my\u00f6s varmistaa sen mahdollisuuden <strong>luopua autojen tuontiveroista<\/strong> residenssihakemuksia varten. <\/p>\n\n\n\n<h2 class=\"wp-block-heading\"><span class=\"ez-toc-section\" id=\"Waiving_Import_Emissions_Taxes_on_UK_Cars_for_residency\"><\/span>Luopuminen tuonti- ja p\u00e4\u00e4st\u00f6veroista Yhdistyneen kuningaskunnan autoille oleskelulupaa varten<span class=\"ez-toc-section-end\"><\/span><\/h2>\n\n\n\n<p>Jos olet tuomassa maahan Iso-Britanniaan kuuluvaa autoa Espanjaan ja olet hakemassa tai juuri hakemassa oleskelulupaa, useimmissa tapauksissa sek\u00e4 tuonti- ett\u00e4 p\u00e4\u00e4st\u00f6veroista voidaan luopua. T\u00e4m\u00e4 korostetaan kohdassa a <a aria-label=\"ILMAINEN tarjous (avautuu uuteen v\u00e4lilehteen)\" class=\"rank-math-link\" href=\"https:\/\/vehicleregistrationscostadelsol.com\/fi\/ottaa-yhteytta\/\" target=\"_blank\" rel=\"noreferrer noopener\">ILMAINEN lainaus<\/a> voimme antaa sinulle. Kaikkia muita tavanomaisia veroja ja kiinteit\u00e4 kuluja, kuten Espanjan tieliikenneveroa, ITV-testi\u00e4, DGT:t\u00e4 jne. sovelletaan normaalisti. Periaatteessa t\u00e4m\u00e4 tarkoittaa, ett\u00e4 DUA-todistusta lukuun ottamatta kaikki on kuten ennen Brexitin voimaantuloa Yhdistyneen kuningaskunnan autoja ja asuinpaikkaa. <strong>Tarjoamme residenssihakemuksia osana palveluamme, jos tarvitset sit\u00e4.<\/strong> <\/p>\n\n\n\n<p>Veroista luopumiseksi tarvitsemme todisteet seuraavista:<\/p>\n\n\n\n<ul class=\"wp-block-list\">\n<li>Asuinpaikka viimeisen 6 kuukauden aikana \u2013 Luopuu tuontiveroista<\/li>\n\n\n\n<li>Asuinpaikka viimeisten 60 p\u00e4iv\u00e4n aikana \u2013 Luopuu p\u00e4\u00e4st\u00f6veroista<\/li>\n\n\n\n<li>Sinun on oltava ajan tasalla Padronin ja Brexitin verovapautuksia koskevien paperit\u00f6iden kanssa.<\/li>\n\n\n\n<li>Todiste siit\u00e4, ett\u00e4 sinulla on osoite Yhdistyneess\u00e4 kuningaskunnassa ennen Espanjassa asumista. <\/li>\n<\/ul>\n\n\n\n<h2 class=\"wp-block-heading\"><span class=\"ez-toc-section\" id=\"We_will_check_your_car_free_%E2%80%93_Pre_ITV_check\"><\/span>Tarkistamme autosi ilmaiseksi \u2013 Pre-ITV-tarkastus<span class=\"ez-toc-section-end\"><\/span><\/h2>\n\n\n\n<p>Aja autosi meille Riviera Del Soliin etuk\u00e4teen sovittaessa, tarkistamme autosi mahdollisten ITV-testien ep\u00e4onnistumisen varalta. Ajovalot, renkaat jne. T\u00e4m\u00e4 on ainutlaatuinen palvelu tarjoamme ja teemme noin 15 tarkistusta. ITV:t\u00e4 edelt\u00e4v\u00e4 tarkastus. Muista tuoda kaikki paperit mukaasi, jotta voimme skannata paperit, jos p\u00e4\u00e4t\u00e4t, ett\u00e4 tarvitset autosi espanjalaiseen rekisteriin. <\/p>\n\n\n\n<h3 class=\"wp-block-heading\"><span class=\"ez-toc-section\" id=\"Other_factors_to_take_into_consideration\"><\/span>Muita huomioitavia tekij\u00f6it\u00e4<span class=\"ez-toc-section-end\"><\/span><\/h3>\n\n\n\n<p>On monia muita tekij\u00f6it\u00e4, jotka on otettava huomioon. Onko ajovalot sovitettu? Tarvitseeko ne linjausta, onko autossa Ficha Technica, onko autossasi muita ITV-vikoja? Kaikki t\u00e4m\u00e4 vaatii k\u00e4sittely\u00e4. <br><\/p>\n\n\n\n<h4 class=\"wp-block-heading\"><span class=\"ez-toc-section\" id=\"Our_Solution_to_Importing_a_UK_car_to_Spain_after_Brexit\"><\/span>Ratkaisumme Yhdistyneen kuningaskunnan auton tuontiin Espanjaan Brexitin j\u00e4lkeen<span class=\"ez-toc-section-end\"><\/span><\/h4>\n\n\n\n<ul class=\"wp-block-list\">\n<li>Veroista luopuminen asumiseen sitoutumisesta (aikarajoitus)<\/li>\n\n\n\n<li>Todistetaan, ett\u00e4 auto on EU-vaatimustenmukainen, ja todiste, ett\u00e4 auto oli Espanjassa ennen Brexiti\u00e4 (ei koske, jos tuodaan nyt)<\/li>\n\n\n\n<li>Iso-Britannian auton tuonti Espanjaan<\/li>\n\n\n\n<li>Yhdistyneen kuningaskunnan autojen tuontiverot<\/li>\n\n\n\n<li>Sill\u00e4 v\u00e4lin ilmaiset tarjoukset, mukaan lukien DUA<\/li>\n\n\n\n<li>Osallistu henkil\u00f6kohtaisesti DUA:han (lis\u00e4maksu) <\/li>\n\n\n\n<li><strong>Ajoneuvosi ILMAINEN tarkastus n\u00e4hd\u00e4ksesi, mit\u00e4 lis\u00e4kustannuksia Iso-Britannia-autosi saattaa tarvita<\/strong><\/li>\n\n\n\n<li>Teemme ITV:n edellytt\u00e4m\u00e4n Ficha Technican (voimme tulla luoksesi, jos maantieteellisesti j\u00e4rkev\u00e4\u00e4)<\/li>\n\n\n\n<li>Residenssipaketit, jotka liittyv\u00e4t auton tuontiin Espanjaan<\/li>\n\n\n\n<li>Ajovalojen uudelleensuuntaus tai uudet ajovalot<\/li>\n\n\n\n<li>ITV-testivaraus ja me teemme sen puolestasi<\/li>\n\n\n\n<li>Kaikki verot k\u00e4sitelty<\/li>\n\n\n\n<li>Tievero k\u00e4sitelty<\/li>\n\n\n\n<li>Kilvet ja paperit toimitettu meille ja asennamme kilvet autoon puolestasi<\/li>\n\n\n\n<li>Mekaniikka, joka auttaa ennen\/j\u00e4lkeen ITV:n<\/li>\n\n\n\n<li>ILMAINEN uusintatesti, jos auto ep\u00e4onnistuu<\/li>\n\n\n\n<li>Paljon enemm\u00e4n\u2026\u2026. <\/li>\n<\/ul>\n\n\n\n<p>Voit vapaasti <a href=\"https:\/\/vehicleregistrationscostadelsol.com\/fi\/ottaa-yhteytta\/\" data-type=\"URL\" data-id=\"https:\/\/vehicleregistrationscostadelsol.com\/contact\/\">ota meihin yhteytt\u00e4<\/a> saadaksesi lis\u00e4tietoja. <\/p>\n\n\n<p><a href=\"https:\/\/wa.me\/+34696337629?text=Please%20send%20me%20a%20free%20quote\" target=\"_blank\" rel=\"noopener\">&nbsp;<\/a><\/p>\n\n\n<p><\/p>","protected":false},"excerpt":{"rendered":"<p>Registering a UK vehicle in Spain involves several steps including customs clearance. First the eligibility needs to be checked &#8211; UK cars coming to Spain after Brexit have three routes. A valid Sales invoice is necessary if the vehicle is not in the name of the person wishing to register the vehicle in Spain. What [&hellip;]<\/p>\n","protected":false},"author":1,"featured_media":2566,"parent":0,"menu_order":0,"comment_status":"closed","ping_status":"closed","template":"","meta":{"site-sidebar-layout":"default","site-content-layout":"default","ast-site-content-layout":"default","site-content-style":"default","site-sidebar-style":"default","ast-global-header-display":"","ast-banner-title-visibility":"","ast-main-header-display":"","ast-hfb-above-header-display":"","ast-hfb-below-header-display":"","ast-hfb-mobile-header-display":"","site-post-title":"","ast-breadcrumbs-content":"","ast-featured-img":"","footer-sml-layout":"","ast-disable-related-posts":"","theme-transparent-header-meta":"default","adv-header-id-meta":"","stick-header-meta":"","header-above-stick-meta":"","header-main-stick-meta":"","header-below-stick-meta":"","astra-migrate-meta-layouts":"set","ast-page-background-enabled":"default","ast-page-background-meta":{"desktop":{"background-color":"","background-image":"","background-repeat":"repeat","background-position":"center center","background-size":"auto","background-attachment":"scroll","background-type":"","background-media":"","overlay-type":"","overlay-color":"","overlay-opacity":"","overlay-gradient":""},"tablet":{"background-color":"","background-image":"","background-repeat":"repeat","background-position":"center center","background-size":"auto","background-attachment":"scroll","background-type":"","background-media":"","overlay-type":"","overlay-color":"","overlay-opacity":"","overlay-gradient":""},"mobile":{"background-color":"","background-image":"","background-repeat":"repeat","background-position":"center center","background-size":"auto","background-attachment":"scroll","background-type":"","background-media":"","overlay-type":"","overlay-color":"","overlay-opacity":"","overlay-gradient":""}},"ast-content-background-meta":{"desktop":{"background-color":"var(--ast-global-color-5)","background-image":"","background-repeat":"repeat","background-position":"center center","background-size":"auto","background-attachment":"scroll","background-type":"","background-media":"","overlay-type":"","overlay-color":"","overlay-opacity":"","overlay-gradient":""},"tablet":{"background-color":"var(--ast-global-color-5)","background-image":"","background-repeat":"repeat","background-position":"center center","background-size":"auto","background-attachment":"scroll","background-type":"","background-media":"","overlay-type":"","overlay-color":"","overlay-opacity":"","overlay-gradient":""},"mobile":{"background-color":"var(--ast-global-color-5)","background-image":"","background-repeat":"repeat","background-position":"center center","background-size":"auto","background-attachment":"scroll","background-type":"","background-media":"","overlay-type":"","overlay-color":"","overlay-opacity":"","overlay-gradient":""}},"footnotes":""},"class_list":["post-1999","page","type-page","status-publish","has-post-thumbnail","hentry"],"_links":{"self":[{"href":"https:\/\/vehicleregistrationscostadelsol.com\/fi\/wp-json\/wp\/v2\/pages\/1999","targetHints":{"allow":["GET"]}}],"collection":[{"href":"https:\/\/vehicleregistrationscostadelsol.com\/fi\/wp-json\/wp\/v2\/pages"}],"about":[{"href":"https:\/\/vehicleregistrationscostadelsol.com\/fi\/wp-json\/wp\/v2\/types\/page"}],"author":[{"embeddable":true,"href":"https:\/\/vehicleregistrationscostadelsol.com\/fi\/wp-json\/wp\/v2\/users\/1"}],"replies":[{"embeddable":true,"href":"https:\/\/vehicleregistrationscostadelsol.com\/fi\/wp-json\/wp\/v2\/comments?post=1999"}],"version-history":[{"count":2,"href":"https:\/\/vehicleregistrationscostadelsol.com\/fi\/wp-json\/wp\/v2\/pages\/1999\/revisions"}],"predecessor-version":[{"id":3433,"href":"https:\/\/vehicleregistrationscostadelsol.com\/fi\/wp-json\/wp\/v2\/pages\/1999\/revisions\/3433"}],"wp:featuredmedia":[{"embeddable":true,"href":"https:\/\/vehicleregistrationscostadelsol.com\/fi\/wp-json\/wp\/v2\/media\/2566"}],"wp:attachment":[{"href":"https:\/\/vehicleregistrationscostadelsol.com\/fi\/wp-json\/wp\/v2\/media?parent=1999"}],"curies":[{"name":"wp","href":"https:\/\/api.w.org\/{rel}","templated":true}]}}