{"id":2475,"date":"2022-04-15T16:08:20","date_gmt":"2022-04-15T14:08:20","guid":{"rendered":"https:\/\/vehicleregistrationscostadelsol.com\/?page_id=2475"},"modified":"2025-02-05T00:08:36","modified_gmt":"2025-02-04T23:08:36","slug":"moottoripyoran-rekisterointi-espanjassa","status":"publish","type":"page","link":"https:\/\/vehicleregistrationscostadelsol.com\/fi\/registering-a-motorbike-in-spain\/","title":{"rendered":"Moottoripy\u00f6r\u00e4n rekister\u00f6inti Espanjassa"},"content":{"rendered":"<p>Moottoripy\u00f6r\u00e4n rekister\u00f6inti Espanjassa on melko helppoa. Jos moottoripy\u00f6r\u00e4 on EU, eritt\u00e4in suoraviivaista. Isosta-Britanniasta meid\u00e4n on tarkasteltava, voimmeko luopua veroista Brexitin j\u00e4lkeen. Ajoneuvojen rekister\u00f6inniss\u00e4 Costa Del Solissa emme vain tee autoja, vaan meill\u00e4 on my\u00f6s paljon kokemusta moottoripy\u00f6rist\u00e4. Hoidamme kaikki prosessit puolestasi. Jotta voimme antaa sinulle ilmaisen tarjouksen, tarvitsemme tietoja moottoripy\u00f6r\u00e4st\u00e4. <\/p><div id=\"ez-toc-container\" class=\"ez-toc-v2_0_82_2 counter-hierarchy ez-toc-counter ez-toc-grey ez-toc-container-direction\">\n<div class=\"ez-toc-title-container\">\n<p class=\"ez-toc-title\" style=\"cursor:inherit\">Sis\u00e4llysluettelo<\/p>\n<span class=\"ez-toc-title-toggle\"><a href=\"#\" class=\"ez-toc-pull-right ez-toc-btn ez-toc-btn-xs ez-toc-btn-default ez-toc-toggle\" aria-label=\"Sis\u00e4llysluettelon vaihtaminen\"><span class=\"ez-toc-js-icon-con\"><span class=\"\"><span class=\"eztoc-hide\" style=\"display:none;\">Toggle<\/span><span class=\"ez-toc-icon-toggle-span\"><svg style=\"fill: #999;color:#999\" xmlns=\"http:\/\/www.w3.org\/2000\/svg\" class=\"list-377408\" width=\"20px\" height=\"20px\" viewbox=\"0 0 24 24\" fill=\"none\"><path d=\"M6 6H4v2h2V6zm14 0H8v2h12V6zM4 11h2v2H4v-2zm16 0H8v2h12v-2zM4 16h2v2H4v-2zm16 0H8v2h12v-2z\" fill=\"currentColor\"><\/path><\/svg><svg style=\"fill: #999;color:#999\" class=\"arrow-unsorted-368013\" xmlns=\"http:\/\/www.w3.org\/2000\/svg\" width=\"10px\" height=\"10px\" viewbox=\"0 0 24 24\" version=\"1.2\" baseprofile=\"tiny\"><path d=\"M18.2 9.3l-6.2-6.3-6.2 6.3c-.2.2-.3.4-.3.7s.1.5.3.7c.2.2.4.3.7.3h11c.3 0 .5-.1.7-.3.2-.2.3-.5.3-.7s-.1-.5-.3-.7zM5.8 14.7l6.2 6.3 6.2-6.3c.2-.2.3-.5.3-.7s-.1-.5-.3-.7c-.2-.2-.4-.3-.7-.3h-11c-.3 0-.5.1-.7.3-.2.2-.3.5-.3.7s.1.5.3.7z\"\/><\/svg><\/span><\/span><\/span><\/a><\/span><\/div>\n<nav><ul class='ez-toc-list ez-toc-list-level-1' ><li class='ez-toc-page-1 ez-toc-heading-level-3'><a class=\"ez-toc-link ez-toc-heading-1\" href=\"https:\/\/vehicleregistrationscostadelsol.com\/fi\/registering-a-motorbike-in-spain\/#What_is_the_process_to_registering_a_motorbike_in_Spain\" >Mik\u00e4 on prosessi moottoripy\u00f6r\u00e4n rekister\u00f6imiseksi Espanjassa?<\/a><ul class='ez-toc-list-level-4' ><li class='ez-toc-heading-level-4'><a class=\"ez-toc-link ez-toc-heading-2\" href=\"https:\/\/vehicleregistrationscostadelsol.com\/fi\/registering-a-motorbike-in-spain\/#Can_you_modify_a_motorbike_in_Spain\" >Voitko muokata moottoripy\u00f6r\u00e4\u00e4 Espanjassa?<\/a><\/li><li class='ez-toc-page-1 ez-toc-heading-level-4'><a class=\"ez-toc-link ez-toc-heading-3\" href=\"https:\/\/vehicleregistrationscostadelsol.com\/fi\/registering-a-motorbike-in-spain\/#Importing_a_motorcycle_into_Spain\" >Moottoripy\u00f6r\u00e4n tuonti Espanjaan<\/a><ul class='ez-toc-list-level-5' ><li class='ez-toc-heading-level-5'><a class=\"ez-toc-link ez-toc-heading-4\" href=\"https:\/\/vehicleregistrationscostadelsol.com\/fi\/registering-a-motorbike-in-spain\/#Where_is_the_motorcycle_test_done_in_Spain\" >Miss\u00e4 moottoripy\u00f6r\u00e4testi tehd\u00e4\u00e4n Espanjassa?<\/a><\/li><\/ul><\/li><\/ul><\/li><\/ul><\/nav><\/div>\n\n\n\n\n<p>Moottoripy\u00f6r\u00e4n rekister\u00f6imiseksi Espanjassa tarvitset:<\/p>\n\n\n\n<ul class=\"wp-block-list\">\n<li>Ajoneuvon rekister\u00f6intiasiakirjat<\/li>\n\n\n\n<li>Vaatimustenmukaisuustodistus (voimme toimittaa t\u00e4m\u00e4n)<\/li>\n\n\n\n<li>NIE tai TIE kortti<\/li>\n\n\n\n<li>Todiste osoitteesta<\/li>\n<\/ul>\n\n\n\n<p>Jos moottoripy\u00f6r\u00e4\u00e4si on muutettu jollakin tavalla, ITV tarvitsee tietyt tiedot ennen tarkastusta. Periaatteessa py\u00f6r\u00e4n on oltava tehtaan standardin mukainen. Ota meihin yhteytt\u00e4, jos olet muuttanut py\u00f6r\u00e4\u00e4si. Alle 250cc moottoripy\u00f6r\u00e4t eiv\u00e4t maksa erityisi\u00e4 rekister\u00f6intiveroja tai hiilidioksidiveroja.<\/p>\n\n\n\n<h3 class=\"wp-block-heading\"><span class=\"ez-toc-section\" id=\"What_is_the_process_to_registering_a_motorbike_in_Spain\"><\/span>Mik\u00e4 on prosessi moottoripy\u00f6r\u00e4n rekister\u00f6imiseksi Espanjassa?<span class=\"ez-toc-section-end\"><\/span><\/h3>\n\n\n\n<p>Katso yll\u00e4, tarvitsemme py\u00f6r\u00e4\u00e4 koskevia tietoja ja siihen liittyvi\u00e4 tietoja. voimme sitten tehd\u00e4 sinulle ilmaisen tarjouksen. Supernopeita tarjouksia varten ota rohkeasti yhteytt\u00e4 <a href=\"https:\/\/www.cognitoforms.com\/VehicleRegistrations\/MotorbikeQuote?v2\" data-type=\"URL\" data-id=\"https:\/\/www.cognitoforms.com\/VehicleRegistrations\/MotorbikeQuote?v2\" target=\"_blank\" rel=\"noreferrer noopener\">t\u00e4yt\u00e4 t\u00e4m\u00e4 pikalomake<\/a>. Saat s\u00e4hk\u00f6postin, jossa voit l\u00e4hett\u00e4\u00e4 meille tarvitsemamme asiakirjat. On eritt\u00e4in t\u00e4rke\u00e4\u00e4, ett\u00e4 n\u00e4emme asiakirjat, jotta voimme saada ajoneuvoa koskevat tekniset tiedot ja kaikki t\u00e4rke\u00e4 osa K, joka osoittaa, onko ajoneuvo Euroopan vaatimustenmukainen vai nyt. <\/p>\n\n\n\n<h4 class=\"wp-block-heading\"><span class=\"ez-toc-section\" id=\"Can_you_modify_a_motorbike_in_Spain\"><\/span>Voitko muokata moottoripy\u00f6r\u00e4\u00e4 Espanjassa?<span class=\"ez-toc-section-end\"><\/span><\/h4>\n\n\n\n<p>P\u00e4hkin\u00e4nkuoressa, ei. ITV noudattaa eritt\u00e4in tiukkoja muutoksia moottoripy\u00f6r\u00e4n rekister\u00f6intiin Espanjassa. Melkein kaikkea, mik\u00e4 ei ole vakiona moottoripy\u00f6r\u00e4ss\u00e4, ei katsota pystyv\u00e4n ohittamaan ITV:t\u00e4. Muutokset eiv\u00e4t yksinkertaisesti ole asia Espanjassa. Jos ajoneuvolla on vaatimustenmukaisuustodistus, he tarkastavat moottoripy\u00f6r\u00e4n tehdasstandardin mukaisesti ja kaikki muutokset eiv\u00e4t toimi ITV:ss\u00e4. Espanjassa on tapa rekister\u00f6id\u00e4 muutokset, mutta prosessi on eritt\u00e4in vaikea. Ota yhteytt\u00e4, jos moottoripy\u00f6r\u00e4si on jotenkin erilainen kuin tehtaalta tullessaan. Kuten vastaaville osille, ei tietenk\u00e4\u00e4n ole ongelma. Ett\u00e4 <a href=\"https:\/\/www.fuelexhausts.com\/\" data-type=\"URL\" data-id=\"https:\/\/www.fuelexhausts.com\/\" target=\"_blank\" rel=\"noreferrer noopener\">paksu pakokaasu<\/a>se voi vain aiheuttaa ongelmia. <\/p>\n\n\n\n<p>Py\u00f6r\u00e4n on oltava vaatimustenmukaisuustodistuksen mukainen. Jos py\u00f6r\u00e4ss\u00e4si ei ole sellaista, voimme auttaa tarjoamaan sinulle sellaisen. Iso-Britannian moottoripy\u00f6riss\u00e4 saatat joutua vaihtamaan my\u00f6s ajovalot. <\/p>\n\n\n\n<h4 class=\"wp-block-heading\"><span class=\"ez-toc-section\" id=\"Importing_a_motorcycle_into_Spain\"><\/span>Moottoripy\u00f6r\u00e4n tuonti Espanjaan<span class=\"ez-toc-section-end\"><\/span><\/h4>\n\n\n\n<p>Autamme sinua moottoripy\u00f6r\u00e4n maahantuonnissa Espanjaan. Meill\u00e4 on oma tuontiagenttimme k\u00e4sittelem\u00e4\u00e4n DUA-asiakirjaa, joka on paperity\u00f6 moottoripy\u00f6r\u00e4si laillisessa tuonnissa Espanjaan. Ehk\u00e4 muutat Espanjaan pysyv\u00e4sti ja otat <a href=\"https:\/\/equitas-property.com\/en_gb\/non-lucrative-visa-spain\/\" data-type=\"URL\" data-id=\"https:\/\/equitas-property.com\/en_gb\/non-lucrative-visa-spain\/\" target=\"_blank\" rel=\"noreferrer noopener\">residenssi<\/a> Espanjassa. Jos n\u00e4in on, voit mahdollisesti kirjoittaa kaikista tuontitulleista ja IVA-maksuista (IVA on ALV 21%:ss\u00e4). Ota meihin yhteytt\u00e4 saadaksesi lis\u00e4tietoja. Jos moottoripy\u00f6r\u00e4si on EU-ajoneuvo, sinun ei tarvitse huolehtia tuontitullista tai IVA:sta. <\/p>\n\n\n\n<h5 class=\"wp-block-heading\"><span class=\"ez-toc-section\" id=\"Where_is_the_motorcycle_test_done_in_Spain\"><\/span>Miss\u00e4 moottoripy\u00f6r\u00e4testi tehd\u00e4\u00e4n Espanjassa?<span class=\"ez-toc-section-end\"><\/span><\/h5>\n\n\n\n<p>Moottoripy\u00f6r\u00e4n koe suoritetaan ITV-keskuksessa. T\u00e4ydelliseen ylioppilaamiseen tarvitaan oikeat paperit ensinn\u00e4kin ITV:n varaamiseksi ja toiseksi kaikki oikeat paperit moottoripy\u00f6r\u00e4n tuontia varten Espanjaan. Tarjoamme t\u00e4m\u00e4n ja osallistumme ITV:hen kanssasi, hoidamme kaikki paperity\u00f6t ennen ja j\u00e4lkeen ITV:n. Ajoneuvo kutsutaan moottoripy\u00f6r\u00e4kaistalle testi\u00e4 varten. ITV:n paperity\u00f6n j\u00e4lkeen on j\u00e4rjestett\u00e4v\u00e4 lopullinen ilmoittautuminen mukaan lukien<\/p>\n\n\n\n<ul class=\"wp-block-list\">\n<li>P\u00e4\u00e4st\u00f6maksujen maksaminen (jos sellaisia on)<\/li>\n\n\n\n<li>Tie tulli<\/li>\n\n\n\n<li>Lopullinen rekister\u00f6inti DGT:ss\u00e4<\/li>\n\n\n\n<li>Rekisterikilpien tilaaminen<\/li>\n\n\n\n<li>Veroviraston kanssa asiointi<\/li>\n<\/ul>\n\n\n\n<p><\/p>","protected":false},"excerpt":{"rendered":"<p>Registering a motorbike in Spain is pretty straight forward. If the Motorbike is EU very straight forward. From the UK we need to take a look at if we can waive taxes after Brexit. At vehicle registrations Costa Del Sol we not only do cars but we also have much experience with motorbikes. We deal [&hellip;]<\/p>\n","protected":false},"author":1,"featured_media":2562,"parent":0,"menu_order":0,"comment_status":"closed","ping_status":"closed","template":"","meta":{"site-sidebar-layout":"default","site-content-layout":"","ast-site-content-layout":"default","site-content-style":"default","site-sidebar-style":"default","ast-global-header-display":"","ast-banner-title-visibility":"","ast-main-header-display":"","ast-hfb-above-header-display":"","ast-hfb-below-header-display":"","ast-hfb-mobile-header-display":"","site-post-title":"","ast-breadcrumbs-content":"","ast-featured-img":"","footer-sml-layout":"","ast-disable-related-posts":"","theme-transparent-header-meta":"","adv-header-id-meta":"","stick-header-meta":"","header-above-stick-meta":"","header-main-stick-meta":"","header-below-stick-meta":"","astra-migrate-meta-layouts":"set","ast-page-background-enabled":"default","ast-page-background-meta":{"desktop":{"background-color":"","background-image":"","background-repeat":"repeat","background-position":"center center","background-size":"auto","background-attachment":"scroll","background-type":"","background-media":"","overlay-type":"","overlay-color":"","overlay-gradient":""},"tablet":{"background-color":"","background-image":"","background-repeat":"repeat","background-position":"center center","background-size":"auto","background-attachment":"scroll","background-type":"","background-media":"","overlay-type":"","overlay-color":"","overlay-gradient":""},"mobile":{"background-color":"","background-image":"","background-repeat":"repeat","background-position":"center center","background-size":"auto","background-attachment":"scroll","background-type":"","background-media":"","overlay-type":"","overlay-color":"","overlay-gradient":""}},"ast-content-background-meta":{"desktop":{"background-color":"var(--ast-global-color-5)","background-image":"","background-repeat":"repeat","background-position":"center center","background-size":"auto","background-attachment":"scroll","background-type":"","background-media":"","overlay-type":"","overlay-color":"","overlay-gradient":""},"tablet":{"background-color":"var(--ast-global-color-5)","background-image":"","background-repeat":"repeat","background-position":"center center","background-size":"auto","background-attachment":"scroll","background-type":"","background-media":"","overlay-type":"","overlay-color":"","overlay-gradient":""},"mobile":{"background-color":"var(--ast-global-color-5)","background-image":"","background-repeat":"repeat","background-position":"center center","background-size":"auto","background-attachment":"scroll","background-type":"","background-media":"","overlay-type":"","overlay-color":"","overlay-gradient":""}},"footnotes":""},"class_list":["post-2475","page","type-page","status-publish","has-post-thumbnail","hentry"],"_links":{"self":[{"href":"https:\/\/vehicleregistrationscostadelsol.com\/fi\/wp-json\/wp\/v2\/pages\/2475","targetHints":{"allow":["GET"]}}],"collection":[{"href":"https:\/\/vehicleregistrationscostadelsol.com\/fi\/wp-json\/wp\/v2\/pages"}],"about":[{"href":"https:\/\/vehicleregistrationscostadelsol.com\/fi\/wp-json\/wp\/v2\/types\/page"}],"author":[{"embeddable":true,"href":"https:\/\/vehicleregistrationscostadelsol.com\/fi\/wp-json\/wp\/v2\/users\/1"}],"replies":[{"embeddable":true,"href":"https:\/\/vehicleregistrationscostadelsol.com\/fi\/wp-json\/wp\/v2\/comments?post=2475"}],"version-history":[{"count":0,"href":"https:\/\/vehicleregistrationscostadelsol.com\/fi\/wp-json\/wp\/v2\/pages\/2475\/revisions"}],"wp:featuredmedia":[{"embeddable":true,"href":"https:\/\/vehicleregistrationscostadelsol.com\/fi\/wp-json\/wp\/v2\/media\/2562"}],"wp:attachment":[{"href":"https:\/\/vehicleregistrationscostadelsol.com\/fi\/wp-json\/wp\/v2\/media?parent=2475"}],"curies":[{"name":"wp","href":"https:\/\/api.w.org\/{rel}","templated":true}]}}