{"id":2686,"date":"2022-11-14T14:31:28","date_gmt":"2022-11-14T13:31:28","guid":{"rendered":"https:\/\/vehicleregistrationscostadelsol.com\/?page_id=2686"},"modified":"2025-07-05T15:01:51","modified_gmt":"2025-07-05T13:01:51","slug":"rekisteroida-eu-tai-uk-ajoneuvo-alicantessa","status":"publish","type":"page","link":"https:\/\/vehicleregistrationscostadelsol.com\/fi\/register-a-eu-or-uk-vehicle-in-alicante\/","title":{"rendered":"Rekister\u00f6i EU- tai UK-ajoneuvo Alicantessa"},"content":{"rendered":"<p><a href=\"https:\/\/vehicleregistrationscostadelsol.com\/fi\/kategoria\/alicante\/\">Alicante<\/a>&nbsp;\/ Tekij\u00e4:&nbsp;<a href=\"https:\/\/vehicleregistrationscostadelsol.com\/fi\/kirjoittaja\/jarjestelmanvalvoja\/\">j\u00e4rjestelm\u00e4nvalvoja<\/a><\/p><div id=\"ez-toc-container\" class=\"ez-toc-v2_0_82_2 counter-hierarchy ez-toc-counter ez-toc-grey ez-toc-container-direction\">\n<div class=\"ez-toc-title-container\">\n<p class=\"ez-toc-title\" style=\"cursor:inherit\">Sis\u00e4llysluettelo<\/p>\n<span class=\"ez-toc-title-toggle\"><a href=\"#\" class=\"ez-toc-pull-right ez-toc-btn ez-toc-btn-xs ez-toc-btn-default ez-toc-toggle\" aria-label=\"Sis\u00e4llysluettelon vaihtaminen\"><span class=\"ez-toc-js-icon-con\"><span class=\"\"><span class=\"eztoc-hide\" style=\"display:none;\">Toggle<\/span><span class=\"ez-toc-icon-toggle-span\"><svg style=\"fill: #999;color:#999\" xmlns=\"http:\/\/www.w3.org\/2000\/svg\" class=\"list-377408\" width=\"20px\" height=\"20px\" viewbox=\"0 0 24 24\" fill=\"none\"><path d=\"M6 6H4v2h2V6zm14 0H8v2h12V6zM4 11h2v2H4v-2zm16 0H8v2h12v-2zM4 16h2v2H4v-2zm16 0H8v2h12v-2z\" fill=\"currentColor\"><\/path><\/svg><svg style=\"fill: #999;color:#999\" class=\"arrow-unsorted-368013\" xmlns=\"http:\/\/www.w3.org\/2000\/svg\" width=\"10px\" height=\"10px\" viewbox=\"0 0 24 24\" version=\"1.2\" baseprofile=\"tiny\"><path d=\"M18.2 9.3l-6.2-6.3-6.2 6.3c-.2.2-.3.4-.3.7s.1.5.3.7c.2.2.4.3.7.3h11c.3 0 .5-.1.7-.3.2-.2.3-.5.3-.7s-.1-.5-.3-.7zM5.8 14.7l6.2 6.3 6.2-6.3c.2-.2.3-.5.3-.7s-.1-.5-.3-.7c-.2-.2-.4-.3-.7-.3h-11c-.3 0-.5.1-.7.3-.2.2-.3.5-.3.7s.1.5.3.7z\"\/><\/svg><\/span><\/span><\/span><\/a><\/span><\/div>\n<nav><ul class='ez-toc-list ez-toc-list-level-1' ><li class='ez-toc-page-1 ez-toc-heading-level-2'><a class=\"ez-toc-link ez-toc-heading-1\" href=\"https:\/\/vehicleregistrationscostadelsol.com\/fi\/register-a-eu-or-uk-vehicle-in-alicante\/#What_You_Will_Need_To_Register_A_Vehicle_In_Alicante\" >Mit\u00e4 tarvitset ajoneuvon rekister\u00f6intiin Alicantessa<\/a><ul class='ez-toc-list-level-3' ><li class='ez-toc-heading-level-3'><a class=\"ez-toc-link ez-toc-heading-2\" href=\"https:\/\/vehicleregistrationscostadelsol.com\/fi\/register-a-eu-or-uk-vehicle-in-alicante\/#So_How_Can_You_Help\" >Joten kuinka voit auttaa?<\/a><ul class='ez-toc-list-level-4' ><li class='ez-toc-heading-level-4'><a class=\"ez-toc-link ez-toc-heading-3\" href=\"https:\/\/vehicleregistrationscostadelsol.com\/fi\/register-a-eu-or-uk-vehicle-in-alicante\/#How_Easy_Is_The_ITV_In_Alicante_To_Register_Your_Car\" >Kuinka helppoa Alicanten ITV:ll\u00e4 on rekister\u00f6id\u00e4 autosi?<\/a><ul class='ez-toc-list-level-5' ><li class='ez-toc-heading-level-5'><a class=\"ez-toc-link ez-toc-heading-4\" href=\"https:\/\/vehicleregistrationscostadelsol.com\/fi\/register-a-eu-or-uk-vehicle-in-alicante\/#What_If_It_Fails_The_Inspection_In_Alicante\" >Ent\u00e4 jos se ep\u00e4onnistuu tarkastuksessa Alicantessa?<\/a><\/li><li class='ez-toc-page-1 ez-toc-heading-level-5'><a class=\"ez-toc-link ez-toc-heading-5\" href=\"https:\/\/vehicleregistrationscostadelsol.com\/fi\/register-a-eu-or-uk-vehicle-in-alicante\/#What_Will_You_Need_If_Your_Vehicle_Fails_The_ITV\" >Mit\u00e4 tarvitset, jos ajoneuvosi ep\u00e4onnistuu ITV:ss\u00e4?<\/a><\/li><\/ul><\/li><li class='ez-toc-page-1 ez-toc-heading-level-4'><a class=\"ez-toc-link ez-toc-heading-6\" href=\"https:\/\/vehicleregistrationscostadelsol.com\/fi\/register-a-eu-or-uk-vehicle-in-alicante\/#Register_A_Vehicle_In_Alicante\" >Rekister\u00f6i ajoneuvo Alicantessa<\/a><\/li><\/ul><\/li><\/ul><\/li><\/ul><\/nav><\/div>\n\n\n\n\n<p>Jos olet tuonut tai tuot ajoneuvosi Espanjaan ja haluat rekister\u00f6id\u00e4 EU:n tai Yhdistyneen kuningaskunnan ajoneuvon Espanjassa.\u00a0<a href=\"https:\/\/itvcitaprevia.es\/estaciones-itv\/comunidad-valenciana\/alicante\/\" target=\"_blank\" rel=\"noreferrer noopener\">Alicante<\/a>\u00a0tarvitset neuvoja siit\u00e4, mit\u00e4 tarvitset ja kuinka saada ajoneuvo espanjalaisiin rekisterikilpiin.<\/p>\n\n\n\n<h2 class=\"wp-block-heading\"><span class=\"ez-toc-section\" id=\"What_You_Will_Need_To_Register_A_Vehicle_In_Alicante\"><\/span>Mit\u00e4 tarvitset ajoneuvon rekister\u00f6intiin Alicantessa<span class=\"ez-toc-section-end\"><\/span><\/h2>\n\n\n\n<ul class=\"wp-block-list\">\n<li>Ajoneuvon rekister\u00f6intiasiakirja<\/li>\n\n\n\n<li>Vaatimustenmukaisuustodistus (Ficha Technica)<\/li>\n\n\n\n<li>ID-passi ja NIE-numero tai TIE-kortti<\/li>\n\n\n\n<li>osoitetodistus osoitteesta Espanjassa.<\/li>\n<\/ul>\n\n\n\n<h3 class=\"wp-block-heading\"><span class=\"ez-toc-section\" id=\"So_How_Can_You_Help\"><\/span>Joten kuinka voit auttaa?<span class=\"ez-toc-section-end\"><\/span><\/h3>\n\n\n\n<p>Voimme tehd\u00e4 et\u00e4palvelun ja tarjota kaiken mit\u00e4 tarvitset vied\u00e4ksesi ajoneuvosi ITV:hen Alicanteen. Palvelumme sis\u00e4lt\u00e4\u00e4 jopa edustajan, joka tapaa sinut ITV-asemalla ennen tarkastusta Alicantessa. L\u00e4hett\u00e4miimme papereihin sis\u00e4ltyy Ficha Technican allekirjoittama ja laillinen (vaatimustenmukaisuustodistus) henkil\u00f6llisyystodistuksesi ja tiedosto, jossa on kaikki mit\u00e4 tarvitset ITV-tarkastuksen l\u00e4pik\u00e4ymiseen. Periaatteessa sinun tarvitsee vain saapua ilman edustajaa ennalta sovittuun aikaan ja he tekev\u00e4t kaiken.<\/p>\n\n\n\n<p>L\u00e4het\u00e4t meille paperit ja me k\u00e4sittelemme paperit, DGT:n, lopullisen rekister\u00f6innin, tieveron ja toimitat todisteet siit\u00e4, ett\u00e4 se on maksettu, mahdolliset p\u00e4\u00e4st\u00f6verot. Sen j\u00e4lkeen l\u00e4het\u00e4mme sinulle kuriirin v\u00e4lityksell\u00e4 uudet espanjalaiset rekisterikilvet ja kaikki tarvitsemasi paperity\u00f6t ja ajoneuvosi on t\u00e4ysin laillinen ajaa Alicantessa ja koko Espanjassa. Voimme sitten tarjota palvelun rekister\u00f6id\u00e4 EU- tai UK-ajoneuvo Alicantessa. <\/p>\n\n\n\n<h4 class=\"wp-block-heading\"><span class=\"ez-toc-section\" id=\"How_Easy_Is_The_ITV_In_Alicante_To_Register_Your_Car\"><\/span>Kuinka helppoa Alicanten ITV:ll\u00e4 on rekister\u00f6id\u00e4 autosi?<span class=\"ez-toc-section-end\"><\/span><\/h4>\n\n\n\n<p>Olemme tehneet monia onnistuneita ITV-tarkastuksia Alicantessa ja prosessi on itse asiassa melko helppo. Voimme neuvoa, mik\u00e4 saattaa ep\u00e4onnistua ITV:ss\u00e4 ja mit\u00e4 sinun on ehk\u00e4 teht\u00e4v\u00e4 ennen vierailua. T\u00e4m\u00e4 saattaa sis\u00e4lt\u00e4\u00e4 tietoja renkaista, valoista, vetokoukuista jne. Ficha Technica tarjoaa suurimman osan tiedoista, mutta tied\u00e4mme, mit\u00e4 tarkastusteknikot pit\u00e4v\u00e4t silm\u00e4ll\u00e4. Ota yhteytt\u00e4 niin teemme sinulle ILMAISEN TARJOUKSEN.<\/p>\n\n\n\n<div class=\"wp-block-buttons is-layout-flex wp-block-buttons-is-layout-flex\">\n<div class=\"wp-block-button\"><a class=\"wp-block-button__link wp-element-button\" href=\"\/\/api.whatsapp.com\/send\/?phone=34696337629&amp;text=Hi%2C+I+have+a+question+regards+ITV+in+Alicante&amp;type=phone_number&amp;app_absent=0 in Alicante\" target=\"_blank\" rel=\"noreferrer noopener\">Whatsapp meille <\/a><\/div>\n\n\n\n<div class=\"wp-block-button\"><a class=\"wp-block-button__link wp-element-button\" href=\"mailto:info@vehicleregspain.wp1.sh?subject=ITV in Alicante&amp;body=Hi regarding an ITV in Alicante\">L\u00e4het\u00e4 meille s\u00e4hk\u00f6postia<\/a><\/div>\n\n\n\n<div class=\"wp-block-button\"><a class=\"wp-block-button__link wp-element-button\" href=\"puh: +34696337629\" target=\"_blank\" rel=\"noreferrer noopener\">Soita meille nyt<\/a><\/div>\n<\/div>\n\n\n\n<hr class=\"wp-block-separator has-alpha-channel-opacity\"\/>\n\n\n\n<h5 class=\"wp-block-heading\"><span class=\"ez-toc-section\" id=\"What_If_It_Fails_The_Inspection_In_Alicante\"><\/span>Ent\u00e4 jos se ep\u00e4onnistuu tarkastuksessa Alicantessa?<span class=\"ez-toc-section-end\"><\/span><\/h5>\n\n\n\n<p>Tarjoamme toisen ITV:n ilmaiseksi. Sinun ei tarvitse maksaa ITV:lle uusintatestist\u00e4 tai sen enemp\u00e4\u00e4 meille saadaksesi ajoneuvopassit, kun olet korjannut sen, mit\u00e4 he ovat pyyt\u00e4neet. Me autamme t\u00e4t\u00e4 palvelua siin\u00e4, miss\u00e4 se on saattanut ep\u00e4onnistua, ja voimme neuvoa, mit\u00e4 sinun tarvitsee kertoa k\u00e4ytt\u00e4m\u00e4llesi tai itse korjaavalle mekaanikolle.<\/p>\n\n\n\n<p>Olemme toimintamme asiantuntijoita. T\u00e4ss\u00e4 v\u00e4h\u00e4n tietoa meist\u00e4&nbsp;<a href=\"https:\/\/vehicleregistrationscostadelsol.com\/fi\/ajoneuvojen-rekisteroinnin-etapalvelu-espanjassa\/\" target=\"_blank\" rel=\"noreferrer noopener\">et\u00e4palvelu<\/a>&nbsp;ja soita meille, l\u00e4het\u00e4 s\u00e4hk\u00f6postia tai WhatsAppia. Loppujen lopuksi se, ett\u00e4 luet t\u00e4t\u00e4, tarkoittaa, ett\u00e4 tarvitset apua, me hoidamme kaiken siin\u00e4 m\u00e4\u00e4rin, ett\u00e4 ainoa huolenaihe on yleens\u00e4 tapaaminen tiettyyn aikaan ITV-asemalla.<\/p>\n\n\n\n<h5 class=\"wp-block-heading\"><span class=\"ez-toc-section\" id=\"What_Will_You_Need_If_Your_Vehicle_Fails_The_ITV\"><\/span>Mit\u00e4 tarvitset, jos ajoneuvosi ep\u00e4onnistuu ITV:ss\u00e4?<span class=\"ez-toc-section-end\"><\/span><\/h5>\n\n\n\n<p>Sinun tarvitsee vain ottaa hyl\u00e4tty lomake, jonka sait kokeen suorittamisen yhteydess\u00e4. ITV s\u00e4ilytt\u00e4\u00e4 yleens\u00e4 ensimm\u00e4isell\u00e4 kerralla luovutetut asiakirjat. Sitten ITV tarkistaa, mit\u00e4 olet tehnyt, he vain pyysiv\u00e4t. He EIV\u00c4T tee koko testi\u00e4 uudelleen. Esimerkki. He rikkovat vasemman eturenkaan, uusi rengas on p\u00e4\u00e4ll\u00e4, he vain tarkistavat, ett\u00e4 vain yksi rengas. Ilmeisesti he tarkistavat kaiken, mink\u00e4 he ep\u00e4onnistuivat ajoneuvossa ensimm\u00e4isell\u00e4 kerralla, mutta kaikki, mik\u00e4 l\u00e4p\u00e4isi ensimm\u00e4isell\u00e4 kerralla, ei ole uusintatestien tarkistamista.<\/p>\n\n\n\n<h4 class=\"wp-block-heading\"><span class=\"ez-toc-section\" id=\"Register_A_Vehicle_In_Alicante\"><\/span>Rekister\u00f6i ajoneuvo Alicantessa<span class=\"ez-toc-section-end\"><\/span><\/h4>\n\n\n\n<p>Jos ajoneuvosi on Iso-Britanniasta, saatat tarvita&nbsp;<a href=\"https:\/\/vehicleregistrationscostadelsol.com\/fi\/ottaa-yhteytta\/\" target=\"_blank\" rel=\"noreferrer noopener\">puhu kanssamme<\/a>&nbsp;siit\u00e4, voimmeko vapauttaa auton verot Brexitin j\u00e4lkeen. EU-ajoneuvot ovat paljon suoraviivaisempia, eiv\u00e4tk\u00e4 ne vaadi tuontitulleja tai IVA-maksua ajoneuvosta. Auton rekister\u00f6inti Alicantessa on t\u00e4sm\u00e4lleen sama kuin kaikissa muissa Espanjan kunnissa, mutta ITV:n ajanvaraukset voivat olla paljon nopeampia, kunhan sinulla on oikeat paperit ja prosessi ennen tarkastusta ja sen j\u00e4lkeen. Siell\u00e4 voimme auttaa sinua.<\/p>","protected":false},"excerpt":{"rendered":"<p>Alicante&nbsp;\/ By&nbsp;admin If you have brought or bringing your vehicle to Spain and are wishing to register a EU or UK vehicle in\u00a0Alicante\u00a0you are going to need advice on just what you need and how to do the process of getting the vehicle onto Spanish number plates. What You Will Need To Register A Vehicle [&hellip;]<\/p>\n","protected":false},"author":1,"featured_media":2673,"parent":0,"menu_order":0,"comment_status":"closed","ping_status":"closed","template":"","meta":{"site-sidebar-layout":"default","site-content-layout":"","ast-site-content-layout":"default","site-content-style":"default","site-sidebar-style":"default","ast-global-header-display":"","ast-banner-title-visibility":"","ast-main-header-display":"","ast-hfb-above-header-display":"","ast-hfb-below-header-display":"","ast-hfb-mobile-header-display":"","site-post-title":"","ast-breadcrumbs-content":"","ast-featured-img":"","footer-sml-layout":"","ast-disable-related-posts":"","theme-transparent-header-meta":"","adv-header-id-meta":"","stick-header-meta":"","header-above-stick-meta":"","header-main-stick-meta":"","header-below-stick-meta":"","astra-migrate-meta-layouts":"set","ast-page-background-enabled":"default","ast-page-background-meta":{"desktop":{"background-color":"","background-image":"","background-repeat":"repeat","background-position":"center center","background-size":"auto","background-attachment":"scroll","background-type":"","background-media":"","overlay-type":"","overlay-color":"","overlay-gradient":""},"tablet":{"background-color":"","background-image":"","background-repeat":"repeat","background-position":"center center","background-size":"auto","background-attachment":"scroll","background-type":"","background-media":"","overlay-type":"","overlay-color":"","overlay-gradient":""},"mobile":{"background-color":"","background-image":"","background-repeat":"repeat","background-position":"center center","background-size":"auto","background-attachment":"scroll","background-type":"","background-media":"","overlay-type":"","overlay-color":"","overlay-gradient":""}},"ast-content-background-meta":{"desktop":{"background-color":"var(--ast-global-color-5)","background-image":"","background-repeat":"repeat","background-position":"center center","background-size":"auto","background-attachment":"scroll","background-type":"","background-media":"","overlay-type":"","overlay-color":"","overlay-gradient":""},"tablet":{"background-color":"var(--ast-global-color-5)","background-image":"","background-repeat":"repeat","background-position":"center center","background-size":"auto","background-attachment":"scroll","background-type":"","background-media":"","overlay-type":"","overlay-color":"","overlay-gradient":""},"mobile":{"background-color":"var(--ast-global-color-5)","background-image":"","background-repeat":"repeat","background-position":"center center","background-size":"auto","background-attachment":"scroll","background-type":"","background-media":"","overlay-type":"","overlay-color":"","overlay-gradient":""}},"footnotes":""},"class_list":["post-2686","page","type-page","status-publish","has-post-thumbnail","hentry"],"_links":{"self":[{"href":"https:\/\/vehicleregistrationscostadelsol.com\/fi\/wp-json\/wp\/v2\/pages\/2686","targetHints":{"allow":["GET"]}}],"collection":[{"href":"https:\/\/vehicleregistrationscostadelsol.com\/fi\/wp-json\/wp\/v2\/pages"}],"about":[{"href":"https:\/\/vehicleregistrationscostadelsol.com\/fi\/wp-json\/wp\/v2\/types\/page"}],"author":[{"embeddable":true,"href":"https:\/\/vehicleregistrationscostadelsol.com\/fi\/wp-json\/wp\/v2\/users\/1"}],"replies":[{"embeddable":true,"href":"https:\/\/vehicleregistrationscostadelsol.com\/fi\/wp-json\/wp\/v2\/comments?post=2686"}],"version-history":[{"count":0,"href":"https:\/\/vehicleregistrationscostadelsol.com\/fi\/wp-json\/wp\/v2\/pages\/2686\/revisions"}],"wp:featuredmedia":[{"embeddable":true,"href":"https:\/\/vehicleregistrationscostadelsol.com\/fi\/wp-json\/wp\/v2\/media\/2673"}],"wp:attachment":[{"href":"https:\/\/vehicleregistrationscostadelsol.com\/fi\/wp-json\/wp\/v2\/media?parent=2686"}],"curies":[{"name":"wp","href":"https:\/\/api.w.org\/{rel}","templated":true}]}}