{"id":2713,"date":"2022-11-15T16:32:55","date_gmt":"2022-11-15T15:32:55","guid":{"rendered":"https:\/\/vehicleregistrationscostadelsol.com\/?page_id=2713"},"modified":"2026-01-10T22:46:23","modified_gmt":"2026-01-10T21:46:23","slug":"etapalveluprosessi","status":"publish","type":"page","link":"https:\/\/vehicleregistrationscostadelsol.com\/fi\/remote-service-process\/","title":{"rendered":"Et\u00e4palveluprosessi"},"content":{"rendered":"<p>Tervetuloa et\u00e4palvelun paperity\u00f6- ja prosessisivullemme. Alla on k\u00e4velykierros vaiheista, joilla saat ajoneuvosi rekister\u00f6idyksi Espanjassa, jos et ole l\u00e4hell\u00e4mme. Jos haluat lis\u00e4tietoja sen toiminnasta, ota rohkeasti yhteytt\u00e4 <a href=\"https:\/\/vehicleregistrationscostadelsol.com\/fi\/ajoneuvojen-rekisteroinnin-etapalvelu-espanjassa\/\" data-type=\"URL\" data-id=\"https:\/\/vehicleregistrationscostadelsol.com\/remote-service-for-vehicle-registration-in-spain\/\" target=\"_blank\" rel=\"noreferrer noopener\">lue t\u00e4st\u00e4<\/a>.<br><\/p><div id=\"ez-toc-container\" class=\"ez-toc-v2_0_82_2 counter-hierarchy ez-toc-counter ez-toc-grey ez-toc-container-direction\">\n<div class=\"ez-toc-title-container\">\n<p class=\"ez-toc-title\" style=\"cursor:inherit\">Sis\u00e4llysluettelo<\/p>\n<span class=\"ez-toc-title-toggle\"><a href=\"#\" class=\"ez-toc-pull-right ez-toc-btn ez-toc-btn-xs ez-toc-btn-default ez-toc-toggle\" aria-label=\"Sis\u00e4llysluettelon vaihtaminen\"><span class=\"ez-toc-js-icon-con\"><span class=\"\"><span class=\"eztoc-hide\" style=\"display:none;\">Toggle<\/span><span class=\"ez-toc-icon-toggle-span\"><svg style=\"fill: #999;color:#999\" xmlns=\"http:\/\/www.w3.org\/2000\/svg\" class=\"list-377408\" width=\"20px\" height=\"20px\" viewbox=\"0 0 24 24\" fill=\"none\"><path d=\"M6 6H4v2h2V6zm14 0H8v2h12V6zM4 11h2v2H4v-2zm16 0H8v2h12v-2zM4 16h2v2H4v-2zm16 0H8v2h12v-2z\" fill=\"currentColor\"><\/path><\/svg><svg style=\"fill: #999;color:#999\" class=\"arrow-unsorted-368013\" xmlns=\"http:\/\/www.w3.org\/2000\/svg\" width=\"10px\" height=\"10px\" viewbox=\"0 0 24 24\" version=\"1.2\" baseprofile=\"tiny\"><path d=\"M18.2 9.3l-6.2-6.3-6.2 6.3c-.2.2-.3.4-.3.7s.1.5.3.7c.2.2.4.3.7.3h11c.3 0 .5-.1.7-.3.2-.2.3-.5.3-.7s-.1-.5-.3-.7zM5.8 14.7l6.2 6.3 6.2-6.3c.2-.2.3-.5.3-.7s-.1-.5-.3-.7c-.2-.2-.4-.3-.7-.3h-11c-.3 0-.5.1-.7.3-.2.2-.3.5-.3.7s.1.5.3.7z\"\/><\/svg><\/span><\/span><\/span><\/a><\/span><\/div>\n<nav><ul class='ez-toc-list ez-toc-list-level-1 eztoc-toggle-hide-by-default' ><li class='ez-toc-page-1 ez-toc-heading-level-2'><a class=\"ez-toc-link ez-toc-heading-1\" href=\"https:\/\/vehicleregistrationscostadelsol.com\/fi\/remote-service-process\/#Stage_1_%E2%80%93_Green_Temporary_plates_if_needed_150_euros_E\" >Vaihe 1. \u2013 Vihre\u00e4t V\u00e4lipalat (tarvittaessa) 150 euroa<\/a><ul class='ez-toc-list-level-3' ><li class='ez-toc-heading-level-3'><a class=\"ez-toc-link ez-toc-heading-2\" href=\"https:\/\/vehicleregistrationscostadelsol.com\/fi\/remote-service-process\/#Stage_2_Sending_paperwork_we_need_to_create_a_file_to_take_to_the_ITV_station\" >Vaihe 2. Paperity\u00f6n l\u00e4hett\u00e4minen meid\u00e4n on luotava tiedosto, joka vied\u00e4\u00e4n ITV-asemalle.<\/a><\/li><li class='ez-toc-page-1 ez-toc-heading-level-3'><a class=\"ez-toc-link ez-toc-heading-3\" href=\"https:\/\/vehicleregistrationscostadelsol.com\/fi\/remote-service-process\/#Stage_3_Getting_a_Ficha_Technica_certificate_of_conformity_if_needed\" >Vaihe 3. Hanki Ficha Technica (vaatimustenmukaisuustodistus tarvittaessa)<\/a><\/li><li class='ez-toc-page-1 ez-toc-heading-level-3'><a class=\"ez-toc-link ez-toc-heading-4\" href=\"https:\/\/vehicleregistrationscostadelsol.com\/fi\/remote-service-process\/#Stage_4_To_get_started_Payment\" >Vaihe 4: Aloitus ja maksaminen:<\/a><ul class='ez-toc-list-level-4' ><li class='ez-toc-heading-level-4'><a class=\"ez-toc-link ez-toc-heading-5\" href=\"https:\/\/vehicleregistrationscostadelsol.com\/fi\/remote-service-process\/#The_importance_of_good_documents\" >Hyvien asiakirjojen merkitys<\/a><\/li><\/ul><\/li><\/ul><\/li><\/ul><\/nav><\/div>\n\n\n\n\n<h2 class=\"wp-block-heading\"><span class=\"ez-toc-section\" id=\"Stage_1_%E2%80%93_Green_Temporary_plates_if_needed_150_euros_E\"><\/span>Vaihe 1. \u2013 Vihre\u00e4t V\u00e4lipalat (tarvittaessa) 150 euroa<span class=\"ez-toc-section-end\"><\/span><\/h2>\n\n\n\n<p>Jos ajoneuvosi ei ole laillinen ajaa Espanjassa, tarvitset vihre\u00e4t rekisterikilvet, jotka antavat sinulle 60 p\u00e4iv\u00e4\u00e4 aikaa ajaa ajoneuvoa laillisesti Espanjassa, samalla kun suoritamme ylioppilastutkinnon puolestasi (ajoneuvon tulee olla vakuutettu v\u00e4liaikaisissa kilveiss\u00e4 - autamme tarvittaessa ilmaisella tarjouksella). <strong>HUOMAA LEVYT NIN 2 viikkoa<\/strong> ilman pikavalintavaihtoehtoa. Kopiot <strong>T\u00c4YTYY olla hyvi\u00e4 skannattuja kopioita<\/strong> koska DGT kielt\u00e4ytyy k\u00e4sittelem\u00e4st\u00e4 niit\u00e4 huonoilla kopioilla.<strong> HUOMAA MY\u00d6S, ETT\u00c4 EMME VOI SAADA VIHRE\u00c4\u00c4 KILPI\u00c4 AJONEUVOILLE, joille emme SUORI REKISTER\u00d6INTI\u00c4<\/strong>.<br><\/p>\n\n\n\n<ul class=\"wp-block-list\">\n<li>Tarvitsemme <strong>ALKUPER\u00c4ISET ajoneuvon rekister\u00f6intiasiakirjat<\/strong>: Iso-Britannia (V5) tai osa 1 ja 2 EU-ajoneuvoille, ota meihin yhteytt\u00e4, niin l\u00e4het\u00e4mme sinulle osoitteen. L\u00e4het\u00e4 vain kuriirin v\u00e4lityksell\u00e4 (voimme toimittaa sellaisen tarvittaessa) <\/li>\n\n\n\n<li>POA \u2013 Osoitetodistus \u2013  <strong>VAIN 1<\/strong> seuraavista kolmesta tarvitaan: 1.Padron (p\u00e4iv\u00e4tty viimeisen 3 kuukauden aikana) 2.Kiinteist\u00f6asiakirjat kokonaisuudessaan (skannattu), tai 3. p\u00e4iv\u00e4tty allekirjoitettu vuokrasopimus<\/li>\n\n\n\n<li>Passikuva ja allekirjoitussivu (kaikki nelj\u00e4 kulmaa sis\u00e4\u00e4np\u00e4in).<\/li>\n\n\n\n<li>NIE tai TIE kortti takana ja edess\u00e4. <\/li>\n<\/ul>\n\n\n\n<p>Voit l\u00e4hett\u00e4\u00e4 ne klikkaamalla alla olevia painikkeita. Hyv\u00e4ksymme WhatsAppin ja s\u00e4hk\u00f6postin, mutta ilmoita nimesi ja ajoneuvosi. L\u00e4het\u00e4mme my\u00f6s maksuohjeet aloittaaksesi. <\/p>\n\n\n\n<div class=\"wp-block-buttons is-layout-flex wp-block-buttons-is-layout-flex\">\n<div class=\"wp-block-button\"><a class=\"wp-block-button__link wp-element-button\" href=\"https:\/\/api.whatsapp.com\/send?phone=34696337629&amp;text=Hi%20regarding%20the%20green%20plates%20paperwork%20for%20the%20remote%20service.%20\" target=\"_blank\" rel=\"noreferrer noopener\">Whatsapp meille <\/a><\/div>\n\n\n\n<div class=\"wp-block-button\"><a class=\"wp-block-button__link wp-element-button\" href=\"mailto:info@vehicleregspain.wp1.sh?subject=Green plates paperwork&amp;body=Hi regarding paperwork for green plates.....\" target=\"_blank\" rel=\"noreferrer noopener\">L\u00e4het\u00e4 meille s\u00e4hk\u00f6postia<\/a><\/div>\n<\/div>\n\n\n\n<div style=\"height:27px\" aria-hidden=\"true\" class=\"wp-block-spacer\"><\/div>\n\n\n\n<h3 class=\"wp-block-heading\"><span class=\"ez-toc-section\" id=\"Stage_2_Sending_paperwork_we_need_to_create_a_file_to_take_to_the_ITV_station\"><\/span>Vaihe 2. Paperity\u00f6n l\u00e4hett\u00e4minen meid\u00e4n on luotava tiedosto, joka vied\u00e4\u00e4n ITV-asemalle. <span class=\"ez-toc-section-end\"><\/span><\/h3>\n\n\n\n<p>Paperit, jotka meid\u00e4n on koottava saatekirjeen sis\u00e4lt\u00e4v\u00e4ksi tiedostoksi, jonka voit vied\u00e4 l\u00e4himm\u00e4lle ITV-asemallesi. Autamme sinua soittamalla ennen ITV:t\u00e4, mit\u00e4 on odotettavissa ITV-asemalta. Kuinka vied\u00e4 auto l\u00e4pi ja mit\u00e4 tehd\u00e4 papereille ennen ja j\u00e4lkeen. Annamme sinulle my\u00f6s tietoa siit\u00e4, mit\u00e4 sinun tulee tarkistaa ennen ITV:t\u00e4, jotta ajoneuvosi menestyisi parhaiten. Toimitamme sinulle t\u00e4ydellisen tiedoston siit\u00e4, mit\u00e4 sinun on otettava, jotta ITV:n kanssa ei tapahdu virheit\u00e4. <\/p>\n\n\n\n<ul class=\"wp-block-list\">\n<li>Hyv\u00e4t skannatut kopiot auton rekister\u00f6intiasiakirjoista UK (V5 ) tai osista 1 ja 2 EU-asiakirjoille. <\/li>\n\n\n\n<li>POA \u2013 Osoitetodistus \u2013  <strong>VAIN 1<\/strong> seuraavista kolmesta tarvitaan: 1.Padron (p\u00e4iv\u00e4tty viimeisen 3 kuukauden aikana) 2.Kiinteist\u00f6asiakirjat kokonaisuudessaan (skannattu), tai 3. p\u00e4iv\u00e4tty allekirjoitettu vuokrasopimus<\/li>\n\n\n\n<li>Passikuvasivu (kaikki nelj\u00e4 kulmaa sis\u00e4\u00e4n)<\/li>\n\n\n\n<li>NIE tai TIE kortti takana ja edess\u00e4. <\/li>\n<\/ul>\n\n\n\n<div style=\"height:27px\" aria-hidden=\"true\" class=\"wp-block-spacer\"><\/div>\n\n\n\n<div class=\"wp-block-buttons is-layout-flex wp-block-buttons-is-layout-flex\">\n<div class=\"wp-block-button\"><a class=\"wp-block-button__link wp-element-button\" href=\"https:\/\/api.whatsapp.com\/send?phone=34696337629&amp;text=Hi%20%2C%20regarding%20the%20ITV%20info%20for%20the%20remote%20service.%20\" target=\"_blank\" rel=\"noreferrer noopener\">Whatsapp meille <\/a><\/div>\n\n\n\n<div class=\"wp-block-button\"><a class=\"wp-block-button__link wp-element-button\" href=\"mailto:info@vehicleregspain.wp1.sh?subject=Regarding%20paperwork%20for%20the%20green%20plates&amp;body=We%20will%20send%20you%20the%20address%20to%20courier%20the%20paperwork%20to%20by%20return%20email%3A%20Please%20remember%20to%20state%20your%20name%20here%20please%20and%20attached%20paperwork........%0D%0A%0D%0AOriginal%20vehicle%20registration%20documents%20UK%20(V5%20)%20or%2C%20parts%201%20and%202%20for%20EU%20documents.%0D%0A%0D%0APOA%20-%20Proof%20of%20address%20-%20ONLY%201%20of%20the%20following%203%20needed%3A%201.Padron%20(dated%20in%20the%20last%203%20months)%202.Property%20deeds%20in%20full%20(scanned)%2C%20or%2C%203.%20an%20in%20date%20signed%20rental%20contract%0D%0A%0D%0APassport%20picture%20page%20(with%20all%20four%20corners%20in)%0D%0A%0D%0ANIE%20or%20TIE%20card%20back%20and%20front.\" target=\"_blank\" rel=\"noreferrer noopener\">L\u00e4het\u00e4 meille s\u00e4hk\u00f6postia<\/a><\/div>\n<\/div>\n\n\n\n<div style=\"height:27px\" aria-hidden=\"true\" class=\"wp-block-spacer\"><\/div>\n\n\n\n<h3 class=\"wp-block-heading\"><span class=\"ez-toc-section\" id=\"Stage_3_Getting_a_Ficha_Technica_certificate_of_conformity_if_needed\"><\/span>Vaihe 3. Hanki Ficha Technica (vaatimustenmukaisuustodistus tarvittaessa)<span class=\"ez-toc-section-end\"><\/span><\/h3>\n\n\n\n<p>Voimme tehd\u00e4 t\u00e4\u00e4ll\u00e4 useita asioita, ensinn\u00e4kin voit l\u00e4hett\u00e4\u00e4 meille kuvia ajoneuvosta ja saamme sinulle valtuutetun edustajan allekirjoittaman t\u00e4ysin laillisen vaatimustenmukaisuustodistuksen. Tai voimme toimittaa nopean varaston vaatimustenmukaisuustodistuksen, joka, jos yksityiskohdat kaipaavat p\u00e4ivityst\u00e4 ITV:n j\u00e4lkeen, voimme k\u00e4sitell\u00e4 sen puolestasi suoraan heid\u00e4n kanssaan. Ensimm\u00e4inen vaihtoehto on paljon helpompi ja TARVITSET FICHA TECHICAn saadaksesi ajoneuvon ITV:n l\u00e4pi. Sit\u00e4 ei voi testata ITV-asemalla ilman sit\u00e4. Ajoneuvollasi saattaa jo olla vaatimustenmukaisuustodistus, mutta vain ALKUPER\u00c4ISET hyv\u00e4ksyt\u00e4\u00e4n. ITV-asema ei hyv\u00e4ksy kopioita. <\/p>\n\n\n\n<p><strong>Jos olet jo maksanut talletuksen, sovimme t\u00e4m\u00e4n kanssasi ja agentti ottaa suoraan yhteytt\u00e4. Tarvitsemme t\u00e4t\u00e4 vihreiden lautasten saapuessa, jos tarvitset niit\u00e4 s\u00e4\u00e4st\u00e4\u00e4ksesi aikaa ITV-ajan varaamiseen. <\/strong><\/p>\n\n\n\n<h3 class=\"wp-block-heading\"><span class=\"ez-toc-section\" id=\"Stage_4_To_get_started_Payment\"><\/span>Vaihe 4: Aloitus ja maksaminen:<span class=\"ez-toc-section-end\"><\/span><\/h3>\n\n\n\n<p>Toivottavasti olemme nyt antaneet sinulle ilmaisen tarjouksen ajoneuvon rekister\u00f6intikustannuksista Espanjassa. Jos olet valmis et\u00e4palvelun kanssa eteenp\u00e4in, vaadimme 700 euron talletuksen prosessin aloittamiseksi (plus 150e jos tarvitset vihreit\u00e4 levyj\u00e4) Ota yhteytt\u00e4 saadaksesi pankkisiirtotiedot ja l\u00e4het\u00e4 kopio siirrosta, mik\u00e4 tarkoittaa, ett\u00e4 voi aloittaa prosessin heti ennen talletuksen tyhjent\u00e4mist\u00e4. <\/p>\n\n\n\n<div class=\"wp-block-buttons is-layout-flex wp-block-buttons-is-layout-flex\">\n<div class=\"wp-block-button\"><a class=\"wp-block-button__link wp-element-button\" href=\"https:\/\/api.whatsapp.com\/send?phone=34696337629&amp;text=Please%20WhatsApp%20me%20the%20payment%20details%20for%20the%20remote%20service%20......\" target=\"_blank\" rel=\"noreferrer noopener\">Whatsapp minulle maksutiedot<\/a><\/div>\n\n\n\n<div class=\"wp-block-button\"><a class=\"wp-block-button__link wp-element-button\" href=\"mailto:info@vehicleregspain.wp1.sh?subject=Please%20send%20us%20the%20bank%20details%20to%20pay%20for%20the%20remote%20service&amp;body=Please%20state%20your%20name%20here%20.....%0D%0A%0D%0AWe%20will%20then%20send%20by%20return%20email%20to%20payment%20details%20to%20get%20started...%0D%0A%0D%0A700%20euros%20to%20start%20the%20process%2C%20or%2C%20850%20euros%20if%20green%20plates%20are%20needed.\" target=\"_blank\" rel=\"noreferrer noopener\">L\u00e4het\u00e4 minulle s\u00e4hk\u00f6postilla maksutiedot<\/a><\/div>\n<\/div>\n\n\n\n<div style=\"height:27px\" aria-hidden=\"true\" class=\"wp-block-spacer\"><\/div>\n\n\n\n<h4 class=\"wp-block-heading\"><span class=\"ez-toc-section\" id=\"The_importance_of_good_documents\"><\/span>Hyvien asiakirjojen merkitys<span class=\"ez-toc-section-end\"><\/span><\/h4>\n\n\n\n<p>DGT, verotoimisto, kaupungintalo ja ITV-asemat odottavat kaikki hyvi\u00e4 skannattuja kopioita papereista. Jos kopiot eiv\u00e4t ole hyvi\u00e4, kulmat leikattuja, tiedoissa on tahroja, ei pysty lukemaan suurennettuna, otettu kulmasta jne., ne yleens\u00e4 palauttavat asiakirjat aina hylk\u00e4ysviestill\u00e4, jossa sanotaan, ett\u00e4 EI hyv\u00e4ksy asiakirjoja, mik\u00e4 tuhlaa paljon. ajasta. T\u00e4m\u00e4 s\u00e4hk\u00f6posti voi joskus kest\u00e4\u00e4 jopa viikon, ennen kuin he ilmoittavat meille, ettemme ole olleet tyytyv\u00e4isi\u00e4 l\u00e4hett\u00e4miimme toimiin. Meid\u00e4n T\u00c4YTYY l\u00e4hett\u00e4\u00e4 hyv\u00e4t kopiot. Jos sinulla on vaikeuksia ja sinulla ei ole skanneria, ota kuvia suoraan ylh\u00e4\u00e4lt\u00e4 kuvan kaikista nelj\u00e4st\u00e4 kulmasta ja WhatsAppista tai l\u00e4het\u00e4 meille asiakirjat s\u00e4hk\u00f6postitse, niin voimme yritt\u00e4\u00e4 auttaa tekem\u00e4\u00e4n niist\u00e4 hyv\u00e4ksytt\u00e4vi\u00e4. Alla on esimerkki hyv\u00e4st\u00e4 kopiosta. <\/p>\n\n\n\n<figure class=\"wp-block-image size-large\"><img fetchpriority=\"high\" decoding=\"async\" width=\"497\" height=\"1024\" src=\"https:\/\/vehicleregistrationscostadelsol.com\/wp-content\/uploads\/2022\/11\/dutch_kentekenbewijs-745x1536-1-497x1024.webp\" alt=\"Auton rekister\u00f6inti Costa del sol\" class=\"wp-image-2735\" title=\"Rekister\u00f6i autosi Espanjassa\" srcset=\"https:\/\/vehicleregistrationscostadelsol.com\/wp-content\/uploads\/2022\/11\/dutch_kentekenbewijs-745x1536-1-497x1024.webp 497w, https:\/\/vehicleregistrationscostadelsol.com\/wp-content\/uploads\/2022\/11\/dutch_kentekenbewijs-745x1536-1-146x300.webp 146w, https:\/\/vehicleregistrationscostadelsol.com\/wp-content\/uploads\/2022\/11\/dutch_kentekenbewijs-745x1536-1-6x12.webp 6w, https:\/\/vehicleregistrationscostadelsol.com\/wp-content\/uploads\/2022\/11\/dutch_kentekenbewijs-745x1536-1.webp 745w\" sizes=\"(max-width: 497px) 100vw, 497px\" \/><figcaption class=\"wp-element-caption\">Esimerkki hyv\u00e4st\u00e4 skannatusta paperity\u00f6st\u00e4. Hyvien kuvien kaikki nelj\u00e4 kulmaa sis\u00e4\u00e4np\u00e4in pit\u00e4isi olla kunnossa. <\/figcaption><\/figure>","protected":false},"excerpt":{"rendered":"<p>Welcome to our remote service paperwork and process page. Below is a walk through of the stages to get your vehicle registered in Spain if you are not close to us. For more info on how that works feel free to read here. Stage 1. &#8211; Green Temporary plates (if needed) 150 euros \u20ac If [&hellip;]<\/p>\n","protected":false},"author":1,"featured_media":0,"parent":0,"menu_order":0,"comment_status":"closed","ping_status":"closed","template":"","meta":{"site-sidebar-layout":"default","site-content-layout":"","ast-site-content-layout":"default","site-content-style":"default","site-sidebar-style":"default","ast-global-header-display":"","ast-banner-title-visibility":"","ast-main-header-display":"","ast-hfb-above-header-display":"","ast-hfb-below-header-display":"","ast-hfb-mobile-header-display":"","site-post-title":"","ast-breadcrumbs-content":"","ast-featured-img":"","footer-sml-layout":"","ast-disable-related-posts":"","theme-transparent-header-meta":"","adv-header-id-meta":"","stick-header-meta":"","header-above-stick-meta":"","header-main-stick-meta":"","header-below-stick-meta":"","astra-migrate-meta-layouts":"set","ast-page-background-enabled":"default","ast-page-background-meta":{"desktop":{"background-color":"","background-image":"","background-repeat":"repeat","background-position":"center center","background-size":"auto","background-attachment":"scroll","background-type":"","background-media":"","overlay-type":"","overlay-color":"","overlay-opacity":"","overlay-gradient":""},"tablet":{"background-color":"","background-image":"","background-repeat":"repeat","background-position":"center center","background-size":"auto","background-attachment":"scroll","background-type":"","background-media":"","overlay-type":"","overlay-color":"","overlay-opacity":"","overlay-gradient":""},"mobile":{"background-color":"","background-image":"","background-repeat":"repeat","background-position":"center center","background-size":"auto","background-attachment":"scroll","background-type":"","background-media":"","overlay-type":"","overlay-color":"","overlay-opacity":"","overlay-gradient":""}},"ast-content-background-meta":{"desktop":{"background-color":"var(--ast-global-color-5)","background-image":"","background-repeat":"repeat","background-position":"center center","background-size":"auto","background-attachment":"scroll","background-type":"","background-media":"","overlay-type":"","overlay-color":"","overlay-opacity":"","overlay-gradient":""},"tablet":{"background-color":"var(--ast-global-color-5)","background-image":"","background-repeat":"repeat","background-position":"center center","background-size":"auto","background-attachment":"scroll","background-type":"","background-media":"","overlay-type":"","overlay-color":"","overlay-opacity":"","overlay-gradient":""},"mobile":{"background-color":"var(--ast-global-color-5)","background-image":"","background-repeat":"repeat","background-position":"center center","background-size":"auto","background-attachment":"scroll","background-type":"","background-media":"","overlay-type":"","overlay-color":"","overlay-opacity":"","overlay-gradient":""}},"footnotes":""},"class_list":["post-2713","page","type-page","status-publish","hentry"],"_links":{"self":[{"href":"https:\/\/vehicleregistrationscostadelsol.com\/fi\/wp-json\/wp\/v2\/pages\/2713","targetHints":{"allow":["GET"]}}],"collection":[{"href":"https:\/\/vehicleregistrationscostadelsol.com\/fi\/wp-json\/wp\/v2\/pages"}],"about":[{"href":"https:\/\/vehicleregistrationscostadelsol.com\/fi\/wp-json\/wp\/v2\/types\/page"}],"author":[{"embeddable":true,"href":"https:\/\/vehicleregistrationscostadelsol.com\/fi\/wp-json\/wp\/v2\/users\/1"}],"replies":[{"embeddable":true,"href":"https:\/\/vehicleregistrationscostadelsol.com\/fi\/wp-json\/wp\/v2\/comments?post=2713"}],"version-history":[{"count":1,"href":"https:\/\/vehicleregistrationscostadelsol.com\/fi\/wp-json\/wp\/v2\/pages\/2713\/revisions"}],"predecessor-version":[{"id":3386,"href":"https:\/\/vehicleregistrationscostadelsol.com\/fi\/wp-json\/wp\/v2\/pages\/2713\/revisions\/3386"}],"wp:attachment":[{"href":"https:\/\/vehicleregistrationscostadelsol.com\/fi\/wp-json\/wp\/v2\/media?parent=2713"}],"curies":[{"name":"wp","href":"https:\/\/api.w.org\/{rel}","templated":true}]}}