{"id":2744,"date":"2022-11-15T18:00:01","date_gmt":"2022-11-15T17:00:01","guid":{"rendered":"https:\/\/vehicleregistrationscostadelsol.com\/?page_id=2744"},"modified":"2025-07-02T22:18:15","modified_gmt":"2025-07-02T20:18:15","slug":"ficha-technican-tai-vaatimustenmukaisuustodistuksen-hankkiminen-espanjassa","status":"publish","type":"page","link":"https:\/\/vehicleregistrationscostadelsol.com\/fi\/getting-a-ficha-technica-or-a-certificate-of-conformity-in-spain\/","title":{"rendered":"Ficha Technican tai vaatimustenmukaisuustodistuksen hankkiminen Espanjassa"},"content":{"rendered":"<p>Ficha Technican tai vaatimustenmukaisuustodistuksen saaminen Espanjassa on melko helppoa. Vaatimustenmukaisuustodistusta k\u00e4ytet\u00e4\u00e4n esitt\u00e4miseen ITV:lle, ja se sis\u00e4lt\u00e4\u00e4 tiedot ajoneuvon teknisist\u00e4 tiedoista, jotta voidaan tarkastaa Espanjan lakien noudattaminen Euroopan vaatimustenmukaisuuden osalta.<\/p><div id=\"ez-toc-container\" class=\"ez-toc-v2_0_82_2 counter-hierarchy ez-toc-counter ez-toc-grey ez-toc-container-direction\">\n<div class=\"ez-toc-title-container\">\n<p class=\"ez-toc-title\" style=\"cursor:inherit\">Sis\u00e4llysluettelo<\/p>\n<span class=\"ez-toc-title-toggle\"><a href=\"#\" class=\"ez-toc-pull-right ez-toc-btn ez-toc-btn-xs ez-toc-btn-default ez-toc-toggle\" aria-label=\"Sis\u00e4llysluettelon vaihtaminen\"><span class=\"ez-toc-js-icon-con\"><span class=\"\"><span class=\"eztoc-hide\" style=\"display:none;\">Toggle<\/span><span class=\"ez-toc-icon-toggle-span\"><svg style=\"fill: #999;color:#999\" xmlns=\"http:\/\/www.w3.org\/2000\/svg\" class=\"list-377408\" width=\"20px\" height=\"20px\" viewbox=\"0 0 24 24\" fill=\"none\"><path d=\"M6 6H4v2h2V6zm14 0H8v2h12V6zM4 11h2v2H4v-2zm16 0H8v2h12v-2zM4 16h2v2H4v-2zm16 0H8v2h12v-2z\" fill=\"currentColor\"><\/path><\/svg><svg style=\"fill: #999;color:#999\" class=\"arrow-unsorted-368013\" xmlns=\"http:\/\/www.w3.org\/2000\/svg\" width=\"10px\" height=\"10px\" viewbox=\"0 0 24 24\" version=\"1.2\" baseprofile=\"tiny\"><path d=\"M18.2 9.3l-6.2-6.3-6.2 6.3c-.2.2-.3.4-.3.7s.1.5.3.7c.2.2.4.3.7.3h11c.3 0 .5-.1.7-.3.2-.2.3-.5.3-.7s-.1-.5-.3-.7zM5.8 14.7l6.2 6.3 6.2-6.3c.2-.2.3-.5.3-.7s-.1-.5-.3-.7c-.2-.2-.4-.3-.7-.3h-11c-.3 0-.5.1-.7.3-.2.2-.3.5-.3.7s.1.5.3.7z\"\/><\/svg><\/span><\/span><\/span><\/a><\/span><\/div>\n<nav><ul class='ez-toc-list ez-toc-list-level-1' ><li class='ez-toc-page-1 ez-toc-heading-level-2'><a class=\"ez-toc-link ez-toc-heading-1\" href=\"https:\/\/vehicleregistrationscostadelsol.com\/fi\/getting-a-ficha-technica-or-a-certificate-of-conformity-in-spain\/#Order_a_Certificate_of_Conformity_online_for_Spain\" >Tilaa vaatimustenmukaisuustodistus verkosta Espanjaan<\/a><\/li><li class='ez-toc-page-1 ez-toc-heading-level-2'><a class=\"ez-toc-link ez-toc-heading-2\" href=\"https:\/\/vehicleregistrationscostadelsol.com\/fi\/getting-a-ficha-technica-or-a-certificate-of-conformity-in-spain\/#Is_a_copy_of_a_Ficha_Technica_Certificate_of_Conformity_acceptable\" >Hyv\u00e4ksyt\u00e4\u00e4nk\u00f6 kopio Ficha Technican vaatimustenmukaisuustodistuksesta?<\/a><ul class='ez-toc-list-level-3' ><li class='ez-toc-heading-level-3'><a class=\"ez-toc-link ez-toc-heading-3\" href=\"https:\/\/vehicleregistrationscostadelsol.com\/fi\/getting-a-ficha-technica-or-a-certificate-of-conformity-in-spain\/#Can_you_help_with_the_whole_service\" >Voitko auttaa koko palvelun kanssa?<\/a><\/li><li class='ez-toc-page-1 ez-toc-heading-level-3'><a class=\"ez-toc-link ez-toc-heading-4\" href=\"https:\/\/vehicleregistrationscostadelsol.com\/fi\/getting-a-ficha-technica-or-a-certificate-of-conformity-in-spain\/#What_Information_is_in_a_certificate_of_conformity\" >Mit\u00e4 tietoja vaatimustenmukaisuustodistuksessa on?<\/a><\/li><\/ul><\/li><\/ul><\/nav><\/div>\n\n\n\n\n<p>Tarjoamme n\u00e4m\u00e4 Ficha Technica -vaatimustenmukaisuustodistukset ajoneuvoille kaikkialla Espanjassa. Autamme luonnollisesti koko prosessissa, mutta jos tarvitset vaatimustenmukaisuustodistuksen ja olet itse tekemisiss\u00e4 prosessin kanssa, ota meihin yhteytt\u00e4, niin toimitamme sellaisen ITV:t\u00e4 varten. <\/p>\n\n\n\n<div class=\"inherit-container-width wp-block-group is-layout-constrained wp-block-group-is-layout-constrained\"><div class=\"wp-block-group__inner-container\">\n<div class=\"wp-block-buttons is-layout-flex wp-block-buttons-is-layout-flex\">\n<div class=\"wp-block-button\"><a class=\"wp-block-button__link wp-element-button\" href=\"https:\/\/wa.me\/34696337629?text=Hi%2C%20I%20have%20a%20question%20regards%20Ficha%20Technica%20Certificate%20of%20Conformity.\" target=\"_blank\" rel=\"noreferrer noopener\">Whatsapp meille<\/a><\/div>\n\n\n\n<div class=\"wp-block-button\"><a class=\"wp-block-button__link wp-element-button\" href=\"mailto:darren@equitas-property.com?subject=Hi%20Regards%20a%20Ficha%20Technica%20Certificate%20of%20conformity%20&amp;body=Hi%20Vehicle%20registrations%2C%20%0D%0A%0D%0A\">L\u00e4het\u00e4 meille s\u00e4hk\u00f6postia <\/a><\/div>\n\n\n\n<div class=\"wp-block-button\"><a class=\"wp-block-button__link wp-element-button\" href=\"puh: +34696337629\" target=\"_blank\" rel=\"noreferrer noopener\">Soita meille <\/a><\/div>\n<\/div>\n<\/div><\/div>\n\n\n\n<div style=\"height:25px\" aria-hidden=\"true\" class=\"wp-block-spacer\"><\/div>\n\n\n\n<h2 class=\"wp-block-heading\"><span class=\"ez-toc-section\" id=\"Order_a_Certificate_of_Conformity_online_for_Spain\"><\/span>Tilaa vaatimustenmukaisuustodistus verkosta Espanjaan<span class=\"ez-toc-section-end\"><\/span><\/h2>\n\n\n\n<p>Voimme tarjota vaatimustenmukaisuustodistuksen verkossa Espanjaa varten mist\u00e4 tahansa Espanjasta. Varmista, ett\u00e4 sinulla on oikea Ficha Technica sertifioidun ammattilaisen ALLEKIRJOITTAMA. Kaikki tarjotaan asianmukaisen ESPANJAN vaatimustenmukaisuustodistuksen saamiseksi ITV-tapaamiseen.<\/p>\n\n\n\n<p>Voimme l\u00e4hett\u00e4\u00e4 vaatimustenmukaisuustodistuksen digitaalisesti tai kirjattuna kirjeen\u00e4. T\u00e4t\u00e4 voidaan k\u00e4ytt\u00e4\u00e4 ITV-tapaamiseen. Jos tarvitset apua uudelleen <a href=\"https:\/\/vehicleregistrationscostadelsol.com\/fi\/\" target=\"_blank\" rel=\"noreferrer noopener\">koko prosessi alusta loppuun<\/a>, tarvitset vain todistuksen, tai haluat meid\u00e4n hoitavan ajoneuvon lopullisen rekister\u00f6innin, voimme tehd\u00e4 kaikki n\u00e4m\u00e4 palvelut. <\/p>\n\n\n\n<h2 class=\"wp-block-heading\"><span class=\"ez-toc-section\" id=\"Is_a_copy_of_a_Ficha_Technica_Certificate_of_Conformity_acceptable\"><\/span>Hyv\u00e4ksyt\u00e4\u00e4nk\u00f6 kopio Ficha Technican vaatimustenmukaisuustodistuksesta?<span class=\"ez-toc-section-end\"><\/span><\/h2>\n\n\n\n<p>Ei useimmilla ITV-asemilla. Suurin osa on sertifioidun ammattilaisen tekem\u00e4 ja fyysisesti allekirjoitettava, jotta ITV hyv\u00e4ksyy sertifikaatin. Vain ajoneuvon myyntipisteess\u00e4 my\u00f6nnetty todistus hyv\u00e4ksyt\u00e4\u00e4n useimmilla ITV-asemilla. <\/p>\n\n\n\n<h3 class=\"wp-block-heading\"><span class=\"ez-toc-section\" id=\"Can_you_help_with_the_whole_service\"><\/span>Voitko auttaa koko palvelun kanssa?<span class=\"ez-toc-section-end\"><\/span><\/h3>\n\n\n\n<p>Voimme tarjota a <a href=\"https:\/\/vehicleregistrationscostadelsol.com\/fi\/ajoneuvojen-rekisteroinnin-etapalvelu-espanjassa\/\">et\u00e4palvelu <\/a>Joo. T\u00e4\u00e4ll\u00e4 meill\u00e4 ei ole fyysist\u00e4 p\u00e4\u00e4sy\u00e4 ajoneuvoon tai osallistua siihen <a href=\"https:\/\/www.applusiteuve.com\/es-es\/estaciones-itv\/itv-comunidad-valenciana\/itv-alicante\/\" data-type=\"URL\" data-id=\"https:\/\/www.applusiteuve.com\/es-es\/estaciones-itv\/itv-comunidad-valenciana\/itv-alicante\/\" target=\"_blank\" rel=\"noreferrer noopener\">ITV<\/a> kanssasi. Lue kuitenkin artikkelimme, kuinka autamme ja ett\u00e4 palvelu on melko samanlainen. Palvelumme on tietojemme mukaan Espanjan kattavin. Autamme my\u00f6s varaamaan ITV:n puolestasi ja tarjoamme kaikki paperity\u00f6t ja k\u00e4sittelemme rekister\u00f6innit, verot ja tieveron.<\/p>\n\n\n\n<div class=\"wp-block-buttons is-layout-flex wp-block-buttons-is-layout-flex\">\n<div class=\"wp-block-button\"><a class=\"wp-block-button__link wp-element-button\" href=\"https:\/\/wa.me\/34696337629?text=Hi%2C%20I%20have%20a%20question%20regards%20Ficha%20Technica%20Certificate%20of%20Conformity.\" target=\"_blank\" rel=\"noreferrer noopener\">Whatsapp meille<\/a><\/div>\n\n\n\n<div class=\"wp-block-button\"><a class=\"wp-block-button__link wp-element-button\" href=\"mailto:darren@equitas-property.com?subject=Hi%20Regards%20a%20Ficha%20Technica%20Certificate%20of%20conformity%20&amp;body=Hi%20Vehicle%20registrations%2C%20%0D%0A%0D%0A\" target=\"_blank\" rel=\"noreferrer noopener\">L\u00e4het\u00e4 meille s\u00e4hk\u00f6postia <\/a><\/div>\n\n\n\n<div class=\"wp-block-button\"><a class=\"wp-block-button__link wp-element-button\" href=\"puh: +34696337629\" target=\"_blank\" rel=\"noreferrer noopener\">Soita meille <\/a><\/div>\n<\/div>\n\n\n\n<div style=\"height:27px\" aria-hidden=\"true\" class=\"wp-block-spacer\"><\/div>\n\n\n\n<h3 class=\"wp-block-heading\"><span class=\"ez-toc-section\" id=\"What_Information_is_in_a_certificate_of_conformity\"><\/span>Mit\u00e4 tietoja vaatimustenmukaisuustodistuksessa on?<span class=\"ez-toc-section-end\"><\/span><\/h3>\n\n\n\n<p>Alkuper\u00e4isen ajoneuvon tekniset tiedot ja kuinka se irtosi valmistajan tehtaan lattiasta uutena. Jos sinulla ei ole standardia, sinulla on ongelmia ITV-asemalla. Espanjalla on tiukka vaatimustenmukaisuusprosessi ajoneuvoille, jotka haluavat rekister\u00f6ity\u00e4 espanjalaisiin rekisterikilpiin. Allekirjoitetun vaatimustenmukaisuustodistuksen tekee valtuutettu edustaja, eik\u00e4 se aiheuta ongelmia ITV-asemalla. Se sis\u00e4lt\u00e4\u00e4 kaikki tiedot, jotka liittyv\u00e4t alkuper\u00e4iseen standardinmukaisuuteen. J\u00e4t\u00e4 kova ty\u00f6 meille ja muista, ett\u00e4 voimme my\u00f6s auttaa sinua koko palvelun kanssa kaikkialla maassa. <\/p>\n\n\n\n<p><\/p>","protected":false},"excerpt":{"rendered":"<p>Getting a Ficha Technica or a certificate of conformity in Spain is pretty simple. A certificate of conformity is used to present to the ITV and contains the information of the specification of the vehicle to check against the laws in Spain regarding what is considered European conformity. We provide these Ficha Technica Certificate of [&hellip;]<\/p>\n","protected":false},"author":1,"featured_media":2756,"parent":0,"menu_order":0,"comment_status":"closed","ping_status":"closed","template":"","meta":{"site-sidebar-layout":"default","site-content-layout":"","ast-site-content-layout":"default","site-content-style":"default","site-sidebar-style":"default","ast-global-header-display":"","ast-banner-title-visibility":"","ast-main-header-display":"","ast-hfb-above-header-display":"","ast-hfb-below-header-display":"","ast-hfb-mobile-header-display":"","site-post-title":"","ast-breadcrumbs-content":"","ast-featured-img":"","footer-sml-layout":"","ast-disable-related-posts":"","theme-transparent-header-meta":"","adv-header-id-meta":"","stick-header-meta":"","header-above-stick-meta":"","header-main-stick-meta":"","header-below-stick-meta":"","astra-migrate-meta-layouts":"set","ast-page-background-enabled":"default","ast-page-background-meta":{"desktop":{"background-color":"","background-image":"","background-repeat":"repeat","background-position":"center center","background-size":"auto","background-attachment":"scroll","background-type":"","background-media":"","overlay-type":"","overlay-color":"","overlay-gradient":""},"tablet":{"background-color":"","background-image":"","background-repeat":"repeat","background-position":"center center","background-size":"auto","background-attachment":"scroll","background-type":"","background-media":"","overlay-type":"","overlay-color":"","overlay-gradient":""},"mobile":{"background-color":"","background-image":"","background-repeat":"repeat","background-position":"center center","background-size":"auto","background-attachment":"scroll","background-type":"","background-media":"","overlay-type":"","overlay-color":"","overlay-gradient":""}},"ast-content-background-meta":{"desktop":{"background-color":"var(--ast-global-color-5)","background-image":"","background-repeat":"repeat","background-position":"center center","background-size":"auto","background-attachment":"scroll","background-type":"","background-media":"","overlay-type":"","overlay-color":"","overlay-gradient":""},"tablet":{"background-color":"var(--ast-global-color-5)","background-image":"","background-repeat":"repeat","background-position":"center center","background-size":"auto","background-attachment":"scroll","background-type":"","background-media":"","overlay-type":"","overlay-color":"","overlay-gradient":""},"mobile":{"background-color":"var(--ast-global-color-5)","background-image":"","background-repeat":"repeat","background-position":"center center","background-size":"auto","background-attachment":"scroll","background-type":"","background-media":"","overlay-type":"","overlay-color":"","overlay-gradient":""}},"footnotes":""},"class_list":["post-2744","page","type-page","status-publish","has-post-thumbnail","hentry"],"_links":{"self":[{"href":"https:\/\/vehicleregistrationscostadelsol.com\/fi\/wp-json\/wp\/v2\/pages\/2744","targetHints":{"allow":["GET"]}}],"collection":[{"href":"https:\/\/vehicleregistrationscostadelsol.com\/fi\/wp-json\/wp\/v2\/pages"}],"about":[{"href":"https:\/\/vehicleregistrationscostadelsol.com\/fi\/wp-json\/wp\/v2\/types\/page"}],"author":[{"embeddable":true,"href":"https:\/\/vehicleregistrationscostadelsol.com\/fi\/wp-json\/wp\/v2\/users\/1"}],"replies":[{"embeddable":true,"href":"https:\/\/vehicleregistrationscostadelsol.com\/fi\/wp-json\/wp\/v2\/comments?post=2744"}],"version-history":[{"count":0,"href":"https:\/\/vehicleregistrationscostadelsol.com\/fi\/wp-json\/wp\/v2\/pages\/2744\/revisions"}],"wp:featuredmedia":[{"embeddable":true,"href":"https:\/\/vehicleregistrationscostadelsol.com\/fi\/wp-json\/wp\/v2\/media\/2756"}],"wp:attachment":[{"href":"https:\/\/vehicleregistrationscostadelsol.com\/fi\/wp-json\/wp\/v2\/media?parent=2744"}],"curies":[{"name":"wp","href":"https:\/\/api.w.org\/{rel}","templated":true}]}}