{"id":2797,"date":"2022-12-09T13:04:26","date_gmt":"2022-12-09T12:04:26","guid":{"rendered":"https:\/\/vehicleregistrationscostadelsol.com\/?page_id=2797"},"modified":"2026-02-07T14:38:50","modified_gmt":"2026-02-07T13:38:50","slug":"rekisteroi-ruotsalainen-ajoneuvo-espanjassa","status":"publish","type":"page","link":"https:\/\/vehicleregistrationscostadelsol.com\/fi\/register-a-swedish-vehicle-in-spain\/","title":{"rendered":"Rekister\u00f6i ruotsalainen ajoneuvo Espanjassa"},"content":{"rendered":"<p><strong>Ruotsalaisen ajoneuvon rekister\u00f6inti Espanjassa edellytt\u00e4\u00e4 Espanjan oikeudellisten, teknisten ja verotuksellisten vaatimusten huolellista k\u00e4sittely\u00e4.<\/strong> ITV-tarkastuksesta ja ficha t\u00e9cnica -asiakirjoista rekister\u00f6intiveroihin ja DGT:n lopulliseen hyv\u00e4ksynt\u00e4\u00e4n prosessi voi olla monimutkainen ja aikaa viev\u00e4. Tarjoamme t\u00e4ydellisen rekister\u00f6intipalvelun Ruotsissa rekister\u00f6idyille ajoneuvoille ja varmistamme, ett\u00e4 autosi on laillisesti rekister\u00f6ity Espanjan kilviin ja t\u00e4ysin Espanjan s\u00e4\u00e4nn\u00f6sten mukainen. <strong>Koska ruotsalaiset ajoneuvot on rekister\u00f6ity EU:ssa, prosessi on yleens\u00e4 paljon suoraviivaisempi kuin EU:n ulkopuolisten maahantuojien tapauksessa, ja ajoneuvoon on teht\u00e4v\u00e4 vain v\u00e4h\u00e4n muutoksia ennen ITV:t\u00e4.<\/strong><br><\/p><div id=\"ez-toc-container\" class=\"ez-toc-v2_0_82_2 counter-hierarchy ez-toc-counter ez-toc-grey ez-toc-container-direction\">\n<div class=\"ez-toc-title-container\">\n<p class=\"ez-toc-title\" style=\"cursor:inherit\">Sis\u00e4llysluettelo<\/p>\n<span class=\"ez-toc-title-toggle\"><a href=\"#\" class=\"ez-toc-pull-right ez-toc-btn ez-toc-btn-xs ez-toc-btn-default ez-toc-toggle\" aria-label=\"Sis\u00e4llysluettelon vaihtaminen\"><span class=\"ez-toc-js-icon-con\"><span class=\"\"><span class=\"eztoc-hide\" style=\"display:none;\">Toggle<\/span><span class=\"ez-toc-icon-toggle-span\"><svg style=\"fill: #999;color:#999\" xmlns=\"http:\/\/www.w3.org\/2000\/svg\" class=\"list-377408\" width=\"20px\" height=\"20px\" viewbox=\"0 0 24 24\" fill=\"none\"><path d=\"M6 6H4v2h2V6zm14 0H8v2h12V6zM4 11h2v2H4v-2zm16 0H8v2h12v-2zM4 16h2v2H4v-2zm16 0H8v2h12v-2z\" fill=\"currentColor\"><\/path><\/svg><svg style=\"fill: #999;color:#999\" class=\"arrow-unsorted-368013\" xmlns=\"http:\/\/www.w3.org\/2000\/svg\" width=\"10px\" height=\"10px\" viewbox=\"0 0 24 24\" version=\"1.2\" baseprofile=\"tiny\"><path d=\"M18.2 9.3l-6.2-6.3-6.2 6.3c-.2.2-.3.4-.3.7s.1.5.3.7c.2.2.4.3.7.3h11c.3 0 .5-.1.7-.3.2-.2.3-.5.3-.7s-.1-.5-.3-.7zM5.8 14.7l6.2 6.3 6.2-6.3c.2-.2.3-.5.3-.7s-.1-.5-.3-.7c-.2-.2-.4-.3-.7-.3h-11c-.3 0-.5.1-.7.3-.2.2-.3.5-.3.7s.1.5.3.7z\"\/><\/svg><\/span><\/span><\/span><\/a><\/span><\/div>\n<nav><ul class='ez-toc-list ez-toc-list-level-1' ><li class='ez-toc-page-1 ez-toc-heading-level-2'><a class=\"ez-toc-link ez-toc-heading-1\" href=\"https:\/\/vehicleregistrationscostadelsol.com\/fi\/register-a-swedish-vehicle-in-spain\/#Do_You_Book_The_ITV\" >Varaatko ITV:n?<\/a><ul class='ez-toc-list-level-3' ><li class='ez-toc-heading-level-3'><a class=\"ez-toc-link ez-toc-heading-2\" href=\"https:\/\/vehicleregistrationscostadelsol.com\/fi\/register-a-swedish-vehicle-in-spain\/#Have_You_Registered_Many_Swedish_Vehicles_Onto_Spanish_Number_Plates\" >Oletko rekister\u00f6inyt monia ruotsalaisia ajoneuvoja espanjalaisiin rekisterikilpiin?<\/a><ul class='ez-toc-list-level-4' ><li class='ez-toc-heading-level-4'><a class=\"ez-toc-link ez-toc-heading-3\" href=\"https:\/\/vehicleregistrationscostadelsol.com\/fi\/register-a-swedish-vehicle-in-spain\/#What_Paperwork_Is_Needed_To_Register_A_Swedish_Vehicle_In_Spain\" >Mit\u00e4 papereita tarvitaan ruotsalaisen ajoneuvon rekister\u00f6imiseen Espanjassa?<\/a><\/li><li class='ez-toc-page-1 ez-toc-heading-level-4'><a class=\"ez-toc-link ez-toc-heading-4\" href=\"https:\/\/vehicleregistrationscostadelsol.com\/fi\/register-a-swedish-vehicle-in-spain\/#Are_There_Taxes_To_Pay\" >Onko maksettavia veroja?<\/a><ul class='ez-toc-list-level-5' ><li class='ez-toc-heading-level-5'><a class=\"ez-toc-link ez-toc-heading-5\" href=\"https:\/\/vehicleregistrationscostadelsol.com\/fi\/register-a-swedish-vehicle-in-spain\/#What_Other_Things_Can_Go_Wrong_Registering_A_Swedish_Vehicle_In_Spain\" >Mit\u00e4 muita asioita voi menn\u00e4 pieleen ruotsalaisen ajoneuvon rekister\u00f6iminen Espanjassa.<\/a><\/li><li class='ez-toc-page-1 ez-toc-heading-level-5'><a class=\"ez-toc-link ez-toc-heading-6\" href=\"https:\/\/vehicleregistrationscostadelsol.com\/fi\/register-a-swedish-vehicle-in-spain\/#Do_you_need_both_parts_1_and_2_for_a_Swedish_Vehicle_Registration_certificate_registreringsbevis\" >Tarvitsetko molemmat osat 1 ja 2 ruotsalaista ajoneuvoa varten. Rekister\u00f6intitodistus (registreringsbevis).<\/a><\/li><\/ul><\/li><\/ul><\/li><\/ul><\/li><\/ul><\/nav><\/div>\n\n\n\n\n<p>Ruotsalaiset autot rekister\u00f6id\u00e4\u00e4n EU:n ajoneuvoaseman mukaisesti, joten ruotsalaisen ajoneuvon rekister\u00f6inti Espanjassa on melko yksinkertaista. EU:n ajoneuvoissa Espanjassa kaikki ajoneuvon vempaimet ovat oikeilla paikoillaan. Valot, ohjauspy\u00f6r\u00e4, peilit jne. ovat kaikki oikeilla paikoillaan, eik\u00e4 mit\u00e4\u00e4n tarvitse juurikaan muuttaa paljon Pre ITV. ITV on sama kuin&nbsp;<a href=\"https:\/\/korkortonline.se\/en\/theory\/roadworthiness-test\/\" target=\"_blank\" rel=\"noreferrer noopener\">katsastus Ruotsissa.<\/a><\/p>\n\n\n\n<p>Tarjoamme ruotsalaiselle ajoneuvollesi ilmaisen ITV:n ennakkotarkastuksen n\u00e4hd\u00e4ksemme, onko jotain ilmeist\u00e4, mik\u00e4 saattaa ep\u00e4onnistua ITV:ss\u00e4, tarkistamme my\u00f6s valot, renkaat ja UUSI OBD (On Board Diagnostics) -lukemat ennen kuin ajoneuvo menee ITV-katsastukseen. OBD:n viat ovat nyt v\u00e4litt\u00f6mi\u00e4.<\/p>\n\n\n\n<h2 class=\"wp-block-heading\"><span class=\"ez-toc-section\" id=\"Do_You_Book_The_ITV\"><\/span>Varaatko ITV:n?<span class=\"ez-toc-section-end\"><\/span><\/h2>\n\n\n\n<p>Kyll\u00e4, varaamme ITV:n, l\u00e4het\u00e4mme tiedoston, jossa on kaikki oikeat paperit ja ajamme ajoneuvon ITV:n l\u00e4pi puolestasi. Hoidamme paperity\u00f6t ennen ja j\u00e4lkeen teknisen testin (ITV) tapaat meid\u00e4t siell\u00e4. Jos et ole maantieteellisesti l\u00e4hell\u00e4 meit\u00e4, lue t\u00e4m\u00e4 artikkeli&nbsp;<a href=\"https:\/\/vehicleregistrationscostadelsol.com\/fi\/ajoneuvojen-rekisteroinnin-etapalvelu-espanjassa\/\" target=\"_blank\" rel=\"noreferrer noopener\">et\u00e4palvelussamme<\/a>. Sik\u00e4li kuin tied\u00e4mme, tarjoamme kattavimman perusteellisen palvelun Costa Del Solilla. ITV:n viat sis\u00e4ltyv\u00e4t my\u00f6s ILMAiseen toiseen testiin, kun ajoneuvo on korjannut sen, mik\u00e4 on ep\u00e4onnistunut, ja autamme my\u00f6s luotettavia mekaanikkoja.<\/p>\n\n\n\n<h3 class=\"wp-block-heading\"><span class=\"ez-toc-section\" id=\"Have_You_Registered_Many_Swedish_Vehicles_Onto_Spanish_Number_Plates\"><\/span>Oletko rekister\u00f6inyt monia ruotsalaisia ajoneuvoja espanjalaisiin rekisterikilpiin?<span class=\"ez-toc-section-end\"><\/span><\/h3>\n\n\n\n<p>Kyll\u00e4, olemme menett\u00e4neet m\u00e4\u00e4r\u00e4n. Ota yhteytt\u00e4, niin teemme ajoneuvosi tutkimuksen. Ruotsalaiset autot ovat yleens\u00e4 hyvin huollettuja ja huollettu t\u00e4m\u00e4 minimoi mahdolliset rekister\u00f6intih\u00e4iri\u00f6t. ?<\/p>\n\n\n\n<h4 class=\"wp-block-heading\"><span class=\"ez-toc-section\" id=\"What_Paperwork_Is_Needed_To_Register_A_Swedish_Vehicle_In_Spain\"><\/span>Mit\u00e4 papereita tarvitaan ruotsalaisen ajoneuvon rekister\u00f6imiseen Espanjassa?<span class=\"ez-toc-section-end\"><\/span><\/h4>\n\n\n\n<ul class=\"wp-block-list\">\n<li>Kopio passistasi<\/li>\n\n\n\n<li>Kopio osoitteesta (Padron, asiakirjat tai vuokrasopimus)<\/li>\n\n\n\n<li>Ajoneuvon rekister\u00f6intiasiakirja(t) osat 1 ja 2 <\/li>\n\n\n\n<li>Vaatimustenmukaisuustodistus, jos ajoneuvolla on sellainen.<\/li>\n<\/ul>\n\n\n\n<h4 class=\"wp-block-heading\"><span class=\"ez-toc-section\" id=\"Are_There_Taxes_To_Pay\"><\/span>Onko maksettavia veroja?<span class=\"ez-toc-section-end\"><\/span><\/h4>\n\n\n\n<p>Ainoat &quot;ylim\u00e4\u00e4r\u00e4iset&quot; verot, jotka maksetaan, ovat omistusoikeuden siirto, jos ajoneuvo ei ole viel\u00e4 sinun nimiss\u00e4si (voimme tarjota t\u00e4m\u00e4n palvelun) tai p\u00e4\u00e4st\u00f6maksut. P\u00e4\u00e4st\u00f6maksut koskevat kaikkia ajoneuvoja, joiden massa on yli 120 GPKM (grammaa per kilometri). Voimme kertoa asiakirjoistasi tarkalleen, mit\u00e4 p\u00e4\u00e4st\u00f6maksut maksavat.<\/p>\n\n\n\n<div class=\"wp-block-buttons is-layout-flex wp-block-buttons-is-layout-flex\">\n<div class=\"wp-block-button\"><a class=\"wp-block-button__link wp-element-button\" href=\"https:\/\/api.whatsapp.com\/send?phone=34696337629&amp;text=Regards%20a%20Swedish%20Vehicle.....\" target=\"_blank\" rel=\"noreferrer noopener\">WhatsApp meille<\/a><\/div>\n<\/div>\n\n\n\n<div style=\"height:15px\" aria-hidden=\"true\" class=\"wp-block-spacer\"><\/div>\n\n\n\n<h5 class=\"wp-block-heading\"><span class=\"ez-toc-section\" id=\"What_Other_Things_Can_Go_Wrong_Registering_A_Swedish_Vehicle_In_Spain\"><\/span>Mit\u00e4 muita asioita voi menn\u00e4 pieleen ruotsalaisen ajoneuvon rekister\u00f6iminen Espanjassa.<span class=\"ez-toc-section-end\"><\/span><\/h5>\n\n\n\n<p>Ajoneuvon on oltava eurooppalaisten standardien mukainen. Ruotsalainen rekisterikilpi tai Ruotsista ostettu ajoneuvo ei takaa, ett\u00e4 siin\u00e4 on EU:n vaatimustenmukaisuusleima; voimme tarkistaa t\u00e4m\u00e4n puolestasi. Jos ruotsalaisesta ajoneuvosta puuttuu t\u00e4m\u00e4 todistus, sen rekister\u00f6intiin Espanjassa sovelletaan T\u00c4YTT\u00c4 tuontitullia ja IVA:ta (arvonlis\u00e4veroa).<\/p>\n\n\n\n<p>Ellei sinulla ole tai aiot asua Espanjassa. T\u00e4ss\u00e4 on aikaraja. Helpoin asia on&nbsp;<a href=\"https:\/\/vehicleregistrationscostadelsol.com\/fi\/ottaa-yhteytta\/\" target=\"_blank\" rel=\"noreferrer noopener\">ota meihin yhteytt\u00e4<\/a>&nbsp;ja anna meid\u00e4n tarkistaa paperit ja tilanteesi. Tai sovi auton ajamisesta meille.<\/p>\n\n\n\n<h5 class=\"wp-block-heading\"><span class=\"ez-toc-section\" id=\"Do_you_need_both_parts_1_and_2_for_a_Swedish_Vehicle_Registration_certificate_registreringsbevis\"><\/span>Tarvitsetko molemmat osat 1 ja 2 ruotsalaista ajoneuvoa varten. Rekister\u00f6intitodistus (registreringsbevis).<span class=\"ez-toc-section-end\"><\/span><\/h5>\n\n\n\n<p>Kyll\u00e4, ruotsalaisessa ajoneuvon rekister\u00f6intiasiakirjassa on kaksi paperiosaa. Keltainen ja sininen asiakirja ovat periaatteessa osa 1 ja osa 2. Molempia tarvitaan Espanjassa ajoneuvon lopullista rekister\u00f6inti\u00e4 varten. Jos sinulla ei ole molempia, \u00e4l\u00e4 huoli, voimme hoitaa ITV-tarkastuksen hankkimisen siit\u00e4 huolimatta. Molemmat asiakirjat on kuitenkin hankittava ennen ajoneuvon rekister\u00f6innin suorittamista.<\/p>\n\n\n\n<p>Tied\u00e4mme, ett\u00e4 joskus alkuper\u00e4maa ei aina tarvitse molempia asiakirjoja, Espanjassa on v\u00e4ltt\u00e4m\u00e4t\u00f6nt\u00e4, ett\u00e4 sinulla on ne. ota yhteytt\u00e4, jos sinulla ei ole molempia osia 1 ja 2, niin autamme. <\/p>","protected":false},"excerpt":{"rendered":"<p>To register a Swedish vehicle in Spain requires careful handling of Spanish legal, technical and tax requirements. From ITV inspection and ficha t\u00e9cnica documentation to registration taxes and final DGT approval, the process can be complex and time-sensitive. We provide a complete registration service for Swedish-registered vehicles, ensuring your car is legally matriculated on Spanish [&hellip;]<\/p>\n","protected":false},"author":1,"featured_media":2656,"parent":0,"menu_order":0,"comment_status":"closed","ping_status":"closed","template":"","meta":{"site-sidebar-layout":"default","site-content-layout":"","ast-site-content-layout":"default","site-content-style":"default","site-sidebar-style":"default","ast-global-header-display":"","ast-banner-title-visibility":"","ast-main-header-display":"","ast-hfb-above-header-display":"","ast-hfb-below-header-display":"","ast-hfb-mobile-header-display":"","site-post-title":"","ast-breadcrumbs-content":"","ast-featured-img":"","footer-sml-layout":"","ast-disable-related-posts":"","theme-transparent-header-meta":"","adv-header-id-meta":"","stick-header-meta":"","header-above-stick-meta":"","header-main-stick-meta":"","header-below-stick-meta":"","astra-migrate-meta-layouts":"set","ast-page-background-enabled":"default","ast-page-background-meta":{"desktop":{"background-color":"","background-image":"","background-repeat":"repeat","background-position":"center center","background-size":"auto","background-attachment":"scroll","background-type":"","background-media":"","overlay-type":"","overlay-color":"","overlay-gradient":""},"tablet":{"background-color":"","background-image":"","background-repeat":"repeat","background-position":"center center","background-size":"auto","background-attachment":"scroll","background-type":"","background-media":"","overlay-type":"","overlay-color":"","overlay-gradient":""},"mobile":{"background-color":"","background-image":"","background-repeat":"repeat","background-position":"center center","background-size":"auto","background-attachment":"scroll","background-type":"","background-media":"","overlay-type":"","overlay-color":"","overlay-gradient":""}},"ast-content-background-meta":{"desktop":{"background-color":"var(--ast-global-color-5)","background-image":"","background-repeat":"repeat","background-position":"center center","background-size":"auto","background-attachment":"scroll","background-type":"","background-media":"","overlay-type":"","overlay-color":"","overlay-gradient":""},"tablet":{"background-color":"var(--ast-global-color-5)","background-image":"","background-repeat":"repeat","background-position":"center center","background-size":"auto","background-attachment":"scroll","background-type":"","background-media":"","overlay-type":"","overlay-color":"","overlay-gradient":""},"mobile":{"background-color":"var(--ast-global-color-5)","background-image":"","background-repeat":"repeat","background-position":"center center","background-size":"auto","background-attachment":"scroll","background-type":"","background-media":"","overlay-type":"","overlay-color":"","overlay-gradient":""}},"footnotes":""},"class_list":["post-2797","page","type-page","status-publish","has-post-thumbnail","hentry"],"_links":{"self":[{"href":"https:\/\/vehicleregistrationscostadelsol.com\/fi\/wp-json\/wp\/v2\/pages\/2797","targetHints":{"allow":["GET"]}}],"collection":[{"href":"https:\/\/vehicleregistrationscostadelsol.com\/fi\/wp-json\/wp\/v2\/pages"}],"about":[{"href":"https:\/\/vehicleregistrationscostadelsol.com\/fi\/wp-json\/wp\/v2\/types\/page"}],"author":[{"embeddable":true,"href":"https:\/\/vehicleregistrationscostadelsol.com\/fi\/wp-json\/wp\/v2\/users\/1"}],"replies":[{"embeddable":true,"href":"https:\/\/vehicleregistrationscostadelsol.com\/fi\/wp-json\/wp\/v2\/comments?post=2797"}],"version-history":[{"count":5,"href":"https:\/\/vehicleregistrationscostadelsol.com\/fi\/wp-json\/wp\/v2\/pages\/2797\/revisions"}],"predecessor-version":[{"id":3460,"href":"https:\/\/vehicleregistrationscostadelsol.com\/fi\/wp-json\/wp\/v2\/pages\/2797\/revisions\/3460"}],"wp:featuredmedia":[{"embeddable":true,"href":"https:\/\/vehicleregistrationscostadelsol.com\/fi\/wp-json\/wp\/v2\/media\/2656"}],"wp:attachment":[{"href":"https:\/\/vehicleregistrationscostadelsol.com\/fi\/wp-json\/wp\/v2\/media?parent=2797"}],"curies":[{"name":"wp","href":"https:\/\/api.w.org\/{rel}","templated":true}]}}