{"id":2860,"date":"2023-02-28T14:15:49","date_gmt":"2023-02-28T13:15:49","guid":{"rendered":"https:\/\/vehicleregistrationscostadelsol.com\/?page_id=2860"},"modified":"2026-01-10T22:45:20","modified_gmt":"2026-01-10T21:45:20","slug":"tanskalaisen-ajoneuvon-rekisterointi-espanjassa","status":"publish","type":"page","link":"https:\/\/vehicleregistrationscostadelsol.com\/fi\/register-a-danish-vehicle-in-spain\/","title":{"rendered":"Tanskalaisen ajoneuvon rekister\u00f6inti Espanjassa"},"content":{"rendered":"<p>Tanskalaisen ajoneuvon rekister\u00f6inti Espanjassa on melko yksinkertaista. Useimmat Tanskasta per\u00e4isin olevat ajoneuvot on hoidettu hyvin, joten ne kannattaa ehdottomasti rekister\u00f6id\u00e4, sill\u00e4 vastaavat ajoneuvot Espanjassa ovat paljon kalliimpia. Kaikki sijaitsee oikeassa paikassa. Ajovalot, ohjauspy\u00f6r\u00e4 ja kilometrit ovat kaikki samassa j\u00e4rjestyksess\u00e4, kun ITV-tarkastus Espanjassa l\u00e4p\u00e4ist\u00e4\u00e4n. <\/p><div id=\"ez-toc-container\" class=\"ez-toc-v2_0_82_2 counter-hierarchy ez-toc-counter ez-toc-grey ez-toc-container-direction\">\n<div class=\"ez-toc-title-container\">\n<p class=\"ez-toc-title\" style=\"cursor:inherit\">Sis\u00e4llysluettelo<\/p>\n<span class=\"ez-toc-title-toggle\"><a href=\"#\" class=\"ez-toc-pull-right ez-toc-btn ez-toc-btn-xs ez-toc-btn-default ez-toc-toggle\" aria-label=\"Sis\u00e4llysluettelon vaihtaminen\"><span class=\"ez-toc-js-icon-con\"><span class=\"\"><span class=\"eztoc-hide\" style=\"display:none;\">Toggle<\/span><span class=\"ez-toc-icon-toggle-span\"><svg style=\"fill: #999;color:#999\" xmlns=\"http:\/\/www.w3.org\/2000\/svg\" class=\"list-377408\" width=\"20px\" height=\"20px\" viewbox=\"0 0 24 24\" fill=\"none\"><path d=\"M6 6H4v2h2V6zm14 0H8v2h12V6zM4 11h2v2H4v-2zm16 0H8v2h12v-2zM4 16h2v2H4v-2zm16 0H8v2h12v-2z\" fill=\"currentColor\"><\/path><\/svg><svg style=\"fill: #999;color:#999\" class=\"arrow-unsorted-368013\" xmlns=\"http:\/\/www.w3.org\/2000\/svg\" width=\"10px\" height=\"10px\" viewbox=\"0 0 24 24\" version=\"1.2\" baseprofile=\"tiny\"><path d=\"M18.2 9.3l-6.2-6.3-6.2 6.3c-.2.2-.3.4-.3.7s.1.5.3.7c.2.2.4.3.7.3h11c.3 0 .5-.1.7-.3.2-.2.3-.5.3-.7s-.1-.5-.3-.7zM5.8 14.7l6.2 6.3 6.2-6.3c.2-.2.3-.5.3-.7s-.1-.5-.3-.7c-.2-.2-.4-.3-.7-.3h-11c-.3 0-.5.1-.7.3-.2.2-.3.5-.3.7s.1.5.3.7z\"\/><\/svg><\/span><\/span><\/span><\/a><\/span><\/div>\n<nav><ul class='ez-toc-list ez-toc-list-level-1' ><li class='ez-toc-page-1 ez-toc-heading-level-3'><a class=\"ez-toc-link ez-toc-heading-1\" href=\"https:\/\/vehicleregistrationscostadelsol.com\/fi\/register-a-danish-vehicle-in-spain\/#What_is_required_to_Register_a_Danish_Vehicle_in_Spain\" >Mit\u00e4 vaaditaan tanskalaisen ajoneuvon rekister\u00f6intiin Espanjassa?<\/a><\/li><li class='ez-toc-page-1 ez-toc-heading-level-3'><a class=\"ez-toc-link ez-toc-heading-2\" href=\"https:\/\/vehicleregistrationscostadelsol.com\/fi\/register-a-danish-vehicle-in-spain\/#Paperwork_required_for_a_Danish_Vehicle\" >Tanskalaista ajoneuvoa varten tarvittavat paperit<\/a><\/li><li class='ez-toc-page-1 ez-toc-heading-level-3'><a class=\"ez-toc-link ez-toc-heading-3\" href=\"https:\/\/vehicleregistrationscostadelsol.com\/fi\/register-a-danish-vehicle-in-spain\/#How_do_you_get_a_free_Estimate_on_costs\" >Miten saat ilmaisen kustannusarvion?<\/a><ul class='ez-toc-list-level-4' ><li class='ez-toc-heading-level-4'><a class=\"ez-toc-link ez-toc-heading-4\" href=\"https:\/\/vehicleregistrationscostadelsol.com\/fi\/register-a-danish-vehicle-in-spain\/#Have_you_Registered_a_Vehicle_from_denmark_in_Spain_Before\" >Oletko rekister\u00f6inyt tanskalaisen ajoneuvon Espanjassa aiemmin?<\/a><\/li><\/ul><\/li><\/ul><\/nav><\/div>\n\n\n\n\n<h3 class=\"wp-block-heading\"><span class=\"ez-toc-section\" id=\"What_is_required_to_Register_a_Danish_Vehicle_in_Spain\"><\/span>Mit\u00e4 vaaditaan tanskalaisen ajoneuvon rekister\u00f6intiin Espanjassa?<span class=\"ez-toc-section-end\"><\/span><\/h3>\n\n\n\n<ul class=\"wp-block-list\">\n<li>Ajoneuvon rekister\u00f6intiasiakirjan 1 osa - Del 1(sininen)<\/li>\n\n\n\n<li>Ajoneuvon rekister\u00f6intiasiakirjan 2 osa - Del 2 (sininen) <\/li>\n\n\n\n<li>Osoitetodistus osoitteesta Espanjassa<\/li>\n\n\n\n<li>Henkil\u00f6llisyystodistus<\/li>\n<\/ul>\n\n\n\n<h3 class=\"wp-block-heading\"><span class=\"ez-toc-section\" id=\"Paperwork_required_for_a_Danish_Vehicle\"><\/span>Tanskalaista ajoneuvoa varten tarvittavat paperit<span class=\"ez-toc-section-end\"><\/span><\/h3>\n\n\n\n<p>Alla on esimerkki ajoneuvon rekister\u00f6intiasiakirjojen Del 1 ja Del 2 -osista. <strong>Ilman molempia osia et voi rekister\u00f6id\u00e4 tanskalaista ajoneuvoa Espanjassa.  <\/strong><\/p>\n\n\n\n<figure class=\"wp-block-gallery has-nested-images columns-default is-cropped wp-block-gallery-1 is-layout-flex wp-block-gallery-is-layout-flex\">\n<figure class=\"wp-block-image size-full\"><a href=\"https:\/\/www.danishroadtrafficauthority.dk\/\" target=\"_blank\" rel=\" noreferrer noopener\"><img decoding=\"async\" data-id=\"2863\" src=\"https:\/\/vehicleregistrationscostadelsol.com\/wp-content\/uploads\/2023\/02\/Danish-vehicle-regsitration-in-spain.webp\" alt=\"Auton rekister\u00f6inti Costa del sol\" class=\"wp-image-2863\" title=\"Rekister\u00f6i autosi Espanjassa\"><\/a><\/figure>\n<\/figure>\n\n\n\n<p><\/p>\n\n\n\n<p>T\u00e4m\u00e4 tarvitaan alkuper\u00e4isess\u00e4 muodossaan ITV:n teknisen tarkastuksen varaamista varten. Meid\u00e4n on my\u00f6s luotava tiedosto ja l\u00e4hetett\u00e4v\u00e4 se ITV-asemalle. Tarkista ajoneuvon vaatimustenmukaisuus varmistaaksesi, ett\u00e4 se todella voi suorittaa ajoneuvokatsastuksen. Ajoneuvon p\u00e4\u00e4st\u00f6t, rekister\u00f6intip\u00e4iv\u00e4m\u00e4\u00e4r\u00e4, moottori ja teho sek\u00e4 asiakirjan p\u00e4iv\u00e4m\u00e4\u00e4r\u00e4. <br><br><\/p>\n\n\n\n<h3 class=\"wp-block-heading\"><span class=\"ez-toc-section\" id=\"How_do_you_get_a_free_Estimate_on_costs\"><\/span>Miten saat ilmaisen kustannusarvion?<span class=\"ez-toc-section-end\"><\/span><\/h3>\n\n\n\n<p>Jos haluat saada nopean ja ilmaisen tarjouksen, t\u00e4yt\u00e4 lomake ja l\u00e4het\u00e4 meille ajoneuvosi rekister\u00f6intiasiakirjojen osat 1 ja 2. Kun olet t\u00e4ytt\u00e4nyt lomakkeen, sinulle l\u00e4hetet\u00e4\u00e4n s\u00e4hk\u00f6postiviesti, jonka avulla voit toimittaa asiakirjat s\u00e4hk\u00f6postitse tai WhatsAppin kautta. T\u00e4m\u00e4n j\u00e4lkeen annamme nopean tarjouksen, jossa on yksityiskohtaiset tiedot kustannuksista, menettelyist\u00e4 ja veroista, ja teemme kattavan analyysin ajoneuvosta.<\/p>\n\n\n\n<iframe src=\"https:\/\/www.cognitoforms.com\/f\/K4s97m8SD0mZMY-AxYnlJw\/10\" style=\"border:0;width:100%;\" height=\"1450\"><\/iframe>\n<script src=\"https:\/\/www.cognitoforms.com\/f\/iframe.js\"><\/script>\n\n\n\n<h4 class=\"wp-block-heading\"><span class=\"ez-toc-section\" id=\"Have_you_Registered_a_Vehicle_from_denmark_in_Spain_Before\"><\/span>Oletko rekister\u00f6inyt tanskalaisen ajoneuvon Espanjassa aiemmin?<span class=\"ez-toc-section-end\"><\/span><\/h4>\n\n\n\n<p>Kyll\u00e4, olemme rekister\u00f6ineet monia tanskalaisia ajoneuvoja t\u00e4\u00e4ll\u00e4 Espanjassa, ja prosessi on yleens\u00e4 melko yksinkertainen, koska tanskalainen ajoneuvo on vasen ohjain. Itse asiassa olemme rekister\u00f6ineet monia <a href=\"https:\/\/vehicleregistrationscostadelsol.com\/fi\/moottoripyoran-rekisterointi-espanjassa\/\">Tanskalaiset moottoripy\u00f6r\u00e4t<\/a> my\u00f6s. Tanskasta tulevien ajoneuvojen tekninen tarkastus on eritt\u00e4in hyv\u00e4, ja yleens\u00e4 ne on katsastettu hyvin, koska niist\u00e4 on pidetty hyv\u00e4\u00e4 huolta.<\/p>\n\n\n\n<p><\/p>\n\n\n\n<p><\/p>","protected":false},"excerpt":{"rendered":"<p>Registering a Danish vehicle in Spain is pretty straight forward. Most vehicles from Denmark have been well looked after which means they are definitely worth registering as the equivalent vehicles in Spain are much more expensive. Everything is located in the correct place. The headlights, steering wheel and kilometres are all in synch with passing [&hellip;]<\/p>\n","protected":false},"author":1,"featured_media":0,"parent":0,"menu_order":0,"comment_status":"closed","ping_status":"closed","template":"","meta":{"site-sidebar-layout":"default","site-content-layout":"","ast-site-content-layout":"default","site-content-style":"default","site-sidebar-style":"default","ast-global-header-display":"","ast-banner-title-visibility":"","ast-main-header-display":"","ast-hfb-above-header-display":"","ast-hfb-below-header-display":"","ast-hfb-mobile-header-display":"","site-post-title":"","ast-breadcrumbs-content":"","ast-featured-img":"","footer-sml-layout":"","ast-disable-related-posts":"","theme-transparent-header-meta":"","adv-header-id-meta":"","stick-header-meta":"","header-above-stick-meta":"","header-main-stick-meta":"","header-below-stick-meta":"","astra-migrate-meta-layouts":"set","ast-page-background-enabled":"default","ast-page-background-meta":{"desktop":{"background-color":"","background-image":"","background-repeat":"repeat","background-position":"center center","background-size":"auto","background-attachment":"scroll","background-type":"","background-media":"","overlay-type":"","overlay-color":"","overlay-gradient":""},"tablet":{"background-color":"","background-image":"","background-repeat":"repeat","background-position":"center center","background-size":"auto","background-attachment":"scroll","background-type":"","background-media":"","overlay-type":"","overlay-color":"","overlay-gradient":""},"mobile":{"background-color":"","background-image":"","background-repeat":"repeat","background-position":"center center","background-size":"auto","background-attachment":"scroll","background-type":"","background-media":"","overlay-type":"","overlay-color":"","overlay-gradient":""}},"ast-content-background-meta":{"desktop":{"background-color":"var(--ast-global-color-5)","background-image":"","background-repeat":"repeat","background-position":"center center","background-size":"auto","background-attachment":"scroll","background-type":"","background-media":"","overlay-type":"","overlay-color":"","overlay-gradient":""},"tablet":{"background-color":"var(--ast-global-color-5)","background-image":"","background-repeat":"repeat","background-position":"center center","background-size":"auto","background-attachment":"scroll","background-type":"","background-media":"","overlay-type":"","overlay-color":"","overlay-gradient":""},"mobile":{"background-color":"var(--ast-global-color-5)","background-image":"","background-repeat":"repeat","background-position":"center center","background-size":"auto","background-attachment":"scroll","background-type":"","background-media":"","overlay-type":"","overlay-color":"","overlay-gradient":""}},"footnotes":""},"class_list":["post-2860","page","type-page","status-publish","hentry"],"_links":{"self":[{"href":"https:\/\/vehicleregistrationscostadelsol.com\/fi\/wp-json\/wp\/v2\/pages\/2860","targetHints":{"allow":["GET"]}}],"collection":[{"href":"https:\/\/vehicleregistrationscostadelsol.com\/fi\/wp-json\/wp\/v2\/pages"}],"about":[{"href":"https:\/\/vehicleregistrationscostadelsol.com\/fi\/wp-json\/wp\/v2\/types\/page"}],"author":[{"embeddable":true,"href":"https:\/\/vehicleregistrationscostadelsol.com\/fi\/wp-json\/wp\/v2\/users\/1"}],"replies":[{"embeddable":true,"href":"https:\/\/vehicleregistrationscostadelsol.com\/fi\/wp-json\/wp\/v2\/comments?post=2860"}],"version-history":[{"count":1,"href":"https:\/\/vehicleregistrationscostadelsol.com\/fi\/wp-json\/wp\/v2\/pages\/2860\/revisions"}],"predecessor-version":[{"id":3383,"href":"https:\/\/vehicleregistrationscostadelsol.com\/fi\/wp-json\/wp\/v2\/pages\/2860\/revisions\/3383"}],"wp:attachment":[{"href":"https:\/\/vehicleregistrationscostadelsol.com\/fi\/wp-json\/wp\/v2\/media?parent=2860"}],"curies":[{"name":"wp","href":"https:\/\/api.w.org\/{rel}","templated":true}]}}