{"id":2941,"date":"2023-07-27T20:27:42","date_gmt":"2023-07-27T18:27:42","guid":{"rendered":"https:\/\/vehicleregistrationscostadelsol.com\/?page_id=2941"},"modified":"2023-08-02T14:41:54","modified_gmt":"2023-08-02T12:41:54","slug":"italialaisen-auton-rekisterointi-espanjassa","status":"publish","type":"page","link":"https:\/\/vehicleregistrationscostadelsol.com\/fi\/register-an-italian-car-in-spain\/","title":{"rendered":"Italialaisen auton rekister\u00f6inti Espanjassa"},"content":{"rendered":"<p>Meill\u00e4 on palvelu, jonka avulla italialainen ajoneuvosi voidaan rekister\u00f6id\u00e4 Espanjassa. Olemme rekister\u00f6ineet joitakin loistavia italialaisia autoja Espanjassa. Alfat, Ferrarit ja jopa Lamborghinit olemme toimittaneet ajoneuvon rekister\u00f6intiprosessin l\u00e4pi, suorittaneet teknisen testin ja rekister\u00f6ineet ajoneuvon. <\/p>\n\n\n\n<p>Olemme havainneet, ett\u00e4 italialaiset autot ovat usein hyvin hoidettuja ja l\u00e4p\u00e4isev\u00e4t yleens\u00e4 ITV:n teknisen testin ongelmitta. Italialaisen ajoneuvon rekister\u00f6imiseksi Espanjassa on kuitenkin k\u00e4yt\u00e4v\u00e4 l\u00e4pi tiettyj\u00e4 esteit\u00e4. <\/p>\n\n\n\n<p>Ensinn\u00e4kin sinun on tiedett\u00e4v\u00e4, mitk\u00e4 ovat p\u00e4\u00e4st\u00f6verot. Periaatteessa kaikesta yli 120 GPKM C02-p\u00e4\u00e4st\u00f6ist\u00e4 maksetaan valtiolle veroa. Mit\u00e4 vanhempi ajoneuvo on, sit\u00e4 pienempi on vero, ja mit\u00e4 pienemm\u00e4t p\u00e4\u00e4st\u00f6t, sit\u00e4 pienempi on vero. Voimme tarkistaa t\u00e4m\u00e4n luvun puolestasi. <\/p>\n\n\n\n<p>Rekister\u00f6intikustannukset riippuvat my\u00f6s useista muista tekij\u00f6ist\u00e4, jos sinulla on <a href=\"https:\/\/vehicleregistrationscostadelsol.com\/fi\/ficha-technican-tai-vaatimustenmukaisuustodistuksen-hankkiminen-espanjassa\/\" data-type=\"URL\" data-id=\"https:\/\/vehicleregistrationscostadelsol.com\/getting-a-ficha-technica-or-a-certificate-of-conformity-in-spain\/\" target=\"_blank\" rel=\"noreferrer noopener\">vaatimustenmukaisuustodistus<\/a>ajoneuvon ik\u00e4 ja moottori. Tarjoamme maksuttoman tarjouksen ilman velvoitteita, joten ota yhteytt\u00e4. <\/p>\n\n\n\n<h3 class=\"wp-block-heading\">Mit\u00e4 italialaisen auton rekister\u00f6inti Espanjassa edellytt\u00e4\u00e4?<\/h3>\n\n\n\n<p>Tarvitset:<\/p>\n\n\n\n<ul class=\"wp-block-list\">\n<li>Italain Vehcile -rekister\u00f6intiasiakirjan osat 1 ja 2<\/li>\n\n\n\n<li>Vaatimustenmukaisuustodistus<\/li>\n\n\n\n<li>Passi , NIE tai oleskelukortti<\/li>\n<\/ul>\n\n\n\n<h3 class=\"wp-block-heading\">Voiko italialaisen auton rekister\u00f6id\u00e4 ulkomailla asuvana?<\/h3>\n\n\n\n<p>Kyll\u00e4, ei ole mit\u00e4\u00e4n ongelmaa. Sinun ei tarvitse asua Espanjassa rekister\u00f6id\u00e4ksesi italialaista autoa Espanjassa, ja vaikka olisitkin, kustannukset ovat t\u00e4sm\u00e4lleen samat kummassakin tapauksessa. <\/p>\n\n\n\n<h3 class=\"wp-block-heading\">Pysyyk\u00f6 nykyinen tekninen testini voimassa?<\/h3>\n\n\n\n<p>Kaikille italialaisen ajoneuvon uusille rekister\u00f6inneille on suoritettava ITV-tarkastus Espanjassa. Vaikka ajoneuvo olisi alle 4 vuotta vanha. <\/p>\n\n\n\n<p>Teknisen tarkastuksen tarkoituksena on tarkastaa ajoneuvon mekaaniset ominaisuudet sek\u00e4 ajoneuvon ja mittareiden vaatimustenmukaisuus, jotta varmistetaan, ett\u00e4 kaikki on tieliikennekelpoista. <\/p>\n\n\n\n<p><\/p>","protected":false},"excerpt":{"rendered":"<p>Having your Italian Vehicle registered in Spain is something we have a service for. We have registered some brilliant Italian cars in Spain. Alfas, Ferraris and even Lamborghinis we have put through the Vehicle regsitration process, took a technical test and registered the vehicle. We have found that Italian cars are often well looked after [&hellip;]<\/p>\n","protected":false},"author":1,"featured_media":2946,"parent":0,"menu_order":0,"comment_status":"closed","ping_status":"closed","template":"","meta":{"site-sidebar-layout":"default","site-content-layout":"","ast-site-content-layout":"default","site-content-style":"default","site-sidebar-style":"default","ast-global-header-display":"","ast-banner-title-visibility":"","ast-main-header-display":"","ast-hfb-above-header-display":"","ast-hfb-below-header-display":"","ast-hfb-mobile-header-display":"","site-post-title":"","ast-breadcrumbs-content":"","ast-featured-img":"","footer-sml-layout":"","ast-disable-related-posts":"","theme-transparent-header-meta":"","adv-header-id-meta":"","stick-header-meta":"","header-above-stick-meta":"","header-main-stick-meta":"","header-below-stick-meta":"","astra-migrate-meta-layouts":"default","ast-page-background-enabled":"default","ast-page-background-meta":{"desktop":{"background-color":"","background-image":"","background-repeat":"repeat","background-position":"center center","background-size":"auto","background-attachment":"scroll","background-type":"","background-media":"","overlay-type":"","overlay-color":"","overlay-opacity":"","overlay-gradient":""},"tablet":{"background-color":"","background-image":"","background-repeat":"repeat","background-position":"center center","background-size":"auto","background-attachment":"scroll","background-type":"","background-media":"","overlay-type":"","overlay-color":"","overlay-opacity":"","overlay-gradient":""},"mobile":{"background-color":"","background-image":"","background-repeat":"repeat","background-position":"center center","background-size":"auto","background-attachment":"scroll","background-type":"","background-media":"","overlay-type":"","overlay-color":"","overlay-opacity":"","overlay-gradient":""}},"ast-content-background-meta":{"desktop":{"background-color":"var(--ast-global-color-5)","background-image":"","background-repeat":"repeat","background-position":"center center","background-size":"auto","background-attachment":"scroll","background-type":"","background-media":"","overlay-type":"","overlay-color":"","overlay-opacity":"","overlay-gradient":""},"tablet":{"background-color":"var(--ast-global-color-5)","background-image":"","background-repeat":"repeat","background-position":"center center","background-size":"auto","background-attachment":"scroll","background-type":"","background-media":"","overlay-type":"","overlay-color":"","overlay-opacity":"","overlay-gradient":""},"mobile":{"background-color":"var(--ast-global-color-5)","background-image":"","background-repeat":"repeat","background-position":"center center","background-size":"auto","background-attachment":"scroll","background-type":"","background-media":"","overlay-type":"","overlay-color":"","overlay-opacity":"","overlay-gradient":""}},"footnotes":""},"class_list":["post-2941","page","type-page","status-publish","has-post-thumbnail","hentry"],"_links":{"self":[{"href":"https:\/\/vehicleregistrationscostadelsol.com\/fi\/wp-json\/wp\/v2\/pages\/2941","targetHints":{"allow":["GET"]}}],"collection":[{"href":"https:\/\/vehicleregistrationscostadelsol.com\/fi\/wp-json\/wp\/v2\/pages"}],"about":[{"href":"https:\/\/vehicleregistrationscostadelsol.com\/fi\/wp-json\/wp\/v2\/types\/page"}],"author":[{"embeddable":true,"href":"https:\/\/vehicleregistrationscostadelsol.com\/fi\/wp-json\/wp\/v2\/users\/1"}],"replies":[{"embeddable":true,"href":"https:\/\/vehicleregistrationscostadelsol.com\/fi\/wp-json\/wp\/v2\/comments?post=2941"}],"version-history":[{"count":0,"href":"https:\/\/vehicleregistrationscostadelsol.com\/fi\/wp-json\/wp\/v2\/pages\/2941\/revisions"}],"wp:featuredmedia":[{"embeddable":true,"href":"https:\/\/vehicleregistrationscostadelsol.com\/fi\/wp-json\/wp\/v2\/media\/2946"}],"wp:attachment":[{"href":"https:\/\/vehicleregistrationscostadelsol.com\/fi\/wp-json\/wp\/v2\/media?parent=2941"}],"curies":[{"name":"wp","href":"https:\/\/api.w.org\/{rel}","templated":true}]}}