{"id":3049,"date":"2024-01-31T13:17:47","date_gmt":"2024-01-31T12:17:47","guid":{"rendered":"https:\/\/vehicleregistrationscostadelsol.com\/?page_id=3049"},"modified":"2026-01-10T22:44:51","modified_gmt":"2026-01-10T21:44:51","slug":"rekisteroida-amerikkalainen-auto-espanjassa","status":"publish","type":"page","link":"https:\/\/vehicleregistrationscostadelsol.com\/fi\/register-an-american-car-in-spain\/","title":{"rendered":"Rekister\u00f6i amerikkalainen auto Espanjassa"},"content":{"rendered":"<figure class=\"wp-block-image size-large\"><img fetchpriority=\"high\" decoding=\"async\" width=\"1024\" height=\"427\" src=\"https:\/\/vehicleregistrationscostadelsol.com\/wp-content\/uploads\/2024\/01\/Register-an-American-car-in-Spain-1024x427.webp\" alt=\"Auton rekister\u00f6inti Costa del sol\" class=\"wp-image-3050\" title=\"Rekister\u00f6i autosi Espanjassa\" srcset=\"https:\/\/vehicleregistrationscostadelsol.com\/wp-content\/uploads\/2024\/01\/Register-an-American-car-in-Spain-1024x427.webp 1024w, https:\/\/vehicleregistrationscostadelsol.com\/wp-content\/uploads\/2024\/01\/Register-an-American-car-in-Spain-300x125.webp 300w, https:\/\/vehicleregistrationscostadelsol.com\/wp-content\/uploads\/2024\/01\/Register-an-American-car-in-Spain-768x320.webp 768w, https:\/\/vehicleregistrationscostadelsol.com\/wp-content\/uploads\/2024\/01\/Register-an-American-car-in-Spain-18x8.webp 18w, https:\/\/vehicleregistrationscostadelsol.com\/wp-content\/uploads\/2024\/01\/Register-an-American-car-in-Spain.webp 1200w\" sizes=\"(max-width: 1024px) 100vw, 1024px\" \/><\/figure>\n\n\n\n<p>Amerikkalaisen auton rekister\u00f6imiseksi Espanjassa on useita eri vaihtoehtoja. Alla on esitetty, mit\u00e4 vaiheita tarvitaan, jotta amerikkalainen ajoneuvo voidaan rekister\u00f6id\u00e4 Espanjassa. On muutamia asioita, jotka on otettava huomioon ennen kuin l\u00e4het\u00e4t ja tuot ajoneuvosi Espanjaan. Ensinn\u00e4kin kaikki Espanjaan tuotavat amerikkalaiset ajoneuvot tarvitsevat tuontitodistuksen, jonka voi saada kahdella tavalla.  <\/p>\n\n\n\n<ul class=\"wp-block-list\">\n<li>Saat tuontitodistuksen tai DUA-todistuksen Espanjaan saapuessasi. Jos ajoneuvon mukana on useita muita tavaroita, t\u00e4m\u00e4 voi tulla halvemmaksi. <\/li>\n\n\n\n<li>Poistat tuontitullit, jotka johtuvat siit\u00e4, ett\u00e4 olet asunut Espanjassa. <\/li>\n<\/ul>\n\n\n\n<h2 class=\"wp-block-heading\">Voiko maahantuontitullit ja arvonlis\u00e4veron poistaa, jos h\u00e4nest\u00e4 tulee kotimainen asukas?<\/h2>\n\n\n\n<p>Espanjaan tuotavat amerikkalaiset ajoneuvot: kyll\u00e4, voitte luopua tuontitullista ja arvonlis\u00e4verosta, jos teist\u00e4 tulee Espanjassa asuva henkil\u00f6. Ajoneuvon on oltava ollut omistuksessa yli kuusi kuukautta ennen oleskeluluvan my\u00f6nt\u00e4misp\u00e4iv\u00e4\u00e4, ja ajoneuvon on oltava rekister\u00f6ity ajoneuvon rekister\u00f6ineen henkil\u00f6n nimiin. <\/p>\n\n\n\n<p>Ajoneuvoa ei voida rekister\u00f6id\u00e4 eik\u00e4 verovapautusta voida my\u00f6nt\u00e4\u00e4 ennen kuin sinulle on my\u00f6nnetty varsinainen TIE-kortti Espanjassa. Voit ajaa ajoneuvoa sill\u00e4 v\u00e4lin edellytt\u00e4en, ett\u00e4 ajoneuvolla on voimassa oleva tekninen katsastus, vakuutus ja ajoneuvovero alkuper\u00e4maassa. Kun TIE-kortti on my\u00f6nnetty, verovapautusta voidaan hakea tullin kautta\". <\/p>\n\n\n\n<h3 class=\"wp-block-heading\">Voiko amerikkalainen ajoneuvo suorittaa teknisen kokeen (ITV)? <\/h3>\n\n\n\n<p>Koska ajoneuvolla ei todenn\u00e4k\u00f6isesti ole EU:n vaatimustenmukaisuusnumeroa, ajoneuvolle on suoritettava tekninen testi asuinpaikan muutostarkastuksen yhteydess\u00e4. T\u00e4t\u00e4 varten on useimmissa tapauksissa esitett\u00e4v\u00e4 TIE-paikkakuntakortti. Paras kysy\u00e4 l\u00e4himm\u00e4lt\u00e4 ITV:lt\u00e4, koska kullakin alueella on omat s\u00e4\u00e4nt\u00f6ns\u00e4. <\/p>\n\n\n\n<p>Kun oleskelulupahakemus on k\u00e4ynniss\u00e4, saat resguardo-todistuksen, eli lyhyesti sanottuna todistuksen \"oleskelulupahakemukseni on vireill\u00e4\". Jotkin ITV:t saattavat hyv\u00e4ksy\u00e4 t\u00e4m\u00e4n todisteeksi asuinpaikan muutoksesta, jotta tarkastukseen voi osallistua. On aina suositeltavaa tarkistaa t\u00e4m\u00e4, sill\u00e4 jos n\u00e4in ei ole, oleskelulupakortti tarvitaan katsastukseen osallistumiseen ja amerikkalaisen auton rekister\u00f6intiprosessin loppuun saattamiseen Espanjassa.<\/p>\n\n\n\n<p>Residenssiprosessin aikana sinulle my\u00f6nnet\u00e4\u00e4n resguardo-todistus, joka on l\u00e4hinn\u00e4 vahvistus vireill\u00e4 olevasta residenssihakemuksestasi. Tietyt ITV:t voivat hyv\u00e4ksy\u00e4 t\u00e4m\u00e4n todistuksen todisteeksi asuinpaikan muutoksesta, jolloin voit jatkaa tarkastusta. On kuitenkin suositeltavaa tarkistaa t\u00e4m\u00e4 vaatimus, sill\u00e4 saatat joutua esitt\u00e4m\u00e4\u00e4n oleskelulupakorttisi, jotta voit suorittaa katsastuksen ja rekister\u00f6id\u00e4 amerikkalaisen auton Espanjassa.<\/p>\n\n\n\n<h4 class=\"wp-block-heading\">Voitteko auttaa amerikkalaisen auton rekister\u00f6inniss\u00e4 Espanjassa?<\/h4>\n\n\n\n<p>Kyll\u00e4, voimme tarjota t\u00e4yden tuen kaikissa edell\u00e4 mainituissa asioissa.Me hoidamme tullin (vain asuinpaikan muutoksen yhteydess\u00e4), DGT:n (ajoneuvovirasto), veroviraston, p\u00e4\u00e4st\u00f6maksut, regsitraation, rekisterikilvet, uudet espanjalaiset paperit ja koko Espanjassa vaadittavan ECO-tarran. <\/p>\n\n\n\n<h4 class=\"wp-block-heading\">Mit\u00e4 asiakirjoja tarvitset rekister\u00f6id\u00e4ksesi amerikkalaisen auton Espanjassa?<\/h4>\n\n\n\n<p>Jos haluat rekister\u00f6id\u00e4 amerikkalaisen auton Espanjassa, tarvitset seuraavat asiakirjat: <\/p>\n\n\n\n<p>Todiste ajoneuvon omistusoikeudesta, kuten alkuper\u00e4inen omistusoikeus tai alkuper\u00e4todistus.<br>\nVoimassa oleva henkil\u00f6llisyystodistus, kuten passi tai espanjalainen oleskelukortti.<br>\nAjoneuvon alkuper\u00e4inen ostolasku tai kauppakirja.<br>\nAjoneuvon voimassa oleva vaatimustenmukaisuus- tai homologointitodistus.<br>\nTodiste mahdollisten tuontiverojen tai tullien maksamisesta.<br>\nTodiste ajoneuvon voimassa olevasta vakuutusturvasta.<\/p>\n\n\n\n<p>Huomaa, ett\u00e4 lis\u00e4asiakirjat tai -vaatimukset voivat vaihdella olosuhteiden ja voimassa olevien s\u00e4\u00e4nn\u00f6sten mukaan. On suositeltavaa neuvotella asianomaisten viranomaisten kanssa tai pyyt\u00e4\u00e4 ammattiapua, jotta rekister\u00f6intiprosessi sujuisi ongelmitta.<\/p>","protected":false},"excerpt":{"rendered":"<p>To register an American car in Spain there are several different avenues. Below is an outline of what steps are needed to bring your American vehicle to register in Spain. There are a few things to take into account before you ship and import your vehicle into Spain. Firstly all American vehicle importing to Spain [&hellip;]<\/p>\n","protected":false},"author":1,"featured_media":0,"parent":0,"menu_order":0,"comment_status":"closed","ping_status":"closed","template":"","meta":{"site-sidebar-layout":"default","site-content-layout":"","ast-site-content-layout":"default","site-content-style":"default","site-sidebar-style":"default","ast-global-header-display":"","ast-banner-title-visibility":"","ast-main-header-display":"","ast-hfb-above-header-display":"","ast-hfb-below-header-display":"","ast-hfb-mobile-header-display":"","site-post-title":"","ast-breadcrumbs-content":"","ast-featured-img":"","footer-sml-layout":"","ast-disable-related-posts":"","theme-transparent-header-meta":"","adv-header-id-meta":"","stick-header-meta":"","header-above-stick-meta":"","header-main-stick-meta":"","header-below-stick-meta":"","astra-migrate-meta-layouts":"set","ast-page-background-enabled":"default","ast-page-background-meta":{"desktop":{"background-color":"","background-image":"","background-repeat":"repeat","background-position":"center center","background-size":"auto","background-attachment":"scroll","background-type":"","background-media":"","overlay-type":"","overlay-color":"","overlay-opacity":"","overlay-gradient":""},"tablet":{"background-color":"","background-image":"","background-repeat":"repeat","background-position":"center center","background-size":"auto","background-attachment":"scroll","background-type":"","background-media":"","overlay-type":"","overlay-color":"","overlay-opacity":"","overlay-gradient":""},"mobile":{"background-color":"","background-image":"","background-repeat":"repeat","background-position":"center center","background-size":"auto","background-attachment":"scroll","background-type":"","background-media":"","overlay-type":"","overlay-color":"","overlay-opacity":"","overlay-gradient":""}},"ast-content-background-meta":{"desktop":{"background-color":"var(--ast-global-color-5)","background-image":"","background-repeat":"repeat","background-position":"center center","background-size":"auto","background-attachment":"scroll","background-type":"","background-media":"","overlay-type":"","overlay-color":"","overlay-opacity":"","overlay-gradient":""},"tablet":{"background-color":"var(--ast-global-color-5)","background-image":"","background-repeat":"repeat","background-position":"center center","background-size":"auto","background-attachment":"scroll","background-type":"","background-media":"","overlay-type":"","overlay-color":"","overlay-opacity":"","overlay-gradient":""},"mobile":{"background-color":"var(--ast-global-color-5)","background-image":"","background-repeat":"repeat","background-position":"center center","background-size":"auto","background-attachment":"scroll","background-type":"","background-media":"","overlay-type":"","overlay-color":"","overlay-opacity":"","overlay-gradient":""}},"footnotes":""},"class_list":["post-3049","page","type-page","status-publish","hentry"],"_links":{"self":[{"href":"https:\/\/vehicleregistrationscostadelsol.com\/fi\/wp-json\/wp\/v2\/pages\/3049","targetHints":{"allow":["GET"]}}],"collection":[{"href":"https:\/\/vehicleregistrationscostadelsol.com\/fi\/wp-json\/wp\/v2\/pages"}],"about":[{"href":"https:\/\/vehicleregistrationscostadelsol.com\/fi\/wp-json\/wp\/v2\/types\/page"}],"author":[{"embeddable":true,"href":"https:\/\/vehicleregistrationscostadelsol.com\/fi\/wp-json\/wp\/v2\/users\/1"}],"replies":[{"embeddable":true,"href":"https:\/\/vehicleregistrationscostadelsol.com\/fi\/wp-json\/wp\/v2\/comments?post=3049"}],"version-history":[{"count":1,"href":"https:\/\/vehicleregistrationscostadelsol.com\/fi\/wp-json\/wp\/v2\/pages\/3049\/revisions"}],"predecessor-version":[{"id":3369,"href":"https:\/\/vehicleregistrationscostadelsol.com\/fi\/wp-json\/wp\/v2\/pages\/3049\/revisions\/3369"}],"wp:attachment":[{"href":"https:\/\/vehicleregistrationscostadelsol.com\/fi\/wp-json\/wp\/v2\/media?parent=3049"}],"curies":[{"name":"wp","href":"https:\/\/api.w.org\/{rel}","templated":true}]}}