{"id":1751,"date":"2020-11-26T15:29:04","date_gmt":"2020-11-26T14:29:04","guid":{"rendered":"http:\/\/vehicleregistrationscostadelsol.com\/?page_id=1751"},"modified":"2026-02-10T18:47:54","modified_gmt":"2026-02-10T17:47:54","slug":"itv-testai-mijas","status":"publish","type":"page","link":"https:\/\/vehicleregistrationscostadelsol.com\/lt\/itv-tests-mijas\/","title":{"rendered":"ITV testai Mijas 1# Rezervuoti biliet\u0105 - Labai greitai"},"content":{"rendered":"<p>Teikiame patogias ITV paslaugas Mijas mieste, \u012fskaitant susitikim\u0173 u\u017esakym\u0105, ITV testo atlikim\u0105 u\u017e jus ir netgi si\u016blome j\u016bs\u0173 automobilio pa\u0117mim\u0105 ir nuve\u017eim\u0105, jei tai \u012fmanoma. Nesvarbu, ar jums reikia visi\u0161ko ispani\u0161k\u0173 numeri\u0173, ar tik greito ITV testo j\u016bs\u0173 ispani\u0161kai transporto priemonei, mes jums pad\u0117sime. Dauguma m\u016bs\u0173 u\u017esakym\u0173 atliekami Mijaso mieste esan\u010diame ITV technin\u0117s ap\u017ei\u016bros centre.<\/p><div id=\"ez-toc-container\" class=\"ez-toc-v2_0_82_2 counter-hierarchy ez-toc-counter ez-toc-grey ez-toc-container-direction\">\n<div class=\"ez-toc-title-container\">\n<p class=\"ez-toc-title\" style=\"cursor:inherit\">Turinys<\/p>\n<span class=\"ez-toc-title-toggle\"><a href=\"#\" class=\"ez-toc-pull-right ez-toc-btn ez-toc-btn-xs ez-toc-btn-default ez-toc-toggle\" aria-label=\"Perjungti turinio lentel\u0119\"><span class=\"ez-toc-js-icon-con\"><span class=\"\"><span class=\"eztoc-hide\" style=\"display:none;\">Perjungti<\/span><span class=\"ez-toc-icon-toggle-span\"><svg style=\"fill: #999;color:#999\" xmlns=\"http:\/\/www.w3.org\/2000\/svg\" class=\"list-377408\" width=\"20px\" height=\"20px\" viewbox=\"0 0 24 24\" fill=\"none\"><path d=\"M6 6H4v2h2V6zm14 0H8v2h12V6zM4 11h2v2H4v-2zm16 0H8v2h12v-2zM4 16h2v2H4v-2zm16 0H8v2h12v-2z\" fill=\"currentColor\"><\/path><\/svg><svg style=\"fill: #999;color:#999\" class=\"arrow-unsorted-368013\" xmlns=\"http:\/\/www.w3.org\/2000\/svg\" width=\"10px\" height=\"10px\" viewbox=\"0 0 24 24\" version=\"1.2\" baseprofile=\"tiny\"><path d=\"M18.2 9.3l-6.2-6.3-6.2 6.3c-.2.2-.3.4-.3.7s.1.5.3.7c.2.2.4.3.7.3h11c.3 0 .5-.1.7-.3.2-.2.3-.5.3-.7s-.1-.5-.3-.7zM5.8 14.7l6.2 6.3 6.2-6.3c.2-.2.3-.5.3-.7s-.1-.5-.3-.7c-.2-.2-.4-.3-.7-.3h-11c-.3 0-.5.1-.7.3-.2.2-.3.5-.3.7s.1.5.3.7z\"\/><\/svg><\/span><\/span><\/span><\/a><\/span><\/div>\n<nav><ul class='ez-toc-list ez-toc-list-level-1 eztoc-toggle-hide-by-default' ><li class='ez-toc-page-1 ez-toc-heading-level-2'><a class=\"ez-toc-link ez-toc-heading-1\" href=\"https:\/\/vehicleregistrationscostadelsol.com\/lt\/itv-tests-mijas\/#ITV_Appointments_Mijas\" >ITV paskyrimai Mijas<\/a><\/li><li class='ez-toc-page-1 ez-toc-heading-level-2'><a class=\"ez-toc-link ez-toc-heading-2\" href=\"https:\/\/vehicleregistrationscostadelsol.com\/lt\/itv-tests-mijas\/#What_documents_are_needed_for_an_ITV_inspection_in_Spain\" >Koki\u0173 dokument\u0173 reikia norint atlikti ITV patikrinim\u0105 Ispanijoje?<\/a><ul class='ez-toc-list-level-3' ><li class='ez-toc-heading-level-3'><a class=\"ez-toc-link ez-toc-heading-3\" href=\"https:\/\/vehicleregistrationscostadelsol.com\/lt\/itv-tests-mijas\/#Do_you_put_the_car_through_the_ITV_Tests_Mijas\" >Ar j\u016bs i\u0161leidote automobil\u012f per ITV testus Mijas?<\/a><ul class='ez-toc-list-level-4' ><li class='ez-toc-heading-level-4'><a class=\"ez-toc-link ez-toc-heading-4\" href=\"https:\/\/vehicleregistrationscostadelsol.com\/lt\/itv-tests-mijas\/#Do_you_offer_a_service_to_register_non_spanish_vehicles_in_Spain_also\" >Ar si\u016blote ne ispani\u0161k\u0173 transporto priemoni\u0173 registravimo Ispanijoje paslaug\u0105?<\/a><ul class='ez-toc-list-level-5' ><li class='ez-toc-heading-level-5'><a class=\"ez-toc-link ez-toc-heading-5\" href=\"https:\/\/vehicleregistrationscostadelsol.com\/lt\/itv-tests-mijas\/#Can_you_source_headlights\" >Ar galite \u012fsigyti priekini\u0173 \u017eibint\u0173?<\/a><ul class='ez-toc-list-level-6' ><li class='ez-toc-heading-level-6'><a class=\"ez-toc-link ez-toc-heading-6\" href=\"https:\/\/vehicleregistrationscostadelsol.com\/lt\/itv-tests-mijas\/#What_ITV_tests_are_performed_at_the_ITV_appointment_Mijas\" >Kokie ITV tyrimai atliekami Mijaso ITV paskyrimo centre?<\/a><\/li><\/ul><\/li><li class='ez-toc-page-1 ez-toc-heading-level-5'><a class=\"ez-toc-link ez-toc-heading-7\" href=\"https:\/\/vehicleregistrationscostadelsol.com\/lt\/itv-tests-mijas\/#ITV_appointment_online\" >ITV paskyrimas internetu<\/a><\/li><li class='ez-toc-page-1 ez-toc-heading-level-5'><a class=\"ez-toc-link ez-toc-heading-8\" href=\"https:\/\/vehicleregistrationscostadelsol.com\/lt\/itv-tests-mijas\/#What_if_the_ITV_fails\" >Kas bus, jei ITV nepavyks?<\/a><\/li><\/ul><\/li><\/ul><\/li><\/ul><\/li><\/ul><\/nav><\/div>\n\n\n\n\n<h2 class=\"wp-block-heading\"><span class=\"ez-toc-section\" id=\"ITV_Appointments_Mijas\"><\/span>ITV paskyrimai Mijas <span class=\"ez-toc-section-end\"><\/span><\/h2>\n\n\n\n<p>U\u017esakysime transporto priemon\u0119 bandymui, mums turi b\u016bti atsi\u0173stas \u017ealias transporto priemon\u0117s registracijos dokumentas, o bandymui turite tur\u0117ti ir \u017eali\u0105 dokument\u0105, ir ITV dokumento B dal\u012f. Pagal transporto priemon\u0117s dokumentuose pateikt\u0105 informacij\u0105 galime u\u017esakyti test\u0105, o jums i\u0161siun\u010diame patvirtinim\u0105, kuriame nurodomas susitikimo laikas ir data. Susitiksime su jumis ITV stotyje ir atliksime test\u0105. Jei transporto priemon\u0117 nei\u0161laiko testo, mes taip pat u\u017esakome ir atliekame antr\u0105j\u012f kartu su jumis. <\/p>\n\n\n\n<h2 class=\"wp-block-heading\"><span class=\"ez-toc-section\" id=\"What_documents_are_needed_for_an_ITV_inspection_in_Spain\"><\/span>Koki\u0173 dokument\u0173 reikia norint atlikti ITV patikrinim\u0105 Ispanijoje?<span class=\"ez-toc-section-end\"><\/span><\/h2>\n\n\n\n<ul class=\"wp-block-list\">\n<li>Ekologi\u0161k\u0173 transporto priemoni\u0173 regsitravimo dokumentas <\/li>\n\n\n\n<li>ITV dokumento B dalis <\/li>\n\n\n\n<li>Banko kortel\u0117, kuria galima sumok\u0117ti u\u017e ITV, grynieji pinigai nepriimami. <\/li>\n<\/ul>\n\n\n\n<h3 class=\"wp-block-heading\"><span class=\"ez-toc-section\" id=\"Do_you_put_the_car_through_the_ITV_Tests_Mijas\"><\/span>Ar j\u016bs i\u0161leidote automobil\u012f per ITV testus Mijas? <span class=\"ez-toc-section-end\"><\/span><\/h3>\n\n\n\n<p>Prie\u0161 u\u017esakydami ITV test\u0105, savo biure Fuengiroloje si\u016blome atlikti pagrindin\u0119 j\u016bs\u0173 transporto priemon\u0117s patikr\u0105 prie\u0161 ITV test\u0105, kuri\u0105 atliekame u\u017e jus. <strong>Mes taip pat atliekame ITV test\u0105.<\/strong>. Tai labai svarbu, nes tai rei\u0161kia, kad padidinsime tikimyb\u0119, jog j\u016bs\u0173 automobilis praeis <a aria-label=\"ITV testas (atsidaro naujame skirtuke)\" class=\"rank-math-link\" href=\"https:\/\/itvcitaprevia.es\/estaciones-itv\/andalucia\/malaga\/mijas-las-lagunas\/\" target=\"_blank\" rel=\"noreferrer noopener\" data-schema-attribute=\"mentions\">ITV testas<\/a> Mijas.  Per kelerius metus Ispanijos ITV perdav\u0117me \u0161imtus automobili\u0173 ir puikiai i\u0161manome \u0161\u012f proces\u0105. <\/p>\n\n\n\n<p>Galite susitikti su mumis dviem b\u016bdais: ITV centre arba galime nuve\u017eti j\u016bs\u0173 automobil\u012f, jei j\u016bs\u0173 draudimas leid\u017eia j\u012f vairuoti. Atlik\u0119 ITV bandymus, gr\u0105\u017einsime jums automobil\u012f. U\u017e pa\u0117mim\u0105 ir i\u0161ve\u017eim\u0105 taikomas papildomas mokestis, arba galite pasirinkti pigesn\u012f variant\u0105 - susitikti su mumis ITV centre.<\/p>\n\n\n\n<h4 class=\"wp-block-heading\"><span class=\"ez-toc-section\" id=\"Do_you_offer_a_service_to_register_non_spanish_vehicles_in_Spain_also\"><\/span>Ar si\u016blote ne ispani\u0161k\u0173 transporto priemoni\u0173 registravimo Ispanijoje paslaug\u0105?<span class=\"ez-toc-section-end\"><\/span><\/h4>\n\n\n\n<p>Taip, citata, automobilis, dokumentai, Ficha technica, plok\u0161teli\u0173 u\u017esakymas ir montavimas, nemokama citata, mechanika, patikrinimas prie\u0161 ITV testus, mokes\u010diai, DGT (traffico) i\u0161 esm\u0117s j\u016bs tiesiog turite \u017einoti, kur mes esame su j\u016bs\u0173 transporto priemone. Manome, kad esame neprilygstami pakrant\u0117je, ir tai ne tik pagalba tvarkant dokumentus, mes tiesiogine to \u017eod\u017eio prasme atliekame vis\u0105 paslaug\u0105 u\u017e jus. <\/p>\n\n\n\n<p>Jei jums reikia greito ITV susitikimo Mijaso mieste, mes galime pad\u0117ti. Galime jums rezervuoti susitikim\u0105. Arba galime atlikti ITV paskyrim\u0105 u\u017e jus. Jei pageidaujate, kad automobil\u012f paimtume ir nuve\u017etume jums, taip pat si\u016blome \u0161i\u0105 paslaug\u0105. \u0160i paslauga skirta, jei jums reikia visos matricos \u012f ispani\u0161kus numerius arba jums tiesiog reikia greitai atlikti ITV ir nenorite to daryti patys. Tokiu atveju mes u\u017esakysime ir ITV testus u\u017e jus. Dauguma m\u016bs\u0173 u\u017esakom\u0173 ITV test\u0173 atliekami Mijaso ITV centre. <\/p>\n\n\n\n<h5 class=\"wp-block-heading\"><span class=\"ez-toc-section\" id=\"Can_you_source_headlights\"><\/span>Ar galite \u012fsigyti priekini\u0173 \u017eibint\u0173?<span class=\"ez-toc-section-end\"><\/span><\/h5>\n\n\n\n<p>Taip, mes galime par\u016bpinti, sumontuoti ir pritaikyti priekini\u0173 \u017eibint\u0173 auk\u0161t\u012f, kad jie atitikt\u0173 ITV testo reikalavimus.  ITV centre \u017eibintams keliami labai auk\u0161ti reikalavimai. Gali b\u016bti, kad tik d\u0117l nedideli\u0173 pakeitim\u0173 jie nei\u0161laikys egzamino. Taip pat galime par\u016bpinti r\u016bko ir atbulin\u0117s eigos \u017eibintus, jei j\u0173 reikia, nors jie paprastai tinka ES automobiliams, kurie yra kairiojo vairo. <\/p>\n\n\n\n<h6 class=\"wp-block-heading\"><span class=\"ez-toc-section\" id=\"What_ITV_tests_are_performed_at_the_ITV_appointment_Mijas\"><\/span>Kokie ITV tyrimai atliekami Mijaso ITV paskyrimo centre?<span class=\"ez-toc-section-end\"><\/span><\/h6>\n\n\n\n<p>ITV centre pateik\u0119 dokumentus laukiate, kol j\u016bs\u0173 automobilis bus i\u0161kviestas \u012f eismo juost\u0105. Po to pirmiausia patikrinami priekiniai \u017eibintai. Tada jie patikrina automobilio i\u0161metam\u0173j\u0173 ter\u0161al\u0173 kiek\u012f, padangas, \u012fskaitant padang\u0173 apkrov\u0105, ir j\u0173 atitikim\u0105. VIN numer\u012f, pos\u016bki\u0173 rodiklius, pavojaus signalus, priekini\u0173 \u017eibint\u0173 spindulius, ploviklius. Bet kokius pakeitimus, galinius \u017eibintus, r\u016bko \u017eibintus, atbulin\u0117s eigos \u017eibintus ir pavojaus signalus v\u0117lgi automobilio gale. <\/p>\n\n\n\n<p>Tada automobilis pastatomas ant riedan\u010dio kelio, kuriame reikia \u0161velniai spausti stabd\u017eius, kol jie pasiekia tam tikr\u0105 ta\u0161k\u0105. Tuomet stabd\u017eius spauskite stipriau, kad i\u0161matuotum\u0117te stabd\u017ei\u0173 veiksmingum\u0105; tai daroma priekiniam, galiniam ir rankiniam stabd\u017eiui. Paskutin\u0117 testo dalis - va\u017eiuoti per duob\u0119, kurioje judinate vair\u0105 i\u0161 vienos pus\u0117s \u012f kit\u0105, o ITV technikas patikrina j\u016bs\u0173 stabd\u017eius ir pakab\u0105. <\/p>\n\n\n\n<p>Tai kai kurie procesai, atliekami prie\u0161 su\u017einant, ar j\u016bs\u0173 transporto priemon\u0117 i\u0161laik\u0117 ITV testus. Jei testas nei\u0161laikomas, jums pasakoma, kod\u0117l, o j\u016bs turite 60 dien\u0173 tr\u016bkumams pa\u0161alinti. Pakartotinis bandymas yra nemokamas. <a href=\"https:\/\/vehicleregistrationscostadelsol.com\/lt\/susisiekite-su\/\" data-type=\"page\" data-id=\"649\">Susisiekite su mumis \u0161iandien<\/a><\/p>\n\n\n\n<h5 class=\"wp-block-heading\"><span class=\"ez-toc-section\" id=\"ITV_appointment_online\"><\/span>ITV paskyrimas internetu<span class=\"ez-toc-section-end\"><\/span><\/h5>\n\n\n\n<p>Galb\u016bt band\u0117te u\u017esisakyti ITV susitikim\u0105 internetu. Pasirinkimas gali b\u016bti labai ribotas. Mes ne tik galime rezervuoti jums ITV susitikim\u0105 internetu, bet ir suteikiame prid\u0117tin\u0119 vert\u0119 - galime naudotis daugeliu kit\u0173 ITV sto\u010di\u0173, i\u0161skyrus ITV susitikim\u0105 Mijas. Tai rei\u0161kia, kad turime galimyb\u0119 rinktis ir palaikome gerus santykius su centr\u0173 darbuotojais. Jie mus pa\u017e\u012fsta, nes kiekvien\u0105 savait\u0119 testuojame daugyb\u0119 automobili\u0173, tod\u0117l kartais galime anks\u010diau gauti patvirtinimus d\u0117l j\u016bs\u0173 ITV paskyrimo internetu. <\/p>\n\n\n\n<p>Galime prad\u0117ti nuo to, kad pateiksite mums u\u017eklaus\u0105. Esame gird\u0117j\u0119, kad bandant u\u017esisakyti ITV testus \u0161iandien, kai kurios datos gr\u012f\u017eta kaip vasario pabaigos \/ kovo m\u0117nesio. Tai rei\u0161kia, kad galite nelegaliai vairuoti savo transporto priemon\u0119 Ispanijoje be galiojan\u010dio ITV lipduko ar sertifikato. D\u0117l to Ispanijos policija gali konfiskuoti j\u016bs\u0173 transporto priemon\u0119. <\/p>\n\n\n\n<h5 class=\"wp-block-heading\"><span class=\"ez-toc-section\" id=\"What_if_the_ITV_fails\"><\/span>Kas bus, jei ITV nepavyks?<span class=\"ez-toc-section-end\"><\/span><\/h5>\n\n\n\n<p>D\u017eiaugiam\u0117s gal\u0117dami pad\u0117ti atlikti bet kokius remonto darbus, kuri\u0173 gali prireikti, kad ITV test\u0173 rezultatai b\u016bt\u0173 teigiami. Teikiame pakartotinio nes\u0117kmingo testo u\u017esakymo paslaug\u0105, o pakartotinio testo u\u017esakym\u0105 ir pakartotin\u012f test\u0105 atliksime u\u017e jus (u\u017e tam tikr\u0105 kain\u0105). Dirbame su daugeliu kvalifikuot\u0173 ir, svarbiausia, s\u0105\u017eining\u0173 mechanik\u0173 Kosta del Solio pakrant\u0117je, tod\u0117l galime paruo\u0161ti j\u016bs\u0173 transporto priemon\u0119 pakartotiniam testui ir j\u016bs\u0173 neapgauti. <\/p>\n\n\n\n<p>Tai labai svarbu, nes, deja, yra daug nes\u0105\u017eining\u0173 \u012fmoni\u0173, kurios gali tuo pasinaudoti. Visi m\u016bs\u0173 mechanikai (nuo Fuengirolos iki Esteponos) yra kruop\u0161\u010diai patikrinti ir niekada nerekomenduotume nieko, ko nepa\u017e\u012fstame arba su kuo anks\u010diau nesame nuolat dirb\u0119. <\/p>","protected":false},"excerpt":{"rendered":"<p>We provide convenient ITV services in Mijas, including booking appointments, completing the ITV test for you, and even offering pick-up and drop-off for your car if local and if possible. Whether you need full matriculation onto Spanish plates or just a quick ITV test on your Spanish vehicle, we&#8217;ve got you covered. Most of our [&hellip;]<\/p>\n","protected":false},"author":1,"featured_media":0,"parent":0,"menu_order":0,"comment_status":"closed","ping_status":"closed","template":"","meta":{"site-sidebar-layout":"default","site-content-layout":"default","ast-site-content-layout":"default","site-content-style":"default","site-sidebar-style":"default","ast-global-header-display":"","ast-banner-title-visibility":"","ast-main-header-display":"","ast-hfb-above-header-display":"","ast-hfb-below-header-display":"","ast-hfb-mobile-header-display":"","site-post-title":"","ast-breadcrumbs-content":"","ast-featured-img":"","footer-sml-layout":"","ast-disable-related-posts":"","theme-transparent-header-meta":"default","adv-header-id-meta":"","stick-header-meta":"","header-above-stick-meta":"","header-main-stick-meta":"","header-below-stick-meta":"","astra-migrate-meta-layouts":"set","ast-page-background-enabled":"default","ast-page-background-meta":{"desktop":{"background-color":"","background-image":"","background-repeat":"repeat","background-position":"center center","background-size":"auto","background-attachment":"scroll","background-type":"","background-media":"","overlay-type":"","overlay-color":"","overlay-opacity":"","overlay-gradient":""},"tablet":{"background-color":"","background-image":"","background-repeat":"repeat","background-position":"center center","background-size":"auto","background-attachment":"scroll","background-type":"","background-media":"","overlay-type":"","overlay-color":"","overlay-opacity":"","overlay-gradient":""},"mobile":{"background-color":"","background-image":"","background-repeat":"repeat","background-position":"center center","background-size":"auto","background-attachment":"scroll","background-type":"","background-media":"","overlay-type":"","overlay-color":"","overlay-opacity":"","overlay-gradient":""}},"ast-content-background-meta":{"desktop":{"background-color":"var(--ast-global-color-5)","background-image":"","background-repeat":"repeat","background-position":"center center","background-size":"auto","background-attachment":"scroll","background-type":"","background-media":"","overlay-type":"","overlay-color":"","overlay-opacity":"","overlay-gradient":""},"tablet":{"background-color":"var(--ast-global-color-5)","background-image":"","background-repeat":"repeat","background-position":"center center","background-size":"auto","background-attachment":"scroll","background-type":"","background-media":"","overlay-type":"","overlay-color":"","overlay-opacity":"","overlay-gradient":""},"mobile":{"background-color":"var(--ast-global-color-5)","background-image":"","background-repeat":"repeat","background-position":"center center","background-size":"auto","background-attachment":"scroll","background-type":"","background-media":"","overlay-type":"","overlay-color":"","overlay-opacity":"","overlay-gradient":""}},"footnotes":""},"class_list":["post-1751","page","type-page","status-publish","hentry"],"_links":{"self":[{"href":"https:\/\/vehicleregistrationscostadelsol.com\/lt\/wp-json\/wp\/v2\/pages\/1751","targetHints":{"allow":["GET"]}}],"collection":[{"href":"https:\/\/vehicleregistrationscostadelsol.com\/lt\/wp-json\/wp\/v2\/pages"}],"about":[{"href":"https:\/\/vehicleregistrationscostadelsol.com\/lt\/wp-json\/wp\/v2\/types\/page"}],"author":[{"embeddable":true,"href":"https:\/\/vehicleregistrationscostadelsol.com\/lt\/wp-json\/wp\/v2\/users\/1"}],"replies":[{"embeddable":true,"href":"https:\/\/vehicleregistrationscostadelsol.com\/lt\/wp-json\/wp\/v2\/comments?post=1751"}],"version-history":[{"count":1,"href":"https:\/\/vehicleregistrationscostadelsol.com\/lt\/wp-json\/wp\/v2\/pages\/1751\/revisions"}],"predecessor-version":[{"id":3577,"href":"https:\/\/vehicleregistrationscostadelsol.com\/lt\/wp-json\/wp\/v2\/pages\/1751\/revisions\/3577"}],"wp:attachment":[{"href":"https:\/\/vehicleregistrationscostadelsol.com\/lt\/wp-json\/wp\/v2\/media?parent=1751"}],"curies":[{"name":"wp","href":"https:\/\/api.w.org\/{rel}","templated":true}]}}