{"id":1807,"date":"2020-12-01T20:42:42","date_gmt":"2020-12-01T19:42:42","guid":{"rendered":"http:\/\/vehicleregistrationscostadelsol.com\/?page_id=1807"},"modified":"2021-04-23T19:10:08","modified_gmt":"2021-04-23T17:10:08","slug":"priekiniu-zibintu-keitimas-ispanijoje","status":"publish","type":"page","link":"https:\/\/vehicleregistrationscostadelsol.com\/lt\/changing-headlights-in-spain-realignment\/","title":{"rendered":"\u017dibint\u0173 keitimas Ispanijoje pertvarkymas Didysis #1"},"content":{"rendered":"<div data-elementor-type=\"wp-page\" data-elementor-id=\"1807\" class=\"elementor elementor-1807\">\n\t\t\t\t\t\t<section class=\"elementor-section elementor-top-section elementor-element elementor-element-754ee66 elementor-section-boxed elementor-section-height-default elementor-section-height-default\" data-id=\"754ee66\" data-element_type=\"section\" data-e-type=\"section\">\n\t\t\t\t\t\t<div class=\"elementor-container elementor-column-gap-default\">\n\t\t\t\t\t<div class=\"elementor-column elementor-col-100 elementor-top-column elementor-element elementor-element-606d3029\" data-id=\"606d3029\" data-element_type=\"column\" data-e-type=\"column\">\n\t\t\t<div class=\"elementor-widget-wrap elementor-element-populated\">\n\t\t\t\t\t\t<div class=\"elementor-element elementor-element-66038a9e elementor-widget elementor-widget-text-editor\" data-id=\"66038a9e\" data-element_type=\"widget\" data-e-type=\"widget\" data-widget_type=\"text-editor.default\">\n\t\t\t\t\t\t\t\t\t<p><\/p><div id=\"ez-toc-container\" class=\"ez-toc-v2_0_82_2 counter-hierarchy ez-toc-counter ez-toc-grey ez-toc-container-direction\">\n<div class=\"ez-toc-title-container\">\n<p class=\"ez-toc-title\" style=\"cursor:inherit\">Turinys<\/p>\n<span class=\"ez-toc-title-toggle\"><a href=\"#\" class=\"ez-toc-pull-right ez-toc-btn ez-toc-btn-xs ez-toc-btn-default ez-toc-toggle\" aria-label=\"Perjungti turinio lentel\u0119\"><span class=\"ez-toc-js-icon-con\"><span class=\"\"><span class=\"eztoc-hide\" style=\"display:none;\">Perjungti<\/span><span class=\"ez-toc-icon-toggle-span\"><svg style=\"fill: #999;color:#999\" xmlns=\"http:\/\/www.w3.org\/2000\/svg\" class=\"list-377408\" width=\"20px\" height=\"20px\" viewbox=\"0 0 24 24\" fill=\"none\"><path d=\"M6 6H4v2h2V6zm14 0H8v2h12V6zM4 11h2v2H4v-2zm16 0H8v2h12v-2zM4 16h2v2H4v-2zm16 0H8v2h12v-2z\" fill=\"currentColor\"><\/path><\/svg><svg style=\"fill: #999;color:#999\" class=\"arrow-unsorted-368013\" xmlns=\"http:\/\/www.w3.org\/2000\/svg\" width=\"10px\" height=\"10px\" viewbox=\"0 0 24 24\" version=\"1.2\" baseprofile=\"tiny\"><path d=\"M18.2 9.3l-6.2-6.3-6.2 6.3c-.2.2-.3.4-.3.7s.1.5.3.7c.2.2.4.3.7.3h11c.3 0 .5-.1.7-.3.2-.2.3-.5.3-.7s-.1-.5-.3-.7zM5.8 14.7l6.2 6.3 6.2-6.3c.2-.2.3-.5.3-.7s-.1-.5-.3-.7c-.2-.2-.4-.3-.7-.3h-11c-.3 0-.5.1-.7.3-.2.2-.3.5-.3.7s.1.5.3.7z\"\/><\/svg><\/span><\/span><\/span><\/a><\/span><\/div>\n<nav><ul class='ez-toc-list ez-toc-list-level-1' ><li class='ez-toc-page-1 ez-toc-heading-level-2'><a class=\"ez-toc-link ez-toc-heading-1\" href=\"https:\/\/vehicleregistrationscostadelsol.com\/lt\/changing-headlights-in-spain-realignment\/#Headlight_Realignment_Spain\" >\u017dibint\u0173 sureguliavimas Ispanija<\/a><\/li><li class='ez-toc-page-1 ez-toc-heading-level-2'><a class=\"ez-toc-link ez-toc-heading-2\" href=\"https:\/\/vehicleregistrationscostadelsol.com\/lt\/changing-headlights-in-spain-realignment\/#Will_the_Headlight_stickers_that_change_the_beam_work\" >Ar veiks priekini\u0173 \u017eibint\u0173 lipdukai, kei\u010diantys \u0161vies\u0105?<\/a><ul class='ez-toc-list-level-3' ><li class='ez-toc-heading-level-3'><a class=\"ez-toc-link ez-toc-heading-3\" href=\"https:\/\/vehicleregistrationscostadelsol.com\/lt\/changing-headlights-in-spain-realignment\/#Can_you_provide_Changing_Headlights_In_Spain_Realignment\" >Ar galite pasi\u016blyti priekini\u0173 \u017eibint\u0173 keitim\u0105 Ispanijoje?<\/a><ul class='ez-toc-list-level-4' ><li class='ez-toc-heading-level-4'><a class=\"ez-toc-link ez-toc-heading-4\" href=\"https:\/\/vehicleregistrationscostadelsol.com\/lt\/changing-headlights-in-spain-realignment\/#Are_the_headlights_under_warranty\" >Ar \u017eibintams taikoma garantija?<\/a><ul class='ez-toc-list-level-5' ><li class='ez-toc-heading-level-5'><a class=\"ez-toc-link ez-toc-heading-5\" href=\"https:\/\/vehicleregistrationscostadelsol.com\/lt\/changing-headlights-in-spain-realignment\/#How_do_you_check_Changing_Headlights_In_Spain_Realignment\" >Kaip patikrinti \u017eibint\u0173 keitim\u0105 Ispanijoje?<\/a><ul class='ez-toc-list-level-6' ><li class='ez-toc-heading-level-6'><a class=\"ez-toc-link ez-toc-heading-6\" href=\"https:\/\/vehicleregistrationscostadelsol.com\/lt\/changing-headlights-in-spain-realignment\/#WhatsApp_us_for_a_free_quote_on_headlights_-_WE_DELIVER_TO_THE_WHOLE_OF_SPAIN\" >\"WhatsApp\" mums d\u0117l nemokamo pasi\u016blymo d\u0117l priekini\u0173 \u017eibint\u0173 - mes pristatome \u012f vis\u0105 Ispanij\u0105<\/a><\/li><li class='ez-toc-page-1 ez-toc-heading-level-6'><a class=\"ez-toc-link ez-toc-heading-7\" href=\"https:\/\/vehicleregistrationscostadelsol.com\/lt\/changing-headlights-in-spain-realignment\/#Click_below_and_we_will_find_headlights_or_headlight_realignment_for_you_cheap\" >Spustel\u0117kite toliau, ir mes rasime jums pigius priekinius \u017eibintus arba priekini\u0173 \u017eibint\u0173 reguliavim\u0105<\/a><\/li><\/ul><\/li><\/ul><\/li><\/ul><\/li><\/ul><\/li><\/ul><\/nav><\/div>\n\n<p><strong>\u017dibint\u0173 keitimas Ispanijoje<\/strong> priekini\u0173 \u017eibint\u0173 reikia, kai vairuojate JK automobil\u012f ir norite j\u012f pa\u017eenklinti Ispanijos registracijos numeriais. Jungtin\u0117s Karalyst\u0117s automobilio priekiniai \u017eibintai i\u0161 esm\u0117s nukreipti prie\u0161inga kryptimi nei \u0161aligatvio bortelis, taigi \u012f prie\u0161prie\u0161iais atva\u017eiuojan\u010di\u0173 automobili\u0173 pus\u0119. Akivaizdu, kad tai yra problema, tod\u0117l, kai registruojate automobil\u012f Ispanijoje ir \u012fregistruojate j\u012f Ispanijos ITV, turite tur\u0117ti naujus ispani\u0161kus priekinius \u017eibintus, kad j\u0173 \u0161viesos b\u016bt\u0173 nukreiptos \u012f \u0161aligatvio bortel\u012f. <b>\u017dibintus pristatome \u012f vis\u0105 Ispanij\u0105.<\/b><\/p>\n<p><\/p>\n<h2 class=\"wp-block-heading\"><span class=\"ez-toc-section\" id=\"Headlight_Realignment_Spain\"><\/span>\u017dibint\u0173 sureguliavimas Ispanija<span class=\"ez-toc-section-end\"><\/span><\/h2>\n<p><\/p>\n<p>Daugel\u012f \u017eibint\u0173 galima sureguliuoti. \u017dibintus sureguliuoti da\u017enai yra pigiau nei pirkti visi\u0161kai naujus \u017eibintus. Galite atva\u017eiuoti savo automobiliu pas mus ir mes patikrinsime j\u016bs\u0173 \u017eibintus. Tai galime padaryti, kol atliekame NEMOKAM\u0104 i\u0161ankstin\u0119 ITV patikr\u0105. Pasakysime, ar geriau pirkti naujus \u017eibintus (galime pad\u0117ti), ar i\u0161 naujo sureguliuoti priekinius \u017eibintus. Kol j\u016bs\u0173 priekiniai \u017eibintai bus pakeisti arba sureguliuoti, taip pat galime patikrinti j\u016bs\u0173 atbulin\u0117s eigos ir r\u016bko \u017eibintus, kad \u012fsitikintume, jog jie neatitinka ITV reikalavim\u0173. \u017dibint\u0173 reguliavimas atliekamas kiekvienu konkre\u010diu atveju.<\/p>\n<p><\/p>\n<h2 class=\"wp-block-heading\"><span class=\"ez-toc-section\" id=\"Will_the_Headlight_stickers_that_change_the_beam_work\"><\/span>Ar veiks priekini\u0173 \u017eibint\u0173 lipdukai, kei\u010diantys \u0161vies\u0105?<span class=\"ez-toc-section-end\"><\/span><\/h2>\n<p><\/p>\n<p>Ne, jie laikinai yra geras b\u016bdas pad\u0117ti kitiems vairuotojams, ta\u010diau jie nepraeis Ispanijos ITV. Tiesiog automobilis i\u0161 karto bus atmestas ir j\u012f reik\u0117s sutvarkyti prie\u0161 pakartotin\u012f Ispanijos ITV test\u0105. Vienintelis b\u016bdas u\u017etikrinti, kad i\u0161laikysite ITV, yra naujas priekini\u0173 \u017eibint\u0173 keitimas Ispanijoje perderinimas.<\/p>\n<p><\/p>\n<h3 class=\"wp-block-heading\"><span class=\"ez-toc-section\" id=\"Can_you_provide_Changing_Headlights_In_Spain_Realignment\"><\/span>Ar galite pasi\u016blyti priekini\u0173 \u017eibint\u0173 keitim\u0105 Ispanijoje?<span class=\"ez-toc-section-end\"><\/span><\/h3>\n<p><\/p>\n<p>Taip, manome, kad turime kontakt\u0173, kurie pranoksta daugum\u0105 visi\u0161kai nauj\u0173 \u017eibint\u0173 kain\u0173. Mes surandame ir gauname pristatytus pas mus arba tiesiogiai jums \u012f bet kuri\u0105 Ispanijos viet\u0105 naujus priekinius \u017eibintus, o vienas i\u0161 m\u016bs\u0173 kvalifikuot\u0173 mechanik\u0173 jums juos sumontuoja. Pirkdami visi\u0161kai naujus arba nor\u0117dami sureguliuoti priekinius \u017eibintus, galime gauti pasi\u016blym\u0105 d\u0117l \u017eibint\u0173 sureguliavimo. Tai ne visada pigu ir ne visada \u012fmanoma. <a class=\"rank-math-link\" href=\"https:\/\/vehicleregistrationscostadelsol.com\/lt\/susisiekite-su\/\" target=\"_blank\" rel=\"noreferrer noopener\" aria-label=\" (atsidaro naujame skirtuke)\" data-schema-attribute=\"about\">Susisiekite su mumis ir gaukite nemokam\u0105 pasi\u016blym\u0105 d\u0117l priekini\u0173 \u017eibint\u0173 \u0161iandien<\/a>.<\/p>\n<p><\/p>\n<h4 class=\"wp-block-heading\"><span class=\"ez-toc-section\" id=\"Are_the_headlights_under_warranty\"><\/span>Ar \u017eibintams taikoma garantija?<span class=\"ez-toc-section-end\"><\/span><\/h4>\n<p><\/p>\n<p>Daugumai m\u016bs\u0173 teikiam\u0173 \u017eibint\u0173 suteikiama dvej\u0173 met\u0173 garantija. Taip pat siun\u010diame jus \u012f angli\u0161kai kalbant\u012f autoservis\u0105, esant\u012f netoli ITV centro Mijaso mieste, kad gal\u0117tum\u0117te sumontuoti naujus ispani\u0161kus \u017eibintus ir taip u\u017etikrinti atitikt\u012f reikalavimams. <a class=\"rank-math-link\" href=\"https:\/\/www.itvcita.com\/Welcome.do\" target=\"_blank\" rel=\"noreferrer noopener\" aria-label=\"ITV centras (atsidaro naujame skirtuke)\">ITV centras<\/a>. Jie bus egl\u0117 gara\u017ee ir tai yra mechanikai, kuriuos mes pa\u017e\u012fstame ir kuriais pasitikime, nes jie greitai ir profesionaliai atliks darb\u0105, kad b\u016bt\u0173 galima <strong>\u017dibint\u0173 keitimas Ispanijoje<\/strong>.<\/p>\n<p><\/p>\n<h5 class=\"wp-block-heading\"><span class=\"ez-toc-section\" id=\"How_do_you_check_Changing_Headlights_In_Spain_Realignment\"><\/span>Kaip patikrinti \u017eibint\u0173 keitim\u0105 Ispanijoje?<span class=\"ez-toc-section-end\"><\/span><\/h5>\n<p><\/p>\n<p>Atve\u017ekite automobil\u012f pas mus arba, jei esate vietoje, galime nuva\u017eiuoti patikrinti j\u016bs\u0173 \u017eibint\u0173. Tada patikrinsime vis\u0105 Europ\u0105, kad rastume geriausi\u0105 kain\u0105 naujiems j\u016bs\u0173 transporto priemon\u0117s priekiniams \u017eibintams. Yra keli skirtingi priekini\u0173 \u017eibint\u0173 tipai,<\/p>\n<p><\/p>\n<ul class=\"wp-block-list\">\n<li>Ksenoniniai priekiniai \u017eibintai<\/li>\n<li>Halogeniniai priekiniai \u017eibintai<\/li>\n<li>LED priekiniai \u017eibintai<\/li>\n<li>Reflektoriniai ir pro\u017eektoriniai priekiniai \u017eibintai<\/li>\n<\/ul>\n<p><\/p>\n<p>Atsi\u017evelgdami \u012f tai, kokius priekinius \u017eibintus nustatysime j\u016bs\u0173 automobilyje, surasime pigiausius naujus priekinius \u017eibintus Europoje ir pristatysime juos jums. Ispanijos ITV priekini\u0173 \u017eibint\u0173 montavimo ir r\u016bko bei atbulin\u0117s eigos \u017eibint\u0173 keitimo kainos nustatomos kiekvienu konkre\u010diu atveju atskirai. Kartais tenka nuimti bufer\u012f, o kartais tai yra papras\u010diau. M\u016bs\u0173 visi\u0161kai registruot\u0173 ir kvalifikuot\u0173 mechanik\u0173 komanda gali sumontuoti naujus ispani\u0161kus priekinius \u017eibintus. Manome, kad m\u016bs\u0173 kainos da\u017eniausiai b\u016bna daug pigesn\u0117s nei tiesiogiai kreipiantis \u012f autoservis\u0105, nes turime daug \u0161altini\u0173, i\u0161 kuri\u0173 galime gauti priekinius \u017eibintus, skirtus priekini\u0173 \u017eibint\u0173 keitimui Ispanijoje perderinimui.<\/p>\n<p><\/p>\n<p>\u017dibintus Ispanijoje \u012fsigyjame i\u0161 visos Europos, jie mums labai greitai pristatomi i\u0161 Ispanijos, Vokietijos ir net Jungtin\u0117s Karalyst\u0117s. Daugumai \u017eibint\u0173 suteikiama dvej\u0173 met\u0173 garantija. Garantuojame, kad gr\u0105\u017einsime pinigus, jei \u017eibintai bus netinkami. Palaikome puikius ry\u0161ius su kai kuriais geriausios kainos nauj\u0173 ispani\u0161k\u0173 priekini\u0173 \u017eibint\u0173 tiek\u0117jais pasaulyje. Tai rei\u0161kia, kad galite gerokai sutaupyti pirkdami \u017eibintus tiesiai i\u0161 gara\u017e\u0173 Kosta Del Sol saloje. Be to, Kosta Del Sol saloje turime angli\u0161kai kalban\u010di\u0173 mechanik\u0173 grup\u0119, kuriuos visus nuodugniai patikrinome ir kuriais visi\u0161kai pasitikime.<\/p>\n<p><\/p>\n<p><strong>Kokie yra prana\u0161umai, jei naudojat\u0117s m\u016bs\u0173 paslaugomis keisdami \u017eibintus Ispanijoje?<\/strong><\/p>\n<p><\/p>\n<ul class=\"wp-block-list\">\n<li>Pigesni priekiniai \u017eibintai be kompromis\u0173 d\u0117l kokyb\u0117s<\/li>\n<li>Visapusi\u0161ka parama<\/li>\n<li>Patikima mechanika<\/li>\n<li>Garantuotai teisingi priekiniai \u017eibintai<\/li>\n<li>\u012erengti r\u016bko ir atbulin\u0117s eigos \u017eibintai<\/li>\n<li>Jie pristatomi tiesiai mums arba mes <b>pristatyti \u012f vis\u0105 Ispanij\u0105<\/b>.&nbsp;<\/li>\n<li>Surinksime j\u016bs\u0173 automobil\u012f ir nuve\u0161ime j\u012f sumontuoti \u017eibintus (papildoma kaina)<\/li>\n<li>\u017dibint\u0173 perreguliavimas, jei \u012fmanoma<\/li>\n<\/ul>\n<p><\/p>\n<p>\u017dibint\u0173 keitimas Ispanijoje \u017dibint\u0173 perreguliavimas neturi b\u016bti ilgai trunkantis procesas, keliantis stres\u0105. Leiskite mums atlikti sunk\u0173 darb\u0105 u\u017e jus. <a href=\"https:\/\/vehicleregistrationscostadelsol.com\/lt\/susisiekite-su\/\" target=\"_blank\" rel=\"noopener\">Susisiekite su mumis<\/a> \u0161iandien ir mes jums patarsime, o gal galite atva\u017eiuoti automobiliu pas mus ir mes j\u012f patikrinsime.<\/p>\n<p><\/p>\t\t\t\t\t\t\t\t<\/div>\n\t\t\t\t<div class=\"elementor-element elementor-element-1cfad31 elementor-widget elementor-widget-menu-anchor\" data-id=\"1cfad31\" data-element_type=\"widget\" data-e-type=\"widget\" data-widget_type=\"menu-anchor.default\">\n\t\t\t\t\t\t\t<div class=\"elementor-menu-anchor\" id=\"freequoteheadlights\"><\/div>\n\t\t\t\t\t\t<\/div>\n\t\t\t\t\t<\/div>\n\t\t<\/div>\n\t\t\t\t\t<\/div>\n\t\t<\/section>\n\t\t\t\t<section class=\"elementor-section elementor-top-section elementor-element elementor-element-27bb09b4 elementor-section-boxed elementor-section-height-default elementor-section-height-default\" data-id=\"27bb09b4\" data-element_type=\"section\" data-e-type=\"section\" data-settings=\"{&quot;background_background&quot;:&quot;gradient&quot;}\">\n\t\t\t\t\t\t\t<div class=\"elementor-background-overlay\"><\/div>\n\t\t\t\t\t\t\t<div class=\"elementor-container elementor-column-gap-no\">\n\t\t\t\t\t<div class=\"elementor-column elementor-col-100 elementor-top-column elementor-element elementor-element-638fdecc\" data-id=\"638fdecc\" data-element_type=\"column\" data-e-type=\"column\" data-settings=\"{&quot;background_background&quot;:&quot;classic&quot;}\">\n\t\t\t<div class=\"elementor-widget-wrap elementor-element-populated\">\n\t\t\t\t\t\t<div class=\"elementor-element elementor-element-39a32909 elementor-widget elementor-widget-heading\" data-id=\"39a32909\" data-element_type=\"widget\" data-e-type=\"widget\" data-widget_type=\"heading.default\">\n\t\t\t\t\t<h6 class=\"elementor-heading-title elementor-size-default\"><span class=\"ez-toc-section\" id=\"WhatsApp_us_for_a_free_quote_on_headlights_-_WE_DELIVER_TO_THE_WHOLE_OF_SPAIN\"><\/span>\"WhatsApp\" mums d\u0117l nemokamo pasi\u016blymo d\u0117l \u017eibint\u0173 - <b>PRISTATOME \u012e VIS\u0104 ISPANIJ\u0104<\/b><span class=\"ez-toc-section-end\"><\/span><\/h6>\t\t\t\t<\/div>\n\t\t\t\t<div class=\"elementor-element elementor-element-43b9784 elementor-widget-divider--view-line elementor-widget elementor-widget-divider\" data-id=\"43b9784\" data-element_type=\"widget\" data-e-type=\"widget\" data-widget_type=\"divider.default\">\n\t\t\t\t\t\t\t<div class=\"elementor-divider\">\n\t\t\t<span class=\"elementor-divider-separator\">\n\t\t\t\t\t\t<\/span>\n\t\t<\/div>\n\t\t\t\t\t\t<\/div>\n\t\t\t\t<div class=\"elementor-element elementor-element-394dde00 elementor-widget elementor-widget-heading\" data-id=\"394dde00\" data-element_type=\"widget\" data-e-type=\"widget\" data-widget_type=\"heading.default\">\n\t\t\t\t\t<h6 class=\"elementor-heading-title elementor-size-default\"><span class=\"ez-toc-section\" id=\"Click_below_and_we_will_find_headlights_or_headlight_realignment_for_you_cheap\"><\/span>Spustel\u0117kite toliau, ir mes rasime jums pigius priekinius \u017eibintus arba priekini\u0173 \u017eibint\u0173 reguliavim\u0105<span class=\"ez-toc-section-end\"><\/span><\/h6>\t\t\t\t<\/div>\n\t\t\t\t<div class=\"elementor-element elementor-element-4a3aa860 elementor-align-center elementor-mobile-align-center elementor-widget elementor-widget-button\" data-id=\"4a3aa860\" data-element_type=\"widget\" data-e-type=\"widget\" data-widget_type=\"button.default\">\n\t\t\t\t\t\t\t\t\t\t<a class=\"elementor-button elementor-button-link elementor-size-md\" href=\"https:\/\/wa.me\/+34696337629?text=I&#039;m%20interested%20in%20your%20free%20headlight%20quote\" target=\"_blank\" rel=\"noopener\">\n\t\t\t\t\t\t<span class=\"elementor-button-content-wrapper\">\n\t\t\t\t\t\t<span class=\"elementor-button-icon\">\n\t\t\t\t<svg aria-hidden=\"true\" class=\"e-font-icon-svg e-far-calendar-check\" viewbox=\"0 0 448 512\" xmlns=\"http:\/\/www.w3.org\/2000\/svg\"><path d=\"M400 64h-48V12c0-6.627-5.373-12-12-12h-40c-6.627 0-12 5.373-12 12v52H160V12c0-6.627-5.373-12-12-12h-40c-6.627 0-12 5.373-12 12v52H48C21.49 64 0 85.49 0 112v352c0 26.51 21.49 48 48 48h352c26.51 0 48-21.49 48-48V112c0-26.51-21.49-48-48-48zm-6 400H54a6 6 0 0 1-6-6V160h352v298a6 6 0 0 1-6 6zm-52.849-200.65L198.842 404.519c-4.705 4.667-12.303 4.637-16.971-.068l-75.091-75.699c-4.667-4.705-4.637-12.303.068-16.971l22.719-22.536c4.705-4.667 12.303-4.637 16.97.069l44.104 44.461 111.072-110.181c4.705-4.667 12.303-4.637 16.971.068l22.536 22.718c4.667 4.705 4.636 12.303-.069 16.97z\"><\/path><\/svg>\t\t\t<\/span>\n\t\t\t\t\t\t\t\t\t<span class=\"elementor-button-text\">Nemokama citata<\/span>\n\t\t\t\t\t<\/span>\n\t\t\t\t\t<\/a>\n\t\t\t\t\t\t\t\t<\/div>\n\t\t\t\t\t<\/div>\n\t\t<\/div>\n\t\t\t\t\t<\/div>\n\t\t<\/section>\n\t\t\t\t<\/div>","protected":false},"excerpt":{"rendered":"<p>Changing Headlights In Spain Realignment of your headlights is necessary when you drive a UK car and you are putting your car onto Spanish reg plates. By nature the headlights of your UK car point in the opposite direction from the curb hence into the direction of oncoming cars. This is obviously a problem and [&hellip;]<\/p>\n","protected":false},"author":1,"featured_media":2109,"parent":0,"menu_order":0,"comment_status":"closed","ping_status":"closed","template":"","meta":{"site-sidebar-layout":"default","site-content-layout":"default","ast-site-content-layout":"default","site-content-style":"default","site-sidebar-style":"default","ast-global-header-display":"","ast-banner-title-visibility":"","ast-main-header-display":"","ast-hfb-above-header-display":"","ast-hfb-below-header-display":"","ast-hfb-mobile-header-display":"","site-post-title":"","ast-breadcrumbs-content":"","ast-featured-img":"","footer-sml-layout":"","ast-disable-related-posts":"","theme-transparent-header-meta":"default","adv-header-id-meta":"","stick-header-meta":"","header-above-stick-meta":"","header-main-stick-meta":"","header-below-stick-meta":"","astra-migrate-meta-layouts":"default","ast-page-background-enabled":"default","ast-page-background-meta":{"desktop":{"background-color":"","background-image":"","background-repeat":"repeat","background-position":"center center","background-size":"auto","background-attachment":"scroll","background-type":"","background-media":"","overlay-type":"","overlay-color":"","overlay-opacity":"","overlay-gradient":""},"tablet":{"background-color":"","background-image":"","background-repeat":"repeat","background-position":"center center","background-size":"auto","background-attachment":"scroll","background-type":"","background-media":"","overlay-type":"","overlay-color":"","overlay-opacity":"","overlay-gradient":""},"mobile":{"background-color":"","background-image":"","background-repeat":"repeat","background-position":"center center","background-size":"auto","background-attachment":"scroll","background-type":"","background-media":"","overlay-type":"","overlay-color":"","overlay-opacity":"","overlay-gradient":""}},"ast-content-background-meta":{"desktop":{"background-color":"var(--ast-global-color-5)","background-image":"","background-repeat":"repeat","background-position":"center center","background-size":"auto","background-attachment":"scroll","background-type":"","background-media":"","overlay-type":"","overlay-color":"","overlay-opacity":"","overlay-gradient":""},"tablet":{"background-color":"var(--ast-global-color-5)","background-image":"","background-repeat":"repeat","background-position":"center center","background-size":"auto","background-attachment":"scroll","background-type":"","background-media":"","overlay-type":"","overlay-color":"","overlay-opacity":"","overlay-gradient":""},"mobile":{"background-color":"var(--ast-global-color-5)","background-image":"","background-repeat":"repeat","background-position":"center center","background-size":"auto","background-attachment":"scroll","background-type":"","background-media":"","overlay-type":"","overlay-color":"","overlay-opacity":"","overlay-gradient":""}},"footnotes":""},"class_list":["post-1807","page","type-page","status-publish","has-post-thumbnail","hentry"],"_links":{"self":[{"href":"https:\/\/vehicleregistrationscostadelsol.com\/lt\/wp-json\/wp\/v2\/pages\/1807","targetHints":{"allow":["GET"]}}],"collection":[{"href":"https:\/\/vehicleregistrationscostadelsol.com\/lt\/wp-json\/wp\/v2\/pages"}],"about":[{"href":"https:\/\/vehicleregistrationscostadelsol.com\/lt\/wp-json\/wp\/v2\/types\/page"}],"author":[{"embeddable":true,"href":"https:\/\/vehicleregistrationscostadelsol.com\/lt\/wp-json\/wp\/v2\/users\/1"}],"replies":[{"embeddable":true,"href":"https:\/\/vehicleregistrationscostadelsol.com\/lt\/wp-json\/wp\/v2\/comments?post=1807"}],"version-history":[{"count":0,"href":"https:\/\/vehicleregistrationscostadelsol.com\/lt\/wp-json\/wp\/v2\/pages\/1807\/revisions"}],"wp:featuredmedia":[{"embeddable":true,"href":"https:\/\/vehicleregistrationscostadelsol.com\/lt\/wp-json\/wp\/v2\/media\/2109"}],"wp:attachment":[{"href":"https:\/\/vehicleregistrationscostadelsol.com\/lt\/wp-json\/wp\/v2\/media?parent=1807"}],"curies":[{"name":"wp","href":"https:\/\/api.w.org\/{rel}","templated":true}]}}