{"id":1909,"date":"2020-12-20T15:56:00","date_gmt":"2020-12-20T14:56:00","guid":{"rendered":"https:\/\/vehicleregistrationscostadelsol.com\/?page_id=1909"},"modified":"2024-10-27T21:03:29","modified_gmt":"2024-10-27T20:03:29","slug":"zali-numerio-zenklai-ispanija","status":"publish","type":"page","link":"https:\/\/vehicleregistrationscostadelsol.com\/lt\/green-number-plates-spain\/","title":{"rendered":"\u017dali numerio \u017eenklai Ispanija \"P\" numerio \u017eenklai 1# amazing"},"content":{"rendered":"<h2 class=\"wp-block-heading\"><span class=\"ez-toc-section\" id=\"Do_you_need_green_reg_plates_in_Spain\"><\/span>Ar Ispanijoje reikia \u017eali\u0173 registracijos numeri\u0173?<span class=\"ez-toc-section-end\"><\/span><\/h2>\n\n\n\n<p>Jei ketinate teis\u0117tai vairuoti automobil\u012f su \u017ealiais numerio \u017eenklais Ispanijoje, turite juos u\u017esisakyti Ispanijos DGT. Jie suteikia galimyb\u0119 legaliai vairuoti automobil\u012f d\u0117l to, kad gali b\u016bti pasibaig\u0119s j\u016bs\u0173 \u0161alies draudimas, baig\u0117si j\u016bs\u0173 technin\u0117s ap\u017ei\u016bros (MOT) galiojimas arba j\u016bs\u0173 automobilis yra SORN Jungtin\u0117je Karalyst\u0117je arba lygiavertis ES automobiliams skirtas ES lygmuo. J\u016bs\u0173 transporto priemon\u0117 tam tikr\u0105 laik\u0105 gali b\u016bti teis\u0117tai vairuojama Ispanijoje. Ta\u010diau visada geriausia patikrinti, ar jums reikia <strong>\u017dali numerio \u017eenklai<\/strong>arba, kaip jie vadina Ispanijoje, \"placas verdes\".<\/p><div id=\"ez-toc-container\" class=\"ez-toc-v2_0_82_2 counter-hierarchy ez-toc-counter ez-toc-grey ez-toc-container-direction\">\n<div class=\"ez-toc-title-container\">\n<p class=\"ez-toc-title\" style=\"cursor:inherit\">Turinys<\/p>\n<span class=\"ez-toc-title-toggle\"><a href=\"#\" class=\"ez-toc-pull-right ez-toc-btn ez-toc-btn-xs ez-toc-btn-default ez-toc-toggle\" aria-label=\"Perjungti turinio lentel\u0119\"><span class=\"ez-toc-js-icon-con\"><span class=\"\"><span class=\"eztoc-hide\" style=\"display:none;\">Perjungti<\/span><span class=\"ez-toc-icon-toggle-span\"><svg style=\"fill: #999;color:#999\" xmlns=\"http:\/\/www.w3.org\/2000\/svg\" class=\"list-377408\" width=\"20px\" height=\"20px\" viewbox=\"0 0 24 24\" fill=\"none\"><path d=\"M6 6H4v2h2V6zm14 0H8v2h12V6zM4 11h2v2H4v-2zm16 0H8v2h12v-2zM4 16h2v2H4v-2zm16 0H8v2h12v-2z\" fill=\"currentColor\"><\/path><\/svg><svg style=\"fill: #999;color:#999\" class=\"arrow-unsorted-368013\" xmlns=\"http:\/\/www.w3.org\/2000\/svg\" width=\"10px\" height=\"10px\" viewbox=\"0 0 24 24\" version=\"1.2\" baseprofile=\"tiny\"><path d=\"M18.2 9.3l-6.2-6.3-6.2 6.3c-.2.2-.3.4-.3.7s.1.5.3.7c.2.2.4.3.7.3h11c.3 0 .5-.1.7-.3.2-.2.3-.5.3-.7s-.1-.5-.3-.7zM5.8 14.7l6.2 6.3 6.2-6.3c.2-.2.3-.5.3-.7s-.1-.5-.3-.7c-.2-.2-.4-.3-.7-.3h-11c-.3 0-.5.1-.7.3-.2.2-.3.5-.3.7s.1.5.3.7z\"\/><\/svg><\/span><\/span><\/span><\/a><\/span><\/div>\n<nav><ul class='ez-toc-list ez-toc-list-level-1' ><li class='ez-toc-page-1 ez-toc-heading-level-2'><a class=\"ez-toc-link ez-toc-heading-1\" href=\"https:\/\/vehicleregistrationscostadelsol.com\/lt\/green-number-plates-spain\/#Do_you_need_green_reg_plates_in_Spain\" >Ar Ispanijoje reikia \u017eali\u0173 registracijos numeri\u0173?<\/a><\/li><li class='ez-toc-page-1 ez-toc-heading-level-2'><a class=\"ez-toc-link ez-toc-heading-2\" href=\"https:\/\/vehicleregistrationscostadelsol.com\/lt\/green-number-plates-spain\/#Temporary_number_Plates_Spain\" >Laikinieji numerio \u017eenklai Ispanija<\/a><\/li><li class='ez-toc-page-1 ez-toc-heading-level-2'><a class=\"ez-toc-link ez-toc-heading-3\" href=\"https:\/\/vehicleregistrationscostadelsol.com\/lt\/green-number-plates-spain\/#How_long_do_green_reg_plates_last\" >Kiek laiko galioja \u017ealiosios reg. plok\u0161tel\u0117s?<\/a><ul class='ez-toc-list-level-3' ><li class='ez-toc-heading-level-3'><a class=\"ez-toc-link ez-toc-heading-4\" href=\"https:\/\/vehicleregistrationscostadelsol.com\/lt\/green-number-plates-spain\/#Do_you_need_Spanish_insurance_for_Green_number_plates\" >Ar jums reikia Ispanijos draudimo, jei turite \u017ealius numerio \u017eenklus?<\/a><ul class='ez-toc-list-level-4' ><li class='ez-toc-heading-level-4'><a class=\"ez-toc-link ez-toc-heading-5\" href=\"https:\/\/vehicleregistrationscostadelsol.com\/lt\/green-number-plates-spain\/#How_long_do_green_number_plates_take\" >Kiek laiko u\u017etrunka \u017eali numerio \u017eenklai?<\/a><ul class='ez-toc-list-level-5' ><li class='ez-toc-heading-level-5'><a class=\"ez-toc-link ez-toc-heading-6\" href=\"https:\/\/vehicleregistrationscostadelsol.com\/lt\/green-number-plates-spain\/#Do_the_police_pull_you_with_green_reg_plates\" >Ar policija jus sustabdo su \u017ealiais registracijos numeriais?<\/a><ul class='ez-toc-list-level-6' ><li class='ez-toc-heading-level-6'><a class=\"ez-toc-link ez-toc-heading-7\" href=\"https:\/\/vehicleregistrationscostadelsol.com\/lt\/green-number-plates-spain\/#Are_the_green_number_plates_the_same_size_as_EU_and_UK_reg_plates\" >Ar \u017eali numerio \u017eenklai yra tokio paties dyd\u017eio kaip ES ir JK registracijos numerio \u017eenklai?<\/a><\/li><li class='ez-toc-page-1 ez-toc-heading-level-6'><a class=\"ez-toc-link ez-toc-heading-8\" href=\"https:\/\/vehicleregistrationscostadelsol.com\/lt\/green-number-plates-spain\/#Can_you_get_an_extension_to_the_plates_if_they_expire\" >Ar galite prat\u0119sti numeri\u0173 galiojimo laik\u0105, jei jie baigia galioti?<\/a><\/li><\/ul><\/li><\/ul><\/li><\/ul><\/li><\/ul><\/li><\/ul><\/nav><\/div>\n\n\n\n\n<h2 class=\"wp-block-heading\"><span class=\"ez-toc-section\" id=\"Temporary_number_Plates_Spain\"><\/span>Laikinieji numerio \u017eenklai Ispanija<span class=\"ez-toc-section-end\"><\/span><\/h2>\n\n\n\n<p>Kuo skiriasi laikinasis ir \u017ealiasis numerio \u017eenklas Ispanijoje? Niekuo, jie yra lygiai tokie patys. \u017dalieji numerio \u017eenklai, P numerio \u017eenklai, laikinieji numerio \u017eenklai arba placas verdes - visi \u0161ie terminai da\u017enai vartojami kalbant apie t\u0105 pat\u012f produkt\u0105 ir proces\u0105. Jie atlieka lygiai toki\u0105 pa\u010di\u0105 funkcij\u0105 ir turi tokias pa\u010dias taisykles kaip ir vienas kitas.<\/p>\n\n\n\n<h2 class=\"wp-block-heading\"><span class=\"ez-toc-section\" id=\"How_long_do_green_reg_plates_last\"><\/span>Kiek laiko galioja \u017ealiosios reg. plok\u0161tel\u0117s?<span class=\"ez-toc-section-end\"><\/span><\/h2>\n\n\n\n<p>\u017daliaisiais registracijos numeriais galima teis\u0117tai vairuoti Ispanijoje 60 dien\u0173. Tai pakankamai laiko, kad j\u016bs\u0173 automobiliui b\u016bt\u0173 i\u0161duoti ispani\u0161ki numeriai ir kad <a aria-label=\"ITV testas (atsidaro naujame skirtuke)\" rel=\"noreferrer noopener\" class=\"rank-math-link\" href=\"https:\/\/vehicleregistrationscostadelsol.com\/lt\/itv-tests\/\" target=\"_blank\">ITV testas<\/a>. 60 dien\u0173 yra daugiau nei pakankamai, kad u\u017esisakytum\u0117te ITV ir gautum\u0117te savo automobil\u012f, susitvarkytum\u0117te su Ispanijos dokumentais d\u0117l savo \u017eali\u0173 numerio \u017eenkl\u0173 ir gautum\u0117te savo tikruosius Ispanijos reg. numerius ir savo automobil\u012f. <a aria-label=\"registruotas (atsidaro naujame skirtuke)\" rel=\"noreferrer noopener\" class=\"rank-math-link\" href=\"http:\/\/www.dgt.es\/es\/\" target=\"_blank\">registruota<\/a> visi\u0161kai Ispanijoje. <\/p>\n\n\n\n<p><\/p>\n\n\n\n<h3 class=\"wp-block-heading\"><span class=\"ez-toc-section\" id=\"Do_you_need_Spanish_insurance_for_Green_number_plates\"><\/span>Ar jums reikia Ispanijos draudimo, jei turite \u017ealius numerio \u017eenklus?<span class=\"ez-toc-section-end\"><\/span><\/h3>\n\n\n\n<p>Taip, kai tik gausite \u017ealius registracijos numerius, turite apdrausti DGT i\u0161duot\u0105 numer\u012f. \u0160is numeris bus ma\u017edaug toks: P 4321 BDP, tada (patys arba pagal m\u016bs\u0173 rekomendacij\u0105) apdrausite savo transporto priemon\u0119 Ispanijos \u017ealiaisiais registracijos numeriais. Kai bus i\u0161duoti tikrieji valstybiniai numeriai, pakeiskite numer\u012f su naujuoju Ispanijos draudimo bendrov\u0117s numeriu.<\/p>\n\n\n\n<h4 class=\"wp-block-heading\"><span class=\"ez-toc-section\" id=\"How_long_do_green_number_plates_take\"><\/span>Kiek laiko u\u017etrunka \u017eali numerio \u017eenklai?<span class=\"ez-toc-section-end\"><\/span><\/h4>\n\n\n\n<p>Jei u\u017esakysime \u017ealius numerio \u017eenklus Ispanijoje, j\u0173 i\u0161davimas u\u017etruks ma\u017edaug savait\u0119. DGT atsiun\u010dia el. lai\u0161k\u0105 su numeriu, kur\u012f galite naudoti transporto priemonei apdrausti. Po keli\u0173 dien\u0173 bus pristatyti fiziniai numeriai. Si\u016blome paslaug\u0105, kai reg. numerius jums atsiun\u010dia kurjeris arba, jei esate netoli, mes jums u\u017ed\u0117sime numerius ant automobilio. <\/p>\n\n\n\n<p>\u017dali\u0173j\u0173 numerio \u017eenkl\u0173 montavimas n\u0117ra sud\u0117tingas, daugelis automobili\u0173 yra skirtingi, ta\u010diau paprastai numerio \u017eenkluose yra 2\/4 var\u017et\u0173. i\u0161sukite var\u017etus, nuimkite sen\u0105j\u012f numerio \u017eenkl\u0105, u\u017ed\u0117kite j\u012f ant \u017ealiojo numerio \u017eenklo ir pa\u017eym\u0117kite, kur yra senosios skyl\u0117s, tada per tas skyles prisukite nauj\u0105j\u012f \u017eali\u0105j\u012f numerio \u017eenkl\u0105. Taip var\u017etai bus \u012fsukti \u012f esamas automobilio skyles, kad nelikt\u0173 nauj\u0173 skyli\u0173 ir darbas b\u016bt\u0173 lengvesnis. patariame naudoti savisriegius var\u017etus. Paprastai tai padarome u\u017e jus, jei automobil\u012f atve\u017eate pas mus arba esate netoli m\u016bs\u0173 buvein\u0117s. <\/p>\n\n\n\n<h5 class=\"wp-block-heading\"><span class=\"ez-toc-section\" id=\"Do_the_police_pull_you_with_green_reg_plates\"><\/span>Ar policija jus sustabdo su \u017ealiais registracijos numeriais?<span class=\"ez-toc-section-end\"><\/span><\/h5>\n\n\n\n<p>Tik\u0117tina, kad policija jus sustabdys su \u0161alies registracijos numeriais, o ne su \u017ealiais numeriais. Ispanijos policija gerai \u017eino, pavyzd\u017eiui, apie Jungtin\u0117s Karalyst\u0117s DVLA. ji gali labai lengvai jus sulaikyti, pasinaudoti mobiliuoju telefonu ir per kelias sekundes su\u017einoti, ar j\u016bs\u0173 automobilis apdraustas, apmokestintas, turi variklio numer\u012f arba ar jis yra registruotas Jungtin\u0117je Karalyst\u0117je. Jei kas nors i\u0161 to bus neteisinga, b\u016bsite sustabdyti, nubausti, galb\u016bt automobilis bus konfiskuotas, o j\u016bs\u0173 draudimas bus pripa\u017eintas negaliojan\u010diu. <\/p>\n\n\n\n<p>Jei visi pirmiau i\u0161vardyti duomenys yra teisingi, galite vairuoti transporto priemon\u0119 Ispanijoje tur\u0117dami JK draudim\u0105. Vis d\u0117lto, \u012fsigij\u0119 \u017ealius Ispanijos numerio \u017eenklus, galite i\u0161vengti dideli\u0173 baud\u0173 ar nepageidaujamo policijos d\u0117mesio d\u0117l Ispanijoje vairuojamos transporto priemon\u0117s teis\u0117tumo. Jei j\u016bs\u0173 transporto priemon\u0117 \u010dia buvo ilgiau nei \u0161e\u0161is m\u0117nesius, tuomet j\u016bs tikrai tai darote.<\/p>\n\n\n\n<h6 class=\"wp-block-heading\"><span class=\"ez-toc-section\" id=\"Are_the_green_number_plates_the_same_size_as_EU_and_UK_reg_plates\"><\/span>Ar \u017eali numerio \u017eenklai yra tokio paties dyd\u017eio kaip ES ir JK registracijos numerio \u017eenklai?<span class=\"ez-toc-section-end\"><\/span><\/h6>\n\n\n\n<p>Taip, jie yra lygiai tokio paties dyd\u017eio. D\u0117l to plok\u0161tes lengva pakeisti, nes galima \u012fsukti var\u017etus per esamas dabartini\u0173 numerio plok\u0161teli\u0173 skyles ir pa\u017eym\u0117ti skyl\u0119 \u017ealioje numerio plok\u0161tel\u0117je, tod\u0117l var\u017etai tur\u0117t\u0173 b\u016bti \u012fsukami \u012f esamas skyles ir nereik\u0117t\u0173 daryti nauj\u0173 skyli\u0173. Tai taikoma tiek ES, tiek JK numerio lentel\u0117ms, kai montuojate \u017eali\u0105sias numerio lenteles.  Nor\u0117dami gauti daugiau informacijos, atsisi\u0173skite m\u016bs\u0173 informacin\u012f PDF dokument\u0105 apie \u017ealiuosius numerio \u017eenklus. <\/p>\n\n\n\n<h6 class=\"wp-block-heading\"><span class=\"ez-toc-section\" id=\"Can_you_get_an_extension_to_the_plates_if_they_expire\"><\/span>Ar galite prat\u0119sti numeri\u0173 galiojimo laik\u0105, jei jie baigia galioti?<span class=\"ez-toc-section-end\"><\/span><\/h6>\n\n\n\n<p>Per DGT yra numatyta prat\u0119simo proced\u016bra, ta\u010diau j\u0105 patvirtinti labai sunku. Net jei kai kuriais atvejais patikrinimai u\u017etrunka \u0161e\u0161ias savaites, kad b\u016bt\u0173 paskirtas susitikimas, tod\u0117l beveik neturite laiko u\u017ebaigti proces\u0105 per 60 dien\u0173, jie beveik visada atmetami. Nesame tikri, kod\u0117l taip yra. <strong>I\u0161 perspektyvos, iki \u0161iol mes ir m\u016bs\u0173 teisiniai atstovai, kurie tvarko prat\u0119simus, niekada netur\u0117jo patvirtinimo. <\/strong><\/p>\n\n\n\n<figure class=\"wp-block-image size-large\"><img decoding=\"async\" width=\"430\" height=\"81\" src=\"https:\/\/vehicleregistrationscostadelsol.com\/wp-content\/uploads\/2020\/12\/Green-number-plates-1.jpg\" alt=\"Automobili\u0173 registracija Kosta del Sol\" class=\"wp-image-1950\" title=\"U\u017eregistruokite savo automobil\u012f Ispanijoje\" srcset=\"https:\/\/vehicleregistrationscostadelsol.com\/wp-content\/uploads\/2020\/12\/Green-number-plates-1.jpg 430w, https:\/\/vehicleregistrationscostadelsol.com\/wp-content\/uploads\/2020\/12\/Green-number-plates-1-300x57.jpg 300w\" sizes=\"(max-width: 430px) 100vw, 430px\" \/><\/figure>\n\n\n\n<p><\/p>","protected":false},"excerpt":{"rendered":"<p>Do you need green reg plates in Spain? If you plan to drive your car legally with green number plates Spain you need to order them from the Spanish DGT. They enable you to drive drive legally for the reasons that your insurance in your own country may have run out, your MOT may have [&hellip;]<\/p>\n","protected":false},"author":1,"featured_media":2237,"parent":0,"menu_order":0,"comment_status":"closed","ping_status":"closed","template":"","meta":{"site-sidebar-layout":"default","site-content-layout":"default","ast-site-content-layout":"default","site-content-style":"default","site-sidebar-style":"default","ast-global-header-display":"","ast-banner-title-visibility":"","ast-main-header-display":"","ast-hfb-above-header-display":"","ast-hfb-below-header-display":"","ast-hfb-mobile-header-display":"","site-post-title":"","ast-breadcrumbs-content":"","ast-featured-img":"","footer-sml-layout":"","ast-disable-related-posts":"","theme-transparent-header-meta":"default","adv-header-id-meta":"","stick-header-meta":"","header-above-stick-meta":"","header-main-stick-meta":"","header-below-stick-meta":"","astra-migrate-meta-layouts":"set","ast-page-background-enabled":"default","ast-page-background-meta":{"desktop":{"background-color":"","background-image":"","background-repeat":"repeat","background-position":"center center","background-size":"auto","background-attachment":"scroll","background-type":"","background-media":"","overlay-type":"","overlay-color":"","overlay-opacity":"","overlay-gradient":""},"tablet":{"background-color":"","background-image":"","background-repeat":"repeat","background-position":"center center","background-size":"auto","background-attachment":"scroll","background-type":"","background-media":"","overlay-type":"","overlay-color":"","overlay-opacity":"","overlay-gradient":""},"mobile":{"background-color":"","background-image":"","background-repeat":"repeat","background-position":"center center","background-size":"auto","background-attachment":"scroll","background-type":"","background-media":"","overlay-type":"","overlay-color":"","overlay-opacity":"","overlay-gradient":""}},"ast-content-background-meta":{"desktop":{"background-color":"var(--ast-global-color-5)","background-image":"","background-repeat":"repeat","background-position":"center center","background-size":"auto","background-attachment":"scroll","background-type":"","background-media":"","overlay-type":"","overlay-color":"","overlay-opacity":"","overlay-gradient":""},"tablet":{"background-color":"var(--ast-global-color-5)","background-image":"","background-repeat":"repeat","background-position":"center center","background-size":"auto","background-attachment":"scroll","background-type":"","background-media":"","overlay-type":"","overlay-color":"","overlay-opacity":"","overlay-gradient":""},"mobile":{"background-color":"var(--ast-global-color-5)","background-image":"","background-repeat":"repeat","background-position":"center center","background-size":"auto","background-attachment":"scroll","background-type":"","background-media":"","overlay-type":"","overlay-color":"","overlay-opacity":"","overlay-gradient":""}},"footnotes":""},"class_list":["post-1909","page","type-page","status-publish","has-post-thumbnail","hentry"],"_links":{"self":[{"href":"https:\/\/vehicleregistrationscostadelsol.com\/lt\/wp-json\/wp\/v2\/pages\/1909","targetHints":{"allow":["GET"]}}],"collection":[{"href":"https:\/\/vehicleregistrationscostadelsol.com\/lt\/wp-json\/wp\/v2\/pages"}],"about":[{"href":"https:\/\/vehicleregistrationscostadelsol.com\/lt\/wp-json\/wp\/v2\/types\/page"}],"author":[{"embeddable":true,"href":"https:\/\/vehicleregistrationscostadelsol.com\/lt\/wp-json\/wp\/v2\/users\/1"}],"replies":[{"embeddable":true,"href":"https:\/\/vehicleregistrationscostadelsol.com\/lt\/wp-json\/wp\/v2\/comments?post=1909"}],"version-history":[{"count":0,"href":"https:\/\/vehicleregistrationscostadelsol.com\/lt\/wp-json\/wp\/v2\/pages\/1909\/revisions"}],"wp:featuredmedia":[{"embeddable":true,"href":"https:\/\/vehicleregistrationscostadelsol.com\/lt\/wp-json\/wp\/v2\/media\/2237"}],"wp:attachment":[{"href":"https:\/\/vehicleregistrationscostadelsol.com\/lt\/wp-json\/wp\/v2\/media?parent=1909"}],"curies":[{"name":"wp","href":"https:\/\/api.w.org\/{rel}","templated":true}]}}