{"id":1977,"date":"2021-01-13T15:06:57","date_gmt":"2021-01-13T14:06:57","guid":{"rendered":"https:\/\/vehicleregistrationscostadelsol.com\/?page_id=1977"},"modified":"2026-02-10T22:24:44","modified_gmt":"2026-02-10T21:24:44","slug":"es-automobilio-registravimas-ispanijoje","status":"publish","type":"page","link":"https:\/\/vehicleregistrationscostadelsol.com\/lt\/registering-an-eu-car-in-spain\/","title":{"rendered":"ES automobilio registravimas Ispanijoje - i\u0161laidos ir informacija #1"},"content":{"rendered":"<img fetchpriority=\"high\" decoding=\"async\" src=\"https:\/\/vehicleregistrationscostadelsol.com\/wp-content\/uploads\/2024\/01\/Reister-an-EU-vehcile-in-Spain-1024x536.webp\" sizes=\"(max-width: 1024px) 100vw, 1024px\" srcset=\"https:\/\/vehicleregistrationscostadelsol.com\/wp-content\/uploads\/2024\/01\/Reister-an-EU-vehcile-in-Spain-1024x536.webp 1024w, https:\/\/vehicleregistrationscostadelsol.com\/wp-content\/uploads\/2024\/01\/Reister-an-EU-vehcile-in-Spain-300x157.webp 300w, https:\/\/vehicleregistrationscostadelsol.com\/wp-content\/uploads\/2024\/01\/Reister-an-EU-vehcile-in-Spain-768x402.webp 768w, https:\/\/vehicleregistrationscostadelsol.com\/wp-content\/uploads\/2024\/01\/Reister-an-EU-vehcile-in-Spain-18x9.webp 18w, https:\/\/vehicleregistrationscostadelsol.com\/wp-content\/uploads\/2024\/01\/Reister-an-EU-vehcile-in-Spain.webp 1200w\" alt=\"ES transporto priemoni\u0173 registravimas Ispanijoje. Lengvas vadovas ir informacija.\" width=\"1024\" height=\"536\" title=\"U\u017eregistruokite savo automobil\u012f Ispanijoje\">\n\nES automobilio registravimo Ispanijoje etapai. \u0160iame puslapyje rasite daug vertingos ir informatyvios informacijos apie tai, kaip u\u017eregistruoti ES automobil\u012f Ispanijoje. ES transporto priemon\u0117s registravimas paprastai yra gana paprastas procesas. Paprastai ES automobili\u0173 vairas yra kair\u0117je automobilio pus\u0117je. priekiniai \u017eibintai nukreipti tinkama kryptimi, kad b\u016bt\u0173 galima va\u017eiuoti Ispanijos keliais. O r\u016bko ir atbulin\u0117s eigos \u017eibintai yra tinkamoje pus\u0117je.\n<h2><span class=\"ez-toc-section\" id=\"Top_steps_to_register_a_EU_vehicle_in_Spain\"><\/span>Pagrindiniai ES transporto priemon\u0117s registravimo Ispanijoje etapai<span class=\"ez-toc-section-end\"><\/span><\/h2>\nNorint \u012fregistruoti u\u017esienio transporto priemon\u0119 Ispanijoje, reikia originali\u0173 transporto priemon\u0117s regsitravimo dokument\u0173, Ficha Technica Reducia, galiojan\u010dios ITV patikros, paso, paso, NIE pa\u017eym\u0117jimo arba gyvenamosios vietos kortel\u0117s ir adreso Ispanijoje \u012frodymo. Turite sumok\u0117ti atitinkamoms institucijoms, daugiausia mokes\u010di\u0173 inspekcijai, DGT ir savivaldybei.\n\n<!-- \/wp:post-content -->\n\n<!-- wp:heading -->\n<h2><span class=\"ez-toc-section\" id=\"Cost_of_registering_a_EU_car_in_Spain\"><\/span>ES automobilio registravimo Ispanijoje kaina?<span class=\"ez-toc-section-end\"><\/span><\/h2>\n<!-- \/wp:heading -->\n\n<!-- wp:paragraph -->\n\nU\u017esienio automobilio registracija Ispanijoje kainuoja apie 900 eur\u0173, jei jo i\u0161metam\u0173j\u0173 ter\u0161al\u0173 kiekis yra nedidelis. Ta\u010diau kaina did\u0117ja priklausomai nuo transporto priemon\u0117s i\u0161metamo CO2 kiekio. Keli\u0173 mokestis ir draudimas priklauso nuo transporto priemon\u0117s galios ir am\u017eiaus.\n\nNors kiekvienas automobilis yra skirtingas. U\u017esienieti\u0161ko automobilio registravimo Ispanijoje i\u0161laidos yra suskirstytos \u012f kelias dalis. I\u0161metam\u0173j\u0173 ter\u0161al\u0173 mokestis kiekvienam automobiliui yra skirtingas, j\u012f lemia Co2 (gramai kilometrui) ir transporto priemon\u0117s am\u017eius.  Toliau pateiktame s\u0105ra\u0161e nurodyti b\u016btini i\u0161laid\u0173 etapai.\n\n<!-- \/wp:paragraph -->\n\n<!-- wp:list -->\n<ul>\n \t<li>1 \u017eingsnis - gauti \"Ficha Technica\" - atitikties sertifikat\u0105<\/li>\n \t<li>2 etapas - ITV patikrinimas Techninis testas -<\/li>\n \t<li>3 etapas - dokument\u0173 tvarkymas su DGT<\/li>\n \t<li>4 veiksmas - Mokes\u010di\u0173 inspekcijai sumok\u0117ti i\u0161metam\u0173j\u0173 ter\u0161al\u0173 mokest\u012f<\/li>\n \t<li>5 \u017eingsnis - sumok\u0117ti keli\u0173 mokest\u012f - IVTM mokamas miesto rotu\u0161\u0117je<\/li>\n \t<li>6 veiksmas - pra\u0161ymas i\u0161duoti fizinius numerio \u017eenklus<\/li>\n \t<li>7 veiksmas - pra\u0161ymas i\u0161duoti ECO lipduk\u0105<\/li>\n<\/ul>\n<!-- \/wp:list -->\n\n<!-- wp:paragraph -->\n\nPriklausomai nuo to, ar vairuojate ma\u017eos tar\u0161os automobil\u012f, ar \"Ferrari\", taikomi \u012fvair\u016bs tar\u0161os mokes\u010diai - nuo nulio iki 1000 eur\u0173.\n\n<!-- \/wp:paragraph -->\n\n<!-- wp:heading -->\n<h2><span class=\"ez-toc-section\" id=\"How_do_you_register_an_EU_car_in_Spain\"><\/span>Kaip u\u017eregistruoti ES automobil\u012f Ispanijoje?<span class=\"ez-toc-section-end\"><\/span><\/h2>\n<!-- \/wp:heading -->\n\n<!-- wp:paragraph -->\n\nJei neturite \u017eini\u0173, kaip vyksta ES automobilio registravimas Ispanijoje, tai sud\u0117tingas procesas. Mes u\u017e jus atliekame absoliu\u010diai visk\u0105 nuo prad\u017eios iki pabaigos, \u012fskaitant mokes\u010dius, dokument\u0173 tvarkym\u0105, <a href=\"https:\/\/vehicleregistrationscostadelsol.com\/lt\/\" target=\"_blank\" rel=\"noreferrer noopener\" aria-label=\"PRE ITV check FREE (atsidaro naujame skirtuke)\">PRE ITV patikrinimas NEMOKAMAI<\/a>, <a href=\"https:\/\/vehicleregistrationscostadelsol.com\/lt\/itv-testai-mijas\/\" target=\"_blank\" rel=\"noreferrer noopener\" aria-label=\"ITV testas (atsidaro naujame skirtuke)\">ITV testas<\/a> (u\u017esakyti ir atlikti) gauti \u017ealiuosius numerio \u017eenklus, sumok\u0117ti keli\u0173 mokest\u012f u\u017e jus, gauti naujos transporto priemon\u0117s dokumentus ir ispani\u0161kus numerio \u017eenklus, o kai juos gausime, net pritvirtinsime juos prie automobilio. Taip pat u\u017esakome ir pritvirtiname \u017ealiuosius numerio \u017eenklus, kad gal\u0117tum\u0117te teis\u0117tai vairuoti Ispanijoje, o mes atliekame vis\u0105 ES automobilio registravimo Ispanijoje paslaug\u0105.\n\n<!-- \/wp:paragraph -->\n\n<!-- wp:image {\"id\":1970,\"sizeSlug\":\"large\"} -->\n<figure><\/figure>\n<!-- \/wp:image -->\n\n<!-- wp:heading {\"level\":4} -->\n<h4><span class=\"ez-toc-section\" id=\"Can_I_register_a_right_hand_drive_car_in_Spain\"><\/span>Ar galiu Ispanijoje u\u017eregistruoti automobil\u012f su vairu de\u0161in\u0117je pus\u0117je?<span class=\"ez-toc-section-end\"><\/span><\/h4>\n<!-- \/wp:heading -->\n\n<!-- wp:paragraph -->\n\nTaip, Ispanijoje galima registruoti visas RHD de\u0161in\u0117s pus\u0117s vairuojamas transporto priemones. Jei i\u0161laikytas ITV testas ir automobilis pritaikytas pagal <a href=\"https:\/\/vehicleregistrationscostadelsol.com\/lt\/priekiniu-zibintu-keitimas-ispanijoje\/\" target=\"_blank\" rel=\"noreferrer noopener\" aria-label=\"priekiniai \u017eibintai (atsidaro naujame skirtuke)\">priekiniai \u017eibintai<\/a> reguliavimas, r\u016bko \u017eibintas, atbulin\u0117s eigos \u017eibintas ir keletas kit\u0173 veiksni\u0173, kad b\u016bt\u0173 u\u017etikrintas jo tinkamumas va\u017eiuoti Ispanijos keliais. ES automobiliai yra paprasti. JK automobiliams po \"Brexit\" reik\u0117s naujo sertifikato, ta\u010diau tai vis tiek galima padaryti be problem\u0173.\n\n<!-- \/wp:paragraph -->\n\n<!-- wp:heading {\"level\":5} -->\n<h5><span class=\"ez-toc-section\" id=\"Can_a_non_resident_register_an_EU_car_in_Spain\"><\/span>Ar gali Ispanijoje ES automobil\u012f registruoti ne nuolatinis gyventojas?<span class=\"ez-toc-section-end\"><\/span><\/h5>\n<!-- \/wp:heading -->\n\n<!-- wp:paragraph -->\n\nTaip, nor\u0117dami registruoti automobil\u012f su Ispanijos numeriais, neprivalote b\u016bti Ispanijos rezidentas. Jei automobilis apdraustas ir turi atnaujint\u0105 ITV technin\u0119 ap\u017ei\u016br\u0105, galite j\u012f palikti ir naudoti va\u017ein\u0117dami Ispanijos keliais. J\u016bs b\u016bsite registruotas transporto priemon\u0117s valdytojas ir ji tur\u0117s ispani\u0161kus valstybinio numerio \u017eenklus. Taip pat tur\u0117site nuolat atnaujinti keli\u0173 mokest\u012f Ispanijoje.\n\n<!-- \/wp:paragraph -->\n\n<!-- wp:heading {\"level\":6} -->\n<h6><span class=\"ez-toc-section\" id=\"Do_you_offer_the_whole_service_for_Registering_An_EU_Car_In_Spain\"><\/span>Ar teikiate visas ES automobilio registravimo Ispanijoje paslaugas?<span class=\"ez-toc-section-end\"><\/span><\/h6>\n<!-- \/wp:heading -->\n\n<!-- wp:paragraph -->\n\nTaip, m\u016bs\u0173 \u017einiomis, pakrant\u0117je teikiama neprilygstama paslauga, \u012fskaitant NEMOKAM\u0104 ITV i\u0161ankstin\u0119 j\u016bs\u0173 transporto priemon\u0117s patikr\u0105. Daugelis \u012fmoni\u0173 ir gestori\u0173 teigia si\u016blantys ES automobilio registravimo Ispanijoje paslaugas, ta\u010diau daugelis j\u0173 ne\u017eino, kaip paruo\u0161ti automobil\u012f registracijai. <a href=\"https:\/\/share.google\/N2SEjMQSj8RaJAr8b\" target=\"_blank\" rel=\"noopener\">ITV,<\/a> \u0161altinio dalys, priekiniai \u017eibintai, r\u016bko \u017eibintai, atbulin\u0117s eigos \u017eibintai ir priekini\u0173 \u017eibint\u0173 reguliavimas. Jie tikrai nesi\u016blo \"Ficha Technica\" ataskaitos, neu\u017esako ir neatlieka jums ITV, ne\u012fdeda numeri\u0173. Daugeliu atvej\u0173 jie padeda tik su galutiniais dokumentais.\n\n<!-- \/wp:paragraph -->\n<h6><span class=\"ez-toc-section\" id=\"Do_you_need_to_import_duty_VAT_on_an_EU_vehicle_importing_to_Spain\"><\/span>Ar \u012f Ispanij\u0105 importuojamai ES transporto priemonei reikia sumok\u0117ti importo muit\u0105 ir PVM?<span class=\"ez-toc-section-end\"><\/span><\/h6>\nPaprastai ne, i\u0161 ES \u012f Ispanij\u0105 \u012fve\u017eamoms transporto priemon\u0117ms paprastai netaikomi importo muitai. Kad transporto priemon\u0117 b\u016bt\u0173 atleista nuo importo muito ir PVM, ji turi atitikti ES reikalavimus. Tai lengviau padaryti, jei transporto priemon\u0117 registruota j\u016bs\u0173 vardu. Ta\u010diau jei transporto priemon\u0119 k\u0105 tik nusipirkote, reikia pateikti teising\u0105 pardavimo s\u0105skait\u0105 fakt\u016br\u0105.\n<h6><span class=\"ez-toc-section\" id=\"WhatsApp_your_Reg_Number\"><\/span>\"WhatsApp\" j\u016bs\u0173 reg. numeris<span class=\"ez-toc-section-end\"><\/span><\/h6>\n<h2><span class=\"ez-toc-section\" id=\"34_696_337_629\"><\/span><a href=\"https:\/\/wa.me\/+34696337629?text=Please%20send%20me%20a%20free%20quote\" target=\"_blank\" rel=\"noopener\">+34 696 337 629<\/a><span class=\"ez-toc-section-end\"><\/span><\/h2>\n<h6><span class=\"ez-toc-section\" id=\"BOOK_AN_APPOINTMENT_TODAY\"><\/span>U\u017dSISAKYKITE SUSITIKIM\u0104 \u0160IANDIEN<span class=\"ez-toc-section-end\"><\/span><\/h6>\n<a href=\"tel:+34696337629\">\n\nU\u017esisakykite dabar\n<\/a>","protected":false},"excerpt":{"rendered":"<p>Steps for registering an EU car in Spain. This page will give lots of valuable and informative information regards how to register your EU car in Spain. Registering an EU vehicle is usually quite a straight forward process. Generally EU cars have the steering on the left hand side of the car. the headlights point [&hellip;]<\/p>\n","protected":false},"author":1,"featured_media":1626,"parent":0,"menu_order":0,"comment_status":"closed","ping_status":"closed","template":"","meta":{"site-sidebar-layout":"default","site-content-layout":"default","ast-site-content-layout":"default","site-content-style":"default","site-sidebar-style":"default","ast-global-header-display":"","ast-banner-title-visibility":"","ast-main-header-display":"","ast-hfb-above-header-display":"","ast-hfb-below-header-display":"","ast-hfb-mobile-header-display":"","site-post-title":"","ast-breadcrumbs-content":"","ast-featured-img":"","footer-sml-layout":"","ast-disable-related-posts":"","theme-transparent-header-meta":"default","adv-header-id-meta":"","stick-header-meta":"","header-above-stick-meta":"","header-main-stick-meta":"","header-below-stick-meta":"","astra-migrate-meta-layouts":"set","ast-page-background-enabled":"default","ast-page-background-meta":{"desktop":{"background-color":"","background-image":"","background-repeat":"repeat","background-position":"center center","background-size":"auto","background-attachment":"scroll","background-type":"","background-media":"","overlay-type":"","overlay-color":"","overlay-opacity":"","overlay-gradient":""},"tablet":{"background-color":"","background-image":"","background-repeat":"repeat","background-position":"center center","background-size":"auto","background-attachment":"scroll","background-type":"","background-media":"","overlay-type":"","overlay-color":"","overlay-opacity":"","overlay-gradient":""},"mobile":{"background-color":"","background-image":"","background-repeat":"repeat","background-position":"center center","background-size":"auto","background-attachment":"scroll","background-type":"","background-media":"","overlay-type":"","overlay-color":"","overlay-opacity":"","overlay-gradient":""}},"ast-content-background-meta":{"desktop":{"background-color":"var(--ast-global-color-5)","background-image":"","background-repeat":"repeat","background-position":"center center","background-size":"auto","background-attachment":"scroll","background-type":"","background-media":"","overlay-type":"","overlay-color":"","overlay-opacity":"","overlay-gradient":""},"tablet":{"background-color":"var(--ast-global-color-5)","background-image":"","background-repeat":"repeat","background-position":"center center","background-size":"auto","background-attachment":"scroll","background-type":"","background-media":"","overlay-type":"","overlay-color":"","overlay-opacity":"","overlay-gradient":""},"mobile":{"background-color":"var(--ast-global-color-5)","background-image":"","background-repeat":"repeat","background-position":"center center","background-size":"auto","background-attachment":"scroll","background-type":"","background-media":"","overlay-type":"","overlay-color":"","overlay-opacity":"","overlay-gradient":""}},"footnotes":""},"class_list":["post-1977","page","type-page","status-publish","has-post-thumbnail","hentry"],"_links":{"self":[{"href":"https:\/\/vehicleregistrationscostadelsol.com\/lt\/wp-json\/wp\/v2\/pages\/1977","targetHints":{"allow":["GET"]}}],"collection":[{"href":"https:\/\/vehicleregistrationscostadelsol.com\/lt\/wp-json\/wp\/v2\/pages"}],"about":[{"href":"https:\/\/vehicleregistrationscostadelsol.com\/lt\/wp-json\/wp\/v2\/types\/page"}],"author":[{"embeddable":true,"href":"https:\/\/vehicleregistrationscostadelsol.com\/lt\/wp-json\/wp\/v2\/users\/1"}],"replies":[{"embeddable":true,"href":"https:\/\/vehicleregistrationscostadelsol.com\/lt\/wp-json\/wp\/v2\/comments?post=1977"}],"version-history":[{"count":8,"href":"https:\/\/vehicleregistrationscostadelsol.com\/lt\/wp-json\/wp\/v2\/pages\/1977\/revisions"}],"predecessor-version":[{"id":3586,"href":"https:\/\/vehicleregistrationscostadelsol.com\/lt\/wp-json\/wp\/v2\/pages\/1977\/revisions\/3586"}],"wp:featuredmedia":[{"embeddable":true,"href":"https:\/\/vehicleregistrationscostadelsol.com\/lt\/wp-json\/wp\/v2\/media\/1626"}],"wp:attachment":[{"href":"https:\/\/vehicleregistrationscostadelsol.com\/lt\/wp-json\/wp\/v2\/media?parent=1977"}],"curies":[{"name":"wp","href":"https:\/\/api.w.org\/{rel}","templated":true}]}}